{"id":9136,"date":"2016-06-05T23:30:41","date_gmt":"2016-06-05T21:30:41","guid":{"rendered":"https:\/\/neue-herbold.com\/es\/anfragen\/"},"modified":"2019-05-23T17:04:02","modified_gmt":"2019-05-23T15:04:02","slug":"cuestionario-de-piezas-de-repuesto-reparacion-mantenimiento-en-ingles","status":"publish","type":"page","link":"https:\/\/neue-herbold.com\/es\/cuestionario-de-piezas-de-repuesto-reparacion-mantenimiento-en-ingles\/","title":{"rendered":"Cuestionario de Piezas de Repuesto \/ Reparaci\u00f3n \/ Mantenimiento"},"content":{"rendered":"\n<div class=\"wpcf7 no-js\" id=\"wpcf7-f15326-o1\" lang=\"de-DE\" dir=\"ltr\" data-wpcf7-id=\"15326\">\n<div class=\"screen-reader-response\"><p role=\"status\" aria-live=\"polite\" aria-atomic=\"true\"><\/p> <ul><\/ul><\/div>\n<form action=\"\/es\/wp-json\/wp\/v2\/pages\/9136#wpcf7-f15326-o1\" method=\"post\" class=\"wpcf7-form init\" aria-label=\"Kontaktformular\" novalidate=\"novalidate\" data-status=\"init\">\n<div style=\"display: none;\">\n<input type=\"hidden\" name=\"_wpcf7\" value=\"15326\" \/>\n<input type=\"hidden\" name=\"_wpcf7_version\" value=\"6.0.6\" \/>\n<input type=\"hidden\" name=\"_wpcf7_locale\" value=\"de_DE\" \/>\n<input type=\"hidden\" name=\"_wpcf7_unit_tag\" value=\"wpcf7-f15326-o1\" \/>\n<input type=\"hidden\" name=\"_wpcf7_container_post\" value=\"0\" \/>\n<input type=\"hidden\" name=\"_wpcf7_posted_data_hash\" value=\"\" \/>\n<\/div>\n<p><strong><span style=\"color: rgb(255, 0, 0);\">Fax - Hotline:<\/span><\/strong> 00.49.7261.9248.99\n<\/p>\n<p>Cuanta m\u00e1s informaci\u00f3n dispongamos de la aplicaci\u00f3n que requieran, m\u00e1s nos ayudar\u00e1n a ofrecerle el sistema ideal a sus necesidades. Rogamos se tomen un poco de tiempo para rellenar y enviarnos este cuestionario. Estariamos muy agradecidos si rellenasen tantos datos como sea posible porque esta informaci\u00f3n es muy importante para nosotros.\n<\/p>\n<p>Direcci\u00f3n:\n<\/p>\n<p><label> Attn.(*):<br \/>\n<span class=\"wpcf7-form-control-wrap\" data-name=\"attn\"><textarea cols=\"40\" rows=\"6\" maxlength=\"2000\" class=\"wpcf7-form-control wpcf7-textarea\" aria-invalid=\"false\" name=\"attn\"><\/textarea><\/span> <\/label>\n<\/p>\n<p><label> Telf.:<br \/>\n<span class=\"wpcf7-form-control-wrap\" data-name=\"telefon\"><input size=\"40\" maxlength=\"400\" class=\"wpcf7-form-control wpcf7-text\" aria-invalid=\"false\" value=\"\" type=\"text\" name=\"telefon\" \/><\/span> <\/label>\n<\/p>\n<p><label> Fax:<br \/>\n<span class=\"wpcf7-form-control-wrap\" data-name=\"faxnummer\"><input size=\"40\" maxlength=\"400\" class=\"wpcf7-form-control wpcf7-text\" aria-invalid=\"false\" value=\"\" type=\"text\" name=\"faxnummer\" \/><\/span> <\/label>\n<\/p>\n<p><label> Email(*):<br \/>\n<span class=\"wpcf7-form-control-wrap\" data-name=\"e-mail\"><input size=\"40\" maxlength=\"400\" class=\"wpcf7-form-control wpcf7-email wpcf7-validates-as-required wpcf7-text wpcf7-validates-as-email\" aria-required=\"true\" aria-invalid=\"false\" value=\"\" type=\"email\" name=\"e-mail\" \/><\/span> <\/label>\n<\/p>\n<p><label> Tipo de material:<br \/>\n<span class=\"wpcf7-form-control-wrap\" data-name=\"tipo_material\"><input size=\"40\" maxlength=\"400\" class=\"wpcf7-form-control wpcf7-text\" aria-invalid=\"false\" value=\"\" type=\"text\" name=\"tipo_material\" \/><\/span> <\/label>\n<\/p>\n<p><label> Dimensi\u00f3n del material a alimentar:<br \/>\n<span class=\"wpcf7-form-control-wrap\" data-name=\"dimension_material\"><input size=\"40\" maxlength=\"400\" class=\"wpcf7-form-control wpcf7-text\" aria-invalid=\"false\" value=\"\" type=\"text\" name=\"dimension_material\" \/><\/span> <\/label>\n<\/p>\n<p><label> M\u00e1ximo espesor de pared del material a alimentar:<br \/>\n<span class=\"wpcf7-form-control-wrap\" data-name=\"max_espesor\"><input size=\"40\" maxlength=\"400\" class=\"wpcf7-form-control wpcf7-text\" aria-invalid=\"false\" value=\"\" type=\"text\" name=\"max_espesor\" \/><\/span> <\/label>\n<\/p>\n<p><strong> \u00bfEst\u00e1 el material contaminado? <\/strong><br \/>\n<span class=\"wpcf7-form-control-wrap\" data-name=\"contaminacion\"><span class=\"wpcf7-form-control wpcf7-radio\"><span class=\"wpcf7-list-item first\"><input type=\"radio\" name=\"contaminacion\" value=\"Si\" \/><span class=\"wpcf7-list-item-label\">Si<\/span><\/span><span class=\"wpcf7-list-item last\"><input type=\"radio\" name=\"contaminacion\" value=\"No\" checked=\"checked\" \/><span class=\"wpcf7-list-item-label\">No<\/span><\/span><\/span><\/span>\n<\/p>\n<p><label> Si lo est\u00e1, tipo de metal y grado de contaminaci\u00f3n:<br \/>\n<span class=\"wpcf7-form-control-wrap\" data-name=\"tipo_contaminacion\"><input size=\"40\" maxlength=\"400\" class=\"wpcf7-form-control wpcf7-text\" aria-invalid=\"false\" value=\"\" type=\"text\" name=\"tipo_contaminacion\" \/><\/span> <\/label>\n<\/p>\n<p><label> Medidas requeridas del material triturado:<br \/>\n<span class=\"wpcf7-form-control-wrap\" data-name=\"triturado\"><input size=\"40\" maxlength=\"400\" class=\"wpcf7-form-control wpcf7-text\" aria-invalid=\"false\" placeholder=\"mm\" value=\"\" type=\"text\" name=\"triturado\" \/><\/span> <\/label>\n<\/p>\n<p><label> Capacidad requerida:<br \/>\n<span class=\"wpcf7-form-control-wrap\" data-name=\"capacidad_req\"><input size=\"40\" maxlength=\"400\" class=\"wpcf7-form-control wpcf7-text\" aria-invalid=\"false\" placeholder=\"kg \/ h\" value=\"\" type=\"text\" name=\"capacidad_req\" \/><\/span> <\/label>\n<\/p>\n<p><strong> Tipo de alimentaci\u00f3n preferente:<\/strong><br \/>\n<span class=\"wpcf7-form-control-wrap\" data-name=\"alimentacion\"><span class=\"wpcf7-form-control wpcf7-checkbox\"><span class=\"wpcf7-list-item first\"><input type=\"checkbox\" name=\"alimentacion[]\" value=\"manual\" \/><span class=\"wpcf7-list-item-label\">manual<\/span><\/span><span class=\"wpcf7-list-item last\"><input type=\"checkbox\" name=\"alimentacion[]\" value=\"cinta transp.\" \/><span class=\"wpcf7-list-item-label\">cinta transp.<\/span><\/span><\/span><\/span>\n<\/p>\n<p><label> Se requiere insonorizaci\u00f3n:<br \/>\n<span class=\"wpcf7-form-control-wrap\" data-name=\"insonorizacion\"><input size=\"40\" maxlength=\"400\" class=\"wpcf7-form-control wpcf7-text\" aria-invalid=\"false\" value=\"\" type=\"text\" name=\"insonorizacion\" \/><\/span> <\/label>\n<\/p>\n<p><label> Cualquier otra solicitud o informaci\u00f3n que consideren importante:<br \/>\n<span class=\"wpcf7-form-control-wrap\" data-name=\"informacion_importante\"><textarea cols=\"40\" rows=\"6\" maxlength=\"2000\" class=\"wpcf7-form-control wpcf7-textarea\" aria-invalid=\"false\" name=\"informacion_importante\"><\/textarea><\/span> <\/label>\n<\/p>\n<p>Rogamos soliciten nuestro cuestionario especial para lavado \/ reciclado y sistemas de micronizaci\u00f3n de pl\u00e1sticos.\n<\/p>\n<p><span class=\"wpcf7-form-control-wrap\" data-name=\"dse-ok\"><span class=\"wpcf7-form-control wpcf7-acceptance\"><span class=\"wpcf7-list-item\"><label><input type=\"checkbox\" name=\"dse-ok\" value=\"1\" aria-invalid=\"false\" \/><span class=\"wpcf7-list-item-label\"><strong>(*)He le\u00eddo la <a href=\"https:\/\/neue-herbold.com\/es\/privacidad-de-un-vistazo\/\" target=\"_blank\" rel=\"noopener\">pol\u00edtica de privacidad<\/a>. Acepto que mis datos y datos se recopilen y almacenen electr\u00f3nicamente para responder a mi solicitud. Nota: Puede revocar su consentimiento en cualquier momento para el futuro por correo electr\u00f3nico a <a href=\"mailto:info@neue-herbold.de\" rel=\"noopener\">info@neue-herbold.de<\/a>.<\/span><\/label><\/span><\/span><\/span>\n<\/p>\n<p>Los campos marcados con (*) son obligatorios.\n<\/p>\n<p><input class=\"wpcf7-form-control wpcf7-submit has-spinner\" type=\"submit\" value=\"Enviar\" \/>\n<\/p><div class=\"wpcf7-response-output\" aria-hidden=\"true\"><\/div>\n<\/form>\n<\/div>\n\n","protected":false},"excerpt":{"rendered":"<p><span class=\"ellipsis\">&hellip;<\/span><\/p>\n<div class=\"read-more\"><a href=\"https:\/\/neue-herbold.com\/es\/cuestionario-de-piezas-de-repuesto-reparacion-mantenimiento-en-ingles\/\">Leer m\u00e1s \u203a<\/a><\/div>\n<p><!-- end of .read-more --><\/p>\n","protected":false},"author":1,"featured_media":0,"parent":0,"menu_order":0,"comment_status":"closed","ping_status":"closed","template":"","meta":{"footnotes":""},"class_list":["post-9136","page","type-page","status-publish","hentry"],"yoast_head":"<!-- This site is optimized with the Yoast SEO plugin v25.4 - https:\/\/yoast.com\/wordpress\/plugins\/seo\/ -->\n<title>Cuestionario de Piezas de Repuesto \/ Reparaci\u00f3n \/ Mantenimiento - Neue Herbold GmbH<\/title>\n<meta name=\"robots\" content=\"index, follow, max-snippet:-1, max-image-preview:large, max-video-preview:-1\" \/>\n<link rel=\"canonical\" href=\"https:\/\/neue-herbold.com\/es\/cuestionario-de-piezas-de-repuesto-reparacion-mantenimiento-en-ingles\/\" \/>\n<meta property=\"og:locale\" content=\"es_ES\" \/>\n<meta property=\"og:type\" content=\"article\" \/>\n<meta property=\"og:title\" content=\"Cuestionario de Piezas de Repuesto \/ Reparaci\u00f3n \/ Mantenimiento - Neue Herbold GmbH\" \/>\n<meta property=\"og:description\" content=\"&hellip;Leer m\u00e1s \u203a\" \/>\n<meta property=\"og:url\" content=\"https:\/\/neue-herbold.com\/es\/cuestionario-de-piezas-de-repuesto-reparacion-mantenimiento-en-ingles\/\" \/>\n<meta property=\"og:site_name\" content=\"Neue Herbold GmbH\" \/>\n<meta property=\"article:modified_time\" content=\"2019-05-23T15:04:02+00:00\" \/>\n<script type=\"application\/ld+json\" class=\"yoast-schema-graph\">{\"@context\":\"https:\/\/schema.org\",\"@graph\":[{\"@type\":\"WebPage\",\"@id\":\"https:\/\/neue-herbold.com\/es\/cuestionario-de-piezas-de-repuesto-reparacion-mantenimiento-en-ingles\/\",\"url\":\"https:\/\/neue-herbold.com\/es\/cuestionario-de-piezas-de-repuesto-reparacion-mantenimiento-en-ingles\/\",\"name\":\"Cuestionario de Piezas de Repuesto \/ Reparaci\u00f3n \/ Mantenimiento - Neue Herbold GmbH\",\"isPartOf\":{\"@id\":\"https:\/\/neue-herbold.com\/en\/#website\"},\"datePublished\":\"2016-06-05T21:30:41+00:00\",\"dateModified\":\"2019-05-23T15:04:02+00:00\",\"breadcrumb\":{\"@id\":\"https:\/\/neue-herbold.com\/es\/cuestionario-de-piezas-de-repuesto-reparacion-mantenimiento-en-ingles\/#breadcrumb\"},\"inLanguage\":\"es-ES\",\"potentialAction\":[{\"@type\":\"ReadAction\",\"target\":[\"https:\/\/neue-herbold.com\/es\/cuestionario-de-piezas-de-repuesto-reparacion-mantenimiento-en-ingles\/\"]}]},{\"@type\":\"BreadcrumbList\",\"@id\":\"https:\/\/neue-herbold.com\/es\/cuestionario-de-piezas-de-repuesto-reparacion-mantenimiento-en-ingles\/#breadcrumb\",\"itemListElement\":[{\"@type\":\"ListItem\",\"position\":1,\"name\":\"Startseite\",\"item\":\"https:\/\/neue-herbold.com\/es\/\"},{\"@type\":\"ListItem\",\"position\":2,\"name\":\"Cuestionario de Piezas de Repuesto \/ Reparaci\u00f3n \/ Mantenimiento\"}]},{\"@type\":\"WebSite\",\"@id\":\"https:\/\/neue-herbold.com\/en\/#website\",\"url\":\"https:\/\/neue-herbold.com\/en\/\",\"name\":\"Neue Herbold GmbH\",\"description\":\"\",\"potentialAction\":[{\"@type\":\"SearchAction\",\"target\":{\"@type\":\"EntryPoint\",\"urlTemplate\":\"https:\/\/neue-herbold.com\/en\/?s={search_term_string}\"},\"query-input\":{\"@type\":\"PropertyValueSpecification\",\"valueRequired\":true,\"valueName\":\"search_term_string\"}}],\"inLanguage\":\"es-ES\"}]}<\/script>\n<!-- \/ Yoast SEO plugin. -->","yoast_head_json":{"title":"Cuestionario de Piezas de Repuesto \/ Reparaci\u00f3n \/ Mantenimiento - Neue Herbold GmbH","robots":{"index":"index","follow":"follow","max-snippet":"max-snippet:-1","max-image-preview":"max-image-preview:large","max-video-preview":"max-video-preview:-1"},"canonical":"https:\/\/neue-herbold.com\/es\/cuestionario-de-piezas-de-repuesto-reparacion-mantenimiento-en-ingles\/","og_locale":"es_ES","og_type":"article","og_title":"Cuestionario de Piezas de Repuesto \/ Reparaci\u00f3n \/ Mantenimiento - Neue Herbold GmbH","og_description":"&hellip;Leer m\u00e1s \u203a","og_url":"https:\/\/neue-herbold.com\/es\/cuestionario-de-piezas-de-repuesto-reparacion-mantenimiento-en-ingles\/","og_site_name":"Neue Herbold GmbH","article_modified_time":"2019-05-23T15:04:02+00:00","schema":{"@context":"https:\/\/schema.org","@graph":[{"@type":"WebPage","@id":"https:\/\/neue-herbold.com\/es\/cuestionario-de-piezas-de-repuesto-reparacion-mantenimiento-en-ingles\/","url":"https:\/\/neue-herbold.com\/es\/cuestionario-de-piezas-de-repuesto-reparacion-mantenimiento-en-ingles\/","name":"Cuestionario de Piezas de Repuesto \/ Reparaci\u00f3n \/ Mantenimiento - Neue Herbold GmbH","isPartOf":{"@id":"https:\/\/neue-herbold.com\/en\/#website"},"datePublished":"2016-06-05T21:30:41+00:00","dateModified":"2019-05-23T15:04:02+00:00","breadcrumb":{"@id":"https:\/\/neue-herbold.com\/es\/cuestionario-de-piezas-de-repuesto-reparacion-mantenimiento-en-ingles\/#breadcrumb"},"inLanguage":"es-ES","potentialAction":[{"@type":"ReadAction","target":["https:\/\/neue-herbold.com\/es\/cuestionario-de-piezas-de-repuesto-reparacion-mantenimiento-en-ingles\/"]}]},{"@type":"BreadcrumbList","@id":"https:\/\/neue-herbold.com\/es\/cuestionario-de-piezas-de-repuesto-reparacion-mantenimiento-en-ingles\/#breadcrumb","itemListElement":[{"@type":"ListItem","position":1,"name":"Startseite","item":"https:\/\/neue-herbold.com\/es\/"},{"@type":"ListItem","position":2,"name":"Cuestionario de Piezas de Repuesto \/ Reparaci\u00f3n \/ Mantenimiento"}]},{"@type":"WebSite","@id":"https:\/\/neue-herbold.com\/en\/#website","url":"https:\/\/neue-herbold.com\/en\/","name":"Neue Herbold GmbH","description":"","potentialAction":[{"@type":"SearchAction","target":{"@type":"EntryPoint","urlTemplate":"https:\/\/neue-herbold.com\/en\/?s={search_term_string}"},"query-input":{"@type":"PropertyValueSpecification","valueRequired":true,"valueName":"search_term_string"}}],"inLanguage":"es-ES"}]}},"_links":{"self":[{"href":"https:\/\/neue-herbold.com\/es\/wp-json\/wp\/v2\/pages\/9136"}],"collection":[{"href":"https:\/\/neue-herbold.com\/es\/wp-json\/wp\/v2\/pages"}],"about":[{"href":"https:\/\/neue-herbold.com\/es\/wp-json\/wp\/v2\/types\/page"}],"author":[{"embeddable":true,"href":"https:\/\/neue-herbold.com\/es\/wp-json\/wp\/v2\/users\/1"}],"replies":[{"embeddable":true,"href":"https:\/\/neue-herbold.com\/es\/wp-json\/wp\/v2\/comments?post=9136"}],"version-history":[{"count":6,"href":"https:\/\/neue-herbold.com\/es\/wp-json\/wp\/v2\/pages\/9136\/revisions"}],"predecessor-version":[{"id":15343,"href":"https:\/\/neue-herbold.com\/es\/wp-json\/wp\/v2\/pages\/9136\/revisions\/15343"}],"wp:attachment":[{"href":"https:\/\/neue-herbold.com\/es\/wp-json\/wp\/v2\/media?parent=9136"}],"curies":[{"name":"wp","href":"https:\/\/api.w.org\/{rel}","templated":true}]}}