{"id":8959,"date":"2016-06-05T19:59:15","date_gmt":"2016-06-05T17:59:15","guid":{"rendered":"https:\/\/neue-herbold.com\/es\/metallsuchspulen\/"},"modified":"2016-06-05T20:15:15","modified_gmt":"2016-06-05T18:15:15","slug":"bobinas-detectoras-de-metales","status":"publish","type":"page","link":"https:\/\/neue-herbold.com\/es\/bobinas-detectoras-de-metales\/","title":{"rendered":"Bobinas detectoras de metales"},"content":{"rendered":"<p><span style=\"color: #000000;\"><strong><a href=\"https:\/\/neue-herbold.com\/wp-content\/uploads\/2014\/12\/Metallsuchspule-01.jpg\" target=\"_blank\"><img loading=\"lazy\" decoding=\"async\" class=\"alignleft wp-image-3072 size-full\" src=\"https:\/\/neue-herbold.com\/wp-content\/uploads\/2014\/12\/Metallsuchspule-01.jpg\" alt=\"Bobinas detectoras de metales\" width=\"321\" height=\"203\" srcset=\"https:\/\/neue-herbold.com\/wp-content\/uploads\/2014\/12\/Metallsuchspule-01.jpg 321w, https:\/\/neue-herbold.com\/wp-content\/uploads\/2014\/12\/Metallsuchspule-01-300x189.jpg 300w, https:\/\/neue-herbold.com\/wp-content\/uploads\/2014\/12\/Metallsuchspule-01-100x63.jpg 100w, https:\/\/neue-herbold.com\/wp-content\/uploads\/2014\/12\/Metallsuchspule-01-150x94.jpg 150w, https:\/\/neue-herbold.com\/wp-content\/uploads\/2014\/12\/Metallsuchspule-01-200x126.jpg 200w\" sizes=\"(max-width: 321px) 100vw, 321px\" \/><\/a><\/strong><\/span><b><i>Campo de empleo<\/i><\/b><br \/> Bobinas detectoras de metales sirven para reconocer part\u00edculas met\u00e1licas y para proteger instalaciones de trituraci\u00f3n y producci\u00f3n contra deterioro o destrucci\u00f3n a trav\u00e9s de impurezas met\u00e1licas contenidas en el producto de alimentaci\u00f3n.<\/p>\n<div>\n<p class=\"Normal\">Puentes detectores electr\u00f3nicos de metales, no bas\u00e1ndose en un m\u00e9todo magn\u00e9tico sino en un m\u00e9todo inductivo, son apropiados para reconocer seguramente cada clase de metales, es decir, tambi\u00e9n aceros finos o metales no ferrosos.<\/p>\n<p class=\"Normal\">Este tipo reconoce practicamente todos los metales electroconductores.<\/p>\n<\/div>\n<div>\n<p class=\"Normal\"><b><i>T\u00e9cnica \/ principio funcional<\/i><\/b><br \/> En el interior de las bobinas detectoras de metales, el material de moler es penetrado por un campo electromagn\u00e9tico de alta frecuencia. El campo electromagn\u00e9tico emitido por la bobina emisora induce dos voltajes iguales en las bobinas receptoras.<\/p>\n<\/div>\n<p><span style=\"color: #000000;\"><a href=\"https:\/\/neue-herbold.com\/wp-content\/uploads\/2014\/12\/Metallsuchspule-03.jpg\" target=\"_blank\"><img loading=\"lazy\" decoding=\"async\" class=\" wp-image-5876 size-medium alignleft\" src=\"https:\/\/neue-herbold.com\/wp-content\/uploads\/2014\/12\/Metallsuchspule-03-300x259.jpg\" alt=\"\" width=\"300\" height=\"259\" srcset=\"https:\/\/neue-herbold.com\/wp-content\/uploads\/2014\/12\/Metallsuchspule-03-300x259.jpg 300w, https:\/\/neue-herbold.com\/wp-content\/uploads\/2014\/12\/Metallsuchspule-03-100x86.jpg 100w, https:\/\/neue-herbold.com\/wp-content\/uploads\/2014\/12\/Metallsuchspule-03-150x130.jpg 150w, https:\/\/neue-herbold.com\/wp-content\/uploads\/2014\/12\/Metallsuchspule-03-200x173.jpg 200w, https:\/\/neue-herbold.com\/wp-content\/uploads\/2014\/12\/Metallsuchspule-03.jpg 323w\" sizes=\"(max-width: 300px) 100vw, 300px\" \/><\/a><\/span><\/p>\n<div>\n<p><strong><i>Una impureza met\u00e1lica perturba el<br \/> equilibrio dentro de la bobina detectora,<br \/> la diferencia del potencial, form\u00e1ndose <br \/> por eso, es evaluada y transformada en<br \/> un impulso conectador.<\/i><\/strong><\/p>\n<\/div>\n","protected":false},"excerpt":{"rendered":"<p><span style=\"color: #000000;\"><strong><a href=\"https:\/\/neue-herbold.com\/wp-content\/uploads\/2014\/12\/Metallsuchspule-01.jpg\" target=\"_blank\"><img loading=\"lazy\" decoding=\"async\" class=\"alignleft wp-image-3072 size-full\" src=\"https:\/\/neue-herbold.com\/wp-content\/uploads\/2014\/12\/Metallsuchspule-01.jpg\" alt=\"Bobinas detectoras de metales\" width=\"321\" height=\"203\" srcset=\"https:\/\/neue-herbold.com\/wp-content\/uploads\/2014\/12\/Metallsuchspule-01.jpg 321w, https:\/\/neue-herbold.com\/wp-content\/uploads\/2014\/12\/Metallsuchspule-01-300x189.jpg 300w, https:\/\/neue-herbold.com\/wp-content\/uploads\/2014\/12\/Metallsuchspule-01-100x63.jpg 100w, https:\/\/neue-herbold.com\/wp-content\/uploads\/2014\/12\/Metallsuchspule-01-150x94.jpg 150w, https:\/\/neue-herbold.com\/wp-content\/uploads\/2014\/12\/Metallsuchspule-01-200x126.jpg 200w\" sizes=\"(max-width: 321px) 100vw, 321px\" \/><\/a><\/strong><\/span><b><i>Campo de empleo<\/i><\/b><br \/> Bobinas detectoras de metales sirven para reconocer part\u00edculas met\u00e1licas y para proteger instalaciones de trituraci\u00f3n y producci\u00f3n contra deterioro o destrucci\u00f3n a trav\u00e9s de impurezas met\u00e1licas contenidas en el producto de alimentaci\u00f3n.<\/p>\n<p><span class=\"ellipsis\">&hellip;<\/span><\/p>\n<div class=\"read-more\"><a href=\"https:\/\/neue-herbold.com\/es\/bobinas-detectoras-de-metales\/\">Leer m\u00e1s \u203a<\/a><\/div>\n<p><!-- end of .read-more --><\/p>\n","protected":false},"author":1,"featured_media":0,"parent":0,"menu_order":0,"comment_status":"closed","ping_status":"closed","template":"","meta":{"footnotes":""},"class_list":["post-8959","page","type-page","status-publish","hentry"],"yoast_head":"<!-- This site is optimized with the Yoast SEO plugin v25.4 - https:\/\/yoast.com\/wordpress\/plugins\/seo\/ -->\n<title>Bobinas detectoras de metales - Neue Herbold GmbH<\/title>\n<meta name=\"description\" content=\"Bobinas detectoras de metales sirven para reconocer part\u00edculas met\u00e1licas y para proteger instalaciones de trituraci\u00f3n y producci\u00f3n contra deterioro o d\" \/>\n<meta name=\"robots\" content=\"index, follow, max-snippet:-1, max-image-preview:large, max-video-preview:-1\" \/>\n<link rel=\"canonical\" href=\"https:\/\/neue-herbold.com\/es\/bobinas-detectoras-de-metales\/\" \/>\n<meta property=\"og:locale\" content=\"es_ES\" \/>\n<meta property=\"og:type\" content=\"article\" \/>\n<meta property=\"og:title\" content=\"Bobinas detectoras de metales - Neue Herbold GmbH\" \/>\n<meta property=\"og:description\" content=\"Bobinas detectoras de metales sirven para reconocer part\u00edculas met\u00e1licas y para proteger instalaciones de trituraci\u00f3n y producci\u00f3n contra deterioro o d\" \/>\n<meta property=\"og:url\" content=\"https:\/\/neue-herbold.com\/es\/bobinas-detectoras-de-metales\/\" \/>\n<meta property=\"og:site_name\" content=\"Neue Herbold GmbH\" \/>\n<meta property=\"article:modified_time\" content=\"2016-06-05T18:15:15+00:00\" \/>\n<meta property=\"og:image\" content=\"https:\/\/neue-herbold.com\/wp-content\/uploads\/2014\/12\/Metallsuchspule-01.jpg\" \/>\n<meta name=\"twitter:label1\" content=\"Tiempo de lectura\" \/>\n\t<meta name=\"twitter:data1\" content=\"1 minute\" \/>\n<script type=\"application\/ld+json\" class=\"yoast-schema-graph\">{\"@context\":\"https:\/\/schema.org\",\"@graph\":[{\"@type\":\"WebPage\",\"@id\":\"https:\/\/neue-herbold.com\/es\/bobinas-detectoras-de-metales\/\",\"url\":\"https:\/\/neue-herbold.com\/es\/bobinas-detectoras-de-metales\/\",\"name\":\"Bobinas detectoras de metales - Neue Herbold GmbH\",\"isPartOf\":{\"@id\":\"https:\/\/neue-herbold.com\/en\/#website\"},\"primaryImageOfPage\":{\"@id\":\"https:\/\/neue-herbold.com\/es\/bobinas-detectoras-de-metales\/#primaryimage\"},\"image\":{\"@id\":\"https:\/\/neue-herbold.com\/es\/bobinas-detectoras-de-metales\/#primaryimage\"},\"thumbnailUrl\":\"https:\/\/neue-herbold.com\/wp-content\/uploads\/2014\/12\/Metallsuchspule-01.jpg\",\"datePublished\":\"2016-06-05T17:59:15+00:00\",\"dateModified\":\"2016-06-05T18:15:15+00:00\",\"description\":\"Bobinas detectoras de metales sirven para reconocer part\u00edculas met\u00e1licas y para proteger instalaciones de trituraci\u00f3n y producci\u00f3n contra deterioro o d\",\"breadcrumb\":{\"@id\":\"https:\/\/neue-herbold.com\/es\/bobinas-detectoras-de-metales\/#breadcrumb\"},\"inLanguage\":\"es-ES\",\"potentialAction\":[{\"@type\":\"ReadAction\",\"target\":[\"https:\/\/neue-herbold.com\/es\/bobinas-detectoras-de-metales\/\"]}]},{\"@type\":\"ImageObject\",\"inLanguage\":\"es-ES\",\"@id\":\"https:\/\/neue-herbold.com\/es\/bobinas-detectoras-de-metales\/#primaryimage\",\"url\":\"https:\/\/neue-herbold.com\/wp-content\/uploads\/2014\/12\/Metallsuchspule-01.jpg\",\"contentUrl\":\"https:\/\/neue-herbold.com\/wp-content\/uploads\/2014\/12\/Metallsuchspule-01.jpg\"},{\"@type\":\"BreadcrumbList\",\"@id\":\"https:\/\/neue-herbold.com\/es\/bobinas-detectoras-de-metales\/#breadcrumb\",\"itemListElement\":[{\"@type\":\"ListItem\",\"position\":1,\"name\":\"Startseite\",\"item\":\"https:\/\/neue-herbold.com\/es\/\"},{\"@type\":\"ListItem\",\"position\":2,\"name\":\"Bobinas detectoras de metales\"}]},{\"@type\":\"WebSite\",\"@id\":\"https:\/\/neue-herbold.com\/en\/#website\",\"url\":\"https:\/\/neue-herbold.com\/en\/\",\"name\":\"Neue Herbold GmbH\",\"description\":\"\",\"potentialAction\":[{\"@type\":\"SearchAction\",\"target\":{\"@type\":\"EntryPoint\",\"urlTemplate\":\"https:\/\/neue-herbold.com\/en\/?s={search_term_string}\"},\"query-input\":{\"@type\":\"PropertyValueSpecification\",\"valueRequired\":true,\"valueName\":\"search_term_string\"}}],\"inLanguage\":\"es-ES\"}]}<\/script>\n<!-- \/ Yoast SEO plugin. -->","yoast_head_json":{"title":"Bobinas detectoras de metales - Neue Herbold GmbH","description":"Bobinas detectoras de metales sirven para reconocer part\u00edculas met\u00e1licas y para proteger instalaciones de trituraci\u00f3n y producci\u00f3n contra deterioro o d","robots":{"index":"index","follow":"follow","max-snippet":"max-snippet:-1","max-image-preview":"max-image-preview:large","max-video-preview":"max-video-preview:-1"},"canonical":"https:\/\/neue-herbold.com\/es\/bobinas-detectoras-de-metales\/","og_locale":"es_ES","og_type":"article","og_title":"Bobinas detectoras de metales - Neue Herbold GmbH","og_description":"Bobinas detectoras de metales sirven para reconocer part\u00edculas met\u00e1licas y para proteger instalaciones de trituraci\u00f3n y producci\u00f3n contra deterioro o d","og_url":"https:\/\/neue-herbold.com\/es\/bobinas-detectoras-de-metales\/","og_site_name":"Neue Herbold GmbH","article_modified_time":"2016-06-05T18:15:15+00:00","og_image":[{"url":"https:\/\/neue-herbold.com\/wp-content\/uploads\/2014\/12\/Metallsuchspule-01.jpg","type":"","width":"","height":""}],"twitter_misc":{"Tiempo de lectura":"1 minute"},"schema":{"@context":"https:\/\/schema.org","@graph":[{"@type":"WebPage","@id":"https:\/\/neue-herbold.com\/es\/bobinas-detectoras-de-metales\/","url":"https:\/\/neue-herbold.com\/es\/bobinas-detectoras-de-metales\/","name":"Bobinas detectoras de metales - Neue Herbold GmbH","isPartOf":{"@id":"https:\/\/neue-herbold.com\/en\/#website"},"primaryImageOfPage":{"@id":"https:\/\/neue-herbold.com\/es\/bobinas-detectoras-de-metales\/#primaryimage"},"image":{"@id":"https:\/\/neue-herbold.com\/es\/bobinas-detectoras-de-metales\/#primaryimage"},"thumbnailUrl":"https:\/\/neue-herbold.com\/wp-content\/uploads\/2014\/12\/Metallsuchspule-01.jpg","datePublished":"2016-06-05T17:59:15+00:00","dateModified":"2016-06-05T18:15:15+00:00","description":"Bobinas detectoras de metales sirven para reconocer part\u00edculas met\u00e1licas y para proteger instalaciones de trituraci\u00f3n y producci\u00f3n contra deterioro o d","breadcrumb":{"@id":"https:\/\/neue-herbold.com\/es\/bobinas-detectoras-de-metales\/#breadcrumb"},"inLanguage":"es-ES","potentialAction":[{"@type":"ReadAction","target":["https:\/\/neue-herbold.com\/es\/bobinas-detectoras-de-metales\/"]}]},{"@type":"ImageObject","inLanguage":"es-ES","@id":"https:\/\/neue-herbold.com\/es\/bobinas-detectoras-de-metales\/#primaryimage","url":"https:\/\/neue-herbold.com\/wp-content\/uploads\/2014\/12\/Metallsuchspule-01.jpg","contentUrl":"https:\/\/neue-herbold.com\/wp-content\/uploads\/2014\/12\/Metallsuchspule-01.jpg"},{"@type":"BreadcrumbList","@id":"https:\/\/neue-herbold.com\/es\/bobinas-detectoras-de-metales\/#breadcrumb","itemListElement":[{"@type":"ListItem","position":1,"name":"Startseite","item":"https:\/\/neue-herbold.com\/es\/"},{"@type":"ListItem","position":2,"name":"Bobinas detectoras de metales"}]},{"@type":"WebSite","@id":"https:\/\/neue-herbold.com\/en\/#website","url":"https:\/\/neue-herbold.com\/en\/","name":"Neue Herbold GmbH","description":"","potentialAction":[{"@type":"SearchAction","target":{"@type":"EntryPoint","urlTemplate":"https:\/\/neue-herbold.com\/en\/?s={search_term_string}"},"query-input":{"@type":"PropertyValueSpecification","valueRequired":true,"valueName":"search_term_string"}}],"inLanguage":"es-ES"}]}},"_links":{"self":[{"href":"https:\/\/neue-herbold.com\/es\/wp-json\/wp\/v2\/pages\/8959"}],"collection":[{"href":"https:\/\/neue-herbold.com\/es\/wp-json\/wp\/v2\/pages"}],"about":[{"href":"https:\/\/neue-herbold.com\/es\/wp-json\/wp\/v2\/types\/page"}],"author":[{"embeddable":true,"href":"https:\/\/neue-herbold.com\/es\/wp-json\/wp\/v2\/users\/1"}],"replies":[{"embeddable":true,"href":"https:\/\/neue-herbold.com\/es\/wp-json\/wp\/v2\/comments?post=8959"}],"version-history":[{"count":6,"href":"https:\/\/neue-herbold.com\/es\/wp-json\/wp\/v2\/pages\/8959\/revisions"}],"predecessor-version":[{"id":8983,"href":"https:\/\/neue-herbold.com\/es\/wp-json\/wp\/v2\/pages\/8959\/revisions\/8983"}],"wp:attachment":[{"href":"https:\/\/neue-herbold.com\/es\/wp-json\/wp\/v2\/media?parent=8959"}],"curies":[{"name":"wp","href":"https:\/\/api.w.org\/{rel}","templated":true}]}}