{"id":8836,"date":"2016-06-05T18:10:29","date_gmt":"2016-06-05T16:10:29","guid":{"rendered":"https:\/\/neue-herbold.com\/es\/service\/"},"modified":"2017-03-28T21:18:48","modified_gmt":"2017-03-28T19:18:48","slug":"nuestro-servicio","status":"publish","type":"page","link":"https:\/\/neue-herbold.com\/es\/nuestro-servicio\/","title":{"rendered":"Servicio"},"content":{"rendered":"<h4>Servicio de NEUE HERBOLD \u2014 \u00a1vds pueden contar con nosotros! <strong><span style=\"color: #000000;\"><br \/>\n <\/span><\/strong><\/h4>\n<p>Probadas ejecuciones standard o soluciones indivaduales de problemas. Para casi cada necesidad al reciclaje de materiales pl\u00e1sticos nosotros ofrecemos <span style=\"color: #000000;\">eficientes t\u00e9cnicas econ\u00f3micas de trituraci\u00f3n y de reciclaje.<br \/>\n <\/span><\/p>\n<div class=\"su-row\">\n <div class=\"su-column su-column-size-1-2\"><div class=\"su-column-inner su-u-clearfix su-u-trim\">\n<p><strong><em>Nuestras condiciones previas para eso:<\/em><\/strong><\/p>\n<ul>\n<li>familiaridad con procedimientos y productos de los usuarios<\/li>\n<li>t\u00e9cnica muy moderna y m\u00e9todos actuales de construcci\u00f3n<\/li>\n<li>instrumentos flexibles de fabricaci\u00f3n<\/li>\n<\/ul>\n<\/div><\/div> <div class=\"su-column su-column-size-1-2\"><div class=\"su-column-inner su-u-clearfix su-u-trim\">\n<p>&nbsp;<\/p>\n<ul>\n<li>controles esmerados de calidad<\/li>\n<li>competencia, capacidad de inovaci\u00f3n y flexibilidad<\/li>\n<li>asesoramiento confiable de la clientela<\/li>\n<\/ul>\n<\/div><\/div> <\/div>\n<p><span style=\"color: #000000;\"><em><strong>Pues:<\/strong><\/em> <br \/>\n <\/span><\/p>\n<p>Cuanto m\u00e1s alta sea la carga de m\u00e1quinas tanto m\u00e1s importante sea el servicio. Para m\u00e1quinas expuestas a cargas extremas, como nuestros molinos cortantes y sistemas de reciclaje, un desgaste no deja evitarse y perturbaciones nunca <span style=\"color: #000000;\">pueden excluirse completamente.<\/span><\/p>\n<p><strong><em>As\u00ed es \u2026..<\/em><\/strong><\/p>\n<p>Interrupciones t\u00e9cnicas se presentan frecuentemente en momentos muy inadecuados. Sabi\u00e9ndolo, nosotros damos mayor importancia a una reacci\u00f3n pronta y flexible. Para poder ayudar r\u00e1pidamente a los usuarios de nuestras m\u00e1quinas y para evitar tiempos largos de parada, nuestro centro de servicio dispone de colaboradores altamente calificados.<\/p>\n<hr \/>\n<p><em><strong><span style=\"color: #000000;\"><a href=\"https:\/\/neue-herbold.com\/wp-content\/uploads\/2015\/03\/service_bild_messer.jpg\" target=\"_blank\"><img loading=\"lazy\" decoding=\"async\" class=\"alignleft wp-image-4925\" src=\"https:\/\/neue-herbold.com\/wp-content\/uploads\/2015\/03\/service_bild_messer-269x300.jpg\" alt=\"Servicio\" width=\"180\" height=\"201\" srcset=\"https:\/\/neue-herbold.com\/wp-content\/uploads\/2015\/03\/service_bild_messer-269x300.jpg 269w, https:\/\/neue-herbold.com\/wp-content\/uploads\/2015\/03\/service_bild_messer-100x112.jpg 100w, https:\/\/neue-herbold.com\/wp-content\/uploads\/2015\/03\/service_bild_messer-150x168.jpg 150w, https:\/\/neue-herbold.com\/wp-content\/uploads\/2015\/03\/service_bild_messer-200x223.jpg 200w, https:\/\/neue-herbold.com\/wp-content\/uploads\/2015\/03\/service_bild_messer-300x335.jpg 300w, https:\/\/neue-herbold.com\/wp-content\/uploads\/2015\/03\/service_bild_messer.jpg 325w\" sizes=\"(max-width: 180px) 100vw, 180px\" \/><\/a><\/span><\/strong><\/em><strong><em>Sus tareas:<\/em><\/strong><\/p>\n<p><span style=\"color: #000000;\">\u25ba<\/span> Facilitaci\u00f3n de partes de repuesto y de desgaste<br \/>\n (cuchillas de rotor, cuchillas fijas, cuchillas bloque, cribas de repuesto, \u2026)<\/p>\n<p><span style=\"color: #000000;\">\u25ba<\/span> Asesoramiento profesional<\/p>\n<p><span style=\"color: #000000;\">\u25ba<\/span> Servicio de reparaciones \/ servicio de asistencia \/ trabajos de mantenimiento<\/p>\n<p><span style=\"color: #000000;\">\u25ba<\/span> Trabajos de montaje y de puesta en servicio<\/p>\n<hr \/>\n<p>Nuestro almac\u00e9n de piezas de repuesto y de desgaste, asistido por el proceso electr\u00f3nico de datos, garantiza un desarrollo r\u00e1pido de los \u00f3rdenes de clientes. Nosotros examinamos en intervalos regulares el stock referente a su facilidad de venta para disponer nuestras reservas debidamente. Por regla general, partes de repuesto estando en stock son entregadas al d\u00eda de pedido \u2013 por expreso, por transporte a\u00e9reo o, a petici\u00f3n, tambi\u00e9n por servios de mensajer\u00eda \u201cdesk-to-desk\u201d.<\/p>\n<hr \/>\n<h4>Nuestro Servicio:<\/h4>\n<div class=\"su-row\">\n <div class=\"su-column su-column-size-1-3\"><div class=\"su-column-inner su-u-clearfix su-u-trim\">\n<p><strong>Accesorios<\/strong><\/p>\n<p><img loading=\"lazy\" decoding=\"async\" class=\"alignnone wp-image-10288 size-medium\" title=\"NEUE HERBOLD Accesorios \u2013 Estudio\" src=\"https:\/\/neue-herbold.com\/wp-content\/uploads\/2016\/09\/Schneidmuehlen-300x200.jpg\" alt=\"NEUE HERBOLD Accesorios \u2013 Estudio\" width=\"300\" height=\"200\" srcset=\"https:\/\/neue-herbold.com\/wp-content\/uploads\/2016\/09\/Schneidmuehlen.jpg 300w, https:\/\/neue-herbold.com\/wp-content\/uploads\/2016\/09\/Schneidmuehlen-100x67.jpg 100w, https:\/\/neue-herbold.com\/wp-content\/uploads\/2016\/09\/Schneidmuehlen-150x100.jpg 150w, https:\/\/neue-herbold.com\/wp-content\/uploads\/2016\/09\/Schneidmuehlen-200x133.jpg 200w\" sizes=\"(max-width: 300px) 100vw, 300px\" \/><br \/>\n <strong>NEUE HERBOLD<\/strong> Accesorios<\/p>\n<a href=\"https:\/\/neue-herbold.com\/es\/accesorios\/\" class=\"su-button su-button-style-glass\" style=\"color:#FFFFFF;background-color:#001159;border-color:#000e48;border-radius:5px\" target=\"_self\"><span style=\"color:#FFFFFF;padding:0px 16px;font-size:13px;line-height:26px;border-color:#4d598b;border-radius:5px;text-shadow:none\"> m\u00e1s\u2026<\/span><\/a>\n<\/div><\/div>\n <div class=\"su-column su-column-size-1-3\"><div class=\"su-column-inner su-u-clearfix su-u-trim\">\n<p><strong>Partes de repuesto<\/strong><\/p>\n<p><img loading=\"lazy\" decoding=\"async\" class=\"alignnone\" title=\"NEUE HERBOLD Partes de repuesto\" src=\"https:\/\/neue-herbold.com\/wp-content\/uploads\/2014\/12\/Metallsuchspule-01-300x189.jpg\" alt=\"NEUE HERBOLD Partes de repuesto\" width=\"300\" height=\"189\" \/><br \/>\n <strong>NEUE HERBOLD<\/strong> Partes de repuesto<\/p>\n<a href=\"https:\/\/neue-herbold.com\/es\/partes-de-repuesto\" class=\"su-button su-button-style-glass\" style=\"color:#FFFFFF;background-color:#001159;border-color:#000e48;border-radius:5px\" target=\"_self\"><span style=\"color:#FFFFFF;padding:0px 16px;font-size:13px;line-height:26px;border-color:#4d598b;border-radius:5px;text-shadow:none\"> m\u00e1s&#8230;<\/span><\/a>\n<\/div><\/div>\n <div class=\"su-column su-column-size-1-3\"><div class=\"su-column-inner su-u-clearfix su-u-trim\">\n<p><strong>Reparaciones<\/strong><\/p>\n<p><img loading=\"lazy\" decoding=\"async\" class=\"alignnone\" title=\"NEUE HERBOLD Reparaciones\" src=\"https:\/\/neue-herbold.com\/wp-content\/uploads\/2015\/03\/Werkzeug-wechsel-300x200.jpg\" alt=\"NEUE HERBOLD Reparaciones\" width=\"300\" height=\"200\" \/><br \/>\n <strong>NEUE HERBOLD<\/strong> Reparaciones<\/p>\n<a href=\"https:\/\/neue-herbold.com\/es\/reparaciones-de-molinos\" class=\"su-button su-button-style-glass\" style=\"color:#FFFFFF;background-color:#001159;border-color:#000e48;border-radius:5px\" target=\"_self\"><span style=\"color:#FFFFFF;padding:0px 16px;font-size:13px;line-height:26px;border-color:#4d598b;border-radius:5px;text-shadow:none\"> m\u00e1s&#8230;<\/span><\/a>\n<\/div><\/div>\n <\/div>\n<p>&nbsp;<\/p>\n<hr \/>\n<h3 style=\"text-align: center;\"><span style=\"color: #ff0000;\">NUESTRO SERVICIO EN L\u00cdNEA<\/span><\/h3>\n<h3 style=\"text-align: center;\"><span style=\"color: #000000;\">T<span id=\"result_box\" class=\"short_text\" lang=\"es\"><span class=\"\">el\u00e9fono<\/span><\/span>: 07261 \/ 9248-19<\/span><br \/>\n <span style=\"color: #000000;\">Fax: 07261 \/ 9248-98<\/span><\/h3>\n<h4 style=\"text-align: center;\">O aprovechen Vds. nuestros Cuestionarios on-line:<\/h4>\n<p style=\"text-align: center;\"><a href=\"https:\/\/neue-herbold.com\/es\/cuestionario-tecnico\" class=\"su-button su-button-style-glass\" style=\"color:#FFFFFF;background-color:#001159;border-color:#000e48;border-radius:5px\" target=\"__blank\"><span style=\"color:#FFFFFF;padding:0px 16px;font-size:13px;line-height:26px;border-color:#4d598b;border-radius:5px;text-shadow:none\"> T\u00e9cnico<\/span><\/a> <a href=\"https:\/\/neue-herbold.com\/es\/cuestionario-de-piezas-de-repuesto-reparacion-mantenimiento-en-ingles\" class=\"su-button su-button-style-glass\" style=\"color:#FFFFFF;background-color:#001159;border-color:#000e48;border-radius:5px\" target=\"__blank\"><span style=\"color:#FFFFFF;padding:0px 16px;font-size:13px;line-height:26px;border-color:#4d598b;border-radius:5px;text-shadow:none\"> Repuesto <\/span><\/a>\n<p style=\"text-align: center;\">\u00a0<\/p>\n<hr \/>\n<p><span style=\"color: #000000;\">Si Vds. se ponen en contacto con nuestro departamento de servicio, Vds. est\u00e1n unidos directamente con un interlocutor que se encarga de sus intereses. \u00c9l tiene acceso on-line a nuesto sistema de gesti\u00f3n de materiales y as\u00ed est\u00e1 en condiciones de ejecutar \u00f3rdenes de partes de repuesto r\u00e1pidamente. <\/span>\u00c9l dispone de la competencia de aconsejarles en todos los problemas planteados los cuales pueden presentarse durante el funcionamiento de su m\u00e1quina o instalaci\u00f3n. <span style=\"color: #000000;\"><br \/>\n <\/span><\/p>\n<p>No todos los da\u00f1os dejan eliminarse in situ. Algunas reparaci\u00f3n pueden hacerse solamente en nuestro taller de servicio. A petici\u00f3n nosotros delegamos inmediatamente un montador de servicio que, despu\u00e9s de haber averiguado el problema, determina el volumen de reparaci\u00f3n y coordina con Vds. las medidas apropiadas.<\/p>\n<p><strong><em>Hay que tener en cuenta:<\/em><\/strong><br \/>\n A base de nuestras experiencias de muchos a\u00f1os en el sector de la t\u00e9cnica de trituraci\u00f3n nosotros estamos naturalmente en condiciones de ejecutar trabajos de servicio y de reaparaci\u00f3n tambi\u00e9n para fabricados de otros productores.<\/p>\n","protected":false},"excerpt":{"rendered":"<p>Servicio de NEUE HERBOLD \u2014 \u00a1vds pueden contar con nosotros! <strong><span style=\"color: #000000;\"><br \/>\n <\/span><\/strong><\/p>\n<p>Probadas ejecuciones standard o soluciones indivaduales de problemas. Para casi cada necesidad al reciclaje de materiales pl\u00e1sticos nosotros ofrecemos <span style=\"color: #000000;\">eficientes t\u00e9cnicas econ\u00f3micas de trituraci\u00f3n y de reciclaje.<\/span><\/p>\n<p><span class=\"ellipsis\">&hellip;<\/span><\/p>\n<div class=\"read-more\"><a href=\"https:\/\/neue-herbold.com\/es\/nuestro-servicio\/\">Leer m\u00e1s \u203a<\/a><\/div>\n<p><!-- end of .read-more --><\/p>\n","protected":false},"author":1,"featured_media":0,"parent":0,"menu_order":0,"comment_status":"closed","ping_status":"closed","template":"","meta":{"footnotes":""},"class_list":["post-8836","page","type-page","status-publish","hentry"],"yoast_head":"<!-- This site is optimized with the Yoast SEO plugin v25.4 - https:\/\/yoast.com\/wordpress\/plugins\/seo\/ -->\n<title>Servicio - Neue Herbold GmbH<\/title>\n<meta name=\"description\" content=\"SERVICIO DE NEUE HERBOLD \u2014 \u00a1VDS. PUEDEN CONTAR CON NOSOTROS! Probadas ejecuciones standard o soluciones indivaduales de problemas. Para casi cada necesidad\" \/>\n<meta name=\"robots\" content=\"index, follow, max-snippet:-1, max-image-preview:large, max-video-preview:-1\" \/>\n<link rel=\"canonical\" href=\"https:\/\/neue-herbold.com\/es\/nuestro-servicio\/\" \/>\n<meta property=\"og:locale\" content=\"es_ES\" \/>\n<meta property=\"og:type\" content=\"article\" \/>\n<meta property=\"og:title\" content=\"Servicio - Neue Herbold GmbH\" \/>\n<meta property=\"og:description\" content=\"SERVICIO DE NEUE HERBOLD \u2014 \u00a1VDS. PUEDEN CONTAR CON NOSOTROS! Probadas ejecuciones standard o soluciones indivaduales de problemas. Para casi cada necesidad\" \/>\n<meta property=\"og:url\" content=\"https:\/\/neue-herbold.com\/es\/nuestro-servicio\/\" \/>\n<meta property=\"og:site_name\" content=\"Neue Herbold GmbH\" \/>\n<meta property=\"article:modified_time\" content=\"2017-03-28T19:18:48+00:00\" \/>\n<meta property=\"og:image\" content=\"https:\/\/neue-herbold.com\/wp-content\/uploads\/2015\/03\/service_bild_messer-269x300.jpg\" \/>\n<meta name=\"twitter:label1\" content=\"Tiempo de lectura\" \/>\n\t<meta name=\"twitter:data1\" content=\"3 minutes\" \/>\n<script type=\"application\/ld+json\" class=\"yoast-schema-graph\">{\"@context\":\"https:\/\/schema.org\",\"@graph\":[{\"@type\":\"WebPage\",\"@id\":\"https:\/\/neue-herbold.com\/es\/nuestro-servicio\/\",\"url\":\"https:\/\/neue-herbold.com\/es\/nuestro-servicio\/\",\"name\":\"Servicio - Neue Herbold GmbH\",\"isPartOf\":{\"@id\":\"https:\/\/neue-herbold.com\/en\/#website\"},\"primaryImageOfPage\":{\"@id\":\"https:\/\/neue-herbold.com\/es\/nuestro-servicio\/#primaryimage\"},\"image\":{\"@id\":\"https:\/\/neue-herbold.com\/es\/nuestro-servicio\/#primaryimage\"},\"thumbnailUrl\":\"https:\/\/neue-herbold.com\/wp-content\/uploads\/2015\/03\/service_bild_messer-269x300.jpg\",\"datePublished\":\"2016-06-05T16:10:29+00:00\",\"dateModified\":\"2017-03-28T19:18:48+00:00\",\"description\":\"SERVICIO DE NEUE HERBOLD \u2014 \u00a1VDS. PUEDEN CONTAR CON NOSOTROS! Probadas ejecuciones standard o soluciones indivaduales de problemas. Para casi cada necesidad\",\"breadcrumb\":{\"@id\":\"https:\/\/neue-herbold.com\/es\/nuestro-servicio\/#breadcrumb\"},\"inLanguage\":\"es-ES\",\"potentialAction\":[{\"@type\":\"ReadAction\",\"target\":[\"https:\/\/neue-herbold.com\/es\/nuestro-servicio\/\"]}]},{\"@type\":\"ImageObject\",\"inLanguage\":\"es-ES\",\"@id\":\"https:\/\/neue-herbold.com\/es\/nuestro-servicio\/#primaryimage\",\"url\":\"https:\/\/neue-herbold.com\/wp-content\/uploads\/2015\/03\/service_bild_messer-269x300.jpg\",\"contentUrl\":\"https:\/\/neue-herbold.com\/wp-content\/uploads\/2015\/03\/service_bild_messer-269x300.jpg\"},{\"@type\":\"BreadcrumbList\",\"@id\":\"https:\/\/neue-herbold.com\/es\/nuestro-servicio\/#breadcrumb\",\"itemListElement\":[{\"@type\":\"ListItem\",\"position\":1,\"name\":\"Startseite\",\"item\":\"https:\/\/neue-herbold.com\/es\/\"},{\"@type\":\"ListItem\",\"position\":2,\"name\":\"Servicio\"}]},{\"@type\":\"WebSite\",\"@id\":\"https:\/\/neue-herbold.com\/en\/#website\",\"url\":\"https:\/\/neue-herbold.com\/en\/\",\"name\":\"Neue Herbold GmbH\",\"description\":\"\",\"potentialAction\":[{\"@type\":\"SearchAction\",\"target\":{\"@type\":\"EntryPoint\",\"urlTemplate\":\"https:\/\/neue-herbold.com\/en\/?s={search_term_string}\"},\"query-input\":{\"@type\":\"PropertyValueSpecification\",\"valueRequired\":true,\"valueName\":\"search_term_string\"}}],\"inLanguage\":\"es-ES\"}]}<\/script>\n<!-- \/ Yoast SEO plugin. -->","yoast_head_json":{"title":"Servicio - Neue Herbold GmbH","description":"SERVICIO DE NEUE HERBOLD \u2014 \u00a1VDS. PUEDEN CONTAR CON NOSOTROS! Probadas ejecuciones standard o soluciones indivaduales de problemas. Para casi cada necesidad","robots":{"index":"index","follow":"follow","max-snippet":"max-snippet:-1","max-image-preview":"max-image-preview:large","max-video-preview":"max-video-preview:-1"},"canonical":"https:\/\/neue-herbold.com\/es\/nuestro-servicio\/","og_locale":"es_ES","og_type":"article","og_title":"Servicio - Neue Herbold GmbH","og_description":"SERVICIO DE NEUE HERBOLD \u2014 \u00a1VDS. PUEDEN CONTAR CON NOSOTROS! Probadas ejecuciones standard o soluciones indivaduales de problemas. Para casi cada necesidad","og_url":"https:\/\/neue-herbold.com\/es\/nuestro-servicio\/","og_site_name":"Neue Herbold GmbH","article_modified_time":"2017-03-28T19:18:48+00:00","og_image":[{"url":"https:\/\/neue-herbold.com\/wp-content\/uploads\/2015\/03\/service_bild_messer-269x300.jpg","type":"","width":"","height":""}],"twitter_misc":{"Tiempo de lectura":"3 minutes"},"schema":{"@context":"https:\/\/schema.org","@graph":[{"@type":"WebPage","@id":"https:\/\/neue-herbold.com\/es\/nuestro-servicio\/","url":"https:\/\/neue-herbold.com\/es\/nuestro-servicio\/","name":"Servicio - Neue Herbold GmbH","isPartOf":{"@id":"https:\/\/neue-herbold.com\/en\/#website"},"primaryImageOfPage":{"@id":"https:\/\/neue-herbold.com\/es\/nuestro-servicio\/#primaryimage"},"image":{"@id":"https:\/\/neue-herbold.com\/es\/nuestro-servicio\/#primaryimage"},"thumbnailUrl":"https:\/\/neue-herbold.com\/wp-content\/uploads\/2015\/03\/service_bild_messer-269x300.jpg","datePublished":"2016-06-05T16:10:29+00:00","dateModified":"2017-03-28T19:18:48+00:00","description":"SERVICIO DE NEUE HERBOLD \u2014 \u00a1VDS. PUEDEN CONTAR CON NOSOTROS! Probadas ejecuciones standard o soluciones indivaduales de problemas. Para casi cada necesidad","breadcrumb":{"@id":"https:\/\/neue-herbold.com\/es\/nuestro-servicio\/#breadcrumb"},"inLanguage":"es-ES","potentialAction":[{"@type":"ReadAction","target":["https:\/\/neue-herbold.com\/es\/nuestro-servicio\/"]}]},{"@type":"ImageObject","inLanguage":"es-ES","@id":"https:\/\/neue-herbold.com\/es\/nuestro-servicio\/#primaryimage","url":"https:\/\/neue-herbold.com\/wp-content\/uploads\/2015\/03\/service_bild_messer-269x300.jpg","contentUrl":"https:\/\/neue-herbold.com\/wp-content\/uploads\/2015\/03\/service_bild_messer-269x300.jpg"},{"@type":"BreadcrumbList","@id":"https:\/\/neue-herbold.com\/es\/nuestro-servicio\/#breadcrumb","itemListElement":[{"@type":"ListItem","position":1,"name":"Startseite","item":"https:\/\/neue-herbold.com\/es\/"},{"@type":"ListItem","position":2,"name":"Servicio"}]},{"@type":"WebSite","@id":"https:\/\/neue-herbold.com\/en\/#website","url":"https:\/\/neue-herbold.com\/en\/","name":"Neue Herbold GmbH","description":"","potentialAction":[{"@type":"SearchAction","target":{"@type":"EntryPoint","urlTemplate":"https:\/\/neue-herbold.com\/en\/?s={search_term_string}"},"query-input":{"@type":"PropertyValueSpecification","valueRequired":true,"valueName":"search_term_string"}}],"inLanguage":"es-ES"}]}},"_links":{"self":[{"href":"https:\/\/neue-herbold.com\/es\/wp-json\/wp\/v2\/pages\/8836"}],"collection":[{"href":"https:\/\/neue-herbold.com\/es\/wp-json\/wp\/v2\/pages"}],"about":[{"href":"https:\/\/neue-herbold.com\/es\/wp-json\/wp\/v2\/types\/page"}],"author":[{"embeddable":true,"href":"https:\/\/neue-herbold.com\/es\/wp-json\/wp\/v2\/users\/1"}],"replies":[{"embeddable":true,"href":"https:\/\/neue-herbold.com\/es\/wp-json\/wp\/v2\/comments?post=8836"}],"version-history":[{"count":30,"href":"https:\/\/neue-herbold.com\/es\/wp-json\/wp\/v2\/pages\/8836\/revisions"}],"predecessor-version":[{"id":10809,"href":"https:\/\/neue-herbold.com\/es\/wp-json\/wp\/v2\/pages\/8836\/revisions\/10809"}],"wp:attachment":[{"href":"https:\/\/neue-herbold.com\/es\/wp-json\/wp\/v2\/media?parent=8836"}],"curies":[{"name":"wp","href":"https:\/\/api.w.org\/{rel}","templated":true}]}}