{"id":8792,"date":"2016-06-05T16:14:49","date_gmt":"2016-06-05T14:14:49","guid":{"rendered":"https:\/\/neue-herbold.com\/es\/reparaturen-von-recyclinganlagen-und-schneidmuehlen\/"},"modified":"2016-06-14T02:42:49","modified_gmt":"2016-06-14T00:42:49","slug":"reparaciones-de-molinos","status":"publish","type":"page","link":"https:\/\/neue-herbold.com\/es\/reparaciones-de-molinos\/","title":{"rendered":"Reparaciones de molinos cortantes y de instalaciones de reciclaje"},"content":{"rendered":"<p class=\"Normal\"><span style=\"color: #000000;\"><strong><a href=\"https:\/\/neue-herbold.com\/wp-content\/uploads\/2015\/03\/Werkzeug-wechsel.jpg\" target=\"_blank\"><img loading=\"lazy\" decoding=\"async\" class=\"alignleft wp-image-5772 size-medium\" src=\"https:\/\/neue-herbold.com\/wp-content\/uploads\/2015\/03\/Werkzeug-wechsel-300x200.jpg\" alt=\"Reparaciones de molinos\" width=\"300\" height=\"200\" srcset=\"https:\/\/neue-herbold.com\/wp-content\/uploads\/2015\/03\/Werkzeug-wechsel-300x200.jpg 300w, https:\/\/neue-herbold.com\/wp-content\/uploads\/2015\/03\/Werkzeug-wechsel-1024x683.jpg 1024w, https:\/\/neue-herbold.com\/wp-content\/uploads\/2015\/03\/Werkzeug-wechsel-100x67.jpg 100w, https:\/\/neue-herbold.com\/wp-content\/uploads\/2015\/03\/Werkzeug-wechsel-150x100.jpg 150w, https:\/\/neue-herbold.com\/wp-content\/uploads\/2015\/03\/Werkzeug-wechsel-200x133.jpg 200w, https:\/\/neue-herbold.com\/wp-content\/uploads\/2015\/03\/Werkzeug-wechsel-450x300.jpg 450w, https:\/\/neue-herbold.com\/wp-content\/uploads\/2015\/03\/Werkzeug-wechsel-600x400.jpg 600w, https:\/\/neue-herbold.com\/wp-content\/uploads\/2015\/03\/Werkzeug-wechsel-900x600.jpg 900w, https:\/\/neue-herbold.com\/wp-content\/uploads\/2015\/03\/Werkzeug-wechsel.jpg 1200w\" sizes=\"(max-width: 300px) 100vw, 300px\" \/><\/a><\/strong><\/span><b>Nuestro servicio: Reparaciones de molinos cortantes <\/b><\/p>\n<p class=\"Normal\" align=\"justify\">Cuanto m\u00e1s alta la carga de m\u00e1quinas y de instalaciones tanto m\u00e1s importante el servicio. En caso de m\u00e1quinas las cuales, durante el funcionamiento cotidiano, est\u00e1n expuestas a cargas tan extremas como nuestros molinos cortantes y nuestras instalaciones de reciclaje, un degaste no deja evitarse y perturbaciones nunca pueden excluirse.<\/p>\n<p class=\"Normal\" align=\"justify\">No todos los da\u00f1os dejan repararse in situ. Hay muchas reparaciones las cuales nosotros solamente podemos ejecutar en nuestro taller de servicio.<\/p>\n<p class=\"Normal\" align=\"justify\">A petici\u00f3n, nosotros delegamos inmediatamente un montador de servicio el cual, despu\u00e9s de haber analizado el problema, determina el volumen de reparaci\u00f3n y el cual coordina con Vds., conforme a lo convenido, las medidas apropriadas.<\/p>\n<p class=\"Normal\" align=\"justify\"><b><i>Por favor, tengan en cuenta lo siguiete:<\/i><\/b><\/p>\n<p class=\"Normal\" align=\"justify\">A base de nuestras experiencias de muchos a\u00f1os en el sector de la t\u00e9cnica de trituraci\u00f3n, nosotros estamos naturalmente en condiciones de realizar prestaciones de servicio y de ejecutar reparaciones de molinos cortantes y de instalaciones de reciclaje, tambi\u00e9n en caso de fabricados de otros productores.<\/p>\n","protected":false},"excerpt":{"rendered":"<p class=\"Normal\"><span style=\"color: #000000;\"><strong><a href=\"https:\/\/neue-herbold.com\/wp-content\/uploads\/2015\/03\/Werkzeug-wechsel.jpg\" target=\"_blank\"><img loading=\"lazy\" decoding=\"async\" class=\"alignleft wp-image-5772 size-medium\" src=\"https:\/\/neue-herbold.com\/wp-content\/uploads\/2015\/03\/Werkzeug-wechsel-300x200.jpg\" alt=\"Reparaciones de molinos\" width=\"300\" height=\"200\" srcset=\"https:\/\/neue-herbold.com\/wp-content\/uploads\/2015\/03\/Werkzeug-wechsel-300x200.jpg 300w, https:\/\/neue-herbold.com\/wp-content\/uploads\/2015\/03\/Werkzeug-wechsel-1024x683.jpg 1024w, https:\/\/neue-herbold.com\/wp-content\/uploads\/2015\/03\/Werkzeug-wechsel-100x67.jpg 100w, https:\/\/neue-herbold.com\/wp-content\/uploads\/2015\/03\/Werkzeug-wechsel-150x100.jpg 150w, https:\/\/neue-herbold.com\/wp-content\/uploads\/2015\/03\/Werkzeug-wechsel-200x133.jpg 200w, https:\/\/neue-herbold.com\/wp-content\/uploads\/2015\/03\/Werkzeug-wechsel-450x300.jpg 450w, https:\/\/neue-herbold.com\/wp-content\/uploads\/2015\/03\/Werkzeug-wechsel-600x400.jpg 600w, https:\/\/neue-herbold.com\/wp-content\/uploads\/2015\/03\/Werkzeug-wechsel-900x600.jpg 900w, https:\/\/neue-herbold.com\/wp-content\/uploads\/2015\/03\/Werkzeug-wechsel.jpg 1200w\" sizes=\"(max-width: 300px) 100vw, 300px\" \/><\/a><\/strong><\/span><b>Nuestro servicio: Reparaciones de molinos cortantes <\/b><\/p>\n<p class=\"Normal\" align=\"justify\">Cuanto m\u00e1s alta la carga de m\u00e1quinas y de instalaciones tanto m\u00e1s importante el servicio. En caso de m\u00e1quinas las cuales, durante el funcionamiento cotidiano,<\/p>\n<p><span class=\"ellipsis\">&hellip;<\/span><\/p>\n<div class=\"read-more\"><a href=\"https:\/\/neue-herbold.com\/es\/reparaciones-de-molinos\/\">Leer m\u00e1s \u203a<\/a><\/div>\n<p><!-- end of .read-more --><\/p>\n","protected":false},"author":1,"featured_media":0,"parent":0,"menu_order":0,"comment_status":"closed","ping_status":"closed","template":"","meta":{"footnotes":""},"class_list":["post-8792","page","type-page","status-publish","hentry"],"yoast_head":"<!-- This site is optimized with the Yoast SEO plugin v25.4 - https:\/\/yoast.com\/wordpress\/plugins\/seo\/ -->\n<title>Reparaturen von Schneidm\u00fchlen und Recyclinganlagen<\/title>\n<meta name=\"description\" content=\"Reparaciones de molinos cortantes Cuanto m\u00e1s alta la carga de m\u00e1quinas y de instalaciones tanto m\u00e1s importante el servicio. En caso de m\u00e1quinas las cuales\" \/>\n<meta name=\"robots\" content=\"index, follow, max-snippet:-1, max-image-preview:large, max-video-preview:-1\" \/>\n<link rel=\"canonical\" href=\"https:\/\/neue-herbold.com\/es\/reparaciones-de-molinos\/\" \/>\n<meta property=\"og:locale\" content=\"es_ES\" \/>\n<meta property=\"og:type\" content=\"article\" \/>\n<meta property=\"og:title\" content=\"Reparaturen von Schneidm\u00fchlen und Recyclinganlagen\" \/>\n<meta property=\"og:description\" content=\"Reparaciones de molinos cortantes Cuanto m\u00e1s alta la carga de m\u00e1quinas y de instalaciones tanto m\u00e1s importante el servicio. En caso de m\u00e1quinas las cuales\" \/>\n<meta property=\"og:url\" content=\"https:\/\/neue-herbold.com\/es\/reparaciones-de-molinos\/\" \/>\n<meta property=\"og:site_name\" content=\"Neue Herbold GmbH\" \/>\n<meta property=\"article:modified_time\" content=\"2016-06-14T00:42:49+00:00\" \/>\n<meta property=\"og:image\" content=\"https:\/\/neue-herbold.com\/wp-content\/uploads\/2015\/03\/Werkzeug-wechsel-300x200.jpg\" \/>\n<meta name=\"twitter:label1\" content=\"Tiempo de lectura\" \/>\n\t<meta name=\"twitter:data1\" content=\"1 minute\" \/>\n<script type=\"application\/ld+json\" class=\"yoast-schema-graph\">{\"@context\":\"https:\/\/schema.org\",\"@graph\":[{\"@type\":\"WebPage\",\"@id\":\"https:\/\/neue-herbold.com\/es\/reparaciones-de-molinos\/\",\"url\":\"https:\/\/neue-herbold.com\/es\/reparaciones-de-molinos\/\",\"name\":\"Reparaturen von Schneidm\u00fchlen und Recyclinganlagen\",\"isPartOf\":{\"@id\":\"https:\/\/neue-herbold.com\/en\/#website\"},\"primaryImageOfPage\":{\"@id\":\"https:\/\/neue-herbold.com\/es\/reparaciones-de-molinos\/#primaryimage\"},\"image\":{\"@id\":\"https:\/\/neue-herbold.com\/es\/reparaciones-de-molinos\/#primaryimage\"},\"thumbnailUrl\":\"https:\/\/neue-herbold.com\/wp-content\/uploads\/2015\/03\/Werkzeug-wechsel-300x200.jpg\",\"datePublished\":\"2016-06-05T14:14:49+00:00\",\"dateModified\":\"2016-06-14T00:42:49+00:00\",\"description\":\"Reparaciones de molinos cortantes Cuanto m\u00e1s alta la carga de m\u00e1quinas y de instalaciones tanto m\u00e1s importante el servicio. En caso de m\u00e1quinas las cuales\",\"breadcrumb\":{\"@id\":\"https:\/\/neue-herbold.com\/es\/reparaciones-de-molinos\/#breadcrumb\"},\"inLanguage\":\"es-ES\",\"potentialAction\":[{\"@type\":\"ReadAction\",\"target\":[\"https:\/\/neue-herbold.com\/es\/reparaciones-de-molinos\/\"]}]},{\"@type\":\"ImageObject\",\"inLanguage\":\"es-ES\",\"@id\":\"https:\/\/neue-herbold.com\/es\/reparaciones-de-molinos\/#primaryimage\",\"url\":\"https:\/\/neue-herbold.com\/wp-content\/uploads\/2015\/03\/Werkzeug-wechsel-300x200.jpg\",\"contentUrl\":\"https:\/\/neue-herbold.com\/wp-content\/uploads\/2015\/03\/Werkzeug-wechsel-300x200.jpg\"},{\"@type\":\"BreadcrumbList\",\"@id\":\"https:\/\/neue-herbold.com\/es\/reparaciones-de-molinos\/#breadcrumb\",\"itemListElement\":[{\"@type\":\"ListItem\",\"position\":1,\"name\":\"Startseite\",\"item\":\"https:\/\/neue-herbold.com\/es\/\"},{\"@type\":\"ListItem\",\"position\":2,\"name\":\"Reparaciones de molinos cortantes y de instalaciones de reciclaje\"}]},{\"@type\":\"WebSite\",\"@id\":\"https:\/\/neue-herbold.com\/en\/#website\",\"url\":\"https:\/\/neue-herbold.com\/en\/\",\"name\":\"Neue Herbold GmbH\",\"description\":\"\",\"potentialAction\":[{\"@type\":\"SearchAction\",\"target\":{\"@type\":\"EntryPoint\",\"urlTemplate\":\"https:\/\/neue-herbold.com\/en\/?s={search_term_string}\"},\"query-input\":{\"@type\":\"PropertyValueSpecification\",\"valueRequired\":true,\"valueName\":\"search_term_string\"}}],\"inLanguage\":\"es-ES\"}]}<\/script>\n<!-- \/ Yoast SEO plugin. -->","yoast_head_json":{"title":"Reparaturen von Schneidm\u00fchlen und Recyclinganlagen","description":"Reparaciones de molinos cortantes Cuanto m\u00e1s alta la carga de m\u00e1quinas y de instalaciones tanto m\u00e1s importante el servicio. En caso de m\u00e1quinas las cuales","robots":{"index":"index","follow":"follow","max-snippet":"max-snippet:-1","max-image-preview":"max-image-preview:large","max-video-preview":"max-video-preview:-1"},"canonical":"https:\/\/neue-herbold.com\/es\/reparaciones-de-molinos\/","og_locale":"es_ES","og_type":"article","og_title":"Reparaturen von Schneidm\u00fchlen und Recyclinganlagen","og_description":"Reparaciones de molinos cortantes Cuanto m\u00e1s alta la carga de m\u00e1quinas y de instalaciones tanto m\u00e1s importante el servicio. En caso de m\u00e1quinas las cuales","og_url":"https:\/\/neue-herbold.com\/es\/reparaciones-de-molinos\/","og_site_name":"Neue Herbold GmbH","article_modified_time":"2016-06-14T00:42:49+00:00","og_image":[{"url":"https:\/\/neue-herbold.com\/wp-content\/uploads\/2015\/03\/Werkzeug-wechsel-300x200.jpg","type":"","width":"","height":""}],"twitter_misc":{"Tiempo de lectura":"1 minute"},"schema":{"@context":"https:\/\/schema.org","@graph":[{"@type":"WebPage","@id":"https:\/\/neue-herbold.com\/es\/reparaciones-de-molinos\/","url":"https:\/\/neue-herbold.com\/es\/reparaciones-de-molinos\/","name":"Reparaturen von Schneidm\u00fchlen und Recyclinganlagen","isPartOf":{"@id":"https:\/\/neue-herbold.com\/en\/#website"},"primaryImageOfPage":{"@id":"https:\/\/neue-herbold.com\/es\/reparaciones-de-molinos\/#primaryimage"},"image":{"@id":"https:\/\/neue-herbold.com\/es\/reparaciones-de-molinos\/#primaryimage"},"thumbnailUrl":"https:\/\/neue-herbold.com\/wp-content\/uploads\/2015\/03\/Werkzeug-wechsel-300x200.jpg","datePublished":"2016-06-05T14:14:49+00:00","dateModified":"2016-06-14T00:42:49+00:00","description":"Reparaciones de molinos cortantes Cuanto m\u00e1s alta la carga de m\u00e1quinas y de instalaciones tanto m\u00e1s importante el servicio. En caso de m\u00e1quinas las cuales","breadcrumb":{"@id":"https:\/\/neue-herbold.com\/es\/reparaciones-de-molinos\/#breadcrumb"},"inLanguage":"es-ES","potentialAction":[{"@type":"ReadAction","target":["https:\/\/neue-herbold.com\/es\/reparaciones-de-molinos\/"]}]},{"@type":"ImageObject","inLanguage":"es-ES","@id":"https:\/\/neue-herbold.com\/es\/reparaciones-de-molinos\/#primaryimage","url":"https:\/\/neue-herbold.com\/wp-content\/uploads\/2015\/03\/Werkzeug-wechsel-300x200.jpg","contentUrl":"https:\/\/neue-herbold.com\/wp-content\/uploads\/2015\/03\/Werkzeug-wechsel-300x200.jpg"},{"@type":"BreadcrumbList","@id":"https:\/\/neue-herbold.com\/es\/reparaciones-de-molinos\/#breadcrumb","itemListElement":[{"@type":"ListItem","position":1,"name":"Startseite","item":"https:\/\/neue-herbold.com\/es\/"},{"@type":"ListItem","position":2,"name":"Reparaciones de molinos cortantes y de instalaciones de reciclaje"}]},{"@type":"WebSite","@id":"https:\/\/neue-herbold.com\/en\/#website","url":"https:\/\/neue-herbold.com\/en\/","name":"Neue Herbold GmbH","description":"","potentialAction":[{"@type":"SearchAction","target":{"@type":"EntryPoint","urlTemplate":"https:\/\/neue-herbold.com\/en\/?s={search_term_string}"},"query-input":{"@type":"PropertyValueSpecification","valueRequired":true,"valueName":"search_term_string"}}],"inLanguage":"es-ES"}]}},"_links":{"self":[{"href":"https:\/\/neue-herbold.com\/es\/wp-json\/wp\/v2\/pages\/8792"}],"collection":[{"href":"https:\/\/neue-herbold.com\/es\/wp-json\/wp\/v2\/pages"}],"about":[{"href":"https:\/\/neue-herbold.com\/es\/wp-json\/wp\/v2\/types\/page"}],"author":[{"embeddable":true,"href":"https:\/\/neue-herbold.com\/es\/wp-json\/wp\/v2\/users\/1"}],"replies":[{"embeddable":true,"href":"https:\/\/neue-herbold.com\/es\/wp-json\/wp\/v2\/comments?post=8792"}],"version-history":[{"count":3,"href":"https:\/\/neue-herbold.com\/es\/wp-json\/wp\/v2\/pages\/8792\/revisions"}],"predecessor-version":[{"id":9899,"href":"https:\/\/neue-herbold.com\/es\/wp-json\/wp\/v2\/pages\/8792\/revisions\/9899"}],"wp:attachment":[{"href":"https:\/\/neue-herbold.com\/es\/wp-json\/wp\/v2\/media?parent=8792"}],"curies":[{"name":"wp","href":"https:\/\/api.w.org\/{rel}","templated":true}]}}