{"id":8753,"date":"2016-06-05T15:36:45","date_gmt":"2016-06-05T13:36:45","guid":{"rendered":"https:\/\/neue-herbold.com\/es\/ersatzteile\/"},"modified":"2024-10-17T17:21:53","modified_gmt":"2024-10-17T15:21:53","slug":"partes-de-repuesto","status":"publish","type":"page","link":"https:\/\/neue-herbold.com\/es\/partes-de-repuesto\/","title":{"rendered":"Partes de repuesto"},"content":{"rendered":"<p class=\"Normal\" align=\"justify\"><strong>Nuestro almac\u00e9n de partes de repuesto y de partes de desgaste, asistido por el proceso electr\u00f3nico de datos, garantiza una ejecuci\u00f3n r\u00e1pida de las \u00f3rdenes de clientes.<\/strong><\/p>\n<p class=\"Normal\" align=\"justify\">Nosotros analizamos con regularidad las existencias de almac\u00e9n referente a su facilidad de venta para poder disponer nuestras reservas debidamente.<\/p>\n<p>Tenemos en stock las piezas de repuesto y de desgaste m\u00e1s comunes para nuestros granuladores \/ trituradores, como cuchillas del rotor, cuchillas del estator, barras de presi\u00f3n de las cuchillas, tamices, insertos de tamices, correas trapezoidales, rodamientos de bolas, discos de trituraci\u00f3n, anillos dentados, etc,<\/p>\n<p>martillos de impacto, etc. en stock. Si las piezas de recambio que necesita no est\u00e1n en stock, nos esforzaremos por fabric\u00e1rselas lo antes posible.<\/p>\n<p class=\"Normal\" align=\"justify\">Partes de repuesto que tenemos en almac\u00e9n, nostros las entregamos, por regla general, al dia de pedido mediante expr\u00e9s, por medio de transporte a\u00e9reo o, a petici\u00f3n, tambi\u00e9n mediante servicios de mensajer\u00eda \u201edesk-to-desk\u201c.<\/p>\n<table style=\"border-collapse: collapse; width: 100%;\">\n<tbody>\n<tr>\n<td style=\"width: 50%;\"><a href=\"https:\/\/neue-herbold.com\/wp-content\/uploads\/2015\/03\/service_bild_lagerhaltung.jpg\" target=\"_blank\" rel=\"noopener\"><img loading=\"lazy\" decoding=\"async\" class=\"alignleft wp-image-4924 size-medium\" src=\"https:\/\/neue-herbold.com\/wp-content\/uploads\/2015\/03\/service_bild_lagerhaltung-300x271.jpg\" alt=\"Ersatzteile - Lager\" width=\"300\" height=\"271\" srcset=\"https:\/\/neue-herbold.com\/wp-content\/uploads\/2015\/03\/service_bild_lagerhaltung-300x271.jpg 300w, https:\/\/neue-herbold.com\/wp-content\/uploads\/2015\/03\/service_bild_lagerhaltung-100x90.jpg 100w, https:\/\/neue-herbold.com\/wp-content\/uploads\/2015\/03\/service_bild_lagerhaltung-150x135.jpg 150w, https:\/\/neue-herbold.com\/wp-content\/uploads\/2015\/03\/service_bild_lagerhaltung-200x180.jpg 200w, https:\/\/neue-herbold.com\/wp-content\/uploads\/2015\/03\/service_bild_lagerhaltung.jpg 316w\" sizes=\"(max-width: 300px) 100vw, 300px\" \/><\/a><\/td>\n<td style=\"width: 50%;\">Partes de repuesto &#8211; rotores en stock<\/td>\n<\/tr>\n<tr>\n<td style=\"width: 50%;\"><img loading=\"lazy\" decoding=\"async\" class=\"alignnone wp-image-13851 size-medium\" src=\"https:\/\/neue-herbold.com\/wp-content\/uploads\/2015\/03\/zahnringe_pulverizer-discs-300x225.jpg\" alt=\"\" width=\"300\" height=\"225\" srcset=\"https:\/\/neue-herbold.com\/wp-content\/uploads\/2015\/03\/zahnringe_pulverizer-discs-300x225.jpg 300w, https:\/\/neue-herbold.com\/wp-content\/uploads\/2015\/03\/zahnringe_pulverizer-discs-100x75.jpg 100w, https:\/\/neue-herbold.com\/wp-content\/uploads\/2015\/03\/zahnringe_pulverizer-discs-150x113.jpg 150w, https:\/\/neue-herbold.com\/wp-content\/uploads\/2015\/03\/zahnringe_pulverizer-discs-200x150.jpg 200w, https:\/\/neue-herbold.com\/wp-content\/uploads\/2015\/03\/zahnringe_pulverizer-discs.jpg 312w\" sizes=\"(max-width: 300px) 100vw, 300px\" \/><\/td>\n<td style=\"width: 50%;\">Discos abrasivos \/ discos dentados<\/td>\n<\/tr>\n<tr>\n<td style=\"width: 50%;\"><img loading=\"lazy\" decoding=\"async\" class=\"alignnone size-medium wp-image-4926\" src=\"https:\/\/neue-herbold.com\/wp-content\/uploads\/2015\/03\/service_bild_siebe-297x300.jpg\" alt=\"\" width=\"297\" height=\"300\" srcset=\"https:\/\/neue-herbold.com\/wp-content\/uploads\/2015\/03\/service_bild_siebe-297x300.jpg 297w, https:\/\/neue-herbold.com\/wp-content\/uploads\/2015\/03\/service_bild_siebe-100x101.jpg 100w, https:\/\/neue-herbold.com\/wp-content\/uploads\/2015\/03\/service_bild_siebe-150x151.jpg 150w, https:\/\/neue-herbold.com\/wp-content\/uploads\/2015\/03\/service_bild_siebe-200x202.jpg 200w, https:\/\/neue-herbold.com\/wp-content\/uploads\/2015\/03\/service_bild_siebe-300x303.jpg 300w, https:\/\/neue-herbold.com\/wp-content\/uploads\/2015\/03\/service_bild_siebe.jpg 301w\" sizes=\"(max-width: 297px) 100vw, 297px\" \/><\/td>\n<td style=\"width: 50%;\">Tamices de molino \/ insertos de tamiz<\/td>\n<\/tr>\n<tr>\n<td style=\"width: 50%;\">\n<p><img loading=\"lazy\" decoding=\"async\" class=\"alignnone wp-image-4925 size-medium\" src=\"https:\/\/neue-herbold.com\/wp-content\/uploads\/2015\/03\/service_bild_messer-269x300.jpg\" alt=\"\" width=\"269\" height=\"300\" srcset=\"https:\/\/neue-herbold.com\/wp-content\/uploads\/2015\/03\/service_bild_messer-269x300.jpg 269w, https:\/\/neue-herbold.com\/wp-content\/uploads\/2015\/03\/service_bild_messer-100x112.jpg 100w, https:\/\/neue-herbold.com\/wp-content\/uploads\/2015\/03\/service_bild_messer-150x168.jpg 150w, https:\/\/neue-herbold.com\/wp-content\/uploads\/2015\/03\/service_bild_messer-200x223.jpg 200w, https:\/\/neue-herbold.com\/wp-content\/uploads\/2015\/03\/service_bild_messer-300x335.jpg 300w, https:\/\/neue-herbold.com\/wp-content\/uploads\/2015\/03\/service_bild_messer.jpg 325w\" sizes=\"(max-width: 269px) 100vw, 269px\" \/><\/p>\n<\/td>\n<td style=\"width: 50%;\">Cuchilla \/ cuchilla del rotor \/ cuchilla del estator<\/td>\n<\/tr>\n<\/tbody>\n<\/table>\n<p><span style=\"color: #000000;\"><span id=\"result_box\" class=\"\" lang=\"es\">Caso que Vds. se pongan en contacto con nuestro departamento de servicio, Vds. est\u00e1n conectados directamente con un interlocutor el cual se encarga de sus intereses. El mismo tiene acceso on-line a nuestro sistema de gesti\u00f3n de materiales y por lo tanto est\u00e1 en condiciones de ejecutar r\u00e1pidamente los pedidos de partes de repuesto. Tambi\u00e9n \u00e9l tiene la competencia de aconsejarles a Vds. referente a todas las cuestiones que pueden presentarse durante el funcionamiento de su m\u00e1quina o de su sistema.<br \/>\n<\/span><\/span><\/p>\n<p><strong><a href=\"https:\/\/neue-herbold.com\/es\/personas-de-contacto\/\">Lista de todos los interlocutores a la empresa NEUE HERBOLD<\/a><\/strong><\/p>\n<p><strong><a href=\"https:\/\/neue-herbold.com\/es\/cuestionario-de-piezas-de-repuesto-reparacion-mantenimiento-en-ingles\/\">Cuestionario: Parte de repuesto \/ Reparaci\u00f3n \/ Mantenimiento<\/a><\/strong><\/p>\n","protected":false},"excerpt":{"rendered":"<p class=\"Normal\" align=\"justify\"><strong>Nuestro almac\u00e9n de partes de repuesto y de partes de desgaste, asistido por el proceso electr\u00f3nico de datos, garantiza una ejecuci\u00f3n r\u00e1pida de las \u00f3rdenes de clientes.<\/strong><\/p>\n<p class=\"Normal\" align=\"justify\">Nosotros analizamos con regularidad las existencias de almac\u00e9n referente a su facilidad de venta para poder disponer nuestras reservas debidamente.<\/p>\n<p><span class=\"ellipsis\">&hellip;<\/span><\/p>\n<div class=\"read-more\"><a href=\"https:\/\/neue-herbold.com\/es\/partes-de-repuesto\/\">Leer m\u00e1s \u203a<\/a><\/div>\n<p><!-- end of .read-more --><\/p>\n","protected":false},"author":1,"featured_media":0,"parent":0,"menu_order":0,"comment_status":"closed","ping_status":"closed","template":"","meta":{"footnotes":""},"class_list":["post-8753","page","type-page","status-publish","hentry"],"yoast_head":"<!-- This site is optimized with the Yoast SEO plugin v25.4 - https:\/\/yoast.com\/wordpress\/plugins\/seo\/ -->\n<title>Partes de repuesto - Neue Herbold GmbH<\/title>\n<meta name=\"description\" content=\"Nuestro almac\u00e9n de partes de repuesto y de partes de desgaste, asistido por el proceso electr\u00f3nico de datos, garantiza una ejecuci\u00f3n r\u00e1pida de las \u00f3rdenes\" \/>\n<meta name=\"robots\" content=\"index, follow, max-snippet:-1, max-image-preview:large, max-video-preview:-1\" \/>\n<link rel=\"canonical\" href=\"https:\/\/neue-herbold.com\/es\/partes-de-repuesto\/\" \/>\n<meta property=\"og:locale\" content=\"es_ES\" \/>\n<meta property=\"og:type\" content=\"article\" \/>\n<meta property=\"og:title\" content=\"Partes de repuesto - Neue Herbold GmbH\" \/>\n<meta property=\"og:description\" content=\"Nuestro almac\u00e9n de partes de repuesto y de partes de desgaste, asistido por el proceso electr\u00f3nico de datos, garantiza una ejecuci\u00f3n r\u00e1pida de las \u00f3rdenes\" \/>\n<meta property=\"og:url\" content=\"https:\/\/neue-herbold.com\/es\/partes-de-repuesto\/\" \/>\n<meta property=\"og:site_name\" content=\"Neue Herbold GmbH\" \/>\n<meta property=\"article:modified_time\" content=\"2024-10-17T15:21:53+00:00\" \/>\n<meta property=\"og:image\" content=\"https:\/\/neue-herbold.com\/wp-content\/uploads\/2015\/03\/service_bild_lagerhaltung-300x271.jpg\" \/>\n<meta name=\"twitter:label1\" content=\"Tiempo de lectura\" \/>\n\t<meta name=\"twitter:data1\" content=\"3 minutes\" \/>\n<script type=\"application\/ld+json\" class=\"yoast-schema-graph\">{\"@context\":\"https:\/\/schema.org\",\"@graph\":[{\"@type\":\"WebPage\",\"@id\":\"https:\/\/neue-herbold.com\/es\/partes-de-repuesto\/\",\"url\":\"https:\/\/neue-herbold.com\/es\/partes-de-repuesto\/\",\"name\":\"Partes de repuesto - Neue Herbold GmbH\",\"isPartOf\":{\"@id\":\"https:\/\/neue-herbold.com\/en\/#website\"},\"primaryImageOfPage\":{\"@id\":\"https:\/\/neue-herbold.com\/es\/partes-de-repuesto\/#primaryimage\"},\"image\":{\"@id\":\"https:\/\/neue-herbold.com\/es\/partes-de-repuesto\/#primaryimage\"},\"thumbnailUrl\":\"https:\/\/neue-herbold.com\/wp-content\/uploads\/2015\/03\/service_bild_lagerhaltung-300x271.jpg\",\"datePublished\":\"2016-06-05T13:36:45+00:00\",\"dateModified\":\"2024-10-17T15:21:53+00:00\",\"description\":\"Nuestro almac\u00e9n de partes de repuesto y de partes de desgaste, asistido por el proceso electr\u00f3nico de datos, garantiza una ejecuci\u00f3n r\u00e1pida de las \u00f3rdenes\",\"breadcrumb\":{\"@id\":\"https:\/\/neue-herbold.com\/es\/partes-de-repuesto\/#breadcrumb\"},\"inLanguage\":\"es-ES\",\"potentialAction\":[{\"@type\":\"ReadAction\",\"target\":[\"https:\/\/neue-herbold.com\/es\/partes-de-repuesto\/\"]}]},{\"@type\":\"ImageObject\",\"inLanguage\":\"es-ES\",\"@id\":\"https:\/\/neue-herbold.com\/es\/partes-de-repuesto\/#primaryimage\",\"url\":\"https:\/\/neue-herbold.com\/wp-content\/uploads\/2015\/03\/service_bild_lagerhaltung-300x271.jpg\",\"contentUrl\":\"https:\/\/neue-herbold.com\/wp-content\/uploads\/2015\/03\/service_bild_lagerhaltung-300x271.jpg\"},{\"@type\":\"BreadcrumbList\",\"@id\":\"https:\/\/neue-herbold.com\/es\/partes-de-repuesto\/#breadcrumb\",\"itemListElement\":[{\"@type\":\"ListItem\",\"position\":1,\"name\":\"Startseite\",\"item\":\"https:\/\/neue-herbold.com\/es\/\"},{\"@type\":\"ListItem\",\"position\":2,\"name\":\"Partes de repuesto\"}]},{\"@type\":\"WebSite\",\"@id\":\"https:\/\/neue-herbold.com\/en\/#website\",\"url\":\"https:\/\/neue-herbold.com\/en\/\",\"name\":\"Neue Herbold GmbH\",\"description\":\"\",\"potentialAction\":[{\"@type\":\"SearchAction\",\"target\":{\"@type\":\"EntryPoint\",\"urlTemplate\":\"https:\/\/neue-herbold.com\/en\/?s={search_term_string}\"},\"query-input\":{\"@type\":\"PropertyValueSpecification\",\"valueRequired\":true,\"valueName\":\"search_term_string\"}}],\"inLanguage\":\"es-ES\"}]}<\/script>\n<!-- \/ Yoast SEO plugin. -->","yoast_head_json":{"title":"Partes de repuesto - Neue Herbold GmbH","description":"Nuestro almac\u00e9n de partes de repuesto y de partes de desgaste, asistido por el proceso electr\u00f3nico de datos, garantiza una ejecuci\u00f3n r\u00e1pida de las \u00f3rdenes","robots":{"index":"index","follow":"follow","max-snippet":"max-snippet:-1","max-image-preview":"max-image-preview:large","max-video-preview":"max-video-preview:-1"},"canonical":"https:\/\/neue-herbold.com\/es\/partes-de-repuesto\/","og_locale":"es_ES","og_type":"article","og_title":"Partes de repuesto - Neue Herbold GmbH","og_description":"Nuestro almac\u00e9n de partes de repuesto y de partes de desgaste, asistido por el proceso electr\u00f3nico de datos, garantiza una ejecuci\u00f3n r\u00e1pida de las \u00f3rdenes","og_url":"https:\/\/neue-herbold.com\/es\/partes-de-repuesto\/","og_site_name":"Neue Herbold GmbH","article_modified_time":"2024-10-17T15:21:53+00:00","og_image":[{"url":"https:\/\/neue-herbold.com\/wp-content\/uploads\/2015\/03\/service_bild_lagerhaltung-300x271.jpg","type":"","width":"","height":""}],"twitter_misc":{"Tiempo de lectura":"3 minutes"},"schema":{"@context":"https:\/\/schema.org","@graph":[{"@type":"WebPage","@id":"https:\/\/neue-herbold.com\/es\/partes-de-repuesto\/","url":"https:\/\/neue-herbold.com\/es\/partes-de-repuesto\/","name":"Partes de repuesto - Neue Herbold GmbH","isPartOf":{"@id":"https:\/\/neue-herbold.com\/en\/#website"},"primaryImageOfPage":{"@id":"https:\/\/neue-herbold.com\/es\/partes-de-repuesto\/#primaryimage"},"image":{"@id":"https:\/\/neue-herbold.com\/es\/partes-de-repuesto\/#primaryimage"},"thumbnailUrl":"https:\/\/neue-herbold.com\/wp-content\/uploads\/2015\/03\/service_bild_lagerhaltung-300x271.jpg","datePublished":"2016-06-05T13:36:45+00:00","dateModified":"2024-10-17T15:21:53+00:00","description":"Nuestro almac\u00e9n de partes de repuesto y de partes de desgaste, asistido por el proceso electr\u00f3nico de datos, garantiza una ejecuci\u00f3n r\u00e1pida de las \u00f3rdenes","breadcrumb":{"@id":"https:\/\/neue-herbold.com\/es\/partes-de-repuesto\/#breadcrumb"},"inLanguage":"es-ES","potentialAction":[{"@type":"ReadAction","target":["https:\/\/neue-herbold.com\/es\/partes-de-repuesto\/"]}]},{"@type":"ImageObject","inLanguage":"es-ES","@id":"https:\/\/neue-herbold.com\/es\/partes-de-repuesto\/#primaryimage","url":"https:\/\/neue-herbold.com\/wp-content\/uploads\/2015\/03\/service_bild_lagerhaltung-300x271.jpg","contentUrl":"https:\/\/neue-herbold.com\/wp-content\/uploads\/2015\/03\/service_bild_lagerhaltung-300x271.jpg"},{"@type":"BreadcrumbList","@id":"https:\/\/neue-herbold.com\/es\/partes-de-repuesto\/#breadcrumb","itemListElement":[{"@type":"ListItem","position":1,"name":"Startseite","item":"https:\/\/neue-herbold.com\/es\/"},{"@type":"ListItem","position":2,"name":"Partes de repuesto"}]},{"@type":"WebSite","@id":"https:\/\/neue-herbold.com\/en\/#website","url":"https:\/\/neue-herbold.com\/en\/","name":"Neue Herbold GmbH","description":"","potentialAction":[{"@type":"SearchAction","target":{"@type":"EntryPoint","urlTemplate":"https:\/\/neue-herbold.com\/en\/?s={search_term_string}"},"query-input":{"@type":"PropertyValueSpecification","valueRequired":true,"valueName":"search_term_string"}}],"inLanguage":"es-ES"}]}},"_links":{"self":[{"href":"https:\/\/neue-herbold.com\/es\/wp-json\/wp\/v2\/pages\/8753"}],"collection":[{"href":"https:\/\/neue-herbold.com\/es\/wp-json\/wp\/v2\/pages"}],"about":[{"href":"https:\/\/neue-herbold.com\/es\/wp-json\/wp\/v2\/types\/page"}],"author":[{"embeddable":true,"href":"https:\/\/neue-herbold.com\/es\/wp-json\/wp\/v2\/users\/1"}],"replies":[{"embeddable":true,"href":"https:\/\/neue-herbold.com\/es\/wp-json\/wp\/v2\/comments?post=8753"}],"version-history":[{"count":4,"href":"https:\/\/neue-herbold.com\/es\/wp-json\/wp\/v2\/pages\/8753\/revisions"}],"predecessor-version":[{"id":16447,"href":"https:\/\/neue-herbold.com\/es\/wp-json\/wp\/v2\/pages\/8753\/revisions\/16447"}],"wp:attachment":[{"href":"https:\/\/neue-herbold.com\/es\/wp-json\/wp\/v2\/media?parent=8753"}],"curies":[{"name":"wp","href":"https:\/\/api.w.org\/{rel}","templated":true}]}}