{"id":8590,"date":"2016-06-03T22:16:58","date_gmt":"2016-06-03T20:16:58","guid":{"rendered":"https:\/\/neue-herbold.com\/es\/recycling-folienabfaelle-pe-pp\/"},"modified":"2016-06-03T23:36:12","modified_gmt":"2016-06-03T21:36:12","slug":"reciclaje-de-desechos-de-laminas-de-pe-pp","status":"publish","type":"page","link":"https:\/\/neue-herbold.com\/es\/reciclaje-de-desechos-de-laminas-de-pe-pp\/","title":{"rendered":"Reciclaje de desechos de l\u00e1minas de PE \/ PP"},"content":{"rendered":"<p><strong>Condici\u00f3n previa para el empleo de un sistema de Reciclaje de desechos de l\u00e1minas es una detallada determinaci\u00f3n de la definici\u00f3n del problema:<\/strong><\/p>\n<ul>\n<li>La definici\u00f3n de las contaminaciones o impurezas present\u00e1ndose<\/li>\n<li>La definici\u00f3n referente al empleo del material reciclado<\/li>\n<\/ul>\n<p>A base de estos datos componemos el correspondiente sistema seg\u00fan el principio de unidades modulares.<\/p>\n<p><strong>Ejemplo de una instalaci\u00f3n de reciclaje partiendo de material embalado:<\/strong><\/p>\n<h5>1. Trituradora previa (<a href=\"https:\/\/neue-herbold.com\/es\/trituradoras-de-un-solo-arbol-hzr\/\" target=\"_blank\">trituradora de un solo \u00e1rbol<\/a> \/ <a href=\"https:\/\/neue-herbold.com\/es\/trituradoras-de-dos-arboles-zrm\/\" target=\"_blank\">trituradora de dos \u00e1rboles<\/a>)<\/h5>\n<p><a style=\"color: #0000ff;\" href=\"https:\/\/neue-herbold.com\/wp-content\/uploads\/2014\/12\/HZR-1300-1.jpg\" target=\"_blank\"><img loading=\"lazy\" decoding=\"async\" class=\"alignleft wp-image-2902\" src=\"https:\/\/neue-herbold.com\/wp-content\/uploads\/2014\/12\/HZR-1300-1-1024x785.jpg\" alt=\"Recycling Folienabf\u00e4lle\" width=\"280\" height=\"215\" srcset=\"https:\/\/neue-herbold.com\/wp-content\/uploads\/2014\/12\/HZR-1300-1-1024x785.jpg 1024w, https:\/\/neue-herbold.com\/wp-content\/uploads\/2014\/12\/HZR-1300-1-300x230.jpg 300w, https:\/\/neue-herbold.com\/wp-content\/uploads\/2014\/12\/HZR-1300-1-100x76.jpg 100w, https:\/\/neue-herbold.com\/wp-content\/uploads\/2014\/12\/HZR-1300-1-150x115.jpg 150w, https:\/\/neue-herbold.com\/wp-content\/uploads\/2014\/12\/HZR-1300-1-200x153.jpg 200w, https:\/\/neue-herbold.com\/wp-content\/uploads\/2014\/12\/HZR-1300-1-450x345.jpg 450w, https:\/\/neue-herbold.com\/wp-content\/uploads\/2014\/12\/HZR-1300-1-600x460.jpg 600w, https:\/\/neue-herbold.com\/wp-content\/uploads\/2014\/12\/HZR-1300-1-900x690.jpg 900w, https:\/\/neue-herbold.com\/wp-content\/uploads\/2014\/12\/HZR-1300-1.jpg 1182w\" sizes=\"(max-width: 280px) 100vw, 280px\" \/><\/a><\/p>\n<p>para la trituraci\u00f3n previa de los residuos <br \/> de l\u00e1minas prensadas en balas. La <br \/> trituradora previa de baja velocidad, <br \/> equipada con una tolva de alimentaci\u00f3n <br \/> de gran volumen, puede recibir y triturar <br \/> varias balas simultaneamente.<\/p>\n<p>&nbsp;<\/p>\n<h5>2. Cinta de descarga<\/h5>\n<p>para descargar el material triturado previamente desde la trituradora previa<\/p>\n<h5>3. Separador de fino de la serie <a href=\"https:\/\/neue-herbold.com\/es\/separadores-de-finos-hs\/\">HS<\/a><\/h5>\n<p><span style=\"color: #000000;\"><a style=\"color: #0000ff;\" href=\"https:\/\/neue-herbold.com\/wp-content\/uploads\/2014\/12\/Feingutabscheider.jpg\" target=\"_blank\"><img loading=\"lazy\" decoding=\"async\" class=\"alignleft wp-image-3081\" src=\"https:\/\/neue-herbold.com\/wp-content\/uploads\/2014\/12\/Feingutabscheider.jpg\" alt=\"Separador de fino\" width=\"245\" height=\"306\" srcset=\"https:\/\/neue-herbold.com\/wp-content\/uploads\/2014\/12\/Feingutabscheider.jpg 259w, https:\/\/neue-herbold.com\/wp-content\/uploads\/2014\/12\/Feingutabscheider-239x300.jpg 239w, https:\/\/neue-herbold.com\/wp-content\/uploads\/2014\/12\/Feingutabscheider-100x125.jpg 100w, https:\/\/neue-herbold.com\/wp-content\/uploads\/2014\/12\/Feingutabscheider-150x187.jpg 150w, https:\/\/neue-herbold.com\/wp-content\/uploads\/2014\/12\/Feingutabscheider-200x250.jpg 200w\" sizes=\"(max-width: 245px) 100vw, 245px\" \/><\/a><\/span><\/p>\n<p>ubicado por encima de la cinta de <br \/> descarga de la trituradora previa, <br \/> para separar las impurezas gruesas <br \/> del flujo de material, como protecci\u00f3n <br \/> de los postconectados componentes del sistema<\/p>\n<p>&nbsp;<\/p>\n<h5>\u00a0<\/h5>\n<h5>\u00a0<\/h5>\n<h5>\u00a0<\/h5>\n<h5>\u00a0<\/h5>\n<p>&nbsp;<\/p>\n<h5>4. Silo para l\u00e1minas de la serie <a href=\"https:\/\/neue-herbold.com\/es\/silos-de-laminas-fs\/\">FS<\/a><\/h5>\n<p><span style=\"color: #000000;\"><a style=\"color: #0000ff;\" href=\"https:\/\/neue-herbold.com\/wp-content\/uploads\/2014\/12\/FS-Foliensilo.jpg\" target=\"_blank\"><img loading=\"lazy\" decoding=\"async\" class=\"alignleft wp-image-3029\" src=\"https:\/\/neue-herbold.com\/wp-content\/uploads\/2014\/12\/FS-Foliensilo-300x225.jpg\" alt=\"GEDSC DIGITAL CAMERA\" width=\"280\" height=\"210\" srcset=\"https:\/\/neue-herbold.com\/wp-content\/uploads\/2014\/12\/FS-Foliensilo-300x225.jpg 300w, https:\/\/neue-herbold.com\/wp-content\/uploads\/2014\/12\/FS-Foliensilo-1024x768.jpg 1024w, https:\/\/neue-herbold.com\/wp-content\/uploads\/2014\/12\/FS-Foliensilo-100x75.jpg 100w, https:\/\/neue-herbold.com\/wp-content\/uploads\/2014\/12\/FS-Foliensilo-150x112.jpg 150w, https:\/\/neue-herbold.com\/wp-content\/uploads\/2014\/12\/FS-Foliensilo-200x150.jpg 200w, https:\/\/neue-herbold.com\/wp-content\/uploads\/2014\/12\/FS-Foliensilo-450x337.jpg 450w, https:\/\/neue-herbold.com\/wp-content\/uploads\/2014\/12\/FS-Foliensilo-600x450.jpg 600w, https:\/\/neue-herbold.com\/wp-content\/uploads\/2014\/12\/FS-Foliensilo-900x675.jpg 900w, https:\/\/neue-herbold.com\/wp-content\/uploads\/2014\/12\/FS-Foliensilo.jpg 1200w\" sizes=\"(max-width: 280px) 100vw, 280px\" \/><\/a><\/span><\/p>\n<p>&nbsp;<\/p>\n<p>para almacenamiento <br \/> y carga continua e igual <br \/> de la planta secuencial<\/p>\n<p>&nbsp;<\/p>\n<p>&nbsp;<\/p>\n<p>&nbsp;<\/p>\n<h5>5. Tornillo sinf\u00edn de remojado<\/h5>\n<p><span style=\"color: #000000;\"><a style=\"color: #0000ff;\" href=\"https:\/\/neue-herbold.com\/wp-content\/uploads\/2014\/12\/Einweichschnecke.jpg\" target=\"_blank\"><img loading=\"lazy\" decoding=\"async\" class=\"alignleft wp-image-3040\" src=\"https:\/\/neue-herbold.com\/wp-content\/uploads\/2014\/12\/Einweichschnecke-298x300.jpg\" alt=\"\" width=\"280\" height=\"281\" srcset=\"https:\/\/neue-herbold.com\/wp-content\/uploads\/2014\/12\/Einweichschnecke-298x300.jpg 298w, https:\/\/neue-herbold.com\/wp-content\/uploads\/2014\/12\/Einweichschnecke-300x301.jpg 300w, https:\/\/neue-herbold.com\/wp-content\/uploads\/2014\/12\/Einweichschnecke-1018x1024.jpg 1018w, https:\/\/neue-herbold.com\/wp-content\/uploads\/2014\/12\/Einweichschnecke-100x100.jpg 100w, https:\/\/neue-herbold.com\/wp-content\/uploads\/2014\/12\/Einweichschnecke-150x150.jpg 150w, https:\/\/neue-herbold.com\/wp-content\/uploads\/2014\/12\/Einweichschnecke-200x201.jpg 200w, https:\/\/neue-herbold.com\/wp-content\/uploads\/2014\/12\/Einweichschnecke-450x452.jpg 450w, https:\/\/neue-herbold.com\/wp-content\/uploads\/2014\/12\/Einweichschnecke-600x603.jpg 600w, https:\/\/neue-herbold.com\/wp-content\/uploads\/2014\/12\/Einweichschnecke-900x904.jpg 900w, https:\/\/neue-herbold.com\/wp-content\/uploads\/2014\/12\/Einweichschnecke.jpg 1200w\" sizes=\"(max-width: 280px) 100vw, 280px\" \/><\/a><\/span><\/p>\n<p>&nbsp;<\/p>\n<p>&nbsp;<\/p>\n<p>para la preparaci\u00f3n <br \/> del material para el <br \/> lavador intensivo <br \/> postconectado<\/p>\n<p>&nbsp;<\/p>\n<p>&nbsp;<\/p>\n<p>&nbsp;<\/p>\n<h5>6. Lavador intensivo de la serie <a href=\"https:\/\/neue-herbold.com\/es\/lavaderos-intensivos-iw\/\">IW<\/a><\/h5>\n<p><span style=\"color: #000000;\"><a style=\"color: #0000ff;\" href=\"https:\/\/neue-herbold.com\/wp-content\/uploads\/2014\/12\/TM-1000.jpg\" target=\"_blank\"><img loading=\"lazy\" decoding=\"async\" class=\"alignleft wp-image-3022\" src=\"https:\/\/neue-herbold.com\/wp-content\/uploads\/2014\/12\/TM-1000-1020x1024.jpg\" alt=\"\" width=\"280\" height=\"281\" srcset=\"https:\/\/neue-herbold.com\/wp-content\/uploads\/2014\/12\/TM-1000-1020x1024.jpg 1020w, https:\/\/neue-herbold.com\/wp-content\/uploads\/2014\/12\/TM-1000-300x301.jpg 300w, https:\/\/neue-herbold.com\/wp-content\/uploads\/2014\/12\/TM-1000-100x100.jpg 100w, https:\/\/neue-herbold.com\/wp-content\/uploads\/2014\/12\/TM-1000-150x150.jpg 150w, https:\/\/neue-herbold.com\/wp-content\/uploads\/2014\/12\/TM-1000-200x200.jpg 200w, https:\/\/neue-herbold.com\/wp-content\/uploads\/2014\/12\/TM-1000-450x451.jpg 450w, https:\/\/neue-herbold.com\/wp-content\/uploads\/2014\/12\/TM-1000-600x602.jpg 600w, https:\/\/neue-herbold.com\/wp-content\/uploads\/2014\/12\/TM-1000-900x903.jpg 900w, https:\/\/neue-herbold.com\/wp-content\/uploads\/2014\/12\/TM-1000.jpg 1200w\" sizes=\"(max-width: 280px) 100vw, 280px\" \/><\/a><\/span><\/p>\n<p>&nbsp;<\/p>\n<p>&nbsp;<\/p>\n<p>Para limpiar intensivamente <br \/> las superficies de materiales <br \/> de contaminaciones <br \/> solubles en agua<\/p>\n<p>&nbsp;<\/p>\n<p>&nbsp;<\/p>\n<h5>7. <a href=\"https:\/\/neue-herbold.com\/es\/instalaciones-de-aspiracion\/\">Instalaci\u00f3n de aspiraci\u00f3n<\/a><\/h5>\n<p>para descargar el material desde el lavador <br \/> intensivo y para entregarlo en el molino <br \/> cortante postconectado<\/p>\n<p>&nbsp;<\/p>\n<h5>8. <a href=\"https:\/\/neue-herbold.com\/es\/programa-de-suministro\/\">Molino cortante<\/a><\/h5>\n<p><span style=\"color: #000000;\"><a style=\"color: #0000ff;\" href=\"https:\/\/neue-herbold.com\/wp-content\/uploads\/2014\/11\/WA-022.jpg\" target=\"_blank\"><img loading=\"lazy\" decoding=\"async\" class=\"alignleft wp-image-3017\" src=\"https:\/\/neue-herbold.com\/wp-content\/uploads\/2014\/11\/WA-022-295x300.jpg\" alt=\"WA 02\" width=\"270\" height=\"274\" srcset=\"https:\/\/neue-herbold.com\/wp-content\/uploads\/2014\/11\/WA-022-295x300.jpg 295w, https:\/\/neue-herbold.com\/wp-content\/uploads\/2014\/11\/WA-022-1009x1024.jpg 1009w, https:\/\/neue-herbold.com\/wp-content\/uploads\/2014\/11\/WA-022-100x101.jpg 100w, https:\/\/neue-herbold.com\/wp-content\/uploads\/2014\/11\/WA-022-150x152.jpg 150w, https:\/\/neue-herbold.com\/wp-content\/uploads\/2014\/11\/WA-022-200x202.jpg 200w, https:\/\/neue-herbold.com\/wp-content\/uploads\/2014\/11\/WA-022-300x304.jpg 300w, https:\/\/neue-herbold.com\/wp-content\/uploads\/2014\/11\/WA-022-450x456.jpg 450w, https:\/\/neue-herbold.com\/wp-content\/uploads\/2014\/11\/WA-022-600x608.jpg 600w, https:\/\/neue-herbold.com\/wp-content\/uploads\/2014\/11\/WA-022-900x912.jpg 900w, https:\/\/neue-herbold.com\/wp-content\/uploads\/2014\/11\/WA-022.jpg 1200w\" sizes=\"(max-width: 270px) 100vw, 270px\" \/><\/a><\/span><\/p>\n<p>&nbsp;<\/p>\n<p>para la trituraci\u00f3n <br \/> del material en <br \/> requerida finura final<\/p>\n<p>&nbsp;<\/p>\n<p>&nbsp;<\/p>\n<p>&nbsp;<\/p>\n<p>&nbsp;<\/p>\n<h5>9. <a href=\"https:\/\/neue-herbold.com\/es\/instalaciones-de-aspiracion\/\">Instalaci\u00f3n de aspiraci\u00f3n<\/a><\/h5>\n<p>para descargar el material desde el molino<\/p>\n<p>10. Tanque de separaci\u00f3n de la serie <strong><a href=\"https:\/\/neue-herbold.com\/es\/tanque-de-separacion-tb\/\">TB<\/a><\/strong><\/p>\n<p><a style=\"color: #0000ff;\" href=\"https:\/\/neue-herbold.com\/wp-content\/uploads\/2014\/12\/Schwimm-Sinktank.jpg\" target=\"_blank\"><img loading=\"lazy\" decoding=\"async\" class=\"wp-image-3033 alignleft\" src=\"https:\/\/neue-herbold.com\/wp-content\/uploads\/2014\/12\/Schwimm-Sinktank-300x194.jpg\" alt=\"Schwimm-Sinktank\" width=\"270\" height=\"175\" srcset=\"https:\/\/neue-herbold.com\/wp-content\/uploads\/2014\/12\/Schwimm-Sinktank-300x194.jpg 300w, https:\/\/neue-herbold.com\/wp-content\/uploads\/2014\/12\/Schwimm-Sinktank-1024x663.jpg 1024w, https:\/\/neue-herbold.com\/wp-content\/uploads\/2014\/12\/Schwimm-Sinktank-100x64.jpg 100w, https:\/\/neue-herbold.com\/wp-content\/uploads\/2014\/12\/Schwimm-Sinktank-150x97.jpg 150w, https:\/\/neue-herbold.com\/wp-content\/uploads\/2014\/12\/Schwimm-Sinktank-200x129.jpg 200w, https:\/\/neue-herbold.com\/wp-content\/uploads\/2014\/12\/Schwimm-Sinktank-450x291.jpg 450w, https:\/\/neue-herbold.com\/wp-content\/uploads\/2014\/12\/Schwimm-Sinktank-600x388.jpg 600w, https:\/\/neue-herbold.com\/wp-content\/uploads\/2014\/12\/Schwimm-Sinktank-900x582.jpg 900w, https:\/\/neue-herbold.com\/wp-content\/uploads\/2014\/12\/Schwimm-Sinktank.jpg 1200w\" sizes=\"(max-width: 270px) 100vw, 270px\" \/><\/a><\/p>\n<p>&nbsp;<\/p>\n<p>Tanques de separaci\u00f3n de <br \/> la serie TB se usan para separar <br \/> material flotable (densidad &lt; 1, <br \/> p.ej. PE\/PP) de material no flotable <br \/> (densidad &gt; 1, p.ej. PET\/ PVC)<\/p>\n<h5>11. Tornillo sinf\u00edn de distribuci\u00f3n<\/h5>\n<p>para el transporte y la distribuci\u00f3n del material entre <br \/> los postconectados secadores mec\u00e1nicos<\/p>\n<h5>12. Secador mec\u00e1nico de la serie <a href=\"https:\/\/neue-herbold.com\/es\/secaderos-mecanicos-tm\/\">TM<\/a><\/h5>\n<p><span style=\"color: #000000;\"><a style=\"color: #0000ff;\" href=\"https:\/\/neue-herbold.com\/wp-content\/uploads\/2014\/12\/TM-1006.jpg\" target=\"_blank\"><img loading=\"lazy\" decoding=\"async\" class=\"alignleft wp-image-3023\" src=\"https:\/\/neue-herbold.com\/wp-content\/uploads\/2014\/12\/TM-1006-300x274.jpg\" alt=\"TM 1006\" width=\"270\" height=\"247\" srcset=\"https:\/\/neue-herbold.com\/wp-content\/uploads\/2014\/12\/TM-1006-300x274.jpg 300w, https:\/\/neue-herbold.com\/wp-content\/uploads\/2014\/12\/TM-1006-1024x936.jpg 1024w, https:\/\/neue-herbold.com\/wp-content\/uploads\/2014\/12\/TM-1006-100x91.jpg 100w, https:\/\/neue-herbold.com\/wp-content\/uploads\/2014\/12\/TM-1006-150x137.jpg 150w, https:\/\/neue-herbold.com\/wp-content\/uploads\/2014\/12\/TM-1006-200x183.jpg 200w, https:\/\/neue-herbold.com\/wp-content\/uploads\/2014\/12\/TM-1006-450x411.jpg 450w, https:\/\/neue-herbold.com\/wp-content\/uploads\/2014\/12\/TM-1006-600x549.jpg 600w, https:\/\/neue-herbold.com\/wp-content\/uploads\/2014\/12\/TM-1006-900x823.jpg 900w, https:\/\/neue-herbold.com\/wp-content\/uploads\/2014\/12\/TM-1006.jpg 1200w\" sizes=\"(max-width: 270px) 100vw, 270px\" \/><\/a><\/span><\/p>\n<p>&nbsp;<\/p>\n<p>&nbsp;<\/p>\n<p>para el secado <br \/> superficial mec\u00e1nico <br \/> del producto de moler<\/p>\n<p>&nbsp;<\/p>\n<p>&nbsp;<\/p>\n<h5>13. Separaci\u00f3n t\u00e9rmica de la serie Baureihe <a href=\"https:\/\/neue-herbold.com\/es\/secadores-termicos-tt\/\">TT<\/a><\/h5>\n<p><span style=\"color: #000000;\"><a style=\"color: #0000ff;\" href=\"https:\/\/neue-herbold.com\/wp-content\/uploads\/2014\/12\/TT-P1250007.jpg\" target=\"_blank\"><img loading=\"lazy\" decoding=\"async\" class=\"wp-image-3036 alignleft\" src=\"https:\/\/neue-herbold.com\/wp-content\/uploads\/2014\/12\/TT-P1250007.jpg\" alt=\"TT P1250007\" width=\"256\" height=\"362\" srcset=\"https:\/\/neue-herbold.com\/wp-content\/uploads\/2014\/12\/TT-P1250007.jpg 636w, https:\/\/neue-herbold.com\/wp-content\/uploads\/2014\/12\/TT-P1250007-212x300.jpg 212w, https:\/\/neue-herbold.com\/wp-content\/uploads\/2014\/12\/TT-P1250007-100x141.jpg 100w, https:\/\/neue-herbold.com\/wp-content\/uploads\/2014\/12\/TT-P1250007-150x212.jpg 150w, https:\/\/neue-herbold.com\/wp-content\/uploads\/2014\/12\/TT-P1250007-200x283.jpg 200w, https:\/\/neue-herbold.com\/wp-content\/uploads\/2014\/12\/TT-P1250007-300x424.jpg 300w, https:\/\/neue-herbold.com\/wp-content\/uploads\/2014\/12\/TT-P1250007-450x636.jpg 450w, https:\/\/neue-herbold.com\/wp-content\/uploads\/2014\/12\/TT-P1250007-600x849.jpg 600w\" sizes=\"(max-width: 256px) 100vw, 256px\" \/><\/a><\/span><\/p>\n<p>&nbsp;<\/p>\n<p>&nbsp;<\/p>\n<p>&nbsp;<\/p>\n<p>para el secado ulterior de <br \/> los recortes de l\u00e1minas en <br \/> una humedad residual <br \/> &lt; 1 porciento en peso<\/p>\n<p>&nbsp;<\/p>\n<div id=\"attachment_3037\" style=\"width: 810px\" class=\"wp-caption alignleft\"><a style=\"color: #0000ff;\" href=\"https:\/\/neue-herbold.com\/wp-content\/uploads\/2014\/12\/mb_ablaufschema_dsd_folienabfaelle.jpg\" target=\"_blank\"><img loading=\"lazy\" decoding=\"async\" aria-describedby=\"caption-attachment-3037\" class=\"wp-image-3037 \" src=\"https:\/\/neue-herbold.com\/wp-content\/uploads\/2014\/12\/mb_ablaufschema_dsd_folienabfaelle.jpg\" alt=\"\" width=\"800\" height=\"352\" srcset=\"https:\/\/neue-herbold.com\/wp-content\/uploads\/2014\/12\/mb_ablaufschema_dsd_folienabfaelle.jpg 671w, https:\/\/neue-herbold.com\/wp-content\/uploads\/2014\/12\/mb_ablaufschema_dsd_folienabfaelle-300x131.jpg 300w, https:\/\/neue-herbold.com\/wp-content\/uploads\/2014\/12\/mb_ablaufschema_dsd_folienabfaelle-100x43.jpg 100w, https:\/\/neue-herbold.com\/wp-content\/uploads\/2014\/12\/mb_ablaufschema_dsd_folienabfaelle-150x65.jpg 150w, https:\/\/neue-herbold.com\/wp-content\/uploads\/2014\/12\/mb_ablaufschema_dsd_folienabfaelle-200x87.jpg 200w, https:\/\/neue-herbold.com\/wp-content\/uploads\/2014\/12\/mb_ablaufschema_dsd_folienabfaelle-450x197.jpg 450w, https:\/\/neue-herbold.com\/wp-content\/uploads\/2014\/12\/mb_ablaufschema_dsd_folienabfaelle-600x263.jpg 600w\" sizes=\"(max-width: 800px) 100vw, 800px\" \/><\/a><p id=\"caption-attachment-3037\" class=\"wp-caption-text\">Ablaufschema DSD Folienabf\u00e4lle<\/p><\/div>\n<p>&nbsp;<\/p>\n","protected":false},"excerpt":{"rendered":"<p><strong>Condici\u00f3n previa para el empleo de un sistema de Reciclaje de desechos de l\u00e1minas es una detallada determinaci\u00f3n de la definici\u00f3n del problema:<\/strong><\/p>\n<ul>\n<li>La definici\u00f3n de las contaminaciones o impurezas present\u00e1ndose<\/li>\n<li>La definici\u00f3n referente al empleo del material reciclado<\/li>\n<\/ul>\n<p>A base de estos datos componemos el correspondiente sistema seg\u00fan el principio de unidades modulares.<\/p>\n<p><span class=\"ellipsis\">&hellip;<\/span><\/p>\n<div class=\"read-more\"><a href=\"https:\/\/neue-herbold.com\/es\/reciclaje-de-desechos-de-laminas-de-pe-pp\/\">Leer m\u00e1s \u203a<\/a><\/div>\n<p><!-- end of .read-more --><\/p>\n","protected":false},"author":1,"featured_media":0,"parent":0,"menu_order":0,"comment_status":"closed","ping_status":"closed","template":"","meta":{"footnotes":""},"class_list":["post-8590","page","type-page","status-publish","hentry"],"yoast_head":"<!-- This site is optimized with the Yoast SEO plugin v25.4 - https:\/\/yoast.com\/wordpress\/plugins\/seo\/ -->\n<title>Reciclaje de desechos de l\u00e1minas de PE \/ PP - Neue Herbold GmbH<\/title>\n<meta name=\"description\" content=\"Condici\u00f3n previa para el empleo de un sistema de Reciclaje de desechos de l\u00e1minas es una detallada determinaci\u00f3n de la definici\u00f3n del problema:\" \/>\n<meta name=\"robots\" content=\"index, follow, max-snippet:-1, max-image-preview:large, max-video-preview:-1\" \/>\n<link rel=\"canonical\" href=\"https:\/\/neue-herbold.com\/es\/reciclaje-de-desechos-de-laminas-de-pe-pp\/\" \/>\n<meta property=\"og:locale\" content=\"es_ES\" \/>\n<meta property=\"og:type\" content=\"article\" \/>\n<meta property=\"og:title\" content=\"Reciclaje de desechos de l\u00e1minas de PE \/ PP - Neue Herbold GmbH\" \/>\n<meta property=\"og:description\" content=\"Condici\u00f3n previa para el empleo de un sistema de Reciclaje de desechos de l\u00e1minas es una detallada determinaci\u00f3n de la definici\u00f3n del problema:\" \/>\n<meta property=\"og:url\" content=\"https:\/\/neue-herbold.com\/es\/reciclaje-de-desechos-de-laminas-de-pe-pp\/\" \/>\n<meta property=\"og:site_name\" content=\"Neue Herbold GmbH\" \/>\n<meta property=\"article:modified_time\" content=\"2016-06-03T21:36:12+00:00\" \/>\n<meta property=\"og:image\" content=\"https:\/\/neue-herbold.com\/wp-content\/uploads\/2014\/12\/HZR-1300-1-1024x785.jpg\" \/>\n<meta name=\"twitter:label1\" content=\"Tiempo de lectura\" \/>\n\t<meta name=\"twitter:data1\" content=\"2 minutes\" \/>\n<script type=\"application\/ld+json\" class=\"yoast-schema-graph\">{\"@context\":\"https:\/\/schema.org\",\"@graph\":[{\"@type\":\"WebPage\",\"@id\":\"https:\/\/neue-herbold.com\/es\/reciclaje-de-desechos-de-laminas-de-pe-pp\/\",\"url\":\"https:\/\/neue-herbold.com\/es\/reciclaje-de-desechos-de-laminas-de-pe-pp\/\",\"name\":\"Reciclaje de desechos de l\u00e1minas de PE \/ PP - Neue Herbold GmbH\",\"isPartOf\":{\"@id\":\"https:\/\/neue-herbold.com\/en\/#website\"},\"primaryImageOfPage\":{\"@id\":\"https:\/\/neue-herbold.com\/es\/reciclaje-de-desechos-de-laminas-de-pe-pp\/#primaryimage\"},\"image\":{\"@id\":\"https:\/\/neue-herbold.com\/es\/reciclaje-de-desechos-de-laminas-de-pe-pp\/#primaryimage\"},\"thumbnailUrl\":\"https:\/\/neue-herbold.com\/wp-content\/uploads\/2014\/12\/HZR-1300-1-1024x785.jpg\",\"datePublished\":\"2016-06-03T20:16:58+00:00\",\"dateModified\":\"2016-06-03T21:36:12+00:00\",\"description\":\"Condici\u00f3n previa para el empleo de un sistema de Reciclaje de desechos de l\u00e1minas es una detallada determinaci\u00f3n de la definici\u00f3n del problema:\",\"breadcrumb\":{\"@id\":\"https:\/\/neue-herbold.com\/es\/reciclaje-de-desechos-de-laminas-de-pe-pp\/#breadcrumb\"},\"inLanguage\":\"es-ES\",\"potentialAction\":[{\"@type\":\"ReadAction\",\"target\":[\"https:\/\/neue-herbold.com\/es\/reciclaje-de-desechos-de-laminas-de-pe-pp\/\"]}]},{\"@type\":\"ImageObject\",\"inLanguage\":\"es-ES\",\"@id\":\"https:\/\/neue-herbold.com\/es\/reciclaje-de-desechos-de-laminas-de-pe-pp\/#primaryimage\",\"url\":\"https:\/\/neue-herbold.com\/wp-content\/uploads\/2014\/12\/HZR-1300-1-1024x785.jpg\",\"contentUrl\":\"https:\/\/neue-herbold.com\/wp-content\/uploads\/2014\/12\/HZR-1300-1-1024x785.jpg\"},{\"@type\":\"BreadcrumbList\",\"@id\":\"https:\/\/neue-herbold.com\/es\/reciclaje-de-desechos-de-laminas-de-pe-pp\/#breadcrumb\",\"itemListElement\":[{\"@type\":\"ListItem\",\"position\":1,\"name\":\"Startseite\",\"item\":\"https:\/\/neue-herbold.com\/es\/\"},{\"@type\":\"ListItem\",\"position\":2,\"name\":\"Reciclaje de desechos de l\u00e1minas de PE \/ PP\"}]},{\"@type\":\"WebSite\",\"@id\":\"https:\/\/neue-herbold.com\/en\/#website\",\"url\":\"https:\/\/neue-herbold.com\/en\/\",\"name\":\"Neue Herbold GmbH\",\"description\":\"\",\"potentialAction\":[{\"@type\":\"SearchAction\",\"target\":{\"@type\":\"EntryPoint\",\"urlTemplate\":\"https:\/\/neue-herbold.com\/en\/?s={search_term_string}\"},\"query-input\":{\"@type\":\"PropertyValueSpecification\",\"valueRequired\":true,\"valueName\":\"search_term_string\"}}],\"inLanguage\":\"es-ES\"}]}<\/script>\n<!-- \/ Yoast SEO plugin. -->","yoast_head_json":{"title":"Reciclaje de desechos de l\u00e1minas de PE \/ PP - Neue Herbold GmbH","description":"Condici\u00f3n previa para el empleo de un sistema de Reciclaje de desechos de l\u00e1minas es una detallada determinaci\u00f3n de la definici\u00f3n del problema:","robots":{"index":"index","follow":"follow","max-snippet":"max-snippet:-1","max-image-preview":"max-image-preview:large","max-video-preview":"max-video-preview:-1"},"canonical":"https:\/\/neue-herbold.com\/es\/reciclaje-de-desechos-de-laminas-de-pe-pp\/","og_locale":"es_ES","og_type":"article","og_title":"Reciclaje de desechos de l\u00e1minas de PE \/ PP - Neue Herbold GmbH","og_description":"Condici\u00f3n previa para el empleo de un sistema de Reciclaje de desechos de l\u00e1minas es una detallada determinaci\u00f3n de la definici\u00f3n del problema:","og_url":"https:\/\/neue-herbold.com\/es\/reciclaje-de-desechos-de-laminas-de-pe-pp\/","og_site_name":"Neue Herbold GmbH","article_modified_time":"2016-06-03T21:36:12+00:00","og_image":[{"url":"https:\/\/neue-herbold.com\/wp-content\/uploads\/2014\/12\/HZR-1300-1-1024x785.jpg","type":"","width":"","height":""}],"twitter_misc":{"Tiempo de lectura":"2 minutes"},"schema":{"@context":"https:\/\/schema.org","@graph":[{"@type":"WebPage","@id":"https:\/\/neue-herbold.com\/es\/reciclaje-de-desechos-de-laminas-de-pe-pp\/","url":"https:\/\/neue-herbold.com\/es\/reciclaje-de-desechos-de-laminas-de-pe-pp\/","name":"Reciclaje de desechos de l\u00e1minas de PE \/ PP - Neue Herbold GmbH","isPartOf":{"@id":"https:\/\/neue-herbold.com\/en\/#website"},"primaryImageOfPage":{"@id":"https:\/\/neue-herbold.com\/es\/reciclaje-de-desechos-de-laminas-de-pe-pp\/#primaryimage"},"image":{"@id":"https:\/\/neue-herbold.com\/es\/reciclaje-de-desechos-de-laminas-de-pe-pp\/#primaryimage"},"thumbnailUrl":"https:\/\/neue-herbold.com\/wp-content\/uploads\/2014\/12\/HZR-1300-1-1024x785.jpg","datePublished":"2016-06-03T20:16:58+00:00","dateModified":"2016-06-03T21:36:12+00:00","description":"Condici\u00f3n previa para el empleo de un sistema de Reciclaje de desechos de l\u00e1minas es una detallada determinaci\u00f3n de la definici\u00f3n del problema:","breadcrumb":{"@id":"https:\/\/neue-herbold.com\/es\/reciclaje-de-desechos-de-laminas-de-pe-pp\/#breadcrumb"},"inLanguage":"es-ES","potentialAction":[{"@type":"ReadAction","target":["https:\/\/neue-herbold.com\/es\/reciclaje-de-desechos-de-laminas-de-pe-pp\/"]}]},{"@type":"ImageObject","inLanguage":"es-ES","@id":"https:\/\/neue-herbold.com\/es\/reciclaje-de-desechos-de-laminas-de-pe-pp\/#primaryimage","url":"https:\/\/neue-herbold.com\/wp-content\/uploads\/2014\/12\/HZR-1300-1-1024x785.jpg","contentUrl":"https:\/\/neue-herbold.com\/wp-content\/uploads\/2014\/12\/HZR-1300-1-1024x785.jpg"},{"@type":"BreadcrumbList","@id":"https:\/\/neue-herbold.com\/es\/reciclaje-de-desechos-de-laminas-de-pe-pp\/#breadcrumb","itemListElement":[{"@type":"ListItem","position":1,"name":"Startseite","item":"https:\/\/neue-herbold.com\/es\/"},{"@type":"ListItem","position":2,"name":"Reciclaje de desechos de l\u00e1minas de PE \/ PP"}]},{"@type":"WebSite","@id":"https:\/\/neue-herbold.com\/en\/#website","url":"https:\/\/neue-herbold.com\/en\/","name":"Neue Herbold GmbH","description":"","potentialAction":[{"@type":"SearchAction","target":{"@type":"EntryPoint","urlTemplate":"https:\/\/neue-herbold.com\/en\/?s={search_term_string}"},"query-input":{"@type":"PropertyValueSpecification","valueRequired":true,"valueName":"search_term_string"}}],"inLanguage":"es-ES"}]}},"_links":{"self":[{"href":"https:\/\/neue-herbold.com\/es\/wp-json\/wp\/v2\/pages\/8590"}],"collection":[{"href":"https:\/\/neue-herbold.com\/es\/wp-json\/wp\/v2\/pages"}],"about":[{"href":"https:\/\/neue-herbold.com\/es\/wp-json\/wp\/v2\/types\/page"}],"author":[{"embeddable":true,"href":"https:\/\/neue-herbold.com\/es\/wp-json\/wp\/v2\/users\/1"}],"replies":[{"embeddable":true,"href":"https:\/\/neue-herbold.com\/es\/wp-json\/wp\/v2\/comments?post=8590"}],"version-history":[{"count":3,"href":"https:\/\/neue-herbold.com\/es\/wp-json\/wp\/v2\/pages\/8590\/revisions"}],"predecessor-version":[{"id":8633,"href":"https:\/\/neue-herbold.com\/es\/wp-json\/wp\/v2\/pages\/8590\/revisions\/8633"}],"wp:attachment":[{"href":"https:\/\/neue-herbold.com\/es\/wp-json\/wp\/v2\/media?parent=8590"}],"curies":[{"name":"wp","href":"https:\/\/api.w.org\/{rel}","templated":true}]}}