{"id":8565,"date":"2016-06-03T21:50:44","date_gmt":"2016-06-03T19:50:44","guid":{"rendered":"https:\/\/neue-herbold.com\/es\/recycling-getraenkekaesten-pe-pp\/"},"modified":"2016-06-03T22:12:12","modified_gmt":"2016-06-03T20:12:12","slug":"reciclaje-de-cajas-de-botellas-de-pe-pp","status":"publish","type":"page","link":"https:\/\/neue-herbold.com\/es\/reciclaje-de-cajas-de-botellas-de-pe-pp\/","title":{"rendered":"Reciclaje de cajas de botellas de PE \/ PP"},"content":{"rendered":"<div>\n<p><b>Condici\u00f3n previa para el empleo de un sistema de reciclaje es una detallada determinaci\u00f3n de la definici\u00f3n del problema:<\/b><\/p>\n<ul>\n<li class=\"Normal\">La definici\u00f3n de las contaminaciones o impurezas present\u00e1ndose<\/li>\n<li class=\"Normal\">La definici\u00f3n referente al empleo del material reciclado<\/li>\n<\/ul>\n<p>A base de estos datos componemos el correspondiente sistema seg\u00fan el principio de unidades modulares.<\/p>\n<p><b>Ejemplo de una planta de reciclaje para cajas de botella de PE\/PP:<\/b><\/p>\n<h5><b><i>1. Cinta de almacenar<\/i><\/b><\/h5>\n<p>para el almacenaje o sea para la alimentaci\u00f3n continua del material en el la trituradora (previa) postconectada<\/p>\n<h5><b><i>2. Cinta transportadora inclinada<\/i><\/b><\/h5>\n<p>para la alimentaci\u00f3n de la trituradora (previa)<\/p>\n<h5><b><i>3. Trituradora<\/i><\/b><\/h5>\n<\/div>\n<div>\n<p>pra la trituraci\u00f3n previa de cajas en un tama\u00f1o de pieza de aprox. 30-50 mm<\/p>\n<\/div>\n<div id=\"attachment_2902\" style=\"width: 290px\" class=\"wp-caption alignnone\"><a href=\"https:\/\/neue-herbold.com\/wp-content\/uploads\/2014\/12\/HZR-1300-1.jpg\" target=\"_blank\"><img loading=\"lazy\" decoding=\"async\" aria-describedby=\"caption-attachment-2902\" class=\"wp-image-2902\" src=\"https:\/\/neue-herbold.com\/wp-content\/uploads\/2014\/12\/HZR-1300-1-1024x785.jpg\" alt=\"Trituradora de un solo \u00e1rbol HZR 1300 \/ 1\" width=\"280\" height=\"214\" srcset=\"https:\/\/neue-herbold.com\/wp-content\/uploads\/2014\/12\/HZR-1300-1-1024x785.jpg 1024w, https:\/\/neue-herbold.com\/wp-content\/uploads\/2014\/12\/HZR-1300-1-300x230.jpg 300w, https:\/\/neue-herbold.com\/wp-content\/uploads\/2014\/12\/HZR-1300-1-100x76.jpg 100w, https:\/\/neue-herbold.com\/wp-content\/uploads\/2014\/12\/HZR-1300-1-150x115.jpg 150w, https:\/\/neue-herbold.com\/wp-content\/uploads\/2014\/12\/HZR-1300-1-200x153.jpg 200w, https:\/\/neue-herbold.com\/wp-content\/uploads\/2014\/12\/HZR-1300-1-450x345.jpg 450w, https:\/\/neue-herbold.com\/wp-content\/uploads\/2014\/12\/HZR-1300-1-600x460.jpg 600w, https:\/\/neue-herbold.com\/wp-content\/uploads\/2014\/12\/HZR-1300-1-900x690.jpg 900w, https:\/\/neue-herbold.com\/wp-content\/uploads\/2014\/12\/HZR-1300-1.jpg 1182w\" sizes=\"(max-width: 280px) 100vw, 280px\" \/><\/a><p id=\"caption-attachment-2902\" class=\"wp-caption-text\">Trituradora de un solo \u00e1rbol HZR 1300 \/ 1<\/p><\/div>\n<div>\n<h5><b><i>4. Cinta de descarga<\/i><\/b><\/h5>\n<p>para transportar el material pre-triturado en el silo de almacenaje<\/p>\n<h5><b><i>5. Silo de almacenaje de la serie <u><a href=\"https:\/\/neue-herbold.com\/es\/silos-de-laminas-fs\/\">FS<\/a><\/u><\/i><\/b><\/h5>\n<p>para el almacenamiento del material triturado previamente y para la descarga dosificada en el sistema postconectado<\/p>\n<\/div>\n<p><a href=\"https:\/\/neue-herbold.com\/wp-content\/uploads\/2014\/12\/Wasch-Foliensilo-BR.jpg\" target=\"_blank\"><img loading=\"lazy\" decoding=\"async\" class=\"alignnone wp-image-3089 \" src=\"https:\/\/neue-herbold.com\/wp-content\/uploads\/2014\/12\/Wasch-Foliensilo-BR-300x225.jpg\" alt=\"GEDSC DIGITAL CAMERA\" width=\"284\" height=\"213\" srcset=\"https:\/\/neue-herbold.com\/wp-content\/uploads\/2014\/12\/Wasch-Foliensilo-BR-300x225.jpg 300w, https:\/\/neue-herbold.com\/wp-content\/uploads\/2014\/12\/Wasch-Foliensilo-BR-1024x768.jpg 1024w, https:\/\/neue-herbold.com\/wp-content\/uploads\/2014\/12\/Wasch-Foliensilo-BR-100x75.jpg 100w, https:\/\/neue-herbold.com\/wp-content\/uploads\/2014\/12\/Wasch-Foliensilo-BR-150x112.jpg 150w, https:\/\/neue-herbold.com\/wp-content\/uploads\/2014\/12\/Wasch-Foliensilo-BR-200x150.jpg 200w, https:\/\/neue-herbold.com\/wp-content\/uploads\/2014\/12\/Wasch-Foliensilo-BR-450x337.jpg 450w, https:\/\/neue-herbold.com\/wp-content\/uploads\/2014\/12\/Wasch-Foliensilo-BR-600x450.jpg 600w, https:\/\/neue-herbold.com\/wp-content\/uploads\/2014\/12\/Wasch-Foliensilo-BR-900x675.jpg 900w, https:\/\/neue-herbold.com\/wp-content\/uploads\/2014\/12\/Wasch-Foliensilo-BR.jpg 1200w\" sizes=\"(max-width: 284px) 100vw, 284px\" \/><\/a><\/p>\n<div>\n<h5><b><i>6. Tornillo sinf\u00edn de separaci\u00f3n previa o sea de remojado<\/i><\/b><\/h5>\n<p class=\"Normal\">para la separaci\u00f3n de impurezas como p.ej. piezas de vidrio, metales y piedras; para el aumento de la calidad del producto de moler y para la protecci\u00f3n del molino cortante postconectado y del secador mec\u00e1nico<\/p>\n<\/div>\n<p>&nbsp;<\/p>\n<p><a href=\"https:\/\/neue-herbold.com\/wp-content\/uploads\/2014\/12\/Einweichschnecke.jpg\" target=\"_blank\"><img loading=\"lazy\" decoding=\"async\" class=\"alignnone wp-image-3040\" src=\"https:\/\/neue-herbold.com\/wp-content\/uploads\/2014\/12\/Einweichschnecke-298x300.jpg\" alt=\"OLYMPUS DIGITAL CAMERA\" width=\"272\" height=\"274\" srcset=\"https:\/\/neue-herbold.com\/wp-content\/uploads\/2014\/12\/Einweichschnecke-298x300.jpg 298w, https:\/\/neue-herbold.com\/wp-content\/uploads\/2014\/12\/Einweichschnecke-1018x1024.jpg 1018w, https:\/\/neue-herbold.com\/wp-content\/uploads\/2014\/12\/Einweichschnecke-100x100.jpg 100w, https:\/\/neue-herbold.com\/wp-content\/uploads\/2014\/12\/Einweichschnecke-150x150.jpg 150w, https:\/\/neue-herbold.com\/wp-content\/uploads\/2014\/12\/Einweichschnecke-200x201.jpg 200w, https:\/\/neue-herbold.com\/wp-content\/uploads\/2014\/12\/Einweichschnecke-300x301.jpg 300w, https:\/\/neue-herbold.com\/wp-content\/uploads\/2014\/12\/Einweichschnecke-450x452.jpg 450w, https:\/\/neue-herbold.com\/wp-content\/uploads\/2014\/12\/Einweichschnecke-600x603.jpg 600w, https:\/\/neue-herbold.com\/wp-content\/uploads\/2014\/12\/Einweichschnecke-900x904.jpg 900w, https:\/\/neue-herbold.com\/wp-content\/uploads\/2014\/12\/Einweichschnecke.jpg 1200w\" sizes=\"(max-width: 272px) 100vw, 272px\" \/><\/a><\/p>\n<div>\n<h5><b><i>7.Tornillo sinf\u00edn de transporte<\/i><\/b><\/h5>\n<p>para el desag\u00fce o sea para el transporte subsiguiente del material pre-triturado en el molino cortante<\/p>\n<\/div>\n<p><a href=\"https:\/\/neue-herbold.com\/wp-content\/uploads\/2014\/12\/Transportschnecke-2.jpg\" target=\"_blank\"><img loading=\"lazy\" decoding=\"async\" class=\"alignnone wp-image-3112\" src=\"https:\/\/neue-herbold.com\/wp-content\/uploads\/2014\/12\/Transportschnecke-2-300x228.jpg\" alt=\"Transportschnecke 2\" width=\"282\" height=\"214\" srcset=\"https:\/\/neue-herbold.com\/wp-content\/uploads\/2014\/12\/Transportschnecke-2-300x228.jpg 300w, https:\/\/neue-herbold.com\/wp-content\/uploads\/2014\/12\/Transportschnecke-2-1024x779.jpg 1024w, https:\/\/neue-herbold.com\/wp-content\/uploads\/2014\/12\/Transportschnecke-2-100x76.jpg 100w, https:\/\/neue-herbold.com\/wp-content\/uploads\/2014\/12\/Transportschnecke-2-150x114.jpg 150w, https:\/\/neue-herbold.com\/wp-content\/uploads\/2014\/12\/Transportschnecke-2-200x152.jpg 200w, https:\/\/neue-herbold.com\/wp-content\/uploads\/2014\/12\/Transportschnecke-2-450x342.jpg 450w, https:\/\/neue-herbold.com\/wp-content\/uploads\/2014\/12\/Transportschnecke-2-600x457.jpg 600w, https:\/\/neue-herbold.com\/wp-content\/uploads\/2014\/12\/Transportschnecke-2-900x685.jpg 900w, https:\/\/neue-herbold.com\/wp-content\/uploads\/2014\/12\/Transportschnecke-2.jpg 1200w\" sizes=\"(max-width: 282px) 100vw, 282px\" \/><\/a><\/p>\n<div>\n<h5><b><i>8. <u><a href=\"https:\/\/neue-herbold.com\/es\/programa-de-suministro\/\">Molino cortante<\/a><\/u><\/i><\/b><\/h5>\n<p>para moler el material en un tama\u00f1o granular de aprox. 10 mm<\/p>\n<\/div>\n<p><a href=\"https:\/\/neue-herbold.com\/wp-content\/uploads\/2014\/12\/SM1200-800-wei\u00df.jpg\" target=\"_blank\"><img loading=\"lazy\" decoding=\"async\" class=\"alignnone wp-image-3085 size-medium\" src=\"https:\/\/neue-herbold.com\/wp-content\/uploads\/2014\/12\/SM1200-800-wei\u00df-194x300.jpg\" alt=\"SM1200-800-wei\u00df\" width=\"194\" height=\"300\" srcset=\"https:\/\/neue-herbold.com\/wp-content\/uploads\/2014\/12\/SM1200-800-wei\u00df-194x300.jpg 194w, https:\/\/neue-herbold.com\/wp-content\/uploads\/2014\/12\/SM1200-800-wei\u00df-100x154.jpg 100w, https:\/\/neue-herbold.com\/wp-content\/uploads\/2014\/12\/SM1200-800-wei\u00df-150x231.jpg 150w, https:\/\/neue-herbold.com\/wp-content\/uploads\/2014\/12\/SM1200-800-wei\u00df-200x308.jpg 200w, https:\/\/neue-herbold.com\/wp-content\/uploads\/2014\/12\/SM1200-800-wei\u00df-300x463.jpg 300w, https:\/\/neue-herbold.com\/wp-content\/uploads\/2014\/12\/SM1200-800-wei\u00df-450x694.jpg 450w, https:\/\/neue-herbold.com\/wp-content\/uploads\/2014\/12\/SM1200-800-wei\u00df.jpg 583w\" sizes=\"(max-width: 194px) 100vw, 194px\" \/><\/a><\/p>\n<div>\n<h5><b><i>9. <u><a href=\"https:\/\/neue-herbold.com\/es\/instalaciones-de-aspiracion\/\">Instalaci\u00f3n de aspiraci\u00f3n<\/a><\/u><\/i><\/b><\/h5>\n<p>para descargar el material desde el molino<\/p>\n<\/div>\n<div>\n<h5><b><i>10. Secador mec\u00e1nico<\/i><\/b><\/h5>\n<p class=\"Normal\">Serie <b><u><a href=\"https:\/\/neue-herbold.com\/es\/secaderos-mecanicos-tm\/\">TM<\/a> <\/u><\/b> para el secado superficial previo del material<\/p>\n<\/div>\n<p><a href=\"https:\/\/neue-herbold.com\/wp-content\/uploads\/2014\/12\/TM-1006.jpg\" target=\"_blank\"><img loading=\"lazy\" decoding=\"async\" class=\"alignnone wp-image-3023\" src=\"https:\/\/neue-herbold.com\/wp-content\/uploads\/2014\/12\/TM-1006-300x274.jpg\" alt=\"TM 1006\" width=\"255\" height=\"249\" \/><\/a><\/p>\n<div>\n<h5><b><i>11. Secado t\u00e9rmico<\/i><\/b><\/h5>\n<p class=\"Normal\">Serie <strong><a href=\"https:\/\/neue-herbold.com\/es\/secadores-termicos-tt\/\">TT<\/a><\/strong> para el secado ulterior del material en una humedad residual &lt; 1 porciento en peso<\/p>\n<\/div>\n<p><a href=\"https:\/\/neue-herbold.com\/wp-content\/uploads\/2014\/12\/TT-P1250007.jpg\" target=\"_blank\"><img loading=\"lazy\" decoding=\"async\" class=\"alignnone wp-image-3036 size-medium\" src=\"https:\/\/neue-herbold.com\/wp-content\/uploads\/2014\/12\/TT-P1250007-212x300.jpg\" alt=\"TT P1250007\" width=\"212\" height=\"300\" srcset=\"https:\/\/neue-herbold.com\/wp-content\/uploads\/2014\/12\/TT-P1250007-212x300.jpg 212w, https:\/\/neue-herbold.com\/wp-content\/uploads\/2014\/12\/TT-P1250007-100x141.jpg 100w, https:\/\/neue-herbold.com\/wp-content\/uploads\/2014\/12\/TT-P1250007-150x212.jpg 150w, https:\/\/neue-herbold.com\/wp-content\/uploads\/2014\/12\/TT-P1250007-200x283.jpg 200w, https:\/\/neue-herbold.com\/wp-content\/uploads\/2014\/12\/TT-P1250007-300x424.jpg 300w, https:\/\/neue-herbold.com\/wp-content\/uploads\/2014\/12\/TT-P1250007-450x636.jpg 450w, https:\/\/neue-herbold.com\/wp-content\/uploads\/2014\/12\/TT-P1250007-600x849.jpg 600w, https:\/\/neue-herbold.com\/wp-content\/uploads\/2014\/12\/TT-P1250007.jpg 636w\" sizes=\"(max-width: 212px) 100vw, 212px\" \/><\/a><\/p>\n<div>\n<h5><b><i>12. Transporte neum\u00e1tico \/ estaci\u00f3n de relleno bigbag<\/i><\/b><\/h5>\n<p>para el transporte subsiguiente del material y para el el relleno en bigbag<\/p>\n<h5><b><i>13. Bomba elevadora de aguas sucias<\/i><\/b><\/h5>\n<p>para el transporte de aguas residuales hacia la m\u00e1quina cribadora<\/p>\n<h5><b><i>14. Cribadora oscilante de la serie <u><a href=\"https:\/\/neue-herbold.com\/es\/cribadoras-oscilantes-tsm\/\">TSM<\/a><\/u><\/i><\/b><\/h5>\n<p>para extraer part\u00edculas flotantes y materiales residuales del agua residual por cribado antes de desviaci\u00f3n en el canal de drenaje<\/p>\n<\/div>\n<div>\n<h5><b><i>Esquema de operaciones cajas de botellas:<\/i><\/b><\/h5>\n<\/div>\n<p><a href=\"https:\/\/neue-herbold.com\/wp-content\/uploads\/2014\/12\/Fliesschema-Getraenkekaesten.jpg\" target=\"_blank\"><img loading=\"lazy\" decoding=\"async\" class=\"alignnone wp-image-6103\" src=\"https:\/\/neue-herbold.com\/wp-content\/uploads\/2014\/12\/Fliesschema-Getraenkekaesten.jpg\" alt=\"\" width=\"860\" height=\"538\" srcset=\"https:\/\/neue-herbold.com\/wp-content\/uploads\/2014\/12\/Fliesschema-Getraenkekaesten.jpg 1200w, https:\/\/neue-herbold.com\/wp-content\/uploads\/2014\/12\/Fliesschema-Getraenkekaesten-300x188.jpg 300w, https:\/\/neue-herbold.com\/wp-content\/uploads\/2014\/12\/Fliesschema-Getraenkekaesten-1024x640.jpg 1024w, https:\/\/neue-herbold.com\/wp-content\/uploads\/2014\/12\/Fliesschema-Getraenkekaesten-100x63.jpg 100w, https:\/\/neue-herbold.com\/wp-content\/uploads\/2014\/12\/Fliesschema-Getraenkekaesten-150x94.jpg 150w, https:\/\/neue-herbold.com\/wp-content\/uploads\/2014\/12\/Fliesschema-Getraenkekaesten-200x125.jpg 200w, https:\/\/neue-herbold.com\/wp-content\/uploads\/2014\/12\/Fliesschema-Getraenkekaesten-450x281.jpg 450w, https:\/\/neue-herbold.com\/wp-content\/uploads\/2014\/12\/Fliesschema-Getraenkekaesten-600x375.jpg 600w, https:\/\/neue-herbold.com\/wp-content\/uploads\/2014\/12\/Fliesschema-Getraenkekaesten-900x563.jpg 900w\" sizes=\"(max-width: 860px) 100vw, 860px\" \/><\/a><\/p>\n","protected":false},"excerpt":{"rendered":"<div>\n<p><b>Condici\u00f3n previa para el empleo de un sistema de reciclaje es una detallada determinaci\u00f3n de la definici\u00f3n del problema:<\/b><\/p>\n<ul>\n<li class=\"Normal\">La definici\u00f3n de las contaminaciones o impurezas present\u00e1ndose<\/li>\n<li class=\"Normal\">La definici\u00f3n referente al empleo del material reciclado<\/li>\n<\/ul>\n<p>A base de estos datos componemos el correspondiente sistema seg\u00fan el principio de unidades modulares.<\/p>\n<\/div>\n<p><span class=\"ellipsis\">&hellip;<\/span><\/p>\n<div class=\"read-more\"><a href=\"https:\/\/neue-herbold.com\/es\/reciclaje-de-cajas-de-botellas-de-pe-pp\/\">Leer m\u00e1s \u203a<\/a><\/div>\n<p><!-- end of .read-more --><\/p>\n","protected":false},"author":1,"featured_media":0,"parent":0,"menu_order":0,"comment_status":"closed","ping_status":"closed","template":"","meta":{"footnotes":""},"class_list":["post-8565","page","type-page","status-publish","hentry"],"yoast_head":"<!-- This site is optimized with the Yoast SEO plugin v25.4 - https:\/\/yoast.com\/wordpress\/plugins\/seo\/ -->\n<title>Reciclaje de cajas de botellas de PE \/ PP - Neue Herbold GmbH<\/title>\n<meta name=\"description\" content=\"Condici\u00f3n previa para el empleo de un sistema Reciclaje de cajas de botellas es una detallada determinaci\u00f3n de la definici\u00f3n del problema:\" \/>\n<meta name=\"robots\" content=\"index, follow, max-snippet:-1, max-image-preview:large, max-video-preview:-1\" \/>\n<link rel=\"canonical\" href=\"https:\/\/neue-herbold.com\/es\/reciclaje-de-cajas-de-botellas-de-pe-pp\/\" \/>\n<meta property=\"og:locale\" content=\"es_ES\" \/>\n<meta property=\"og:type\" content=\"article\" \/>\n<meta property=\"og:title\" content=\"Reciclaje de cajas de botellas de PE \/ PP - Neue Herbold GmbH\" \/>\n<meta property=\"og:description\" content=\"Condici\u00f3n previa para el empleo de un sistema Reciclaje de cajas de botellas es una detallada determinaci\u00f3n de la definici\u00f3n del problema:\" \/>\n<meta property=\"og:url\" content=\"https:\/\/neue-herbold.com\/es\/reciclaje-de-cajas-de-botellas-de-pe-pp\/\" \/>\n<meta property=\"og:site_name\" content=\"Neue Herbold GmbH\" \/>\n<meta property=\"article:modified_time\" content=\"2016-06-03T20:12:12+00:00\" \/>\n<meta property=\"og:image\" content=\"https:\/\/neue-herbold.com\/wp-content\/uploads\/2014\/12\/HZR-1300-1-1024x785.jpg\" \/>\n<meta name=\"twitter:label1\" content=\"Tiempo de lectura\" \/>\n\t<meta name=\"twitter:data1\" content=\"2 minutes\" \/>\n<script type=\"application\/ld+json\" class=\"yoast-schema-graph\">{\"@context\":\"https:\/\/schema.org\",\"@graph\":[{\"@type\":\"WebPage\",\"@id\":\"https:\/\/neue-herbold.com\/es\/reciclaje-de-cajas-de-botellas-de-pe-pp\/\",\"url\":\"https:\/\/neue-herbold.com\/es\/reciclaje-de-cajas-de-botellas-de-pe-pp\/\",\"name\":\"Reciclaje de cajas de botellas de PE \/ PP - Neue Herbold GmbH\",\"isPartOf\":{\"@id\":\"https:\/\/neue-herbold.com\/en\/#website\"},\"primaryImageOfPage\":{\"@id\":\"https:\/\/neue-herbold.com\/es\/reciclaje-de-cajas-de-botellas-de-pe-pp\/#primaryimage\"},\"image\":{\"@id\":\"https:\/\/neue-herbold.com\/es\/reciclaje-de-cajas-de-botellas-de-pe-pp\/#primaryimage\"},\"thumbnailUrl\":\"https:\/\/neue-herbold.com\/wp-content\/uploads\/2014\/12\/HZR-1300-1-1024x785.jpg\",\"datePublished\":\"2016-06-03T19:50:44+00:00\",\"dateModified\":\"2016-06-03T20:12:12+00:00\",\"description\":\"Condici\u00f3n previa para el empleo de un sistema Reciclaje de cajas de botellas es una detallada determinaci\u00f3n de la definici\u00f3n del problema:\",\"breadcrumb\":{\"@id\":\"https:\/\/neue-herbold.com\/es\/reciclaje-de-cajas-de-botellas-de-pe-pp\/#breadcrumb\"},\"inLanguage\":\"es-ES\",\"potentialAction\":[{\"@type\":\"ReadAction\",\"target\":[\"https:\/\/neue-herbold.com\/es\/reciclaje-de-cajas-de-botellas-de-pe-pp\/\"]}]},{\"@type\":\"ImageObject\",\"inLanguage\":\"es-ES\",\"@id\":\"https:\/\/neue-herbold.com\/es\/reciclaje-de-cajas-de-botellas-de-pe-pp\/#primaryimage\",\"url\":\"https:\/\/neue-herbold.com\/wp-content\/uploads\/2014\/12\/HZR-1300-1-1024x785.jpg\",\"contentUrl\":\"https:\/\/neue-herbold.com\/wp-content\/uploads\/2014\/12\/HZR-1300-1-1024x785.jpg\"},{\"@type\":\"BreadcrumbList\",\"@id\":\"https:\/\/neue-herbold.com\/es\/reciclaje-de-cajas-de-botellas-de-pe-pp\/#breadcrumb\",\"itemListElement\":[{\"@type\":\"ListItem\",\"position\":1,\"name\":\"Startseite\",\"item\":\"https:\/\/neue-herbold.com\/es\/\"},{\"@type\":\"ListItem\",\"position\":2,\"name\":\"Reciclaje de cajas de botellas de PE \/ PP\"}]},{\"@type\":\"WebSite\",\"@id\":\"https:\/\/neue-herbold.com\/en\/#website\",\"url\":\"https:\/\/neue-herbold.com\/en\/\",\"name\":\"Neue Herbold GmbH\",\"description\":\"\",\"potentialAction\":[{\"@type\":\"SearchAction\",\"target\":{\"@type\":\"EntryPoint\",\"urlTemplate\":\"https:\/\/neue-herbold.com\/en\/?s={search_term_string}\"},\"query-input\":{\"@type\":\"PropertyValueSpecification\",\"valueRequired\":true,\"valueName\":\"search_term_string\"}}],\"inLanguage\":\"es-ES\"}]}<\/script>\n<!-- \/ Yoast SEO plugin. -->","yoast_head_json":{"title":"Reciclaje de cajas de botellas de PE \/ PP - Neue Herbold GmbH","description":"Condici\u00f3n previa para el empleo de un sistema Reciclaje de cajas de botellas es una detallada determinaci\u00f3n de la definici\u00f3n del problema:","robots":{"index":"index","follow":"follow","max-snippet":"max-snippet:-1","max-image-preview":"max-image-preview:large","max-video-preview":"max-video-preview:-1"},"canonical":"https:\/\/neue-herbold.com\/es\/reciclaje-de-cajas-de-botellas-de-pe-pp\/","og_locale":"es_ES","og_type":"article","og_title":"Reciclaje de cajas de botellas de PE \/ PP - Neue Herbold GmbH","og_description":"Condici\u00f3n previa para el empleo de un sistema Reciclaje de cajas de botellas es una detallada determinaci\u00f3n de la definici\u00f3n del problema:","og_url":"https:\/\/neue-herbold.com\/es\/reciclaje-de-cajas-de-botellas-de-pe-pp\/","og_site_name":"Neue Herbold GmbH","article_modified_time":"2016-06-03T20:12:12+00:00","og_image":[{"url":"https:\/\/neue-herbold.com\/wp-content\/uploads\/2014\/12\/HZR-1300-1-1024x785.jpg","type":"","width":"","height":""}],"twitter_misc":{"Tiempo de lectura":"2 minutes"},"schema":{"@context":"https:\/\/schema.org","@graph":[{"@type":"WebPage","@id":"https:\/\/neue-herbold.com\/es\/reciclaje-de-cajas-de-botellas-de-pe-pp\/","url":"https:\/\/neue-herbold.com\/es\/reciclaje-de-cajas-de-botellas-de-pe-pp\/","name":"Reciclaje de cajas de botellas de PE \/ PP - Neue Herbold GmbH","isPartOf":{"@id":"https:\/\/neue-herbold.com\/en\/#website"},"primaryImageOfPage":{"@id":"https:\/\/neue-herbold.com\/es\/reciclaje-de-cajas-de-botellas-de-pe-pp\/#primaryimage"},"image":{"@id":"https:\/\/neue-herbold.com\/es\/reciclaje-de-cajas-de-botellas-de-pe-pp\/#primaryimage"},"thumbnailUrl":"https:\/\/neue-herbold.com\/wp-content\/uploads\/2014\/12\/HZR-1300-1-1024x785.jpg","datePublished":"2016-06-03T19:50:44+00:00","dateModified":"2016-06-03T20:12:12+00:00","description":"Condici\u00f3n previa para el empleo de un sistema Reciclaje de cajas de botellas es una detallada determinaci\u00f3n de la definici\u00f3n del problema:","breadcrumb":{"@id":"https:\/\/neue-herbold.com\/es\/reciclaje-de-cajas-de-botellas-de-pe-pp\/#breadcrumb"},"inLanguage":"es-ES","potentialAction":[{"@type":"ReadAction","target":["https:\/\/neue-herbold.com\/es\/reciclaje-de-cajas-de-botellas-de-pe-pp\/"]}]},{"@type":"ImageObject","inLanguage":"es-ES","@id":"https:\/\/neue-herbold.com\/es\/reciclaje-de-cajas-de-botellas-de-pe-pp\/#primaryimage","url":"https:\/\/neue-herbold.com\/wp-content\/uploads\/2014\/12\/HZR-1300-1-1024x785.jpg","contentUrl":"https:\/\/neue-herbold.com\/wp-content\/uploads\/2014\/12\/HZR-1300-1-1024x785.jpg"},{"@type":"BreadcrumbList","@id":"https:\/\/neue-herbold.com\/es\/reciclaje-de-cajas-de-botellas-de-pe-pp\/#breadcrumb","itemListElement":[{"@type":"ListItem","position":1,"name":"Startseite","item":"https:\/\/neue-herbold.com\/es\/"},{"@type":"ListItem","position":2,"name":"Reciclaje de cajas de botellas de PE \/ PP"}]},{"@type":"WebSite","@id":"https:\/\/neue-herbold.com\/en\/#website","url":"https:\/\/neue-herbold.com\/en\/","name":"Neue Herbold GmbH","description":"","potentialAction":[{"@type":"SearchAction","target":{"@type":"EntryPoint","urlTemplate":"https:\/\/neue-herbold.com\/en\/?s={search_term_string}"},"query-input":{"@type":"PropertyValueSpecification","valueRequired":true,"valueName":"search_term_string"}}],"inLanguage":"es-ES"}]}},"_links":{"self":[{"href":"https:\/\/neue-herbold.com\/es\/wp-json\/wp\/v2\/pages\/8565"}],"collection":[{"href":"https:\/\/neue-herbold.com\/es\/wp-json\/wp\/v2\/pages"}],"about":[{"href":"https:\/\/neue-herbold.com\/es\/wp-json\/wp\/v2\/types\/page"}],"author":[{"embeddable":true,"href":"https:\/\/neue-herbold.com\/es\/wp-json\/wp\/v2\/users\/1"}],"replies":[{"embeddable":true,"href":"https:\/\/neue-herbold.com\/es\/wp-json\/wp\/v2\/comments?post=8565"}],"version-history":[{"count":2,"href":"https:\/\/neue-herbold.com\/es\/wp-json\/wp\/v2\/pages\/8565\/revisions"}],"predecessor-version":[{"id":8578,"href":"https:\/\/neue-herbold.com\/es\/wp-json\/wp\/v2\/pages\/8565\/revisions\/8578"}],"wp:attachment":[{"href":"https:\/\/neue-herbold.com\/es\/wp-json\/wp\/v2\/media?parent=8565"}],"curies":[{"name":"wp","href":"https:\/\/api.w.org\/{rel}","templated":true}]}}