{"id":8512,"date":"2016-06-03T19:29:25","date_gmt":"2016-06-03T17:29:25","guid":{"rendered":"https:\/\/neue-herbold.com\/es\/uebersicht-baureihen-schneidmuehlen\/"},"modified":"2016-06-03T19:40:07","modified_gmt":"2016-06-03T17:40:07","slug":"vista-general-series-de-construccion-molinos-cortantes","status":"publish","type":"page","link":"https:\/\/neue-herbold.com\/es\/vista-general-series-de-construccion-molinos-cortantes\/","title":{"rendered":"Vista general: Series de construcci\u00f3n Molinos cortantes"},"content":{"rendered":"<p><strong><a href=\"https:\/\/neue-herbold.com\/es\/trituradores-lm\/\">Molinos cortantes \/ granuladores de la serie LM<\/a><\/strong><\/p>\n<ul>\n<li>trituraci\u00f3n de l\u00e1minas sueltas (p.ej. in-line)<\/li>\n<li>trituraci\u00f3n de bidones<\/li>\n<li>trituraci\u00f3n de tubos de PVC (tubos de paredes delgadas de PE, de PP)<\/li>\n<li>trituraci\u00f3n de perfiles<\/li>\n<li>trituraci\u00f3n de parachoques de autom\u00f3viles<\/li>\n<li>trituraci\u00f3n de desechos de rejillas estampadas<\/li>\n<li>trituraci\u00f3n de desechos de piezas moldeadas por inyecci\u00f3n<\/li>\n<li>trituraci\u00f3n de partes embutidas a profundidad<\/li>\n<\/ul>\n<div id=\"attachment_3467\" style=\"width: 290px\" class=\"wp-caption alignnone\"><a style=\"color: #0000ff;\" href=\"https:\/\/neue-herbold.com\/wp-content\/uploads\/2014\/11\/LMV-450-1000_1.jpg\" target=\"_blank\"><img loading=\"lazy\" decoding=\"async\" aria-describedby=\"caption-attachment-3467\" class=\"wp-image-3467\" src=\"https:\/\/neue-herbold.com\/wp-content\/uploads\/2014\/11\/LMV-450-1000_1-1024x965.jpg\" alt=\"\" width=\"280\" height=\"264\" srcset=\"https:\/\/neue-herbold.com\/wp-content\/uploads\/2014\/11\/LMV-450-1000_1-1024x965.jpg 1024w, https:\/\/neue-herbold.com\/wp-content\/uploads\/2014\/11\/LMV-450-1000_1-300x283.jpg 300w, https:\/\/neue-herbold.com\/wp-content\/uploads\/2014\/11\/LMV-450-1000_1-100x94.jpg 100w, https:\/\/neue-herbold.com\/wp-content\/uploads\/2014\/11\/LMV-450-1000_1-150x141.jpg 150w, https:\/\/neue-herbold.com\/wp-content\/uploads\/2014\/11\/LMV-450-1000_1-200x188.jpg 200w, https:\/\/neue-herbold.com\/wp-content\/uploads\/2014\/11\/LMV-450-1000_1-450x424.jpg 450w, https:\/\/neue-herbold.com\/wp-content\/uploads\/2014\/11\/LMV-450-1000_1-600x566.jpg 600w, https:\/\/neue-herbold.com\/wp-content\/uploads\/2014\/11\/LMV-450-1000_1-900x849.jpg 900w, https:\/\/neue-herbold.com\/wp-content\/uploads\/2014\/11\/LMV-450-1000_1.jpg 1200w\" sizes=\"(max-width: 280px) 100vw, 280px\" \/><\/a><p id=\"caption-attachment-3467\" class=\"wp-caption-text\">LM 450 \/ 1000<\/p><\/div>\n<p><a href=\"https:\/\/neue-herbold.com\/es\/trituradores-sm\/\"><strong>Molinos cortantes \/ granuladores de la serie SM<\/strong><\/a><\/p>\n<ul>\n<li>trituraci\u00f3n de mazacotes macizos<\/li>\n<li>trituraci\u00f3n de falsos lingotes<\/li>\n<li>trituraci\u00f3n de balas de caucho<\/li>\n<li>trituraci\u00f3n de perfiles macizos<\/li>\n<li>trituraci\u00f3n de placas de paredes gruesas<\/li>\n<li>trituraci\u00f3n de cajas de botellas \/ cajas de bebidas<\/li>\n<li>trituraci\u00f3n de fibras de PA<\/li>\n<li>trituraci\u00f3n de balas de l\u00e1minas<\/li>\n<\/ul>\n<p>a elecci\u00f3n tambi\u00e9n disponibles en ejecuci\u00f3n para materiales h\u00famedos (molino cortante en h\u00famedo \/ molino lavador)<\/p>\n<p>&nbsp;<\/p>\n<div id=\"attachment_3085\" style=\"width: 290px\" class=\"wp-caption alignnone\"><a style=\"color: #0000ff;\" href=\"https:\/\/neue-herbold.com\/wp-content\/uploads\/2014\/12\/SM1200-800-wei\u00df.jpg\" target=\"_blank\"><img loading=\"lazy\" decoding=\"async\" aria-describedby=\"caption-attachment-3085\" class=\"wp-image-3085\" src=\"https:\/\/neue-herbold.com\/wp-content\/uploads\/2014\/12\/SM1200-800-wei\u00df.jpg\" alt=\"\" width=\"280\" height=\"432\" srcset=\"https:\/\/neue-herbold.com\/wp-content\/uploads\/2014\/12\/SM1200-800-wei\u00df.jpg 583w, https:\/\/neue-herbold.com\/wp-content\/uploads\/2014\/12\/SM1200-800-wei\u00df-194x300.jpg 194w, https:\/\/neue-herbold.com\/wp-content\/uploads\/2014\/12\/SM1200-800-wei\u00df-100x154.jpg 100w, https:\/\/neue-herbold.com\/wp-content\/uploads\/2014\/12\/SM1200-800-wei\u00df-150x231.jpg 150w, https:\/\/neue-herbold.com\/wp-content\/uploads\/2014\/12\/SM1200-800-wei\u00df-200x308.jpg 200w, https:\/\/neue-herbold.com\/wp-content\/uploads\/2014\/12\/SM1200-800-wei\u00df-300x463.jpg 300w, https:\/\/neue-herbold.com\/wp-content\/uploads\/2014\/12\/SM1200-800-wei\u00df-450x694.jpg 450w\" sizes=\"(max-width: 280px) 100vw, 280px\" \/><\/a><p id=\"caption-attachment-3085\" class=\"wp-caption-text\">SM 800 \/ 1200<\/p><\/div>\n<p><strong><a href=\"https:\/\/neue-herbold.com\/es\/trituradores-smv\/\">Molinos cortantes \/ granuladores de la serie SMV<\/a><\/strong><\/p>\n<ul>\n<li>trituraci\u00f3n de l\u00e1minas delgadas (p.ej. BOPP \/ BOPET \/ PP)<\/li>\n<li>trituraci\u00f3n de cintas sueltas<\/li>\n<li>trituraci\u00f3n de bigbags de PP<\/li>\n<li>trituraci\u00f3n de balas de l\u00e1minas<\/li>\n<\/ul>\n<div id=\"attachment_3469\" style=\"width: 290px\" class=\"wp-caption alignnone\"><a style=\"color: #0000ff;\" href=\"https:\/\/neue-herbold.com\/wp-content\/uploads\/2014\/11\/SMV600_1000S5_3_98IIF.jpg\" target=\"_blank\"><img loading=\"lazy\" decoding=\"async\" aria-describedby=\"caption-attachment-3469\" class=\"wp-image-3469\" src=\"https:\/\/neue-herbold.com\/wp-content\/uploads\/2014\/11\/SMV600_1000S5_3_98IIF-1024x724.jpg\" alt=\"\" width=\"280\" height=\"198\" srcset=\"https:\/\/neue-herbold.com\/wp-content\/uploads\/2014\/11\/SMV600_1000S5_3_98IIF-1024x724.jpg 1024w, https:\/\/neue-herbold.com\/wp-content\/uploads\/2014\/11\/SMV600_1000S5_3_98IIF-300x212.jpg 300w, https:\/\/neue-herbold.com\/wp-content\/uploads\/2014\/11\/SMV600_1000S5_3_98IIF-100x70.jpg 100w, https:\/\/neue-herbold.com\/wp-content\/uploads\/2014\/11\/SMV600_1000S5_3_98IIF-150x106.jpg 150w, https:\/\/neue-herbold.com\/wp-content\/uploads\/2014\/11\/SMV600_1000S5_3_98IIF-200x141.jpg 200w, https:\/\/neue-herbold.com\/wp-content\/uploads\/2014\/11\/SMV600_1000S5_3_98IIF-450x318.jpg 450w, https:\/\/neue-herbold.com\/wp-content\/uploads\/2014\/11\/SMV600_1000S5_3_98IIF-600x424.jpg 600w, https:\/\/neue-herbold.com\/wp-content\/uploads\/2014\/11\/SMV600_1000S5_3_98IIF-900x636.jpg 900w, https:\/\/neue-herbold.com\/wp-content\/uploads\/2014\/11\/SMV600_1000S5_3_98IIF.jpg 1200w\" sizes=\"(max-width: 280px) 100vw, 280px\" \/><\/a><p id=\"caption-attachment-3469\" class=\"wp-caption-text\">SMV 600 \/ 1000<\/p><\/div>\n<p><strong><a href=\"https:\/\/neue-herbold.com\/es\/molinos-cortantes-sx\/\">Molinos cortantes \/ granuladores de la serie SX<\/a><\/strong><\/p>\n<ul>\n<li>trituraci\u00f3n de cantidades grandes de l\u00e1minas delgadas (p.ej. BOPP \/ BOPET \/ PP)<\/li>\n<li>trituraci\u00f3n de cintas sueltas<\/li>\n<li>trituraci\u00f3n de bigbags de PP<\/li>\n<li>trituraci\u00f3n de balas de l\u00e1minas<\/li>\n<\/ul>\n<div id=\"attachment_3470\" style=\"width: 290px\" class=\"wp-caption alignnone\"><a style=\"color: #0000ff;\" href=\"https:\/\/neue-herbold.com\/wp-content\/uploads\/2014\/11\/SX800_1200S7_3_97IF.jpg\" target=\"_blank\"><img loading=\"lazy\" decoding=\"async\" aria-describedby=\"caption-attachment-3470\" class=\"wp-image-3470\" src=\"https:\/\/neue-herbold.com\/wp-content\/uploads\/2014\/11\/SX800_1200S7_3_97IF-722x1024.jpg\" alt=\"\" width=\"280\" height=\"397\" srcset=\"https:\/\/neue-herbold.com\/wp-content\/uploads\/2014\/11\/SX800_1200S7_3_97IF-722x1024.jpg 722w, https:\/\/neue-herbold.com\/wp-content\/uploads\/2014\/11\/SX800_1200S7_3_97IF-211x300.jpg 211w, https:\/\/neue-herbold.com\/wp-content\/uploads\/2014\/11\/SX800_1200S7_3_97IF-100x141.jpg 100w, https:\/\/neue-herbold.com\/wp-content\/uploads\/2014\/11\/SX800_1200S7_3_97IF-150x212.jpg 150w, https:\/\/neue-herbold.com\/wp-content\/uploads\/2014\/11\/SX800_1200S7_3_97IF-200x283.jpg 200w, https:\/\/neue-herbold.com\/wp-content\/uploads\/2014\/11\/SX800_1200S7_3_97IF-300x424.jpg 300w, https:\/\/neue-herbold.com\/wp-content\/uploads\/2014\/11\/SX800_1200S7_3_97IF-450x637.jpg 450w, https:\/\/neue-herbold.com\/wp-content\/uploads\/2014\/11\/SX800_1200S7_3_97IF-600x849.jpg 600w, https:\/\/neue-herbold.com\/wp-content\/uploads\/2014\/11\/SX800_1200S7_3_97IF-900x1274.jpg 900w, https:\/\/neue-herbold.com\/wp-content\/uploads\/2014\/11\/SX800_1200S7_3_97IF.jpg 1138w\" sizes=\"(max-width: 280px) 100vw, 280px\" \/><\/a><p id=\"caption-attachment-3470\" class=\"wp-caption-text\">SX 800 \/ 1200<\/p><\/div>\n<p><strong><a href=\"https:\/\/neue-herbold.com\/es\/molinos-para-cortar-perfiles-y-tubos-sr-lp\/\">Molinos cortantes \/ granuladores de la serie SR<\/a><\/strong><\/p>\n<ul>\n<li>trituraci\u00f3n de tubos largos<\/li>\n<li>trituraci\u00f3n de perfiles largos<\/li>\n<\/ul>\n<p>alimentaci\u00f3n de material, a elecci\u00f3n con tolva basculante o con pozo de alimentaci\u00f3n de materiales.<\/p>\n<div id=\"attachment_2943\" style=\"width: 360px\" class=\"wp-caption alignnone\"><a style=\"color: #0000ff;\" href=\"https:\/\/neue-herbold.com\/wp-content\/uploads\/2014\/11\/SR800_600A4_2_98IVF.jpg\" target=\"_blank\"><img loading=\"lazy\" decoding=\"async\" aria-describedby=\"caption-attachment-2943\" class=\"wp-image-2943\" src=\"https:\/\/neue-herbold.com\/wp-content\/uploads\/2014\/11\/SR800_600A4_2_98IVF-1024x654.jpg\" alt=\"\" width=\"350\" height=\"224\" srcset=\"https:\/\/neue-herbold.com\/wp-content\/uploads\/2014\/11\/SR800_600A4_2_98IVF-1024x654.jpg 1024w, https:\/\/neue-herbold.com\/wp-content\/uploads\/2014\/11\/SR800_600A4_2_98IVF-300x191.jpg 300w, https:\/\/neue-herbold.com\/wp-content\/uploads\/2014\/11\/SR800_600A4_2_98IVF-100x63.jpg 100w, https:\/\/neue-herbold.com\/wp-content\/uploads\/2014\/11\/SR800_600A4_2_98IVF-150x95.jpg 150w, https:\/\/neue-herbold.com\/wp-content\/uploads\/2014\/11\/SR800_600A4_2_98IVF-200x127.jpg 200w, https:\/\/neue-herbold.com\/wp-content\/uploads\/2014\/11\/SR800_600A4_2_98IVF-450x287.jpg 450w, https:\/\/neue-herbold.com\/wp-content\/uploads\/2014\/11\/SR800_600A4_2_98IVF-600x383.jpg 600w, https:\/\/neue-herbold.com\/wp-content\/uploads\/2014\/11\/SR800_600A4_2_98IVF-900x575.jpg 900w, https:\/\/neue-herbold.com\/wp-content\/uploads\/2014\/11\/SR800_600A4_2_98IVF.jpg 1419w\" sizes=\"(max-width: 350px) 100vw, 350px\" \/><\/a><p id=\"caption-attachment-2943\" class=\"wp-caption-text\">SR 800 \/ 600<\/p><\/div>\n<p><a href=\"https:\/\/neue-herbold.com\/es\/molinos-para-cortar-perfiles-y-tubos-sr-lp\/\"><strong>Molinos cortantes \/ granuladores de la serie LP\/ SP<\/strong><\/a><\/p>\n<ul>\n<li>trituraci\u00f3n de perfiles largos<\/li>\n<li>trituraci\u00f3n de perfiles para ventanas, etc.<\/li>\n<\/ul>\n<p>alimentaci\u00f3n de material a mano o con alimentaci\u00f3n forzada a trav\u00e9s de dispositivo arrastrador por rodillos.<\/p>\n<div id=\"attachment_3471\" style=\"width: 290px\" class=\"wp-caption alignnone\"><a style=\"color: #0000ff;\" href=\"https:\/\/neue-herbold.com\/wp-content\/uploads\/2014\/11\/SP450_1000F9_2_98IF1.jpg\" target=\"_blank\"><img loading=\"lazy\" decoding=\"async\" aria-describedby=\"caption-attachment-3471\" class=\"wp-image-3471\" src=\"https:\/\/neue-herbold.com\/wp-content\/uploads\/2014\/11\/SP450_1000F9_2_98IF1-999x1024.jpg\" alt=\"\" width=\"280\" height=\"287\" srcset=\"https:\/\/neue-herbold.com\/wp-content\/uploads\/2014\/11\/SP450_1000F9_2_98IF1-999x1024.jpg 999w, https:\/\/neue-herbold.com\/wp-content\/uploads\/2014\/11\/SP450_1000F9_2_98IF1-292x300.jpg 292w, https:\/\/neue-herbold.com\/wp-content\/uploads\/2014\/11\/SP450_1000F9_2_98IF1-100x102.jpg 100w, https:\/\/neue-herbold.com\/wp-content\/uploads\/2014\/11\/SP450_1000F9_2_98IF1-150x153.jpg 150w, https:\/\/neue-herbold.com\/wp-content\/uploads\/2014\/11\/SP450_1000F9_2_98IF1-200x204.jpg 200w, https:\/\/neue-herbold.com\/wp-content\/uploads\/2014\/11\/SP450_1000F9_2_98IF1-300x307.jpg 300w, https:\/\/neue-herbold.com\/wp-content\/uploads\/2014\/11\/SP450_1000F9_2_98IF1-450x460.jpg 450w, https:\/\/neue-herbold.com\/wp-content\/uploads\/2014\/11\/SP450_1000F9_2_98IF1-600x614.jpg 600w, https:\/\/neue-herbold.com\/wp-content\/uploads\/2014\/11\/SP450_1000F9_2_98IF1-900x921.jpg 900w, https:\/\/neue-herbold.com\/wp-content\/uploads\/2014\/11\/SP450_1000F9_2_98IF1.jpg 1200w\" sizes=\"(max-width: 280px) 100vw, 280px\" \/><\/a><p id=\"caption-attachment-3471\" class=\"wp-caption-text\">LP 450 \/ 1000<\/p><\/div>\n<p><strong><a href=\"https:\/\/neue-herbold.com\/es\/instalaciones-trituradoras-moviles-e-instalaciones-moviles-de-reciclaje\/\">Instalaciones m\u00f3viles de trituraci\u00f3n y plantas de reciclaje<\/a><\/strong><\/p>\n<p><a style=\"color: #0000ff;\" href=\"https:\/\/neue-herbold.com\/wp-content\/uploads\/2014\/11\/mobile-anlage-2.gif\" target=\"_blank\"><img loading=\"lazy\" decoding=\"async\" class=\"wp-image-2940\" src=\"https:\/\/neue-herbold.com\/wp-content\/uploads\/2014\/11\/mobile-anlage-2.gif\" alt=\"\" width=\"350\" height=\"126\" \/><\/a><\/p>\n<p><strong>Instalaci\u00f3n m\u00f3vil de trituraci\u00f3n<\/strong><\/p>\n<p><a href=\"https:\/\/neue-herbold.com\/es\/variantes-disponibles-de-rotores-para-nuestros-molinos-cortantes\/\"><strong>Variantes de rotor referente a nuestros molinos cortantes \/ granuladores<span style=\"color: #000000;\"><br \/>\n<\/span><\/strong><\/a><\/p>\n<p><a style=\"color: #0000ff;\" href=\"https:\/\/neue-herbold.com\/wp-content\/uploads\/2014\/11\/SX800_2000S9_3_97IIIF.jpg\" target=\"_blank\"><img loading=\"lazy\" decoding=\"async\" class=\"alignnone wp-image-3472\" src=\"https:\/\/neue-herbold.com\/wp-content\/uploads\/2014\/11\/SX800_2000S9_3_97IIIF-1024x740.jpg\" alt=\"\" width=\"350\" height=\"253\" srcset=\"https:\/\/neue-herbold.com\/wp-content\/uploads\/2014\/11\/SX800_2000S9_3_97IIIF-1024x740.jpg 1024w, https:\/\/neue-herbold.com\/wp-content\/uploads\/2014\/11\/SX800_2000S9_3_97IIIF-300x217.jpg 300w, https:\/\/neue-herbold.com\/wp-content\/uploads\/2014\/11\/SX800_2000S9_3_97IIIF-100x72.jpg 100w, https:\/\/neue-herbold.com\/wp-content\/uploads\/2014\/11\/SX800_2000S9_3_97IIIF-150x108.jpg 150w, https:\/\/neue-herbold.com\/wp-content\/uploads\/2014\/11\/SX800_2000S9_3_97IIIF-200x144.jpg 200w, https:\/\/neue-herbold.com\/wp-content\/uploads\/2014\/11\/SX800_2000S9_3_97IIIF-450x325.jpg 450w, https:\/\/neue-herbold.com\/wp-content\/uploads\/2014\/11\/SX800_2000S9_3_97IIIF-600x434.jpg 600w, https:\/\/neue-herbold.com\/wp-content\/uploads\/2014\/11\/SX800_2000S9_3_97IIIF-900x651.jpg 900w, https:\/\/neue-herbold.com\/wp-content\/uploads\/2014\/11\/SX800_2000S9_3_97IIIF.jpg 1200w\" sizes=\"(max-width: 350px) 100vw, 350px\" \/><\/a><\/p>\n","protected":false},"excerpt":{"rendered":"<p><strong><a href=\"https:\/\/neue-herbold.com\/es\/trituradores-lm\/\">Molinos cortantes \/ granuladores de la serie LM<\/a><\/strong><\/p>\n<ul>\n<li>trituraci\u00f3n de l\u00e1minas sueltas (p.ej. in-line)<\/li>\n<li>trituraci\u00f3n de bidones<\/li>\n<li>trituraci\u00f3n de tubos de PVC (tubos de paredes delgadas de PE, de PP)<\/li>\n<li>trituraci\u00f3n de perfiles<\/li>\n<li>trituraci\u00f3n de parachoques de autom\u00f3viles<\/li>\n<li>trituraci\u00f3n de desechos de rejillas estampadas<\/li>\n<li>trituraci\u00f3n de desechos de piezas moldeadas por inyecci\u00f3n<\/li>\n<li>trituraci\u00f3n de partes embutidas a profundidad<\/li>\n<\/ul>\n<p><a href=\"https:\/\/neue-herbold.com\/es\/trituradores-sm\/\"><strong>Molinos cortantes \/ granuladores de la serie SM<\/strong><\/a><\/p>\n<ul>\n<li>trituraci\u00f3n de mazacotes macizos<\/li>\n<li>trituraci\u00f3n de falsos lingotes<\/li>\n<li>trituraci\u00f3n de balas de caucho<\/li>\n<li>trituraci\u00f3n de perfiles macizos<\/li>\n<li>trituraci\u00f3n de placas de paredes gruesas<\/li>\n<li>trituraci\u00f3n de cajas de botellas \/ cajas de bebidas<\/li>\n<li>trituraci\u00f3n de fibras de PA<\/li>\n<li>trituraci\u00f3n de balas de l\u00e1minas<\/li>\n<\/ul>\n<p>a elecci\u00f3n tambi\u00e9n disponibles en ejecuci\u00f3n para materiales h\u00famedos (molino cortante en h\u00famedo \/ molino lavador)<\/p>\n<p>&nbsp;<\/p>\n<p><span class=\"ellipsis\">&hellip;<\/span><\/p>\n<div class=\"read-more\"><a href=\"https:\/\/neue-herbold.com\/es\/vista-general-series-de-construccion-molinos-cortantes\/\">Leer m\u00e1s \u203a<\/a><\/div>\n<p><!-- end of .read-more --><\/p>\n","protected":false},"author":1,"featured_media":0,"parent":0,"menu_order":0,"comment_status":"closed","ping_status":"closed","template":"","meta":{"footnotes":""},"class_list":["post-8512","page","type-page","status-publish","hentry"],"yoast_head":"<!-- This site is optimized with the Yoast SEO plugin v25.4 - https:\/\/yoast.com\/wordpress\/plugins\/seo\/ -->\n<title>Vista general: Series de construcci\u00f3n Molinos cortantes - Neue Herbold GmbH<\/title>\n<meta name=\"robots\" content=\"index, follow, max-snippet:-1, max-image-preview:large, max-video-preview:-1\" \/>\n<link rel=\"canonical\" href=\"https:\/\/neue-herbold.com\/es\/vista-general-series-de-construccion-molinos-cortantes\/\" \/>\n<meta property=\"og:locale\" content=\"es_ES\" \/>\n<meta property=\"og:type\" content=\"article\" \/>\n<meta property=\"og:title\" content=\"Vista general: Series de construcci\u00f3n Molinos cortantes - Neue Herbold GmbH\" \/>\n<meta property=\"og:description\" content=\"Molinos cortantes \/ granuladores de la serie LM trituraci\u00f3n de l\u00e1minas sueltas (p.ej. in-line) trituraci\u00f3n de bidones trituraci\u00f3n de tubos de PVC (tubos de paredes delgadas de PE, de PP) trituraci\u00f3n de perfiles trituraci\u00f3n de parachoques de autom\u00f3viles trituraci\u00f3n de desechos de rejillas estampadas trituraci\u00f3n de desechos de piezas moldeadas por inyecci\u00f3n trituraci\u00f3n de partes embutidas a profundidad Molinos cortantes \/ granuladores de la serie SM trituraci\u00f3n de mazacotes macizos trituraci\u00f3n de falsos lingotes trituraci\u00f3n de balas de caucho trituraci\u00f3n de perfiles macizos trituraci\u00f3n de placas de paredes gruesas trituraci\u00f3n de cajas de botellas \/ cajas de bebidas trituraci\u00f3n de fibras de PA trituraci\u00f3n de balas de l\u00e1minas a elecci\u00f3n tambi\u00e9n disponibles en ejecuci\u00f3n para materiales h\u00famedos (molino cortante en h\u00famedo \/ molino lavador) &nbsp;&hellip;Leer m\u00e1s \u203a\" \/>\n<meta property=\"og:url\" content=\"https:\/\/neue-herbold.com\/es\/vista-general-series-de-construccion-molinos-cortantes\/\" \/>\n<meta property=\"og:site_name\" content=\"Neue Herbold GmbH\" \/>\n<meta property=\"article:modified_time\" content=\"2016-06-03T17:40:07+00:00\" \/>\n<meta property=\"og:image\" content=\"https:\/\/neue-herbold.com\/wp-content\/uploads\/2014\/11\/LMV-450-1000_1-1024x965.jpg\" \/>\n<meta name=\"twitter:label1\" content=\"Tiempo de lectura\" \/>\n\t<meta name=\"twitter:data1\" content=\"2 minutes\" \/>\n<script type=\"application\/ld+json\" class=\"yoast-schema-graph\">{\"@context\":\"https:\/\/schema.org\",\"@graph\":[{\"@type\":\"WebPage\",\"@id\":\"https:\/\/neue-herbold.com\/es\/vista-general-series-de-construccion-molinos-cortantes\/\",\"url\":\"https:\/\/neue-herbold.com\/es\/vista-general-series-de-construccion-molinos-cortantes\/\",\"name\":\"Vista general: Series de construcci\u00f3n Molinos cortantes - Neue Herbold GmbH\",\"isPartOf\":{\"@id\":\"https:\/\/neue-herbold.com\/en\/#website\"},\"primaryImageOfPage\":{\"@id\":\"https:\/\/neue-herbold.com\/es\/vista-general-series-de-construccion-molinos-cortantes\/#primaryimage\"},\"image\":{\"@id\":\"https:\/\/neue-herbold.com\/es\/vista-general-series-de-construccion-molinos-cortantes\/#primaryimage\"},\"thumbnailUrl\":\"https:\/\/neue-herbold.com\/wp-content\/uploads\/2014\/11\/LMV-450-1000_1-1024x965.jpg\",\"datePublished\":\"2016-06-03T17:29:25+00:00\",\"dateModified\":\"2016-06-03T17:40:07+00:00\",\"breadcrumb\":{\"@id\":\"https:\/\/neue-herbold.com\/es\/vista-general-series-de-construccion-molinos-cortantes\/#breadcrumb\"},\"inLanguage\":\"es-ES\",\"potentialAction\":[{\"@type\":\"ReadAction\",\"target\":[\"https:\/\/neue-herbold.com\/es\/vista-general-series-de-construccion-molinos-cortantes\/\"]}]},{\"@type\":\"ImageObject\",\"inLanguage\":\"es-ES\",\"@id\":\"https:\/\/neue-herbold.com\/es\/vista-general-series-de-construccion-molinos-cortantes\/#primaryimage\",\"url\":\"https:\/\/neue-herbold.com\/wp-content\/uploads\/2014\/11\/LMV-450-1000_1-1024x965.jpg\",\"contentUrl\":\"https:\/\/neue-herbold.com\/wp-content\/uploads\/2014\/11\/LMV-450-1000_1-1024x965.jpg\"},{\"@type\":\"BreadcrumbList\",\"@id\":\"https:\/\/neue-herbold.com\/es\/vista-general-series-de-construccion-molinos-cortantes\/#breadcrumb\",\"itemListElement\":[{\"@type\":\"ListItem\",\"position\":1,\"name\":\"Startseite\",\"item\":\"https:\/\/neue-herbold.com\/es\/\"},{\"@type\":\"ListItem\",\"position\":2,\"name\":\"Vista general: Series de construcci\u00f3n Molinos cortantes\"}]},{\"@type\":\"WebSite\",\"@id\":\"https:\/\/neue-herbold.com\/en\/#website\",\"url\":\"https:\/\/neue-herbold.com\/en\/\",\"name\":\"Neue Herbold GmbH\",\"description\":\"\",\"potentialAction\":[{\"@type\":\"SearchAction\",\"target\":{\"@type\":\"EntryPoint\",\"urlTemplate\":\"https:\/\/neue-herbold.com\/en\/?s={search_term_string}\"},\"query-input\":{\"@type\":\"PropertyValueSpecification\",\"valueRequired\":true,\"valueName\":\"search_term_string\"}}],\"inLanguage\":\"es-ES\"}]}<\/script>\n<!-- \/ Yoast SEO plugin. -->","yoast_head_json":{"title":"Vista general: Series de construcci\u00f3n Molinos cortantes - Neue Herbold GmbH","robots":{"index":"index","follow":"follow","max-snippet":"max-snippet:-1","max-image-preview":"max-image-preview:large","max-video-preview":"max-video-preview:-1"},"canonical":"https:\/\/neue-herbold.com\/es\/vista-general-series-de-construccion-molinos-cortantes\/","og_locale":"es_ES","og_type":"article","og_title":"Vista general: Series de construcci\u00f3n Molinos cortantes - Neue Herbold GmbH","og_description":"Molinos cortantes \/ granuladores de la serie LM trituraci\u00f3n de l\u00e1minas sueltas (p.ej. in-line) trituraci\u00f3n de bidones trituraci\u00f3n de tubos de PVC (tubos de paredes delgadas de PE, de PP) trituraci\u00f3n de perfiles trituraci\u00f3n de parachoques de autom\u00f3viles trituraci\u00f3n de desechos de rejillas estampadas trituraci\u00f3n de desechos de piezas moldeadas por inyecci\u00f3n trituraci\u00f3n de partes embutidas a profundidad Molinos cortantes \/ granuladores de la serie SM trituraci\u00f3n de mazacotes macizos trituraci\u00f3n de falsos lingotes trituraci\u00f3n de balas de caucho trituraci\u00f3n de perfiles macizos trituraci\u00f3n de placas de paredes gruesas trituraci\u00f3n de cajas de botellas \/ cajas de bebidas trituraci\u00f3n de fibras de PA trituraci\u00f3n de balas de l\u00e1minas a elecci\u00f3n tambi\u00e9n disponibles en ejecuci\u00f3n para materiales h\u00famedos (molino cortante en h\u00famedo \/ molino lavador) &nbsp;&hellip;Leer m\u00e1s \u203a","og_url":"https:\/\/neue-herbold.com\/es\/vista-general-series-de-construccion-molinos-cortantes\/","og_site_name":"Neue Herbold GmbH","article_modified_time":"2016-06-03T17:40:07+00:00","og_image":[{"url":"https:\/\/neue-herbold.com\/wp-content\/uploads\/2014\/11\/LMV-450-1000_1-1024x965.jpg","type":"","width":"","height":""}],"twitter_misc":{"Tiempo de lectura":"2 minutes"},"schema":{"@context":"https:\/\/schema.org","@graph":[{"@type":"WebPage","@id":"https:\/\/neue-herbold.com\/es\/vista-general-series-de-construccion-molinos-cortantes\/","url":"https:\/\/neue-herbold.com\/es\/vista-general-series-de-construccion-molinos-cortantes\/","name":"Vista general: Series de construcci\u00f3n Molinos cortantes - Neue Herbold GmbH","isPartOf":{"@id":"https:\/\/neue-herbold.com\/en\/#website"},"primaryImageOfPage":{"@id":"https:\/\/neue-herbold.com\/es\/vista-general-series-de-construccion-molinos-cortantes\/#primaryimage"},"image":{"@id":"https:\/\/neue-herbold.com\/es\/vista-general-series-de-construccion-molinos-cortantes\/#primaryimage"},"thumbnailUrl":"https:\/\/neue-herbold.com\/wp-content\/uploads\/2014\/11\/LMV-450-1000_1-1024x965.jpg","datePublished":"2016-06-03T17:29:25+00:00","dateModified":"2016-06-03T17:40:07+00:00","breadcrumb":{"@id":"https:\/\/neue-herbold.com\/es\/vista-general-series-de-construccion-molinos-cortantes\/#breadcrumb"},"inLanguage":"es-ES","potentialAction":[{"@type":"ReadAction","target":["https:\/\/neue-herbold.com\/es\/vista-general-series-de-construccion-molinos-cortantes\/"]}]},{"@type":"ImageObject","inLanguage":"es-ES","@id":"https:\/\/neue-herbold.com\/es\/vista-general-series-de-construccion-molinos-cortantes\/#primaryimage","url":"https:\/\/neue-herbold.com\/wp-content\/uploads\/2014\/11\/LMV-450-1000_1-1024x965.jpg","contentUrl":"https:\/\/neue-herbold.com\/wp-content\/uploads\/2014\/11\/LMV-450-1000_1-1024x965.jpg"},{"@type":"BreadcrumbList","@id":"https:\/\/neue-herbold.com\/es\/vista-general-series-de-construccion-molinos-cortantes\/#breadcrumb","itemListElement":[{"@type":"ListItem","position":1,"name":"Startseite","item":"https:\/\/neue-herbold.com\/es\/"},{"@type":"ListItem","position":2,"name":"Vista general: Series de construcci\u00f3n Molinos cortantes"}]},{"@type":"WebSite","@id":"https:\/\/neue-herbold.com\/en\/#website","url":"https:\/\/neue-herbold.com\/en\/","name":"Neue Herbold GmbH","description":"","potentialAction":[{"@type":"SearchAction","target":{"@type":"EntryPoint","urlTemplate":"https:\/\/neue-herbold.com\/en\/?s={search_term_string}"},"query-input":{"@type":"PropertyValueSpecification","valueRequired":true,"valueName":"search_term_string"}}],"inLanguage":"es-ES"}]}},"_links":{"self":[{"href":"https:\/\/neue-herbold.com\/es\/wp-json\/wp\/v2\/pages\/8512"}],"collection":[{"href":"https:\/\/neue-herbold.com\/es\/wp-json\/wp\/v2\/pages"}],"about":[{"href":"https:\/\/neue-herbold.com\/es\/wp-json\/wp\/v2\/types\/page"}],"author":[{"embeddable":true,"href":"https:\/\/neue-herbold.com\/es\/wp-json\/wp\/v2\/users\/1"}],"replies":[{"embeddable":true,"href":"https:\/\/neue-herbold.com\/es\/wp-json\/wp\/v2\/comments?post=8512"}],"version-history":[{"count":2,"href":"https:\/\/neue-herbold.com\/es\/wp-json\/wp\/v2\/pages\/8512\/revisions"}],"predecessor-version":[{"id":8529,"href":"https:\/\/neue-herbold.com\/es\/wp-json\/wp\/v2\/pages\/8512\/revisions\/8529"}],"wp:attachment":[{"href":"https:\/\/neue-herbold.com\/es\/wp-json\/wp\/v2\/media?parent=8512"}],"curies":[{"name":"wp","href":"https:\/\/api.w.org\/{rel}","templated":true}]}}