{"id":8490,"date":"2016-06-03T19:04:07","date_gmt":"2016-06-03T17:04:07","guid":{"rendered":"https:\/\/neue-herbold.com\/es\/feingutabscheider-hs\/"},"modified":"2016-06-14T02:14:20","modified_gmt":"2016-06-14T00:14:20","slug":"separadores-de-finos-hs","status":"publish","type":"page","link":"https:\/\/neue-herbold.com\/es\/separadores-de-finos-hs\/","title":{"rendered":"Separadores de finos HS"},"content":{"rendered":"<p><span style=\"color: #000000;\"><strong><a href=\"https:\/\/neue-herbold.com\/wp-content\/uploads\/2014\/12\/Feingutabscheider.jpg\" target=\"_blank\"><img loading=\"lazy\" decoding=\"async\" class=\"alignleft wp-image-3079 size-full\" src=\"https:\/\/neue-herbold.com\/wp-content\/uploads\/2014\/12\/Feingutabscheider.jpg\" alt=\"Separador de fino\" width=\"261\" height=\"326\" \/><\/a><\/strong><\/span><b><i>Campo de empleo<\/i><\/b><br \/> Separadores de finos HS de la empresa <b>NEUE HERBOLD<\/b> no s\u00f3lo despolvorean el producto de moler sino tambi\u00e9n recogen el polvo y las pelusas (por ejemplo en desperdicios de polietileno de alta densidad o en desperdicios de piezas moldeadas por inyecci\u00f3n) en un tanque colector. A eso, ning\u00fan polvo residual sale con el aire de escape y as\u00ed se garantiza un ambiente libre de polvo.<\/p>\n<div>\n<p><b><i>Funci\u00f3n<\/i><\/b><br \/> Separadores de finos de la serie HS funcionan usando el concepto de ca\u00edda libre, es decir, no hay ninguna separaci\u00f3n del flujo entre entrada y salida del producto de<\/p>\n<p>moler. Por consecuencia, un equipamiento posterior o sea una integraci\u00f3n en sistemas ya existentes es muy f\u00e1cil. El grado de separaci\u00f3n deja regularse sin escalones a trav\u00e9s de una \u00e1lvula de mariposa.<\/p>\n<p><b><i>Ventajas<\/i><\/b><br \/> El separador de finos deja limpiarse dentro de un tiempo muy breve sin problemas algunos. Eso es de ventaja especial, cambiando el producto o el color. Como la salida del producto de moler es libre de presi\u00f3n, la efectividad de un postconectado separador de metales es mayor.<\/p>\n<p>Separadores de finos de la serie HS pueden entregarse en ejecuci\u00f3n normal y en acero fino.<\/p>\n<\/div>\n<table>\n<tbody>\n<tr>\n<td style=\"text-align: center;\"><span style=\"color: #000000;\"><strong>Separadores de finos HS<\/strong><\/span><\/td>\n<td style=\"text-align: center;\">\u00a0<\/td>\n<td style=\"text-align: center;\">\u00a0<\/td>\n<\/tr>\n<tr>\n<td style=\"text-align: left;\"><span style=\"color: #000000;\">Tipo HS 300<\/span><\/td>\n<td style=\"text-align: center;\">\u00a0<\/td>\n<td style=\"text-align: center;\">\u00a0<\/td>\n<\/tr>\n<tr>\n<td style=\"text-align: left;\"><span style=\"color: #000000;\">Tipo HS 500<\/span><\/td>\n<td style=\"text-align: center;\">\u00a0<\/td>\n<td style=\"text-align: center;\">\u00a0<\/td>\n<\/tr>\n<\/tbody>\n<\/table>\n","protected":false},"excerpt":{"rendered":"<p><span style=\"color: #000000;\"><strong><a href=\"https:\/\/neue-herbold.com\/wp-content\/uploads\/2014\/12\/Feingutabscheider.jpg\" target=\"_blank\"><img loading=\"lazy\" decoding=\"async\" class=\"alignleft wp-image-3079 size-full\" src=\"https:\/\/neue-herbold.com\/wp-content\/uploads\/2014\/12\/Feingutabscheider.jpg\" alt=\"Separador de fino\" width=\"261\" height=\"326\" \/><\/a><\/strong><\/span><b><i>Campo de empleo<\/i><\/b><br \/> Separadores de finos HS de la empresa <b>NEUE HERBOLD<\/b> no s\u00f3lo despolvorean el producto de moler sino tambi\u00e9n recogen el polvo y las pelusas (por ejemplo en desperdicios de polietileno de alta densidad o en desperdicios de piezas moldeadas por inyecci\u00f3n) en un tanque colector.<\/p>\n<p><span class=\"ellipsis\">&hellip;<\/span><\/p>\n<div class=\"read-more\"><a href=\"https:\/\/neue-herbold.com\/es\/separadores-de-finos-hs\/\">Leer m\u00e1s \u203a<\/a><\/div>\n<p><!-- end of .read-more --><\/p>\n","protected":false},"author":1,"featured_media":0,"parent":0,"menu_order":0,"comment_status":"closed","ping_status":"closed","template":"","meta":{"footnotes":""},"class_list":["post-8490","page","type-page","status-publish","hentry"],"yoast_head":"<!-- This site is optimized with the Yoast SEO plugin v25.4 - https:\/\/yoast.com\/wordpress\/plugins\/seo\/ -->\n<title>Separadores de finos HS - Neue Herbold GmbH<\/title>\n<meta name=\"description\" content=\"Separadores de finos HS de la empresa NEUE HERBOLD no s\u00f3lo despolvorean el producto de moler sino tambi\u00e9n recogen el polvo y las\" \/>\n<meta name=\"robots\" content=\"index, follow, max-snippet:-1, max-image-preview:large, max-video-preview:-1\" \/>\n<link rel=\"canonical\" href=\"https:\/\/neue-herbold.com\/es\/separadores-de-finos-hs\/\" \/>\n<meta property=\"og:locale\" content=\"es_ES\" \/>\n<meta property=\"og:type\" content=\"article\" \/>\n<meta property=\"og:title\" content=\"Separadores de finos HS - Neue Herbold GmbH\" \/>\n<meta property=\"og:description\" content=\"Separadores de finos HS de la empresa NEUE HERBOLD no s\u00f3lo despolvorean el producto de moler sino tambi\u00e9n recogen el polvo y las\" \/>\n<meta property=\"og:url\" content=\"https:\/\/neue-herbold.com\/es\/separadores-de-finos-hs\/\" \/>\n<meta property=\"og:site_name\" content=\"Neue Herbold GmbH\" \/>\n<meta property=\"article:modified_time\" content=\"2016-06-14T00:14:20+00:00\" \/>\n<meta property=\"og:image\" content=\"https:\/\/neue-herbold.com\/wp-content\/uploads\/2014\/12\/Feingutabscheider.jpg\" \/>\n<meta name=\"twitter:label1\" content=\"Tiempo de lectura\" \/>\n\t<meta name=\"twitter:data1\" content=\"1 minute\" \/>\n<script type=\"application\/ld+json\" class=\"yoast-schema-graph\">{\"@context\":\"https:\/\/schema.org\",\"@graph\":[{\"@type\":\"WebPage\",\"@id\":\"https:\/\/neue-herbold.com\/es\/separadores-de-finos-hs\/\",\"url\":\"https:\/\/neue-herbold.com\/es\/separadores-de-finos-hs\/\",\"name\":\"Separadores de finos HS - Neue Herbold GmbH\",\"isPartOf\":{\"@id\":\"https:\/\/neue-herbold.com\/en\/#website\"},\"primaryImageOfPage\":{\"@id\":\"https:\/\/neue-herbold.com\/es\/separadores-de-finos-hs\/#primaryimage\"},\"image\":{\"@id\":\"https:\/\/neue-herbold.com\/es\/separadores-de-finos-hs\/#primaryimage\"},\"thumbnailUrl\":\"https:\/\/neue-herbold.com\/wp-content\/uploads\/2014\/12\/Feingutabscheider.jpg\",\"datePublished\":\"2016-06-03T17:04:07+00:00\",\"dateModified\":\"2016-06-14T00:14:20+00:00\",\"description\":\"Separadores de finos HS de la empresa NEUE HERBOLD no s\u00f3lo despolvorean el producto de moler sino tambi\u00e9n recogen el polvo y las\",\"breadcrumb\":{\"@id\":\"https:\/\/neue-herbold.com\/es\/separadores-de-finos-hs\/#breadcrumb\"},\"inLanguage\":\"es-ES\",\"potentialAction\":[{\"@type\":\"ReadAction\",\"target\":[\"https:\/\/neue-herbold.com\/es\/separadores-de-finos-hs\/\"]}]},{\"@type\":\"ImageObject\",\"inLanguage\":\"es-ES\",\"@id\":\"https:\/\/neue-herbold.com\/es\/separadores-de-finos-hs\/#primaryimage\",\"url\":\"https:\/\/neue-herbold.com\/wp-content\/uploads\/2014\/12\/Feingutabscheider.jpg\",\"contentUrl\":\"https:\/\/neue-herbold.com\/wp-content\/uploads\/2014\/12\/Feingutabscheider.jpg\"},{\"@type\":\"BreadcrumbList\",\"@id\":\"https:\/\/neue-herbold.com\/es\/separadores-de-finos-hs\/#breadcrumb\",\"itemListElement\":[{\"@type\":\"ListItem\",\"position\":1,\"name\":\"Startseite\",\"item\":\"https:\/\/neue-herbold.com\/es\/\"},{\"@type\":\"ListItem\",\"position\":2,\"name\":\"Separadores de finos HS\"}]},{\"@type\":\"WebSite\",\"@id\":\"https:\/\/neue-herbold.com\/en\/#website\",\"url\":\"https:\/\/neue-herbold.com\/en\/\",\"name\":\"Neue Herbold GmbH\",\"description\":\"\",\"potentialAction\":[{\"@type\":\"SearchAction\",\"target\":{\"@type\":\"EntryPoint\",\"urlTemplate\":\"https:\/\/neue-herbold.com\/en\/?s={search_term_string}\"},\"query-input\":{\"@type\":\"PropertyValueSpecification\",\"valueRequired\":true,\"valueName\":\"search_term_string\"}}],\"inLanguage\":\"es-ES\"}]}<\/script>\n<!-- \/ Yoast SEO plugin. -->","yoast_head_json":{"title":"Separadores de finos HS - Neue Herbold GmbH","description":"Separadores de finos HS de la empresa NEUE HERBOLD no s\u00f3lo despolvorean el producto de moler sino tambi\u00e9n recogen el polvo y las","robots":{"index":"index","follow":"follow","max-snippet":"max-snippet:-1","max-image-preview":"max-image-preview:large","max-video-preview":"max-video-preview:-1"},"canonical":"https:\/\/neue-herbold.com\/es\/separadores-de-finos-hs\/","og_locale":"es_ES","og_type":"article","og_title":"Separadores de finos HS - Neue Herbold GmbH","og_description":"Separadores de finos HS de la empresa NEUE HERBOLD no s\u00f3lo despolvorean el producto de moler sino tambi\u00e9n recogen el polvo y las","og_url":"https:\/\/neue-herbold.com\/es\/separadores-de-finos-hs\/","og_site_name":"Neue Herbold GmbH","article_modified_time":"2016-06-14T00:14:20+00:00","og_image":[{"url":"https:\/\/neue-herbold.com\/wp-content\/uploads\/2014\/12\/Feingutabscheider.jpg","type":"","width":"","height":""}],"twitter_misc":{"Tiempo de lectura":"1 minute"},"schema":{"@context":"https:\/\/schema.org","@graph":[{"@type":"WebPage","@id":"https:\/\/neue-herbold.com\/es\/separadores-de-finos-hs\/","url":"https:\/\/neue-herbold.com\/es\/separadores-de-finos-hs\/","name":"Separadores de finos HS - Neue Herbold GmbH","isPartOf":{"@id":"https:\/\/neue-herbold.com\/en\/#website"},"primaryImageOfPage":{"@id":"https:\/\/neue-herbold.com\/es\/separadores-de-finos-hs\/#primaryimage"},"image":{"@id":"https:\/\/neue-herbold.com\/es\/separadores-de-finos-hs\/#primaryimage"},"thumbnailUrl":"https:\/\/neue-herbold.com\/wp-content\/uploads\/2014\/12\/Feingutabscheider.jpg","datePublished":"2016-06-03T17:04:07+00:00","dateModified":"2016-06-14T00:14:20+00:00","description":"Separadores de finos HS de la empresa NEUE HERBOLD no s\u00f3lo despolvorean el producto de moler sino tambi\u00e9n recogen el polvo y las","breadcrumb":{"@id":"https:\/\/neue-herbold.com\/es\/separadores-de-finos-hs\/#breadcrumb"},"inLanguage":"es-ES","potentialAction":[{"@type":"ReadAction","target":["https:\/\/neue-herbold.com\/es\/separadores-de-finos-hs\/"]}]},{"@type":"ImageObject","inLanguage":"es-ES","@id":"https:\/\/neue-herbold.com\/es\/separadores-de-finos-hs\/#primaryimage","url":"https:\/\/neue-herbold.com\/wp-content\/uploads\/2014\/12\/Feingutabscheider.jpg","contentUrl":"https:\/\/neue-herbold.com\/wp-content\/uploads\/2014\/12\/Feingutabscheider.jpg"},{"@type":"BreadcrumbList","@id":"https:\/\/neue-herbold.com\/es\/separadores-de-finos-hs\/#breadcrumb","itemListElement":[{"@type":"ListItem","position":1,"name":"Startseite","item":"https:\/\/neue-herbold.com\/es\/"},{"@type":"ListItem","position":2,"name":"Separadores de finos HS"}]},{"@type":"WebSite","@id":"https:\/\/neue-herbold.com\/en\/#website","url":"https:\/\/neue-herbold.com\/en\/","name":"Neue Herbold GmbH","description":"","potentialAction":[{"@type":"SearchAction","target":{"@type":"EntryPoint","urlTemplate":"https:\/\/neue-herbold.com\/en\/?s={search_term_string}"},"query-input":{"@type":"PropertyValueSpecification","valueRequired":true,"valueName":"search_term_string"}}],"inLanguage":"es-ES"}]}},"_links":{"self":[{"href":"https:\/\/neue-herbold.com\/es\/wp-json\/wp\/v2\/pages\/8490"}],"collection":[{"href":"https:\/\/neue-herbold.com\/es\/wp-json\/wp\/v2\/pages"}],"about":[{"href":"https:\/\/neue-herbold.com\/es\/wp-json\/wp\/v2\/types\/page"}],"author":[{"embeddable":true,"href":"https:\/\/neue-herbold.com\/es\/wp-json\/wp\/v2\/users\/1"}],"replies":[{"embeddable":true,"href":"https:\/\/neue-herbold.com\/es\/wp-json\/wp\/v2\/comments?post=8490"}],"version-history":[{"count":3,"href":"https:\/\/neue-herbold.com\/es\/wp-json\/wp\/v2\/pages\/8490\/revisions"}],"predecessor-version":[{"id":8634,"href":"https:\/\/neue-herbold.com\/es\/wp-json\/wp\/v2\/pages\/8490\/revisions\/8634"}],"wp:attachment":[{"href":"https:\/\/neue-herbold.com\/es\/wp-json\/wp\/v2\/media?parent=8490"}],"curies":[{"name":"wp","href":"https:\/\/api.w.org\/{rel}","templated":true}]}}