{"id":8459,"date":"2016-06-03T18:29:26","date_gmt":"2016-06-03T16:29:26","guid":{"rendered":"https:\/\/neue-herbold.com\/es\/schneidmuehlen-sx\/"},"modified":"2017-01-24T18:50:05","modified_gmt":"2017-01-24T17:50:05","slug":"molinos-cortantes-sx","status":"publish","type":"page","link":"https:\/\/neue-herbold.com\/es\/molinos-cortantes-sx\/","title":{"rendered":"Trituradores cortantes SX"},"content":{"rendered":"<p><span style=\"color: #000000;\"><strong><a href=\"https:\/\/neue-herbold.com\/wp-content\/uploads\/2014\/12\/SX800_1200.jpg\" target=\"_blank\"><img loading=\"lazy\" decoding=\"async\" class=\"alignright wp-image-3006\" src=\"https:\/\/neue-herbold.com\/wp-content\/uploads\/2014\/12\/SX800_1200.jpg\" alt=\"Granulatoren \/ Schneidm\u00fchlen SX 800_1200\" width=\"352\" height=\"522\" srcset=\"https:\/\/neue-herbold.com\/wp-content\/uploads\/2014\/12\/SX800_1200.jpg 608w, https:\/\/neue-herbold.com\/wp-content\/uploads\/2014\/12\/SX800_1200-202x300.jpg 202w, https:\/\/neue-herbold.com\/wp-content\/uploads\/2014\/12\/SX800_1200-100x148.jpg 100w, https:\/\/neue-herbold.com\/wp-content\/uploads\/2014\/12\/SX800_1200-150x222.jpg 150w, https:\/\/neue-herbold.com\/wp-content\/uploads\/2014\/12\/SX800_1200-200x296.jpg 200w, https:\/\/neue-herbold.com\/wp-content\/uploads\/2014\/12\/SX800_1200-300x444.jpg 300w, https:\/\/neue-herbold.com\/wp-content\/uploads\/2014\/12\/SX800_1200-450x666.jpg 450w, https:\/\/neue-herbold.com\/wp-content\/uploads\/2014\/12\/SX800_1200-600x888.jpg 600w\" sizes=\"(max-width: 352px) 100vw, 352px\" \/><\/a><\/strong><\/span><b><i>Campo de empleo<\/i><\/b><br \/> Trituradores cortantes \/ granuladores de la serie SX de <b>NEUE HERBOLD<\/b> son molinos cortantes de alto rendimiento. El espectro de empleo comprende no s\u00f3lo la:<\/p>\n<div>\n<ul>\n<li class=\"Normal\">trituraci\u00f3n de grandes cantidades de l\u00e1minas delgadas <br \/> (p.ej. BOPP \/ BOPET \/ PP)<\/li>\n<li class=\"Normal\">trituraci\u00f3n de cintas sueltas<\/li>\n<li class=\"Normal\">trituraci\u00f3n de bigbag de PP<\/li>\n<li class=\"Normal\">trituraci\u00f3n de cajas de botellas<\/li>\n<li class=\"Normal\">trituraci\u00f3n de botellas PET<\/li>\n<li class=\"Normal\">trituraci\u00f3n de cuerpos huecos<\/li>\n<li class=\"Normal\">trituraci\u00f3n de balas de l\u00e1minas<\/li>\n<li class=\"Normal\">sino tambien el reciclaje \/ la trituraci\u00f3n de l\u00e1minas planas<\/li>\n<\/ul>\n<p>en servicio en l\u00ednea y tambi\u00e9n en servicio fuera de l\u00ednea. Con un di\u00e1metro de rotor de 800 mm y un ancho de trabajo de hasta 2000 mm se obtiene, con una potencia motriz de hasta 315 kW en dependencia de la perforaci\u00f3n de criba y del material, rendimientos de paso de hasta 15 t por hora.<\/p>\n<\/div>\n<div>\n<p><b><i>T\u00e9cnica<\/i><\/b><\/p>\n<p>Molinos cortantes de la serie SX de <b>NEUE HERBOLD<\/b> est\u00e1n equipados con \u201cgeometr\u00eda de doble corte inclinado\u201d.En la caja de molino, las cuchillas inclinadas rotatorias trabajan contra las cuchillas fijas tambi\u00e9n inclinadas.<\/p>\n<\/div>\n<p><span style=\"color: #000000;\"><a href=\"https:\/\/neue-herbold.com\/wp-content\/uploads\/2014\/12\/Einstelllehre.jpg\" target=\"_blank\"><img loading=\"lazy\" decoding=\"async\" class=\"alignleft wp-image-3009\" src=\"https:\/\/neue-herbold.com\/wp-content\/uploads\/2014\/12\/Einstelllehre-300x225.jpg\" alt=\"Einstelllehre\" width=\"211\" height=\"158\" srcset=\"https:\/\/neue-herbold.com\/wp-content\/uploads\/2014\/12\/Einstelllehre-300x225.jpg 300w, https:\/\/neue-herbold.com\/wp-content\/uploads\/2014\/12\/Einstelllehre-100x75.jpg 100w, https:\/\/neue-herbold.com\/wp-content\/uploads\/2014\/12\/Einstelllehre-150x112.jpg 150w, https:\/\/neue-herbold.com\/wp-content\/uploads\/2014\/12\/Einstelllehre-200x150.jpg 200w, https:\/\/neue-herbold.com\/wp-content\/uploads\/2014\/12\/Einstelllehre-450x337.jpg 450w, https:\/\/neue-herbold.com\/wp-content\/uploads\/2014\/12\/Einstelllehre-600x450.jpg 600w, https:\/\/neue-herbold.com\/wp-content\/uploads\/2014\/12\/Einstelllehre-900x675.jpg 900w, https:\/\/neue-herbold.com\/wp-content\/uploads\/2014\/12\/Einstelllehre.jpg 1024w\" sizes=\"(max-width: 211px) 100vw, 211px\" \/><\/a><\/span>El ajuste de las cuchillas de rotor y de las cuchillas fijas se hace fuera de la m\u00e1quinaen una galga. El \u00e1rbol de rotor est\u00e1 apoyado en el exterior, separado de la c\u00e1mara de molino.<\/p>\n<div>\n<p>As\u00ed se garantiza una no contaminaci\u00f3n del material de triturar. La soldada caja de molino, estando segura contra rotura, puede revestirse, a elecci\u00f3n, con placas intercambiables de desgaste y resiste a cargasextremamente altas. Las herramientas de corte est\u00e1n arregladas en formade flecha.<\/p>\n<p>Esta geometr\u00eda de corte posibilita una precisa ranura de corte sobre todo el ancho de trabajo y cuida de un corte extremamente econ\u00f3mico con reducido nivel de ruido. Por el arreglo de las herramientas de corte se obtiene adem\u00e1s una carga t\u00e9rmica m\u00e1s baja del material porque la distribuci\u00f3n del material sobre todo el ancho de trabajo en la c\u00e1mara de moler es casi igual.<\/p>\n<\/div>\n<p><span style=\"color: #000000;\"><strong><em><a href=\"https:\/\/neue-herbold.com\/wp-content\/uploads\/2014\/12\/SX-800_1200-S7-3-\u00b497-IV.jpg\" target=\"_blank\"><img loading=\"lazy\" decoding=\"async\" class=\"alignleft wp-image-3007\" src=\"https:\/\/neue-herbold.com\/wp-content\/uploads\/2014\/12\/SX-800_1200-S7-3-\u00b497-IV.jpg\" alt=\"SX 800_1200-S7-3 \u00b497 IV\" width=\"206\" height=\"277\" srcset=\"https:\/\/neue-herbold.com\/wp-content\/uploads\/2014\/12\/SX-800_1200-S7-3-\u00b497-IV.jpg 355w, https:\/\/neue-herbold.com\/wp-content\/uploads\/2014\/12\/SX-800_1200-S7-3-\u00b497-IV-222x300.jpg 222w, https:\/\/neue-herbold.com\/wp-content\/uploads\/2014\/12\/SX-800_1200-S7-3-\u00b497-IV-100x134.jpg 100w, https:\/\/neue-herbold.com\/wp-content\/uploads\/2014\/12\/SX-800_1200-S7-3-\u00b497-IV-150x201.jpg 150w, https:\/\/neue-herbold.com\/wp-content\/uploads\/2014\/12\/SX-800_1200-S7-3-\u00b497-IV-200x269.jpg 200w, https:\/\/neue-herbold.com\/wp-content\/uploads\/2014\/12\/SX-800_1200-S7-3-\u00b497-IV-300x403.jpg 300w\" sizes=\"(max-width: 206px) 100vw, 206px\" \/><\/a><\/em><\/strong><\/span><\/p>\n<div>\n<p><b><i>Ventajas<\/i><\/b><\/p>\n<ul>\n<li class=\"Normal\">poco espacio necesario<\/li>\n<li class=\"Normal\">trituraci\u00f3n que ahorra energ\u00eda<\/li>\n<li class=\"Normal\">bajo nivel de ruido por doble corte inclinado<\/li>\n<li class=\"Normal\">rendimiento de paso m\u00e1s alto<\/li>\n<li class=\"Normal\">m\u00ednimos tiempos de parada al cambio de cuchillas por ajuste previo de cuchillas<\/li>\n<li class=\"Normal\">baja carga t\u00e9rmica del material de triturar<\/li>\n<\/ul>\n<p>&nbsp;<\/p>\n<\/div>\n<p>&nbsp;<\/p>\n<p>&nbsp;<\/p>\n<p><a href=\"https:\/\/neue-herbold.com\/wp-content\/uploads\/2014\/12\/Masse-SM.jpg\" target=\"_blank\"><img loading=\"lazy\" decoding=\"async\" class=\"wp-image-3428 alignleft\" src=\"https:\/\/neue-herbold.com\/wp-content\/uploads\/2014\/12\/Masse-SM-300x208.jpg\" alt=\"\" width=\"371\" height=\"257\" srcset=\"https:\/\/neue-herbold.com\/wp-content\/uploads\/2014\/12\/Masse-SM-300x208.jpg 300w, https:\/\/neue-herbold.com\/wp-content\/uploads\/2014\/12\/Masse-SM-100x69.jpg 100w, https:\/\/neue-herbold.com\/wp-content\/uploads\/2014\/12\/Masse-SM-150x104.jpg 150w, https:\/\/neue-herbold.com\/wp-content\/uploads\/2014\/12\/Masse-SM-200x139.jpg 200w, https:\/\/neue-herbold.com\/wp-content\/uploads\/2014\/12\/Masse-SM-450x313.jpg 450w, https:\/\/neue-herbold.com\/wp-content\/uploads\/2014\/12\/Masse-SM-600x417.jpg 600w, https:\/\/neue-herbold.com\/wp-content\/uploads\/2014\/12\/Masse-SM-900x626.jpg 900w, https:\/\/neue-herbold.com\/wp-content\/uploads\/2014\/12\/Masse-SM.jpg 985w\" sizes=\"(max-width: 371px) 100vw, 371px\" \/><\/a><\/p>\n<table>\n<tbody>\n<tr>\n<td style=\"text-align: center;\"><span style=\"color: #000000;\"><strong>Molinos cortantes<\/strong><\/span><\/td>\n<td style=\"text-align: center;\"><span style=\"color: #000000;\"><strong>A <br \/>(mm)<\/strong><\/span><\/td>\n<td style=\"text-align: center;\"><span style=\"color: #000000;\"><strong>B <br \/>(mm)<\/strong><\/span><\/td>\n<td style=\"text-align: center;\"><span style=\"color: #000000;\"><strong>C <br \/>(mm)<\/strong><\/span><\/td>\n<td style=\"text-align: center;\"><span style=\"color: #000000;\"><strong>D <br \/>(mm)<\/strong><\/span><\/td>\n<td style=\"text-align: center;\"><span style=\"color: #000000;\"><strong>E <br \/>(mm)<\/strong><\/span><\/td>\n<td style=\"text-align: center;\">\u00a0<\/td>\n<\/tr>\n<tr>\n<td style=\"text-align: left;\"><span style=\"color: #000000;\">Tipo SX 800\/1200<\/span><\/td>\n<td style=\"text-align: center;\"><span style=\"color: #000000;\">1645<\/span><\/td>\n<td style=\"text-align: center;\"><span style=\"color: #000000;\">2790<\/span><\/td>\n<td style=\"text-align: center;\"><span style=\"color: #000000;\">1304<\/span><\/td>\n<td style=\"text-align: center;\"><span style=\"color: #000000;\">2584<\/span><\/td>\n<td style=\"text-align: center;\"><span style=\"color: #000000;\">940<\/span><\/td>\n<td style=\"text-align: center;\">\u00a0<\/td>\n<\/tr>\n<tr>\n<td style=\"text-align: left;\"><span style=\"color: #000000;\">Tipo SX 800\/1600<\/span><\/td>\n<td style=\"text-align: center;\"><span style=\"color: #000000;\">2063<\/span><\/td>\n<td style=\"text-align: center;\"><span style=\"color: #000000;\">2700<\/span><\/td>\n<td style=\"text-align: center;\"><span style=\"color: #000000;\">1584<\/span><\/td>\n<td style=\"text-align: center;\"><span style=\"color: #000000;\">2819<\/span><\/td>\n<td style=\"text-align: center;\"><span style=\"color: #000000;\">940<\/span><\/td>\n<td style=\"text-align: center;\">\u00a0<\/td>\n<\/tr>\n<tr>\n<td style=\"text-align: left;\"><span style=\"color: #000000;\">Tipo SX 800\/2000<\/span><\/td>\n<td style=\"text-align: center;\"><span style=\"color: #000000;\">2000<\/span><\/td>\n<td style=\"text-align: center;\"><span style=\"color: #000000;\">2730<\/span><\/td>\n<td style=\"text-align: center;\"><span style=\"color: #000000;\">2104<\/span><\/td>\n<td style=\"text-align: center;\"><span style=\"color: #000000;\">3384<\/span><\/td>\n<td style=\"text-align: center;\"><span style=\"color: #000000;\">940<\/span><\/td>\n<td style=\"text-align: center;\">\u00a0<\/td>\n<\/tr>\n<\/tbody>\n<\/table>\n<p>&nbsp;<\/p>\n","protected":false},"excerpt":{"rendered":"<p><span style=\"color: #000000;\"><strong><a href=\"https:\/\/neue-herbold.com\/wp-content\/uploads\/2014\/12\/SX800_1200.jpg\" target=\"_blank\"><img loading=\"lazy\" decoding=\"async\" class=\"alignright wp-image-3006\" src=\"https:\/\/neue-herbold.com\/wp-content\/uploads\/2014\/12\/SX800_1200.jpg\" alt=\"Granulatoren \/ Schneidm\u00fchlen SX 800_1200\" width=\"352\" height=\"522\" srcset=\"https:\/\/neue-herbold.com\/wp-content\/uploads\/2014\/12\/SX800_1200.jpg 608w, https:\/\/neue-herbold.com\/wp-content\/uploads\/2014\/12\/SX800_1200-202x300.jpg 202w, https:\/\/neue-herbold.com\/wp-content\/uploads\/2014\/12\/SX800_1200-100x148.jpg 100w, https:\/\/neue-herbold.com\/wp-content\/uploads\/2014\/12\/SX800_1200-150x222.jpg 150w, https:\/\/neue-herbold.com\/wp-content\/uploads\/2014\/12\/SX800_1200-200x296.jpg 200w, https:\/\/neue-herbold.com\/wp-content\/uploads\/2014\/12\/SX800_1200-300x444.jpg 300w, https:\/\/neue-herbold.com\/wp-content\/uploads\/2014\/12\/SX800_1200-450x666.jpg 450w, https:\/\/neue-herbold.com\/wp-content\/uploads\/2014\/12\/SX800_1200-600x888.jpg 600w\" sizes=\"(max-width: 352px) 100vw, 352px\" \/><\/a><\/strong><\/span><b><i>Campo de empleo<\/i><\/b><br \/> Trituradores cortantes \/ granuladores de la serie SX de <b>NEUE HERBOLD<\/b> son molinos cortantes de alto rendimiento. El espectro de empleo comprende no s\u00f3lo la:<\/p>\n<div>\n<ul>\n<li class=\"Normal\">trituraci\u00f3n de grandes cantidades de l\u00e1minas delgadas <br \/> (p.ej.<\/li>\n<\/ul>\n<\/div>\n<p><span class=\"ellipsis\">&hellip;<\/span><\/p>\n<div class=\"read-more\"><a href=\"https:\/\/neue-herbold.com\/es\/molinos-cortantes-sx\/\">Leer m\u00e1s \u203a<\/a><\/div>\n<p><!-- end of .read-more --><\/p>\n","protected":false},"author":1,"featured_media":0,"parent":0,"menu_order":0,"comment_status":"closed","ping_status":"closed","template":"","meta":{"footnotes":""},"class_list":["post-8459","page","type-page","status-publish","hentry"],"yoast_head":"<!-- This site is optimized with the Yoast SEO plugin v25.4 - https:\/\/yoast.com\/wordpress\/plugins\/seo\/ -->\n<title>Trituradores cortantes SX - Neue Herbold GmbH<\/title>\n<meta name=\"description\" content=\"Trituradores cortantes \/ granuladores de la serie SX de NEUE HERBOLD son molinos cortantes de alto rendimiento. El espectro de empleo comprende no s\u00f3lo la\" \/>\n<meta name=\"robots\" content=\"index, follow, max-snippet:-1, max-image-preview:large, max-video-preview:-1\" \/>\n<link rel=\"canonical\" href=\"https:\/\/neue-herbold.com\/es\/molinos-cortantes-sx\/\" \/>\n<meta property=\"og:locale\" content=\"es_ES\" \/>\n<meta property=\"og:type\" content=\"article\" \/>\n<meta property=\"og:title\" content=\"Trituradores cortantes SX - Neue Herbold GmbH\" \/>\n<meta property=\"og:description\" content=\"Trituradores cortantes \/ granuladores de la serie SX de NEUE HERBOLD son molinos cortantes de alto rendimiento. El espectro de empleo comprende no s\u00f3lo la\" \/>\n<meta property=\"og:url\" content=\"https:\/\/neue-herbold.com\/es\/molinos-cortantes-sx\/\" \/>\n<meta property=\"og:site_name\" content=\"Neue Herbold GmbH\" \/>\n<meta property=\"article:modified_time\" content=\"2017-01-24T17:50:05+00:00\" \/>\n<meta property=\"og:image\" content=\"https:\/\/neue-herbold.com\/wp-content\/uploads\/2014\/12\/SX800_1200.jpg\" \/>\n<meta name=\"twitter:label1\" content=\"Tiempo de lectura\" \/>\n\t<meta name=\"twitter:data1\" content=\"2 minutes\" \/>\n<script type=\"application\/ld+json\" class=\"yoast-schema-graph\">{\"@context\":\"https:\/\/schema.org\",\"@graph\":[{\"@type\":\"WebPage\",\"@id\":\"https:\/\/neue-herbold.com\/es\/molinos-cortantes-sx\/\",\"url\":\"https:\/\/neue-herbold.com\/es\/molinos-cortantes-sx\/\",\"name\":\"Trituradores cortantes SX - Neue Herbold GmbH\",\"isPartOf\":{\"@id\":\"https:\/\/neue-herbold.com\/en\/#website\"},\"primaryImageOfPage\":{\"@id\":\"https:\/\/neue-herbold.com\/es\/molinos-cortantes-sx\/#primaryimage\"},\"image\":{\"@id\":\"https:\/\/neue-herbold.com\/es\/molinos-cortantes-sx\/#primaryimage\"},\"thumbnailUrl\":\"https:\/\/neue-herbold.com\/wp-content\/uploads\/2014\/12\/SX800_1200.jpg\",\"datePublished\":\"2016-06-03T16:29:26+00:00\",\"dateModified\":\"2017-01-24T17:50:05+00:00\",\"description\":\"Trituradores cortantes \/ granuladores de la serie SX de NEUE HERBOLD son molinos cortantes de alto rendimiento. El espectro de empleo comprende no s\u00f3lo la\",\"breadcrumb\":{\"@id\":\"https:\/\/neue-herbold.com\/es\/molinos-cortantes-sx\/#breadcrumb\"},\"inLanguage\":\"es-ES\",\"potentialAction\":[{\"@type\":\"ReadAction\",\"target\":[\"https:\/\/neue-herbold.com\/es\/molinos-cortantes-sx\/\"]}]},{\"@type\":\"ImageObject\",\"inLanguage\":\"es-ES\",\"@id\":\"https:\/\/neue-herbold.com\/es\/molinos-cortantes-sx\/#primaryimage\",\"url\":\"https:\/\/neue-herbold.com\/wp-content\/uploads\/2014\/12\/SX800_1200.jpg\",\"contentUrl\":\"https:\/\/neue-herbold.com\/wp-content\/uploads\/2014\/12\/SX800_1200.jpg\"},{\"@type\":\"BreadcrumbList\",\"@id\":\"https:\/\/neue-herbold.com\/es\/molinos-cortantes-sx\/#breadcrumb\",\"itemListElement\":[{\"@type\":\"ListItem\",\"position\":1,\"name\":\"Startseite\",\"item\":\"https:\/\/neue-herbold.com\/es\/\"},{\"@type\":\"ListItem\",\"position\":2,\"name\":\"Trituradores cortantes SX\"}]},{\"@type\":\"WebSite\",\"@id\":\"https:\/\/neue-herbold.com\/en\/#website\",\"url\":\"https:\/\/neue-herbold.com\/en\/\",\"name\":\"Neue Herbold GmbH\",\"description\":\"\",\"potentialAction\":[{\"@type\":\"SearchAction\",\"target\":{\"@type\":\"EntryPoint\",\"urlTemplate\":\"https:\/\/neue-herbold.com\/en\/?s={search_term_string}\"},\"query-input\":{\"@type\":\"PropertyValueSpecification\",\"valueRequired\":true,\"valueName\":\"search_term_string\"}}],\"inLanguage\":\"es-ES\"}]}<\/script>\n<!-- \/ Yoast SEO plugin. -->","yoast_head_json":{"title":"Trituradores cortantes SX - Neue Herbold GmbH","description":"Trituradores cortantes \/ granuladores de la serie SX de NEUE HERBOLD son molinos cortantes de alto rendimiento. El espectro de empleo comprende no s\u00f3lo la","robots":{"index":"index","follow":"follow","max-snippet":"max-snippet:-1","max-image-preview":"max-image-preview:large","max-video-preview":"max-video-preview:-1"},"canonical":"https:\/\/neue-herbold.com\/es\/molinos-cortantes-sx\/","og_locale":"es_ES","og_type":"article","og_title":"Trituradores cortantes SX - Neue Herbold GmbH","og_description":"Trituradores cortantes \/ granuladores de la serie SX de NEUE HERBOLD son molinos cortantes de alto rendimiento. El espectro de empleo comprende no s\u00f3lo la","og_url":"https:\/\/neue-herbold.com\/es\/molinos-cortantes-sx\/","og_site_name":"Neue Herbold GmbH","article_modified_time":"2017-01-24T17:50:05+00:00","og_image":[{"url":"https:\/\/neue-herbold.com\/wp-content\/uploads\/2014\/12\/SX800_1200.jpg","type":"","width":"","height":""}],"twitter_misc":{"Tiempo de lectura":"2 minutes"},"schema":{"@context":"https:\/\/schema.org","@graph":[{"@type":"WebPage","@id":"https:\/\/neue-herbold.com\/es\/molinos-cortantes-sx\/","url":"https:\/\/neue-herbold.com\/es\/molinos-cortantes-sx\/","name":"Trituradores cortantes SX - Neue Herbold GmbH","isPartOf":{"@id":"https:\/\/neue-herbold.com\/en\/#website"},"primaryImageOfPage":{"@id":"https:\/\/neue-herbold.com\/es\/molinos-cortantes-sx\/#primaryimage"},"image":{"@id":"https:\/\/neue-herbold.com\/es\/molinos-cortantes-sx\/#primaryimage"},"thumbnailUrl":"https:\/\/neue-herbold.com\/wp-content\/uploads\/2014\/12\/SX800_1200.jpg","datePublished":"2016-06-03T16:29:26+00:00","dateModified":"2017-01-24T17:50:05+00:00","description":"Trituradores cortantes \/ granuladores de la serie SX de NEUE HERBOLD son molinos cortantes de alto rendimiento. El espectro de empleo comprende no s\u00f3lo la","breadcrumb":{"@id":"https:\/\/neue-herbold.com\/es\/molinos-cortantes-sx\/#breadcrumb"},"inLanguage":"es-ES","potentialAction":[{"@type":"ReadAction","target":["https:\/\/neue-herbold.com\/es\/molinos-cortantes-sx\/"]}]},{"@type":"ImageObject","inLanguage":"es-ES","@id":"https:\/\/neue-herbold.com\/es\/molinos-cortantes-sx\/#primaryimage","url":"https:\/\/neue-herbold.com\/wp-content\/uploads\/2014\/12\/SX800_1200.jpg","contentUrl":"https:\/\/neue-herbold.com\/wp-content\/uploads\/2014\/12\/SX800_1200.jpg"},{"@type":"BreadcrumbList","@id":"https:\/\/neue-herbold.com\/es\/molinos-cortantes-sx\/#breadcrumb","itemListElement":[{"@type":"ListItem","position":1,"name":"Startseite","item":"https:\/\/neue-herbold.com\/es\/"},{"@type":"ListItem","position":2,"name":"Trituradores cortantes SX"}]},{"@type":"WebSite","@id":"https:\/\/neue-herbold.com\/en\/#website","url":"https:\/\/neue-herbold.com\/en\/","name":"Neue Herbold GmbH","description":"","potentialAction":[{"@type":"SearchAction","target":{"@type":"EntryPoint","urlTemplate":"https:\/\/neue-herbold.com\/en\/?s={search_term_string}"},"query-input":{"@type":"PropertyValueSpecification","valueRequired":true,"valueName":"search_term_string"}}],"inLanguage":"es-ES"}]}},"_links":{"self":[{"href":"https:\/\/neue-herbold.com\/es\/wp-json\/wp\/v2\/pages\/8459"}],"collection":[{"href":"https:\/\/neue-herbold.com\/es\/wp-json\/wp\/v2\/pages"}],"about":[{"href":"https:\/\/neue-herbold.com\/es\/wp-json\/wp\/v2\/types\/page"}],"author":[{"embeddable":true,"href":"https:\/\/neue-herbold.com\/es\/wp-json\/wp\/v2\/users\/1"}],"replies":[{"embeddable":true,"href":"https:\/\/neue-herbold.com\/es\/wp-json\/wp\/v2\/comments?post=8459"}],"version-history":[{"count":3,"href":"https:\/\/neue-herbold.com\/es\/wp-json\/wp\/v2\/pages\/8459\/revisions"}],"predecessor-version":[{"id":10583,"href":"https:\/\/neue-herbold.com\/es\/wp-json\/wp\/v2\/pages\/8459\/revisions\/10583"}],"wp:attachment":[{"href":"https:\/\/neue-herbold.com\/es\/wp-json\/wp\/v2\/media?parent=8459"}],"curies":[{"name":"wp","href":"https:\/\/api.w.org\/{rel}","templated":true}]}}