{"id":8449,"date":"2016-06-03T18:26:12","date_gmt":"2016-06-03T16:26:12","guid":{"rendered":"https:\/\/neue-herbold.com\/es\/hammermuehlen\/"},"modified":"2016-06-03T18:38:28","modified_gmt":"2016-06-03T16:38:28","slug":"molinos-de-martillos-hm","status":"publish","type":"page","link":"https:\/\/neue-herbold.com\/es\/molinos-de-martillos-hm\/","title":{"rendered":"Molinos de martillos HM"},"content":{"rendered":"<p><span style=\"color: #000000;\"><strong><a href=\"https:\/\/neue-herbold.com\/wp-content\/uploads\/2014\/11\/Hammermuehle-002.jpg\" target=\"_blank\"><img loading=\"lazy\" decoding=\"async\" class=\"alignright wp-image-3315\" src=\"https:\/\/neue-herbold.com\/wp-content\/uploads\/2014\/11\/Hammermuehle-002.jpg\" alt=\"Hammerm\u00fchlen\" width=\"469\" height=\"369\" srcset=\"https:\/\/neue-herbold.com\/wp-content\/uploads\/2014\/11\/Hammermuehle-002.jpg 752w, https:\/\/neue-herbold.com\/wp-content\/uploads\/2014\/11\/Hammermuehle-002-300x235.jpg 300w, https:\/\/neue-herbold.com\/wp-content\/uploads\/2014\/11\/Hammermuehle-002-100x78.jpg 100w, https:\/\/neue-herbold.com\/wp-content\/uploads\/2014\/11\/Hammermuehle-002-150x117.jpg 150w, https:\/\/neue-herbold.com\/wp-content\/uploads\/2014\/11\/Hammermuehle-002-200x157.jpg 200w, https:\/\/neue-herbold.com\/wp-content\/uploads\/2014\/11\/Hammermuehle-002-450x353.jpg 450w, https:\/\/neue-herbold.com\/wp-content\/uploads\/2014\/11\/Hammermuehle-002-600x471.jpg 600w\" sizes=\"(max-width: 469px) 100vw, 469px\" \/><\/a><\/strong><\/span><b><i>Campo de empleo<\/i><\/b><br \/>\nMolinos de martillos HM de la empresa <b>NEUE HERBOLD<\/b> tienen muchas posibilidades de empleo.<\/p>\n<div>\n<p>Por el equipamiento del \u00e1rbol de rotor y de la caja de m\u00e1quina con herramientas de varios tipos, los siguintes procesos dejan realizarse:<\/p>\n<ul>\n<li class=\"Normal\">trituraci\u00f3n de pl\u00e1sticos r\u00edgidos<\/li>\n<li class=\"Normal\">trituraci\u00f3n de electrochatarra<\/li>\n<li class=\"Normal\">trituraci\u00f3n de desperdicios de madera<\/li>\n<li class=\"Normal\">trituraci\u00f3n de desperdicios de aislantes minerales<\/li>\n<\/ul>\n<\/div>\n<div>\n<p class=\"Normal\"><b><i>T\u00e9cnica<br \/>\n<\/i><\/b>Molinos de martillos de <strong>NEUE HERBOLD <\/strong>de la serie HM est\u00e1n equipados con herramientas altamente resistentes al desgaste (martillos, listones de percusi\u00f3n). El \u00e1rbol de rotor est\u00e1 apoyado en el exterior, separado de la c\u00e1mara de molino. As\u00ed se garantiza una no contaminaci\u00f3n del material a triturar. La soldada caja de molino, estando segura contra rotura, puede revestirse, a elecci\u00f3n, con placas intercambiables de desgaste y resiste a cargas extremamente altas.<\/p>\n<\/div>\n<p><span style=\"color: #000000;\"><strong><a href=\"https:\/\/neue-herbold.com\/wp-content\/uploads\/2014\/11\/Hammerm\u00fchle-03.jpg\" target=\"_blank\"><img loading=\"lazy\" decoding=\"async\" class=\"alignleft wp-image-3346 size-medium\" src=\"https:\/\/neue-herbold.com\/wp-content\/uploads\/2014\/11\/Hammerm\u00fchle-03-221x300.jpg\" alt=\"\" width=\"221\" height=\"300\" srcset=\"https:\/\/neue-herbold.com\/wp-content\/uploads\/2014\/11\/Hammerm\u00fchle-03-221x300.jpg 221w, https:\/\/neue-herbold.com\/wp-content\/uploads\/2014\/11\/Hammerm\u00fchle-03-100x135.jpg 100w, https:\/\/neue-herbold.com\/wp-content\/uploads\/2014\/11\/Hammerm\u00fchle-03-200x270.jpg 200w, https:\/\/neue-herbold.com\/wp-content\/uploads\/2014\/11\/Hammerm\u00fchle-03-450x608.jpg 450w, https:\/\/neue-herbold.com\/wp-content\/uploads\/2014\/11\/Hammerm\u00fchle-03.jpg 473w\" sizes=\"(max-width: 221px) 100vw, 221px\" \/><\/a><\/strong><\/span><\/p>\n<p>&nbsp;<\/p>\n<div>\n<p><b><i>Ventajas<\/i><\/b><\/p>\n<ul>\n<li class=\"Normal\">diversas posibilidades de empleo<\/li>\n<li class=\"Normal\">poco espacio necesario<\/li>\n<li class=\"Normal\">trituraci\u00f3n que ahorra energ\u00eda<\/li>\n<li class=\"Normal\">m\u00e1ximos rendimientos de paso<\/li>\n<li class=\"Normal\">m\u00ednimos tiempos de parada al cambio de herramientas<\/li>\n<\/ul>\n<\/div>\n<p class=\"Normal\">\n<p class=\"Normal\">\n<table>\n<tbody>\n<tr>\n<td style=\"text-align: center;\"><strong><span style=\"color: #000000;\">Molinos <br \/>\n<strong>de martillos<\/strong><\/span><\/strong><\/td>\n<td style=\"text-align: center;\">\n<div dir=\"ltr\"><strong> <span id=\"result_box\" lang=\"es\">Di\u00e1metro del rotor<\/span><\/strong><\/div>\n<p><strong>(mm)<\/strong><\/td>\n<td style=\"text-align: center;\">\n<p><strong><span style=\"color: #000000;\"><span id=\"result_box\" class=\"short_text\" lang=\"es\"><span class=\"hps\">Ancho de trabajo<\/span><\/span><br \/>\n(mm)<\/span><\/strong><\/p>\n<\/td>\n<td style=\"text-align: center;\"> <\/td>\n<\/tr>\n<tr>\n<td><span style=\"color: #000000;\">Tipo HM 450\/300<\/span><\/td>\n<td style=\"text-align: center;\"><span style=\"color: #000000;\">450<\/span><\/td>\n<td style=\"text-align: center;\"><span style=\"color: #000000;\">300<\/span><\/td>\n<td style=\"text-align: center;\"> <\/td>\n<\/tr>\n<tr>\n<td><span style=\"color: #000000;\">Tipo HM 450\/600<\/span><\/td>\n<td style=\"text-align: center;\"><span style=\"color: #000000;\">450<\/span><\/td>\n<td style=\"text-align: center;\"><span style=\"color: #000000;\">600<\/span><\/td>\n<td style=\"text-align: center;\"> <\/td>\n<\/tr>\n<tr>\n<td><span style=\"color: #000000;\">Tipo HM 650\/250<\/span><\/td>\n<td style=\"text-align: center;\"><span style=\"color: #000000;\">650<\/span><\/td>\n<td style=\"text-align: center;\"><span style=\"color: #000000;\">250<\/span><\/td>\n<td style=\"text-align: center;\"> <\/td>\n<\/tr>\n<tr>\n<td><span style=\"color: #000000;\">Tipo HM 650\/500<\/span><\/td>\n<td style=\"text-align: center;\"><span style=\"color: #000000;\">650<\/span><\/td>\n<td style=\"text-align: center;\"><span style=\"color: #000000;\">500<\/span><\/td>\n<td style=\"text-align: center;\"> <\/td>\n<\/tr>\n<tr>\n<td><span style=\"color: #000000;\">Tipo HM 650\/750<\/span><\/td>\n<td style=\"text-align: center;\"><span style=\"color: #000000;\">650<\/span><\/td>\n<td style=\"text-align: center;\"><span style=\"color: #000000;\">750<\/span><\/td>\n<td style=\"text-align: center;\"> <\/td>\n<\/tr>\n<tr>\n<td><span style=\"color: #000000;\">Tipo HM 800\/1000<\/span><\/td>\n<td style=\"text-align: center;\"><span style=\"color: #000000;\">800<\/span><\/td>\n<td style=\"text-align: center;\"><span style=\"color: #000000;\">1000<\/span><\/td>\n<td style=\"text-align: center;\"> <\/td>\n<\/tr>\n<tr>\n<td><span style=\"color: #000000;\">Tipo HM 1000\/1600<\/span><\/td>\n<td style=\"text-align: center;\"><span style=\"color: #000000;\">1000<\/span><\/td>\n<td style=\"text-align: center;\"><span style=\"color: #000000;\">1600<\/span><\/td>\n<td style=\"text-align: center;\"> <\/td>\n<\/tr>\n<\/tbody>\n<\/table>\n<p>&nbsp;<\/p>\n","protected":false},"excerpt":{"rendered":"<p><span style=\"color: #000000;\"><strong><a href=\"https:\/\/neue-herbold.com\/wp-content\/uploads\/2014\/11\/Hammermuehle-002.jpg\" target=\"_blank\"><img loading=\"lazy\" decoding=\"async\" class=\"alignright wp-image-3315\" src=\"https:\/\/neue-herbold.com\/wp-content\/uploads\/2014\/11\/Hammermuehle-002.jpg\" alt=\"Hammerm\u00fchlen\" width=\"469\" height=\"369\" srcset=\"https:\/\/neue-herbold.com\/wp-content\/uploads\/2014\/11\/Hammermuehle-002.jpg 752w, https:\/\/neue-herbold.com\/wp-content\/uploads\/2014\/11\/Hammermuehle-002-300x235.jpg 300w, https:\/\/neue-herbold.com\/wp-content\/uploads\/2014\/11\/Hammermuehle-002-100x78.jpg 100w, https:\/\/neue-herbold.com\/wp-content\/uploads\/2014\/11\/Hammermuehle-002-150x117.jpg 150w, https:\/\/neue-herbold.com\/wp-content\/uploads\/2014\/11\/Hammermuehle-002-200x157.jpg 200w, https:\/\/neue-herbold.com\/wp-content\/uploads\/2014\/11\/Hammermuehle-002-450x353.jpg 450w, https:\/\/neue-herbold.com\/wp-content\/uploads\/2014\/11\/Hammermuehle-002-600x471.jpg 600w\" sizes=\"(max-width: 469px) 100vw, 469px\" \/><\/a><\/strong><\/span><b><i>Campo de empleo<\/i><\/b><br \/>\nMolinos de martillos HM de la empresa <b>NEUE HERBOLD<\/b> tienen muchas posibilidades de empleo.<\/p>\n<div>\n<p>Por el equipamiento del \u00e1rbol de rotor y de la caja de m\u00e1quina con herramientas de varios tipos,<\/p>\n<\/div>\n<p><span class=\"ellipsis\">&hellip;<\/span><\/p>\n<div class=\"read-more\"><a href=\"https:\/\/neue-herbold.com\/es\/molinos-de-martillos-hm\/\">Leer m\u00e1s \u203a<\/a><\/div>\n<p><!-- end of .read-more --><\/p>\n","protected":false},"author":1,"featured_media":0,"parent":0,"menu_order":0,"comment_status":"closed","ping_status":"closed","template":"","meta":{"footnotes":""},"class_list":["post-8449","page","type-page","status-publish","hentry"],"yoast_head":"<!-- This site is optimized with the Yoast SEO plugin v25.4 - https:\/\/yoast.com\/wordpress\/plugins\/seo\/ -->\n<title>Molinos de martillos HM - Neue Herbold GmbH<\/title>\n<meta name=\"description\" content=\"NEUE HERBOLD - Hammerm\u00fchlen der Baureihe HM weisen eine vielf\u00e4ltige Einsatzm\u00f6glichkeit auf. Durch das Ausr\u00fcsten von Rotorwelle und Maschinengeh\u00e4use mit\" \/>\n<meta name=\"robots\" content=\"index, follow, max-snippet:-1, max-image-preview:large, max-video-preview:-1\" \/>\n<link rel=\"canonical\" href=\"https:\/\/neue-herbold.com\/es\/molinos-de-martillos-hm\/\" \/>\n<meta property=\"og:locale\" content=\"es_ES\" \/>\n<meta property=\"og:type\" content=\"article\" \/>\n<meta property=\"og:title\" content=\"Molinos de martillos HM - Neue Herbold GmbH\" \/>\n<meta property=\"og:description\" content=\"NEUE HERBOLD - Hammerm\u00fchlen der Baureihe HM weisen eine vielf\u00e4ltige Einsatzm\u00f6glichkeit auf. Durch das Ausr\u00fcsten von Rotorwelle und Maschinengeh\u00e4use mit\" \/>\n<meta property=\"og:url\" content=\"https:\/\/neue-herbold.com\/es\/molinos-de-martillos-hm\/\" \/>\n<meta property=\"og:site_name\" content=\"Neue Herbold GmbH\" \/>\n<meta property=\"article:modified_time\" content=\"2016-06-03T16:38:28+00:00\" \/>\n<meta property=\"og:image\" content=\"https:\/\/neue-herbold.com\/wp-content\/uploads\/2014\/11\/Hammermuehle-002.jpg\" \/>\n<meta name=\"twitter:label1\" content=\"Tiempo de lectura\" \/>\n\t<meta name=\"twitter:data1\" content=\"1 minute\" \/>\n<script type=\"application\/ld+json\" class=\"yoast-schema-graph\">{\"@context\":\"https:\/\/schema.org\",\"@graph\":[{\"@type\":\"WebPage\",\"@id\":\"https:\/\/neue-herbold.com\/es\/molinos-de-martillos-hm\/\",\"url\":\"https:\/\/neue-herbold.com\/es\/molinos-de-martillos-hm\/\",\"name\":\"Molinos de martillos HM - Neue Herbold GmbH\",\"isPartOf\":{\"@id\":\"https:\/\/neue-herbold.com\/en\/#website\"},\"primaryImageOfPage\":{\"@id\":\"https:\/\/neue-herbold.com\/es\/molinos-de-martillos-hm\/#primaryimage\"},\"image\":{\"@id\":\"https:\/\/neue-herbold.com\/es\/molinos-de-martillos-hm\/#primaryimage\"},\"thumbnailUrl\":\"https:\/\/neue-herbold.com\/wp-content\/uploads\/2014\/11\/Hammermuehle-002.jpg\",\"datePublished\":\"2016-06-03T16:26:12+00:00\",\"dateModified\":\"2016-06-03T16:38:28+00:00\",\"description\":\"NEUE HERBOLD - Hammerm\u00fchlen der Baureihe HM weisen eine vielf\u00e4ltige Einsatzm\u00f6glichkeit auf. Durch das Ausr\u00fcsten von Rotorwelle und Maschinengeh\u00e4use mit\",\"breadcrumb\":{\"@id\":\"https:\/\/neue-herbold.com\/es\/molinos-de-martillos-hm\/#breadcrumb\"},\"inLanguage\":\"es-ES\",\"potentialAction\":[{\"@type\":\"ReadAction\",\"target\":[\"https:\/\/neue-herbold.com\/es\/molinos-de-martillos-hm\/\"]}]},{\"@type\":\"ImageObject\",\"inLanguage\":\"es-ES\",\"@id\":\"https:\/\/neue-herbold.com\/es\/molinos-de-martillos-hm\/#primaryimage\",\"url\":\"https:\/\/neue-herbold.com\/wp-content\/uploads\/2014\/11\/Hammermuehle-002.jpg\",\"contentUrl\":\"https:\/\/neue-herbold.com\/wp-content\/uploads\/2014\/11\/Hammermuehle-002.jpg\"},{\"@type\":\"BreadcrumbList\",\"@id\":\"https:\/\/neue-herbold.com\/es\/molinos-de-martillos-hm\/#breadcrumb\",\"itemListElement\":[{\"@type\":\"ListItem\",\"position\":1,\"name\":\"Startseite\",\"item\":\"https:\/\/neue-herbold.com\/es\/\"},{\"@type\":\"ListItem\",\"position\":2,\"name\":\"Molinos de martillos HM\"}]},{\"@type\":\"WebSite\",\"@id\":\"https:\/\/neue-herbold.com\/en\/#website\",\"url\":\"https:\/\/neue-herbold.com\/en\/\",\"name\":\"Neue Herbold GmbH\",\"description\":\"\",\"potentialAction\":[{\"@type\":\"SearchAction\",\"target\":{\"@type\":\"EntryPoint\",\"urlTemplate\":\"https:\/\/neue-herbold.com\/en\/?s={search_term_string}\"},\"query-input\":{\"@type\":\"PropertyValueSpecification\",\"valueRequired\":true,\"valueName\":\"search_term_string\"}}],\"inLanguage\":\"es-ES\"}]}<\/script>\n<!-- \/ Yoast SEO plugin. -->","yoast_head_json":{"title":"Molinos de martillos HM - Neue Herbold GmbH","description":"NEUE HERBOLD - Hammerm\u00fchlen der Baureihe HM weisen eine vielf\u00e4ltige Einsatzm\u00f6glichkeit auf. Durch das Ausr\u00fcsten von Rotorwelle und Maschinengeh\u00e4use mit","robots":{"index":"index","follow":"follow","max-snippet":"max-snippet:-1","max-image-preview":"max-image-preview:large","max-video-preview":"max-video-preview:-1"},"canonical":"https:\/\/neue-herbold.com\/es\/molinos-de-martillos-hm\/","og_locale":"es_ES","og_type":"article","og_title":"Molinos de martillos HM - Neue Herbold GmbH","og_description":"NEUE HERBOLD - Hammerm\u00fchlen der Baureihe HM weisen eine vielf\u00e4ltige Einsatzm\u00f6glichkeit auf. Durch das Ausr\u00fcsten von Rotorwelle und Maschinengeh\u00e4use mit","og_url":"https:\/\/neue-herbold.com\/es\/molinos-de-martillos-hm\/","og_site_name":"Neue Herbold GmbH","article_modified_time":"2016-06-03T16:38:28+00:00","og_image":[{"url":"https:\/\/neue-herbold.com\/wp-content\/uploads\/2014\/11\/Hammermuehle-002.jpg","type":"","width":"","height":""}],"twitter_misc":{"Tiempo de lectura":"1 minute"},"schema":{"@context":"https:\/\/schema.org","@graph":[{"@type":"WebPage","@id":"https:\/\/neue-herbold.com\/es\/molinos-de-martillos-hm\/","url":"https:\/\/neue-herbold.com\/es\/molinos-de-martillos-hm\/","name":"Molinos de martillos HM - Neue Herbold GmbH","isPartOf":{"@id":"https:\/\/neue-herbold.com\/en\/#website"},"primaryImageOfPage":{"@id":"https:\/\/neue-herbold.com\/es\/molinos-de-martillos-hm\/#primaryimage"},"image":{"@id":"https:\/\/neue-herbold.com\/es\/molinos-de-martillos-hm\/#primaryimage"},"thumbnailUrl":"https:\/\/neue-herbold.com\/wp-content\/uploads\/2014\/11\/Hammermuehle-002.jpg","datePublished":"2016-06-03T16:26:12+00:00","dateModified":"2016-06-03T16:38:28+00:00","description":"NEUE HERBOLD - Hammerm\u00fchlen der Baureihe HM weisen eine vielf\u00e4ltige Einsatzm\u00f6glichkeit auf. Durch das Ausr\u00fcsten von Rotorwelle und Maschinengeh\u00e4use mit","breadcrumb":{"@id":"https:\/\/neue-herbold.com\/es\/molinos-de-martillos-hm\/#breadcrumb"},"inLanguage":"es-ES","potentialAction":[{"@type":"ReadAction","target":["https:\/\/neue-herbold.com\/es\/molinos-de-martillos-hm\/"]}]},{"@type":"ImageObject","inLanguage":"es-ES","@id":"https:\/\/neue-herbold.com\/es\/molinos-de-martillos-hm\/#primaryimage","url":"https:\/\/neue-herbold.com\/wp-content\/uploads\/2014\/11\/Hammermuehle-002.jpg","contentUrl":"https:\/\/neue-herbold.com\/wp-content\/uploads\/2014\/11\/Hammermuehle-002.jpg"},{"@type":"BreadcrumbList","@id":"https:\/\/neue-herbold.com\/es\/molinos-de-martillos-hm\/#breadcrumb","itemListElement":[{"@type":"ListItem","position":1,"name":"Startseite","item":"https:\/\/neue-herbold.com\/es\/"},{"@type":"ListItem","position":2,"name":"Molinos de martillos HM"}]},{"@type":"WebSite","@id":"https:\/\/neue-herbold.com\/en\/#website","url":"https:\/\/neue-herbold.com\/en\/","name":"Neue Herbold GmbH","description":"","potentialAction":[{"@type":"SearchAction","target":{"@type":"EntryPoint","urlTemplate":"https:\/\/neue-herbold.com\/en\/?s={search_term_string}"},"query-input":{"@type":"PropertyValueSpecification","valueRequired":true,"valueName":"search_term_string"}}],"inLanguage":"es-ES"}]}},"_links":{"self":[{"href":"https:\/\/neue-herbold.com\/es\/wp-json\/wp\/v2\/pages\/8449"}],"collection":[{"href":"https:\/\/neue-herbold.com\/es\/wp-json\/wp\/v2\/pages"}],"about":[{"href":"https:\/\/neue-herbold.com\/es\/wp-json\/wp\/v2\/types\/page"}],"author":[{"embeddable":true,"href":"https:\/\/neue-herbold.com\/es\/wp-json\/wp\/v2\/users\/1"}],"replies":[{"embeddable":true,"href":"https:\/\/neue-herbold.com\/es\/wp-json\/wp\/v2\/comments?post=8449"}],"version-history":[{"count":1,"href":"https:\/\/neue-herbold.com\/es\/wp-json\/wp\/v2\/pages\/8449\/revisions"}],"predecessor-version":[{"id":8472,"href":"https:\/\/neue-herbold.com\/es\/wp-json\/wp\/v2\/pages\/8449\/revisions\/8472"}],"wp:attachment":[{"href":"https:\/\/neue-herbold.com\/es\/wp-json\/wp\/v2\/media?parent=8449"}],"curies":[{"name":"wp","href":"https:\/\/api.w.org\/{rel}","templated":true}]}}