{"id":8386,"date":"2016-06-03T17:32:53","date_gmt":"2016-06-03T15:32:53","guid":{"rendered":"https:\/\/neue-herbold.com\/es\/mobile-zerkleinerungs-und-recyclinganlagen\/"},"modified":"2016-06-14T01:35:12","modified_gmt":"2016-06-13T23:35:12","slug":"instalaciones-trituradoras-moviles-e-instalaciones-moviles-de-reciclaje","status":"publish","type":"page","link":"https:\/\/neue-herbold.com\/es\/instalaciones-trituradoras-moviles-e-instalaciones-moviles-de-reciclaje\/","title":{"rendered":"Instalaciones trituradoras m\u00f3viles e instalaciones m\u00f3viles de reciclaje"},"content":{"rendered":"<h4><strong>Campo de empleo de <span id=\"result_box\" class=\"short_text\" lang=\"es\"><span class=\"\">nuestro<\/span><\/span> trituradoras m\u00f3viles<br \/><\/strong><\/h4>\n<p><strong>NEUE HERBOLD<\/strong> ofrece instalaciones plenamente m\u00f3viles y adaptadas al correspondiente objetivo del procedimiento (triturar, lavar, clasificar, separar y secar), como p.ej. instalaciones m\u00f3viles de trituraci\u00f3n y de reciclaje.<\/p>\n<p>Los necesarios componentes individuales se unen uno con otro; el tama\u00f1o y la ejecuci\u00f3n de la instalaci\u00f3n se determinan de manera que la movilidad (p.ej. colocaci\u00f3n de la instalaci\u00f3n en contenedor o en cami\u00f3n) es posible sin dificultades algunas.<\/p>\n<h4><strong>Instalaciones trituradoras m\u00f3viles de cajas de agua \/ cajas de cerveza<\/strong><\/h4>\n<p><a href=\"https:\/\/neue-herbold.com\/wp-content\/uploads\/2014\/11\/Flaschenkaesten_mobile_Anlage2.jpg\" target=\"_blank\"><img loading=\"lazy\" decoding=\"async\" class=\"alignnone wp-image-2156 size-medium\" src=\"https:\/\/neue-herbold.com\/wp-content\/uploads\/2014\/11\/Flaschenkaesten_mobile_Anlage2-300x225.jpg\" alt=\"trituradoras m\u00f3viles\" width=\"300\" height=\"225\" srcset=\"https:\/\/neue-herbold.com\/wp-content\/uploads\/2014\/11\/Flaschenkaesten_mobile_Anlage2-300x225.jpg 300w, https:\/\/neue-herbold.com\/wp-content\/uploads\/2014\/11\/Flaschenkaesten_mobile_Anlage2-100x75.jpg 100w, https:\/\/neue-herbold.com\/wp-content\/uploads\/2014\/11\/Flaschenkaesten_mobile_Anlage2-150x112.jpg 150w, https:\/\/neue-herbold.com\/wp-content\/uploads\/2014\/11\/Flaschenkaesten_mobile_Anlage2-200x150.jpg 200w, https:\/\/neue-herbold.com\/wp-content\/uploads\/2014\/11\/Flaschenkaesten_mobile_Anlage2-450x337.jpg 450w, https:\/\/neue-herbold.com\/wp-content\/uploads\/2014\/11\/Flaschenkaesten_mobile_Anlage2.jpg 480w\" sizes=\"(max-width: 300px) 100vw, 300px\" \/><\/a> <a href=\"https:\/\/neue-herbold.com\/wp-content\/uploads\/2014\/11\/Flaschenkaesten_mobile_Anlage.jpg\" target=\"_blank\"><img loading=\"lazy\" decoding=\"async\" class=\"alignnone wp-image-2157 size-medium\" src=\"https:\/\/neue-herbold.com\/wp-content\/uploads\/2014\/11\/Flaschenkaesten_mobile_Anlage-300x224.jpg\" alt=\"instalaciones plenamente m\u00f3viles\" width=\"300\" height=\"224\" srcset=\"https:\/\/neue-herbold.com\/wp-content\/uploads\/2014\/11\/Flaschenkaesten_mobile_Anlage-300x224.jpg 300w, https:\/\/neue-herbold.com\/wp-content\/uploads\/2014\/11\/Flaschenkaesten_mobile_Anlage-100x74.jpg 100w, https:\/\/neue-herbold.com\/wp-content\/uploads\/2014\/11\/Flaschenkaesten_mobile_Anlage-150x112.jpg 150w, https:\/\/neue-herbold.com\/wp-content\/uploads\/2014\/11\/Flaschenkaesten_mobile_Anlage-200x149.jpg 200w, https:\/\/neue-herbold.com\/wp-content\/uploads\/2014\/11\/Flaschenkaesten_mobile_Anlage-450x337.jpg 450w, https:\/\/neue-herbold.com\/wp-content\/uploads\/2014\/11\/Flaschenkaesten_mobile_Anlage.jpg 567w\" sizes=\"(max-width: 300px) 100vw, 300px\" \/><\/a> <a href=\"https:\/\/neue-herbold.com\/wp-content\/uploads\/2014\/11\/Flaschenkaesten_mobile_Anlage1.jpg\" target=\"_blank\"><img loading=\"lazy\" decoding=\"async\" class=\"alignnone wp-image-2158\" src=\"https:\/\/neue-herbold.com\/wp-content\/uploads\/2014\/11\/Flaschenkaesten_mobile_Anlage1-224x300.jpg\" alt=\"\" width=\"167\" height=\"224\" srcset=\"https:\/\/neue-herbold.com\/wp-content\/uploads\/2014\/11\/Flaschenkaesten_mobile_Anlage1-224x300.jpg 224w, https:\/\/neue-herbold.com\/wp-content\/uploads\/2014\/11\/Flaschenkaesten_mobile_Anlage1-100x133.jpg 100w, https:\/\/neue-herbold.com\/wp-content\/uploads\/2014\/11\/Flaschenkaesten_mobile_Anlage1-150x200.jpg 150w, https:\/\/neue-herbold.com\/wp-content\/uploads\/2014\/11\/Flaschenkaesten_mobile_Anlage1-300x400.jpg 300w, https:\/\/neue-herbold.com\/wp-content\/uploads\/2014\/11\/Flaschenkaesten_mobile_Anlage1.jpg 425w\" sizes=\"(max-width: 167px) 100vw, 167px\" \/><\/a><\/p>\n<p><strong>Instalaciones m\u00f3viles (lavar \/ separar \/ secar) para cajas de agua \/cajas de cerveza<\/strong><\/p>\n<p><a href=\"https:\/\/neue-herbold.com\/wp-content\/uploads\/2014\/11\/mobile-anlage-1.gif\" target=\"_blank\"><img loading=\"lazy\" decoding=\"async\" class=\"alignnone wp-image-2941\" src=\"https:\/\/neue-herbold.com\/wp-content\/uploads\/2014\/11\/mobile-anlage-1.gif\" alt=\"\" width=\"169\" height=\"226\" \/><\/a><a href=\"https:\/\/neue-herbold.com\/wp-content\/uploads\/2014\/11\/mobile-anlage-2.gif\" target=\"_blank\"><img loading=\"lazy\" decoding=\"async\" class=\"alignnone wp-image-2940 size-full\" src=\"https:\/\/neue-herbold.com\/wp-content\/uploads\/2014\/11\/mobile-anlage-2.gif\" alt=\"instalaciones plenamente m\u00f3viles\" width=\"640\" height=\"230\" \/><\/a><\/p>\n<p><a href=\"https:\/\/de.wikipedia.org\/wiki\/Tiefziehen\" target=\"_blank\"><img loading=\"lazy\" decoding=\"async\" class=\"wp-image-6978 alignnone\" src=\"https:\/\/neue-herbold.com\/wp-content\/uploads\/2014\/11\/Wikipedia.jpg\" alt=\"Wikipedia\" width=\"48\" height=\"48\" srcset=\"https:\/\/neue-herbold.com\/wp-content\/uploads\/2014\/11\/Wikipedia.jpg 265w, https:\/\/neue-herbold.com\/wp-content\/uploads\/2014\/11\/Wikipedia-100x100.jpg 100w, https:\/\/neue-herbold.com\/wp-content\/uploads\/2014\/11\/Wikipedia-150x150.jpg 150w, https:\/\/neue-herbold.com\/wp-content\/uploads\/2014\/11\/Wikipedia-200x200.jpg 200w\" sizes=\"(max-width: 48px) 100vw, 48px\" \/>Recycling<\/a><\/p>\n","protected":false},"excerpt":{"rendered":"<p><strong>Campo de empleo de <span id=\"result_box\" class=\"short_text\" lang=\"es\"><span class=\"\">nuestro<\/span><\/span> trituradoras m\u00f3viles<br \/><\/strong><\/p>\n<p><strong>NEUE HERBOLD<\/strong> ofrece instalaciones plenamente m\u00f3viles y adaptadas al correspondiente objetivo del procedimiento (triturar, lavar, clasificar, separar y secar), como p.ej. instalaciones m\u00f3viles de trituraci\u00f3n y de reciclaje.<\/p>\n<p><span class=\"ellipsis\">&hellip;<\/span><\/p>\n<div class=\"read-more\"><a href=\"https:\/\/neue-herbold.com\/es\/instalaciones-trituradoras-moviles-e-instalaciones-moviles-de-reciclaje\/\">Leer m\u00e1s \u203a<\/a><\/div>\n<p><!-- end of .read-more --><\/p>\n","protected":false},"author":1,"featured_media":0,"parent":0,"menu_order":0,"comment_status":"closed","ping_status":"closed","template":"","meta":{"footnotes":""},"class_list":["post-8386","page","type-page","status-publish","hentry"],"yoast_head":"<!-- This site is optimized with the Yoast SEO plugin v25.4 - https:\/\/yoast.com\/wordpress\/plugins\/seo\/ -->\n<title>Trituradoras M\u00f3viles - Neue Herbold GmbH Sinsheim<\/title>\n<meta name=\"description\" content=\"NEUE HERBOLD ofrece trituradoras m\u00f3viles y adaptadas al correspondiente objetivo del procedimiento (triturar, lavar, clasificar, separar y\" \/>\n<meta name=\"robots\" content=\"index, follow, max-snippet:-1, max-image-preview:large, max-video-preview:-1\" \/>\n<link rel=\"canonical\" href=\"https:\/\/neue-herbold.com\/es\/instalaciones-trituradoras-moviles-e-instalaciones-moviles-de-reciclaje\/\" \/>\n<meta property=\"og:locale\" content=\"es_ES\" \/>\n<meta property=\"og:type\" content=\"article\" \/>\n<meta property=\"og:title\" content=\"Trituradoras M\u00f3viles - Neue Herbold GmbH Sinsheim\" \/>\n<meta property=\"og:description\" content=\"NEUE HERBOLD ofrece trituradoras m\u00f3viles y adaptadas al correspondiente objetivo del procedimiento (triturar, lavar, clasificar, separar y\" \/>\n<meta property=\"og:url\" content=\"https:\/\/neue-herbold.com\/es\/instalaciones-trituradoras-moviles-e-instalaciones-moviles-de-reciclaje\/\" \/>\n<meta property=\"og:site_name\" content=\"Neue Herbold GmbH\" \/>\n<meta property=\"article:modified_time\" content=\"2016-06-13T23:35:12+00:00\" \/>\n<meta property=\"og:image\" content=\"https:\/\/neue-herbold.com\/wp-content\/uploads\/2014\/11\/Flaschenkaesten_mobile_Anlage2-300x225.jpg\" \/>\n<meta name=\"twitter:label1\" content=\"Tiempo de lectura\" \/>\n\t<meta name=\"twitter:data1\" content=\"1 minute\" \/>\n<script type=\"application\/ld+json\" class=\"yoast-schema-graph\">{\"@context\":\"https:\/\/schema.org\",\"@graph\":[{\"@type\":\"WebPage\",\"@id\":\"https:\/\/neue-herbold.com\/es\/instalaciones-trituradoras-moviles-e-instalaciones-moviles-de-reciclaje\/\",\"url\":\"https:\/\/neue-herbold.com\/es\/instalaciones-trituradoras-moviles-e-instalaciones-moviles-de-reciclaje\/\",\"name\":\"Trituradoras M\u00f3viles - Neue Herbold GmbH Sinsheim\",\"isPartOf\":{\"@id\":\"https:\/\/neue-herbold.com\/en\/#website\"},\"primaryImageOfPage\":{\"@id\":\"https:\/\/neue-herbold.com\/es\/instalaciones-trituradoras-moviles-e-instalaciones-moviles-de-reciclaje\/#primaryimage\"},\"image\":{\"@id\":\"https:\/\/neue-herbold.com\/es\/instalaciones-trituradoras-moviles-e-instalaciones-moviles-de-reciclaje\/#primaryimage\"},\"thumbnailUrl\":\"https:\/\/neue-herbold.com\/wp-content\/uploads\/2014\/11\/Flaschenkaesten_mobile_Anlage2-300x225.jpg\",\"datePublished\":\"2016-06-03T15:32:53+00:00\",\"dateModified\":\"2016-06-13T23:35:12+00:00\",\"description\":\"NEUE HERBOLD ofrece trituradoras m\u00f3viles y adaptadas al correspondiente objetivo del procedimiento (triturar, lavar, clasificar, separar y\",\"breadcrumb\":{\"@id\":\"https:\/\/neue-herbold.com\/es\/instalaciones-trituradoras-moviles-e-instalaciones-moviles-de-reciclaje\/#breadcrumb\"},\"inLanguage\":\"es-ES\",\"potentialAction\":[{\"@type\":\"ReadAction\",\"target\":[\"https:\/\/neue-herbold.com\/es\/instalaciones-trituradoras-moviles-e-instalaciones-moviles-de-reciclaje\/\"]}]},{\"@type\":\"ImageObject\",\"inLanguage\":\"es-ES\",\"@id\":\"https:\/\/neue-herbold.com\/es\/instalaciones-trituradoras-moviles-e-instalaciones-moviles-de-reciclaje\/#primaryimage\",\"url\":\"https:\/\/neue-herbold.com\/wp-content\/uploads\/2014\/11\/Flaschenkaesten_mobile_Anlage2-300x225.jpg\",\"contentUrl\":\"https:\/\/neue-herbold.com\/wp-content\/uploads\/2014\/11\/Flaschenkaesten_mobile_Anlage2-300x225.jpg\"},{\"@type\":\"BreadcrumbList\",\"@id\":\"https:\/\/neue-herbold.com\/es\/instalaciones-trituradoras-moviles-e-instalaciones-moviles-de-reciclaje\/#breadcrumb\",\"itemListElement\":[{\"@type\":\"ListItem\",\"position\":1,\"name\":\"Startseite\",\"item\":\"https:\/\/neue-herbold.com\/es\/\"},{\"@type\":\"ListItem\",\"position\":2,\"name\":\"Instalaciones trituradoras m\u00f3viles e instalaciones m\u00f3viles de reciclaje\"}]},{\"@type\":\"WebSite\",\"@id\":\"https:\/\/neue-herbold.com\/en\/#website\",\"url\":\"https:\/\/neue-herbold.com\/en\/\",\"name\":\"Neue Herbold GmbH\",\"description\":\"\",\"potentialAction\":[{\"@type\":\"SearchAction\",\"target\":{\"@type\":\"EntryPoint\",\"urlTemplate\":\"https:\/\/neue-herbold.com\/en\/?s={search_term_string}\"},\"query-input\":{\"@type\":\"PropertyValueSpecification\",\"valueRequired\":true,\"valueName\":\"search_term_string\"}}],\"inLanguage\":\"es-ES\"}]}<\/script>\n<!-- \/ Yoast SEO plugin. -->","yoast_head_json":{"title":"Trituradoras M\u00f3viles - Neue Herbold GmbH Sinsheim","description":"NEUE HERBOLD ofrece trituradoras m\u00f3viles y adaptadas al correspondiente objetivo del procedimiento (triturar, lavar, clasificar, separar y","robots":{"index":"index","follow":"follow","max-snippet":"max-snippet:-1","max-image-preview":"max-image-preview:large","max-video-preview":"max-video-preview:-1"},"canonical":"https:\/\/neue-herbold.com\/es\/instalaciones-trituradoras-moviles-e-instalaciones-moviles-de-reciclaje\/","og_locale":"es_ES","og_type":"article","og_title":"Trituradoras M\u00f3viles - Neue Herbold GmbH Sinsheim","og_description":"NEUE HERBOLD ofrece trituradoras m\u00f3viles y adaptadas al correspondiente objetivo del procedimiento (triturar, lavar, clasificar, separar y","og_url":"https:\/\/neue-herbold.com\/es\/instalaciones-trituradoras-moviles-e-instalaciones-moviles-de-reciclaje\/","og_site_name":"Neue Herbold GmbH","article_modified_time":"2016-06-13T23:35:12+00:00","og_image":[{"url":"https:\/\/neue-herbold.com\/wp-content\/uploads\/2014\/11\/Flaschenkaesten_mobile_Anlage2-300x225.jpg","type":"","width":"","height":""}],"twitter_misc":{"Tiempo de lectura":"1 minute"},"schema":{"@context":"https:\/\/schema.org","@graph":[{"@type":"WebPage","@id":"https:\/\/neue-herbold.com\/es\/instalaciones-trituradoras-moviles-e-instalaciones-moviles-de-reciclaje\/","url":"https:\/\/neue-herbold.com\/es\/instalaciones-trituradoras-moviles-e-instalaciones-moviles-de-reciclaje\/","name":"Trituradoras M\u00f3viles - Neue Herbold GmbH Sinsheim","isPartOf":{"@id":"https:\/\/neue-herbold.com\/en\/#website"},"primaryImageOfPage":{"@id":"https:\/\/neue-herbold.com\/es\/instalaciones-trituradoras-moviles-e-instalaciones-moviles-de-reciclaje\/#primaryimage"},"image":{"@id":"https:\/\/neue-herbold.com\/es\/instalaciones-trituradoras-moviles-e-instalaciones-moviles-de-reciclaje\/#primaryimage"},"thumbnailUrl":"https:\/\/neue-herbold.com\/wp-content\/uploads\/2014\/11\/Flaschenkaesten_mobile_Anlage2-300x225.jpg","datePublished":"2016-06-03T15:32:53+00:00","dateModified":"2016-06-13T23:35:12+00:00","description":"NEUE HERBOLD ofrece trituradoras m\u00f3viles y adaptadas al correspondiente objetivo del procedimiento (triturar, lavar, clasificar, separar y","breadcrumb":{"@id":"https:\/\/neue-herbold.com\/es\/instalaciones-trituradoras-moviles-e-instalaciones-moviles-de-reciclaje\/#breadcrumb"},"inLanguage":"es-ES","potentialAction":[{"@type":"ReadAction","target":["https:\/\/neue-herbold.com\/es\/instalaciones-trituradoras-moviles-e-instalaciones-moviles-de-reciclaje\/"]}]},{"@type":"ImageObject","inLanguage":"es-ES","@id":"https:\/\/neue-herbold.com\/es\/instalaciones-trituradoras-moviles-e-instalaciones-moviles-de-reciclaje\/#primaryimage","url":"https:\/\/neue-herbold.com\/wp-content\/uploads\/2014\/11\/Flaschenkaesten_mobile_Anlage2-300x225.jpg","contentUrl":"https:\/\/neue-herbold.com\/wp-content\/uploads\/2014\/11\/Flaschenkaesten_mobile_Anlage2-300x225.jpg"},{"@type":"BreadcrumbList","@id":"https:\/\/neue-herbold.com\/es\/instalaciones-trituradoras-moviles-e-instalaciones-moviles-de-reciclaje\/#breadcrumb","itemListElement":[{"@type":"ListItem","position":1,"name":"Startseite","item":"https:\/\/neue-herbold.com\/es\/"},{"@type":"ListItem","position":2,"name":"Instalaciones trituradoras m\u00f3viles e instalaciones m\u00f3viles de reciclaje"}]},{"@type":"WebSite","@id":"https:\/\/neue-herbold.com\/en\/#website","url":"https:\/\/neue-herbold.com\/en\/","name":"Neue Herbold GmbH","description":"","potentialAction":[{"@type":"SearchAction","target":{"@type":"EntryPoint","urlTemplate":"https:\/\/neue-herbold.com\/en\/?s={search_term_string}"},"query-input":{"@type":"PropertyValueSpecification","valueRequired":true,"valueName":"search_term_string"}}],"inLanguage":"es-ES"}]}},"_links":{"self":[{"href":"https:\/\/neue-herbold.com\/es\/wp-json\/wp\/v2\/pages\/8386"}],"collection":[{"href":"https:\/\/neue-herbold.com\/es\/wp-json\/wp\/v2\/pages"}],"about":[{"href":"https:\/\/neue-herbold.com\/es\/wp-json\/wp\/v2\/types\/page"}],"author":[{"embeddable":true,"href":"https:\/\/neue-herbold.com\/es\/wp-json\/wp\/v2\/users\/1"}],"replies":[{"embeddable":true,"href":"https:\/\/neue-herbold.com\/es\/wp-json\/wp\/v2\/comments?post=8386"}],"version-history":[{"count":4,"href":"https:\/\/neue-herbold.com\/es\/wp-json\/wp\/v2\/pages\/8386\/revisions"}],"predecessor-version":[{"id":9870,"href":"https:\/\/neue-herbold.com\/es\/wp-json\/wp\/v2\/pages\/8386\/revisions\/9870"}],"wp:attachment":[{"href":"https:\/\/neue-herbold.com\/es\/wp-json\/wp\/v2\/media?parent=8386"}],"curies":[{"name":"wp","href":"https:\/\/api.w.org\/{rel}","templated":true}]}}