{"id":8326,"date":"2016-06-03T17:03:24","date_gmt":"2016-06-03T15:03:24","guid":{"rendered":"https:\/\/neue-herbold.com\/es\/rohr-profilmuehle-sr-lp\/"},"modified":"2017-05-02T19:57:26","modified_gmt":"2017-05-02T17:57:26","slug":"trituradores-para-cortar-perfiles","status":"publish","type":"page","link":"https:\/\/neue-herbold.com\/es\/trituradores-para-cortar-perfiles\/","title":{"rendered":"Trituradores para cortar perfiles LP"},"content":{"rendered":"<div id=\"attachment_2944\" style=\"width: 334px\" class=\"wp-caption alignleft\"><a href=\"https:\/\/neue-herbold.com\/wp-content\/uploads\/2014\/11\/SP450_1000F9_2_98IF.jpg\" target=\"_blank\" rel=\"noopener noreferrer\"><img loading=\"lazy\" decoding=\"async\" aria-describedby=\"caption-attachment-2944\" class=\"wp-image-2944\" src=\"https:\/\/neue-herbold.com\/wp-content\/uploads\/2014\/11\/SP450_1000F9_2_98IF.jpg\" alt=\"Trituradores para cortar perfiles LP 450\/600\" width=\"324\" height=\"330\" srcset=\"https:\/\/neue-herbold.com\/wp-content\/uploads\/2014\/11\/SP450_1000F9_2_98IF-100x102.jpg 100w, https:\/\/neue-herbold.com\/wp-content\/uploads\/2014\/11\/SP450_1000F9_2_98IF-150x153.jpg 150w, https:\/\/neue-herbold.com\/wp-content\/uploads\/2014\/11\/SP450_1000F9_2_98IF-200x204.jpg 200w, https:\/\/neue-herbold.com\/wp-content\/uploads\/2014\/11\/SP450_1000F9_2_98IF-300x307.jpg 300w, https:\/\/neue-herbold.com\/wp-content\/uploads\/2014\/11\/SP450_1000F9_2_98IF-450x460.jpg 450w\" sizes=\"(max-width: 324px) 100vw, 324px\" \/><\/a><p id=\"caption-attachment-2944\" class=\"wp-caption-text\">LP 450\/600<\/p><\/div>\n<p><b><i>Campo de empleo<\/i><\/b><br \/>\n Trituradores cortantes de las series LP de <b>NEUE HERBOLD<\/b> posibilitan la trituraci\u00f3n de tubos y perfiles largos. Los molinos cortantes son cargados horizontalmente sin previo del material.<\/p>\n<div>\n<p>La LP-serie se utiliza por la trituraci\u00f3n de perfiles en PVC<\/p>\n<\/div>\n<div>\n<h4><b><i>T\u00e9cnica: Trituradores para cortar perfiles<\/i><\/b><\/h4>\n<p>Molinos cortantes de las series LP de<b> NEUE HERBOLD<\/b> est\u00e1n equipados con \u201cgeometr\u00eda de doble corte inclinado\u201d. En la caja de molino, las cuchillas inclinadas rotativas trabajan contra cuchillas fijas inclinadas.<\/p>\n<p>Esta geometr\u00eda de corte posibilita una precisa ranura de corte sobre la longitud total de trabajo y cuida de un corte extremamente econ\u00f3mico con un nivel de ruido reducido. Las cuchillas de rotor y las cuchillas fijas se ajustan fuera de la m\u00e1quina en una galga.<\/p>\n<\/div>\n<p>El \u00e1rbol de rotor est\u00e1 apoyado en el exterior, separado de la c\u00e1mara demolino. As\u00ed se garantiza una no contaminaci\u00f3n del material de triturar. La soldada caja de molino, estando segura contra rotura, resiste a esfuerzos extremamente altos. La geometr\u00eda de corte de la serie LP est\u00e1 concebida de manera que p\u00e9rfiles son alimentados casi autom\u00e1ticamente despu\u00e9s de que los mismos fueron tomados por el rotor de cuchillas m\u00faltiples.<\/p>\n<div>\n<p><b>Alimentaci\u00f3n del material, a elecci\u00f3n, <\/b>con alimentaci\u00f3n manual o con alimentaci\u00f3n forzada a trav\u00e9s de dispositivo arrastrador por rodillos.<\/p>\n<\/div>\n<div>\n<h4><b>Ventajas: <i>Trituradores para cortar perfiles<\/i><br \/>\n <\/b><\/h4>\n<ul>\n<li class=\"Normal\">esfuerzo m\u00e1s adverso<\/li>\n<li class=\"Normal\">poco espacio necesario<\/li>\n<li class=\"Normal\">trituraci\u00f3n que ahorra energ\u00eda<\/li>\n<li class=\"Normal\">bajo nivel de ruido por doble corte inclinado<\/li>\n<li class=\"Normal\">rendimiento de paso m\u00e1s alto<\/li>\n<li class=\"Normal\">m\u00ednimos tiempos de parada al cambio de cuchillas por ajuste previo de cuchillas<\/li>\n<\/ul>\n<blockquote>\n<p><a href=\"https:\/\/neue-herbold.com\/es\/trituradores-para-cortar-tubos-y-perfiles\/\">Trituradores cortantes de las series SR<\/a> de <b>NEUE HERBOLD<\/b> posibilitan la trituraci\u00f3n de tubos y perfiles largos.<\/p>\n<\/blockquote>\n<\/div>\n<p><strong>Trituraci\u00f3n de perfiles \u2013 serie LP<\/strong><\/p>\n<div id=\"bcrKN3RwSm\" data-borlabs-cookie-blocked-content><div class=\"borlabs-cookie-bct bc-bct-video bc-bct-youtube\"> <p class=\"bc-thumbnail\"><img src=\"https:\/\/neue-herbold.com\/wp-content\/plugins\/borlabs-cookie\/images\/bct-no-thumbnail.png\" alt=\"YouTube\"><\/p> <div class=\"bc-text\"> <p>Para proteger sus datos personales, se ha bloqueado su conexi\u00f3n a YouTube. <br> Haga clic en <strong> Cargar video <\/strong> para desbloquear YouTube. <br> Al cargar el video, acepta la pol\u00edtica de privacidad de YouTube. <br> Puede encontrar m\u00e1s informaci\u00f3n sobre la pol\u00edtica de privacidad de YouTube aqu\u00ed. <a href=\"https:\/\/policies.google.com\/privacy?hl=es&gl=es\" target=\"_blank\" rel=\"nofollow\">Google - Declaraci\u00f3n de privacidad<\/a><\/p> <p><label><input type=\"checkbox\" name=\"unblockAll\" value=\"1\" > No bloquees m\u00e1s videos de YouTube en el futuro.<\/label> <a role=\"button\" data-borlabs-cookie-unblock>Cargar video<\/a><\/p> <\/div> <\/div><\/div>\n<p>&nbsp;<\/p>\n<table style=\"width: 252px;\">\n<tbody>\n<tr>\n<td style=\"text-align: center; width: 232px;\"><strong>Molinos para <br \/>\n cortar perfiles <\/strong><\/td>\n<\/tr>\n<tr>\n<td style=\"text-align: left; width: 232px;\">Tipo LP 450\/600<\/td>\n<\/tr>\n<tr>\n<td style=\"text-align: left; width: 232px;\">Tipo LP 450\/1000<\/td>\n<\/tr>\n<tr>\n<td style=\"text-align: left; width: 232px;\">Tipo SP 300\/300<\/td>\n<\/tr>\n<tr>\n<td style=\"text-align: left; width: 232px;\">Tipo SP 300\/500<\/td>\n<\/tr>\n<tr>\n<td style=\"text-align: left; width: 232px;\">Tipo SP 450\/300<\/td>\n<\/tr>\n<tr>\n<td style=\"text-align: left; width: 232px;\">Tipo SP 450\/600<\/td>\n<\/tr>\n<tr>\n<td style=\"text-align: left; width: 232px;\">Tipo SP 600\/600<\/td>\n<\/tr>\n<tr>\n<td style=\"text-align: left; width: 232px;\">Tipo SP 450\/1000<\/td>\n<\/tr>\n<\/tbody>\n<\/table>\n","protected":false},"excerpt":{"rendered":"<p><b><i>Campo de empleo<\/i><\/b><br \/>\n Trituradores cortantes de las series LP de <b>NEUE HERBOLD<\/b> posibilitan la trituraci\u00f3n de tubos y perfiles largos. Los molinos cortantes son cargados horizontalmente sin previo del material.<\/p>\n<div>\n<p>La LP-serie se utiliza por la trituraci\u00f3n de perfiles en PVC<\/p>\n<\/div>\n<div>\n<b><i>T\u00e9cnica: Trituradores para cortar perfiles<\/i><\/b><\/p>\n<p>Molinos cortantes de las series LP de<b> NEUE HERBOLD<\/b> est\u00e1n equipados con \u201cgeometr\u00eda de doble corte inclinado\u201d.<\/p>\n<\/div>\n<p><span class=\"ellipsis\">&hellip;<\/span><\/p>\n<div class=\"read-more\"><a href=\"https:\/\/neue-herbold.com\/es\/trituradores-para-cortar-perfiles\/\">Leer m\u00e1s \u203a<\/a><\/div>\n<p><!-- end of .read-more --><\/p>\n","protected":false},"author":1,"featured_media":0,"parent":0,"menu_order":0,"comment_status":"closed","ping_status":"closed","template":"","meta":{"footnotes":""},"class_list":["post-8326","page","type-page","status-publish","hentry"],"yoast_head":"<!-- This site is optimized with the Yoast SEO plugin v25.4 - https:\/\/yoast.com\/wordpress\/plugins\/seo\/ -->\n<title>Trituradores para cortar perfiles LP - Neue Herbold GmbH<\/title>\n<meta name=\"description\" content=\"Trituradores para cortar perfiles de las series SR y LP de NEUE HERBOLD posibilitan la trituraci\u00f3n de tubos y perfiles largos. Los molinos cortantes\" \/>\n<meta name=\"robots\" content=\"index, follow, max-snippet:-1, max-image-preview:large, max-video-preview:-1\" \/>\n<link rel=\"canonical\" href=\"https:\/\/neue-herbold.com\/es\/trituradores-para-cortar-perfiles\/\" \/>\n<meta property=\"og:locale\" content=\"es_ES\" \/>\n<meta property=\"og:type\" content=\"article\" \/>\n<meta property=\"og:title\" content=\"Trituradores para cortar perfiles LP - Neue Herbold GmbH\" \/>\n<meta property=\"og:description\" content=\"Trituradores para cortar perfiles de las series SR y LP de NEUE HERBOLD posibilitan la trituraci\u00f3n de tubos y perfiles largos. Los molinos cortantes\" \/>\n<meta property=\"og:url\" content=\"https:\/\/neue-herbold.com\/es\/trituradores-para-cortar-perfiles\/\" \/>\n<meta property=\"og:site_name\" content=\"Neue Herbold GmbH\" \/>\n<meta property=\"article:modified_time\" content=\"2017-05-02T17:57:26+00:00\" \/>\n<meta property=\"og:image\" content=\"https:\/\/neue-herbold.com\/wp-content\/uploads\/2014\/11\/SP450_1000F9_2_98IF.jpg\" \/>\n<meta name=\"twitter:label1\" content=\"Tiempo de lectura\" \/>\n\t<meta name=\"twitter:data1\" content=\"2 minutes\" \/>\n<script type=\"application\/ld+json\" class=\"yoast-schema-graph\">{\"@context\":\"https:\/\/schema.org\",\"@graph\":[{\"@type\":\"WebPage\",\"@id\":\"https:\/\/neue-herbold.com\/es\/trituradores-para-cortar-perfiles\/\",\"url\":\"https:\/\/neue-herbold.com\/es\/trituradores-para-cortar-perfiles\/\",\"name\":\"Trituradores para cortar perfiles LP - Neue Herbold GmbH\",\"isPartOf\":{\"@id\":\"https:\/\/neue-herbold.com\/en\/#website\"},\"primaryImageOfPage\":{\"@id\":\"https:\/\/neue-herbold.com\/es\/trituradores-para-cortar-perfiles\/#primaryimage\"},\"image\":{\"@id\":\"https:\/\/neue-herbold.com\/es\/trituradores-para-cortar-perfiles\/#primaryimage\"},\"thumbnailUrl\":\"https:\/\/neue-herbold.com\/wp-content\/uploads\/2014\/11\/SP450_1000F9_2_98IF.jpg\",\"datePublished\":\"2016-06-03T15:03:24+00:00\",\"dateModified\":\"2017-05-02T17:57:26+00:00\",\"description\":\"Trituradores para cortar perfiles de las series SR y LP de NEUE HERBOLD posibilitan la trituraci\u00f3n de tubos y perfiles largos. Los molinos cortantes\",\"breadcrumb\":{\"@id\":\"https:\/\/neue-herbold.com\/es\/trituradores-para-cortar-perfiles\/#breadcrumb\"},\"inLanguage\":\"es-ES\",\"potentialAction\":[{\"@type\":\"ReadAction\",\"target\":[\"https:\/\/neue-herbold.com\/es\/trituradores-para-cortar-perfiles\/\"]}]},{\"@type\":\"ImageObject\",\"inLanguage\":\"es-ES\",\"@id\":\"https:\/\/neue-herbold.com\/es\/trituradores-para-cortar-perfiles\/#primaryimage\",\"url\":\"https:\/\/neue-herbold.com\/wp-content\/uploads\/2014\/11\/SP450_1000F9_2_98IF.jpg\",\"contentUrl\":\"https:\/\/neue-herbold.com\/wp-content\/uploads\/2014\/11\/SP450_1000F9_2_98IF.jpg\"},{\"@type\":\"BreadcrumbList\",\"@id\":\"https:\/\/neue-herbold.com\/es\/trituradores-para-cortar-perfiles\/#breadcrumb\",\"itemListElement\":[{\"@type\":\"ListItem\",\"position\":1,\"name\":\"Startseite\",\"item\":\"https:\/\/neue-herbold.com\/es\/\"},{\"@type\":\"ListItem\",\"position\":2,\"name\":\"Trituradores para cortar perfiles LP\"}]},{\"@type\":\"WebSite\",\"@id\":\"https:\/\/neue-herbold.com\/en\/#website\",\"url\":\"https:\/\/neue-herbold.com\/en\/\",\"name\":\"Neue Herbold GmbH\",\"description\":\"\",\"potentialAction\":[{\"@type\":\"SearchAction\",\"target\":{\"@type\":\"EntryPoint\",\"urlTemplate\":\"https:\/\/neue-herbold.com\/en\/?s={search_term_string}\"},\"query-input\":{\"@type\":\"PropertyValueSpecification\",\"valueRequired\":true,\"valueName\":\"search_term_string\"}}],\"inLanguage\":\"es-ES\"}]}<\/script>\n<!-- \/ Yoast SEO plugin. -->","yoast_head_json":{"title":"Trituradores para cortar perfiles LP - Neue Herbold GmbH","description":"Trituradores para cortar perfiles de las series SR y LP de NEUE HERBOLD posibilitan la trituraci\u00f3n de tubos y perfiles largos. Los molinos cortantes","robots":{"index":"index","follow":"follow","max-snippet":"max-snippet:-1","max-image-preview":"max-image-preview:large","max-video-preview":"max-video-preview:-1"},"canonical":"https:\/\/neue-herbold.com\/es\/trituradores-para-cortar-perfiles\/","og_locale":"es_ES","og_type":"article","og_title":"Trituradores para cortar perfiles LP - Neue Herbold GmbH","og_description":"Trituradores para cortar perfiles de las series SR y LP de NEUE HERBOLD posibilitan la trituraci\u00f3n de tubos y perfiles largos. Los molinos cortantes","og_url":"https:\/\/neue-herbold.com\/es\/trituradores-para-cortar-perfiles\/","og_site_name":"Neue Herbold GmbH","article_modified_time":"2017-05-02T17:57:26+00:00","og_image":[{"url":"https:\/\/neue-herbold.com\/wp-content\/uploads\/2014\/11\/SP450_1000F9_2_98IF.jpg","type":"","width":"","height":""}],"twitter_misc":{"Tiempo de lectura":"2 minutes"},"schema":{"@context":"https:\/\/schema.org","@graph":[{"@type":"WebPage","@id":"https:\/\/neue-herbold.com\/es\/trituradores-para-cortar-perfiles\/","url":"https:\/\/neue-herbold.com\/es\/trituradores-para-cortar-perfiles\/","name":"Trituradores para cortar perfiles LP - Neue Herbold GmbH","isPartOf":{"@id":"https:\/\/neue-herbold.com\/en\/#website"},"primaryImageOfPage":{"@id":"https:\/\/neue-herbold.com\/es\/trituradores-para-cortar-perfiles\/#primaryimage"},"image":{"@id":"https:\/\/neue-herbold.com\/es\/trituradores-para-cortar-perfiles\/#primaryimage"},"thumbnailUrl":"https:\/\/neue-herbold.com\/wp-content\/uploads\/2014\/11\/SP450_1000F9_2_98IF.jpg","datePublished":"2016-06-03T15:03:24+00:00","dateModified":"2017-05-02T17:57:26+00:00","description":"Trituradores para cortar perfiles de las series SR y LP de NEUE HERBOLD posibilitan la trituraci\u00f3n de tubos y perfiles largos. Los molinos cortantes","breadcrumb":{"@id":"https:\/\/neue-herbold.com\/es\/trituradores-para-cortar-perfiles\/#breadcrumb"},"inLanguage":"es-ES","potentialAction":[{"@type":"ReadAction","target":["https:\/\/neue-herbold.com\/es\/trituradores-para-cortar-perfiles\/"]}]},{"@type":"ImageObject","inLanguage":"es-ES","@id":"https:\/\/neue-herbold.com\/es\/trituradores-para-cortar-perfiles\/#primaryimage","url":"https:\/\/neue-herbold.com\/wp-content\/uploads\/2014\/11\/SP450_1000F9_2_98IF.jpg","contentUrl":"https:\/\/neue-herbold.com\/wp-content\/uploads\/2014\/11\/SP450_1000F9_2_98IF.jpg"},{"@type":"BreadcrumbList","@id":"https:\/\/neue-herbold.com\/es\/trituradores-para-cortar-perfiles\/#breadcrumb","itemListElement":[{"@type":"ListItem","position":1,"name":"Startseite","item":"https:\/\/neue-herbold.com\/es\/"},{"@type":"ListItem","position":2,"name":"Trituradores para cortar perfiles LP"}]},{"@type":"WebSite","@id":"https:\/\/neue-herbold.com\/en\/#website","url":"https:\/\/neue-herbold.com\/en\/","name":"Neue Herbold GmbH","description":"","potentialAction":[{"@type":"SearchAction","target":{"@type":"EntryPoint","urlTemplate":"https:\/\/neue-herbold.com\/en\/?s={search_term_string}"},"query-input":{"@type":"PropertyValueSpecification","valueRequired":true,"valueName":"search_term_string"}}],"inLanguage":"es-ES"}]}},"_links":{"self":[{"href":"https:\/\/neue-herbold.com\/es\/wp-json\/wp\/v2\/pages\/8326"}],"collection":[{"href":"https:\/\/neue-herbold.com\/es\/wp-json\/wp\/v2\/pages"}],"about":[{"href":"https:\/\/neue-herbold.com\/es\/wp-json\/wp\/v2\/types\/page"}],"author":[{"embeddable":true,"href":"https:\/\/neue-herbold.com\/es\/wp-json\/wp\/v2\/users\/1"}],"replies":[{"embeddable":true,"href":"https:\/\/neue-herbold.com\/es\/wp-json\/wp\/v2\/comments?post=8326"}],"version-history":[{"count":10,"href":"https:\/\/neue-herbold.com\/es\/wp-json\/wp\/v2\/pages\/8326\/revisions"}],"predecessor-version":[{"id":10976,"href":"https:\/\/neue-herbold.com\/es\/wp-json\/wp\/v2\/pages\/8326\/revisions\/10976"}],"wp:attachment":[{"href":"https:\/\/neue-herbold.com\/es\/wp-json\/wp\/v2\/media?parent=8326"}],"curies":[{"name":"wp","href":"https:\/\/api.w.org\/{rel}","templated":true}]}}