{"id":8297,"date":"2016-06-03T16:34:03","date_gmt":"2016-06-03T14:34:03","guid":{"rendered":"https:\/\/neue-herbold.com\/es\/schneidmuehle-lm\/"},"modified":"2017-01-24T18:25:25","modified_gmt":"2017-01-24T17:25:25","slug":"trituradores-lm","status":"publish","type":"page","link":"https:\/\/neue-herbold.com\/es\/trituradores-lm\/","title":{"rendered":"Trituradores LM"},"content":{"rendered":"<p><span style=\"color: #000000;\"><strong><a href=\"https:\/\/neue-herbold.com\/wp-content\/uploads\/2014\/11\/LM-450_1000-S5.jpg\" target=\"_blank\"><img loading=\"lazy\" decoding=\"async\" class=\"alignright wp-image-2968\" src=\"https:\/\/neue-herbold.com\/wp-content\/uploads\/2014\/11\/LM-450_1000-S5.jpg\" alt=\"LM  450_1000 S5\" width=\"331\" height=\"552\" srcset=\"https:\/\/neue-herbold.com\/wp-content\/uploads\/2014\/11\/LM-450_1000-S5.jpg 540w, https:\/\/neue-herbold.com\/wp-content\/uploads\/2014\/11\/LM-450_1000-S5-180x300.jpg 180w, https:\/\/neue-herbold.com\/wp-content\/uploads\/2014\/11\/LM-450_1000-S5-100x166.jpg 100w, https:\/\/neue-herbold.com\/wp-content\/uploads\/2014\/11\/LM-450_1000-S5-150x250.jpg 150w, https:\/\/neue-herbold.com\/wp-content\/uploads\/2014\/11\/LM-450_1000-S5-200x333.jpg 200w, https:\/\/neue-herbold.com\/wp-content\/uploads\/2014\/11\/LM-450_1000-S5-300x500.jpg 300w, https:\/\/neue-herbold.com\/wp-content\/uploads\/2014\/11\/LM-450_1000-S5-450x750.jpg 450w\" sizes=\"(max-width: 331px) 100vw, 331px\" \/><\/a><\/strong>Los molinos trituradores de la serie LM de <strong>NEUE HERBOLD<\/strong> son duraderos, operan al minimo nivel de sonoridad y est\u00e1n fabricados para un campo de aplicaciones medias.<\/span><\/p>\n<p><span style=\"color: #000000;\">El molino triturador dispone de un f\u00e1cil acceso, por lo que facilita la r\u00e1pida limpieza, el mantenimiento y su uso cuando se aplican <\/span><br \/> <span style=\"color: #000000;\">muchos cambios de tipo de material.<\/span><\/p>\n<p><span style=\"color: #000000;\">El molino triturador tipo LM utiliza la verdadera configuraci\u00f3n de doble corte inclinado (tipo tijera). Las cuchillas ligeramente inclinadas del rotor trabajan en conjunci\u00f3n con las cuchillas fijas, tambi\u00e9n ligeramente inclinadas, pero en sentido oquesto, las cuales est\u00e1n montadas en la carcasa. Esta geometr\u00eda de corte asegura una precisa ranura de corte y una reducci\u00f3n del consumo energ\u00e9tico y del nivel de ruido.<\/span><\/p>\n<p><em><span style=\"color: #000000;\"><strong>Economica y Versatil<\/strong><\/span><\/em><br \/> <span style=\"color: #000000;\">Film, contenedores, cajas, parachoques, tubos de bajo espesor, piezas inyectadas o termoconformadas, etc. Los molinos trituradores de las series LM son tambi\u00e9n ideales para la trituraci\u00f3n de desperdicios pl\u00e1sticos de gran volumen y de espesores de pared medio y bajo. Los molinos trituradores tipo LM pueden ser fabricados con distintos tipos de rotor, dependiendo de la aplicaci\u00f3n espec\u00edfica.<\/span><\/p>\n<p><span style=\"color: #000000;\"><strong><em>Construccion de Acero, Soldada<\/em><\/strong><\/span><br \/> <span style=\"color: #000000;\">Los molinos trituradores de las series LM de <strong>NEUE HERBOLD<\/strong> son extremadamente duraderos y robustos. Esto afecta, no solo a la carcasa sino tambi\u00e9n a los cojinetes del rotor, a los soportes de las cuchillas y al eje del rotor. La carcasa completamente soldada est\u00e1 fabricada en acero especial pretensado para evitar roturas o tensiones extraordinarias.<\/span><\/p>\n<p><em><span style=\"color: #000000;\"><strong>Conjinetes de Rotor fuera de la Carcasa<\/strong><\/span><\/em><br \/> <span style=\"color: #000000;\">Los cojinetes del rotor est\u00e1n montados totalmente fuera de la carcasa del molino triturador. Este concepto previene cualquier entrada de material y de polvo en los cojinetes, lo que provocar\u00eda la rotura prematura de los mismos. Asimismo, esto elimina cualquier incremento de temperatura en la c\u00e1mara de trituraci\u00f3n causado <\/span><br \/> <span style=\"color: #000000;\">por la elevada temperatura de trabajo de los cojinetes.<\/span><\/p>\n<p><span style=\"color: #000000;\">Las series LM est\u00e1n fabricadas de forma compacta e integrada, lo cual incrementa la facilidad de limpieza del molino, para cambios de tipo o color del material.<\/span><\/p>\n<p><span style=\"color: #000000;\">El molino se suministra con sistema manual o hidr\u00e1ulico para facilitar la apertura de la carcasa superior o, dependiendo de la dimensi\u00f3n del molino, la apertura se realiza hidr\u00e1ulicamente. <\/span><\/p>\n<p><span style=\"color: #000000;\"><strong><em>Proceso de Ajuste de las Cuchillas<\/em><\/strong><\/span><br \/> <span style=\"color: #000000;\">El ajuste de las cuchillas, tanto fijas como del rotor, se realiza en su totalidad fuera del molino utilizando una galga de ajuste. Los tornillos de ajuste en el rotor y en la carcasa est\u00e1n preparados en la f\u00e1brica. Las cuchillas fijas y las rotativas se ajustan utilizando los tornillos provistos en cada cuchilla y se reajustan despu\u00e9s de que las cuchillas hayan sido reafiladas. El proceso de ajuste de las cuchillas es totalmente independiente del funcionamiento del molino triturador.<\/span><\/p>\n<p><span style=\"color: #000000;\"><em><strong>Ventajas<\/strong><\/em><br \/> Los \u201etiempos muertos\u201c del molino triturador se reducen considerablemente debido al ajuste previo de las cuchillas. Por este motivo, solo es necesario extraer las cuchillas viejas e instalar las nuevas cuchillas pre-ajustadas. El m\u00e9todo tradicional de ajuste de las cuchillas dentro del molino ha sido eliminado completamente. Asimismo, el tiempo de instalaci\u00f3n de las cuchillas puede reducirse con un taladro neum\u00e1tico. El molino triturador es de perfil bajo y permite un f\u00e1cil acceso a trav\u00e9s de la apertura diagonal de la carcasa.<br \/> <\/span><\/p>\n<table>\n<tbody>\n<tr>\n<td style=\"text-align: center;\"><span style=\"color: #000000;\"><strong>Tipo<\/strong><\/span><\/td>\n<td style=\"text-align: center;\"><span style=\"color: #000000;\"><strong>A (mm)<\/strong><\/span><\/td>\n<td style=\"text-align: center;\"><span style=\"color: #000000;\"><strong>B (mm)<\/strong><\/span><\/td>\n<td style=\"text-align: center;\"><span style=\"color: #000000;\"><strong>C (mm)<\/strong><\/span><\/td>\n<td style=\"text-align: center;\"><span style=\"color: #000000;\"><strong>D (mm)<\/strong><\/span><\/td>\n<td style=\"text-align: center;\"><span style=\"color: #000000;\"><strong>E (mm)<\/strong><\/span><\/td>\n<\/tr>\n<tr>\n<td style=\"text-align: left;\"><span style=\"color: #000000;\">Molino Trituradores tipo LM 300\/300<\/span><\/td>\n<td style=\"text-align: center;\"><span style=\"color: #000000;\">810<\/span><\/td>\n<td style=\"text-align: center;\"><span style=\"color: #000000;\">1340<\/span><\/td>\n<td style=\"text-align: center;\"><span style=\"color: #000000;\">290<\/span><\/td>\n<td style=\"text-align: center;\"><span style=\"color: #000000;\">1110<\/span><\/td>\n<td style=\"text-align: center;\"><span style=\"color: #000000;\">500<\/span><\/td>\n<\/tr>\n<tr>\n<td style=\"text-align: left;\"><span style=\"color: #000000;\">Molino Trituradores tipo LM 300\/500<\/span><\/td>\n<td style=\"text-align: center;\"><span style=\"color: #000000;\">810<\/span><\/td>\n<td style=\"text-align: center;\"><span style=\"color: #000000;\">1340<\/span><\/td>\n<td style=\"text-align: center;\"><span style=\"color: #000000;\">490<\/span><\/td>\n<td style=\"text-align: center;\"><span style=\"color: #000000;\">1310<\/span><\/td>\n<td style=\"text-align: center;\"><span style=\"color: #000000;\">500<\/span><\/td>\n<\/tr>\n<tr>\n<td style=\"text-align: left;\"><span style=\"color: #000000;\">Molino Trituradores tipo LM 300\/800<\/span><\/td>\n<td style=\"text-align: center;\"><span style=\"color: #000000;\">810<\/span><\/td>\n<td style=\"text-align: center;\"><span style=\"color: #000000;\">1340<\/span><\/td>\n<td style=\"text-align: center;\"><span style=\"color: #000000;\">790<\/span><\/td>\n<td style=\"text-align: center;\"><span style=\"color: #000000;\">1610<\/span><\/td>\n<td style=\"text-align: center;\"><span style=\"color: #000000;\">500<\/span><\/td>\n<\/tr>\n<tr>\n<td style=\"text-align: left;\"><span style=\"color: #000000;\">Molino Trituradores tipo LM 300\/1000<\/span><\/td>\n<td style=\"text-align: center;\"><span style=\"color: #000000;\">785<\/span><\/td>\n<td style=\"text-align: center;\"><span style=\"color: #000000;\">1760<\/span><\/td>\n<td style=\"text-align: center;\"><span style=\"color: #000000;\">980<\/span><\/td>\n<td style=\"text-align: center;\"><span style=\"color: #000000;\">1650<\/span><\/td>\n<td style=\"text-align: center;\"><span style=\"color: #000000;\">500<\/span><\/td>\n<\/tr>\n<tr>\n<td style=\"text-align: left;\"><span style=\"color: #000000;\">Molino Trituradores tipo LM 300\/1500<\/span><\/td>\n<td style=\"text-align: center;\"><span style=\"color: #000000;\">785<\/span><\/td>\n<td style=\"text-align: center;\"><span style=\"color: #000000;\">1720<\/span><\/td>\n<td style=\"text-align: center;\"><span style=\"color: #000000;\">1430<\/span><\/td>\n<td style=\"text-align: center;\"><span style=\"color: #000000;\">2040<\/span><\/td>\n<td style=\"text-align: center;\"><span style=\"color: #000000;\">500<\/span><\/td>\n<\/tr>\n<tr>\n<td style=\"text-align: left;\"><span style=\"color: #000000;\">Molino Trituradores tipo LM 450\/600<\/span><\/td>\n<td style=\"text-align: center;\"><span style=\"color: #000000;\">921<\/span><\/td>\n<td style=\"text-align: center;\"><span style=\"color: #000000;\">2150<\/span><\/td>\n<td style=\"text-align: center;\"><span style=\"color: #000000;\">578<\/span><\/td>\n<td style=\"text-align: center;\"><span style=\"color: #000000;\">1500<\/span><\/td>\n<td style=\"text-align: center;\"><span style=\"color: #000000;\">600<\/span><\/td>\n<\/tr>\n<tr>\n<td style=\"text-align: left;\"><span style=\"color: #000000;\">Molino Trituradores tipo LM 450\/1000<\/span><\/td>\n<td style=\"text-align: center;\"><span style=\"color: #000000;\">921<\/span><\/td>\n<td style=\"text-align: center;\"><span style=\"color: #000000;\">2230<\/span><\/td>\n<td style=\"text-align: center;\"><span style=\"color: #000000;\">980<\/span><\/td>\n<td style=\"text-align: center;\"><span style=\"color: #000000;\">1900<\/span><\/td>\n<td style=\"text-align: center;\"><span style=\"color: #000000;\">600<\/span><\/td>\n<\/tr>\n<tr>\n<td style=\"text-align: left;\"><span style=\"color: #000000;\">Molino Trituradores tipo LM 450\/1200 <\/span><\/td>\n<td style=\"text-align: center;\"><span style=\"color: #000000;\">928<\/span><\/td>\n<td style=\"text-align: center;\"><span style=\"color: #000000;\">2260<\/span><\/td>\n<td style=\"text-align: center;\"><span style=\"color: #000000;\">1154<\/span><\/td>\n<td style=\"text-align: center;\"><span style=\"color: #000000;\">2074<\/span><\/td>\n<td style=\"text-align: center;\"><span style=\"color: #000000;\">600<\/span><\/td>\n<\/tr>\n<tr>\n<td style=\"text-align: left;\"><span style=\"color: #000000;\">Molino Trituradores tipo LM 600\/1000<\/span><\/td>\n<td style=\"text-align: center;\"><span style=\"color: #000000;\">1180<\/span><\/td>\n<td style=\"text-align: center;\"><span style=\"color: #000000;\">2670<\/span><\/td>\n<td style=\"text-align: center;\"><span style=\"color: #000000;\">980<\/span><\/td>\n<td style=\"text-align: center;\"><span style=\"color: #000000;\">2055<\/span><\/td>\n<td style=\"text-align: center;\"><span style=\"color: #000000;\">710<\/span><\/td>\n<\/tr>\n<tr>\n<td style=\"text-align: left;\"><span style=\"color: #000000;\">Molino Trituradores tipo LM 600\/1200<\/span><\/td>\n<td style=\"text-align: center;\"><span style=\"color: #000000;\">1180<\/span><\/td>\n<td style=\"text-align: center;\"><span style=\"color: #000000;\">2670<\/span><\/td>\n<td style=\"text-align: center;\"><span style=\"color: #000000;\">1154<\/span><\/td>\n<td style=\"text-align: center;\"><span style=\"color: #000000;\">2074<\/span><\/td>\n<td style=\"text-align: center;\"><span style=\"color: #000000;\">710<\/span><\/td>\n<\/tr>\n<\/tbody>\n<\/table>\n<p><span style=\"color: #000000;\"> <a href=\"https:\/\/neue-herbold.com\/wp-content\/uploads\/2014\/12\/Masse-SM.jpg\" target=\"_blank\"><img loading=\"lazy\" decoding=\"async\" class=\"alignnone wp-image-3428\" src=\"https:\/\/neue-herbold.com\/wp-content\/uploads\/2014\/12\/Masse-SM-300x208.jpg\" alt=\"\" width=\"410\" height=\"284\" srcset=\"https:\/\/neue-herbold.com\/wp-content\/uploads\/2014\/12\/Masse-SM-300x208.jpg 300w, https:\/\/neue-herbold.com\/wp-content\/uploads\/2014\/12\/Masse-SM-100x69.jpg 100w, https:\/\/neue-herbold.com\/wp-content\/uploads\/2014\/12\/Masse-SM-150x104.jpg 150w, https:\/\/neue-herbold.com\/wp-content\/uploads\/2014\/12\/Masse-SM-200x139.jpg 200w, https:\/\/neue-herbold.com\/wp-content\/uploads\/2014\/12\/Masse-SM-450x313.jpg 450w, https:\/\/neue-herbold.com\/wp-content\/uploads\/2014\/12\/Masse-SM-600x417.jpg 600w, https:\/\/neue-herbold.com\/wp-content\/uploads\/2014\/12\/Masse-SM-900x626.jpg 900w\" sizes=\"(max-width: 410px) 100vw, 410px\" \/><\/a><\/span><\/p>\n","protected":false},"excerpt":{"rendered":"<p><span style=\"color: #000000;\"><strong><a href=\"https:\/\/neue-herbold.com\/wp-content\/uploads\/2014\/11\/LM-450_1000-S5.jpg\" target=\"_blank\"><img loading=\"lazy\" decoding=\"async\" class=\"alignright wp-image-2968\" src=\"https:\/\/neue-herbold.com\/wp-content\/uploads\/2014\/11\/LM-450_1000-S5.jpg\" alt=\"LM  450_1000 S5\" width=\"331\" height=\"552\" srcset=\"https:\/\/neue-herbold.com\/wp-content\/uploads\/2014\/11\/LM-450_1000-S5.jpg 540w, https:\/\/neue-herbold.com\/wp-content\/uploads\/2014\/11\/LM-450_1000-S5-180x300.jpg 180w, https:\/\/neue-herbold.com\/wp-content\/uploads\/2014\/11\/LM-450_1000-S5-100x166.jpg 100w, https:\/\/neue-herbold.com\/wp-content\/uploads\/2014\/11\/LM-450_1000-S5-150x250.jpg 150w, https:\/\/neue-herbold.com\/wp-content\/uploads\/2014\/11\/LM-450_1000-S5-200x333.jpg 200w, https:\/\/neue-herbold.com\/wp-content\/uploads\/2014\/11\/LM-450_1000-S5-300x500.jpg 300w, https:\/\/neue-herbold.com\/wp-content\/uploads\/2014\/11\/LM-450_1000-S5-450x750.jpg 450w\" sizes=\"(max-width: 331px) 100vw, 331px\" \/><\/a><\/strong>Los molinos trituradores de la serie LM de <strong>NEUE HERBOLD<\/strong> son duraderos, operan al minimo nivel de sonoridad y est\u00e1n fabricados para un campo de aplicaciones medias.<\/span><\/p>\n<p><span style=\"color: #000000;\">El molino triturador dispone de un f\u00e1cil acceso,<\/span><\/p>\n<p><span class=\"ellipsis\">&hellip;<\/span><\/p>\n<div class=\"read-more\"><a href=\"https:\/\/neue-herbold.com\/es\/trituradores-lm\/\">Leer m\u00e1s \u203a<\/a><\/div>\n<p><!-- end of .read-more --><\/p>\n","protected":false},"author":1,"featured_media":0,"parent":0,"menu_order":0,"comment_status":"closed","ping_status":"closed","template":"","meta":{"footnotes":""},"class_list":["post-8297","page","type-page","status-publish","hentry"],"yoast_head":"<!-- This site is optimized with the Yoast SEO plugin v25.4 - https:\/\/yoast.com\/wordpress\/plugins\/seo\/ -->\n<title>Trituradores LM - Neue Herbold GmbH<\/title>\n<meta name=\"description\" content=\"Los molinos trituradores de la serie LM de Neue Herbold son duraderos, operan al minimo nivel de sonoridad y est\u00e1n fabricados para un campo de aplicaciones\" \/>\n<meta name=\"robots\" content=\"index, follow, max-snippet:-1, max-image-preview:large, max-video-preview:-1\" \/>\n<link rel=\"canonical\" href=\"https:\/\/neue-herbold.com\/es\/trituradores-lm\/\" \/>\n<meta property=\"og:locale\" content=\"es_ES\" \/>\n<meta property=\"og:type\" content=\"article\" \/>\n<meta property=\"og:title\" content=\"Trituradores LM - Neue Herbold GmbH\" \/>\n<meta property=\"og:description\" content=\"Los molinos trituradores de la serie LM de Neue Herbold son duraderos, operan al minimo nivel de sonoridad y est\u00e1n fabricados para un campo de aplicaciones\" \/>\n<meta property=\"og:url\" content=\"https:\/\/neue-herbold.com\/es\/trituradores-lm\/\" \/>\n<meta property=\"og:site_name\" content=\"Neue Herbold GmbH\" \/>\n<meta property=\"article:modified_time\" content=\"2017-01-24T17:25:25+00:00\" \/>\n<meta property=\"og:image\" content=\"https:\/\/neue-herbold.com\/wp-content\/uploads\/2014\/11\/LM-450_1000-S5.jpg\" \/>\n<meta name=\"twitter:label1\" content=\"Tiempo de lectura\" \/>\n\t<meta name=\"twitter:data1\" content=\"3 minutes\" \/>\n<script type=\"application\/ld+json\" class=\"yoast-schema-graph\">{\"@context\":\"https:\/\/schema.org\",\"@graph\":[{\"@type\":\"WebPage\",\"@id\":\"https:\/\/neue-herbold.com\/es\/trituradores-lm\/\",\"url\":\"https:\/\/neue-herbold.com\/es\/trituradores-lm\/\",\"name\":\"Trituradores LM - Neue Herbold GmbH\",\"isPartOf\":{\"@id\":\"https:\/\/neue-herbold.com\/en\/#website\"},\"primaryImageOfPage\":{\"@id\":\"https:\/\/neue-herbold.com\/es\/trituradores-lm\/#primaryimage\"},\"image\":{\"@id\":\"https:\/\/neue-herbold.com\/es\/trituradores-lm\/#primaryimage\"},\"thumbnailUrl\":\"https:\/\/neue-herbold.com\/wp-content\/uploads\/2014\/11\/LM-450_1000-S5.jpg\",\"datePublished\":\"2016-06-03T14:34:03+00:00\",\"dateModified\":\"2017-01-24T17:25:25+00:00\",\"description\":\"Los molinos trituradores de la serie LM de Neue Herbold son duraderos, operan al minimo nivel de sonoridad y est\u00e1n fabricados para un campo de aplicaciones\",\"breadcrumb\":{\"@id\":\"https:\/\/neue-herbold.com\/es\/trituradores-lm\/#breadcrumb\"},\"inLanguage\":\"es-ES\",\"potentialAction\":[{\"@type\":\"ReadAction\",\"target\":[\"https:\/\/neue-herbold.com\/es\/trituradores-lm\/\"]}]},{\"@type\":\"ImageObject\",\"inLanguage\":\"es-ES\",\"@id\":\"https:\/\/neue-herbold.com\/es\/trituradores-lm\/#primaryimage\",\"url\":\"https:\/\/neue-herbold.com\/wp-content\/uploads\/2014\/11\/LM-450_1000-S5.jpg\",\"contentUrl\":\"https:\/\/neue-herbold.com\/wp-content\/uploads\/2014\/11\/LM-450_1000-S5.jpg\"},{\"@type\":\"BreadcrumbList\",\"@id\":\"https:\/\/neue-herbold.com\/es\/trituradores-lm\/#breadcrumb\",\"itemListElement\":[{\"@type\":\"ListItem\",\"position\":1,\"name\":\"Startseite\",\"item\":\"https:\/\/neue-herbold.com\/es\/\"},{\"@type\":\"ListItem\",\"position\":2,\"name\":\"Trituradores LM\"}]},{\"@type\":\"WebSite\",\"@id\":\"https:\/\/neue-herbold.com\/en\/#website\",\"url\":\"https:\/\/neue-herbold.com\/en\/\",\"name\":\"Neue Herbold GmbH\",\"description\":\"\",\"potentialAction\":[{\"@type\":\"SearchAction\",\"target\":{\"@type\":\"EntryPoint\",\"urlTemplate\":\"https:\/\/neue-herbold.com\/en\/?s={search_term_string}\"},\"query-input\":{\"@type\":\"PropertyValueSpecification\",\"valueRequired\":true,\"valueName\":\"search_term_string\"}}],\"inLanguage\":\"es-ES\"}]}<\/script>\n<!-- \/ Yoast SEO plugin. -->","yoast_head_json":{"title":"Trituradores LM - Neue Herbold GmbH","description":"Los molinos trituradores de la serie LM de Neue Herbold son duraderos, operan al minimo nivel de sonoridad y est\u00e1n fabricados para un campo de aplicaciones","robots":{"index":"index","follow":"follow","max-snippet":"max-snippet:-1","max-image-preview":"max-image-preview:large","max-video-preview":"max-video-preview:-1"},"canonical":"https:\/\/neue-herbold.com\/es\/trituradores-lm\/","og_locale":"es_ES","og_type":"article","og_title":"Trituradores LM - Neue Herbold GmbH","og_description":"Los molinos trituradores de la serie LM de Neue Herbold son duraderos, operan al minimo nivel de sonoridad y est\u00e1n fabricados para un campo de aplicaciones","og_url":"https:\/\/neue-herbold.com\/es\/trituradores-lm\/","og_site_name":"Neue Herbold GmbH","article_modified_time":"2017-01-24T17:25:25+00:00","og_image":[{"url":"https:\/\/neue-herbold.com\/wp-content\/uploads\/2014\/11\/LM-450_1000-S5.jpg","type":"","width":"","height":""}],"twitter_misc":{"Tiempo de lectura":"3 minutes"},"schema":{"@context":"https:\/\/schema.org","@graph":[{"@type":"WebPage","@id":"https:\/\/neue-herbold.com\/es\/trituradores-lm\/","url":"https:\/\/neue-herbold.com\/es\/trituradores-lm\/","name":"Trituradores LM - Neue Herbold GmbH","isPartOf":{"@id":"https:\/\/neue-herbold.com\/en\/#website"},"primaryImageOfPage":{"@id":"https:\/\/neue-herbold.com\/es\/trituradores-lm\/#primaryimage"},"image":{"@id":"https:\/\/neue-herbold.com\/es\/trituradores-lm\/#primaryimage"},"thumbnailUrl":"https:\/\/neue-herbold.com\/wp-content\/uploads\/2014\/11\/LM-450_1000-S5.jpg","datePublished":"2016-06-03T14:34:03+00:00","dateModified":"2017-01-24T17:25:25+00:00","description":"Los molinos trituradores de la serie LM de Neue Herbold son duraderos, operan al minimo nivel de sonoridad y est\u00e1n fabricados para un campo de aplicaciones","breadcrumb":{"@id":"https:\/\/neue-herbold.com\/es\/trituradores-lm\/#breadcrumb"},"inLanguage":"es-ES","potentialAction":[{"@type":"ReadAction","target":["https:\/\/neue-herbold.com\/es\/trituradores-lm\/"]}]},{"@type":"ImageObject","inLanguage":"es-ES","@id":"https:\/\/neue-herbold.com\/es\/trituradores-lm\/#primaryimage","url":"https:\/\/neue-herbold.com\/wp-content\/uploads\/2014\/11\/LM-450_1000-S5.jpg","contentUrl":"https:\/\/neue-herbold.com\/wp-content\/uploads\/2014\/11\/LM-450_1000-S5.jpg"},{"@type":"BreadcrumbList","@id":"https:\/\/neue-herbold.com\/es\/trituradores-lm\/#breadcrumb","itemListElement":[{"@type":"ListItem","position":1,"name":"Startseite","item":"https:\/\/neue-herbold.com\/es\/"},{"@type":"ListItem","position":2,"name":"Trituradores LM"}]},{"@type":"WebSite","@id":"https:\/\/neue-herbold.com\/en\/#website","url":"https:\/\/neue-herbold.com\/en\/","name":"Neue Herbold GmbH","description":"","potentialAction":[{"@type":"SearchAction","target":{"@type":"EntryPoint","urlTemplate":"https:\/\/neue-herbold.com\/en\/?s={search_term_string}"},"query-input":{"@type":"PropertyValueSpecification","valueRequired":true,"valueName":"search_term_string"}}],"inLanguage":"es-ES"}]}},"_links":{"self":[{"href":"https:\/\/neue-herbold.com\/es\/wp-json\/wp\/v2\/pages\/8297"}],"collection":[{"href":"https:\/\/neue-herbold.com\/es\/wp-json\/wp\/v2\/pages"}],"about":[{"href":"https:\/\/neue-herbold.com\/es\/wp-json\/wp\/v2\/types\/page"}],"author":[{"embeddable":true,"href":"https:\/\/neue-herbold.com\/es\/wp-json\/wp\/v2\/users\/1"}],"replies":[{"embeddable":true,"href":"https:\/\/neue-herbold.com\/es\/wp-json\/wp\/v2\/comments?post=8297"}],"version-history":[{"count":5,"href":"https:\/\/neue-herbold.com\/es\/wp-json\/wp\/v2\/pages\/8297\/revisions"}],"predecessor-version":[{"id":10564,"href":"https:\/\/neue-herbold.com\/es\/wp-json\/wp\/v2\/pages\/8297\/revisions\/10564"}],"wp:attachment":[{"href":"https:\/\/neue-herbold.com\/es\/wp-json\/wp\/v2\/media?parent=8297"}],"curies":[{"name":"wp","href":"https:\/\/api.w.org\/{rel}","templated":true}]}}