{"id":8275,"date":"2016-06-03T16:09:40","date_gmt":"2016-06-03T14:09:40","guid":{"rendered":"https:\/\/neue-herbold.com\/es\/intensivwaescher-iw\/"},"modified":"2016-06-03T16:30:06","modified_gmt":"2016-06-03T14:30:06","slug":"lavaderos-intensivos-iw","status":"publish","type":"page","link":"https:\/\/neue-herbold.com\/es\/lavaderos-intensivos-iw\/","title":{"rendered":"Lavaderos intensivos IW"},"content":{"rendered":"<div id=\"attachment_3022\" style=\"width: 369px\" class=\"wp-caption alignright\"><a href=\"https:\/\/neue-herbold.com\/wp-content\/uploads\/2014\/12\/TM-1000.jpg\" target=\"_blank\"><img loading=\"lazy\" decoding=\"async\" aria-describedby=\"caption-attachment-3022\" class=\"wp-image-3022\" src=\"https:\/\/neue-herbold.com\/wp-content\/uploads\/2014\/12\/TM-1000-300x300.jpg\" alt=\"Lavaderos intensivos IW 1000\" width=\"359\" height=\"359\" srcset=\"https:\/\/neue-herbold.com\/wp-content\/uploads\/2014\/12\/TM-1000-300x301.jpg 300w, https:\/\/neue-herbold.com\/wp-content\/uploads\/2014\/12\/TM-1000-1020x1024.jpg 1020w, https:\/\/neue-herbold.com\/wp-content\/uploads\/2014\/12\/TM-1000-100x100.jpg 100w, https:\/\/neue-herbold.com\/wp-content\/uploads\/2014\/12\/TM-1000-150x150.jpg 150w, https:\/\/neue-herbold.com\/wp-content\/uploads\/2014\/12\/TM-1000-200x200.jpg 200w, https:\/\/neue-herbold.com\/wp-content\/uploads\/2014\/12\/TM-1000-450x451.jpg 450w, https:\/\/neue-herbold.com\/wp-content\/uploads\/2014\/12\/TM-1000-600x602.jpg 600w, https:\/\/neue-herbold.com\/wp-content\/uploads\/2014\/12\/TM-1000-900x903.jpg 900w, https:\/\/neue-herbold.com\/wp-content\/uploads\/2014\/12\/TM-1000.jpg 1200w\" sizes=\"(max-width: 359px) 100vw, 359px\" \/><\/a><p id=\"caption-attachment-3022\" class=\"wp-caption-text\">lavador intensivo IW 1000<\/p><\/div>\n<p><em><strong>Aplicaci\u00f3n<\/strong> <\/em><br \/> El <strong>NEUE HERBOLD<\/strong> \u2013 Lavaderos intensivos de tipo TM, se utiliza para la limpieza de la superficie de materiales molidos, de preferencia recortes laterales de film y l\u00e1mina, gr\u00e1nulos de botellas de PET y otros productos de pl\u00e1stico duro.<\/p>\n<p>El material molido se introduce a trav\u00e9s una tolva.<\/p>\n<p>El rotor transporta el material desde el lado de entrada al lado de descarga.<\/p>\n<p>El rotor y el dise\u00f1o especial de la criba en conjunci\u00f3n con la velocidad de rotaci\u00f3n son cruciales para el efecto de limpieza y la eliminaci\u00f3n de humedad residual en el material.<\/p>\n<p>Tras la entrada en la m\u00e1quina, el producto se acelera enormemente. La suciedad y el agua se separan a trav\u00e9s de los agujeros de la criba. La criba poligonal produce un &#8220;remolino&#8221; del material y por lo tanto una mejor limpieza y secado. El agua conduce conjuntamente con la suciedad a la parte inferior de la m\u00e1quina y entra en el desag\u00fce<\/p>\n<p>El rotor est\u00e1 equilibrado din\u00e1micamente. Los cojinetes de bolas muy robustos garantizan el perfecto funcionamiento de la m\u00e1quina. Si se requiere, el rotor puede estar equipado con palas intercambiables.<\/p>\n<p><em><strong>Carcasa con puertas de acceso<\/strong><\/em><br \/> La carcasa del secador mec\u00e1nico es una construcci\u00f3n soldada y estable montada sobre un bastidor de base con amortiguadores para evitar las vibraciones. <br \/> En ambos lados de la carcasa, se han dise\u00f1ado puertas de servicio. El material se alimenta a trav\u00e9s de una tolva en el lado frontal superior y la descarga de material se realiza por debajo a trav\u00e9s de una tolva de descarga situada en el extremo opuesto.<br \/> El drenaje est\u00e1 instalado debajo de la carcasa. La abertura superior de la carcasa se atornilla con una tapa. La carcasa est\u00e1 fabricad en acero y est\u00e1 recubierta internamente contra la corrosi\u00f3n y pintada por fuera.<\/p>\n<p><em><strong>Sistema de limpieza mec\u00e1nica de la criba<\/strong><\/em><br \/> La criba se limpia con tiras de goma que se sujetan a dos travesa\u00f1os rotantes. <br \/> De esta manera, la criba y la pared de la carcasa interior est\u00e1n continuamente limpi\u00e1ndose. <br \/> Los dos travesa\u00f1os rotantes son impulsados por un motor el\u00e9ctrico.<\/p>\n","protected":false},"excerpt":{"rendered":"<p><em><strong>Aplicaci\u00f3n<\/strong> <\/em><br \/> El <strong>NEUE HERBOLD<\/strong> \u2013 Lavaderos intensivos de tipo TM, se utiliza para la limpieza de la superficie de materiales molidos, de preferencia recortes laterales de film y l\u00e1mina, gr\u00e1nulos de botellas de PET y otros productos de pl\u00e1stico duro.<\/p>\n<p><span class=\"ellipsis\">&hellip;<\/span><\/p>\n<div class=\"read-more\"><a href=\"https:\/\/neue-herbold.com\/es\/lavaderos-intensivos-iw\/\">Leer m\u00e1s \u203a<\/a><\/div>\n<p><!-- end of .read-more --><\/p>\n","protected":false},"author":1,"featured_media":0,"parent":0,"menu_order":0,"comment_status":"closed","ping_status":"closed","template":"","meta":{"footnotes":""},"class_list":["post-8275","page","type-page","status-publish","hentry"],"yoast_head":"<!-- This site is optimized with the Yoast SEO plugin v25.4 - https:\/\/yoast.com\/wordpress\/plugins\/seo\/ -->\n<title>Lavaderos intensivos IW - Neue Herbold GmbH<\/title>\n<meta name=\"description\" content=\"El NEUE HERBOLD \u2013 Lavaderos intensivos de tipo TM, se utiliza para la limpieza de la superficie de materiales molidos, de preferencia recortes\" \/>\n<meta name=\"robots\" content=\"index, follow, max-snippet:-1, max-image-preview:large, max-video-preview:-1\" \/>\n<link rel=\"canonical\" href=\"https:\/\/neue-herbold.com\/es\/lavaderos-intensivos-iw\/\" \/>\n<meta property=\"og:locale\" content=\"es_ES\" \/>\n<meta property=\"og:type\" content=\"article\" \/>\n<meta property=\"og:title\" content=\"Lavaderos intensivos IW - Neue Herbold GmbH\" \/>\n<meta property=\"og:description\" content=\"El NEUE HERBOLD \u2013 Lavaderos intensivos de tipo TM, se utiliza para la limpieza de la superficie de materiales molidos, de preferencia recortes\" \/>\n<meta property=\"og:url\" content=\"https:\/\/neue-herbold.com\/es\/lavaderos-intensivos-iw\/\" \/>\n<meta property=\"og:site_name\" content=\"Neue Herbold GmbH\" \/>\n<meta property=\"article:modified_time\" content=\"2016-06-03T14:30:06+00:00\" \/>\n<meta property=\"og:image\" content=\"https:\/\/neue-herbold.com\/wp-content\/uploads\/2014\/12\/TM-1000-300x300.jpg\" \/>\n<meta name=\"twitter:label1\" content=\"Tiempo de lectura\" \/>\n\t<meta name=\"twitter:data1\" content=\"2 minutes\" \/>\n<script type=\"application\/ld+json\" class=\"yoast-schema-graph\">{\"@context\":\"https:\/\/schema.org\",\"@graph\":[{\"@type\":\"WebPage\",\"@id\":\"https:\/\/neue-herbold.com\/es\/lavaderos-intensivos-iw\/\",\"url\":\"https:\/\/neue-herbold.com\/es\/lavaderos-intensivos-iw\/\",\"name\":\"Lavaderos intensivos IW - Neue Herbold GmbH\",\"isPartOf\":{\"@id\":\"https:\/\/neue-herbold.com\/en\/#website\"},\"primaryImageOfPage\":{\"@id\":\"https:\/\/neue-herbold.com\/es\/lavaderos-intensivos-iw\/#primaryimage\"},\"image\":{\"@id\":\"https:\/\/neue-herbold.com\/es\/lavaderos-intensivos-iw\/#primaryimage\"},\"thumbnailUrl\":\"https:\/\/neue-herbold.com\/wp-content\/uploads\/2014\/12\/TM-1000-300x300.jpg\",\"datePublished\":\"2016-06-03T14:09:40+00:00\",\"dateModified\":\"2016-06-03T14:30:06+00:00\",\"description\":\"El NEUE HERBOLD \u2013 Lavaderos intensivos de tipo TM, se utiliza para la limpieza de la superficie de materiales molidos, de preferencia recortes\",\"breadcrumb\":{\"@id\":\"https:\/\/neue-herbold.com\/es\/lavaderos-intensivos-iw\/#breadcrumb\"},\"inLanguage\":\"es-ES\",\"potentialAction\":[{\"@type\":\"ReadAction\",\"target\":[\"https:\/\/neue-herbold.com\/es\/lavaderos-intensivos-iw\/\"]}]},{\"@type\":\"ImageObject\",\"inLanguage\":\"es-ES\",\"@id\":\"https:\/\/neue-herbold.com\/es\/lavaderos-intensivos-iw\/#primaryimage\",\"url\":\"https:\/\/neue-herbold.com\/wp-content\/uploads\/2014\/12\/TM-1000-300x300.jpg\",\"contentUrl\":\"https:\/\/neue-herbold.com\/wp-content\/uploads\/2014\/12\/TM-1000-300x300.jpg\"},{\"@type\":\"BreadcrumbList\",\"@id\":\"https:\/\/neue-herbold.com\/es\/lavaderos-intensivos-iw\/#breadcrumb\",\"itemListElement\":[{\"@type\":\"ListItem\",\"position\":1,\"name\":\"Startseite\",\"item\":\"https:\/\/neue-herbold.com\/es\/\"},{\"@type\":\"ListItem\",\"position\":2,\"name\":\"Lavaderos intensivos IW\"}]},{\"@type\":\"WebSite\",\"@id\":\"https:\/\/neue-herbold.com\/en\/#website\",\"url\":\"https:\/\/neue-herbold.com\/en\/\",\"name\":\"Neue Herbold GmbH\",\"description\":\"\",\"potentialAction\":[{\"@type\":\"SearchAction\",\"target\":{\"@type\":\"EntryPoint\",\"urlTemplate\":\"https:\/\/neue-herbold.com\/en\/?s={search_term_string}\"},\"query-input\":{\"@type\":\"PropertyValueSpecification\",\"valueRequired\":true,\"valueName\":\"search_term_string\"}}],\"inLanguage\":\"es-ES\"}]}<\/script>\n<!-- \/ Yoast SEO plugin. -->","yoast_head_json":{"title":"Lavaderos intensivos IW - Neue Herbold GmbH","description":"El NEUE HERBOLD \u2013 Lavaderos intensivos de tipo TM, se utiliza para la limpieza de la superficie de materiales molidos, de preferencia recortes","robots":{"index":"index","follow":"follow","max-snippet":"max-snippet:-1","max-image-preview":"max-image-preview:large","max-video-preview":"max-video-preview:-1"},"canonical":"https:\/\/neue-herbold.com\/es\/lavaderos-intensivos-iw\/","og_locale":"es_ES","og_type":"article","og_title":"Lavaderos intensivos IW - Neue Herbold GmbH","og_description":"El NEUE HERBOLD \u2013 Lavaderos intensivos de tipo TM, se utiliza para la limpieza de la superficie de materiales molidos, de preferencia recortes","og_url":"https:\/\/neue-herbold.com\/es\/lavaderos-intensivos-iw\/","og_site_name":"Neue Herbold GmbH","article_modified_time":"2016-06-03T14:30:06+00:00","og_image":[{"url":"https:\/\/neue-herbold.com\/wp-content\/uploads\/2014\/12\/TM-1000-300x300.jpg","type":"","width":"","height":""}],"twitter_misc":{"Tiempo de lectura":"2 minutes"},"schema":{"@context":"https:\/\/schema.org","@graph":[{"@type":"WebPage","@id":"https:\/\/neue-herbold.com\/es\/lavaderos-intensivos-iw\/","url":"https:\/\/neue-herbold.com\/es\/lavaderos-intensivos-iw\/","name":"Lavaderos intensivos IW - Neue Herbold GmbH","isPartOf":{"@id":"https:\/\/neue-herbold.com\/en\/#website"},"primaryImageOfPage":{"@id":"https:\/\/neue-herbold.com\/es\/lavaderos-intensivos-iw\/#primaryimage"},"image":{"@id":"https:\/\/neue-herbold.com\/es\/lavaderos-intensivos-iw\/#primaryimage"},"thumbnailUrl":"https:\/\/neue-herbold.com\/wp-content\/uploads\/2014\/12\/TM-1000-300x300.jpg","datePublished":"2016-06-03T14:09:40+00:00","dateModified":"2016-06-03T14:30:06+00:00","description":"El NEUE HERBOLD \u2013 Lavaderos intensivos de tipo TM, se utiliza para la limpieza de la superficie de materiales molidos, de preferencia recortes","breadcrumb":{"@id":"https:\/\/neue-herbold.com\/es\/lavaderos-intensivos-iw\/#breadcrumb"},"inLanguage":"es-ES","potentialAction":[{"@type":"ReadAction","target":["https:\/\/neue-herbold.com\/es\/lavaderos-intensivos-iw\/"]}]},{"@type":"ImageObject","inLanguage":"es-ES","@id":"https:\/\/neue-herbold.com\/es\/lavaderos-intensivos-iw\/#primaryimage","url":"https:\/\/neue-herbold.com\/wp-content\/uploads\/2014\/12\/TM-1000-300x300.jpg","contentUrl":"https:\/\/neue-herbold.com\/wp-content\/uploads\/2014\/12\/TM-1000-300x300.jpg"},{"@type":"BreadcrumbList","@id":"https:\/\/neue-herbold.com\/es\/lavaderos-intensivos-iw\/#breadcrumb","itemListElement":[{"@type":"ListItem","position":1,"name":"Startseite","item":"https:\/\/neue-herbold.com\/es\/"},{"@type":"ListItem","position":2,"name":"Lavaderos intensivos IW"}]},{"@type":"WebSite","@id":"https:\/\/neue-herbold.com\/en\/#website","url":"https:\/\/neue-herbold.com\/en\/","name":"Neue Herbold GmbH","description":"","potentialAction":[{"@type":"SearchAction","target":{"@type":"EntryPoint","urlTemplate":"https:\/\/neue-herbold.com\/en\/?s={search_term_string}"},"query-input":{"@type":"PropertyValueSpecification","valueRequired":true,"valueName":"search_term_string"}}],"inLanguage":"es-ES"}]}},"_links":{"self":[{"href":"https:\/\/neue-herbold.com\/es\/wp-json\/wp\/v2\/pages\/8275"}],"collection":[{"href":"https:\/\/neue-herbold.com\/es\/wp-json\/wp\/v2\/pages"}],"about":[{"href":"https:\/\/neue-herbold.com\/es\/wp-json\/wp\/v2\/types\/page"}],"author":[{"embeddable":true,"href":"https:\/\/neue-herbold.com\/es\/wp-json\/wp\/v2\/users\/1"}],"replies":[{"embeddable":true,"href":"https:\/\/neue-herbold.com\/es\/wp-json\/wp\/v2\/comments?post=8275"}],"version-history":[{"count":2,"href":"https:\/\/neue-herbold.com\/es\/wp-json\/wp\/v2\/pages\/8275\/revisions"}],"predecessor-version":[{"id":8286,"href":"https:\/\/neue-herbold.com\/es\/wp-json\/wp\/v2\/pages\/8275\/revisions\/8286"}],"wp:attachment":[{"href":"https:\/\/neue-herbold.com\/es\/wp-json\/wp\/v2\/media?parent=8275"}],"curies":[{"name":"wp","href":"https:\/\/api.w.org\/{rel}","templated":true}]}}