{"id":8247,"date":"2016-06-03T15:48:32","date_gmt":"2016-06-03T13:48:32","guid":{"rendered":"https:\/\/neue-herbold.com\/es\/zick-zack-sichter-zs\/"},"modified":"2016-06-03T16:05:18","modified_gmt":"2016-06-03T14:05:18","slug":"separadores-en-zigzag-zs","status":"publish","type":"page","link":"https:\/\/neue-herbold.com\/es\/separadores-en-zigzag-zs\/","title":{"rendered":"Separadores en zigzag ZS"},"content":{"rendered":"<p><span style=\"color: #000000;\"><strong><a href=\"https:\/\/neue-herbold.com\/wp-content\/uploads\/2014\/12\/Zick-Zack-Sichter.jpg\" target=\"_blank\"><img loading=\"lazy\" decoding=\"async\" class=\"alignright wp-image-3064\" src=\"https:\/\/neue-herbold.com\/wp-content\/uploads\/2014\/12\/Zick-Zack-Sichter.jpg\" alt=\"Zick-Zack-Sichter\" width=\"290\" height=\"470\" srcset=\"https:\/\/neue-herbold.com\/wp-content\/uploads\/2014\/12\/Zick-Zack-Sichter.jpg 555w, https:\/\/neue-herbold.com\/wp-content\/uploads\/2014\/12\/Zick-Zack-Sichter-185x300.jpg 185w, https:\/\/neue-herbold.com\/wp-content\/uploads\/2014\/12\/Zick-Zack-Sichter-100x162.jpg 100w, https:\/\/neue-herbold.com\/wp-content\/uploads\/2014\/12\/Zick-Zack-Sichter-150x243.jpg 150w, https:\/\/neue-herbold.com\/wp-content\/uploads\/2014\/12\/Zick-Zack-Sichter-200x324.jpg 200w, https:\/\/neue-herbold.com\/wp-content\/uploads\/2014\/12\/Zick-Zack-Sichter-300x486.jpg 300w, https:\/\/neue-herbold.com\/wp-content\/uploads\/2014\/12\/Zick-Zack-Sichter-450x729.jpg 450w\" sizes=\"(max-width: 290px) 100vw, 290px\" \/><\/a><\/strong><\/span><b><i>Campo de empleo<\/i><\/b><br \/> Separadores en zigzag ZS de la empresa <b>NEUE HERBOLD<\/b> se emplean para la separaci\u00f3n de varios tipos de materiales que forman parte de una mezcla y los cuales, por razones ecol\u00f3gicos o para el aumento de la calidad y para la elaboraci\u00f3n ulterior, son de separar en diferentes componentes.<\/p>\n<div>\n<p><b><i>Condiciones previas para la separaci\u00f3n son diferencias p.ej.referente a:<\/i><\/b><\/p>\n<ul>\n<li class=\"Normal\">a la densidad<\/li>\n<li class=\"Normal\">a la forma de part\u00edculas<\/li>\n<li class=\"Normal\">al estado superficial<\/li>\n<li class=\"Normal\">al tama\u00f1o granular<\/li>\n<\/ul>\n<\/div>\n<div>\n<h4><b><i>Funci\u00f3n &#8211; Separadores en zigzag<\/i><\/b><\/h4>\n<p>Debido a la gravedad, el producto cargado se mueve hacia abajo siempre en la \u201cpared inferior \u201d del canal separador. A cada pandeo del canal separador, el material tiene que pasar la corriente de aire la cual cambia su direcci\u00f3n a cada pandeo por cuyo motivo una cuota grande de la fracci\u00f3n de part\u00edculas ligeras, estando en el producto de carga, es transportada hacia arriba.<\/p>\n<p><b><i>Posibles variantes de montaje<\/i><\/b><\/p>\n<\/div>\n<div id=\"attachment_2650\" style=\"width: 446px\" class=\"wp-caption alignnone\"><a style=\"color: #000000;\" href=\"https:\/\/neue-herbold.com\/wp-content\/uploads\/2014\/12\/zs_aufstellmoeglichkeiten-HG.jpg\" target=\"_blank\"><img loading=\"lazy\" decoding=\"async\" aria-describedby=\"caption-attachment-2650\" class=\"wp-image-2650 size-full\" src=\"https:\/\/neue-herbold.com\/wp-content\/uploads\/2014\/12\/zs_aufstellmoeglichkeiten-HG.jpg\" alt=\"Posibles variantes de montaje\" width=\"436\" height=\"573\" srcset=\"https:\/\/neue-herbold.com\/wp-content\/uploads\/2014\/12\/zs_aufstellmoeglichkeiten-HG.jpg 436w, https:\/\/neue-herbold.com\/wp-content\/uploads\/2014\/12\/zs_aufstellmoeglichkeiten-HG-228x300.jpg 228w, https:\/\/neue-herbold.com\/wp-content\/uploads\/2014\/12\/zs_aufstellmoeglichkeiten-HG-100x131.jpg 100w, https:\/\/neue-herbold.com\/wp-content\/uploads\/2014\/12\/zs_aufstellmoeglichkeiten-HG-150x197.jpg 150w, https:\/\/neue-herbold.com\/wp-content\/uploads\/2014\/12\/zs_aufstellmoeglichkeiten-HG-200x262.jpg 200w, https:\/\/neue-herbold.com\/wp-content\/uploads\/2014\/12\/zs_aufstellmoeglichkeiten-HG-300x394.jpg 300w\" sizes=\"(max-width: 436px) 100vw, 436px\" \/><\/a><p id=\"caption-attachment-2650\" class=\"wp-caption-text\"><span style=\"color: #000000;\">1 separador en zigzag 2 precipitador cicl\u00f3nico 3 esclusa de ruda celular 4 soplador 5 v\u00e1lvula reguladora 6 dispositivo dosificador 7 almacenaje intermedio de carga 8 filtro de aire de escape 9 m\u00e1quina cribadora 10 relleno con pesaje<\/span><\/p><\/div>\n","protected":false},"excerpt":{"rendered":"<p><span style=\"color: #000000;\"><strong><a href=\"https:\/\/neue-herbold.com\/wp-content\/uploads\/2014\/12\/Zick-Zack-Sichter.jpg\" target=\"_blank\"><img loading=\"lazy\" decoding=\"async\" class=\"alignright wp-image-3064\" src=\"https:\/\/neue-herbold.com\/wp-content\/uploads\/2014\/12\/Zick-Zack-Sichter.jpg\" alt=\"Zick-Zack-Sichter\" width=\"290\" height=\"470\" srcset=\"https:\/\/neue-herbold.com\/wp-content\/uploads\/2014\/12\/Zick-Zack-Sichter.jpg 555w, https:\/\/neue-herbold.com\/wp-content\/uploads\/2014\/12\/Zick-Zack-Sichter-185x300.jpg 185w, https:\/\/neue-herbold.com\/wp-content\/uploads\/2014\/12\/Zick-Zack-Sichter-100x162.jpg 100w, https:\/\/neue-herbold.com\/wp-content\/uploads\/2014\/12\/Zick-Zack-Sichter-150x243.jpg 150w, https:\/\/neue-herbold.com\/wp-content\/uploads\/2014\/12\/Zick-Zack-Sichter-200x324.jpg 200w, https:\/\/neue-herbold.com\/wp-content\/uploads\/2014\/12\/Zick-Zack-Sichter-300x486.jpg 300w, https:\/\/neue-herbold.com\/wp-content\/uploads\/2014\/12\/Zick-Zack-Sichter-450x729.jpg 450w\" sizes=\"(max-width: 290px) 100vw, 290px\" \/><\/a><\/strong><\/span><b><i>Campo de empleo<\/i><\/b><br \/> Separadores en zigzag ZS de la empresa <b>NEUE HERBOLD<\/b> se emplean para la separaci\u00f3n de varios tipos de materiales que forman parte de una mezcla y los cuales,<\/p>\n<p><span class=\"ellipsis\">&hellip;<\/span><\/p>\n<div class=\"read-more\"><a href=\"https:\/\/neue-herbold.com\/es\/separadores-en-zigzag-zs\/\">Leer m\u00e1s \u203a<\/a><\/div>\n<p><!-- end of .read-more --><\/p>\n","protected":false},"author":1,"featured_media":0,"parent":0,"menu_order":0,"comment_status":"closed","ping_status":"closed","template":"","meta":{"footnotes":""},"class_list":["post-8247","page","type-page","status-publish","hentry"],"yoast_head":"<!-- This site is optimized with the Yoast SEO plugin v25.4 - https:\/\/yoast.com\/wordpress\/plugins\/seo\/ -->\n<title>Separadores en zigzag ZS - Neue Herbold GmbH<\/title>\n<meta name=\"description\" content=\"Separadores en zigzag ZS de la empresa NEUE HERBOLD se emplean para la separaci\u00f3n de varios tipos de materiales que forman parte de una mezcla y los cuales\" \/>\n<meta name=\"robots\" content=\"index, follow, max-snippet:-1, max-image-preview:large, max-video-preview:-1\" \/>\n<link rel=\"canonical\" href=\"https:\/\/neue-herbold.com\/es\/separadores-en-zigzag-zs\/\" \/>\n<meta property=\"og:locale\" content=\"es_ES\" \/>\n<meta property=\"og:type\" content=\"article\" \/>\n<meta property=\"og:title\" content=\"Separadores en zigzag ZS - Neue Herbold GmbH\" \/>\n<meta property=\"og:description\" content=\"Separadores en zigzag ZS de la empresa NEUE HERBOLD se emplean para la separaci\u00f3n de varios tipos de materiales que forman parte de una mezcla y los cuales\" \/>\n<meta property=\"og:url\" content=\"https:\/\/neue-herbold.com\/es\/separadores-en-zigzag-zs\/\" \/>\n<meta property=\"og:site_name\" content=\"Neue Herbold GmbH\" \/>\n<meta property=\"article:modified_time\" content=\"2016-06-03T14:05:18+00:00\" \/>\n<meta property=\"og:image\" content=\"https:\/\/neue-herbold.com\/wp-content\/uploads\/2014\/12\/Zick-Zack-Sichter.jpg\" \/>\n<meta name=\"twitter:label1\" content=\"Tiempo de lectura\" \/>\n\t<meta name=\"twitter:data1\" content=\"1 minute\" \/>\n<script type=\"application\/ld+json\" class=\"yoast-schema-graph\">{\"@context\":\"https:\/\/schema.org\",\"@graph\":[{\"@type\":\"WebPage\",\"@id\":\"https:\/\/neue-herbold.com\/es\/separadores-en-zigzag-zs\/\",\"url\":\"https:\/\/neue-herbold.com\/es\/separadores-en-zigzag-zs\/\",\"name\":\"Separadores en zigzag ZS - Neue Herbold GmbH\",\"isPartOf\":{\"@id\":\"https:\/\/neue-herbold.com\/en\/#website\"},\"primaryImageOfPage\":{\"@id\":\"https:\/\/neue-herbold.com\/es\/separadores-en-zigzag-zs\/#primaryimage\"},\"image\":{\"@id\":\"https:\/\/neue-herbold.com\/es\/separadores-en-zigzag-zs\/#primaryimage\"},\"thumbnailUrl\":\"https:\/\/neue-herbold.com\/wp-content\/uploads\/2014\/12\/Zick-Zack-Sichter.jpg\",\"datePublished\":\"2016-06-03T13:48:32+00:00\",\"dateModified\":\"2016-06-03T14:05:18+00:00\",\"description\":\"Separadores en zigzag ZS de la empresa NEUE HERBOLD se emplean para la separaci\u00f3n de varios tipos de materiales que forman parte de una mezcla y los cuales\",\"breadcrumb\":{\"@id\":\"https:\/\/neue-herbold.com\/es\/separadores-en-zigzag-zs\/#breadcrumb\"},\"inLanguage\":\"es-ES\",\"potentialAction\":[{\"@type\":\"ReadAction\",\"target\":[\"https:\/\/neue-herbold.com\/es\/separadores-en-zigzag-zs\/\"]}]},{\"@type\":\"ImageObject\",\"inLanguage\":\"es-ES\",\"@id\":\"https:\/\/neue-herbold.com\/es\/separadores-en-zigzag-zs\/#primaryimage\",\"url\":\"https:\/\/neue-herbold.com\/wp-content\/uploads\/2014\/12\/Zick-Zack-Sichter.jpg\",\"contentUrl\":\"https:\/\/neue-herbold.com\/wp-content\/uploads\/2014\/12\/Zick-Zack-Sichter.jpg\"},{\"@type\":\"BreadcrumbList\",\"@id\":\"https:\/\/neue-herbold.com\/es\/separadores-en-zigzag-zs\/#breadcrumb\",\"itemListElement\":[{\"@type\":\"ListItem\",\"position\":1,\"name\":\"Startseite\",\"item\":\"https:\/\/neue-herbold.com\/es\/\"},{\"@type\":\"ListItem\",\"position\":2,\"name\":\"Separadores en zigzag ZS\"}]},{\"@type\":\"WebSite\",\"@id\":\"https:\/\/neue-herbold.com\/en\/#website\",\"url\":\"https:\/\/neue-herbold.com\/en\/\",\"name\":\"Neue Herbold GmbH\",\"description\":\"\",\"potentialAction\":[{\"@type\":\"SearchAction\",\"target\":{\"@type\":\"EntryPoint\",\"urlTemplate\":\"https:\/\/neue-herbold.com\/en\/?s={search_term_string}\"},\"query-input\":{\"@type\":\"PropertyValueSpecification\",\"valueRequired\":true,\"valueName\":\"search_term_string\"}}],\"inLanguage\":\"es-ES\"}]}<\/script>\n<!-- \/ Yoast SEO plugin. -->","yoast_head_json":{"title":"Separadores en zigzag ZS - Neue Herbold GmbH","description":"Separadores en zigzag ZS de la empresa NEUE HERBOLD se emplean para la separaci\u00f3n de varios tipos de materiales que forman parte de una mezcla y los cuales","robots":{"index":"index","follow":"follow","max-snippet":"max-snippet:-1","max-image-preview":"max-image-preview:large","max-video-preview":"max-video-preview:-1"},"canonical":"https:\/\/neue-herbold.com\/es\/separadores-en-zigzag-zs\/","og_locale":"es_ES","og_type":"article","og_title":"Separadores en zigzag ZS - Neue Herbold GmbH","og_description":"Separadores en zigzag ZS de la empresa NEUE HERBOLD se emplean para la separaci\u00f3n de varios tipos de materiales que forman parte de una mezcla y los cuales","og_url":"https:\/\/neue-herbold.com\/es\/separadores-en-zigzag-zs\/","og_site_name":"Neue Herbold GmbH","article_modified_time":"2016-06-03T14:05:18+00:00","og_image":[{"url":"https:\/\/neue-herbold.com\/wp-content\/uploads\/2014\/12\/Zick-Zack-Sichter.jpg","type":"","width":"","height":""}],"twitter_misc":{"Tiempo de lectura":"1 minute"},"schema":{"@context":"https:\/\/schema.org","@graph":[{"@type":"WebPage","@id":"https:\/\/neue-herbold.com\/es\/separadores-en-zigzag-zs\/","url":"https:\/\/neue-herbold.com\/es\/separadores-en-zigzag-zs\/","name":"Separadores en zigzag ZS - Neue Herbold GmbH","isPartOf":{"@id":"https:\/\/neue-herbold.com\/en\/#website"},"primaryImageOfPage":{"@id":"https:\/\/neue-herbold.com\/es\/separadores-en-zigzag-zs\/#primaryimage"},"image":{"@id":"https:\/\/neue-herbold.com\/es\/separadores-en-zigzag-zs\/#primaryimage"},"thumbnailUrl":"https:\/\/neue-herbold.com\/wp-content\/uploads\/2014\/12\/Zick-Zack-Sichter.jpg","datePublished":"2016-06-03T13:48:32+00:00","dateModified":"2016-06-03T14:05:18+00:00","description":"Separadores en zigzag ZS de la empresa NEUE HERBOLD se emplean para la separaci\u00f3n de varios tipos de materiales que forman parte de una mezcla y los cuales","breadcrumb":{"@id":"https:\/\/neue-herbold.com\/es\/separadores-en-zigzag-zs\/#breadcrumb"},"inLanguage":"es-ES","potentialAction":[{"@type":"ReadAction","target":["https:\/\/neue-herbold.com\/es\/separadores-en-zigzag-zs\/"]}]},{"@type":"ImageObject","inLanguage":"es-ES","@id":"https:\/\/neue-herbold.com\/es\/separadores-en-zigzag-zs\/#primaryimage","url":"https:\/\/neue-herbold.com\/wp-content\/uploads\/2014\/12\/Zick-Zack-Sichter.jpg","contentUrl":"https:\/\/neue-herbold.com\/wp-content\/uploads\/2014\/12\/Zick-Zack-Sichter.jpg"},{"@type":"BreadcrumbList","@id":"https:\/\/neue-herbold.com\/es\/separadores-en-zigzag-zs\/#breadcrumb","itemListElement":[{"@type":"ListItem","position":1,"name":"Startseite","item":"https:\/\/neue-herbold.com\/es\/"},{"@type":"ListItem","position":2,"name":"Separadores en zigzag ZS"}]},{"@type":"WebSite","@id":"https:\/\/neue-herbold.com\/en\/#website","url":"https:\/\/neue-herbold.com\/en\/","name":"Neue Herbold GmbH","description":"","potentialAction":[{"@type":"SearchAction","target":{"@type":"EntryPoint","urlTemplate":"https:\/\/neue-herbold.com\/en\/?s={search_term_string}"},"query-input":{"@type":"PropertyValueSpecification","valueRequired":true,"valueName":"search_term_string"}}],"inLanguage":"es-ES"}]}},"_links":{"self":[{"href":"https:\/\/neue-herbold.com\/es\/wp-json\/wp\/v2\/pages\/8247"}],"collection":[{"href":"https:\/\/neue-herbold.com\/es\/wp-json\/wp\/v2\/pages"}],"about":[{"href":"https:\/\/neue-herbold.com\/es\/wp-json\/wp\/v2\/types\/page"}],"author":[{"embeddable":true,"href":"https:\/\/neue-herbold.com\/es\/wp-json\/wp\/v2\/users\/1"}],"replies":[{"embeddable":true,"href":"https:\/\/neue-herbold.com\/es\/wp-json\/wp\/v2\/comments?post=8247"}],"version-history":[{"count":3,"href":"https:\/\/neue-herbold.com\/es\/wp-json\/wp\/v2\/pages\/8247\/revisions"}],"predecessor-version":[{"id":8263,"href":"https:\/\/neue-herbold.com\/es\/wp-json\/wp\/v2\/pages\/8247\/revisions\/8263"}],"wp:attachment":[{"href":"https:\/\/neue-herbold.com\/es\/wp-json\/wp\/v2\/media?parent=8247"}],"curies":[{"name":"wp","href":"https:\/\/api.w.org\/{rel}","templated":true}]}}