{"id":8224,"date":"2016-06-03T15:31:12","date_gmt":"2016-06-03T13:31:12","guid":{"rendered":"https:\/\/neue-herbold.com\/es\/thermische-trockner-tt\/"},"modified":"2016-06-03T15:43:11","modified_gmt":"2016-06-03T13:43:11","slug":"secadores-termicos-tt","status":"publish","type":"page","link":"https:\/\/neue-herbold.com\/es\/secadores-termicos-tt\/","title":{"rendered":"Secadores t\u00e9rmicos TT"},"content":{"rendered":"<p><span style=\"color: #000000;\"><strong><a href=\"https:\/\/neue-herbold.com\/wp-content\/uploads\/2014\/12\/TT-P1250007.jpg\" target=\"_blank\"><img loading=\"lazy\" decoding=\"async\" class=\"alignright wp-image-3036\" src=\"https:\/\/neue-herbold.com\/wp-content\/uploads\/2014\/12\/TT-P1250007.jpg\" alt=\"Secadores t\u00e9rmicos\" width=\"342\" height=\"484\" srcset=\"https:\/\/neue-herbold.com\/wp-content\/uploads\/2014\/12\/TT-P1250007.jpg 636w, https:\/\/neue-herbold.com\/wp-content\/uploads\/2014\/12\/TT-P1250007-212x300.jpg 212w, https:\/\/neue-herbold.com\/wp-content\/uploads\/2014\/12\/TT-P1250007-100x141.jpg 100w, https:\/\/neue-herbold.com\/wp-content\/uploads\/2014\/12\/TT-P1250007-150x212.jpg 150w, https:\/\/neue-herbold.com\/wp-content\/uploads\/2014\/12\/TT-P1250007-200x283.jpg 200w, https:\/\/neue-herbold.com\/wp-content\/uploads\/2014\/12\/TT-P1250007-300x424.jpg 300w, https:\/\/neue-herbold.com\/wp-content\/uploads\/2014\/12\/TT-P1250007-450x636.jpg 450w, https:\/\/neue-herbold.com\/wp-content\/uploads\/2014\/12\/TT-P1250007-600x849.jpg 600w\" sizes=\"(max-width: 342px) 100vw, 342px\" \/><\/a><\/strong><\/span><\/p>\n<div>\n<p><b><i>Campo de empleo<\/i><\/b><br \/> Secadores t\u00e9rmicos de la serie TT de <b>NEUE HERBOLD<\/b> son una unidad postconectada al secado mec\u00e1nico (<a href=\"https:\/\/neue-herbold.com\/es\/secador-escalonado-mecanico\/\"><b><u>serie TM<\/u><\/b><\/a>). Se los emplean para minimizar la humedad residual del material a secar.<\/p>\n<p><b><i>T\u00e9cnica<\/i><\/b><br \/> El material se introduce por un precipitador cicl\u00f3nico. Ahora, un cambiador de calor cuida de una alimentaci\u00f3n continua de aire caliente que se controla por un mando de temperatura.<\/p>\n<p>La temperatura a ajustar depende de la humedad residual del producto de moler, del rendimiento necesario de paso as\u00ed como de la clase del material. Habiendo pasado el trayecto de secar, el material puede ser soplado, para la elaboraci\u00f3n ulterior, en silos para l\u00e1minas (<b><u><a href=\"https:\/\/neue-herbold.com\/es\/silos-de-laminas-fs\/\">serie FS<\/a><\/u><\/b>) o rellenado en bigbags.<\/p>\n<\/div>\n<h4><strong><span id=\"result_box\" class=\"short_text\" lang=\"es\"><span class=\"hps\">Tallas de secadores t\u00e9rmicos:<\/span><\/span><\/strong><\/h4>\n<p>TT 120 con accionamiento 30 kW<br \/> TT 140 con accionamiento 37 kW<br \/> Rendimiento hasta aprox 1000 kg\/h<br \/> (<span id=\"result_box\" class=\"short_text\" lang=\"es\"><span class=\"hps\">dependiendo del<\/span> <span class=\"hps\">material de entrada<\/span><\/span>)<\/p>\n","protected":false},"excerpt":{"rendered":"<p><span style=\"color: #000000;\"><strong><a href=\"https:\/\/neue-herbold.com\/wp-content\/uploads\/2014\/12\/TT-P1250007.jpg\" target=\"_blank\"><img loading=\"lazy\" decoding=\"async\" class=\"alignright wp-image-3036\" src=\"https:\/\/neue-herbold.com\/wp-content\/uploads\/2014\/12\/TT-P1250007.jpg\" alt=\"Secadores t\u00e9rmicos\" width=\"342\" height=\"484\" srcset=\"https:\/\/neue-herbold.com\/wp-content\/uploads\/2014\/12\/TT-P1250007.jpg 636w, https:\/\/neue-herbold.com\/wp-content\/uploads\/2014\/12\/TT-P1250007-212x300.jpg 212w, https:\/\/neue-herbold.com\/wp-content\/uploads\/2014\/12\/TT-P1250007-100x141.jpg 100w, https:\/\/neue-herbold.com\/wp-content\/uploads\/2014\/12\/TT-P1250007-150x212.jpg 150w, https:\/\/neue-herbold.com\/wp-content\/uploads\/2014\/12\/TT-P1250007-200x283.jpg 200w, https:\/\/neue-herbold.com\/wp-content\/uploads\/2014\/12\/TT-P1250007-300x424.jpg 300w, https:\/\/neue-herbold.com\/wp-content\/uploads\/2014\/12\/TT-P1250007-450x636.jpg 450w, https:\/\/neue-herbold.com\/wp-content\/uploads\/2014\/12\/TT-P1250007-600x849.jpg 600w\" sizes=\"(max-width: 342px) 100vw, 342px\" \/><\/a><\/strong><\/span><\/p>\n<div>\n<p><b><i>Campo de empleo<\/i><\/b><br \/> Secadores t\u00e9rmicos de la serie TT de <b>NEUE HERBOLD<\/b> son una unidad postconectada al secado mec\u00e1nico (<a href=\"https:\/\/neue-herbold.com\/es\/secador-escalonado-mecanico\/\"><b>serie TM<\/b><\/a>).<\/p>\n<\/div>\n<p><span class=\"ellipsis\">&hellip;<\/span><\/p>\n<div class=\"read-more\"><a href=\"https:\/\/neue-herbold.com\/es\/secadores-termicos-tt\/\">Leer m\u00e1s \u203a<\/a><\/div>\n<p><!-- end of .read-more --><\/p>\n","protected":false},"author":1,"featured_media":0,"parent":0,"menu_order":0,"comment_status":"closed","ping_status":"closed","template":"","meta":{"footnotes":""},"class_list":["post-8224","page","type-page","status-publish","hentry"],"yoast_head":"<!-- This site is optimized with the Yoast SEO plugin v25.4 - https:\/\/yoast.com\/wordpress\/plugins\/seo\/ -->\n<title>Secadores t\u00e9rmicos TT - Neue Herbold GmbH<\/title>\n<meta name=\"description\" content=\"Secadores t\u00e9rmicos de la serie TT de NEUE HERBOLD son una unidad postconectada al secado mec\u00e1nico (serie TM). Se los emplean para minimizar la humedad\" \/>\n<meta name=\"robots\" content=\"index, follow, max-snippet:-1, max-image-preview:large, max-video-preview:-1\" \/>\n<link rel=\"canonical\" href=\"https:\/\/neue-herbold.com\/es\/secadores-termicos-tt\/\" \/>\n<meta property=\"og:locale\" content=\"es_ES\" \/>\n<meta property=\"og:type\" content=\"article\" \/>\n<meta property=\"og:title\" content=\"Secadores t\u00e9rmicos TT - Neue Herbold GmbH\" \/>\n<meta property=\"og:description\" content=\"Secadores t\u00e9rmicos de la serie TT de NEUE HERBOLD son una unidad postconectada al secado mec\u00e1nico (serie TM). Se los emplean para minimizar la humedad\" \/>\n<meta property=\"og:url\" content=\"https:\/\/neue-herbold.com\/es\/secadores-termicos-tt\/\" \/>\n<meta property=\"og:site_name\" content=\"Neue Herbold GmbH\" \/>\n<meta property=\"article:modified_time\" content=\"2016-06-03T13:43:11+00:00\" \/>\n<meta property=\"og:image\" content=\"https:\/\/neue-herbold.com\/wp-content\/uploads\/2014\/12\/TT-P1250007.jpg\" \/>\n<meta name=\"twitter:label1\" content=\"Tiempo de lectura\" \/>\n\t<meta name=\"twitter:data1\" content=\"1 minute\" \/>\n<script type=\"application\/ld+json\" class=\"yoast-schema-graph\">{\"@context\":\"https:\/\/schema.org\",\"@graph\":[{\"@type\":\"WebPage\",\"@id\":\"https:\/\/neue-herbold.com\/es\/secadores-termicos-tt\/\",\"url\":\"https:\/\/neue-herbold.com\/es\/secadores-termicos-tt\/\",\"name\":\"Secadores t\u00e9rmicos TT - Neue Herbold GmbH\",\"isPartOf\":{\"@id\":\"https:\/\/neue-herbold.com\/en\/#website\"},\"primaryImageOfPage\":{\"@id\":\"https:\/\/neue-herbold.com\/es\/secadores-termicos-tt\/#primaryimage\"},\"image\":{\"@id\":\"https:\/\/neue-herbold.com\/es\/secadores-termicos-tt\/#primaryimage\"},\"thumbnailUrl\":\"https:\/\/neue-herbold.com\/wp-content\/uploads\/2014\/12\/TT-P1250007.jpg\",\"datePublished\":\"2016-06-03T13:31:12+00:00\",\"dateModified\":\"2016-06-03T13:43:11+00:00\",\"description\":\"Secadores t\u00e9rmicos de la serie TT de NEUE HERBOLD son una unidad postconectada al secado mec\u00e1nico (serie TM). Se los emplean para minimizar la humedad\",\"breadcrumb\":{\"@id\":\"https:\/\/neue-herbold.com\/es\/secadores-termicos-tt\/#breadcrumb\"},\"inLanguage\":\"es-ES\",\"potentialAction\":[{\"@type\":\"ReadAction\",\"target\":[\"https:\/\/neue-herbold.com\/es\/secadores-termicos-tt\/\"]}]},{\"@type\":\"ImageObject\",\"inLanguage\":\"es-ES\",\"@id\":\"https:\/\/neue-herbold.com\/es\/secadores-termicos-tt\/#primaryimage\",\"url\":\"https:\/\/neue-herbold.com\/wp-content\/uploads\/2014\/12\/TT-P1250007.jpg\",\"contentUrl\":\"https:\/\/neue-herbold.com\/wp-content\/uploads\/2014\/12\/TT-P1250007.jpg\"},{\"@type\":\"BreadcrumbList\",\"@id\":\"https:\/\/neue-herbold.com\/es\/secadores-termicos-tt\/#breadcrumb\",\"itemListElement\":[{\"@type\":\"ListItem\",\"position\":1,\"name\":\"Startseite\",\"item\":\"https:\/\/neue-herbold.com\/es\/\"},{\"@type\":\"ListItem\",\"position\":2,\"name\":\"Secadores t\u00e9rmicos TT\"}]},{\"@type\":\"WebSite\",\"@id\":\"https:\/\/neue-herbold.com\/en\/#website\",\"url\":\"https:\/\/neue-herbold.com\/en\/\",\"name\":\"Neue Herbold GmbH\",\"description\":\"\",\"potentialAction\":[{\"@type\":\"SearchAction\",\"target\":{\"@type\":\"EntryPoint\",\"urlTemplate\":\"https:\/\/neue-herbold.com\/en\/?s={search_term_string}\"},\"query-input\":{\"@type\":\"PropertyValueSpecification\",\"valueRequired\":true,\"valueName\":\"search_term_string\"}}],\"inLanguage\":\"es-ES\"}]}<\/script>\n<!-- \/ Yoast SEO plugin. -->","yoast_head_json":{"title":"Secadores t\u00e9rmicos TT - Neue Herbold GmbH","description":"Secadores t\u00e9rmicos de la serie TT de NEUE HERBOLD son una unidad postconectada al secado mec\u00e1nico (serie TM). Se los emplean para minimizar la humedad","robots":{"index":"index","follow":"follow","max-snippet":"max-snippet:-1","max-image-preview":"max-image-preview:large","max-video-preview":"max-video-preview:-1"},"canonical":"https:\/\/neue-herbold.com\/es\/secadores-termicos-tt\/","og_locale":"es_ES","og_type":"article","og_title":"Secadores t\u00e9rmicos TT - Neue Herbold GmbH","og_description":"Secadores t\u00e9rmicos de la serie TT de NEUE HERBOLD son una unidad postconectada al secado mec\u00e1nico (serie TM). Se los emplean para minimizar la humedad","og_url":"https:\/\/neue-herbold.com\/es\/secadores-termicos-tt\/","og_site_name":"Neue Herbold GmbH","article_modified_time":"2016-06-03T13:43:11+00:00","og_image":[{"url":"https:\/\/neue-herbold.com\/wp-content\/uploads\/2014\/12\/TT-P1250007.jpg","type":"","width":"","height":""}],"twitter_misc":{"Tiempo de lectura":"1 minute"},"schema":{"@context":"https:\/\/schema.org","@graph":[{"@type":"WebPage","@id":"https:\/\/neue-herbold.com\/es\/secadores-termicos-tt\/","url":"https:\/\/neue-herbold.com\/es\/secadores-termicos-tt\/","name":"Secadores t\u00e9rmicos TT - Neue Herbold GmbH","isPartOf":{"@id":"https:\/\/neue-herbold.com\/en\/#website"},"primaryImageOfPage":{"@id":"https:\/\/neue-herbold.com\/es\/secadores-termicos-tt\/#primaryimage"},"image":{"@id":"https:\/\/neue-herbold.com\/es\/secadores-termicos-tt\/#primaryimage"},"thumbnailUrl":"https:\/\/neue-herbold.com\/wp-content\/uploads\/2014\/12\/TT-P1250007.jpg","datePublished":"2016-06-03T13:31:12+00:00","dateModified":"2016-06-03T13:43:11+00:00","description":"Secadores t\u00e9rmicos de la serie TT de NEUE HERBOLD son una unidad postconectada al secado mec\u00e1nico (serie TM). Se los emplean para minimizar la humedad","breadcrumb":{"@id":"https:\/\/neue-herbold.com\/es\/secadores-termicos-tt\/#breadcrumb"},"inLanguage":"es-ES","potentialAction":[{"@type":"ReadAction","target":["https:\/\/neue-herbold.com\/es\/secadores-termicos-tt\/"]}]},{"@type":"ImageObject","inLanguage":"es-ES","@id":"https:\/\/neue-herbold.com\/es\/secadores-termicos-tt\/#primaryimage","url":"https:\/\/neue-herbold.com\/wp-content\/uploads\/2014\/12\/TT-P1250007.jpg","contentUrl":"https:\/\/neue-herbold.com\/wp-content\/uploads\/2014\/12\/TT-P1250007.jpg"},{"@type":"BreadcrumbList","@id":"https:\/\/neue-herbold.com\/es\/secadores-termicos-tt\/#breadcrumb","itemListElement":[{"@type":"ListItem","position":1,"name":"Startseite","item":"https:\/\/neue-herbold.com\/es\/"},{"@type":"ListItem","position":2,"name":"Secadores t\u00e9rmicos TT"}]},{"@type":"WebSite","@id":"https:\/\/neue-herbold.com\/en\/#website","url":"https:\/\/neue-herbold.com\/en\/","name":"Neue Herbold GmbH","description":"","potentialAction":[{"@type":"SearchAction","target":{"@type":"EntryPoint","urlTemplate":"https:\/\/neue-herbold.com\/en\/?s={search_term_string}"},"query-input":{"@type":"PropertyValueSpecification","valueRequired":true,"valueName":"search_term_string"}}],"inLanguage":"es-ES"}]}},"_links":{"self":[{"href":"https:\/\/neue-herbold.com\/es\/wp-json\/wp\/v2\/pages\/8224"}],"collection":[{"href":"https:\/\/neue-herbold.com\/es\/wp-json\/wp\/v2\/pages"}],"about":[{"href":"https:\/\/neue-herbold.com\/es\/wp-json\/wp\/v2\/types\/page"}],"author":[{"embeddable":true,"href":"https:\/\/neue-herbold.com\/es\/wp-json\/wp\/v2\/users\/1"}],"replies":[{"embeddable":true,"href":"https:\/\/neue-herbold.com\/es\/wp-json\/wp\/v2\/comments?post=8224"}],"version-history":[{"count":3,"href":"https:\/\/neue-herbold.com\/es\/wp-json\/wp\/v2\/pages\/8224\/revisions"}],"predecessor-version":[{"id":8237,"href":"https:\/\/neue-herbold.com\/es\/wp-json\/wp\/v2\/pages\/8224\/revisions\/8237"}],"wp:attachment":[{"href":"https:\/\/neue-herbold.com\/es\/wp-json\/wp\/v2\/media?parent=8224"}],"curies":[{"name":"wp","href":"https:\/\/api.w.org\/{rel}","templated":true}]}}