{"id":8201,"date":"2016-06-03T15:14:47","date_gmt":"2016-06-03T13:14:47","guid":{"rendered":"https:\/\/neue-herbold.com\/es\/trennbehaelter-tb\/"},"modified":"2016-06-03T15:26:33","modified_gmt":"2016-06-03T13:26:33","slug":"tanque-de-separacion-tb","status":"publish","type":"page","link":"https:\/\/neue-herbold.com\/es\/tanque-de-separacion-tb\/","title":{"rendered":"Tanque de Separaci\u00f3n TB"},"content":{"rendered":"<p><em><span style=\"color: #000000;\"><strong><a href=\"https:\/\/neue-herbold.com\/wp-content\/uploads\/2014\/12\/Schwimm-Sinktank.jpg\" target=\"_blank\"><img loading=\"lazy\" decoding=\"async\" class=\"alignright wp-image-3033\" src=\"https:\/\/neue-herbold.com\/wp-content\/uploads\/2014\/12\/Schwimm-Sinktank-1024x663.jpg\" alt=\"\" width=\"487\" height=\"315\" srcset=\"https:\/\/neue-herbold.com\/wp-content\/uploads\/2014\/12\/Schwimm-Sinktank-1024x663.jpg 1024w, https:\/\/neue-herbold.com\/wp-content\/uploads\/2014\/12\/Schwimm-Sinktank-300x194.jpg 300w, https:\/\/neue-herbold.com\/wp-content\/uploads\/2014\/12\/Schwimm-Sinktank-100x64.jpg 100w, https:\/\/neue-herbold.com\/wp-content\/uploads\/2014\/12\/Schwimm-Sinktank-150x97.jpg 150w, https:\/\/neue-herbold.com\/wp-content\/uploads\/2014\/12\/Schwimm-Sinktank-200x129.jpg 200w, https:\/\/neue-herbold.com\/wp-content\/uploads\/2014\/12\/Schwimm-Sinktank-450x291.jpg 450w, https:\/\/neue-herbold.com\/wp-content\/uploads\/2014\/12\/Schwimm-Sinktank-600x388.jpg 600w, https:\/\/neue-herbold.com\/wp-content\/uploads\/2014\/12\/Schwimm-Sinktank-900x582.jpg 900w, https:\/\/neue-herbold.com\/wp-content\/uploads\/2014\/12\/Schwimm-Sinktank.jpg 1200w\" sizes=\"(max-width: 487px) 100vw, 487px\" \/><\/a>Aplicaci\u00f3n<\/strong><\/span><\/em><br \/> <span style=\"color: #000000;\">El tanque de separaci\u00f3n de <strong>NEUE HERBOLD<\/strong> &#8211; se utiliza para la separaci\u00f3n de plasticos con diferente dencidades, de preferencia recortes laterals de films y laminas, granulos de PET y otros productos de plastico duro. Dependiente de la aplicaci\u00f3n, el material flotable como recortes de film se separa de materiales no flotables como recorte de PET.<\/span><\/p>\n<p><em><span style=\"color: #000000;\"><strong>Funci\u00f3n<\/strong><\/span><\/em><br \/> <span style=\"color: #000000;\">El material se introduce en el tanque de separaci\u00f3n y se transporta a trav\u00e9s del ba\u00f1o de agua. Por el tiempo de residencia en el tanque una buena separaci\u00f3n se logra.<\/span><\/p>\n<p><em><span style=\"color: #000000;\"><strong>Sistema de Alimentation<\/strong><\/span><\/em><br \/> <span style=\"color: #000000;\">El materia se puede alimentatar por medio de un tornillo sin fin o directamente en el tanque.<\/span><\/p>\n<p><em><span style=\"color: #000000;\"><strong>Sistema de descargo de material flotable<\/strong><\/span><\/em><br \/> <span style=\"color: #000000;\">El material flotable se descarga con un tornillo sin fin que esta montado transversalmente.<\/span><\/p>\n<p><em><span style=\"color: #000000;\"><strong>Sistema de descargo de material no flotable<\/strong><\/span><\/em><br \/> <span style=\"color: #000000;\">Debende de la canditad, el material no flotable se extrae a trav\u00e9s de una esclusa con tuberia, con un tornillo sin fin o con un descarador de cadenas.<\/span><\/p>\n<p><em><span style=\"color: #000000;\"><strong>Tanque de Separaci\u00f3n de PET<\/strong> <\/span><\/em><br \/> <span style=\"color: #000000;\">Para reciclar materiales no flotable (densidad &lt; 1, p.ej. PET\/PVC) el material se descarga con un tornillo sin fin de gran tama\u00f1o. Opcional el tanque esta dise\u00f1ado con un sistema de calefacci\u00f3n y aislamiento para el use de aditivos. Estos tanques est\u00e1n hechos de acero inoxidable 1.4571.<\/span><\/p>\n<p><span style=\"color: #000000;\">Pare separar aditivos, una criba se puede colocar en la zona de descarga.<\/span><\/p>\n<p><a href=\"https:\/\/neue-herbold.com\/wp-content\/uploads\/2014\/12\/Schwimm-Sink-Tank-mit-Kratzkettenfoerderer.jpg\" target=\"_blank\"><img loading=\"lazy\" decoding=\"async\" class=\"alignnone wp-image-3047\" src=\"https:\/\/neue-herbold.com\/wp-content\/uploads\/2014\/12\/Schwimm-Sink-Tank-mit-Kratzkettenfoerderer-1024x768.jpg\" alt=\"\" width=\"339\" height=\"255\" srcset=\"https:\/\/neue-herbold.com\/wp-content\/uploads\/2014\/12\/Schwimm-Sink-Tank-mit-Kratzkettenfoerderer-1024x768.jpg 1024w, https:\/\/neue-herbold.com\/wp-content\/uploads\/2014\/12\/Schwimm-Sink-Tank-mit-Kratzkettenfoerderer-300x225.jpg 300w, https:\/\/neue-herbold.com\/wp-content\/uploads\/2014\/12\/Schwimm-Sink-Tank-mit-Kratzkettenfoerderer-100x75.jpg 100w, https:\/\/neue-herbold.com\/wp-content\/uploads\/2014\/12\/Schwimm-Sink-Tank-mit-Kratzkettenfoerderer-150x112.jpg 150w, https:\/\/neue-herbold.com\/wp-content\/uploads\/2014\/12\/Schwimm-Sink-Tank-mit-Kratzkettenfoerderer-200x150.jpg 200w, https:\/\/neue-herbold.com\/wp-content\/uploads\/2014\/12\/Schwimm-Sink-Tank-mit-Kratzkettenfoerderer-450x337.jpg 450w, https:\/\/neue-herbold.com\/wp-content\/uploads\/2014\/12\/Schwimm-Sink-Tank-mit-Kratzkettenfoerderer-600x450.jpg 600w, https:\/\/neue-herbold.com\/wp-content\/uploads\/2014\/12\/Schwimm-Sink-Tank-mit-Kratzkettenfoerderer-900x675.jpg 900w, https:\/\/neue-herbold.com\/wp-content\/uploads\/2014\/12\/Schwimm-Sink-Tank-mit-Kratzkettenfoerderer.jpg 1200w\" sizes=\"(max-width: 339px) 100vw, 339px\" \/><\/a><\/p>\n","protected":false},"excerpt":{"rendered":"<p><em><span style=\"color: #000000;\"><strong><a href=\"https:\/\/neue-herbold.com\/wp-content\/uploads\/2014\/12\/Schwimm-Sinktank.jpg\" target=\"_blank\"><img loading=\"lazy\" decoding=\"async\" class=\"alignright wp-image-3033\" src=\"https:\/\/neue-herbold.com\/wp-content\/uploads\/2014\/12\/Schwimm-Sinktank-1024x663.jpg\" alt=\"\" width=\"487\" height=\"315\" srcset=\"https:\/\/neue-herbold.com\/wp-content\/uploads\/2014\/12\/Schwimm-Sinktank-1024x663.jpg 1024w, https:\/\/neue-herbold.com\/wp-content\/uploads\/2014\/12\/Schwimm-Sinktank-300x194.jpg 300w, https:\/\/neue-herbold.com\/wp-content\/uploads\/2014\/12\/Schwimm-Sinktank-100x64.jpg 100w, https:\/\/neue-herbold.com\/wp-content\/uploads\/2014\/12\/Schwimm-Sinktank-150x97.jpg 150w, https:\/\/neue-herbold.com\/wp-content\/uploads\/2014\/12\/Schwimm-Sinktank-200x129.jpg 200w, https:\/\/neue-herbold.com\/wp-content\/uploads\/2014\/12\/Schwimm-Sinktank-450x291.jpg 450w, https:\/\/neue-herbold.com\/wp-content\/uploads\/2014\/12\/Schwimm-Sinktank-600x388.jpg 600w, https:\/\/neue-herbold.com\/wp-content\/uploads\/2014\/12\/Schwimm-Sinktank-900x582.jpg 900w, https:\/\/neue-herbold.com\/wp-content\/uploads\/2014\/12\/Schwimm-Sinktank.jpg 1200w\" sizes=\"(max-width: 487px) 100vw, 487px\" \/><\/a>Aplicaci\u00f3n<\/strong><\/span><\/em><br \/> <span style=\"color: #000000;\">El tanque de separaci\u00f3n de <strong>NEUE HERBOLD<\/strong> &#8211; se utiliza para la separaci\u00f3n de plasticos con diferente dencidades, de preferencia recortes laterals de films y laminas,<\/span><\/p>\n<p><span class=\"ellipsis\">&hellip;<\/span><\/p>\n<div class=\"read-more\"><a href=\"https:\/\/neue-herbold.com\/es\/tanque-de-separacion-tb\/\">Leer m\u00e1s \u203a<\/a><\/div>\n<p><!-- end of .read-more --><\/p>\n","protected":false},"author":1,"featured_media":0,"parent":0,"menu_order":0,"comment_status":"closed","ping_status":"closed","template":"","meta":{"footnotes":""},"class_list":["post-8201","page","type-page","status-publish","hentry"],"yoast_head":"<!-- This site is optimized with the Yoast SEO plugin v25.4 - https:\/\/yoast.com\/wordpress\/plugins\/seo\/ -->\n<title>Tanque de Separaci\u00f3n TB - Neue Herbold GmbH<\/title>\n<meta name=\"description\" content=\"El tanque de separaci\u00f3n de Neue Herbold - se utiliza para la separaci\u00f3n de plasticos con diferente dencidades, de preferencia recortes laterals de films\" \/>\n<meta name=\"robots\" content=\"index, follow, max-snippet:-1, max-image-preview:large, max-video-preview:-1\" \/>\n<link rel=\"canonical\" href=\"https:\/\/neue-herbold.com\/es\/tanque-de-separacion-tb\/\" \/>\n<meta property=\"og:locale\" content=\"es_ES\" \/>\n<meta property=\"og:type\" content=\"article\" \/>\n<meta property=\"og:title\" content=\"Tanque de Separaci\u00f3n TB - Neue Herbold GmbH\" \/>\n<meta property=\"og:description\" content=\"El tanque de separaci\u00f3n de Neue Herbold - se utiliza para la separaci\u00f3n de plasticos con diferente dencidades, de preferencia recortes laterals de films\" \/>\n<meta property=\"og:url\" content=\"https:\/\/neue-herbold.com\/es\/tanque-de-separacion-tb\/\" \/>\n<meta property=\"og:site_name\" content=\"Neue Herbold GmbH\" \/>\n<meta property=\"article:modified_time\" content=\"2016-06-03T13:26:33+00:00\" \/>\n<meta property=\"og:image\" content=\"https:\/\/neue-herbold.com\/wp-content\/uploads\/2014\/12\/Schwimm-Sinktank-1024x663.jpg\" \/>\n<meta name=\"twitter:label1\" content=\"Tiempo de lectura\" \/>\n\t<meta name=\"twitter:data1\" content=\"1 minute\" \/>\n<script type=\"application\/ld+json\" class=\"yoast-schema-graph\">{\"@context\":\"https:\/\/schema.org\",\"@graph\":[{\"@type\":\"WebPage\",\"@id\":\"https:\/\/neue-herbold.com\/es\/tanque-de-separacion-tb\/\",\"url\":\"https:\/\/neue-herbold.com\/es\/tanque-de-separacion-tb\/\",\"name\":\"Tanque de Separaci\u00f3n TB - Neue Herbold GmbH\",\"isPartOf\":{\"@id\":\"https:\/\/neue-herbold.com\/en\/#website\"},\"primaryImageOfPage\":{\"@id\":\"https:\/\/neue-herbold.com\/es\/tanque-de-separacion-tb\/#primaryimage\"},\"image\":{\"@id\":\"https:\/\/neue-herbold.com\/es\/tanque-de-separacion-tb\/#primaryimage\"},\"thumbnailUrl\":\"https:\/\/neue-herbold.com\/wp-content\/uploads\/2014\/12\/Schwimm-Sinktank-1024x663.jpg\",\"datePublished\":\"2016-06-03T13:14:47+00:00\",\"dateModified\":\"2016-06-03T13:26:33+00:00\",\"description\":\"El tanque de separaci\u00f3n de Neue Herbold - se utiliza para la separaci\u00f3n de plasticos con diferente dencidades, de preferencia recortes laterals de films\",\"breadcrumb\":{\"@id\":\"https:\/\/neue-herbold.com\/es\/tanque-de-separacion-tb\/#breadcrumb\"},\"inLanguage\":\"es-ES\",\"potentialAction\":[{\"@type\":\"ReadAction\",\"target\":[\"https:\/\/neue-herbold.com\/es\/tanque-de-separacion-tb\/\"]}]},{\"@type\":\"ImageObject\",\"inLanguage\":\"es-ES\",\"@id\":\"https:\/\/neue-herbold.com\/es\/tanque-de-separacion-tb\/#primaryimage\",\"url\":\"https:\/\/neue-herbold.com\/wp-content\/uploads\/2014\/12\/Schwimm-Sinktank-1024x663.jpg\",\"contentUrl\":\"https:\/\/neue-herbold.com\/wp-content\/uploads\/2014\/12\/Schwimm-Sinktank-1024x663.jpg\"},{\"@type\":\"BreadcrumbList\",\"@id\":\"https:\/\/neue-herbold.com\/es\/tanque-de-separacion-tb\/#breadcrumb\",\"itemListElement\":[{\"@type\":\"ListItem\",\"position\":1,\"name\":\"Startseite\",\"item\":\"https:\/\/neue-herbold.com\/es\/\"},{\"@type\":\"ListItem\",\"position\":2,\"name\":\"Tanque de Separaci\u00f3n TB\"}]},{\"@type\":\"WebSite\",\"@id\":\"https:\/\/neue-herbold.com\/en\/#website\",\"url\":\"https:\/\/neue-herbold.com\/en\/\",\"name\":\"Neue Herbold GmbH\",\"description\":\"\",\"potentialAction\":[{\"@type\":\"SearchAction\",\"target\":{\"@type\":\"EntryPoint\",\"urlTemplate\":\"https:\/\/neue-herbold.com\/en\/?s={search_term_string}\"},\"query-input\":{\"@type\":\"PropertyValueSpecification\",\"valueRequired\":true,\"valueName\":\"search_term_string\"}}],\"inLanguage\":\"es-ES\"}]}<\/script>\n<!-- \/ Yoast SEO plugin. -->","yoast_head_json":{"title":"Tanque de Separaci\u00f3n TB - Neue Herbold GmbH","description":"El tanque de separaci\u00f3n de Neue Herbold - se utiliza para la separaci\u00f3n de plasticos con diferente dencidades, de preferencia recortes laterals de films","robots":{"index":"index","follow":"follow","max-snippet":"max-snippet:-1","max-image-preview":"max-image-preview:large","max-video-preview":"max-video-preview:-1"},"canonical":"https:\/\/neue-herbold.com\/es\/tanque-de-separacion-tb\/","og_locale":"es_ES","og_type":"article","og_title":"Tanque de Separaci\u00f3n TB - Neue Herbold GmbH","og_description":"El tanque de separaci\u00f3n de Neue Herbold - se utiliza para la separaci\u00f3n de plasticos con diferente dencidades, de preferencia recortes laterals de films","og_url":"https:\/\/neue-herbold.com\/es\/tanque-de-separacion-tb\/","og_site_name":"Neue Herbold GmbH","article_modified_time":"2016-06-03T13:26:33+00:00","og_image":[{"url":"https:\/\/neue-herbold.com\/wp-content\/uploads\/2014\/12\/Schwimm-Sinktank-1024x663.jpg","type":"","width":"","height":""}],"twitter_misc":{"Tiempo de lectura":"1 minute"},"schema":{"@context":"https:\/\/schema.org","@graph":[{"@type":"WebPage","@id":"https:\/\/neue-herbold.com\/es\/tanque-de-separacion-tb\/","url":"https:\/\/neue-herbold.com\/es\/tanque-de-separacion-tb\/","name":"Tanque de Separaci\u00f3n TB - Neue Herbold GmbH","isPartOf":{"@id":"https:\/\/neue-herbold.com\/en\/#website"},"primaryImageOfPage":{"@id":"https:\/\/neue-herbold.com\/es\/tanque-de-separacion-tb\/#primaryimage"},"image":{"@id":"https:\/\/neue-herbold.com\/es\/tanque-de-separacion-tb\/#primaryimage"},"thumbnailUrl":"https:\/\/neue-herbold.com\/wp-content\/uploads\/2014\/12\/Schwimm-Sinktank-1024x663.jpg","datePublished":"2016-06-03T13:14:47+00:00","dateModified":"2016-06-03T13:26:33+00:00","description":"El tanque de separaci\u00f3n de Neue Herbold - se utiliza para la separaci\u00f3n de plasticos con diferente dencidades, de preferencia recortes laterals de films","breadcrumb":{"@id":"https:\/\/neue-herbold.com\/es\/tanque-de-separacion-tb\/#breadcrumb"},"inLanguage":"es-ES","potentialAction":[{"@type":"ReadAction","target":["https:\/\/neue-herbold.com\/es\/tanque-de-separacion-tb\/"]}]},{"@type":"ImageObject","inLanguage":"es-ES","@id":"https:\/\/neue-herbold.com\/es\/tanque-de-separacion-tb\/#primaryimage","url":"https:\/\/neue-herbold.com\/wp-content\/uploads\/2014\/12\/Schwimm-Sinktank-1024x663.jpg","contentUrl":"https:\/\/neue-herbold.com\/wp-content\/uploads\/2014\/12\/Schwimm-Sinktank-1024x663.jpg"},{"@type":"BreadcrumbList","@id":"https:\/\/neue-herbold.com\/es\/tanque-de-separacion-tb\/#breadcrumb","itemListElement":[{"@type":"ListItem","position":1,"name":"Startseite","item":"https:\/\/neue-herbold.com\/es\/"},{"@type":"ListItem","position":2,"name":"Tanque de Separaci\u00f3n TB"}]},{"@type":"WebSite","@id":"https:\/\/neue-herbold.com\/en\/#website","url":"https:\/\/neue-herbold.com\/en\/","name":"Neue Herbold GmbH","description":"","potentialAction":[{"@type":"SearchAction","target":{"@type":"EntryPoint","urlTemplate":"https:\/\/neue-herbold.com\/en\/?s={search_term_string}"},"query-input":{"@type":"PropertyValueSpecification","valueRequired":true,"valueName":"search_term_string"}}],"inLanguage":"es-ES"}]}},"_links":{"self":[{"href":"https:\/\/neue-herbold.com\/es\/wp-json\/wp\/v2\/pages\/8201"}],"collection":[{"href":"https:\/\/neue-herbold.com\/es\/wp-json\/wp\/v2\/pages"}],"about":[{"href":"https:\/\/neue-herbold.com\/es\/wp-json\/wp\/v2\/types\/page"}],"author":[{"embeddable":true,"href":"https:\/\/neue-herbold.com\/es\/wp-json\/wp\/v2\/users\/1"}],"replies":[{"embeddable":true,"href":"https:\/\/neue-herbold.com\/es\/wp-json\/wp\/v2\/comments?post=8201"}],"version-history":[{"count":2,"href":"https:\/\/neue-herbold.com\/es\/wp-json\/wp\/v2\/pages\/8201\/revisions"}],"predecessor-version":[{"id":8212,"href":"https:\/\/neue-herbold.com\/es\/wp-json\/wp\/v2\/pages\/8201\/revisions\/8212"}],"wp:attachment":[{"href":"https:\/\/neue-herbold.com\/es\/wp-json\/wp\/v2\/media?parent=8201"}],"curies":[{"name":"wp","href":"https:\/\/api.w.org\/{rel}","templated":true}]}}