{"id":8157,"date":"2016-06-03T04:36:49","date_gmt":"2016-06-03T02:36:49","guid":{"rendered":"https:\/\/neue-herbold.com\/es\/waschanlage-recycling-pet-flaschen\/"},"modified":"2017-05-18T22:10:17","modified_gmt":"2017-05-18T20:10:17","slug":"planta-de-lavado-reciclaje-de-botellas-pet","status":"publish","type":"page","link":"https:\/\/neue-herbold.com\/es\/planta-de-lavado-reciclaje-de-botellas-pet\/","title":{"rendered":"Planta de lavado \u2013 Reciclaje de botellas PET"},"content":{"rendered":"<div>\n<p><b>Condici\u00f3n previa para el empleo de un sistema de reciclaje es unadetallada determinaci\u00f3n de la definici\u00f3n del problema.<\/b><\/p>\n<ul>\n<li class=\"Normal\">La definici\u00f3n de las contaminaciones o impurezas present\u00e1ndose<\/li>\n<li class=\"Normal\">La definici\u00f3n referente al empleo del material reciclado<\/li>\n<\/ul>\n<p>A base de estos datos nosotros componemos el correspondiente sistema seg\u00fan el principio de unidades modulares.<\/p>\n<h3>Botellas PET<\/h3>\n<p><b>Ejemplo de una planta de reciclaje para material embalado con unrendimiento de paso de aprox. 500 kg\/h, a elaboraci\u00f3n de botellas sueltas:<\/b><\/p>\n<h5><b><i>1. Cinta clasificadora<\/i><\/b><\/h5>\n<p>para la separaci\u00f3n del material en piezas as\u00ed como para la clasificaci\u00f3n manual del material con el objeto de eliminar sustancias perturbadoras ya antes de la elaboraci\u00f3n ulterior del material<\/p>\n<h5><b><i>2. Cinta transportadora inclinada<\/i><\/b><\/h5>\n<p>Para el transporte subsiguiente del material en el molino cortante postconectado. La cinta transportadora tiene una zona libre de metales con el objeto de poder montar un puente detector de metales<\/p>\n<\/div>\n<div>\n<h5><b><i>3. <u><a href=\"https:\/\/neue-herbold.com\/es\/bobinas-detectoras-de-metales\/\">Puente detector de metales<\/a><\/u><\/i><\/b><\/h5>\n<\/div>\n<p><a href=\"https:\/\/neue-herbold.com\/wp-content\/uploads\/2014\/12\/Metallsuchspule-01.jpg\" target=\"_blank\" rel=\"noopener noreferrer\"><img loading=\"lazy\" decoding=\"async\" class=\"alignleft wp-image-3072\" src=\"https:\/\/neue-herbold.com\/wp-content\/uploads\/2014\/12\/Metallsuchspule-01-300x189.jpg\" alt=\"Metallsuchspule - \u00fcber PET Flaschen\" width=\"280\" height=\"177\" srcset=\"https:\/\/neue-herbold.com\/wp-content\/uploads\/2014\/12\/Metallsuchspule-01-300x189.jpg 300w, https:\/\/neue-herbold.com\/wp-content\/uploads\/2014\/12\/Metallsuchspule-01-100x63.jpg 100w, https:\/\/neue-herbold.com\/wp-content\/uploads\/2014\/12\/Metallsuchspule-01-150x94.jpg 150w, https:\/\/neue-herbold.com\/wp-content\/uploads\/2014\/12\/Metallsuchspule-01-200x126.jpg 200w, https:\/\/neue-herbold.com\/wp-content\/uploads\/2014\/12\/Metallsuchspule-01.jpg 321w\" sizes=\"(max-width: 280px) 100vw, 280px\" \/><\/a><\/p>\n<p>&nbsp;<\/p>\n<p class=\"Normal\">para la localizaci\u00f3n de <br \/>\n metales no f\u00e9rricos para la <br \/>\n protecci\u00f3n del molino cortante <br \/>\n as\u00ed como del lavador intensivo<\/p>\n<p>&nbsp;<\/p>\n<p>&nbsp;<\/p>\n<p>&nbsp;<\/p>\n<h5><strong><span style=\"color: #000000;\">4. <\/span><\/strong><b><i><u><a href=\"https:\/\/neue-herbold.com\/es\/programa-de-suministro\/\">Molino cortante<\/a><\/u><\/i><\/b><\/h5>\n<div id=\"attachment_2968\" style=\"width: 290px\" class=\"wp-caption alignleft\"><a href=\"https:\/\/neue-herbold.com\/wp-content\/uploads\/2014\/11\/LM-450_1000-S5.jpg\" target=\"_blank\" rel=\"noopener noreferrer\"><img loading=\"lazy\" decoding=\"async\" aria-describedby=\"caption-attachment-2968\" class=\"wp-image-2968\" src=\"https:\/\/neue-herbold.com\/wp-content\/uploads\/2014\/11\/LM-450_1000-S5.jpg\" alt=\"\" width=\"280\" height=\"467\" srcset=\"https:\/\/neue-herbold.com\/wp-content\/uploads\/2014\/11\/LM-450_1000-S5.jpg 540w, https:\/\/neue-herbold.com\/wp-content\/uploads\/2014\/11\/LM-450_1000-S5-180x300.jpg 180w, https:\/\/neue-herbold.com\/wp-content\/uploads\/2014\/11\/LM-450_1000-S5-100x166.jpg 100w, https:\/\/neue-herbold.com\/wp-content\/uploads\/2014\/11\/LM-450_1000-S5-150x250.jpg 150w, https:\/\/neue-herbold.com\/wp-content\/uploads\/2014\/11\/LM-450_1000-S5-200x333.jpg 200w, https:\/\/neue-herbold.com\/wp-content\/uploads\/2014\/11\/LM-450_1000-S5-300x500.jpg 300w, https:\/\/neue-herbold.com\/wp-content\/uploads\/2014\/11\/LM-450_1000-S5-450x750.jpg 450w\" sizes=\"(max-width: 280px) 100vw, 280px\" \/><\/a><p id=\"caption-attachment-2968\" class=\"wp-caption-text\"><strong>LM 450 \/ 1000<\/strong><\/p><\/div>\n<p>&nbsp;<\/p>\n<p>&nbsp;<\/p>\n<p>&nbsp;<\/p>\n<p>&nbsp;<\/p>\n<p>&nbsp;<\/p>\n<p class=\"Normal\">para triturar el material en la <br \/>\n granulaci\u00f3n final necesaria <br \/>\n de aprox. 10-15 mm en v\u00eda seca<\/p>\n<p>&nbsp;<\/p>\n<p>&nbsp;<\/p>\n<p>&nbsp;<\/p>\n<p>&nbsp;<\/p>\n<p>&nbsp;<\/p>\n<p>&nbsp;<\/p>\n<p>&nbsp;<\/p>\n<p>&nbsp;<\/p>\n<h5><strong><span style=\"color: #000000;\">5. <\/span><\/strong><b><i><u><a href=\"https:\/\/neue-herbold.com\/es\/instalaciones-de-aspiracion\/\">Instalaci\u00f3n de aspiraci\u00f3n<\/a><\/u><\/i><\/b><\/h5>\n<div>\n<p>para descargar el material triturado desde el molino cortante<\/p>\n<\/div>\n<h5><strong><span style=\"color: #000000;\">6. <\/span><\/strong><b><i>Separador de finos de la serie <u><a href=\"https:\/\/neue-herbold.com\/es\/separadores-de-finos-hs\/\">HS<\/a><\/u><\/i><\/b><\/h5>\n<p><a href=\"https:\/\/neue-herbold.com\/wp-content\/uploads\/2014\/12\/Feingutabscheider.jpg\" target=\"_blank\" rel=\"noopener noreferrer\"><img loading=\"lazy\" decoding=\"async\" class=\"wp-image-3081 alignleft\" src=\"https:\/\/neue-herbold.com\/wp-content\/uploads\/2014\/12\/Feingutabscheider.jpg\" alt=\"\" width=\"280\" height=\"350\" srcset=\"https:\/\/neue-herbold.com\/wp-content\/uploads\/2014\/12\/Feingutabscheider.jpg 259w, https:\/\/neue-herbold.com\/wp-content\/uploads\/2014\/12\/Feingutabscheider-239x300.jpg 239w, https:\/\/neue-herbold.com\/wp-content\/uploads\/2014\/12\/Feingutabscheider-100x125.jpg 100w, https:\/\/neue-herbold.com\/wp-content\/uploads\/2014\/12\/Feingutabscheider-150x187.jpg 150w, https:\/\/neue-herbold.com\/wp-content\/uploads\/2014\/12\/Feingutabscheider-200x250.jpg 200w\" sizes=\"(max-width: 280px) 100vw, 280px\" \/><\/a><\/p>\n<p>&nbsp;<\/p>\n<p>&nbsp;<\/p>\n<p class=\"Normal\">para separar etiquetas<br \/>\n adhesivas y otras <br \/>\n impurezas sueltas<\/p>\n<p>&nbsp;<\/p>\n<h5>\u00a0<\/h5>\n<h5>\u00a0<\/h5>\n<p>&nbsp;<\/p>\n<p>&nbsp;<\/p>\n<p>&nbsp;<\/p>\n<p>&nbsp;<\/p>\n<h5><strong><span style=\"color: #000000;\">7. <\/span><\/strong><b><i>Silo de almacenaje de la serie <u><a href=\"https:\/\/neue-herbold.com\/es\/silos-de-laminas-fs\/\">FS<\/a><\/u><\/i><\/b><\/h5>\n<div id=\"attachment_3089\" style=\"width: 290px\" class=\"wp-caption alignleft\"><a href=\"https:\/\/neue-herbold.com\/wp-content\/uploads\/2014\/12\/Wasch-Foliensilo-BR.jpg\" target=\"_blank\" rel=\"noopener noreferrer\"><img loading=\"lazy\" decoding=\"async\" aria-describedby=\"caption-attachment-3089\" class=\"wp-image-3089\" src=\"https:\/\/neue-herbold.com\/wp-content\/uploads\/2014\/12\/Wasch-Foliensilo-BR-1024x768.jpg\" alt=\"\" width=\"280\" height=\"210\" srcset=\"https:\/\/neue-herbold.com\/wp-content\/uploads\/2014\/12\/Wasch-Foliensilo-BR-1024x768.jpg 1024w, https:\/\/neue-herbold.com\/wp-content\/uploads\/2014\/12\/Wasch-Foliensilo-BR-300x225.jpg 300w, https:\/\/neue-herbold.com\/wp-content\/uploads\/2014\/12\/Wasch-Foliensilo-BR-100x75.jpg 100w, https:\/\/neue-herbold.com\/wp-content\/uploads\/2014\/12\/Wasch-Foliensilo-BR-150x112.jpg 150w, https:\/\/neue-herbold.com\/wp-content\/uploads\/2014\/12\/Wasch-Foliensilo-BR-200x150.jpg 200w, https:\/\/neue-herbold.com\/wp-content\/uploads\/2014\/12\/Wasch-Foliensilo-BR-450x337.jpg 450w, https:\/\/neue-herbold.com\/wp-content\/uploads\/2014\/12\/Wasch-Foliensilo-BR-600x450.jpg 600w, https:\/\/neue-herbold.com\/wp-content\/uploads\/2014\/12\/Wasch-Foliensilo-BR-900x675.jpg 900w, https:\/\/neue-herbold.com\/wp-content\/uploads\/2014\/12\/Wasch-Foliensilo-BR.jpg 1200w\" sizes=\"(max-width: 280px) 100vw, 280px\" \/><\/a><p id=\"caption-attachment-3089\" class=\"wp-caption-text\">Silo para l\u00e1minas<\/p><\/div>\n<p>&nbsp;<\/p>\n<p>&nbsp;<\/p>\n<p class=\"Normal\">para almacenar y <br \/>\n posibilitar una alimentaci\u00f3n continua <br \/>\n del sector de lavado o sea de separaci\u00f3n <br \/>\n de la instalaci\u00f3n<\/p>\n<p>&nbsp;<\/p>\n<p>&nbsp;<\/p>\n<p>&nbsp;<\/p>\n<h5><strong><span style=\"color: #000000;\">8. <\/span><\/strong><b><i>Lavador intensivo de la serie <u><a href=\"https:\/\/neue-herbold.com\/es\/lavaderos-intensivos-iw\/\">IW<\/a><\/u><\/i><\/b><\/h5>\n<div id=\"attachment_3022\" style=\"width: 290px\" class=\"wp-caption alignleft\"><a href=\"https:\/\/neue-herbold.com\/wp-content\/uploads\/2014\/12\/TM-1000.jpg\" target=\"_blank\" rel=\"noopener noreferrer\"><img loading=\"lazy\" decoding=\"async\" aria-describedby=\"caption-attachment-3022\" class=\"wp-image-3022\" src=\"https:\/\/neue-herbold.com\/wp-content\/uploads\/2014\/12\/TM-1000-1020x1024.jpg\" alt=\"\" width=\"280\" height=\"281\" srcset=\"https:\/\/neue-herbold.com\/wp-content\/uploads\/2014\/12\/TM-1000-1020x1024.jpg 1020w, https:\/\/neue-herbold.com\/wp-content\/uploads\/2014\/12\/TM-1000-300x301.jpg 300w, https:\/\/neue-herbold.com\/wp-content\/uploads\/2014\/12\/TM-1000-100x100.jpg 100w, https:\/\/neue-herbold.com\/wp-content\/uploads\/2014\/12\/TM-1000-150x150.jpg 150w, https:\/\/neue-herbold.com\/wp-content\/uploads\/2014\/12\/TM-1000-200x200.jpg 200w, https:\/\/neue-herbold.com\/wp-content\/uploads\/2014\/12\/TM-1000-450x451.jpg 450w, https:\/\/neue-herbold.com\/wp-content\/uploads\/2014\/12\/TM-1000-600x602.jpg 600w, https:\/\/neue-herbold.com\/wp-content\/uploads\/2014\/12\/TM-1000-900x903.jpg 900w, https:\/\/neue-herbold.com\/wp-content\/uploads\/2014\/12\/TM-1000.jpg 1200w\" sizes=\"(max-width: 280px) 100vw, 280px\" \/><\/a><p id=\"caption-attachment-3022\" class=\"wp-caption-text\">TM 1000<\/p><\/div>\n<p>&nbsp;<\/p>\n<p>&nbsp;<\/p>\n<p>&nbsp;<\/p>\n<p>&nbsp;<\/p>\n<p><span style=\"color: #000000;\">para la limpieza superficial <br \/>\n del producto PET de moler<\/span><\/p>\n<h5>\u00a0<\/h5>\n<p>&nbsp;<\/p>\n<p>&nbsp;<\/p>\n<p>&nbsp;<\/p>\n<h5><span style=\"color: #000000;\"><strong>9. <\/strong><\/span><b><i>Dispositivo de separaci\u00f3n ( como opci\u00f3n )<\/i><\/b><\/h5>\n<div>\n<p>para el transporte subsiguiente del material en el tanque de separaci\u00f3n o lavado en caliente si necesario<\/p>\n<\/div>\n<h5><span style=\"color: #000000;\"><strong>10. <\/strong><\/span><b><i>Tanque de separaci\u00f3n <\/i><\/b><span style=\"color: #000000;\"><strong>&#8211;<\/strong><\/span> serie<span style=\"color: #000000;\"><strong> <a href=\"https:\/\/neue-herbold.com\/es\/tanque-de-separacion-tb\/\">TB<\/a><\/strong> <\/span><\/h5>\n<div>\n<p>Serie TB para separar el producto de moler con una densidad &lt; 1 g\/ccm de un producto de moler con una densidad &gt; 1 g\/cbm<\/p>\n<ul>\n<li class=\"Normal\">La fracci\u00f3n con densidad espec\u00edfica &gt; 1 g\/ccm ( PET ) se transporta continuamente,<\/li>\n<li class=\"Normal\">mediante tornillo sinf\u00edn de descarga, al secado mec\u00e1nico<\/li>\n<li class=\"Normal\">La fracci\u00f3n con densidad espec\u00edfica &lt; 1 g\/ccm se descarga, mediante otro tornillo<\/li>\n<li class=\"Normal\">sinf\u00edn, en un contenedor de desechos<\/li>\n<\/ul>\n<\/div>\n<p>&nbsp;<\/p>\n<div id=\"attachment_3033\" style=\"width: 290px\" class=\"wp-caption alignnone\"><a href=\"https:\/\/neue-herbold.com\/wp-content\/uploads\/2014\/12\/Schwimm-Sinktank.jpg\" target=\"_blank\" rel=\"noopener noreferrer\"><img loading=\"lazy\" decoding=\"async\" aria-describedby=\"caption-attachment-3033\" class=\"wp-image-3033\" src=\"https:\/\/neue-herbold.com\/wp-content\/uploads\/2014\/12\/Schwimm-Sinktank-1024x663.jpg\" alt=\"\" width=\"280\" height=\"181\" srcset=\"https:\/\/neue-herbold.com\/wp-content\/uploads\/2014\/12\/Schwimm-Sinktank-1024x663.jpg 1024w, https:\/\/neue-herbold.com\/wp-content\/uploads\/2014\/12\/Schwimm-Sinktank-300x194.jpg 300w, https:\/\/neue-herbold.com\/wp-content\/uploads\/2014\/12\/Schwimm-Sinktank-100x64.jpg 100w, https:\/\/neue-herbold.com\/wp-content\/uploads\/2014\/12\/Schwimm-Sinktank-150x97.jpg 150w, https:\/\/neue-herbold.com\/wp-content\/uploads\/2014\/12\/Schwimm-Sinktank-200x129.jpg 200w, https:\/\/neue-herbold.com\/wp-content\/uploads\/2014\/12\/Schwimm-Sinktank-450x291.jpg 450w, https:\/\/neue-herbold.com\/wp-content\/uploads\/2014\/12\/Schwimm-Sinktank-600x388.jpg 600w, https:\/\/neue-herbold.com\/wp-content\/uploads\/2014\/12\/Schwimm-Sinktank-900x582.jpg 900w, https:\/\/neue-herbold.com\/wp-content\/uploads\/2014\/12\/Schwimm-Sinktank.jpg 1200w\" sizes=\"(max-width: 280px) 100vw, 280px\" \/><\/a><p id=\"caption-attachment-3033\" class=\"wp-caption-text\">Tanque de sumersi\u00f3n y flotaci\u00f3n<\/p><\/div>\n<h5><span style=\"color: #000000;\"><strong>11. <\/strong><\/span><b><i>Secador mec\u00e1nico <\/i><\/b>Serie <b><u><a href=\"https:\/\/neue-herbold.com\/es\/secaderos-mecanicos-tm\/\">TM<\/a> <\/u><\/b><\/h5>\n<p>para el secado superficial mec\u00e1nico del material de moler<\/p>\n<h5><strong><span style=\"color: #000000;\">12. <\/span><\/strong><b><i><u><a href=\"https:\/\/neue-herbold.com\/es\/instalaciones-de-aspiracion\/\">Instalaci\u00f3n de aspiraci\u00f3n<\/a><\/u><\/i><\/b><\/h5>\n<div>\n<p>para descargar el material desde el secador mec\u00e1nico<\/p>\n<\/div>\n<h5><span style=\"color: #000000;\"><strong>13. <\/strong><\/span><b><i>Secado t\u00e9rmico ulterior- serie <\/i><\/b><i> <\/i><span style=\"color: #000000;\"><strong><a href=\"https:\/\/neue-herbold.com\/es\/secadores-termicos-tt\/\">TT<\/a><\/strong> <\/span><\/h5>\n<p><a href=\"https:\/\/neue-herbold.com\/wp-content\/uploads\/2014\/12\/TT-P1250007.jpg\" target=\"_blank\" rel=\"noopener noreferrer\"><img loading=\"lazy\" decoding=\"async\" class=\"wp-image-3036 size-medium alignleft\" src=\"https:\/\/neue-herbold.com\/wp-content\/uploads\/2014\/12\/TT-P1250007-212x300.jpg\" alt=\"TT P1250007\" width=\"212\" height=\"300\" srcset=\"https:\/\/neue-herbold.com\/wp-content\/uploads\/2014\/12\/TT-P1250007-212x300.jpg 212w, https:\/\/neue-herbold.com\/wp-content\/uploads\/2014\/12\/TT-P1250007-100x141.jpg 100w, https:\/\/neue-herbold.com\/wp-content\/uploads\/2014\/12\/TT-P1250007-150x212.jpg 150w, https:\/\/neue-herbold.com\/wp-content\/uploads\/2014\/12\/TT-P1250007-200x283.jpg 200w, https:\/\/neue-herbold.com\/wp-content\/uploads\/2014\/12\/TT-P1250007-300x424.jpg 300w, https:\/\/neue-herbold.com\/wp-content\/uploads\/2014\/12\/TT-P1250007-450x636.jpg 450w, https:\/\/neue-herbold.com\/wp-content\/uploads\/2014\/12\/TT-P1250007-600x849.jpg 600w, https:\/\/neue-herbold.com\/wp-content\/uploads\/2014\/12\/TT-P1250007.jpg 636w\" sizes=\"(max-width: 212px) 100vw, 212px\" \/><\/a><\/p>\n<p>&nbsp;<\/p>\n<p>&nbsp;<\/p>\n<p class=\"Normal\">paral secado t\u00e9rmico <br \/>\n final del material hasta haber alcanzado <br \/>\n la humedad residual necesaria <br \/>\n para la elaboraci\u00f3n ulterior<\/p>\n<p>&nbsp;<\/p>\n<p>&nbsp;<\/p>\n<p>&nbsp;<\/p>\n<p>&nbsp;<\/p>\n<p>&nbsp;<\/p>\n<h5><span style=\"color: #000000;\"><strong>14. <\/strong><\/span><b><i>Separador de finos &#8211; serie <\/i><\/b><span style=\"color: #000000;\"><strong><a href=\"https:\/\/neue-herbold.com\/es\/separadores-de-finos-hs\/\">HS<\/a><\/strong> <\/span><\/h5>\n<div>\n<p>Serie HS para la separaci\u00f3n de part\u00edculas residuales de <br \/>\n polvo y de finos y as\u00ed mejoramiento de la calidad del producto final<\/p>\n<\/div>\n<p>&nbsp;<\/p>\n","protected":false},"excerpt":{"rendered":"<div>\n<p><b>Condici\u00f3n previa para el empleo de un sistema de reciclaje es unadetallada determinaci\u00f3n de la definici\u00f3n del problema.<\/b><\/p>\n<ul>\n<li class=\"Normal\">La definici\u00f3n de las contaminaciones o impurezas present\u00e1ndose<\/li>\n<li class=\"Normal\">La definici\u00f3n referente al empleo del material reciclado<\/li>\n<\/ul>\n<p>A base de estos datos nosotros componemos el correspondiente sistema seg\u00fan el principio de unidades modulares.<\/p>\n<\/div>\n<p><span class=\"ellipsis\">&hellip;<\/span><\/p>\n<div class=\"read-more\"><a href=\"https:\/\/neue-herbold.com\/es\/planta-de-lavado-reciclaje-de-botellas-pet\/\">Leer m\u00e1s \u203a<\/a><\/div>\n<p><!-- end of .read-more --><\/p>\n","protected":false},"author":1,"featured_media":0,"parent":0,"menu_order":0,"comment_status":"closed","ping_status":"closed","template":"","meta":{"footnotes":""},"class_list":["post-8157","page","type-page","status-publish","hentry"],"yoast_head":"<!-- This site is optimized with the Yoast SEO plugin v25.4 - https:\/\/yoast.com\/wordpress\/plugins\/seo\/ -->\n<title>Planta de lavado \u2013 Reciclaje de botellas PET - Neue Herbold GmbH<\/title>\n<meta name=\"description\" content=\"Botellas PET Ejemplo de una planta de reciclaje para material embalado con unrendimiento de paso de aprox. 500 kg\/h, a elaboraci\u00f3n de botellas sueltas:\" \/>\n<meta name=\"robots\" content=\"index, follow, max-snippet:-1, max-image-preview:large, max-video-preview:-1\" \/>\n<link rel=\"canonical\" href=\"https:\/\/neue-herbold.com\/es\/planta-de-lavado-reciclaje-de-botellas-pet\/\" \/>\n<meta property=\"og:locale\" content=\"es_ES\" \/>\n<meta property=\"og:type\" content=\"article\" \/>\n<meta property=\"og:title\" content=\"Planta de lavado \u2013 Reciclaje de botellas PET - Neue Herbold GmbH\" \/>\n<meta property=\"og:description\" content=\"Botellas PET Ejemplo de una planta de reciclaje para material embalado con unrendimiento de paso de aprox. 500 kg\/h, a elaboraci\u00f3n de botellas sueltas:\" \/>\n<meta property=\"og:url\" content=\"https:\/\/neue-herbold.com\/es\/planta-de-lavado-reciclaje-de-botellas-pet\/\" \/>\n<meta property=\"og:site_name\" content=\"Neue Herbold GmbH\" \/>\n<meta property=\"article:modified_time\" content=\"2017-05-18T20:10:17+00:00\" \/>\n<meta property=\"og:image\" content=\"https:\/\/neue-herbold.com\/wp-content\/uploads\/2014\/12\/Metallsuchspule-01-300x189.jpg\" \/>\n<meta name=\"twitter:label1\" content=\"Tiempo de lectura\" \/>\n\t<meta name=\"twitter:data1\" content=\"3 minutes\" \/>\n<script type=\"application\/ld+json\" class=\"yoast-schema-graph\">{\"@context\":\"https:\/\/schema.org\",\"@graph\":[{\"@type\":\"WebPage\",\"@id\":\"https:\/\/neue-herbold.com\/es\/planta-de-lavado-reciclaje-de-botellas-pet\/\",\"url\":\"https:\/\/neue-herbold.com\/es\/planta-de-lavado-reciclaje-de-botellas-pet\/\",\"name\":\"Planta de lavado \u2013 Reciclaje de botellas PET - Neue Herbold GmbH\",\"isPartOf\":{\"@id\":\"https:\/\/neue-herbold.com\/en\/#website\"},\"primaryImageOfPage\":{\"@id\":\"https:\/\/neue-herbold.com\/es\/planta-de-lavado-reciclaje-de-botellas-pet\/#primaryimage\"},\"image\":{\"@id\":\"https:\/\/neue-herbold.com\/es\/planta-de-lavado-reciclaje-de-botellas-pet\/#primaryimage\"},\"thumbnailUrl\":\"https:\/\/neue-herbold.com\/wp-content\/uploads\/2014\/12\/Metallsuchspule-01-300x189.jpg\",\"datePublished\":\"2016-06-03T02:36:49+00:00\",\"dateModified\":\"2017-05-18T20:10:17+00:00\",\"description\":\"Botellas PET Ejemplo de una planta de reciclaje para material embalado con unrendimiento de paso de aprox. 500 kg\/h, a elaboraci\u00f3n de botellas sueltas:\",\"breadcrumb\":{\"@id\":\"https:\/\/neue-herbold.com\/es\/planta-de-lavado-reciclaje-de-botellas-pet\/#breadcrumb\"},\"inLanguage\":\"es-ES\",\"potentialAction\":[{\"@type\":\"ReadAction\",\"target\":[\"https:\/\/neue-herbold.com\/es\/planta-de-lavado-reciclaje-de-botellas-pet\/\"]}]},{\"@type\":\"ImageObject\",\"inLanguage\":\"es-ES\",\"@id\":\"https:\/\/neue-herbold.com\/es\/planta-de-lavado-reciclaje-de-botellas-pet\/#primaryimage\",\"url\":\"https:\/\/neue-herbold.com\/wp-content\/uploads\/2014\/12\/Metallsuchspule-01-300x189.jpg\",\"contentUrl\":\"https:\/\/neue-herbold.com\/wp-content\/uploads\/2014\/12\/Metallsuchspule-01-300x189.jpg\"},{\"@type\":\"BreadcrumbList\",\"@id\":\"https:\/\/neue-herbold.com\/es\/planta-de-lavado-reciclaje-de-botellas-pet\/#breadcrumb\",\"itemListElement\":[{\"@type\":\"ListItem\",\"position\":1,\"name\":\"Startseite\",\"item\":\"https:\/\/neue-herbold.com\/es\/\"},{\"@type\":\"ListItem\",\"position\":2,\"name\":\"Planta de lavado \u2013 Reciclaje de botellas PET\"}]},{\"@type\":\"WebSite\",\"@id\":\"https:\/\/neue-herbold.com\/en\/#website\",\"url\":\"https:\/\/neue-herbold.com\/en\/\",\"name\":\"Neue Herbold GmbH\",\"description\":\"\",\"potentialAction\":[{\"@type\":\"SearchAction\",\"target\":{\"@type\":\"EntryPoint\",\"urlTemplate\":\"https:\/\/neue-herbold.com\/en\/?s={search_term_string}\"},\"query-input\":{\"@type\":\"PropertyValueSpecification\",\"valueRequired\":true,\"valueName\":\"search_term_string\"}}],\"inLanguage\":\"es-ES\"}]}<\/script>\n<!-- \/ Yoast SEO plugin. -->","yoast_head_json":{"title":"Planta de lavado \u2013 Reciclaje de botellas PET - Neue Herbold GmbH","description":"Botellas PET Ejemplo de una planta de reciclaje para material embalado con unrendimiento de paso de aprox. 500 kg\/h, a elaboraci\u00f3n de botellas sueltas:","robots":{"index":"index","follow":"follow","max-snippet":"max-snippet:-1","max-image-preview":"max-image-preview:large","max-video-preview":"max-video-preview:-1"},"canonical":"https:\/\/neue-herbold.com\/es\/planta-de-lavado-reciclaje-de-botellas-pet\/","og_locale":"es_ES","og_type":"article","og_title":"Planta de lavado \u2013 Reciclaje de botellas PET - Neue Herbold GmbH","og_description":"Botellas PET Ejemplo de una planta de reciclaje para material embalado con unrendimiento de paso de aprox. 500 kg\/h, a elaboraci\u00f3n de botellas sueltas:","og_url":"https:\/\/neue-herbold.com\/es\/planta-de-lavado-reciclaje-de-botellas-pet\/","og_site_name":"Neue Herbold GmbH","article_modified_time":"2017-05-18T20:10:17+00:00","og_image":[{"url":"https:\/\/neue-herbold.com\/wp-content\/uploads\/2014\/12\/Metallsuchspule-01-300x189.jpg","type":"","width":"","height":""}],"twitter_misc":{"Tiempo de lectura":"3 minutes"},"schema":{"@context":"https:\/\/schema.org","@graph":[{"@type":"WebPage","@id":"https:\/\/neue-herbold.com\/es\/planta-de-lavado-reciclaje-de-botellas-pet\/","url":"https:\/\/neue-herbold.com\/es\/planta-de-lavado-reciclaje-de-botellas-pet\/","name":"Planta de lavado \u2013 Reciclaje de botellas PET - Neue Herbold GmbH","isPartOf":{"@id":"https:\/\/neue-herbold.com\/en\/#website"},"primaryImageOfPage":{"@id":"https:\/\/neue-herbold.com\/es\/planta-de-lavado-reciclaje-de-botellas-pet\/#primaryimage"},"image":{"@id":"https:\/\/neue-herbold.com\/es\/planta-de-lavado-reciclaje-de-botellas-pet\/#primaryimage"},"thumbnailUrl":"https:\/\/neue-herbold.com\/wp-content\/uploads\/2014\/12\/Metallsuchspule-01-300x189.jpg","datePublished":"2016-06-03T02:36:49+00:00","dateModified":"2017-05-18T20:10:17+00:00","description":"Botellas PET Ejemplo de una planta de reciclaje para material embalado con unrendimiento de paso de aprox. 500 kg\/h, a elaboraci\u00f3n de botellas sueltas:","breadcrumb":{"@id":"https:\/\/neue-herbold.com\/es\/planta-de-lavado-reciclaje-de-botellas-pet\/#breadcrumb"},"inLanguage":"es-ES","potentialAction":[{"@type":"ReadAction","target":["https:\/\/neue-herbold.com\/es\/planta-de-lavado-reciclaje-de-botellas-pet\/"]}]},{"@type":"ImageObject","inLanguage":"es-ES","@id":"https:\/\/neue-herbold.com\/es\/planta-de-lavado-reciclaje-de-botellas-pet\/#primaryimage","url":"https:\/\/neue-herbold.com\/wp-content\/uploads\/2014\/12\/Metallsuchspule-01-300x189.jpg","contentUrl":"https:\/\/neue-herbold.com\/wp-content\/uploads\/2014\/12\/Metallsuchspule-01-300x189.jpg"},{"@type":"BreadcrumbList","@id":"https:\/\/neue-herbold.com\/es\/planta-de-lavado-reciclaje-de-botellas-pet\/#breadcrumb","itemListElement":[{"@type":"ListItem","position":1,"name":"Startseite","item":"https:\/\/neue-herbold.com\/es\/"},{"@type":"ListItem","position":2,"name":"Planta de lavado \u2013 Reciclaje de botellas PET"}]},{"@type":"WebSite","@id":"https:\/\/neue-herbold.com\/en\/#website","url":"https:\/\/neue-herbold.com\/en\/","name":"Neue Herbold GmbH","description":"","potentialAction":[{"@type":"SearchAction","target":{"@type":"EntryPoint","urlTemplate":"https:\/\/neue-herbold.com\/en\/?s={search_term_string}"},"query-input":{"@type":"PropertyValueSpecification","valueRequired":true,"valueName":"search_term_string"}}],"inLanguage":"es-ES"}]}},"_links":{"self":[{"href":"https:\/\/neue-herbold.com\/es\/wp-json\/wp\/v2\/pages\/8157"}],"collection":[{"href":"https:\/\/neue-herbold.com\/es\/wp-json\/wp\/v2\/pages"}],"about":[{"href":"https:\/\/neue-herbold.com\/es\/wp-json\/wp\/v2\/types\/page"}],"author":[{"embeddable":true,"href":"https:\/\/neue-herbold.com\/es\/wp-json\/wp\/v2\/users\/1"}],"replies":[{"embeddable":true,"href":"https:\/\/neue-herbold.com\/es\/wp-json\/wp\/v2\/comments?post=8157"}],"version-history":[{"count":4,"href":"https:\/\/neue-herbold.com\/es\/wp-json\/wp\/v2\/pages\/8157\/revisions"}],"predecessor-version":[{"id":11031,"href":"https:\/\/neue-herbold.com\/es\/wp-json\/wp\/v2\/pages\/8157\/revisions\/11031"}],"wp:attachment":[{"href":"https:\/\/neue-herbold.com\/es\/wp-json\/wp\/v2\/media?parent=8157"}],"curies":[{"name":"wp","href":"https:\/\/api.w.org\/{rel}","templated":true}]}}