{"id":8136,"date":"2016-06-03T04:06:23","date_gmt":"2016-06-03T02:06:23","guid":{"rendered":"https:\/\/neue-herbold.com\/es\/foliensilos-fs\/"},"modified":"2016-06-03T04:31:46","modified_gmt":"2016-06-03T02:31:46","slug":"silos-de-laminas-fs","status":"publish","type":"page","link":"https:\/\/neue-herbold.com\/es\/silos-de-laminas-fs\/","title":{"rendered":"Silos de l\u00e1minas FS"},"content":{"rendered":"<p class=\"Normal\"><span style=\"color: #000000;\"><strong><a href=\"https:\/\/neue-herbold.com\/wp-content\/uploads\/2014\/12\/FS-Foliensilo.jpg\" target=\"_blank\"><img loading=\"lazy\" decoding=\"async\" class=\"alignright wp-image-3029\" src=\"https:\/\/neue-herbold.com\/wp-content\/uploads\/2014\/12\/FS-Foliensilo-1024x768.jpg\" alt=\"Silos de l\u00e1minas FS\" width=\"456\" height=\"342\" srcset=\"https:\/\/neue-herbold.com\/wp-content\/uploads\/2014\/12\/FS-Foliensilo-1024x768.jpg 1024w, https:\/\/neue-herbold.com\/wp-content\/uploads\/2014\/12\/FS-Foliensilo-300x225.jpg 300w, https:\/\/neue-herbold.com\/wp-content\/uploads\/2014\/12\/FS-Foliensilo-100x75.jpg 100w, https:\/\/neue-herbold.com\/wp-content\/uploads\/2014\/12\/FS-Foliensilo-150x112.jpg 150w, https:\/\/neue-herbold.com\/wp-content\/uploads\/2014\/12\/FS-Foliensilo-200x150.jpg 200w, https:\/\/neue-herbold.com\/wp-content\/uploads\/2014\/12\/FS-Foliensilo-450x337.jpg 450w, https:\/\/neue-herbold.com\/wp-content\/uploads\/2014\/12\/FS-Foliensilo-600x450.jpg 600w, https:\/\/neue-herbold.com\/wp-content\/uploads\/2014\/12\/FS-Foliensilo-900x675.jpg 900w, https:\/\/neue-herbold.com\/wp-content\/uploads\/2014\/12\/FS-Foliensilo.jpg 1200w\" sizes=\"(max-width: 456px) 100vw, 456px\" \/><\/a><\/strong><\/span><b><i>Campo de empleo<\/i><\/b><br \/> Los silos de l\u00e1minas de la serie FS de <b>NEUE HERBOLD<\/b> se han desarrollado para el almacenaje intermedio de materiales de flujo pesado, de l\u00e1minas trituradas (llamados recortes de l\u00e1minas), de fibras, de monofilamentos y de multifilamentos etc.<\/p>\n<div>\n<h3><b>Silos de l\u00e1minas .\/. silos redondos<\/b><\/h3>\n<\/div>\n<div>\n<p class=\"Normal\">Silos de l\u00e1minas se distinguen de silos redondos convencionales sobre todo por su construcci\u00f3n horizontal con tornillos sinf\u00edn de descarga individual o doble, montados horizontalmente abajo. Tres paredes est\u00e1n ubicadas verticalmente, la cuarta pared en posici\u00f3n obl\u00edcua est\u00e1 provista de dispositivos aflojadores (\u00e1rboles agitadores).<\/p>\n<\/div>\n<div>\n<p><b><i>Las ventajas de la construcci\u00f3n horizontal de una mirada:<\/i><\/b><\/p>\n<ul>\n<li class=\"Normal\">ningunos tornillos verticales sinf\u00edn, por eso <br \/> superficie b\u00e1sica m\u00e1s grande, construcci\u00f3n m\u00e1s alta<\/li>\n<li class=\"Normal\">esencialmente m\u00e1s vol\u00famenes de relleno<\/li>\n<li class=\"Normal\">considerablemente poca fuerza consumida, <br \/> ninguna rotura de herramientas agitadoras por sobrecarga<\/li>\n<li class=\"Normal\">alimentaci\u00f3n directa libre de polvo sin precipitador sicl\u00f3nico, <br \/> por eso grado de relleno m\u00e1s alto y separaci\u00f3n m\u00e1s f\u00e1cil de polvo<\/li>\n<li class=\"Normal\">gastos m\u00e1s bajos de explotaci\u00f3n para corriente y mantenimiento<\/li>\n<li class=\"Normal\">ningunos accionamientos de agitadores espirales montados <br \/> abajo que dejan protegerse dif\u00edcilmente<\/li>\n<li class=\"Normal\">contra humedad y cuota de finos<\/li>\n<\/ul>\n<\/div>\n","protected":false},"excerpt":{"rendered":"<p class=\"Normal\"><span style=\"color: #000000;\"><strong><a href=\"https:\/\/neue-herbold.com\/wp-content\/uploads\/2014\/12\/FS-Foliensilo.jpg\" target=\"_blank\"><img loading=\"lazy\" decoding=\"async\" class=\"alignright wp-image-3029\" src=\"https:\/\/neue-herbold.com\/wp-content\/uploads\/2014\/12\/FS-Foliensilo-1024x768.jpg\" alt=\"Silos de l\u00e1minas FS\" width=\"456\" height=\"342\" srcset=\"https:\/\/neue-herbold.com\/wp-content\/uploads\/2014\/12\/FS-Foliensilo-1024x768.jpg 1024w, https:\/\/neue-herbold.com\/wp-content\/uploads\/2014\/12\/FS-Foliensilo-300x225.jpg 300w, https:\/\/neue-herbold.com\/wp-content\/uploads\/2014\/12\/FS-Foliensilo-100x75.jpg 100w, https:\/\/neue-herbold.com\/wp-content\/uploads\/2014\/12\/FS-Foliensilo-150x112.jpg 150w, https:\/\/neue-herbold.com\/wp-content\/uploads\/2014\/12\/FS-Foliensilo-200x150.jpg 200w, https:\/\/neue-herbold.com\/wp-content\/uploads\/2014\/12\/FS-Foliensilo-450x337.jpg 450w, https:\/\/neue-herbold.com\/wp-content\/uploads\/2014\/12\/FS-Foliensilo-600x450.jpg 600w, https:\/\/neue-herbold.com\/wp-content\/uploads\/2014\/12\/FS-Foliensilo-900x675.jpg 900w, https:\/\/neue-herbold.com\/wp-content\/uploads\/2014\/12\/FS-Foliensilo.jpg 1200w\" sizes=\"(max-width: 456px) 100vw, 456px\" \/><\/a><\/strong><\/span><b><i>Campo de empleo<\/i><\/b><br \/> Los silos de l\u00e1minas de la serie FS de <b>NEUE HERBOLD<\/b> se han desarrollado para el almacenaje intermedio de materiales de flujo pesado,<\/p>\n<p><span class=\"ellipsis\">&hellip;<\/span><\/p>\n<div class=\"read-more\"><a href=\"https:\/\/neue-herbold.com\/es\/silos-de-laminas-fs\/\">Leer m\u00e1s \u203a<\/a><\/div>\n<p><!-- end of .read-more --><\/p>\n","protected":false},"author":1,"featured_media":0,"parent":0,"menu_order":0,"comment_status":"closed","ping_status":"closed","template":"","meta":{"footnotes":""},"class_list":["post-8136","page","type-page","status-publish","hentry"],"yoast_head":"<!-- This site is optimized with the Yoast SEO plugin v25.4 - https:\/\/yoast.com\/wordpress\/plugins\/seo\/ -->\n<title>Silos de l\u00e1minas FS - Neue Herbold GmbH<\/title>\n<meta name=\"description\" content=\"Los silos de l\u00e1minas de la serie FS de NEUE HERBOLD se han desarrollado para el almacenaje intermedio de materiales de flu\" \/>\n<meta name=\"robots\" content=\"index, follow, max-snippet:-1, max-image-preview:large, max-video-preview:-1\" \/>\n<link rel=\"canonical\" href=\"https:\/\/neue-herbold.com\/es\/silos-de-laminas-fs\/\" \/>\n<meta property=\"og:locale\" content=\"es_ES\" \/>\n<meta property=\"og:type\" content=\"article\" \/>\n<meta property=\"og:title\" content=\"Silos de l\u00e1minas FS - Neue Herbold GmbH\" \/>\n<meta property=\"og:description\" content=\"Los silos de l\u00e1minas de la serie FS de NEUE HERBOLD se han desarrollado para el almacenaje intermedio de materiales de flu\" \/>\n<meta property=\"og:url\" content=\"https:\/\/neue-herbold.com\/es\/silos-de-laminas-fs\/\" \/>\n<meta property=\"og:site_name\" content=\"Neue Herbold GmbH\" \/>\n<meta property=\"article:modified_time\" content=\"2016-06-03T02:31:46+00:00\" \/>\n<meta property=\"og:image\" content=\"https:\/\/neue-herbold.com\/wp-content\/uploads\/2014\/12\/FS-Foliensilo-1024x768.jpg\" \/>\n<meta name=\"twitter:label1\" content=\"Tiempo de lectura\" \/>\n\t<meta name=\"twitter:data1\" content=\"1 minute\" \/>\n<script type=\"application\/ld+json\" class=\"yoast-schema-graph\">{\"@context\":\"https:\/\/schema.org\",\"@graph\":[{\"@type\":\"WebPage\",\"@id\":\"https:\/\/neue-herbold.com\/es\/silos-de-laminas-fs\/\",\"url\":\"https:\/\/neue-herbold.com\/es\/silos-de-laminas-fs\/\",\"name\":\"Silos de l\u00e1minas FS - Neue Herbold GmbH\",\"isPartOf\":{\"@id\":\"https:\/\/neue-herbold.com\/en\/#website\"},\"primaryImageOfPage\":{\"@id\":\"https:\/\/neue-herbold.com\/es\/silos-de-laminas-fs\/#primaryimage\"},\"image\":{\"@id\":\"https:\/\/neue-herbold.com\/es\/silos-de-laminas-fs\/#primaryimage\"},\"thumbnailUrl\":\"https:\/\/neue-herbold.com\/wp-content\/uploads\/2014\/12\/FS-Foliensilo-1024x768.jpg\",\"datePublished\":\"2016-06-03T02:06:23+00:00\",\"dateModified\":\"2016-06-03T02:31:46+00:00\",\"description\":\"Los silos de l\u00e1minas de la serie FS de NEUE HERBOLD se han desarrollado para el almacenaje intermedio de materiales de flu\",\"breadcrumb\":{\"@id\":\"https:\/\/neue-herbold.com\/es\/silos-de-laminas-fs\/#breadcrumb\"},\"inLanguage\":\"es-ES\",\"potentialAction\":[{\"@type\":\"ReadAction\",\"target\":[\"https:\/\/neue-herbold.com\/es\/silos-de-laminas-fs\/\"]}]},{\"@type\":\"ImageObject\",\"inLanguage\":\"es-ES\",\"@id\":\"https:\/\/neue-herbold.com\/es\/silos-de-laminas-fs\/#primaryimage\",\"url\":\"https:\/\/neue-herbold.com\/wp-content\/uploads\/2014\/12\/FS-Foliensilo-1024x768.jpg\",\"contentUrl\":\"https:\/\/neue-herbold.com\/wp-content\/uploads\/2014\/12\/FS-Foliensilo-1024x768.jpg\"},{\"@type\":\"BreadcrumbList\",\"@id\":\"https:\/\/neue-herbold.com\/es\/silos-de-laminas-fs\/#breadcrumb\",\"itemListElement\":[{\"@type\":\"ListItem\",\"position\":1,\"name\":\"Startseite\",\"item\":\"https:\/\/neue-herbold.com\/es\/\"},{\"@type\":\"ListItem\",\"position\":2,\"name\":\"Silos de l\u00e1minas FS\"}]},{\"@type\":\"WebSite\",\"@id\":\"https:\/\/neue-herbold.com\/en\/#website\",\"url\":\"https:\/\/neue-herbold.com\/en\/\",\"name\":\"Neue Herbold GmbH\",\"description\":\"\",\"potentialAction\":[{\"@type\":\"SearchAction\",\"target\":{\"@type\":\"EntryPoint\",\"urlTemplate\":\"https:\/\/neue-herbold.com\/en\/?s={search_term_string}\"},\"query-input\":{\"@type\":\"PropertyValueSpecification\",\"valueRequired\":true,\"valueName\":\"search_term_string\"}}],\"inLanguage\":\"es-ES\"}]}<\/script>\n<!-- \/ Yoast SEO plugin. -->","yoast_head_json":{"title":"Silos de l\u00e1minas FS - Neue Herbold GmbH","description":"Los silos de l\u00e1minas de la serie FS de NEUE HERBOLD se han desarrollado para el almacenaje intermedio de materiales de flu","robots":{"index":"index","follow":"follow","max-snippet":"max-snippet:-1","max-image-preview":"max-image-preview:large","max-video-preview":"max-video-preview:-1"},"canonical":"https:\/\/neue-herbold.com\/es\/silos-de-laminas-fs\/","og_locale":"es_ES","og_type":"article","og_title":"Silos de l\u00e1minas FS - Neue Herbold GmbH","og_description":"Los silos de l\u00e1minas de la serie FS de NEUE HERBOLD se han desarrollado para el almacenaje intermedio de materiales de flu","og_url":"https:\/\/neue-herbold.com\/es\/silos-de-laminas-fs\/","og_site_name":"Neue Herbold GmbH","article_modified_time":"2016-06-03T02:31:46+00:00","og_image":[{"url":"https:\/\/neue-herbold.com\/wp-content\/uploads\/2014\/12\/FS-Foliensilo-1024x768.jpg","type":"","width":"","height":""}],"twitter_misc":{"Tiempo de lectura":"1 minute"},"schema":{"@context":"https:\/\/schema.org","@graph":[{"@type":"WebPage","@id":"https:\/\/neue-herbold.com\/es\/silos-de-laminas-fs\/","url":"https:\/\/neue-herbold.com\/es\/silos-de-laminas-fs\/","name":"Silos de l\u00e1minas FS - Neue Herbold GmbH","isPartOf":{"@id":"https:\/\/neue-herbold.com\/en\/#website"},"primaryImageOfPage":{"@id":"https:\/\/neue-herbold.com\/es\/silos-de-laminas-fs\/#primaryimage"},"image":{"@id":"https:\/\/neue-herbold.com\/es\/silos-de-laminas-fs\/#primaryimage"},"thumbnailUrl":"https:\/\/neue-herbold.com\/wp-content\/uploads\/2014\/12\/FS-Foliensilo-1024x768.jpg","datePublished":"2016-06-03T02:06:23+00:00","dateModified":"2016-06-03T02:31:46+00:00","description":"Los silos de l\u00e1minas de la serie FS de NEUE HERBOLD se han desarrollado para el almacenaje intermedio de materiales de flu","breadcrumb":{"@id":"https:\/\/neue-herbold.com\/es\/silos-de-laminas-fs\/#breadcrumb"},"inLanguage":"es-ES","potentialAction":[{"@type":"ReadAction","target":["https:\/\/neue-herbold.com\/es\/silos-de-laminas-fs\/"]}]},{"@type":"ImageObject","inLanguage":"es-ES","@id":"https:\/\/neue-herbold.com\/es\/silos-de-laminas-fs\/#primaryimage","url":"https:\/\/neue-herbold.com\/wp-content\/uploads\/2014\/12\/FS-Foliensilo-1024x768.jpg","contentUrl":"https:\/\/neue-herbold.com\/wp-content\/uploads\/2014\/12\/FS-Foliensilo-1024x768.jpg"},{"@type":"BreadcrumbList","@id":"https:\/\/neue-herbold.com\/es\/silos-de-laminas-fs\/#breadcrumb","itemListElement":[{"@type":"ListItem","position":1,"name":"Startseite","item":"https:\/\/neue-herbold.com\/es\/"},{"@type":"ListItem","position":2,"name":"Silos de l\u00e1minas FS"}]},{"@type":"WebSite","@id":"https:\/\/neue-herbold.com\/en\/#website","url":"https:\/\/neue-herbold.com\/en\/","name":"Neue Herbold GmbH","description":"","potentialAction":[{"@type":"SearchAction","target":{"@type":"EntryPoint","urlTemplate":"https:\/\/neue-herbold.com\/en\/?s={search_term_string}"},"query-input":{"@type":"PropertyValueSpecification","valueRequired":true,"valueName":"search_term_string"}}],"inLanguage":"es-ES"}]}},"_links":{"self":[{"href":"https:\/\/neue-herbold.com\/es\/wp-json\/wp\/v2\/pages\/8136"}],"collection":[{"href":"https:\/\/neue-herbold.com\/es\/wp-json\/wp\/v2\/pages"}],"about":[{"href":"https:\/\/neue-herbold.com\/es\/wp-json\/wp\/v2\/types\/page"}],"author":[{"embeddable":true,"href":"https:\/\/neue-herbold.com\/es\/wp-json\/wp\/v2\/users\/1"}],"replies":[{"embeddable":true,"href":"https:\/\/neue-herbold.com\/es\/wp-json\/wp\/v2\/comments?post=8136"}],"version-history":[{"count":2,"href":"https:\/\/neue-herbold.com\/es\/wp-json\/wp\/v2\/pages\/8136\/revisions"}],"predecessor-version":[{"id":8147,"href":"https:\/\/neue-herbold.com\/es\/wp-json\/wp\/v2\/pages\/8136\/revisions\/8147"}],"wp:attachment":[{"href":"https:\/\/neue-herbold.com\/es\/wp-json\/wp\/v2\/media?parent=8136"}],"curies":[{"name":"wp","href":"https:\/\/api.w.org\/{rel}","templated":true}]}}