{"id":8085,"date":"2016-06-03T03:22:58","date_gmt":"2016-06-03T01:22:58","guid":{"rendered":"https:\/\/neue-herbold.com\/es\/mechanischer-stufentrockner-t\/"},"modified":"2016-06-03T03:34:49","modified_gmt":"2016-06-03T01:34:49","slug":"secador-escalonado-mecanico","status":"publish","type":"page","link":"https:\/\/neue-herbold.com\/es\/secador-escalonado-mecanico\/","title":{"rendered":"Secador escalonado mec\u00e1nico T"},"content":{"rendered":"<p class=\"Normal\"><a style=\"color: #000000;\" href=\"https:\/\/neue-herbold.com\/wp-content\/uploads\/2015\/01\/Stufentrockner-T-125.jpg\" target=\"_blank\"><img loading=\"lazy\" decoding=\"async\" class=\"alignright wp-image-3142\" src=\"https:\/\/neue-herbold.com\/wp-content\/uploads\/2015\/01\/Stufentrockner-T-125-1024x832.jpg\" alt=\"Secador escalonado mec\u00e1nico T 125\" width=\"447\" height=\"363\" srcset=\"https:\/\/neue-herbold.com\/wp-content\/uploads\/2015\/01\/Stufentrockner-T-125-1024x832.jpg 1024w, https:\/\/neue-herbold.com\/wp-content\/uploads\/2015\/01\/Stufentrockner-T-125-300x243.jpg 300w, https:\/\/neue-herbold.com\/wp-content\/uploads\/2015\/01\/Stufentrockner-T-125-100x81.jpg 100w, https:\/\/neue-herbold.com\/wp-content\/uploads\/2015\/01\/Stufentrockner-T-125-150x121.jpg 150w, https:\/\/neue-herbold.com\/wp-content\/uploads\/2015\/01\/Stufentrockner-T-125-200x162.jpg 200w, https:\/\/neue-herbold.com\/wp-content\/uploads\/2015\/01\/Stufentrockner-T-125-450x365.jpg 450w, https:\/\/neue-herbold.com\/wp-content\/uploads\/2015\/01\/Stufentrockner-T-125-600x487.jpg 600w, https:\/\/neue-herbold.com\/wp-content\/uploads\/2015\/01\/Stufentrockner-T-125-900x731.jpg 900w, https:\/\/neue-herbold.com\/wp-content\/uploads\/2015\/01\/Stufentrockner-T-125.jpg 1200w\" sizes=\"(max-width: 447px) 100vw, 447px\" \/><\/a><b><i>Campo de aplicaci\u00f3n<\/i><\/b><\/p>\n<p class=\"Normal\" align=\"justify\"><strong>Secadores escalonados de NEUE HERBOLD de la serie T se han desarrolado especialmente para secar cuidadosamente productos molidos de pl\u00e1stico PET.<\/strong><\/p>\n<p class=\"Normal\" align=\"justify\">Los mismos son adecuados para separar de materias pl\u00e1sticas la humedad superficial. En dependencia de la temperatura, del tama\u00f1o y de la estructura del producto de entrada se obtiene una humedad residual superficial de aproximadamente 1 hasta 2 porciento(s) en peso.<\/p>\n<p>&nbsp;<\/p>\n<p class=\"Normal\"><a style=\"color: #000000;\" href=\"https:\/\/neue-herbold.com\/wp-content\/uploads\/2015\/01\/Stufentrockner-T12_5.jpg\" target=\"_blank\"><img loading=\"lazy\" decoding=\"async\" class=\"alignleft wp-image-3141 size-medium\" src=\"https:\/\/neue-herbold.com\/wp-content\/uploads\/2015\/01\/Stufentrockner-T12_5-300x259.jpg\" alt=\"Secador escalonado T12 5\" width=\"300\" height=\"259\" srcset=\"https:\/\/neue-herbold.com\/wp-content\/uploads\/2015\/01\/Stufentrockner-T12_5-300x259.jpg 300w, https:\/\/neue-herbold.com\/wp-content\/uploads\/2015\/01\/Stufentrockner-T12_5-1024x884.jpg 1024w, https:\/\/neue-herbold.com\/wp-content\/uploads\/2015\/01\/Stufentrockner-T12_5-100x86.jpg 100w, https:\/\/neue-herbold.com\/wp-content\/uploads\/2015\/01\/Stufentrockner-T12_5-150x129.jpg 150w, https:\/\/neue-herbold.com\/wp-content\/uploads\/2015\/01\/Stufentrockner-T12_5-200x172.jpg 200w, https:\/\/neue-herbold.com\/wp-content\/uploads\/2015\/01\/Stufentrockner-T12_5-450x388.jpg 450w, https:\/\/neue-herbold.com\/wp-content\/uploads\/2015\/01\/Stufentrockner-T12_5-600x518.jpg 600w, https:\/\/neue-herbold.com\/wp-content\/uploads\/2015\/01\/Stufentrockner-T12_5-900x777.jpg 900w, https:\/\/neue-herbold.com\/wp-content\/uploads\/2015\/01\/Stufentrockner-T12_5.jpg 1200w\" sizes=\"(max-width: 300px) 100vw, 300px\" \/><\/a><\/p>\n<p class=\"Normal\"><b><i>Funci\u00f3n<\/i><\/b><\/p>\n<p class=\"Normal\" align=\"justify\">A trav\u00e9s del tornillo transportador sinf\u00edn de entrada, la mezcla de material molido y agua es alimentada hacia la c\u00e1mara de secado. En el secador, el material molido es tomado por un rotor especial, estando equipado con paletas, y transportado a trav\u00e9s del soporte escalonado de criba. A base del aumento de este di\u00e1metro, el material molido es acelerado solamente un poco en la entrada y entonces se lo acelera en escalones m\u00e1s y m\u00e1s, as\u00ed lanzando fuera las part\u00edculas adherentes de agua. Condicionado por la geometr\u00eda de rotor y por la geometr\u00eda del soporte de criba, las part\u00edculas son tratadas cuidadosamente y los finos se reducen en un m\u00ednimo.<\/p>\n<p class=\"Normal\" align=\"justify\">A trav\u00e9s del canal de salida, estando arreglado tangencialmente, el producto secado sale, en corriente de aire, el secador. Las separadas part\u00edculas de agua son segregadas, conjuntamente con las part\u00edculas finas, al lado inferior de la caja. Un dispositivo de limpieza, funcionando continuamente, se gira alrededor del lado exterior del soporte de criba y se gira alrededor de la pared interior de la caja.<\/p>\n<p class=\"Normal\"><b><i>Caracter\u00edsticas de construcci\u00f3n <\/i><\/b><\/p>\n<ul>\n<li class=\"Normal\">Caja, rotor y soporte de criba en acero fino<\/li>\n<li class=\"Normal\">Dispositivo para la limpieza permanente<\/li>\n<li class=\"Normal\">Baja carga mec\u00e1nica y de ah\u00ed cuota reducida de part\u00edculas finas<\/li>\n<li class=\"Normal\">Requisitos m\u00ednimos de mantenimiento<\/li>\n<li class=\"Normal\">A elecci\u00f3n, ejecuci\u00f3n redonda del soporte de criba <br \/> (carga cuidadosa del producto) o ejecuci\u00f3n poligonal del soporte <br \/> de criba (alto efecto limpiador)<\/li>\n<\/ul>\n<p><a style=\"color: #000000;\" href=\"https:\/\/neue-herbold.com\/wp-content\/uploads\/2015\/01\/Siebkorb.jpg\" target=\"_blank\"><img loading=\"lazy\" decoding=\"async\" class=\"wp-image-3144 size-medium\" src=\"https:\/\/neue-herbold.com\/wp-content\/uploads\/2015\/01\/Siebkorb-300x215.jpg\" alt=\"Colador\" width=\"300\" height=\"215\" srcset=\"https:\/\/neue-herbold.com\/wp-content\/uploads\/2015\/01\/Siebkorb-300x215.jpg 300w, https:\/\/neue-herbold.com\/wp-content\/uploads\/2015\/01\/Siebkorb-1024x736.jpg 1024w, https:\/\/neue-herbold.com\/wp-content\/uploads\/2015\/01\/Siebkorb-100x71.jpg 100w, https:\/\/neue-herbold.com\/wp-content\/uploads\/2015\/01\/Siebkorb-150x107.jpg 150w, https:\/\/neue-herbold.com\/wp-content\/uploads\/2015\/01\/Siebkorb-200x143.jpg 200w, https:\/\/neue-herbold.com\/wp-content\/uploads\/2015\/01\/Siebkorb-450x323.jpg 450w, https:\/\/neue-herbold.com\/wp-content\/uploads\/2015\/01\/Siebkorb-600x431.jpg 600w, https:\/\/neue-herbold.com\/wp-content\/uploads\/2015\/01\/Siebkorb-900x647.jpg 900w, https:\/\/neue-herbold.com\/wp-content\/uploads\/2015\/01\/Siebkorb.jpg 1200w\" sizes=\"(max-width: 300px) 100vw, 300px\" \/><\/a><\/p>\n<p class=\"Normal\"><b><i>Tama\u00f1os constructivos <\/i><\/b><\/p>\n<table style=\"height: 127px;\" width=\"534\">\n<tbody>\n<tr>\n<td>\n<p><span style=\"color: #000000;\"><strong>Tipo<\/strong><\/span><\/p>\n<\/td>\n<td style=\"text-align: center;\">\n<p><span style=\"color: #000000;\"><strong>T 9\/5:<\/strong><\/span><\/p>\n<\/td>\n<td style=\"text-align: center;\">\n<p><span style=\"color: #000000;\"><strong>T 15\/5:<\/strong><\/span><\/p>\n<\/td>\n<td style=\"text-align: center;\">\n<p><span style=\"color: #000000;\"><strong>T 12\/5:<\/strong><\/span><\/p>\n<\/td>\n<\/tr>\n<tr>\n<td><span style=\"color: #000000;\">Accionamiento principal<\/span><\/td>\n<td style=\"text-align: center;\"><span style=\"color: #000000;\">18,5 kW<\/span><\/td>\n<td style=\"text-align: center;\"><span style=\"color: #000000;\">37 kW<\/span><\/td>\n<td style=\"text-align: center;\"><span style=\"color: #000000;\">30 kW<\/span><\/td>\n<\/tr>\n<tr>\n<td><span style=\"color: #000000;\">Limpieza<\/span><\/td>\n<td style=\"text-align: center;\"><span style=\"color: #000000;\">0,55 kW<\/span><\/td>\n<td style=\"text-align: center;\"><span style=\"color: #000000;\">0,75 kW<\/span><\/td>\n<td style=\"text-align: center;\"><span style=\"color: #000000;\">0,75 kW<\/span><\/td>\n<\/tr>\n<tr>\n<td>\n<p class=\"Normal\">Tornillo transportador <br \/> sinf\u00edn de entrada<\/p>\n<\/td>\n<td style=\"text-align: center;\">\u00a0<\/td>\n<td style=\"text-align: center;\"><span style=\"color: #000000;\">2,2 kW<\/span><\/td>\n<td style=\"text-align: center;\"><span style=\"color: #000000;\">2,2 kW<\/span><\/td>\n<\/tr>\n<tr>\n<td>\n<p class=\"Normal\">Rendimiento de paso<\/p>\n<\/td>\n<td style=\"text-align: center;\">hasta 0,5 to\/h<\/td>\n<td style=\"text-align: center;\">hasta<span style=\"color: #000000;\"> 2,2 to\/h<\/span><\/td>\n<td style=\"text-align: center;\">hasta<span style=\"color: #000000;\"> 1,2 to\/h<\/span><\/td>\n<\/tr>\n<\/tbody>\n<\/table>\n","protected":false},"excerpt":{"rendered":"<p class=\"Normal\"><a style=\"color: #000000;\" href=\"https:\/\/neue-herbold.com\/wp-content\/uploads\/2015\/01\/Stufentrockner-T-125.jpg\" target=\"_blank\"><img loading=\"lazy\" decoding=\"async\" class=\"alignright wp-image-3142\" src=\"https:\/\/neue-herbold.com\/wp-content\/uploads\/2015\/01\/Stufentrockner-T-125-1024x832.jpg\" alt=\"Secador escalonado mec\u00e1nico T 125\" width=\"447\" height=\"363\" srcset=\"https:\/\/neue-herbold.com\/wp-content\/uploads\/2015\/01\/Stufentrockner-T-125-1024x832.jpg 1024w, https:\/\/neue-herbold.com\/wp-content\/uploads\/2015\/01\/Stufentrockner-T-125-300x243.jpg 300w, https:\/\/neue-herbold.com\/wp-content\/uploads\/2015\/01\/Stufentrockner-T-125-100x81.jpg 100w, https:\/\/neue-herbold.com\/wp-content\/uploads\/2015\/01\/Stufentrockner-T-125-150x121.jpg 150w, https:\/\/neue-herbold.com\/wp-content\/uploads\/2015\/01\/Stufentrockner-T-125-200x162.jpg 200w, https:\/\/neue-herbold.com\/wp-content\/uploads\/2015\/01\/Stufentrockner-T-125-450x365.jpg 450w, https:\/\/neue-herbold.com\/wp-content\/uploads\/2015\/01\/Stufentrockner-T-125-600x487.jpg 600w, https:\/\/neue-herbold.com\/wp-content\/uploads\/2015\/01\/Stufentrockner-T-125-900x731.jpg 900w, https:\/\/neue-herbold.com\/wp-content\/uploads\/2015\/01\/Stufentrockner-T-125.jpg 1200w\" sizes=\"(max-width: 447px) 100vw, 447px\" \/><\/a><b><i>Campo de aplicaci\u00f3n<\/i><\/b><\/p>\n<p class=\"Normal\" align=\"justify\"><strong>Secadores escalonados de NEUE HERBOLD de la serie T se han desarrolado especialmente para secar cuidadosamente productos molidos de pl\u00e1stico PET.<\/strong><\/p>\n<p class=\"Normal\" align=\"justify\">Los mismos son adecuados para separar de materias pl\u00e1sticas la humedad superficial.<\/p>\n<p><span class=\"ellipsis\">&hellip;<\/span><\/p>\n<div class=\"read-more\"><a href=\"https:\/\/neue-herbold.com\/es\/secador-escalonado-mecanico\/\">Leer m\u00e1s \u203a<\/a><\/div>\n<p><!-- end of .read-more --><\/p>\n","protected":false},"author":1,"featured_media":0,"parent":0,"menu_order":0,"comment_status":"closed","ping_status":"closed","template":"","meta":{"footnotes":""},"class_list":["post-8085","page","type-page","status-publish","hentry"],"yoast_head":"<!-- This site is optimized with the Yoast SEO plugin v25.4 - https:\/\/yoast.com\/wordpress\/plugins\/seo\/ -->\n<title>Secador escalonado mec\u00e1nico T - Neue Herbold GmbH<\/title>\n<meta name=\"description\" content=\"NEUE HERBOLD Stufentrockner der Baureihe T wurden speziell zur schonenden Trocknung von Kunststoff-PET-Mahlg\u00fctern entwickelt.\" \/>\n<meta name=\"robots\" content=\"index, follow, max-snippet:-1, max-image-preview:large, max-video-preview:-1\" \/>\n<link rel=\"canonical\" href=\"https:\/\/neue-herbold.com\/es\/secador-escalonado-mecanico\/\" \/>\n<meta property=\"og:locale\" content=\"es_ES\" \/>\n<meta property=\"og:type\" content=\"article\" \/>\n<meta property=\"og:title\" content=\"Secador escalonado mec\u00e1nico T - Neue Herbold GmbH\" \/>\n<meta property=\"og:description\" content=\"NEUE HERBOLD Stufentrockner der Baureihe T wurden speziell zur schonenden Trocknung von Kunststoff-PET-Mahlg\u00fctern entwickelt.\" \/>\n<meta property=\"og:url\" content=\"https:\/\/neue-herbold.com\/es\/secador-escalonado-mecanico\/\" \/>\n<meta property=\"og:site_name\" content=\"Neue Herbold GmbH\" \/>\n<meta property=\"article:modified_time\" content=\"2016-06-03T01:34:49+00:00\" \/>\n<meta property=\"og:image\" content=\"https:\/\/neue-herbold.com\/wp-content\/uploads\/2015\/01\/Stufentrockner-T-125-1024x832.jpg\" \/>\n<meta name=\"twitter:label1\" content=\"Tiempo de lectura\" \/>\n\t<meta name=\"twitter:data1\" content=\"2 minutes\" \/>\n<script type=\"application\/ld+json\" class=\"yoast-schema-graph\">{\"@context\":\"https:\/\/schema.org\",\"@graph\":[{\"@type\":\"WebPage\",\"@id\":\"https:\/\/neue-herbold.com\/es\/secador-escalonado-mecanico\/\",\"url\":\"https:\/\/neue-herbold.com\/es\/secador-escalonado-mecanico\/\",\"name\":\"Secador escalonado mec\u00e1nico T - Neue Herbold GmbH\",\"isPartOf\":{\"@id\":\"https:\/\/neue-herbold.com\/en\/#website\"},\"primaryImageOfPage\":{\"@id\":\"https:\/\/neue-herbold.com\/es\/secador-escalonado-mecanico\/#primaryimage\"},\"image\":{\"@id\":\"https:\/\/neue-herbold.com\/es\/secador-escalonado-mecanico\/#primaryimage\"},\"thumbnailUrl\":\"https:\/\/neue-herbold.com\/wp-content\/uploads\/2015\/01\/Stufentrockner-T-125-1024x832.jpg\",\"datePublished\":\"2016-06-03T01:22:58+00:00\",\"dateModified\":\"2016-06-03T01:34:49+00:00\",\"description\":\"NEUE HERBOLD Stufentrockner der Baureihe T wurden speziell zur schonenden Trocknung von Kunststoff-PET-Mahlg\u00fctern entwickelt.\",\"breadcrumb\":{\"@id\":\"https:\/\/neue-herbold.com\/es\/secador-escalonado-mecanico\/#breadcrumb\"},\"inLanguage\":\"es-ES\",\"potentialAction\":[{\"@type\":\"ReadAction\",\"target\":[\"https:\/\/neue-herbold.com\/es\/secador-escalonado-mecanico\/\"]}]},{\"@type\":\"ImageObject\",\"inLanguage\":\"es-ES\",\"@id\":\"https:\/\/neue-herbold.com\/es\/secador-escalonado-mecanico\/#primaryimage\",\"url\":\"https:\/\/neue-herbold.com\/wp-content\/uploads\/2015\/01\/Stufentrockner-T-125-1024x832.jpg\",\"contentUrl\":\"https:\/\/neue-herbold.com\/wp-content\/uploads\/2015\/01\/Stufentrockner-T-125-1024x832.jpg\"},{\"@type\":\"BreadcrumbList\",\"@id\":\"https:\/\/neue-herbold.com\/es\/secador-escalonado-mecanico\/#breadcrumb\",\"itemListElement\":[{\"@type\":\"ListItem\",\"position\":1,\"name\":\"Startseite\",\"item\":\"https:\/\/neue-herbold.com\/es\/\"},{\"@type\":\"ListItem\",\"position\":2,\"name\":\"Secador escalonado mec\u00e1nico T\"}]},{\"@type\":\"WebSite\",\"@id\":\"https:\/\/neue-herbold.com\/en\/#website\",\"url\":\"https:\/\/neue-herbold.com\/en\/\",\"name\":\"Neue Herbold GmbH\",\"description\":\"\",\"potentialAction\":[{\"@type\":\"SearchAction\",\"target\":{\"@type\":\"EntryPoint\",\"urlTemplate\":\"https:\/\/neue-herbold.com\/en\/?s={search_term_string}\"},\"query-input\":{\"@type\":\"PropertyValueSpecification\",\"valueRequired\":true,\"valueName\":\"search_term_string\"}}],\"inLanguage\":\"es-ES\"}]}<\/script>\n<!-- \/ Yoast SEO plugin. -->","yoast_head_json":{"title":"Secador escalonado mec\u00e1nico T - Neue Herbold GmbH","description":"NEUE HERBOLD Stufentrockner der Baureihe T wurden speziell zur schonenden Trocknung von Kunststoff-PET-Mahlg\u00fctern entwickelt.","robots":{"index":"index","follow":"follow","max-snippet":"max-snippet:-1","max-image-preview":"max-image-preview:large","max-video-preview":"max-video-preview:-1"},"canonical":"https:\/\/neue-herbold.com\/es\/secador-escalonado-mecanico\/","og_locale":"es_ES","og_type":"article","og_title":"Secador escalonado mec\u00e1nico T - Neue Herbold GmbH","og_description":"NEUE HERBOLD Stufentrockner der Baureihe T wurden speziell zur schonenden Trocknung von Kunststoff-PET-Mahlg\u00fctern entwickelt.","og_url":"https:\/\/neue-herbold.com\/es\/secador-escalonado-mecanico\/","og_site_name":"Neue Herbold GmbH","article_modified_time":"2016-06-03T01:34:49+00:00","og_image":[{"url":"https:\/\/neue-herbold.com\/wp-content\/uploads\/2015\/01\/Stufentrockner-T-125-1024x832.jpg","type":"","width":"","height":""}],"twitter_misc":{"Tiempo de lectura":"2 minutes"},"schema":{"@context":"https:\/\/schema.org","@graph":[{"@type":"WebPage","@id":"https:\/\/neue-herbold.com\/es\/secador-escalonado-mecanico\/","url":"https:\/\/neue-herbold.com\/es\/secador-escalonado-mecanico\/","name":"Secador escalonado mec\u00e1nico T - Neue Herbold GmbH","isPartOf":{"@id":"https:\/\/neue-herbold.com\/en\/#website"},"primaryImageOfPage":{"@id":"https:\/\/neue-herbold.com\/es\/secador-escalonado-mecanico\/#primaryimage"},"image":{"@id":"https:\/\/neue-herbold.com\/es\/secador-escalonado-mecanico\/#primaryimage"},"thumbnailUrl":"https:\/\/neue-herbold.com\/wp-content\/uploads\/2015\/01\/Stufentrockner-T-125-1024x832.jpg","datePublished":"2016-06-03T01:22:58+00:00","dateModified":"2016-06-03T01:34:49+00:00","description":"NEUE HERBOLD Stufentrockner der Baureihe T wurden speziell zur schonenden Trocknung von Kunststoff-PET-Mahlg\u00fctern entwickelt.","breadcrumb":{"@id":"https:\/\/neue-herbold.com\/es\/secador-escalonado-mecanico\/#breadcrumb"},"inLanguage":"es-ES","potentialAction":[{"@type":"ReadAction","target":["https:\/\/neue-herbold.com\/es\/secador-escalonado-mecanico\/"]}]},{"@type":"ImageObject","inLanguage":"es-ES","@id":"https:\/\/neue-herbold.com\/es\/secador-escalonado-mecanico\/#primaryimage","url":"https:\/\/neue-herbold.com\/wp-content\/uploads\/2015\/01\/Stufentrockner-T-125-1024x832.jpg","contentUrl":"https:\/\/neue-herbold.com\/wp-content\/uploads\/2015\/01\/Stufentrockner-T-125-1024x832.jpg"},{"@type":"BreadcrumbList","@id":"https:\/\/neue-herbold.com\/es\/secador-escalonado-mecanico\/#breadcrumb","itemListElement":[{"@type":"ListItem","position":1,"name":"Startseite","item":"https:\/\/neue-herbold.com\/es\/"},{"@type":"ListItem","position":2,"name":"Secador escalonado mec\u00e1nico T"}]},{"@type":"WebSite","@id":"https:\/\/neue-herbold.com\/en\/#website","url":"https:\/\/neue-herbold.com\/en\/","name":"Neue Herbold GmbH","description":"","potentialAction":[{"@type":"SearchAction","target":{"@type":"EntryPoint","urlTemplate":"https:\/\/neue-herbold.com\/en\/?s={search_term_string}"},"query-input":{"@type":"PropertyValueSpecification","valueRequired":true,"valueName":"search_term_string"}}],"inLanguage":"es-ES"}]}},"_links":{"self":[{"href":"https:\/\/neue-herbold.com\/es\/wp-json\/wp\/v2\/pages\/8085"}],"collection":[{"href":"https:\/\/neue-herbold.com\/es\/wp-json\/wp\/v2\/pages"}],"about":[{"href":"https:\/\/neue-herbold.com\/es\/wp-json\/wp\/v2\/types\/page"}],"author":[{"embeddable":true,"href":"https:\/\/neue-herbold.com\/es\/wp-json\/wp\/v2\/users\/1"}],"replies":[{"embeddable":true,"href":"https:\/\/neue-herbold.com\/es\/wp-json\/wp\/v2\/comments?post=8085"}],"version-history":[{"count":2,"href":"https:\/\/neue-herbold.com\/es\/wp-json\/wp\/v2\/pages\/8085\/revisions"}],"predecessor-version":[{"id":8094,"href":"https:\/\/neue-herbold.com\/es\/wp-json\/wp\/v2\/pages\/8085\/revisions\/8094"}],"wp:attachment":[{"href":"https:\/\/neue-herbold.com\/es\/wp-json\/wp\/v2\/media?parent=8085"}],"curies":[{"name":"wp","href":"https:\/\/api.w.org\/{rel}","templated":true}]}}