{"id":8036,"date":"2016-06-03T02:29:18","date_gmt":"2016-06-03T00:29:18","guid":{"rendered":"https:\/\/neue-herbold.com\/es\/waschanlagen\/"},"modified":"2017-09-19T15:35:51","modified_gmt":"2017-09-19T13:35:51","slug":"plantas-de-reciclaje","status":"publish","type":"page","link":"https:\/\/neue-herbold.com\/es\/plantas-de-reciclaje\/","title":{"rendered":"Plantas de Reciclaje &#8211; L\u00ednea de lavado de residuos de pl\u00e1stico"},"content":{"rendered":"<p><em><span style=\"color: #000000;\"><strong><a href=\"https:\/\/neue-herbold.com\/wp-content\/uploads\/2014\/12\/Waschanlage.jpg\" target=\"_blank\" rel=\"noopener noreferrer\"><img loading=\"lazy\" decoding=\"async\" class=\"aligncenter wp-image-3052 size-large\" src=\"https:\/\/neue-herbold.com\/wp-content\/uploads\/2014\/12\/Waschanlage-1024x819.jpg\" alt=\"Plantas de Reciclaje\" width=\"605\" height=\"484\" srcset=\"https:\/\/neue-herbold.com\/wp-content\/uploads\/2014\/12\/Waschanlage-1024x819.jpg 1024w, https:\/\/neue-herbold.com\/wp-content\/uploads\/2014\/12\/Waschanlage-300x240.jpg 300w, https:\/\/neue-herbold.com\/wp-content\/uploads\/2014\/12\/Waschanlage-100x80.jpg 100w, https:\/\/neue-herbold.com\/wp-content\/uploads\/2014\/12\/Waschanlage-150x120.jpg 150w, https:\/\/neue-herbold.com\/wp-content\/uploads\/2014\/12\/Waschanlage-200x160.jpg 200w, https:\/\/neue-herbold.com\/wp-content\/uploads\/2014\/12\/Waschanlage-450x360.jpg 450w, https:\/\/neue-herbold.com\/wp-content\/uploads\/2014\/12\/Waschanlage-600x480.jpg 600w, https:\/\/neue-herbold.com\/wp-content\/uploads\/2014\/12\/Waschanlage-900x720.jpg 900w, https:\/\/neue-herbold.com\/wp-content\/uploads\/2014\/12\/Waschanlage.jpg 1200w\" sizes=\"(max-width: 605px) 100vw, 605px\" \/><\/a>Plantas de reciclaje hechas a medida<\/strong><\/span><\/em><\/p>\n<p><span style=\"color: #000000;\"><strong>NEUE HERBOLD<\/strong> Maschinen- und Anlagenbau GmbH vende y fabrica maquinaria y plantas lavado de procesamiento de residuos pl\u00e1sticos.<\/span><\/p>\n<p><span style=\"color: #000000;\">Para la re-granulaci\u00f3n de residuos de pl\u00e1sticos, previamente se deben triturar, lavar y separar si es necesario. La etapa preliminar antes de la regranulaci\u00f3n se consigue con un lavado de <strong>NEUE HERBOLD<\/strong> en alta calidad y con la cantidad deseada.<\/span><\/p>\n<div id=\"attachment_3060\" style=\"width: 310px\" class=\"wp-caption alignleft\"><a href=\"https:\/\/neue-herbold.com\/wp-content\/uploads\/2014\/12\/Folienwasch.jpg\" target=\"_blank\" rel=\"noopener noreferrer\"><img loading=\"lazy\" decoding=\"async\" aria-describedby=\"caption-attachment-3060\" class=\"wp-image-3060\" src=\"https:\/\/neue-herbold.com\/wp-content\/uploads\/2014\/12\/Folienwasch-1024x768.jpg\" alt=\"\" width=\"300\" height=\"225\" srcset=\"https:\/\/neue-herbold.com\/wp-content\/uploads\/2014\/12\/Folienwasch-1024x768.jpg 1024w, https:\/\/neue-herbold.com\/wp-content\/uploads\/2014\/12\/Folienwasch-300x225.jpg 300w, https:\/\/neue-herbold.com\/wp-content\/uploads\/2014\/12\/Folienwasch-100x75.jpg 100w, https:\/\/neue-herbold.com\/wp-content\/uploads\/2014\/12\/Folienwasch-150x112.jpg 150w, https:\/\/neue-herbold.com\/wp-content\/uploads\/2014\/12\/Folienwasch-200x150.jpg 200w, https:\/\/neue-herbold.com\/wp-content\/uploads\/2014\/12\/Folienwasch-450x337.jpg 450w, https:\/\/neue-herbold.com\/wp-content\/uploads\/2014\/12\/Folienwasch-600x450.jpg 600w, https:\/\/neue-herbold.com\/wp-content\/uploads\/2014\/12\/Folienwasch-900x675.jpg 900w, https:\/\/neue-herbold.com\/wp-content\/uploads\/2014\/12\/Folienwasch.jpg 1200w\" sizes=\"(max-width: 300px) 100vw, 300px\" \/><\/a><p id=\"caption-attachment-3060\" class=\"wp-caption-text\">L\u00ednea de lavado de residuos de pl\u00e1stico<\/p><\/div>\n<p>&nbsp;<\/p>\n<p><em><span style=\"color: #000000;\"><strong>Los materiales que se pueden reciclar son por ejemplo:<\/strong><\/span><\/em><\/p>\n<ul>\n<li><span style=\"color: #000000;\">Pel\u00edcula industrial, pel\u00edcula de agricultura, pel\u00edculas de origen dom\u00e9stico, delgadas y el\u00e1sticas<\/span><\/li>\n<li><span style=\"color: #000000;\">Botellas de PET<\/span><\/li>\n<li><span style=\"color: #000000;\">Botellas y envases de polietileno de alta densidad<\/span><\/li>\n<li><span style=\"color: #000000;\">Contenedores, cajas, cubos de basura<\/span><\/li>\n<li><span style=\"color: #000000;\">Marcos de ventana de PVC, carcasas de bater\u00edas de coche, bolsas grandes y fibras<\/span><\/li>\n<\/ul>\n<p><strong><span style=\"color: #000000;\">Dependiendo de la aplicaci\u00f3n, el material y la contaminaci\u00f3n, una planta de reciclaje puede disponer de los siguientes componentes.<\/span><\/strong><\/p>\n<ul>\n<li><span style=\"color: #000000;\"><a href=\"https:\/\/neue-herbold.com\/es\/trituradoras-de-un-solo-arbol-hzr\/\" target=\"_blank\" rel=\"noopener noreferrer\">Desgarrador \/ Trituradoras<\/a><\/span><\/li>\n<li><span style=\"color: #000000;\"><a href=\"https:\/\/neue-herbold.com\/es\/programa-de-suministro\/\" target=\"_blank\" rel=\"noopener noreferrer\">Molino triturador en seco o h\u00famedo<\/a><\/span><\/li>\n<li><span style=\"color: #000000;\">Separador de metales<\/span><\/li>\n<li><span style=\"color: #000000;\"><a href=\"https:\/\/neue-herbold.com\/es\/lavadero-por-friccion\/\" target=\"_blank\" rel=\"noopener noreferrer\">Lavadora de fricci\u00f3n<\/a><\/span><\/li>\n<li><span style=\"color: #000000;\"><a href=\"https:\/\/neue-herbold.com\/es\/lavaderos-intensivos-iw\/\" target=\"_blank\" rel=\"noopener noreferrer\">Lavadora Intensiva<\/a><\/span><\/li>\n<li><span style=\"color: #000000;\"><a href=\"https:\/\/neue-herbold.com\/es\/tanque-de-separacion-tb\/\" target=\"_blank\" rel=\"noopener noreferrer\">Tanque de separaci\u00f3n en h\u00famedo<\/a><\/span><\/li>\n<li><span style=\"color: #000000;\"><a href=\"https:\/\/neue-herbold.com\/es\/secaderos-mecanicos-tm\/\" target=\"_blank\" rel=\"noopener noreferrer\">Secador mec\u00e1nico<\/a><\/span><\/li>\n<li><span style=\"color: #000000;\"><a href=\"https:\/\/neue-herbold.com\/es\/secadores-termicos-tt\/\" target=\"_blank\" rel=\"noopener noreferrer\">Secador t\u00e9rmico<\/a><\/span><\/li>\n<li><span style=\"color: #000000;\">Separaci\u00f3n de materiales<\/span><\/li>\n<li><span style=\"color: #000000;\"><a href=\"https:\/\/neue-herbold.com\/es\/cribadoras-oscilantes-tsm\/\" target=\"_blank\" rel=\"noopener noreferrer\">Criba<\/a><\/span><\/li>\n<li>Separador de aire<\/li>\n<li><span style=\"color: #000000;\">Diversos equipos para el transporte de material<\/span><\/li>\n<li><span style=\"color: #000000;\">Panel Control el\u00e9ctrico<\/span><\/li>\n<li><span style=\"color: #000000;\">Tratamiento de aguas<\/span><\/li>\n<\/ul>\n<p><span style=\"color: #000000;\"><a href=\"https:\/\/neue-herbold.com\/wp-content\/uploads\/2014\/12\/Schwimm-Sink-Tank.jpg\" target=\"_blank\" rel=\"noopener noreferrer\"><img loading=\"lazy\" decoding=\"async\" class=\"alignleft wp-image-3055\" src=\"https:\/\/neue-herbold.com\/wp-content\/uploads\/2014\/12\/Schwimm-Sink-Tank-1024x768.jpg\" alt=\"\" width=\"300\" height=\"225\" srcset=\"https:\/\/neue-herbold.com\/wp-content\/uploads\/2014\/12\/Schwimm-Sink-Tank-1024x768.jpg 1024w, https:\/\/neue-herbold.com\/wp-content\/uploads\/2014\/12\/Schwimm-Sink-Tank-300x225.jpg 300w, https:\/\/neue-herbold.com\/wp-content\/uploads\/2014\/12\/Schwimm-Sink-Tank-100x75.jpg 100w, https:\/\/neue-herbold.com\/wp-content\/uploads\/2014\/12\/Schwimm-Sink-Tank-150x112.jpg 150w, https:\/\/neue-herbold.com\/wp-content\/uploads\/2014\/12\/Schwimm-Sink-Tank-200x150.jpg 200w, https:\/\/neue-herbold.com\/wp-content\/uploads\/2014\/12\/Schwimm-Sink-Tank-450x337.jpg 450w, https:\/\/neue-herbold.com\/wp-content\/uploads\/2014\/12\/Schwimm-Sink-Tank-600x450.jpg 600w, https:\/\/neue-herbold.com\/wp-content\/uploads\/2014\/12\/Schwimm-Sink-Tank-900x675.jpg 900w, https:\/\/neue-herbold.com\/wp-content\/uploads\/2014\/12\/Schwimm-Sink-Tank.jpg 1200w\" sizes=\"(max-width: 300px) 100vw, 300px\" \/><\/a>D\u00e9cadas de experiencia en la construcci\u00f3n de m\u00e1quinas e instalaciones, y excelentes referencias son una garant\u00eda para la realizaci\u00f3n exitosa de proyectos individuales. La fuerza de la compa\u00f1\u00eda <strong>NEUE HERBOLD<\/strong> es la<\/span><br \/>\n <span style=\"color: #000000;\">alta produccion vertical y la experiencia resultante de la ingenier\u00eda y la fabricaci\u00f3n de componentes y sistemas, como una producci\u00f3n de alta calidad. Esto a su vez se expresa en una durabilidad muy alta y la<\/span><br \/>\n <span style=\"color: #000000;\">fiabilidad de las instalaciones de reciclaje ya entregadas.<\/span><\/p>\n<p><span style=\"color: #000000;\"><strong>NEUE HERBOLD<\/strong> suministra un servicio completo, desde el primer concepto, el dise\u00f1o y la ingenier\u00eda, pasando por la fabricaci\u00f3n y la instalaci\u00f3n, y finalmente la puesta en marcha, gracias a la experiencia de nuestros t\u00e9cnicos de post-venta.<\/span><\/p>\n<p><em><span style=\"color: #000000;\"><strong>Some samples of washing \/ Recycling Concepts:<\/strong><\/span><\/em><\/p>\n<p><span style=\"color: #000000;\">Recycling plant for <a href=\"https:\/\/neue-herbold.com\/en\/recycling-pet-pressed-bottles\/\" target=\"_blank\" rel=\"noopener noreferrer\">recycling of PET bottle waste<\/a><\/span><\/p>\n<p><span style=\"color: #000000;\">Recycling plant for <a href=\"https:\/\/neue-herbold.com\/en\/recycling-bottle-crates-pe-pp\/\" target=\"_blank\" rel=\"noopener noreferrer\">recycling of PE \/ PP bottle crates<\/a><\/span><\/p>\n<p><span style=\"color: #000000;\">Recycling plant for <a href=\"https:\/\/neue-herbold.com\/en\/recycling-film-waste-pe-pp\/\" target=\"_blank\" rel=\"noopener noreferrer\">recycling of PE \/ PP film scrap<\/a><\/span><\/p>\n<p><em><strong>Video: Plantas de Reciclaje<span style=\"color: #808080;\"> (en ingl\u00e9s)<\/span><br \/>\n <\/strong><\/em><\/p>\n<div id=\"bcPKtX4jLQ\" data-borlabs-cookie-blocked-content><div class=\"borlabs-cookie-bct bc-bct-video bc-bct-youtube\"> <p class=\"bc-thumbnail\"><img src=\"https:\/\/neue-herbold.com\/wp-content\/plugins\/borlabs-cookie\/images\/bct-no-thumbnail.png\" alt=\"YouTube\"><\/p> <div class=\"bc-text\"> <p>Para proteger sus datos personales, se ha bloqueado su conexi\u00f3n a YouTube. <br> Haga clic en <strong> Cargar video <\/strong> para desbloquear YouTube. <br> Al cargar el video, acepta la pol\u00edtica de privacidad de YouTube. <br> Puede encontrar m\u00e1s informaci\u00f3n sobre la pol\u00edtica de privacidad de YouTube aqu\u00ed. <a href=\"https:\/\/policies.google.com\/privacy?hl=es&gl=es\" target=\"_blank\" rel=\"nofollow\">Google - Declaraci\u00f3n de privacidad<\/a><\/p> <p><label><input type=\"checkbox\" name=\"unblockAll\" value=\"1\" > No bloquees m\u00e1s videos de YouTube en el futuro.<\/label> <a role=\"button\" data-borlabs-cookie-unblock>Cargar video<\/a><\/p> <\/div> <\/div><\/div>\n<p><em><strong>Video: Reciclaje de Peliculas Agricolas <span style=\"color: #808080;\"> (en ingl\u00e9s)<\/span><br \/>\n <\/strong><\/em><\/p>\n<div id=\"bcsfxbN0xJ\" data-borlabs-cookie-blocked-content><div class=\"borlabs-cookie-bct bc-bct-video bc-bct-youtube\"> <p class=\"bc-thumbnail\"><img src=\"https:\/\/neue-herbold.com\/wp-content\/plugins\/borlabs-cookie\/images\/bct-no-thumbnail.png\" alt=\"YouTube\"><\/p> <div class=\"bc-text\"> <p>Para proteger sus datos personales, se ha bloqueado su conexi\u00f3n a YouTube. <br> Haga clic en <strong> Cargar video <\/strong> para desbloquear YouTube. <br> Al cargar el video, acepta la pol\u00edtica de privacidad de YouTube. <br> Puede encontrar m\u00e1s informaci\u00f3n sobre la pol\u00edtica de privacidad de YouTube aqu\u00ed. <a href=\"https:\/\/policies.google.com\/privacy?hl=es&gl=es\" target=\"_blank\" rel=\"nofollow\">Google - Declaraci\u00f3n de privacidad<\/a><\/p> <p><label><input type=\"checkbox\" name=\"unblockAll\" value=\"1\" > No bloquees m\u00e1s videos de YouTube en el futuro.<\/label> <a role=\"button\" data-borlabs-cookie-unblock>Cargar video<\/a><\/p> <\/div> <\/div><\/div>\n<p><em><strong>Video: Procesamiento de botellas y envases de PET contaminados <span style=\"color: #808080;\"> (en ingl\u00e9s)<\/span><br \/>\n <\/strong><\/em><\/p>\n<p>Agregados: El deber de las trituradoras, cinta transportadora (con puente detector de metales), molino de corte SM, fricci\u00f3n FW, mech. Secador de TM, sistema de escape con el cicl\u00f3n, zigzag ZS Segura, la bolsa grande de rack<\/p>\n<div id=\"bc1zRltvhL\" data-borlabs-cookie-blocked-content><div class=\"borlabs-cookie-bct bc-bct-video bc-bct-youtube\"> <p class=\"bc-thumbnail\"><img src=\"https:\/\/neue-herbold.com\/wp-content\/plugins\/borlabs-cookie\/images\/bct-no-thumbnail.png\" alt=\"YouTube\"><\/p> <div class=\"bc-text\"> <p>Para proteger sus datos personales, se ha bloqueado su conexi\u00f3n a YouTube. <br> Haga clic en <strong> Cargar video <\/strong> para desbloquear YouTube. <br> Al cargar el video, acepta la pol\u00edtica de privacidad de YouTube. <br> Puede encontrar m\u00e1s informaci\u00f3n sobre la pol\u00edtica de privacidad de YouTube aqu\u00ed. <a href=\"https:\/\/policies.google.com\/privacy?hl=es&gl=es\" target=\"_blank\" rel=\"nofollow\">Google - Declaraci\u00f3n de privacidad<\/a><\/p> <p><label><input type=\"checkbox\" name=\"unblockAll\" value=\"1\" > No bloquees m\u00e1s videos de YouTube en el futuro.<\/label> <a role=\"button\" data-borlabs-cookie-unblock>Cargar video<\/a><\/p> <\/div> <\/div><\/div>\n<p><strong><span id=\"result_box\" class=\"short_text\" lang=\"es\"><span class=\"\">Gr\u00e1fico<\/span><\/span><\/strong><\/p>\n<p><a style=\"color: #0000ff;\" href=\"https:\/\/neue-herbold.com\/wp-content\/uploads\/2014\/12\/fliesschema_pe-anlage.gif\" target=\"_blank\" rel=\"noopener noreferrer\"><img loading=\"lazy\" decoding=\"async\" class=\"alignnone wp-image-3061 size-full\" src=\"https:\/\/neue-herbold.com\/wp-content\/uploads\/2014\/12\/fliesschema_pe-anlage.gif\" alt=\"\" width=\"1000\" height=\"771\" \/><\/a><\/p>\n","protected":false},"excerpt":{"rendered":"<p><em><span style=\"color: #000000;\"><strong><a href=\"https:\/\/neue-herbold.com\/wp-content\/uploads\/2014\/12\/Waschanlage.jpg\" target=\"_blank\" rel=\"noopener noreferrer\"><img loading=\"lazy\" decoding=\"async\" class=\"aligncenter wp-image-3052 size-large\" src=\"https:\/\/neue-herbold.com\/wp-content\/uploads\/2014\/12\/Waschanlage-1024x819.jpg\" alt=\"Plantas de Reciclaje\" width=\"605\" height=\"484\" srcset=\"https:\/\/neue-herbold.com\/wp-content\/uploads\/2014\/12\/Waschanlage-1024x819.jpg 1024w, https:\/\/neue-herbold.com\/wp-content\/uploads\/2014\/12\/Waschanlage-300x240.jpg 300w, https:\/\/neue-herbold.com\/wp-content\/uploads\/2014\/12\/Waschanlage-100x80.jpg 100w, https:\/\/neue-herbold.com\/wp-content\/uploads\/2014\/12\/Waschanlage-150x120.jpg 150w, https:\/\/neue-herbold.com\/wp-content\/uploads\/2014\/12\/Waschanlage-200x160.jpg 200w, https:\/\/neue-herbold.com\/wp-content\/uploads\/2014\/12\/Waschanlage-450x360.jpg 450w, https:\/\/neue-herbold.com\/wp-content\/uploads\/2014\/12\/Waschanlage-600x480.jpg 600w, https:\/\/neue-herbold.com\/wp-content\/uploads\/2014\/12\/Waschanlage-900x720.jpg 900w, https:\/\/neue-herbold.com\/wp-content\/uploads\/2014\/12\/Waschanlage.jpg 1200w\" sizes=\"(max-width: 605px) 100vw, 605px\" \/><\/a>Plantas de reciclaje hechas a medida<\/strong><\/span><\/em><\/p>\n<p><span style=\"color: #000000;\"><strong>NEUE HERBOLD<\/strong> Maschinen- und Anlagenbau GmbH vende y fabrica maquinaria y plantas lavado de procesamiento de residuos pl\u00e1sticos.<\/span><\/p>\n<p><span style=\"color: #000000;\">Para la re-granulaci\u00f3n de residuos de pl\u00e1sticos,<\/span><\/p>\n<p><span class=\"ellipsis\">&hellip;<\/span><\/p>\n<div class=\"read-more\"><a href=\"https:\/\/neue-herbold.com\/es\/plantas-de-reciclaje\/\">Leer m\u00e1s \u203a<\/a><\/div>\n<p><!-- end of .read-more --><\/p>\n","protected":false},"author":1,"featured_media":0,"parent":0,"menu_order":0,"comment_status":"closed","ping_status":"closed","template":"","meta":{"footnotes":""},"class_list":["post-8036","page","type-page","status-publish","hentry"],"yoast_head":"<!-- This site is optimized with the Yoast SEO plugin v25.4 - https:\/\/yoast.com\/wordpress\/plugins\/seo\/ -->\n<title>Plantas de Reciclaje - L\u00ednea de lavado de residuos de pl\u00e1stico - Neue Herbold GmbH<\/title>\n<meta name=\"description\" content=\"Plantas de reciclaje hechas a medida Neue Herbold Maschinen- und Anlagenbau GmbH vende y fabrica maquinaria y plantas lavado de procesamiento de residuos\" \/>\n<meta name=\"robots\" content=\"index, follow, max-snippet:-1, max-image-preview:large, max-video-preview:-1\" \/>\n<link rel=\"canonical\" href=\"https:\/\/neue-herbold.com\/es\/plantas-de-reciclaje\/\" \/>\n<meta property=\"og:locale\" content=\"es_ES\" \/>\n<meta property=\"og:type\" content=\"article\" \/>\n<meta property=\"og:title\" content=\"Plantas de Reciclaje - L\u00ednea de lavado de residuos de pl\u00e1stico - Neue Herbold GmbH\" \/>\n<meta property=\"og:description\" content=\"Plantas de reciclaje hechas a medida Neue Herbold Maschinen- und Anlagenbau GmbH vende y fabrica maquinaria y plantas lavado de procesamiento de residuos\" \/>\n<meta property=\"og:url\" content=\"https:\/\/neue-herbold.com\/es\/plantas-de-reciclaje\/\" \/>\n<meta property=\"og:site_name\" content=\"Neue Herbold GmbH\" \/>\n<meta property=\"article:modified_time\" content=\"2017-09-19T13:35:51+00:00\" \/>\n<meta property=\"og:image\" content=\"https:\/\/neue-herbold.com\/wp-content\/uploads\/2014\/12\/Waschanlage-1024x819.jpg\" \/>\n<meta name=\"twitter:label1\" content=\"Tiempo de lectura\" \/>\n\t<meta name=\"twitter:data1\" content=\"2 minutes\" \/>\n<script type=\"application\/ld+json\" class=\"yoast-schema-graph\">{\"@context\":\"https:\/\/schema.org\",\"@graph\":[{\"@type\":\"WebPage\",\"@id\":\"https:\/\/neue-herbold.com\/es\/plantas-de-reciclaje\/\",\"url\":\"https:\/\/neue-herbold.com\/es\/plantas-de-reciclaje\/\",\"name\":\"Plantas de Reciclaje - L\u00ednea de lavado de residuos de pl\u00e1stico - Neue Herbold GmbH\",\"isPartOf\":{\"@id\":\"https:\/\/neue-herbold.com\/en\/#website\"},\"primaryImageOfPage\":{\"@id\":\"https:\/\/neue-herbold.com\/es\/plantas-de-reciclaje\/#primaryimage\"},\"image\":{\"@id\":\"https:\/\/neue-herbold.com\/es\/plantas-de-reciclaje\/#primaryimage\"},\"thumbnailUrl\":\"https:\/\/neue-herbold.com\/wp-content\/uploads\/2014\/12\/Waschanlage-1024x819.jpg\",\"datePublished\":\"2016-06-03T00:29:18+00:00\",\"dateModified\":\"2017-09-19T13:35:51+00:00\",\"description\":\"Plantas de reciclaje hechas a medida Neue Herbold Maschinen- und Anlagenbau GmbH vende y fabrica maquinaria y plantas lavado de procesamiento de residuos\",\"breadcrumb\":{\"@id\":\"https:\/\/neue-herbold.com\/es\/plantas-de-reciclaje\/#breadcrumb\"},\"inLanguage\":\"es-ES\",\"potentialAction\":[{\"@type\":\"ReadAction\",\"target\":[\"https:\/\/neue-herbold.com\/es\/plantas-de-reciclaje\/\"]}]},{\"@type\":\"ImageObject\",\"inLanguage\":\"es-ES\",\"@id\":\"https:\/\/neue-herbold.com\/es\/plantas-de-reciclaje\/#primaryimage\",\"url\":\"https:\/\/neue-herbold.com\/wp-content\/uploads\/2014\/12\/Waschanlage-1024x819.jpg\",\"contentUrl\":\"https:\/\/neue-herbold.com\/wp-content\/uploads\/2014\/12\/Waschanlage-1024x819.jpg\"},{\"@type\":\"BreadcrumbList\",\"@id\":\"https:\/\/neue-herbold.com\/es\/plantas-de-reciclaje\/#breadcrumb\",\"itemListElement\":[{\"@type\":\"ListItem\",\"position\":1,\"name\":\"Startseite\",\"item\":\"https:\/\/neue-herbold.com\/es\/\"},{\"@type\":\"ListItem\",\"position\":2,\"name\":\"Plantas de Reciclaje &#8211; L\u00ednea de lavado de residuos de pl\u00e1stico\"}]},{\"@type\":\"WebSite\",\"@id\":\"https:\/\/neue-herbold.com\/en\/#website\",\"url\":\"https:\/\/neue-herbold.com\/en\/\",\"name\":\"Neue Herbold GmbH\",\"description\":\"\",\"potentialAction\":[{\"@type\":\"SearchAction\",\"target\":{\"@type\":\"EntryPoint\",\"urlTemplate\":\"https:\/\/neue-herbold.com\/en\/?s={search_term_string}\"},\"query-input\":{\"@type\":\"PropertyValueSpecification\",\"valueRequired\":true,\"valueName\":\"search_term_string\"}}],\"inLanguage\":\"es-ES\"}]}<\/script>\n<!-- \/ Yoast SEO plugin. -->","yoast_head_json":{"title":"Plantas de Reciclaje - L\u00ednea de lavado de residuos de pl\u00e1stico - Neue Herbold GmbH","description":"Plantas de reciclaje hechas a medida Neue Herbold Maschinen- und Anlagenbau GmbH vende y fabrica maquinaria y plantas lavado de procesamiento de residuos","robots":{"index":"index","follow":"follow","max-snippet":"max-snippet:-1","max-image-preview":"max-image-preview:large","max-video-preview":"max-video-preview:-1"},"canonical":"https:\/\/neue-herbold.com\/es\/plantas-de-reciclaje\/","og_locale":"es_ES","og_type":"article","og_title":"Plantas de Reciclaje - L\u00ednea de lavado de residuos de pl\u00e1stico - Neue Herbold GmbH","og_description":"Plantas de reciclaje hechas a medida Neue Herbold Maschinen- und Anlagenbau GmbH vende y fabrica maquinaria y plantas lavado de procesamiento de residuos","og_url":"https:\/\/neue-herbold.com\/es\/plantas-de-reciclaje\/","og_site_name":"Neue Herbold GmbH","article_modified_time":"2017-09-19T13:35:51+00:00","og_image":[{"url":"https:\/\/neue-herbold.com\/wp-content\/uploads\/2014\/12\/Waschanlage-1024x819.jpg","type":"","width":"","height":""}],"twitter_misc":{"Tiempo de lectura":"2 minutes"},"schema":{"@context":"https:\/\/schema.org","@graph":[{"@type":"WebPage","@id":"https:\/\/neue-herbold.com\/es\/plantas-de-reciclaje\/","url":"https:\/\/neue-herbold.com\/es\/plantas-de-reciclaje\/","name":"Plantas de Reciclaje - L\u00ednea de lavado de residuos de pl\u00e1stico - Neue Herbold GmbH","isPartOf":{"@id":"https:\/\/neue-herbold.com\/en\/#website"},"primaryImageOfPage":{"@id":"https:\/\/neue-herbold.com\/es\/plantas-de-reciclaje\/#primaryimage"},"image":{"@id":"https:\/\/neue-herbold.com\/es\/plantas-de-reciclaje\/#primaryimage"},"thumbnailUrl":"https:\/\/neue-herbold.com\/wp-content\/uploads\/2014\/12\/Waschanlage-1024x819.jpg","datePublished":"2016-06-03T00:29:18+00:00","dateModified":"2017-09-19T13:35:51+00:00","description":"Plantas de reciclaje hechas a medida Neue Herbold Maschinen- und Anlagenbau GmbH vende y fabrica maquinaria y plantas lavado de procesamiento de residuos","breadcrumb":{"@id":"https:\/\/neue-herbold.com\/es\/plantas-de-reciclaje\/#breadcrumb"},"inLanguage":"es-ES","potentialAction":[{"@type":"ReadAction","target":["https:\/\/neue-herbold.com\/es\/plantas-de-reciclaje\/"]}]},{"@type":"ImageObject","inLanguage":"es-ES","@id":"https:\/\/neue-herbold.com\/es\/plantas-de-reciclaje\/#primaryimage","url":"https:\/\/neue-herbold.com\/wp-content\/uploads\/2014\/12\/Waschanlage-1024x819.jpg","contentUrl":"https:\/\/neue-herbold.com\/wp-content\/uploads\/2014\/12\/Waschanlage-1024x819.jpg"},{"@type":"BreadcrumbList","@id":"https:\/\/neue-herbold.com\/es\/plantas-de-reciclaje\/#breadcrumb","itemListElement":[{"@type":"ListItem","position":1,"name":"Startseite","item":"https:\/\/neue-herbold.com\/es\/"},{"@type":"ListItem","position":2,"name":"Plantas de Reciclaje &#8211; L\u00ednea de lavado de residuos de pl\u00e1stico"}]},{"@type":"WebSite","@id":"https:\/\/neue-herbold.com\/en\/#website","url":"https:\/\/neue-herbold.com\/en\/","name":"Neue Herbold GmbH","description":"","potentialAction":[{"@type":"SearchAction","target":{"@type":"EntryPoint","urlTemplate":"https:\/\/neue-herbold.com\/en\/?s={search_term_string}"},"query-input":{"@type":"PropertyValueSpecification","valueRequired":true,"valueName":"search_term_string"}}],"inLanguage":"es-ES"}]}},"_links":{"self":[{"href":"https:\/\/neue-herbold.com\/es\/wp-json\/wp\/v2\/pages\/8036"}],"collection":[{"href":"https:\/\/neue-herbold.com\/es\/wp-json\/wp\/v2\/pages"}],"about":[{"href":"https:\/\/neue-herbold.com\/es\/wp-json\/wp\/v2\/types\/page"}],"author":[{"embeddable":true,"href":"https:\/\/neue-herbold.com\/es\/wp-json\/wp\/v2\/users\/1"}],"replies":[{"embeddable":true,"href":"https:\/\/neue-herbold.com\/es\/wp-json\/wp\/v2\/comments?post=8036"}],"version-history":[{"count":5,"href":"https:\/\/neue-herbold.com\/es\/wp-json\/wp\/v2\/pages\/8036\/revisions"}],"predecessor-version":[{"id":11233,"href":"https:\/\/neue-herbold.com\/es\/wp-json\/wp\/v2\/pages\/8036\/revisions\/11233"}],"wp:attachment":[{"href":"https:\/\/neue-herbold.com\/es\/wp-json\/wp\/v2\/media?parent=8036"}],"curies":[{"name":"wp","href":"https:\/\/api.w.org\/{rel}","templated":true}]}}