{"id":7972,"date":"2016-06-02T23:42:26","date_gmt":"2016-06-02T21:42:26","guid":{"rendered":"https:\/\/neue-herbold.com\/es\/guillotinescheren\/"},"modified":"2018-05-15T01:24:09","modified_gmt":"2018-05-14T23:24:09","slug":"cizallas-de-guillotina","status":"publish","type":"page","link":"https:\/\/neue-herbold.com\/es\/cizallas-de-guillotina\/","title":{"rendered":"Cizallas de guillotina"},"content":{"rendered":"<p><span style=\"color: #000000;\"><strong><a href=\"https:\/\/neue-herbold.com\/wp-content\/uploads\/2014\/11\/Guilotineschere.jpg\" target=\"_blank\" rel=\"noopener\"><img loading=\"lazy\" decoding=\"async\" class=\"alignright wp-image-3310\" src=\"https:\/\/neue-herbold.com\/wp-content\/uploads\/2014\/11\/Guilotineschere.jpg\" alt=\"Guillotinescheren\" width=\"308\" height=\"599\" srcset=\"https:\/\/neue-herbold.com\/wp-content\/uploads\/2014\/11\/Guilotineschere.jpg 462w, https:\/\/neue-herbold.com\/wp-content\/uploads\/2014\/11\/Guilotineschere-154x300.jpg 154w, https:\/\/neue-herbold.com\/wp-content\/uploads\/2014\/11\/Guilotineschere-100x194.jpg 100w, https:\/\/neue-herbold.com\/wp-content\/uploads\/2014\/11\/Guilotineschere-150x292.jpg 150w, https:\/\/neue-herbold.com\/wp-content\/uploads\/2014\/11\/Guilotineschere-200x389.jpg 200w, https:\/\/neue-herbold.com\/wp-content\/uploads\/2014\/11\/Guilotineschere-300x584.jpg 300w, https:\/\/neue-herbold.com\/wp-content\/uploads\/2014\/11\/Guilotineschere-450x876.jpg 450w\" sizes=\"(max-width: 308px) 100vw, 308px\" \/><\/a><em>Campo de aplicaci\u00f3n<\/em><\/strong><\/span><br \/>\n <span style=\"color: #000000;\">Cizallas de guillotina de<strong> NEUE HERBOLD<\/strong> se emplean para el:<\/span><\/p>\n<ul>\n<li>proporcionado previo de balas multifilamentas de fibras<\/li>\n<li>proporcionado previo de balas de cintas<\/li>\n<li>proporcionado previo de l\u00e1minas estando pegadas una con otra<\/li>\n<li>proporcionado previo de mazacotes grandes<\/li>\n<li>proporcionado de balas de caucho etc.<\/li>\n<\/ul>\n<p><strong><em>T\u00e9cnica<\/em><\/strong><\/p>\n<p>Cizallas de guillotina de NEUE HERBOLD tienen un bastidor soldado a prueba de torsi\u00f3n. La cuchilla para hender, montada en un soporte macizo guiado a ambos lados, es movida, mediante dos cilindros hidr\u00e1ulicos sobredimensionados, contra un estator. Los topes de la cuchilla para hender dejan ajustarse precisamente y garantizan as\u00ed una casi completa separaci\u00f3n de la porci\u00f3n de material. A trav\u00e9s del ajuste de la hidr\u00e1ulica, la fuerza cortante puede adaptarse al material a trabajar. La porci\u00f3n de material deja determinarse, como opci\u00f3n, a trav\u00e9s de un tope mandado hidr\u00e1ulicamente.<\/p>\n<p><span style=\"color: #000000;\"><strong><em><a href=\"https:\/\/neue-herbold.com\/wp-content\/uploads\/2014\/11\/Guilotineschere-E.jpg\" target=\"_blank\" rel=\"noopener\"><img loading=\"lazy\" decoding=\"async\" class=\"alignleft wp-image-3311 size-medium\" src=\"https:\/\/neue-herbold.com\/wp-content\/uploads\/2014\/11\/Guilotineschere-E-300x229.jpg\" alt=\"GEDSC DIGITAL CAMERA\" width=\"300\" height=\"229\" srcset=\"https:\/\/neue-herbold.com\/wp-content\/uploads\/2014\/11\/Guilotineschere-E-300x229.jpg 300w, https:\/\/neue-herbold.com\/wp-content\/uploads\/2014\/11\/Guilotineschere-E-1024x783.jpg 1024w, https:\/\/neue-herbold.com\/wp-content\/uploads\/2014\/11\/Guilotineschere-E-100x76.jpg 100w, https:\/\/neue-herbold.com\/wp-content\/uploads\/2014\/11\/Guilotineschere-E-150x114.jpg 150w, https:\/\/neue-herbold.com\/wp-content\/uploads\/2014\/11\/Guilotineschere-E-200x153.jpg 200w, https:\/\/neue-herbold.com\/wp-content\/uploads\/2014\/11\/Guilotineschere-E-450x344.jpg 450w, https:\/\/neue-herbold.com\/wp-content\/uploads\/2014\/11\/Guilotineschere-E-600x459.jpg 600w, https:\/\/neue-herbold.com\/wp-content\/uploads\/2014\/11\/Guilotineschere-E-900x688.jpg 900w, https:\/\/neue-herbold.com\/wp-content\/uploads\/2014\/11\/Guilotineschere-E.jpg 1200w\" sizes=\"(max-width: 300px) 100vw, 300px\" \/><\/a><\/em><\/strong><\/span><em><strong>Ventajas<\/strong><\/em><\/p>\n<ul>\n<li>ajuste preciso de la cuchilla <br \/>\n para hender<\/li>\n<li>construcci\u00f3n de bastidor a prueba de torsi\u00f3n<\/li>\n<li>revestimiento completo alrededor de la cuchilla para hender<\/li>\n<li>regulaci\u00f3n continua (elevaci\u00f3n, velocidad de <br \/>\n corte, fuerza de corte) de la cuchilla para hender<\/li>\n<li>gu\u00eda a ambos lado del soporte de la cuchilla para hender<\/li>\n<li>disposici\u00f3n doble de cilindros impide un ladeado de la cuchilla para hender<\/li>\n<\/ul>\n<div id=\"attachment_4392\" style=\"width: 310px\" class=\"wp-caption alignnone\"><a href=\"https:\/\/www.youtube.com\/watch?v=mBMmbgb4gkk\" target=\"_blank\" rel=\"noopener\"><img loading=\"lazy\" decoding=\"async\" aria-describedby=\"caption-attachment-4392\" class=\"wp-image-4392 size-medium\" src=\"https:\/\/neue-herbold.com\/wp-content\/uploads\/2014\/11\/VIDEO-Guillotineschere-300x225.jpg\" alt=\"\" width=\"300\" height=\"225\" srcset=\"https:\/\/neue-herbold.com\/wp-content\/uploads\/2014\/11\/VIDEO-Guillotineschere-300x225.jpg 300w, https:\/\/neue-herbold.com\/wp-content\/uploads\/2014\/11\/VIDEO-Guillotineschere-100x75.jpg 100w, https:\/\/neue-herbold.com\/wp-content\/uploads\/2014\/11\/VIDEO-Guillotineschere-150x112.jpg 150w, https:\/\/neue-herbold.com\/wp-content\/uploads\/2014\/11\/VIDEO-Guillotineschere-200x150.jpg 200w, https:\/\/neue-herbold.com\/wp-content\/uploads\/2014\/11\/VIDEO-Guillotineschere-450x337.jpg 450w, https:\/\/neue-herbold.com\/wp-content\/uploads\/2014\/11\/VIDEO-Guillotineschere-600x450.jpg 600w, https:\/\/neue-herbold.com\/wp-content\/uploads\/2014\/11\/VIDEO-Guillotineschere.jpg 679w\" sizes=\"(max-width: 300px) 100vw, 300px\" \/><\/a><p id=\"caption-attachment-4392\" class=\"wp-caption-text\">Ejemplo: Trituraci\u00f3n de cuerdas de la pesca<\/p><\/div>\n<table>\n<tbody>\n<tr>\n<td style=\"text-align: center;\"><span style=\"color: #000000;\"><strong>Tipo de m\u00e1quina<\/strong><\/span><\/td>\n<td style=\"text-align: center;\"><span style=\"color: #000000;\"><strong>Altura de elevaci\u00f3n (mm)<\/strong><\/span><\/td>\n<td style=\"text-align: center;\"><span style=\"color: #000000;\"><strong>Ancho de trabajo (mm)<\/strong><\/span><\/td>\n<td style=\"text-align: center;\"><span style=\"color: #000000;\"><strong>Accionamiento (kw)<\/strong><\/span><\/td>\n<td style=\"text-align: center;\"><span style=\"color: #000000;\"><strong>N\u00famero de elevaciones \/min<\/strong><\/span><\/td>\n<td style=\"text-align: center;\"><span style=\"color: #000000;\"><strong>Fuerza cortante (t)<\/strong><\/span><\/td>\n<td style=\"text-align: center;\"><span style=\"color: #000000;\"><strong>Peso (kg)<\/strong><\/span><\/td>\n<td style=\"text-align: center;\">\u00a0<\/td>\n<\/tr>\n<tr>\n<td><span style=\"color: #000000;\">Tipo GS 1500\/1000 <\/span><\/td>\n<td style=\"text-align: center;\"><span style=\"color: #000000;\">1000<\/span><\/td>\n<td style=\"text-align: center;\"><span style=\"color: #000000;\">1500<\/span><\/td>\n<td style=\"text-align: center;\"><span style=\"color: #000000;\">22-37<\/span><\/td>\n<td style=\"text-align: center;\"><span style=\"color: #000000;\">2-3<\/span><\/td>\n<td style=\"text-align: center;\"><span style=\"color: #000000;\">a 20<\/span><\/td>\n<td style=\"text-align: center;\"><span style=\"color: #000000;\">4500<\/span><\/td>\n<td style=\"text-align: center;\">\u00a0<\/td>\n<\/tr>\n<tr>\n<td><span style=\"color: #000000;\">Tipo GS 1500\/1200<\/span><\/td>\n<td style=\"text-align: center;\"><span style=\"color: #000000;\">1200<\/span><\/td>\n<td style=\"text-align: center;\"><span style=\"color: #000000;\">1500<\/span><\/td>\n<td style=\"text-align: center;\"><span style=\"color: #000000;\">22-37<\/span><\/td>\n<td style=\"text-align: center;\"><span style=\"color: #000000;\">2-3<\/span><\/td>\n<td style=\"text-align: center;\"><span style=\"color: #000000;\">a 20<\/span><\/td>\n<td style=\"text-align: center;\"><span style=\"color: #000000;\">5500<\/span><\/td>\n<td style=\"text-align: center;\">\u00a0<\/td>\n<\/tr>\n<tr>\n<td><span style=\"color: #000000;\">Tipo GS 2000\/1500<\/span><\/td>\n<td style=\"text-align: center;\"><span style=\"color: #000000;\">1500<\/span><\/td>\n<td style=\"text-align: center;\"><span style=\"color: #000000;\">2000<\/span><\/td>\n<td style=\"text-align: center;\"><span style=\"color: #000000;\">37-45<\/span><\/td>\n<td style=\"text-align: center;\"><span style=\"color: #000000;\">2-3<\/span><\/td>\n<td style=\"text-align: center;\"><span style=\"color: #000000;\">a 40<\/span><\/td>\n<td style=\"text-align: center;\"><span style=\"color: #000000;\">7000<\/span><\/td>\n<td style=\"text-align: center;\">\u00a0<\/td>\n<\/tr>\n<\/tbody>\n<\/table>\n<p>&nbsp;<\/p>\n","protected":false},"excerpt":{"rendered":"<p><span style=\"color: #000000;\"><strong><a href=\"https:\/\/neue-herbold.com\/wp-content\/uploads\/2014\/11\/Guilotineschere.jpg\" target=\"_blank\" rel=\"noopener\"><img loading=\"lazy\" decoding=\"async\" class=\"alignright wp-image-3310\" src=\"https:\/\/neue-herbold.com\/wp-content\/uploads\/2014\/11\/Guilotineschere.jpg\" alt=\"Guillotinescheren\" width=\"308\" height=\"599\" srcset=\"https:\/\/neue-herbold.com\/wp-content\/uploads\/2014\/11\/Guilotineschere.jpg 462w, https:\/\/neue-herbold.com\/wp-content\/uploads\/2014\/11\/Guilotineschere-154x300.jpg 154w, https:\/\/neue-herbold.com\/wp-content\/uploads\/2014\/11\/Guilotineschere-100x194.jpg 100w, https:\/\/neue-herbold.com\/wp-content\/uploads\/2014\/11\/Guilotineschere-150x292.jpg 150w, https:\/\/neue-herbold.com\/wp-content\/uploads\/2014\/11\/Guilotineschere-200x389.jpg 200w, https:\/\/neue-herbold.com\/wp-content\/uploads\/2014\/11\/Guilotineschere-300x584.jpg 300w, https:\/\/neue-herbold.com\/wp-content\/uploads\/2014\/11\/Guilotineschere-450x876.jpg 450w\" sizes=\"(max-width: 308px) 100vw, 308px\" \/><\/a><em>Campo de aplicaci\u00f3n<\/em><\/strong><\/span><br \/>\n <span style=\"color: #000000;\">Cizallas de guillotina de<strong> NEUE HERBOLD<\/strong> se emplean para el:<\/span><\/p>\n<ul>\n<li>proporcionado previo de balas multifilamentas de fibras<\/li>\n<li>proporcionado previo de balas de cintas<\/li>\n<li>proporcionado previo de l\u00e1minas estando pegadas una con otra<\/li>\n<li>proporcionado previo de mazacotes grandes<\/li>\n<li>proporcionado de balas de caucho etc.<\/li>\n<\/ul>\n<p><span class=\"ellipsis\">&hellip;<\/span><\/p>\n<div class=\"read-more\"><a href=\"https:\/\/neue-herbold.com\/es\/cizallas-de-guillotina\/\">Leer m\u00e1s \u203a<\/a><\/div>\n<p><!-- end of .read-more --><\/p>\n","protected":false},"author":1,"featured_media":0,"parent":0,"menu_order":0,"comment_status":"closed","ping_status":"closed","template":"","meta":{"footnotes":""},"class_list":["post-7972","page","type-page","status-publish","hentry"],"yoast_head":"<!-- This site is optimized with the Yoast SEO plugin v25.4 - https:\/\/yoast.com\/wordpress\/plugins\/seo\/ -->\n<title>Cizallas de guillotina - Neue Herbold GmbH<\/title>\n<meta name=\"description\" content=\"Neue Herbold - Guillotinescheren verf\u00fcgen \u00fcber eine verwindungssteif, geschwei\u00dfte Rahmenkonstruktion. Das in einem massiven zweiseitig gef\u00fchrten Support\" \/>\n<meta name=\"robots\" content=\"index, follow, max-snippet:-1, max-image-preview:large, max-video-preview:-1\" \/>\n<link rel=\"canonical\" href=\"https:\/\/neue-herbold.com\/es\/cizallas-de-guillotina\/\" \/>\n<meta property=\"og:locale\" content=\"es_ES\" \/>\n<meta property=\"og:type\" content=\"article\" \/>\n<meta property=\"og:title\" content=\"Cizallas de guillotina - Neue Herbold GmbH\" \/>\n<meta property=\"og:description\" content=\"Neue Herbold - Guillotinescheren verf\u00fcgen \u00fcber eine verwindungssteif, geschwei\u00dfte Rahmenkonstruktion. Das in einem massiven zweiseitig gef\u00fchrten Support\" \/>\n<meta property=\"og:url\" content=\"https:\/\/neue-herbold.com\/es\/cizallas-de-guillotina\/\" \/>\n<meta property=\"og:site_name\" content=\"Neue Herbold GmbH\" \/>\n<meta property=\"article:modified_time\" content=\"2018-05-14T23:24:09+00:00\" \/>\n<meta property=\"og:image\" content=\"https:\/\/neue-herbold.com\/wp-content\/uploads\/2014\/11\/Guilotineschere.jpg\" \/>\n<meta name=\"twitter:label1\" content=\"Tiempo de lectura\" \/>\n\t<meta name=\"twitter:data1\" content=\"1 minute\" \/>\n<script type=\"application\/ld+json\" class=\"yoast-schema-graph\">{\"@context\":\"https:\/\/schema.org\",\"@graph\":[{\"@type\":\"WebPage\",\"@id\":\"https:\/\/neue-herbold.com\/es\/cizallas-de-guillotina\/\",\"url\":\"https:\/\/neue-herbold.com\/es\/cizallas-de-guillotina\/\",\"name\":\"Cizallas de guillotina - Neue Herbold GmbH\",\"isPartOf\":{\"@id\":\"https:\/\/neue-herbold.com\/en\/#website\"},\"primaryImageOfPage\":{\"@id\":\"https:\/\/neue-herbold.com\/es\/cizallas-de-guillotina\/#primaryimage\"},\"image\":{\"@id\":\"https:\/\/neue-herbold.com\/es\/cizallas-de-guillotina\/#primaryimage\"},\"thumbnailUrl\":\"https:\/\/neue-herbold.com\/wp-content\/uploads\/2014\/11\/Guilotineschere.jpg\",\"datePublished\":\"2016-06-02T21:42:26+00:00\",\"dateModified\":\"2018-05-14T23:24:09+00:00\",\"description\":\"Neue Herbold - Guillotinescheren verf\u00fcgen \u00fcber eine verwindungssteif, geschwei\u00dfte Rahmenkonstruktion. Das in einem massiven zweiseitig gef\u00fchrten Support\",\"breadcrumb\":{\"@id\":\"https:\/\/neue-herbold.com\/es\/cizallas-de-guillotina\/#breadcrumb\"},\"inLanguage\":\"es-ES\",\"potentialAction\":[{\"@type\":\"ReadAction\",\"target\":[\"https:\/\/neue-herbold.com\/es\/cizallas-de-guillotina\/\"]}]},{\"@type\":\"ImageObject\",\"inLanguage\":\"es-ES\",\"@id\":\"https:\/\/neue-herbold.com\/es\/cizallas-de-guillotina\/#primaryimage\",\"url\":\"https:\/\/neue-herbold.com\/wp-content\/uploads\/2014\/11\/Guilotineschere.jpg\",\"contentUrl\":\"https:\/\/neue-herbold.com\/wp-content\/uploads\/2014\/11\/Guilotineschere.jpg\"},{\"@type\":\"BreadcrumbList\",\"@id\":\"https:\/\/neue-herbold.com\/es\/cizallas-de-guillotina\/#breadcrumb\",\"itemListElement\":[{\"@type\":\"ListItem\",\"position\":1,\"name\":\"Startseite\",\"item\":\"https:\/\/neue-herbold.com\/es\/\"},{\"@type\":\"ListItem\",\"position\":2,\"name\":\"Cizallas de guillotina\"}]},{\"@type\":\"WebSite\",\"@id\":\"https:\/\/neue-herbold.com\/en\/#website\",\"url\":\"https:\/\/neue-herbold.com\/en\/\",\"name\":\"Neue Herbold GmbH\",\"description\":\"\",\"potentialAction\":[{\"@type\":\"SearchAction\",\"target\":{\"@type\":\"EntryPoint\",\"urlTemplate\":\"https:\/\/neue-herbold.com\/en\/?s={search_term_string}\"},\"query-input\":{\"@type\":\"PropertyValueSpecification\",\"valueRequired\":true,\"valueName\":\"search_term_string\"}}],\"inLanguage\":\"es-ES\"}]}<\/script>\n<!-- \/ Yoast SEO plugin. -->","yoast_head_json":{"title":"Cizallas de guillotina - Neue Herbold GmbH","description":"Neue Herbold - Guillotinescheren verf\u00fcgen \u00fcber eine verwindungssteif, geschwei\u00dfte Rahmenkonstruktion. Das in einem massiven zweiseitig gef\u00fchrten Support","robots":{"index":"index","follow":"follow","max-snippet":"max-snippet:-1","max-image-preview":"max-image-preview:large","max-video-preview":"max-video-preview:-1"},"canonical":"https:\/\/neue-herbold.com\/es\/cizallas-de-guillotina\/","og_locale":"es_ES","og_type":"article","og_title":"Cizallas de guillotina - Neue Herbold GmbH","og_description":"Neue Herbold - Guillotinescheren verf\u00fcgen \u00fcber eine verwindungssteif, geschwei\u00dfte Rahmenkonstruktion. Das in einem massiven zweiseitig gef\u00fchrten Support","og_url":"https:\/\/neue-herbold.com\/es\/cizallas-de-guillotina\/","og_site_name":"Neue Herbold GmbH","article_modified_time":"2018-05-14T23:24:09+00:00","og_image":[{"url":"https:\/\/neue-herbold.com\/wp-content\/uploads\/2014\/11\/Guilotineschere.jpg","type":"","width":"","height":""}],"twitter_misc":{"Tiempo de lectura":"1 minute"},"schema":{"@context":"https:\/\/schema.org","@graph":[{"@type":"WebPage","@id":"https:\/\/neue-herbold.com\/es\/cizallas-de-guillotina\/","url":"https:\/\/neue-herbold.com\/es\/cizallas-de-guillotina\/","name":"Cizallas de guillotina - Neue Herbold GmbH","isPartOf":{"@id":"https:\/\/neue-herbold.com\/en\/#website"},"primaryImageOfPage":{"@id":"https:\/\/neue-herbold.com\/es\/cizallas-de-guillotina\/#primaryimage"},"image":{"@id":"https:\/\/neue-herbold.com\/es\/cizallas-de-guillotina\/#primaryimage"},"thumbnailUrl":"https:\/\/neue-herbold.com\/wp-content\/uploads\/2014\/11\/Guilotineschere.jpg","datePublished":"2016-06-02T21:42:26+00:00","dateModified":"2018-05-14T23:24:09+00:00","description":"Neue Herbold - Guillotinescheren verf\u00fcgen \u00fcber eine verwindungssteif, geschwei\u00dfte Rahmenkonstruktion. Das in einem massiven zweiseitig gef\u00fchrten Support","breadcrumb":{"@id":"https:\/\/neue-herbold.com\/es\/cizallas-de-guillotina\/#breadcrumb"},"inLanguage":"es-ES","potentialAction":[{"@type":"ReadAction","target":["https:\/\/neue-herbold.com\/es\/cizallas-de-guillotina\/"]}]},{"@type":"ImageObject","inLanguage":"es-ES","@id":"https:\/\/neue-herbold.com\/es\/cizallas-de-guillotina\/#primaryimage","url":"https:\/\/neue-herbold.com\/wp-content\/uploads\/2014\/11\/Guilotineschere.jpg","contentUrl":"https:\/\/neue-herbold.com\/wp-content\/uploads\/2014\/11\/Guilotineschere.jpg"},{"@type":"BreadcrumbList","@id":"https:\/\/neue-herbold.com\/es\/cizallas-de-guillotina\/#breadcrumb","itemListElement":[{"@type":"ListItem","position":1,"name":"Startseite","item":"https:\/\/neue-herbold.com\/es\/"},{"@type":"ListItem","position":2,"name":"Cizallas de guillotina"}]},{"@type":"WebSite","@id":"https:\/\/neue-herbold.com\/en\/#website","url":"https:\/\/neue-herbold.com\/en\/","name":"Neue Herbold GmbH","description":"","potentialAction":[{"@type":"SearchAction","target":{"@type":"EntryPoint","urlTemplate":"https:\/\/neue-herbold.com\/en\/?s={search_term_string}"},"query-input":{"@type":"PropertyValueSpecification","valueRequired":true,"valueName":"search_term_string"}}],"inLanguage":"es-ES"}]}},"_links":{"self":[{"href":"https:\/\/neue-herbold.com\/es\/wp-json\/wp\/v2\/pages\/7972"}],"collection":[{"href":"https:\/\/neue-herbold.com\/es\/wp-json\/wp\/v2\/pages"}],"about":[{"href":"https:\/\/neue-herbold.com\/es\/wp-json\/wp\/v2\/types\/page"}],"author":[{"embeddable":true,"href":"https:\/\/neue-herbold.com\/es\/wp-json\/wp\/v2\/users\/1"}],"replies":[{"embeddable":true,"href":"https:\/\/neue-herbold.com\/es\/wp-json\/wp\/v2\/comments?post=7972"}],"version-history":[{"count":3,"href":"https:\/\/neue-herbold.com\/es\/wp-json\/wp\/v2\/pages\/7972\/revisions"}],"predecessor-version":[{"id":11820,"href":"https:\/\/neue-herbold.com\/es\/wp-json\/wp\/v2\/pages\/7972\/revisions\/11820"}],"wp:attachment":[{"href":"https:\/\/neue-herbold.com\/es\/wp-json\/wp\/v2\/media?parent=7972"}],"curies":[{"name":"wp","href":"https:\/\/api.w.org\/{rel}","templated":true}]}}