{"id":7917,"date":"2016-06-02T22:48:51","date_gmt":"2016-06-02T20:48:51","guid":{"rendered":"https:\/\/neue-herbold.com\/es\/mechanische-trockner-tm\/"},"modified":"2017-10-15T01:59:58","modified_gmt":"2017-10-14T23:59:58","slug":"secaderos-mecanicos-tm","status":"publish","type":"page","link":"https:\/\/neue-herbold.com\/es\/secaderos-mecanicos-tm\/","title":{"rendered":"Secaderos Mec\u00e1nicos TM"},"content":{"rendered":"<div id=\"attachment_3023\" style=\"width: 424px\" class=\"wp-caption alignright\"><a href=\"https:\/\/neue-herbold.com\/wp-content\/uploads\/2014\/12\/TM-1006.jpg\" target=\"_blank\" rel=\"noopener\"><img loading=\"lazy\" decoding=\"async\" aria-describedby=\"caption-attachment-3023\" class=\"wp-image-3023\" src=\"https:\/\/neue-herbold.com\/wp-content\/uploads\/2014\/12\/TM-1006-1024x936.jpg\" alt=\"\" width=\"414\" height=\"378\" srcset=\"https:\/\/neue-herbold.com\/wp-content\/uploads\/2014\/12\/TM-1006-1024x936.jpg 1024w, https:\/\/neue-herbold.com\/wp-content\/uploads\/2014\/12\/TM-1006-300x274.jpg 300w, https:\/\/neue-herbold.com\/wp-content\/uploads\/2014\/12\/TM-1006-100x91.jpg 100w, https:\/\/neue-herbold.com\/wp-content\/uploads\/2014\/12\/TM-1006-150x137.jpg 150w, https:\/\/neue-herbold.com\/wp-content\/uploads\/2014\/12\/TM-1006-200x183.jpg 200w, https:\/\/neue-herbold.com\/wp-content\/uploads\/2014\/12\/TM-1006-450x411.jpg 450w, https:\/\/neue-herbold.com\/wp-content\/uploads\/2014\/12\/TM-1006-600x549.jpg 600w, https:\/\/neue-herbold.com\/wp-content\/uploads\/2014\/12\/TM-1006-900x823.jpg 900w, https:\/\/neue-herbold.com\/wp-content\/uploads\/2014\/12\/TM-1006.jpg 1200w\" sizes=\"(max-width: 414px) 100vw, 414px\" \/><\/a><p id=\"caption-attachment-3023\" class=\"wp-caption-text\">TM 1006<\/p><\/div>\n<p><em><span style=\"color: #000000;\"><strong>Aplicaci\u00f3n<\/strong><\/span><\/em><br \/>\n <span style=\"color: #000000;\">El <strong>NEUE HERBOLD<\/strong> \u2013 Secador mec\u00e1nico de tipo TM 1005, se utiliza para la limpieza y secado de la superficie de materiales molidos, de preferencia recortes laterales de film y l\u00e1mina, gr\u00e1nulos de botellas de PET y otros productos de pl\u00e1stico duro. El material molido se introduce a trav\u00e9s una tolva.<\/span><\/p>\n<p><span style=\"color: #000000;\">El rotor transporta el material desde el lado de entrada al lado de descarga.<\/span><\/p>\n<p><span style=\"color: #000000;\">El rotor y el dise\u00f1o especial de la criba en conjunci\u00f3n con la velocidad de rotaci\u00f3n son cruciales para el efecto de limpieza y la eliminaci\u00f3n de humedad residual en el material.<\/span><\/p>\n<p><span style=\"color: #000000;\">Tras la entrada en la m\u00e1quina, el producto se acelera enormemente. La suciedad y el agua se separan a trav\u00e9s de los agujeros de la criba.<\/span><\/p>\n<p><span style=\"color: #000000;\">La criba poligonal produce un &#8220;remolino&#8221; del material y por lo tanto una mejor limpieza y secado. El agua conduce conjuntamente con la suciedad a la parte inferior de la m\u00e1quina y entra en el desag\u00fce.<\/span><\/p>\n<p><span style=\"color: #000000;\">El rotor est\u00e1 equilibrado din\u00e1micamente. Los cojinetes de bolas muy robustos garantizan el perfecto funcionamiento de la m\u00e1quina. Si se requiere, el rotor puede estar equipado con palas intercambiables.<\/span><br \/>\n <span style=\"color: #000000;\">Carcasa con puertas de acceso<\/span><\/p>\n<div id=\"attachment_3022\" style=\"width: 316px\" class=\"wp-caption alignleft\"><a href=\"https:\/\/neue-herbold.com\/wp-content\/uploads\/2014\/12\/TM-1000.jpg\" target=\"_blank\" rel=\"noopener\"><img loading=\"lazy\" decoding=\"async\" aria-describedby=\"caption-attachment-3022\" class=\"wp-image-3022\" src=\"https:\/\/neue-herbold.com\/wp-content\/uploads\/2014\/12\/TM-1000-1020x1024.jpg\" alt=\"\" width=\"306\" height=\"307\" srcset=\"https:\/\/neue-herbold.com\/wp-content\/uploads\/2014\/12\/TM-1000-1020x1024.jpg 1020w, https:\/\/neue-herbold.com\/wp-content\/uploads\/2014\/12\/TM-1000-300x301.jpg 300w, https:\/\/neue-herbold.com\/wp-content\/uploads\/2014\/12\/TM-1000-100x100.jpg 100w, https:\/\/neue-herbold.com\/wp-content\/uploads\/2014\/12\/TM-1000-150x150.jpg 150w, https:\/\/neue-herbold.com\/wp-content\/uploads\/2014\/12\/TM-1000-200x200.jpg 200w, https:\/\/neue-herbold.com\/wp-content\/uploads\/2014\/12\/TM-1000-450x451.jpg 450w, https:\/\/neue-herbold.com\/wp-content\/uploads\/2014\/12\/TM-1000-600x602.jpg 600w, https:\/\/neue-herbold.com\/wp-content\/uploads\/2014\/12\/TM-1000-900x903.jpg 900w, https:\/\/neue-herbold.com\/wp-content\/uploads\/2014\/12\/TM-1000.jpg 1200w\" sizes=\"(max-width: 306px) 100vw, 306px\" \/><\/a><p id=\"caption-attachment-3022\" class=\"wp-caption-text\">TM 1005<\/p><\/div>\n<p><span style=\"color: #000000;\">La carcasa del secador mec\u00e1nico es una construcci\u00f3n soldada y estable montada sobre un bastidor de base con amortiguadores para evitar las vibraciones.<\/span><\/p>\n<p><span style=\"color: #000000;\">En ambos lados de la carcasa, se han dise\u00f1ado puertas de servicio. El material se alimenta a trav\u00e9s de una tolva en el lado frontal superior y la descarga de material se realiza por debajo a trav\u00e9s de una tolva de descarga situada en el extremo opuesto.<\/span><\/p>\n<p><span style=\"color: #000000;\">El drenaje est\u00e1 instalado debajo de la carcasa. La abertura superior de la carcasa se \u200b\u200batornilla con una tapa.<\/span><\/p>\n<p><span style=\"color: #000000;\">La carcasa est\u00e1 fabricad en acero y est\u00e1 recubierta internamente contra la corrosi\u00f3n y pintada por fuera.<\/span><\/p>\n<table>\n<tbody>\n<tr>\n<td style=\"text-align: center;\"><span style=\"color: #000000;\"><strong>Secaderos Mec\u00e1nicos tipo<\/strong><\/span><\/td>\n<\/tr>\n<tr>\n<td style=\"text-align: center;\"><span style=\"color: #000000;\">Secaderos Mec\u00e1nicos tipo TM 1001<\/span><\/td>\n<\/tr>\n<tr>\n<td style=\"text-align: center;\"><span style=\"color: #000000;\">Secaderos Mec\u00e1nicos tipo TM 1005<\/span><\/td>\n<\/tr>\n<tr>\n<td style=\"text-align: center;\"><span style=\"color: #000000;\">Secaderos Mec\u00e1nicos tipo TM 1006<\/span><\/td>\n<\/tr>\n<\/tbody>\n<\/table>\n<p>&nbsp;<\/p>\n","protected":false},"excerpt":{"rendered":"<p><em><span style=\"color: #000000;\"><strong>Aplicaci\u00f3n<\/strong><\/span><\/em><br \/>\n <span style=\"color: #000000;\">El <strong>NEUE HERBOLD<\/strong> \u2013 Secador mec\u00e1nico de tipo TM 1005, se utiliza para la limpieza y secado de la superficie de materiales molidos, de preferencia recortes laterales de film y l\u00e1mina,<\/span><\/p>\n<p><span class=\"ellipsis\">&hellip;<\/span><\/p>\n<div class=\"read-more\"><a href=\"https:\/\/neue-herbold.com\/es\/secaderos-mecanicos-tm\/\">Leer m\u00e1s \u203a<\/a><\/div>\n<p><!-- end of .read-more --><\/p>\n","protected":false},"author":1,"featured_media":0,"parent":0,"menu_order":0,"comment_status":"closed","ping_status":"closed","template":"","meta":{"footnotes":""},"class_list":["post-7917","page","type-page","status-publish","hentry"],"yoast_head":"<!-- This site is optimized with the Yoast SEO plugin v25.4 - https:\/\/yoast.com\/wordpress\/plugins\/seo\/ -->\n<title>Secaderos Mec\u00e1nicos TM - Neue Herbold GmbH<\/title>\n<meta name=\"description\" content=\"El Neue Herbold \u2013 Secador mec\u00e1nico de tipo TM 1005, se utiliza para la limpieza y secado de la superficie de materiales molidos, de preferencia recortes\" \/>\n<meta name=\"robots\" content=\"index, follow, max-snippet:-1, max-image-preview:large, max-video-preview:-1\" \/>\n<link rel=\"canonical\" href=\"https:\/\/neue-herbold.com\/es\/secaderos-mecanicos-tm\/\" \/>\n<meta property=\"og:locale\" content=\"es_ES\" \/>\n<meta property=\"og:type\" content=\"article\" \/>\n<meta property=\"og:title\" content=\"Secaderos Mec\u00e1nicos TM - Neue Herbold GmbH\" \/>\n<meta property=\"og:description\" content=\"El Neue Herbold \u2013 Secador mec\u00e1nico de tipo TM 1005, se utiliza para la limpieza y secado de la superficie de materiales molidos, de preferencia recortes\" \/>\n<meta property=\"og:url\" content=\"https:\/\/neue-herbold.com\/es\/secaderos-mecanicos-tm\/\" \/>\n<meta property=\"og:site_name\" content=\"Neue Herbold GmbH\" \/>\n<meta property=\"article:modified_time\" content=\"2017-10-14T23:59:58+00:00\" \/>\n<meta property=\"og:image\" content=\"https:\/\/neue-herbold.com\/wp-content\/uploads\/2014\/12\/TM-1006-1024x936.jpg\" \/>\n<meta name=\"twitter:label1\" content=\"Tiempo de lectura\" \/>\n\t<meta name=\"twitter:data1\" content=\"2 minutes\" \/>\n<script type=\"application\/ld+json\" class=\"yoast-schema-graph\">{\"@context\":\"https:\/\/schema.org\",\"@graph\":[{\"@type\":\"WebPage\",\"@id\":\"https:\/\/neue-herbold.com\/es\/secaderos-mecanicos-tm\/\",\"url\":\"https:\/\/neue-herbold.com\/es\/secaderos-mecanicos-tm\/\",\"name\":\"Secaderos Mec\u00e1nicos TM - Neue Herbold GmbH\",\"isPartOf\":{\"@id\":\"https:\/\/neue-herbold.com\/en\/#website\"},\"primaryImageOfPage\":{\"@id\":\"https:\/\/neue-herbold.com\/es\/secaderos-mecanicos-tm\/#primaryimage\"},\"image\":{\"@id\":\"https:\/\/neue-herbold.com\/es\/secaderos-mecanicos-tm\/#primaryimage\"},\"thumbnailUrl\":\"https:\/\/neue-herbold.com\/wp-content\/uploads\/2014\/12\/TM-1006-1024x936.jpg\",\"datePublished\":\"2016-06-02T20:48:51+00:00\",\"dateModified\":\"2017-10-14T23:59:58+00:00\",\"description\":\"El Neue Herbold \u2013 Secador mec\u00e1nico de tipo TM 1005, se utiliza para la limpieza y secado de la superficie de materiales molidos, de preferencia recortes\",\"breadcrumb\":{\"@id\":\"https:\/\/neue-herbold.com\/es\/secaderos-mecanicos-tm\/#breadcrumb\"},\"inLanguage\":\"es-ES\",\"potentialAction\":[{\"@type\":\"ReadAction\",\"target\":[\"https:\/\/neue-herbold.com\/es\/secaderos-mecanicos-tm\/\"]}]},{\"@type\":\"ImageObject\",\"inLanguage\":\"es-ES\",\"@id\":\"https:\/\/neue-herbold.com\/es\/secaderos-mecanicos-tm\/#primaryimage\",\"url\":\"https:\/\/neue-herbold.com\/wp-content\/uploads\/2014\/12\/TM-1006-1024x936.jpg\",\"contentUrl\":\"https:\/\/neue-herbold.com\/wp-content\/uploads\/2014\/12\/TM-1006-1024x936.jpg\"},{\"@type\":\"BreadcrumbList\",\"@id\":\"https:\/\/neue-herbold.com\/es\/secaderos-mecanicos-tm\/#breadcrumb\",\"itemListElement\":[{\"@type\":\"ListItem\",\"position\":1,\"name\":\"Startseite\",\"item\":\"https:\/\/neue-herbold.com\/es\/\"},{\"@type\":\"ListItem\",\"position\":2,\"name\":\"Secaderos Mec\u00e1nicos TM\"}]},{\"@type\":\"WebSite\",\"@id\":\"https:\/\/neue-herbold.com\/en\/#website\",\"url\":\"https:\/\/neue-herbold.com\/en\/\",\"name\":\"Neue Herbold GmbH\",\"description\":\"\",\"potentialAction\":[{\"@type\":\"SearchAction\",\"target\":{\"@type\":\"EntryPoint\",\"urlTemplate\":\"https:\/\/neue-herbold.com\/en\/?s={search_term_string}\"},\"query-input\":{\"@type\":\"PropertyValueSpecification\",\"valueRequired\":true,\"valueName\":\"search_term_string\"}}],\"inLanguage\":\"es-ES\"}]}<\/script>\n<!-- \/ Yoast SEO plugin. -->","yoast_head_json":{"title":"Secaderos Mec\u00e1nicos TM - Neue Herbold GmbH","description":"El Neue Herbold \u2013 Secador mec\u00e1nico de tipo TM 1005, se utiliza para la limpieza y secado de la superficie de materiales molidos, de preferencia recortes","robots":{"index":"index","follow":"follow","max-snippet":"max-snippet:-1","max-image-preview":"max-image-preview:large","max-video-preview":"max-video-preview:-1"},"canonical":"https:\/\/neue-herbold.com\/es\/secaderos-mecanicos-tm\/","og_locale":"es_ES","og_type":"article","og_title":"Secaderos Mec\u00e1nicos TM - Neue Herbold GmbH","og_description":"El Neue Herbold \u2013 Secador mec\u00e1nico de tipo TM 1005, se utiliza para la limpieza y secado de la superficie de materiales molidos, de preferencia recortes","og_url":"https:\/\/neue-herbold.com\/es\/secaderos-mecanicos-tm\/","og_site_name":"Neue Herbold GmbH","article_modified_time":"2017-10-14T23:59:58+00:00","og_image":[{"url":"https:\/\/neue-herbold.com\/wp-content\/uploads\/2014\/12\/TM-1006-1024x936.jpg","type":"","width":"","height":""}],"twitter_misc":{"Tiempo de lectura":"2 minutes"},"schema":{"@context":"https:\/\/schema.org","@graph":[{"@type":"WebPage","@id":"https:\/\/neue-herbold.com\/es\/secaderos-mecanicos-tm\/","url":"https:\/\/neue-herbold.com\/es\/secaderos-mecanicos-tm\/","name":"Secaderos Mec\u00e1nicos TM - Neue Herbold GmbH","isPartOf":{"@id":"https:\/\/neue-herbold.com\/en\/#website"},"primaryImageOfPage":{"@id":"https:\/\/neue-herbold.com\/es\/secaderos-mecanicos-tm\/#primaryimage"},"image":{"@id":"https:\/\/neue-herbold.com\/es\/secaderos-mecanicos-tm\/#primaryimage"},"thumbnailUrl":"https:\/\/neue-herbold.com\/wp-content\/uploads\/2014\/12\/TM-1006-1024x936.jpg","datePublished":"2016-06-02T20:48:51+00:00","dateModified":"2017-10-14T23:59:58+00:00","description":"El Neue Herbold \u2013 Secador mec\u00e1nico de tipo TM 1005, se utiliza para la limpieza y secado de la superficie de materiales molidos, de preferencia recortes","breadcrumb":{"@id":"https:\/\/neue-herbold.com\/es\/secaderos-mecanicos-tm\/#breadcrumb"},"inLanguage":"es-ES","potentialAction":[{"@type":"ReadAction","target":["https:\/\/neue-herbold.com\/es\/secaderos-mecanicos-tm\/"]}]},{"@type":"ImageObject","inLanguage":"es-ES","@id":"https:\/\/neue-herbold.com\/es\/secaderos-mecanicos-tm\/#primaryimage","url":"https:\/\/neue-herbold.com\/wp-content\/uploads\/2014\/12\/TM-1006-1024x936.jpg","contentUrl":"https:\/\/neue-herbold.com\/wp-content\/uploads\/2014\/12\/TM-1006-1024x936.jpg"},{"@type":"BreadcrumbList","@id":"https:\/\/neue-herbold.com\/es\/secaderos-mecanicos-tm\/#breadcrumb","itemListElement":[{"@type":"ListItem","position":1,"name":"Startseite","item":"https:\/\/neue-herbold.com\/es\/"},{"@type":"ListItem","position":2,"name":"Secaderos Mec\u00e1nicos TM"}]},{"@type":"WebSite","@id":"https:\/\/neue-herbold.com\/en\/#website","url":"https:\/\/neue-herbold.com\/en\/","name":"Neue Herbold GmbH","description":"","potentialAction":[{"@type":"SearchAction","target":{"@type":"EntryPoint","urlTemplate":"https:\/\/neue-herbold.com\/en\/?s={search_term_string}"},"query-input":{"@type":"PropertyValueSpecification","valueRequired":true,"valueName":"search_term_string"}}],"inLanguage":"es-ES"}]}},"_links":{"self":[{"href":"https:\/\/neue-herbold.com\/es\/wp-json\/wp\/v2\/pages\/7917"}],"collection":[{"href":"https:\/\/neue-herbold.com\/es\/wp-json\/wp\/v2\/pages"}],"about":[{"href":"https:\/\/neue-herbold.com\/es\/wp-json\/wp\/v2\/types\/page"}],"author":[{"embeddable":true,"href":"https:\/\/neue-herbold.com\/es\/wp-json\/wp\/v2\/users\/1"}],"replies":[{"embeddable":true,"href":"https:\/\/neue-herbold.com\/es\/wp-json\/wp\/v2\/comments?post=7917"}],"version-history":[{"count":3,"href":"https:\/\/neue-herbold.com\/es\/wp-json\/wp\/v2\/pages\/7917\/revisions"}],"predecessor-version":[{"id":11282,"href":"https:\/\/neue-herbold.com\/es\/wp-json\/wp\/v2\/pages\/7917\/revisions\/11282"}],"wp:attachment":[{"href":"https:\/\/neue-herbold.com\/es\/wp-json\/wp\/v2\/media?parent=7917"}],"curies":[{"name":"wp","href":"https:\/\/api.w.org\/{rel}","templated":true}]}}