{"id":7871,"date":"2016-06-02T21:47:28","date_gmt":"2016-06-02T19:47:28","guid":{"rendered":"https:\/\/neue-herbold.com\/es\/friktionswaescher\/"},"modified":"2022-07-21T02:23:53","modified_gmt":"2022-07-21T00:23:53","slug":"lavadero-por-friccion","status":"publish","type":"page","link":"https:\/\/neue-herbold.com\/es\/lavadero-por-friccion\/","title":{"rendered":"Lavadero por Fricci\u00f3n FW \/ FA"},"content":{"rendered":"<div id=\"attachment_3017\" style=\"width: 444px\" class=\"wp-caption alignright\"><a href=\"https:\/\/neue-herbold.com\/wp-content\/uploads\/2014\/11\/WA-022.jpg\" target=\"_blank\" rel=\"noopener noreferrer\"><img loading=\"lazy\" decoding=\"async\" aria-describedby=\"caption-attachment-3017\" class=\"wp-image-3017\" src=\"https:\/\/neue-herbold.com\/wp-content\/uploads\/2014\/11\/WA-022-1009x1024.jpg\" alt=\"Lavadero por fricci\u00f3n\" width=\"434\" height=\"440\" srcset=\"https:\/\/neue-herbold.com\/wp-content\/uploads\/2014\/11\/WA-022-1009x1024.jpg 1009w, https:\/\/neue-herbold.com\/wp-content\/uploads\/2014\/11\/WA-022-295x300.jpg 295w, https:\/\/neue-herbold.com\/wp-content\/uploads\/2014\/11\/WA-022-100x101.jpg 100w, https:\/\/neue-herbold.com\/wp-content\/uploads\/2014\/11\/WA-022-150x152.jpg 150w, https:\/\/neue-herbold.com\/wp-content\/uploads\/2014\/11\/WA-022-200x202.jpg 200w, https:\/\/neue-herbold.com\/wp-content\/uploads\/2014\/11\/WA-022-300x304.jpg 300w, https:\/\/neue-herbold.com\/wp-content\/uploads\/2014\/11\/WA-022-450x456.jpg 450w, https:\/\/neue-herbold.com\/wp-content\/uploads\/2014\/11\/WA-022-600x608.jpg 600w, https:\/\/neue-herbold.com\/wp-content\/uploads\/2014\/11\/WA-022-900x912.jpg 900w, https:\/\/neue-herbold.com\/wp-content\/uploads\/2014\/11\/WA-022.jpg 1200w\" sizes=\"(max-width: 434px) 100vw, 434px\" \/><\/a><p id=\"caption-attachment-3017\" class=\"wp-caption-text\">Lavadero por fricci\u00f3n Tipo FW 560\/3000 \/ y Molino Tipo SM 450\/1000<\/p><\/div>\n<p><span style=\"color: #000000;\">El lavadero por fricci\u00f3n de <strong>NEUE HERBOLD<\/strong> se utiliza para la separaci\u00f3n de agua y para la limpieza de materiales molidos, de preferencia recortes laterales de films y l\u00e1minas, gr\u00e1nulos de PET y otros productos de pl\u00e1stico duro.<\/span><\/p>\n<p><span style=\"color: #000000;\">El lavadero por fricci\u00f3n est\u00e1 montado sobre un bastidor de acero galvanizado para mantenerlo en una posici\u00f3n inclinada. Es impulsado por un motor de corriente alterna y unas correas de transmisi\u00f3n de gran tama\u00f1o.<\/span><\/p>\n<p><span style=\"color: #000000;\">El rotor del separador transporta el producto hacia arriba a la salida. Durante el transporte de abajo hacia arriba, el material se lava. Adem\u00e1s, se puede a\u00f1adir agua directamente en el lavadero, lo que mejora todav\u00eda m\u00e1s el efecto de limpieza.<\/span><\/p>\n<div id=\"attachment_3288\" style=\"width: 310px\" class=\"wp-caption alignleft\"><a href=\"https:\/\/neue-herbold.com\/wp-content\/uploads\/2014\/11\/P7050058.jpg\" target=\"_blank\" rel=\"noopener noreferrer\"><img loading=\"lazy\" decoding=\"async\" aria-describedby=\"caption-attachment-3288\" class=\"wp-image-3288 size-medium\" src=\"https:\/\/neue-herbold.com\/wp-content\/uploads\/2014\/11\/P7050058-300x225.jpg\" alt=\"\" width=\"300\" height=\"225\" srcset=\"https:\/\/neue-herbold.com\/wp-content\/uploads\/2014\/11\/P7050058-300x225.jpg 300w, https:\/\/neue-herbold.com\/wp-content\/uploads\/2014\/11\/P7050058-1024x768.jpg 1024w, https:\/\/neue-herbold.com\/wp-content\/uploads\/2014\/11\/P7050058-100x75.jpg 100w, https:\/\/neue-herbold.com\/wp-content\/uploads\/2014\/11\/P7050058-150x112.jpg 150w, https:\/\/neue-herbold.com\/wp-content\/uploads\/2014\/11\/P7050058-200x150.jpg 200w, https:\/\/neue-herbold.com\/wp-content\/uploads\/2014\/11\/P7050058-450x337.jpg 450w, https:\/\/neue-herbold.com\/wp-content\/uploads\/2014\/11\/P7050058-600x450.jpg 600w, https:\/\/neue-herbold.com\/wp-content\/uploads\/2014\/11\/P7050058-900x675.jpg 900w, https:\/\/neue-herbold.com\/wp-content\/uploads\/2014\/11\/P7050058.jpg 1200w\" sizes=\"(max-width: 300px) 100vw, 300px\" \/><\/a><p id=\"caption-attachment-3288\" class=\"wp-caption-text\">FA 600\/3200<\/p><\/div>\n<p><span style=\"color: #000000;\">La suciedad, el agua y el papel mojado son forzados y extra\u00eddos a trav\u00e9s de los agujeros de la criba. El agua y la suciedad se acumulan en la pared de la carcasa interior y puede escapar a trav\u00e9s de la apertura de descarga.<\/span><\/p>\n<p><span style=\"color: #000000;\">El rotor est\u00e1 fabricado con un acero de pared gruesa, con un extremo del eje soldado y con palas de aceleraci\u00f3n con un soporte reforzado. Si se requiere, el rotor puede estar equipado con palas intercambiables. El rotor est\u00e1 equilibrado din\u00e1micamente, lo que garantiza su perfecto funcionamiento.<\/span><\/p>\n<table>\n<tbody>\n<tr>\n<td style=\"text-align: center;\"><span style=\"color: #000000;\"><strong>Lavaderos por friccion<\/strong><\/span><\/td>\n<\/tr>\n<tr>\n<td style=\"text-align: center;\"><span style=\"color: #000000;\">Lavadero por friccion tipo FW 560\/3000<\/span><\/td>\n<\/tr>\n<tr>\n<td style=\"text-align: center;\"><span style=\"color: #000000;\">Lavadero por friccion tipo FA 600\/3200<\/span><\/td>\n<\/tr>\n<\/tbody>\n<\/table>\n<p><em><strong>Video: Lavadero por Fricci\u00f3n <span style=\"color: #808080;\">(en ingl\u00e9s)<\/span><\/strong><\/em><\/p>\n<div id=\"bc81kGVO5P\" data-borlabs-cookie-blocked-content><div class=\"borlabs-cookie-bct bc-bct-video bc-bct-youtube\"> <p class=\"bc-thumbnail\"><img src=\"https:\/\/neue-herbold.com\/wp-content\/plugins\/borlabs-cookie\/images\/bct-no-thumbnail.png\" alt=\"YouTube\"><\/p> <div class=\"bc-text\"> <p>Para proteger sus datos personales, se ha bloqueado su conexi\u00f3n a YouTube. <br> Haga clic en <strong> Cargar video <\/strong> para desbloquear YouTube. <br> Al cargar el video, acepta la pol\u00edtica de privacidad de YouTube. <br> Puede encontrar m\u00e1s informaci\u00f3n sobre la pol\u00edtica de privacidad de YouTube aqu\u00ed. <a href=\"https:\/\/policies.google.com\/privacy?hl=es&gl=es\" target=\"_blank\" rel=\"nofollow\">Google - Declaraci\u00f3n de privacidad<\/a><\/p> <p><label><input type=\"checkbox\" name=\"unblockAll\" value=\"1\" > No bloquees m\u00e1s videos de YouTube en el futuro.<\/label> <a role=\"button\" data-borlabs-cookie-unblock>Cargar video<\/a><\/p> <\/div> <\/div><\/div>\n","protected":false},"excerpt":{"rendered":"<p><span style=\"color: #000000;\">El lavadero por fricci\u00f3n de <strong>NEUE HERBOLD<\/strong> se utiliza para la separaci\u00f3n de agua y para la limpieza de materiales molidos, de preferencia recortes laterales de films y l\u00e1minas, gr\u00e1nulos de PET y otros productos de pl\u00e1stico duro.<\/span><\/p>\n<p><span class=\"ellipsis\">&hellip;<\/span><\/p>\n<div class=\"read-more\"><a href=\"https:\/\/neue-herbold.com\/es\/lavadero-por-friccion\/\">Leer m\u00e1s \u203a<\/a><\/div>\n<p><!-- end of .read-more --><\/p>\n","protected":false},"author":1,"featured_media":0,"parent":0,"menu_order":0,"comment_status":"closed","ping_status":"closed","template":"","meta":{"footnotes":""},"class_list":["post-7871","page","type-page","status-publish","hentry"],"yoast_head":"<!-- This site is optimized with the Yoast SEO plugin v25.4 - https:\/\/yoast.com\/wordpress\/plugins\/seo\/ -->\n<title>Lavadero por Fricci\u00f3n FW \/ FA - Neue Herbold GmbH<\/title>\n<meta name=\"description\" content=\"El lavadero por fricci\u00f3n de Neue Herbold se utiliza para la separaci\u00f3n de agua y para la limpieza de materiales molidos, de preferencia recortes laterales\" \/>\n<meta name=\"robots\" content=\"index, follow, max-snippet:-1, max-image-preview:large, max-video-preview:-1\" \/>\n<link rel=\"canonical\" href=\"https:\/\/neue-herbold.com\/es\/lavadero-por-friccion\/\" \/>\n<meta property=\"og:locale\" content=\"es_ES\" \/>\n<meta property=\"og:type\" content=\"article\" \/>\n<meta property=\"og:title\" content=\"Lavadero por Fricci\u00f3n FW \/ FA - Neue Herbold GmbH\" \/>\n<meta property=\"og:description\" content=\"El lavadero por fricci\u00f3n de Neue Herbold se utiliza para la separaci\u00f3n de agua y para la limpieza de materiales molidos, de preferencia recortes laterales\" \/>\n<meta property=\"og:url\" content=\"https:\/\/neue-herbold.com\/es\/lavadero-por-friccion\/\" \/>\n<meta property=\"og:site_name\" content=\"Neue Herbold GmbH\" \/>\n<meta property=\"article:modified_time\" content=\"2022-07-21T00:23:53+00:00\" \/>\n<meta property=\"og:image\" content=\"https:\/\/neue-herbold.com\/wp-content\/uploads\/2014\/11\/WA-022-1009x1024.jpg\" \/>\n<meta name=\"twitter:label1\" content=\"Tiempo de lectura\" \/>\n\t<meta name=\"twitter:data1\" content=\"2 minutes\" \/>\n<script type=\"application\/ld+json\" class=\"yoast-schema-graph\">{\"@context\":\"https:\/\/schema.org\",\"@graph\":[{\"@type\":\"WebPage\",\"@id\":\"https:\/\/neue-herbold.com\/es\/lavadero-por-friccion\/\",\"url\":\"https:\/\/neue-herbold.com\/es\/lavadero-por-friccion\/\",\"name\":\"Lavadero por Fricci\u00f3n FW \/ FA - Neue Herbold GmbH\",\"isPartOf\":{\"@id\":\"https:\/\/neue-herbold.com\/en\/#website\"},\"primaryImageOfPage\":{\"@id\":\"https:\/\/neue-herbold.com\/es\/lavadero-por-friccion\/#primaryimage\"},\"image\":{\"@id\":\"https:\/\/neue-herbold.com\/es\/lavadero-por-friccion\/#primaryimage\"},\"thumbnailUrl\":\"https:\/\/neue-herbold.com\/wp-content\/uploads\/2014\/11\/WA-022-1009x1024.jpg\",\"datePublished\":\"2016-06-02T19:47:28+00:00\",\"dateModified\":\"2022-07-21T00:23:53+00:00\",\"description\":\"El lavadero por fricci\u00f3n de Neue Herbold se utiliza para la separaci\u00f3n de agua y para la limpieza de materiales molidos, de preferencia recortes laterales\",\"breadcrumb\":{\"@id\":\"https:\/\/neue-herbold.com\/es\/lavadero-por-friccion\/#breadcrumb\"},\"inLanguage\":\"es-ES\",\"potentialAction\":[{\"@type\":\"ReadAction\",\"target\":[\"https:\/\/neue-herbold.com\/es\/lavadero-por-friccion\/\"]}]},{\"@type\":\"ImageObject\",\"inLanguage\":\"es-ES\",\"@id\":\"https:\/\/neue-herbold.com\/es\/lavadero-por-friccion\/#primaryimage\",\"url\":\"https:\/\/neue-herbold.com\/wp-content\/uploads\/2014\/11\/WA-022-1009x1024.jpg\",\"contentUrl\":\"https:\/\/neue-herbold.com\/wp-content\/uploads\/2014\/11\/WA-022-1009x1024.jpg\"},{\"@type\":\"BreadcrumbList\",\"@id\":\"https:\/\/neue-herbold.com\/es\/lavadero-por-friccion\/#breadcrumb\",\"itemListElement\":[{\"@type\":\"ListItem\",\"position\":1,\"name\":\"Startseite\",\"item\":\"https:\/\/neue-herbold.com\/es\/\"},{\"@type\":\"ListItem\",\"position\":2,\"name\":\"Lavadero por Fricci\u00f3n FW \/ FA\"}]},{\"@type\":\"WebSite\",\"@id\":\"https:\/\/neue-herbold.com\/en\/#website\",\"url\":\"https:\/\/neue-herbold.com\/en\/\",\"name\":\"Neue Herbold GmbH\",\"description\":\"\",\"potentialAction\":[{\"@type\":\"SearchAction\",\"target\":{\"@type\":\"EntryPoint\",\"urlTemplate\":\"https:\/\/neue-herbold.com\/en\/?s={search_term_string}\"},\"query-input\":{\"@type\":\"PropertyValueSpecification\",\"valueRequired\":true,\"valueName\":\"search_term_string\"}}],\"inLanguage\":\"es-ES\"}]}<\/script>\n<!-- \/ Yoast SEO plugin. -->","yoast_head_json":{"title":"Lavadero por Fricci\u00f3n FW \/ FA - Neue Herbold GmbH","description":"El lavadero por fricci\u00f3n de Neue Herbold se utiliza para la separaci\u00f3n de agua y para la limpieza de materiales molidos, de preferencia recortes laterales","robots":{"index":"index","follow":"follow","max-snippet":"max-snippet:-1","max-image-preview":"max-image-preview:large","max-video-preview":"max-video-preview:-1"},"canonical":"https:\/\/neue-herbold.com\/es\/lavadero-por-friccion\/","og_locale":"es_ES","og_type":"article","og_title":"Lavadero por Fricci\u00f3n FW \/ FA - Neue Herbold GmbH","og_description":"El lavadero por fricci\u00f3n de Neue Herbold se utiliza para la separaci\u00f3n de agua y para la limpieza de materiales molidos, de preferencia recortes laterales","og_url":"https:\/\/neue-herbold.com\/es\/lavadero-por-friccion\/","og_site_name":"Neue Herbold GmbH","article_modified_time":"2022-07-21T00:23:53+00:00","og_image":[{"url":"https:\/\/neue-herbold.com\/wp-content\/uploads\/2014\/11\/WA-022-1009x1024.jpg","type":"","width":"","height":""}],"twitter_misc":{"Tiempo de lectura":"2 minutes"},"schema":{"@context":"https:\/\/schema.org","@graph":[{"@type":"WebPage","@id":"https:\/\/neue-herbold.com\/es\/lavadero-por-friccion\/","url":"https:\/\/neue-herbold.com\/es\/lavadero-por-friccion\/","name":"Lavadero por Fricci\u00f3n FW \/ FA - Neue Herbold GmbH","isPartOf":{"@id":"https:\/\/neue-herbold.com\/en\/#website"},"primaryImageOfPage":{"@id":"https:\/\/neue-herbold.com\/es\/lavadero-por-friccion\/#primaryimage"},"image":{"@id":"https:\/\/neue-herbold.com\/es\/lavadero-por-friccion\/#primaryimage"},"thumbnailUrl":"https:\/\/neue-herbold.com\/wp-content\/uploads\/2014\/11\/WA-022-1009x1024.jpg","datePublished":"2016-06-02T19:47:28+00:00","dateModified":"2022-07-21T00:23:53+00:00","description":"El lavadero por fricci\u00f3n de Neue Herbold se utiliza para la separaci\u00f3n de agua y para la limpieza de materiales molidos, de preferencia recortes laterales","breadcrumb":{"@id":"https:\/\/neue-herbold.com\/es\/lavadero-por-friccion\/#breadcrumb"},"inLanguage":"es-ES","potentialAction":[{"@type":"ReadAction","target":["https:\/\/neue-herbold.com\/es\/lavadero-por-friccion\/"]}]},{"@type":"ImageObject","inLanguage":"es-ES","@id":"https:\/\/neue-herbold.com\/es\/lavadero-por-friccion\/#primaryimage","url":"https:\/\/neue-herbold.com\/wp-content\/uploads\/2014\/11\/WA-022-1009x1024.jpg","contentUrl":"https:\/\/neue-herbold.com\/wp-content\/uploads\/2014\/11\/WA-022-1009x1024.jpg"},{"@type":"BreadcrumbList","@id":"https:\/\/neue-herbold.com\/es\/lavadero-por-friccion\/#breadcrumb","itemListElement":[{"@type":"ListItem","position":1,"name":"Startseite","item":"https:\/\/neue-herbold.com\/es\/"},{"@type":"ListItem","position":2,"name":"Lavadero por Fricci\u00f3n FW \/ FA"}]},{"@type":"WebSite","@id":"https:\/\/neue-herbold.com\/en\/#website","url":"https:\/\/neue-herbold.com\/en\/","name":"Neue Herbold GmbH","description":"","potentialAction":[{"@type":"SearchAction","target":{"@type":"EntryPoint","urlTemplate":"https:\/\/neue-herbold.com\/en\/?s={search_term_string}"},"query-input":{"@type":"PropertyValueSpecification","valueRequired":true,"valueName":"search_term_string"}}],"inLanguage":"es-ES"}]}},"_links":{"self":[{"href":"https:\/\/neue-herbold.com\/es\/wp-json\/wp\/v2\/pages\/7871"}],"collection":[{"href":"https:\/\/neue-herbold.com\/es\/wp-json\/wp\/v2\/pages"}],"about":[{"href":"https:\/\/neue-herbold.com\/es\/wp-json\/wp\/v2\/types\/page"}],"author":[{"embeddable":true,"href":"https:\/\/neue-herbold.com\/es\/wp-json\/wp\/v2\/users\/1"}],"replies":[{"embeddable":true,"href":"https:\/\/neue-herbold.com\/es\/wp-json\/wp\/v2\/comments?post=7871"}],"version-history":[{"count":4,"href":"https:\/\/neue-herbold.com\/es\/wp-json\/wp\/v2\/pages\/7871\/revisions"}],"predecessor-version":[{"id":16006,"href":"https:\/\/neue-herbold.com\/es\/wp-json\/wp\/v2\/pages\/7871\/revisions\/16006"}],"wp:attachment":[{"href":"https:\/\/neue-herbold.com\/es\/wp-json\/wp\/v2\/media?parent=7871"}],"curies":[{"name":"wp","href":"https:\/\/api.w.org\/{rel}","templated":true}]}}