{"id":7838,"date":"2016-06-02T20:45:04","date_gmt":"2016-06-02T18:45:04","guid":{"rendered":"https:\/\/neue-herbold.com\/es\/schneckenbrecher\/"},"modified":"2017-05-02T23:40:40","modified_gmt":"2017-05-02T21:40:40","slug":"quebrantadores-de-tornillo-sinfin","status":"publish","type":"page","link":"https:\/\/neue-herbold.com\/es\/quebrantadores-de-tornillo-sinfin\/","title":{"rendered":"Quebrantadores de tornillo sinf\u00edn"},"content":{"rendered":"<p><strong><span style=\"color: #000000;\"><a href=\"https:\/\/neue-herbold.com\/wp-content\/uploads\/2014\/11\/SB-Anlage.jpg\" target=\"_blank\" rel=\"noopener noreferrer\"><img loading=\"lazy\" decoding=\"async\" class=\"alignright wp-image-2959\" src=\"https:\/\/neue-herbold.com\/wp-content\/uploads\/2014\/11\/SB-Anlage-1024x803.jpg\" alt=\"SB-Anlage\" width=\"491\" height=\"385\" srcset=\"https:\/\/neue-herbold.com\/wp-content\/uploads\/2014\/11\/SB-Anlage-1024x803.jpg 1024w, https:\/\/neue-herbold.com\/wp-content\/uploads\/2014\/11\/SB-Anlage-300x235.jpg 300w, https:\/\/neue-herbold.com\/wp-content\/uploads\/2014\/11\/SB-Anlage-100x78.jpg 100w, https:\/\/neue-herbold.com\/wp-content\/uploads\/2014\/11\/SB-Anlage-150x117.jpg 150w, https:\/\/neue-herbold.com\/wp-content\/uploads\/2014\/11\/SB-Anlage-200x157.jpg 200w, https:\/\/neue-herbold.com\/wp-content\/uploads\/2014\/11\/SB-Anlage-450x353.jpg 450w, https:\/\/neue-herbold.com\/wp-content\/uploads\/2014\/11\/SB-Anlage-600x471.jpg 600w, https:\/\/neue-herbold.com\/wp-content\/uploads\/2014\/11\/SB-Anlage-900x706.jpg 900w, https:\/\/neue-herbold.com\/wp-content\/uploads\/2014\/11\/SB-Anlage.jpg 1200w\" sizes=\"(max-width: 491px) 100vw, 491px\" \/><\/a><em>Campo de empleo<\/em><\/span><\/strong><\/p>\n<p><span style=\"color: #000000;\">Quebrantadores de tornillo sinf\u00edn de la serie SB de <strong>NEUE HERBOLD<\/strong> se emplean no s\u00f3lo para la trituraci\u00f3n previa de materiales voluminosos como p.ej.:<\/span><\/p>\n<ul>\n<li><span style=\"color: #000000;\">trituraci\u00f3n de paletas de madera<\/span><\/li>\n<li><span style=\"color: #000000;\">trituraci\u00f3n de tambores de cables<\/span><\/li>\n<li><span style=\"color: #000000;\">trituraci\u00f3n de placas aislantes<\/span><\/li>\n<li><span style=\"color: #000000;\">trituraci\u00f3n de piedras de hormig\u00f3n celular<\/span><\/li>\n<li><span style=\"color: #000000;\">trituraci\u00f3n de ladrillos silicocalc\u00e1reos etc.<\/span><\/li>\n<\/ul>\n<p><span style=\"color: #000000;\">sino tambi\u00e9n para la apertura y dosificaci\u00f3n de balas de desechos prensados.<br \/>\n Con este etapa, la separaci\u00f3n de cuerpos extra\u00f1os puede hacerse en pasos subsiguientes.<\/span><\/p>\n<p>&nbsp;<\/p>\n<div>\n<p><b><i>T\u00e9cnica<\/i><\/b><br \/>\n Quebrantadores de tornillo sinf\u00edn de la serie SB de <b>NEUE HERBOLD<\/b> est\u00e1n equipados con \u00e1rboles trituradores espirales, trabajando uno contra otro en pares. Los \u00e1rboles trituradores est\u00e1n apoyados en una soldada caja en forma de cubeta la cual puede ser equipada con un piso perforado para la separaci\u00f3n de arena y tierras. La trituraci\u00f3n o sea apertura se hace a trav\u00e9s de fuerzas de corte entre los \u00e1rboles de tornillo sinf\u00edn y entre \u00e1rbol de tornillo sinf\u00edn y dientes antagonistas apoyados en la caja.<\/p>\n<p>Las roscas helicoidales en los \u00e1rboles trituradores efect\u00faan un transporte horizontal del material en direcci\u00f3n del pozo de descarga. El acceso al pozo de descarga puede reducirse mediante dispositivo determinando as\u00ed el tama\u00f1o de pieza del material expulsado o sea la cantidad de expulsi\u00f3n.<\/p>\n<\/div>\n<p><a href=\"https:\/\/neue-herbold.com\/wp-content\/uploads\/2014\/11\/SB-5602-HM-800-1000.jpg\" target=\"_blank\" rel=\"noopener noreferrer\"><img loading=\"lazy\" decoding=\"async\" class=\"alignleft wp-image-2958\" src=\"https:\/\/neue-herbold.com\/wp-content\/uploads\/2014\/11\/SB-5602-HM-800-1000-1024x733.jpg\" alt=\"SB-5602-HM-800-1000\" width=\"306\" height=\"219\" srcset=\"https:\/\/neue-herbold.com\/wp-content\/uploads\/2014\/11\/SB-5602-HM-800-1000-1024x733.jpg 1024w, https:\/\/neue-herbold.com\/wp-content\/uploads\/2014\/11\/SB-5602-HM-800-1000-300x215.jpg 300w, https:\/\/neue-herbold.com\/wp-content\/uploads\/2014\/11\/SB-5602-HM-800-1000-100x71.jpg 100w, https:\/\/neue-herbold.com\/wp-content\/uploads\/2014\/11\/SB-5602-HM-800-1000-150x107.jpg 150w, https:\/\/neue-herbold.com\/wp-content\/uploads\/2014\/11\/SB-5602-HM-800-1000-200x143.jpg 200w, https:\/\/neue-herbold.com\/wp-content\/uploads\/2014\/11\/SB-5602-HM-800-1000-450x322.jpg 450w, https:\/\/neue-herbold.com\/wp-content\/uploads\/2014\/11\/SB-5602-HM-800-1000-600x430.jpg 600w, https:\/\/neue-herbold.com\/wp-content\/uploads\/2014\/11\/SB-5602-HM-800-1000-900x645.jpg 900w, https:\/\/neue-herbold.com\/wp-content\/uploads\/2014\/11\/SB-5602-HM-800-1000.jpg 1200w\" sizes=\"(max-width: 306px) 100vw, 306px\" \/><\/a><\/p>\n<div>\n<p><b><i>Ventajas<\/i><\/b><\/p>\n<ul>\n<li>posibilidad de empleo m\u00faltiple<\/li>\n<li class=\"Normal\">trituraci\u00f3n que ahorra energ\u00eda<\/li>\n<li class=\"Normal\">bajo nivel de ruido<\/li>\n<li class=\"Normal\">rendimiento de paso m\u00e1s alto<\/li>\n<li class=\"Normal\">m\u00ednimos tiempos de parada<\/li>\n<\/ul>\n<p>&nbsp;<\/p>\n<\/div>\n<p>&nbsp;<\/p>\n<p>&nbsp;<\/p>\n<p>&nbsp;<\/p>\n<p>&nbsp;<\/p>\n<p><strong>Video &#8211; apertura de balas<br \/>\n <\/strong><\/p>\n<div id=\"bcsZKIibBb\" data-borlabs-cookie-blocked-content><div class=\"borlabs-cookie-bct bc-bct-video bc-bct-youtube\"> <p class=\"bc-thumbnail\"><img src=\"https:\/\/neue-herbold.com\/wp-content\/plugins\/borlabs-cookie\/images\/bct-no-thumbnail.png\" alt=\"YouTube\"><\/p> <div class=\"bc-text\"> <p>Para proteger sus datos personales, se ha bloqueado su conexi\u00f3n a YouTube. <br> Haga clic en <strong> Cargar video <\/strong> para desbloquear YouTube. <br> Al cargar el video, acepta la pol\u00edtica de privacidad de YouTube. <br> Puede encontrar m\u00e1s informaci\u00f3n sobre la pol\u00edtica de privacidad de YouTube aqu\u00ed. <a href=\"https:\/\/policies.google.com\/privacy?hl=es&gl=es\" target=\"_blank\" rel=\"nofollow\">Google - Declaraci\u00f3n de privacidad<\/a><\/p> <p><label><input type=\"checkbox\" name=\"unblockAll\" value=\"1\" > No bloquees m\u00e1s videos de YouTube en el futuro.<\/label> <a role=\"button\" data-borlabs-cookie-unblock>Cargar video<\/a><\/p> <\/div> <\/div><\/div>\n<p>&nbsp;<\/p>\n<p><strong>Video &#8211; trituraci\u00f3n de paletas de madera<br \/>\n <\/strong><\/p>\n<div id=\"bcLSqHmmDW\" data-borlabs-cookie-blocked-content><div class=\"borlabs-cookie-bct bc-bct-video bc-bct-youtube\"> <p class=\"bc-thumbnail\"><img src=\"https:\/\/neue-herbold.com\/wp-content\/plugins\/borlabs-cookie\/images\/bct-no-thumbnail.png\" alt=\"YouTube\"><\/p> <div class=\"bc-text\"> <p>Para proteger sus datos personales, se ha bloqueado su conexi\u00f3n a YouTube. <br> Haga clic en <strong> Cargar video <\/strong> para desbloquear YouTube. <br> Al cargar el video, acepta la pol\u00edtica de privacidad de YouTube. <br> Puede encontrar m\u00e1s informaci\u00f3n sobre la pol\u00edtica de privacidad de YouTube aqu\u00ed. <a href=\"https:\/\/policies.google.com\/privacy?hl=es&gl=es\" target=\"_blank\" rel=\"nofollow\">Google - Declaraci\u00f3n de privacidad<\/a><\/p> <p><label><input type=\"checkbox\" name=\"unblockAll\" value=\"1\" > No bloquees m\u00e1s videos de YouTube en el futuro.<\/label> <a role=\"button\" data-borlabs-cookie-unblock>Cargar video<\/a><\/p> <\/div> <\/div><\/div>\n<p>&nbsp;<\/p>\n<p><strong>Video &#8211; Trituraci\u00f3n de ladrillos silicocalc\u00e1reos<br \/>\n <\/strong><\/p>\n<div id=\"bc25TEJdaN\" data-borlabs-cookie-blocked-content><div class=\"borlabs-cookie-bct bc-bct-video bc-bct-youtube\"> <p class=\"bc-thumbnail\"><img src=\"https:\/\/neue-herbold.com\/wp-content\/plugins\/borlabs-cookie\/images\/bct-no-thumbnail.png\" alt=\"YouTube\"><\/p> <div class=\"bc-text\"> <p>Para proteger sus datos personales, se ha bloqueado su conexi\u00f3n a YouTube. <br> Haga clic en <strong> Cargar video <\/strong> para desbloquear YouTube. <br> Al cargar el video, acepta la pol\u00edtica de privacidad de YouTube. <br> Puede encontrar m\u00e1s informaci\u00f3n sobre la pol\u00edtica de privacidad de YouTube aqu\u00ed. <a href=\"https:\/\/policies.google.com\/privacy?hl=es&gl=es\" target=\"_blank\" rel=\"nofollow\">Google - Declaraci\u00f3n de privacidad<\/a><\/p> <p><label><input type=\"checkbox\" name=\"unblockAll\" value=\"1\" > No bloquees m\u00e1s videos de YouTube en el futuro.<\/label> <a role=\"button\" data-borlabs-cookie-unblock>Cargar video<\/a><\/p> <\/div> <\/div><\/div>\n<p>&nbsp;<\/p>\n<p><strong>Video &#8211; Trituraci\u00f3n de piedras Ytong<br \/>\n <\/strong><\/p>\n<div id=\"bc4bIL2bOV\" data-borlabs-cookie-blocked-content><div class=\"borlabs-cookie-bct bc-bct-video bc-bct-youtube\"> <p class=\"bc-thumbnail\"><img src=\"https:\/\/neue-herbold.com\/wp-content\/plugins\/borlabs-cookie\/images\/bct-no-thumbnail.png\" alt=\"YouTube\"><\/p> <div class=\"bc-text\"> <p>Para proteger sus datos personales, se ha bloqueado su conexi\u00f3n a YouTube. <br> Haga clic en <strong> Cargar video <\/strong> para desbloquear YouTube. <br> Al cargar el video, acepta la pol\u00edtica de privacidad de YouTube. <br> Puede encontrar m\u00e1s informaci\u00f3n sobre la pol\u00edtica de privacidad de YouTube aqu\u00ed. <a href=\"https:\/\/policies.google.com\/privacy?hl=es&gl=es\" target=\"_blank\" rel=\"nofollow\">Google - Declaraci\u00f3n de privacidad<\/a><\/p> <p><label><input type=\"checkbox\" name=\"unblockAll\" value=\"1\" > No bloquees m\u00e1s videos de YouTube en el futuro.<\/label> <a role=\"button\" data-borlabs-cookie-unblock>Cargar video<\/a><\/p> <\/div> <\/div><\/div>\n<p>&nbsp;<\/p>\n<p>&nbsp;<\/p>\n<table>\n<tbody>\n<tr>\n<td style=\"text-align: center;\"><strong>Quebrantadores de tornillo sinf\u00edn<\/strong><\/td>\n<td style=\"text-align: center;\"><strong><span id=\"result_box\" class=\"short_text\" lang=\"es\"><span class=\"hps\">Secci\u00f3n<\/span> <span class=\"hps\">de entrada<\/span><\/span>ca. (mm)<\/strong><\/td>\n<td style=\"text-align: center;\"><strong><span id=\"result_box\" class=\"short_text\" lang=\"es\"><span class=\"hps\">N\u00famero de<\/span> <span class=\"hps\">ejes de los tornillos<\/span><\/span><\/strong><\/td>\n<td style=\"text-align: center;\"><strong><span id=\"result_box\" class=\"short_text\" lang=\"es\"><span class=\"hps alt-edited\">unidad<\/span><\/span> (kw)<\/strong><\/td>\n<td style=\"text-align: center;\">\n<p><strong><span id=\"result_box\" class=\"short_text\" lang=\"es\"><span class=\"hps\">Peso<br \/>\n <\/span><\/span>(kg)<\/strong><\/p>\n<\/td>\n<td style=\"text-align: center;\">\u00a0<\/td>\n<\/tr>\n<tr>\n<td>Tipo SB 560\/2<\/td>\n<td style=\"text-align: center;\">1600 X 1600<\/td>\n<td style=\"text-align: center;\">2<\/td>\n<td style=\"text-align: center;\">2 X 15<\/td>\n<td style=\"text-align: center;\">6000<\/td>\n<td style=\"text-align: center;\">\u00a0<\/td>\n<\/tr>\n<tr>\n<td>Tipo Typ SB 560\/4<\/td>\n<td style=\"text-align: center;\">1600 X 2800<\/td>\n<td style=\"text-align: center;\">4<\/td>\n<td style=\"text-align: center;\">4 X 15<\/td>\n<td style=\"text-align: center;\">10000<\/td>\n<td style=\"text-align: center;\">\u00a0<\/td>\n<\/tr>\n<\/tbody>\n<\/table>\n","protected":false},"excerpt":{"rendered":"<p><strong><span style=\"color: #000000;\"><a href=\"https:\/\/neue-herbold.com\/wp-content\/uploads\/2014\/11\/SB-Anlage.jpg\" target=\"_blank\" rel=\"noopener noreferrer\"><img loading=\"lazy\" decoding=\"async\" class=\"alignright wp-image-2959\" src=\"https:\/\/neue-herbold.com\/wp-content\/uploads\/2014\/11\/SB-Anlage-1024x803.jpg\" alt=\"SB-Anlage\" width=\"491\" height=\"385\" srcset=\"https:\/\/neue-herbold.com\/wp-content\/uploads\/2014\/11\/SB-Anlage-1024x803.jpg 1024w, https:\/\/neue-herbold.com\/wp-content\/uploads\/2014\/11\/SB-Anlage-300x235.jpg 300w, https:\/\/neue-herbold.com\/wp-content\/uploads\/2014\/11\/SB-Anlage-100x78.jpg 100w, https:\/\/neue-herbold.com\/wp-content\/uploads\/2014\/11\/SB-Anlage-150x117.jpg 150w, https:\/\/neue-herbold.com\/wp-content\/uploads\/2014\/11\/SB-Anlage-200x157.jpg 200w, https:\/\/neue-herbold.com\/wp-content\/uploads\/2014\/11\/SB-Anlage-450x353.jpg 450w, https:\/\/neue-herbold.com\/wp-content\/uploads\/2014\/11\/SB-Anlage-600x471.jpg 600w, https:\/\/neue-herbold.com\/wp-content\/uploads\/2014\/11\/SB-Anlage-900x706.jpg 900w, https:\/\/neue-herbold.com\/wp-content\/uploads\/2014\/11\/SB-Anlage.jpg 1200w\" sizes=\"(max-width: 491px) 100vw, 491px\" \/><\/a><em>Campo de empleo<\/em><\/span><\/strong><\/p>\n<p><span style=\"color: #000000;\">Quebrantadores de tornillo sinf\u00edn de la serie SB de <strong>NEUE HERBOLD<\/strong> se emplean no s\u00f3lo para la trituraci\u00f3n previa de materiales voluminosos como p.ej.:<\/span><\/p>\n<ul>\n<li><span style=\"color: #000000;\">trituraci\u00f3n de paletas de madera<\/span><\/li>\n<li><span style=\"color: #000000;\">trituraci\u00f3n de tambores de cables<\/span><\/li>\n<li><span style=\"color: #000000;\">trituraci\u00f3n de placas aislantes<\/span><\/li>\n<li><span style=\"color: #000000;\">trituraci\u00f3n de piedras de hormig\u00f3n celular<\/span><\/li>\n<li><span style=\"color: #000000;\">trituraci\u00f3n de ladrillos silicocalc\u00e1reos etc.<\/span><\/li>\n<\/ul>\n<p><span class=\"ellipsis\">&hellip;<\/span><\/p>\n<div class=\"read-more\"><a href=\"https:\/\/neue-herbold.com\/es\/quebrantadores-de-tornillo-sinfin\/\">Leer m\u00e1s \u203a<\/a><\/div>\n<p><!-- end of .read-more --><\/p>\n","protected":false},"author":1,"featured_media":0,"parent":0,"menu_order":0,"comment_status":"closed","ping_status":"closed","template":"","meta":{"footnotes":""},"class_list":["post-7838","page","type-page","status-publish","hentry"],"yoast_head":"<!-- This site is optimized with the Yoast SEO plugin v25.4 - https:\/\/yoast.com\/wordpress\/plugins\/seo\/ -->\n<title>Quebrantadores de tornillo sinf\u00edn - Neue Herbold GmbH<\/title>\n<meta name=\"description\" content=\"Neue Herbold - Schneckenbrecher der Baureihe SB werden sowohl als Vorzerkleinerungsstufe f\u00fcr sperrige Materialien wie f\u00fcr die - Zerkleinerung von Holzpalett\" \/>\n<meta name=\"robots\" content=\"index, follow, max-snippet:-1, max-image-preview:large, max-video-preview:-1\" \/>\n<link rel=\"canonical\" href=\"https:\/\/neue-herbold.com\/es\/quebrantadores-de-tornillo-sinfin\/\" \/>\n<meta property=\"og:locale\" content=\"es_ES\" \/>\n<meta property=\"og:type\" content=\"article\" \/>\n<meta property=\"og:title\" content=\"Quebrantadores de tornillo sinf\u00edn - Neue Herbold GmbH\" \/>\n<meta property=\"og:description\" content=\"Neue Herbold - Schneckenbrecher der Baureihe SB werden sowohl als Vorzerkleinerungsstufe f\u00fcr sperrige Materialien wie f\u00fcr die - Zerkleinerung von Holzpalett\" \/>\n<meta property=\"og:url\" content=\"https:\/\/neue-herbold.com\/es\/quebrantadores-de-tornillo-sinfin\/\" \/>\n<meta property=\"og:site_name\" content=\"Neue Herbold GmbH\" \/>\n<meta property=\"article:modified_time\" content=\"2017-05-02T21:40:40+00:00\" \/>\n<meta property=\"og:image\" content=\"https:\/\/neue-herbold.com\/wp-content\/uploads\/2014\/11\/SB-Anlage-1024x803.jpg\" \/>\n<meta name=\"twitter:label1\" content=\"Tiempo de lectura\" \/>\n\t<meta name=\"twitter:data1\" content=\"2 minutes\" \/>\n<script type=\"application\/ld+json\" class=\"yoast-schema-graph\">{\"@context\":\"https:\/\/schema.org\",\"@graph\":[{\"@type\":\"WebPage\",\"@id\":\"https:\/\/neue-herbold.com\/es\/quebrantadores-de-tornillo-sinfin\/\",\"url\":\"https:\/\/neue-herbold.com\/es\/quebrantadores-de-tornillo-sinfin\/\",\"name\":\"Quebrantadores de tornillo sinf\u00edn - Neue Herbold GmbH\",\"isPartOf\":{\"@id\":\"https:\/\/neue-herbold.com\/en\/#website\"},\"primaryImageOfPage\":{\"@id\":\"https:\/\/neue-herbold.com\/es\/quebrantadores-de-tornillo-sinfin\/#primaryimage\"},\"image\":{\"@id\":\"https:\/\/neue-herbold.com\/es\/quebrantadores-de-tornillo-sinfin\/#primaryimage\"},\"thumbnailUrl\":\"https:\/\/neue-herbold.com\/wp-content\/uploads\/2014\/11\/SB-Anlage-1024x803.jpg\",\"datePublished\":\"2016-06-02T18:45:04+00:00\",\"dateModified\":\"2017-05-02T21:40:40+00:00\",\"description\":\"Neue Herbold - Schneckenbrecher der Baureihe SB werden sowohl als Vorzerkleinerungsstufe f\u00fcr sperrige Materialien wie f\u00fcr die - Zerkleinerung von Holzpalett\",\"breadcrumb\":{\"@id\":\"https:\/\/neue-herbold.com\/es\/quebrantadores-de-tornillo-sinfin\/#breadcrumb\"},\"inLanguage\":\"es-ES\",\"potentialAction\":[{\"@type\":\"ReadAction\",\"target\":[\"https:\/\/neue-herbold.com\/es\/quebrantadores-de-tornillo-sinfin\/\"]}]},{\"@type\":\"ImageObject\",\"inLanguage\":\"es-ES\",\"@id\":\"https:\/\/neue-herbold.com\/es\/quebrantadores-de-tornillo-sinfin\/#primaryimage\",\"url\":\"https:\/\/neue-herbold.com\/wp-content\/uploads\/2014\/11\/SB-Anlage-1024x803.jpg\",\"contentUrl\":\"https:\/\/neue-herbold.com\/wp-content\/uploads\/2014\/11\/SB-Anlage-1024x803.jpg\"},{\"@type\":\"BreadcrumbList\",\"@id\":\"https:\/\/neue-herbold.com\/es\/quebrantadores-de-tornillo-sinfin\/#breadcrumb\",\"itemListElement\":[{\"@type\":\"ListItem\",\"position\":1,\"name\":\"Startseite\",\"item\":\"https:\/\/neue-herbold.com\/es\/\"},{\"@type\":\"ListItem\",\"position\":2,\"name\":\"Quebrantadores de tornillo sinf\u00edn\"}]},{\"@type\":\"WebSite\",\"@id\":\"https:\/\/neue-herbold.com\/en\/#website\",\"url\":\"https:\/\/neue-herbold.com\/en\/\",\"name\":\"Neue Herbold GmbH\",\"description\":\"\",\"potentialAction\":[{\"@type\":\"SearchAction\",\"target\":{\"@type\":\"EntryPoint\",\"urlTemplate\":\"https:\/\/neue-herbold.com\/en\/?s={search_term_string}\"},\"query-input\":{\"@type\":\"PropertyValueSpecification\",\"valueRequired\":true,\"valueName\":\"search_term_string\"}}],\"inLanguage\":\"es-ES\"}]}<\/script>\n<!-- \/ Yoast SEO plugin. -->","yoast_head_json":{"title":"Quebrantadores de tornillo sinf\u00edn - Neue Herbold GmbH","description":"Neue Herbold - Schneckenbrecher der Baureihe SB werden sowohl als Vorzerkleinerungsstufe f\u00fcr sperrige Materialien wie f\u00fcr die - Zerkleinerung von Holzpalett","robots":{"index":"index","follow":"follow","max-snippet":"max-snippet:-1","max-image-preview":"max-image-preview:large","max-video-preview":"max-video-preview:-1"},"canonical":"https:\/\/neue-herbold.com\/es\/quebrantadores-de-tornillo-sinfin\/","og_locale":"es_ES","og_type":"article","og_title":"Quebrantadores de tornillo sinf\u00edn - Neue Herbold GmbH","og_description":"Neue Herbold - Schneckenbrecher der Baureihe SB werden sowohl als Vorzerkleinerungsstufe f\u00fcr sperrige Materialien wie f\u00fcr die - Zerkleinerung von Holzpalett","og_url":"https:\/\/neue-herbold.com\/es\/quebrantadores-de-tornillo-sinfin\/","og_site_name":"Neue Herbold GmbH","article_modified_time":"2017-05-02T21:40:40+00:00","og_image":[{"url":"https:\/\/neue-herbold.com\/wp-content\/uploads\/2014\/11\/SB-Anlage-1024x803.jpg","type":"","width":"","height":""}],"twitter_misc":{"Tiempo de lectura":"2 minutes"},"schema":{"@context":"https:\/\/schema.org","@graph":[{"@type":"WebPage","@id":"https:\/\/neue-herbold.com\/es\/quebrantadores-de-tornillo-sinfin\/","url":"https:\/\/neue-herbold.com\/es\/quebrantadores-de-tornillo-sinfin\/","name":"Quebrantadores de tornillo sinf\u00edn - Neue Herbold GmbH","isPartOf":{"@id":"https:\/\/neue-herbold.com\/en\/#website"},"primaryImageOfPage":{"@id":"https:\/\/neue-herbold.com\/es\/quebrantadores-de-tornillo-sinfin\/#primaryimage"},"image":{"@id":"https:\/\/neue-herbold.com\/es\/quebrantadores-de-tornillo-sinfin\/#primaryimage"},"thumbnailUrl":"https:\/\/neue-herbold.com\/wp-content\/uploads\/2014\/11\/SB-Anlage-1024x803.jpg","datePublished":"2016-06-02T18:45:04+00:00","dateModified":"2017-05-02T21:40:40+00:00","description":"Neue Herbold - Schneckenbrecher der Baureihe SB werden sowohl als Vorzerkleinerungsstufe f\u00fcr sperrige Materialien wie f\u00fcr die - Zerkleinerung von Holzpalett","breadcrumb":{"@id":"https:\/\/neue-herbold.com\/es\/quebrantadores-de-tornillo-sinfin\/#breadcrumb"},"inLanguage":"es-ES","potentialAction":[{"@type":"ReadAction","target":["https:\/\/neue-herbold.com\/es\/quebrantadores-de-tornillo-sinfin\/"]}]},{"@type":"ImageObject","inLanguage":"es-ES","@id":"https:\/\/neue-herbold.com\/es\/quebrantadores-de-tornillo-sinfin\/#primaryimage","url":"https:\/\/neue-herbold.com\/wp-content\/uploads\/2014\/11\/SB-Anlage-1024x803.jpg","contentUrl":"https:\/\/neue-herbold.com\/wp-content\/uploads\/2014\/11\/SB-Anlage-1024x803.jpg"},{"@type":"BreadcrumbList","@id":"https:\/\/neue-herbold.com\/es\/quebrantadores-de-tornillo-sinfin\/#breadcrumb","itemListElement":[{"@type":"ListItem","position":1,"name":"Startseite","item":"https:\/\/neue-herbold.com\/es\/"},{"@type":"ListItem","position":2,"name":"Quebrantadores de tornillo sinf\u00edn"}]},{"@type":"WebSite","@id":"https:\/\/neue-herbold.com\/en\/#website","url":"https:\/\/neue-herbold.com\/en\/","name":"Neue Herbold GmbH","description":"","potentialAction":[{"@type":"SearchAction","target":{"@type":"EntryPoint","urlTemplate":"https:\/\/neue-herbold.com\/en\/?s={search_term_string}"},"query-input":{"@type":"PropertyValueSpecification","valueRequired":true,"valueName":"search_term_string"}}],"inLanguage":"es-ES"}]}},"_links":{"self":[{"href":"https:\/\/neue-herbold.com\/es\/wp-json\/wp\/v2\/pages\/7838"}],"collection":[{"href":"https:\/\/neue-herbold.com\/es\/wp-json\/wp\/v2\/pages"}],"about":[{"href":"https:\/\/neue-herbold.com\/es\/wp-json\/wp\/v2\/types\/page"}],"author":[{"embeddable":true,"href":"https:\/\/neue-herbold.com\/es\/wp-json\/wp\/v2\/users\/1"}],"replies":[{"embeddable":true,"href":"https:\/\/neue-herbold.com\/es\/wp-json\/wp\/v2\/comments?post=7838"}],"version-history":[{"count":7,"href":"https:\/\/neue-herbold.com\/es\/wp-json\/wp\/v2\/pages\/7838\/revisions"}],"predecessor-version":[{"id":10990,"href":"https:\/\/neue-herbold.com\/es\/wp-json\/wp\/v2\/pages\/7838\/revisions\/10990"}],"wp:attachment":[{"href":"https:\/\/neue-herbold.com\/es\/wp-json\/wp\/v2\/media?parent=7838"}],"curies":[{"name":"wp","href":"https:\/\/api.w.org\/{rel}","templated":true}]}}