{"id":7823,"date":"2016-06-02T20:28:48","date_gmt":"2016-06-02T18:28:48","guid":{"rendered":"https:\/\/neue-herbold.com\/es\/styroporschredder-rl\/"},"modified":"2018-08-31T17:21:24","modified_gmt":"2018-08-31T15:21:24","slug":"trituradoras-de-styropor-rl","status":"publish","type":"page","link":"https:\/\/neue-herbold.com\/es\/trituradoras-de-styropor-rl\/","title":{"rendered":"Trituradoras de styropor RL"},"content":{"rendered":"<p><em><strong><a href=\"https:\/\/neue-herbold.com\/wp-content\/uploads\/2014\/11\/RL1002006-weiss.jpg\" target=\"_blank\" rel=\"noopener\"><img loading=\"lazy\" decoding=\"async\" class=\"alignright wp-image-3273\" src=\"https:\/\/neue-herbold.com\/wp-content\/uploads\/2014\/11\/RL1002006-weiss.jpg\" alt=\"Polystyrene Shredder\" width=\"229\" height=\"367\" srcset=\"https:\/\/neue-herbold.com\/wp-content\/uploads\/2014\/11\/RL1002006-weiss.jpg 562w, https:\/\/neue-herbold.com\/wp-content\/uploads\/2014\/11\/RL1002006-weiss-187x300.jpg 187w, https:\/\/neue-herbold.com\/wp-content\/uploads\/2014\/11\/RL1002006-weiss-100x160.jpg 100w, https:\/\/neue-herbold.com\/wp-content\/uploads\/2014\/11\/RL1002006-weiss-150x240.jpg 150w, https:\/\/neue-herbold.com\/wp-content\/uploads\/2014\/11\/RL1002006-weiss-200x320.jpg 200w, https:\/\/neue-herbold.com\/wp-content\/uploads\/2014\/11\/RL1002006-weiss-300x480.jpg 300w, https:\/\/neue-herbold.com\/wp-content\/uploads\/2014\/11\/RL1002006-weiss-450x720.jpg 450w\" sizes=\"(max-width: 229px) 100vw, 229px\" \/><\/a>Campo de empleo<\/strong><\/em><\/p>\n<p><strong>Trituradoras de styropor RL de NEUE HERBOLD<\/strong> se emplean particularmente para la trituraci\u00f3n de poliestirol expansivo (EPS) y de espumas de poliuretano (PUR).<\/p>\n<p><strong><em>T\u00e9cnica<\/em><\/strong><br \/>\nAl contrario de molinos cortantes para la trituraci\u00f3n de pl\u00e1sticos, esta trituradora opera con un rotor de crucetas de percusi\u00f3n, sin cuchillas de rotor, para mantener la estructura celular del material.\u00a0<br \/>\n\u00c9l tama\u00f1o granular se determina por la variaci\u00f3n de la distancia entre las herramientas de corte as\u00ed como por la seleccionada perforaci\u00f3n de criba.<\/p>\n<p>&nbsp;<\/p>\n<p>&nbsp;<\/p>\n<div id=\"attachment_2285\" style=\"width: 310px\" class=\"wp-caption alignleft\"><a href=\"https:\/\/neue-herbold.com\/wp-content\/uploads\/2014\/11\/rl100-HG.jpg\" target=\"_blank\" rel=\"noopener\"><img loading=\"lazy\" decoding=\"async\" aria-describedby=\"caption-attachment-2285\" class=\"wp-image-2285 size-medium\" src=\"https:\/\/neue-herbold.com\/wp-content\/uploads\/2014\/11\/rl100-HG-300x225.jpg\" alt=\"rl100-HG\" width=\"300\" height=\"225\" srcset=\"https:\/\/neue-herbold.com\/wp-content\/uploads\/2014\/11\/rl100-HG-300x225.jpg 300w, https:\/\/neue-herbold.com\/wp-content\/uploads\/2014\/11\/rl100-HG-100x75.jpg 100w, https:\/\/neue-herbold.com\/wp-content\/uploads\/2014\/11\/rl100-HG-150x112.jpg 150w, https:\/\/neue-herbold.com\/wp-content\/uploads\/2014\/11\/rl100-HG-200x150.jpg 200w, https:\/\/neue-herbold.com\/wp-content\/uploads\/2014\/11\/rl100-HG.jpg 425w\" sizes=\"(max-width: 300px) 100vw, 300px\" \/><\/a><p id=\"caption-attachment-2285\" class=\"wp-caption-text\">Detalle Trituradoras de styropor RL<\/p><\/div>\n<p>&nbsp;<\/p>\n<p><strong><em>Ventajas<\/em><\/strong><\/p>\n<ul>\n<li>gastos m\u00f3dicos de desgaste debido a empleo sin cuchillas<\/li>\n<li>altos rendimientos de paso<\/li>\n<li>producto final \u00f3ptimo<\/li>\n<\/ul>\n<p>&nbsp;<\/p>\n<p><span id=\"result_box\" class=\"\" lang=\"en\"><strong>\u00a0<\/strong><\/span><\/p>\n","protected":false},"excerpt":{"rendered":"<p><em><strong><a href=\"https:\/\/neue-herbold.com\/wp-content\/uploads\/2014\/11\/RL1002006-weiss.jpg\" target=\"_blank\" rel=\"noopener\"><img loading=\"lazy\" decoding=\"async\" class=\"alignright wp-image-3273\" src=\"https:\/\/neue-herbold.com\/wp-content\/uploads\/2014\/11\/RL1002006-weiss.jpg\" alt=\"Polystyrene Shredder\" width=\"229\" height=\"367\" srcset=\"https:\/\/neue-herbold.com\/wp-content\/uploads\/2014\/11\/RL1002006-weiss.jpg 562w, https:\/\/neue-herbold.com\/wp-content\/uploads\/2014\/11\/RL1002006-weiss-187x300.jpg 187w, https:\/\/neue-herbold.com\/wp-content\/uploads\/2014\/11\/RL1002006-weiss-100x160.jpg 100w, https:\/\/neue-herbold.com\/wp-content\/uploads\/2014\/11\/RL1002006-weiss-150x240.jpg 150w, https:\/\/neue-herbold.com\/wp-content\/uploads\/2014\/11\/RL1002006-weiss-200x320.jpg 200w, https:\/\/neue-herbold.com\/wp-content\/uploads\/2014\/11\/RL1002006-weiss-300x480.jpg 300w, https:\/\/neue-herbold.com\/wp-content\/uploads\/2014\/11\/RL1002006-weiss-450x720.jpg 450w\" sizes=\"(max-width: 229px) 100vw, 229px\" \/><\/a>Campo de empleo<\/strong><\/em><\/p>\n<p><strong>Trituradoras de styropor RL de NEUE HERBOLD<\/strong> se emplean particularmente para la trituraci\u00f3n de poliestirol expansivo (EPS) y de espumas de poliuretano (PUR).<\/p>\n<p><strong><em>T\u00e9cnica<\/em><\/strong><br \/>\nAl contrario de molinos cortantes para la trituraci\u00f3n de pl\u00e1sticos,<\/p>\n<p><span class=\"ellipsis\">&hellip;<\/span><\/p>\n<div class=\"read-more\"><a href=\"https:\/\/neue-herbold.com\/es\/trituradoras-de-styropor-rl\/\">Leer m\u00e1s \u203a<\/a><\/div>\n<p><!-- end of .read-more --><\/p>\n","protected":false},"author":1,"featured_media":0,"parent":0,"menu_order":0,"comment_status":"closed","ping_status":"closed","template":"","meta":{"footnotes":""},"class_list":["post-7823","page","type-page","status-publish","hentry"],"yoast_head":"<!-- This site is optimized with the Yoast SEO plugin v25.4 - https:\/\/yoast.com\/wordpress\/plugins\/seo\/ -->\n<title>Trituradoras de styropor RL - Neue Herbold GmbH<\/title>\n<meta name=\"description\" content=\"Um die Zellstruktur des zu zerkleine Einsatzgebiet Der Neue Herbold - Styroporschredder RL wird f\u00fcr die Zerkleinerung von EPS und PUR Sch\u00e4umen eingesetzt.\" \/>\n<meta name=\"robots\" content=\"index, follow, max-snippet:-1, max-image-preview:large, max-video-preview:-1\" \/>\n<link rel=\"canonical\" href=\"https:\/\/neue-herbold.com\/es\/trituradoras-de-styropor-rl\/\" \/>\n<meta property=\"og:locale\" content=\"es_ES\" \/>\n<meta property=\"og:type\" content=\"article\" \/>\n<meta property=\"og:title\" content=\"Trituradoras de styropor RL - Neue Herbold GmbH\" \/>\n<meta property=\"og:description\" content=\"Um die Zellstruktur des zu zerkleine Einsatzgebiet Der Neue Herbold - Styroporschredder RL wird f\u00fcr die Zerkleinerung von EPS und PUR Sch\u00e4umen eingesetzt.\" \/>\n<meta property=\"og:url\" content=\"https:\/\/neue-herbold.com\/es\/trituradoras-de-styropor-rl\/\" \/>\n<meta property=\"og:site_name\" content=\"Neue Herbold GmbH\" \/>\n<meta property=\"article:modified_time\" content=\"2018-08-31T15:21:24+00:00\" \/>\n<meta property=\"og:image\" content=\"https:\/\/neue-herbold.com\/wp-content\/uploads\/2014\/11\/RL1002006-weiss.jpg\" \/>\n<meta name=\"twitter:label1\" content=\"Tiempo de lectura\" \/>\n\t<meta name=\"twitter:data1\" content=\"1 minute\" \/>\n<script type=\"application\/ld+json\" class=\"yoast-schema-graph\">{\"@context\":\"https:\/\/schema.org\",\"@graph\":[{\"@type\":\"WebPage\",\"@id\":\"https:\/\/neue-herbold.com\/es\/trituradoras-de-styropor-rl\/\",\"url\":\"https:\/\/neue-herbold.com\/es\/trituradoras-de-styropor-rl\/\",\"name\":\"Trituradoras de styropor RL - Neue Herbold GmbH\",\"isPartOf\":{\"@id\":\"https:\/\/neue-herbold.com\/en\/#website\"},\"primaryImageOfPage\":{\"@id\":\"https:\/\/neue-herbold.com\/es\/trituradoras-de-styropor-rl\/#primaryimage\"},\"image\":{\"@id\":\"https:\/\/neue-herbold.com\/es\/trituradoras-de-styropor-rl\/#primaryimage\"},\"thumbnailUrl\":\"https:\/\/neue-herbold.com\/wp-content\/uploads\/2014\/11\/RL1002006-weiss.jpg\",\"datePublished\":\"2016-06-02T18:28:48+00:00\",\"dateModified\":\"2018-08-31T15:21:24+00:00\",\"description\":\"Um die Zellstruktur des zu zerkleine Einsatzgebiet Der Neue Herbold - Styroporschredder RL wird f\u00fcr die Zerkleinerung von EPS und PUR Sch\u00e4umen eingesetzt.\",\"breadcrumb\":{\"@id\":\"https:\/\/neue-herbold.com\/es\/trituradoras-de-styropor-rl\/#breadcrumb\"},\"inLanguage\":\"es-ES\",\"potentialAction\":[{\"@type\":\"ReadAction\",\"target\":[\"https:\/\/neue-herbold.com\/es\/trituradoras-de-styropor-rl\/\"]}]},{\"@type\":\"ImageObject\",\"inLanguage\":\"es-ES\",\"@id\":\"https:\/\/neue-herbold.com\/es\/trituradoras-de-styropor-rl\/#primaryimage\",\"url\":\"https:\/\/neue-herbold.com\/wp-content\/uploads\/2014\/11\/RL1002006-weiss.jpg\",\"contentUrl\":\"https:\/\/neue-herbold.com\/wp-content\/uploads\/2014\/11\/RL1002006-weiss.jpg\"},{\"@type\":\"BreadcrumbList\",\"@id\":\"https:\/\/neue-herbold.com\/es\/trituradoras-de-styropor-rl\/#breadcrumb\",\"itemListElement\":[{\"@type\":\"ListItem\",\"position\":1,\"name\":\"Startseite\",\"item\":\"https:\/\/neue-herbold.com\/es\/\"},{\"@type\":\"ListItem\",\"position\":2,\"name\":\"Trituradoras de styropor RL\"}]},{\"@type\":\"WebSite\",\"@id\":\"https:\/\/neue-herbold.com\/en\/#website\",\"url\":\"https:\/\/neue-herbold.com\/en\/\",\"name\":\"Neue Herbold GmbH\",\"description\":\"\",\"potentialAction\":[{\"@type\":\"SearchAction\",\"target\":{\"@type\":\"EntryPoint\",\"urlTemplate\":\"https:\/\/neue-herbold.com\/en\/?s={search_term_string}\"},\"query-input\":{\"@type\":\"PropertyValueSpecification\",\"valueRequired\":true,\"valueName\":\"search_term_string\"}}],\"inLanguage\":\"es-ES\"}]}<\/script>\n<!-- \/ Yoast SEO plugin. -->","yoast_head_json":{"title":"Trituradoras de styropor RL - Neue Herbold GmbH","description":"Um die Zellstruktur des zu zerkleine Einsatzgebiet Der Neue Herbold - Styroporschredder RL wird f\u00fcr die Zerkleinerung von EPS und PUR Sch\u00e4umen eingesetzt.","robots":{"index":"index","follow":"follow","max-snippet":"max-snippet:-1","max-image-preview":"max-image-preview:large","max-video-preview":"max-video-preview:-1"},"canonical":"https:\/\/neue-herbold.com\/es\/trituradoras-de-styropor-rl\/","og_locale":"es_ES","og_type":"article","og_title":"Trituradoras de styropor RL - Neue Herbold GmbH","og_description":"Um die Zellstruktur des zu zerkleine Einsatzgebiet Der Neue Herbold - Styroporschredder RL wird f\u00fcr die Zerkleinerung von EPS und PUR Sch\u00e4umen eingesetzt.","og_url":"https:\/\/neue-herbold.com\/es\/trituradoras-de-styropor-rl\/","og_site_name":"Neue Herbold GmbH","article_modified_time":"2018-08-31T15:21:24+00:00","og_image":[{"url":"https:\/\/neue-herbold.com\/wp-content\/uploads\/2014\/11\/RL1002006-weiss.jpg","type":"","width":"","height":""}],"twitter_misc":{"Tiempo de lectura":"1 minute"},"schema":{"@context":"https:\/\/schema.org","@graph":[{"@type":"WebPage","@id":"https:\/\/neue-herbold.com\/es\/trituradoras-de-styropor-rl\/","url":"https:\/\/neue-herbold.com\/es\/trituradoras-de-styropor-rl\/","name":"Trituradoras de styropor RL - Neue Herbold GmbH","isPartOf":{"@id":"https:\/\/neue-herbold.com\/en\/#website"},"primaryImageOfPage":{"@id":"https:\/\/neue-herbold.com\/es\/trituradoras-de-styropor-rl\/#primaryimage"},"image":{"@id":"https:\/\/neue-herbold.com\/es\/trituradoras-de-styropor-rl\/#primaryimage"},"thumbnailUrl":"https:\/\/neue-herbold.com\/wp-content\/uploads\/2014\/11\/RL1002006-weiss.jpg","datePublished":"2016-06-02T18:28:48+00:00","dateModified":"2018-08-31T15:21:24+00:00","description":"Um die Zellstruktur des zu zerkleine Einsatzgebiet Der Neue Herbold - Styroporschredder RL wird f\u00fcr die Zerkleinerung von EPS und PUR Sch\u00e4umen eingesetzt.","breadcrumb":{"@id":"https:\/\/neue-herbold.com\/es\/trituradoras-de-styropor-rl\/#breadcrumb"},"inLanguage":"es-ES","potentialAction":[{"@type":"ReadAction","target":["https:\/\/neue-herbold.com\/es\/trituradoras-de-styropor-rl\/"]}]},{"@type":"ImageObject","inLanguage":"es-ES","@id":"https:\/\/neue-herbold.com\/es\/trituradoras-de-styropor-rl\/#primaryimage","url":"https:\/\/neue-herbold.com\/wp-content\/uploads\/2014\/11\/RL1002006-weiss.jpg","contentUrl":"https:\/\/neue-herbold.com\/wp-content\/uploads\/2014\/11\/RL1002006-weiss.jpg"},{"@type":"BreadcrumbList","@id":"https:\/\/neue-herbold.com\/es\/trituradoras-de-styropor-rl\/#breadcrumb","itemListElement":[{"@type":"ListItem","position":1,"name":"Startseite","item":"https:\/\/neue-herbold.com\/es\/"},{"@type":"ListItem","position":2,"name":"Trituradoras de styropor RL"}]},{"@type":"WebSite","@id":"https:\/\/neue-herbold.com\/en\/#website","url":"https:\/\/neue-herbold.com\/en\/","name":"Neue Herbold GmbH","description":"","potentialAction":[{"@type":"SearchAction","target":{"@type":"EntryPoint","urlTemplate":"https:\/\/neue-herbold.com\/en\/?s={search_term_string}"},"query-input":{"@type":"PropertyValueSpecification","valueRequired":true,"valueName":"search_term_string"}}],"inLanguage":"es-ES"}]}},"_links":{"self":[{"href":"https:\/\/neue-herbold.com\/es\/wp-json\/wp\/v2\/pages\/7823"}],"collection":[{"href":"https:\/\/neue-herbold.com\/es\/wp-json\/wp\/v2\/pages"}],"about":[{"href":"https:\/\/neue-herbold.com\/es\/wp-json\/wp\/v2\/types\/page"}],"author":[{"embeddable":true,"href":"https:\/\/neue-herbold.com\/es\/wp-json\/wp\/v2\/users\/1"}],"replies":[{"embeddable":true,"href":"https:\/\/neue-herbold.com\/es\/wp-json\/wp\/v2\/comments?post=7823"}],"version-history":[{"count":6,"href":"https:\/\/neue-herbold.com\/es\/wp-json\/wp\/v2\/pages\/7823\/revisions"}],"predecessor-version":[{"id":12019,"href":"https:\/\/neue-herbold.com\/es\/wp-json\/wp\/v2\/pages\/7823\/revisions\/12019"}],"wp:attachment":[{"href":"https:\/\/neue-herbold.com\/es\/wp-json\/wp\/v2\/media?parent=7823"}],"curies":[{"name":"wp","href":"https:\/\/api.w.org\/{rel}","templated":true}]}}