{"id":7801,"date":"2016-06-02T20:17:55","date_gmt":"2016-06-02T18:17:55","guid":{"rendered":"https:\/\/neue-herbold.com\/es\/rohrschredder-hzr\/"},"modified":"2017-05-01T00:12:56","modified_gmt":"2017-04-30T22:12:56","slug":"trituradoras-para-tubos-hzr","status":"publish","type":"page","link":"https:\/\/neue-herbold.com\/es\/trituradoras-para-tubos-hzr\/","title":{"rendered":"Trituradoras para tubos HZR"},"content":{"rendered":"<p><a href=\"https:\/\/neue-herbold.com\/wp-content\/uploads\/2014\/11\/Vierwellenschreddder-01.jpg\" target=\"_blank\" rel=\"noopener noreferrer\"><img loading=\"lazy\" decoding=\"async\" class=\"alignright wp-image-2950\" src=\"https:\/\/neue-herbold.com\/wp-content\/uploads\/2014\/11\/Vierwellenschreddder-01-1024x749.jpg\" alt=\"HZR 1300\/4\" width=\"486\" height=\"355\" srcset=\"https:\/\/neue-herbold.com\/wp-content\/uploads\/2014\/11\/Vierwellenschreddder-01-1024x749.jpg 1024w, https:\/\/neue-herbold.com\/wp-content\/uploads\/2014\/11\/Vierwellenschreddder-01-300x219.jpg 300w, https:\/\/neue-herbold.com\/wp-content\/uploads\/2014\/11\/Vierwellenschreddder-01-100x73.jpg 100w, https:\/\/neue-herbold.com\/wp-content\/uploads\/2014\/11\/Vierwellenschreddder-01-150x109.jpg 150w, https:\/\/neue-herbold.com\/wp-content\/uploads\/2014\/11\/Vierwellenschreddder-01-200x146.jpg 200w, https:\/\/neue-herbold.com\/wp-content\/uploads\/2014\/11\/Vierwellenschreddder-01-450x329.jpg 450w, https:\/\/neue-herbold.com\/wp-content\/uploads\/2014\/11\/Vierwellenschreddder-01-600x438.jpg 600w, https:\/\/neue-herbold.com\/wp-content\/uploads\/2014\/11\/Vierwellenschreddder-01-900x658.jpg 900w, https:\/\/neue-herbold.com\/wp-content\/uploads\/2014\/11\/Vierwellenschreddder-01.jpg 1240w\" sizes=\"(max-width: 486px) 100vw, 486px\" \/><\/a><strong><em>Campo de empleo<\/em><\/strong><\/p>\n<p>La nueva trituradora para tubos, tipo HZR 1300\/x, de la empresa <strong>NEUE HERBOLD<\/strong><strong> est\u00e1<\/strong> concebida especialmente para la trituraci\u00f3n previa de tubos r\u00edgidos de paredes gruesas con di\u00e1metro grande (m\u00e1x. 1200 mm) as\u00ed como de conglomerados.<\/p>\n<p>Por regla general, un molino cortante, intercalado por atr\u00e1s del HZR, tritura el material en un producto granulado.<\/p>\n<p>En comparaci\u00f3n con la trituraci\u00f3n de una etapa, la nueva HZR con molino cortante postconectado reduce el consumo de energ\u00eda de 20% &#8211; 50%. Una ventaja ulterior son las duraciones largas de las herramientas del HZR. Eso conduce a una rentabilidad muy alta de la <strong>trituradora, tipo HZR 1300, de la empresa <\/strong><strong>NEUE HERBOLD<\/strong>.<\/p>\n<div id=\"attachment_2984\" style=\"width: 310px\" class=\"wp-caption alignleft\"><a href=\"https:\/\/neue-herbold.com\/wp-content\/uploads\/2014\/12\/HZR-1300-2-0001-4c.jpg\" target=\"_blank\" rel=\"noopener noreferrer\"><img loading=\"lazy\" decoding=\"async\" aria-describedby=\"caption-attachment-2984\" class=\"wp-image-2984 size-medium\" src=\"https:\/\/neue-herbold.com\/wp-content\/uploads\/2014\/12\/HZR-1300-2-0001-4c-300x199.jpg\" alt=\"\" width=\"300\" height=\"199\" srcset=\"https:\/\/neue-herbold.com\/wp-content\/uploads\/2014\/12\/HZR-1300-2-0001-4c-300x199.jpg 300w, https:\/\/neue-herbold.com\/wp-content\/uploads\/2014\/12\/HZR-1300-2-0001-4c-1024x681.jpg 1024w, https:\/\/neue-herbold.com\/wp-content\/uploads\/2014\/12\/HZR-1300-2-0001-4c-100x66.jpg 100w, https:\/\/neue-herbold.com\/wp-content\/uploads\/2014\/12\/HZR-1300-2-0001-4c-150x99.jpg 150w, https:\/\/neue-herbold.com\/wp-content\/uploads\/2014\/12\/HZR-1300-2-0001-4c-200x133.jpg 200w, https:\/\/neue-herbold.com\/wp-content\/uploads\/2014\/12\/HZR-1300-2-0001-4c-450x299.jpg 450w, https:\/\/neue-herbold.com\/wp-content\/uploads\/2014\/12\/HZR-1300-2-0001-4c-600x399.jpg 600w, https:\/\/neue-herbold.com\/wp-content\/uploads\/2014\/12\/HZR-1300-2-0001-4c-900x599.jpg 900w, https:\/\/neue-herbold.com\/wp-content\/uploads\/2014\/12\/HZR-1300-2-0001-4c.jpg 1200w\" sizes=\"(max-width: 300px) 100vw, 300px\" \/><\/a><p id=\"caption-attachment-2984\" class=\"wp-caption-text\"><span style=\"color: #000000;\">HZR 1300\/2<\/span><\/p><\/div>\n<p>&nbsp;<\/p>\n<p>&nbsp;<\/p>\n<p><span style=\"color: #000000;\"><strong><em>T\u00e9cnica<\/em><\/strong><br \/>\n <\/span><\/p>\n<p><em>CAPACIDAD DE M\u00c1QUINA<\/em>: Depende de la resistencia a golpes y del espesor de pared de los tubos as\u00ed como de la perforaci\u00f3n de criba. El rendimiento por hora es de aprox. 3 t con estado perfecto de las herramientas de corte.<\/p>\n<p><em>ALIMENTACI\u00d3N:<\/em> Los tubos se cargan lateralmente en una cubeta de alimentaci\u00f3n antepuesta al triturador. La alimentaci\u00f3n del contenido de la cubeta hacia los \u00e1rboles de la trituradora se hace autom\u00e1ticamente a trav\u00e9s de un sistema de alimentaci\u00f3n controlado en dependencia de la carga: La matriz de extrusi\u00f3n es accionada a trav\u00e9s de un motor de engranaje y por polipasto.<\/p>\n<p><em>CAJA:<\/em> En construcci\u00f3n estable soldada de acero, recocida y mecanizada precisamente, con consolas arregladas exteriormente para el soporte de los rodamientos, motores, engranajes y acoplamientos.<\/p>\n<p>HERRAMIENTAS DE CORTE: Rotores perfilados, soporte de las coronas de corte en asiento en V. Coronas de corte utilizables a ambos lados; contracuchilla dentada. \u00c1rboles de rotor apoyados en rodamientos robustos de rodilos a r\u00f3tula de dos hileras.<span style=\"color: #000000;\"><br \/>\n <\/span><\/p>\n<p><em>MANDO:<\/em> Siemens SIMATIC S7, touch-screen panel<\/p>\n<p>&nbsp;<\/p>\n<p><strong>HZR \u2013 Trituraci\u00f3n de tubos hasta 1200mm<\/strong><\/p>\n<div id=\"bcl0f53pz5\" data-borlabs-cookie-blocked-content><div class=\"borlabs-cookie-bct bc-bct-video bc-bct-youtube\"> <p class=\"bc-thumbnail\"><img src=\"https:\/\/neue-herbold.com\/wp-content\/plugins\/borlabs-cookie\/images\/bct-no-thumbnail.png\" alt=\"YouTube\"><\/p> <div class=\"bc-text\"> <p>Para proteger sus datos personales, se ha bloqueado su conexi\u00f3n a YouTube. <br> Haga clic en <strong> Cargar video <\/strong> para desbloquear YouTube. <br> Al cargar el video, acepta la pol\u00edtica de privacidad de YouTube. <br> Puede encontrar m\u00e1s informaci\u00f3n sobre la pol\u00edtica de privacidad de YouTube aqu\u00ed. <a href=\"https:\/\/policies.google.com\/privacy?hl=es&gl=es\" target=\"_blank\" rel=\"nofollow\">Google - Declaraci\u00f3n de privacidad<\/a><\/p> <p><label><input type=\"checkbox\" name=\"unblockAll\" value=\"1\" > No bloquees m\u00e1s videos de YouTube en el futuro.<\/label> <a role=\"button\" data-borlabs-cookie-unblock>Cargar video<\/a><\/p> <\/div> <\/div><\/div>\n<p>&nbsp;<\/p>\n<p><strong><em>Ventajas<\/em><\/strong><\/p>\n<ul>\n<li>Reduce el consumo de energ\u00eda, en comparaci\u00f3n con la trituraci\u00f3n de una etapa, de 20% \u2013 50%<\/li>\n<li>Duraciones largas de las herramientas<\/li>\n<li>Rentabilidad muy alta<\/li>\n<\/ul>\n<p><a href=\"https:\/\/neue-herbold.com\/wp-content\/uploads\/2014\/11\/Vierwellenschreddder-02.jpg\" target=\"_blank\" rel=\"noopener noreferrer\"><img loading=\"lazy\" decoding=\"async\" class=\"wp-image-2951 aligncenter\" src=\"https:\/\/neue-herbold.com\/wp-content\/uploads\/2014\/11\/Vierwellenschreddder-02-1024x495.jpg\" alt=\"\" width=\"541\" height=\"261\" srcset=\"https:\/\/neue-herbold.com\/wp-content\/uploads\/2014\/11\/Vierwellenschreddder-02-1024x495.jpg 1024w, https:\/\/neue-herbold.com\/wp-content\/uploads\/2014\/11\/Vierwellenschreddder-02-300x145.jpg 300w, https:\/\/neue-herbold.com\/wp-content\/uploads\/2014\/11\/Vierwellenschreddder-02-100x48.jpg 100w, https:\/\/neue-herbold.com\/wp-content\/uploads\/2014\/11\/Vierwellenschreddder-02-150x72.jpg 150w, https:\/\/neue-herbold.com\/wp-content\/uploads\/2014\/11\/Vierwellenschreddder-02-200x96.jpg 200w, https:\/\/neue-herbold.com\/wp-content\/uploads\/2014\/11\/Vierwellenschreddder-02-450x217.jpg 450w, https:\/\/neue-herbold.com\/wp-content\/uploads\/2014\/11\/Vierwellenschreddder-02-600x290.jpg 600w, https:\/\/neue-herbold.com\/wp-content\/uploads\/2014\/11\/Vierwellenschreddder-02-900x435.jpg 900w, https:\/\/neue-herbold.com\/wp-content\/uploads\/2014\/11\/Vierwellenschreddder-02.jpg 1874w\" sizes=\"(max-width: 541px) 100vw, 541px\" \/><\/a><\/p>\n<table>\n<tbody>\n<tr>\n<td><strong><span style=\"color: #000000;\">Trituradora<\/span><\/strong><\/td>\n<td><strong><span style=\"color: #000000;\">Tipo<\/span><\/strong><\/td>\n<td style=\"text-align: center;\"><span style=\"color: #000000;\">HZR 1300\/2<\/span><\/td>\n<td style=\"text-align: center;\"><span style=\"color: #000000;\">HZR 1300\/4<\/span><\/td>\n<td style=\"text-align: center;\"><span style=\"color: #000000;\">HZR 1300\/4<\/span><\/td>\n<td style=\"text-align: center;\"><span style=\"color: #000000;\"><a href=\"https:\/\/neue-herbold.com\/wp-content\/uploads\/2014\/10\/HZR-DE.pdf\" target=\"_blank\" rel=\"noopener noreferrer\"><img loading=\"lazy\" decoding=\"async\" class=\"alignnone wp-image-5703\" src=\"https:\/\/neue-herbold.com\/wp-content\/uploads\/2014\/12\/PDF-ICON.jpg\" alt=\"PDF-ICON\" width=\"50\" height=\"48\" \/><\/a><\/span><\/td>\n<\/tr>\n<tr>\n<td>&nbsp;<\/td>\n<td><strong><span style=\"color: #000000;\">ancho de trabajo<\/span><\/strong><\/td>\n<td style=\"text-align: center;\"><span style=\"color: #000000;\">1300 mm<\/span><\/td>\n<td style=\"text-align: center;\"><span style=\"color: #000000;\">1300 mm<\/span><\/td>\n<td style=\"text-align: center;\"><span style=\"color: #000000;\">1300 mm<\/span><\/td>\n<td style=\"text-align: center;\">\u00a0<\/td>\n<\/tr>\n<tr>\n<td>&nbsp;<\/td>\n<td><strong><span style=\"color: #000000;\">di\u00e1metro del \u00e1rbol<\/span><\/strong><\/td>\n<td style=\"text-align: center;\"><span style=\"color: #000000;\">370 mm<\/span><\/td>\n<td style=\"text-align: center;\"><span style=\"color: #000000;\">370 mm<\/span><\/td>\n<td style=\"text-align: center;\"><span style=\"color: #000000;\">370 mm<\/span><\/td>\n<td style=\"text-align: center;\">\u00a0<\/td>\n<\/tr>\n<tr>\n<td>&nbsp;<\/td>\n<td><strong><span style=\"color: #000000;\">accionamiento<\/span><\/strong><\/td>\n<td style=\"text-align: center;\"><span style=\"color: #000000;\">2 x 30 kW<\/span><\/td>\n<td style=\"text-align: center;\"><span style=\"color: #000000;\">4 x 30 kW<\/span><\/td>\n<td style=\"text-align: center;\"><span style=\"color: #000000;\">4 x 30 kW<\/span><\/td>\n<td style=\"text-align: center;\">\u00a0<\/td>\n<\/tr>\n<tr>\n<td><strong><span style=\"color: #000000;\">Cubeta de alimentaci\u00f3n<\/span><\/strong><\/td>\n<td><strong><span style=\"color: #000000;\">para tubos con<\/span><\/strong><\/td>\n<td style=\"text-align: center;\"><span style=\"color: #000000;\">6 Meter l<span id=\"result_box\" class=\"short_text\" lang=\"es\"><span class=\"hps\">ongitud<\/span><\/span><br \/>\n <\/span><\/td>\n<td style=\"text-align: center;\"><span style=\"color: #000000;\">6 Meter l<span id=\"result_box\" class=\"short_text\" lang=\"es\"><span class=\"hps\">ongitud<\/span><\/span><br \/>\n <\/span><\/td>\n<td style=\"text-align: center;\"><span style=\"color: #000000;\">2 Meter l<span id=\"result_box\" class=\"short_text\" lang=\"es\"><span class=\"hps\">ongitud<\/span><\/span><br \/>\n <\/span><\/td>\n<td style=\"text-align: center;\">\u00a0<\/td>\n<\/tr>\n<tr>\n<td>&nbsp;<\/td>\n<td><strong><span style=\"color: #000000;\">secci\u00f3n transversal<\/span><\/strong><\/td>\n<td style=\"text-align: center;\"><span style=\"color: #000000;\">650 x 1300 mm<\/span><\/td>\n<td style=\"text-align: center;\"><span style=\"color: #000000;\">1300 x 1350 mm<\/span><\/td>\n<td style=\"text-align: center;\"><span style=\"color: #000000;\">1300 x 1350 mm<\/span><\/td>\n<td style=\"text-align: center;\">\u00a0<\/td>\n<\/tr>\n<tr>\n<td>&nbsp;<\/td>\n<td><strong><span style=\"color: #000000;\">longitud de cubeta, m\u00e1x.<br \/>\n <\/span><\/strong><\/td>\n<td style=\"text-align: center;\"><span style=\"color: #000000;\">6500 mm<\/span><\/td>\n<td style=\"text-align: center;\"><span style=\"color: #000000;\">6500 mm<\/span><\/td>\n<td style=\"text-align: center;\"><span style=\"color: #000000;\">2500 mm<\/span><\/td>\n<td style=\"text-align: center;\">\u00a0<\/td>\n<\/tr>\n<tr>\n<td>&nbsp;<\/td>\n<td><strong><span style=\"color: #000000;\">accionamiento avance<\/span><\/strong><\/td>\n<td style=\"text-align: center;\"><span style=\"color: #000000;\">5,5 kW<\/span><\/td>\n<td style=\"text-align: center;\"><span style=\"color: #000000;\">5,5 kW<\/span><\/td>\n<td style=\"text-align: center;\">\u00a0<\/td>\n<td style=\"text-align: center;\">\u00a0<\/td>\n<\/tr>\n<tr>\n<td>&nbsp;<\/td>\n<td><strong><span style=\"color: #000000;\">hidr\u00e1ulica<\/span><\/strong><\/td>\n<td style=\"text-align: center;\"><span style=\"color: #000000;\">4 kW<\/span><\/td>\n<td style=\"text-align: center;\"><span style=\"color: #000000;\">4 kW <\/span><\/td>\n<td style=\"text-align: center;\">\u00a0<\/td>\n<td style=\"text-align: center;\">\u00a0<\/td>\n<\/tr>\n<\/tbody>\n<\/table>\n","protected":false},"excerpt":{"rendered":"<p><a href=\"https:\/\/neue-herbold.com\/wp-content\/uploads\/2014\/11\/Vierwellenschreddder-01.jpg\" target=\"_blank\" rel=\"noopener noreferrer\"><img loading=\"lazy\" decoding=\"async\" class=\"alignright wp-image-2950\" src=\"https:\/\/neue-herbold.com\/wp-content\/uploads\/2014\/11\/Vierwellenschreddder-01-1024x749.jpg\" alt=\"HZR 1300\/4\" width=\"486\" height=\"355\" srcset=\"https:\/\/neue-herbold.com\/wp-content\/uploads\/2014\/11\/Vierwellenschreddder-01-1024x749.jpg 1024w, https:\/\/neue-herbold.com\/wp-content\/uploads\/2014\/11\/Vierwellenschreddder-01-300x219.jpg 300w, https:\/\/neue-herbold.com\/wp-content\/uploads\/2014\/11\/Vierwellenschreddder-01-100x73.jpg 100w, https:\/\/neue-herbold.com\/wp-content\/uploads\/2014\/11\/Vierwellenschreddder-01-150x109.jpg 150w, https:\/\/neue-herbold.com\/wp-content\/uploads\/2014\/11\/Vierwellenschreddder-01-200x146.jpg 200w, https:\/\/neue-herbold.com\/wp-content\/uploads\/2014\/11\/Vierwellenschreddder-01-450x329.jpg 450w, https:\/\/neue-herbold.com\/wp-content\/uploads\/2014\/11\/Vierwellenschreddder-01-600x438.jpg 600w, https:\/\/neue-herbold.com\/wp-content\/uploads\/2014\/11\/Vierwellenschreddder-01-900x658.jpg 900w, https:\/\/neue-herbold.com\/wp-content\/uploads\/2014\/11\/Vierwellenschreddder-01.jpg 1240w\" sizes=\"(max-width: 486px) 100vw, 486px\" \/><\/a><strong><em>Campo de empleo<\/em><\/strong><\/p>\n<p>La nueva trituradora para tubos, tipo HZR 1300\/x, de la empresa <strong>NEUE HERBOLD<\/strong><strong> est\u00e1<\/strong> concebida especialmente para la trituraci\u00f3n previa de tubos r\u00edgidos de paredes gruesas con di\u00e1metro grande (m\u00e1x.<\/p>\n<p><span class=\"ellipsis\">&hellip;<\/span><\/p>\n<div class=\"read-more\"><a href=\"https:\/\/neue-herbold.com\/es\/trituradoras-para-tubos-hzr\/\">Leer m\u00e1s \u203a<\/a><\/div>\n<p><!-- end of .read-more --><\/p>\n","protected":false},"author":1,"featured_media":0,"parent":0,"menu_order":0,"comment_status":"closed","ping_status":"closed","template":"","meta":{"footnotes":""},"class_list":["post-7801","page","type-page","status-publish","hentry"],"yoast_head":"<!-- This site is optimized with the Yoast SEO plugin v25.4 - https:\/\/yoast.com\/wordpress\/plugins\/seo\/ -->\n<title>Trituradoras para tubos HZR - Neue Herbold GmbH<\/title>\n<meta name=\"description\" content=\"Der Neue Herbold Rohrschredder Typ HZR 1300\/4 ist speziell konzipiert f\u00fcr die effektive Vorzerkleinerung von dickwandigen, schlagz\u00e4hen Rohren mit grossem\" \/>\n<meta name=\"robots\" content=\"index, follow, max-snippet:-1, max-image-preview:large, max-video-preview:-1\" \/>\n<link rel=\"canonical\" href=\"https:\/\/neue-herbold.com\/es\/trituradoras-para-tubos-hzr\/\" \/>\n<meta property=\"og:locale\" content=\"es_ES\" \/>\n<meta property=\"og:type\" content=\"article\" \/>\n<meta property=\"og:title\" content=\"Trituradoras para tubos HZR - Neue Herbold GmbH\" \/>\n<meta property=\"og:description\" content=\"Der Neue Herbold Rohrschredder Typ HZR 1300\/4 ist speziell konzipiert f\u00fcr die effektive Vorzerkleinerung von dickwandigen, schlagz\u00e4hen Rohren mit grossem\" \/>\n<meta property=\"og:url\" content=\"https:\/\/neue-herbold.com\/es\/trituradoras-para-tubos-hzr\/\" \/>\n<meta property=\"og:site_name\" content=\"Neue Herbold GmbH\" \/>\n<meta property=\"article:modified_time\" content=\"2017-04-30T22:12:56+00:00\" \/>\n<meta property=\"og:image\" content=\"https:\/\/neue-herbold.com\/wp-content\/uploads\/2014\/11\/Vierwellenschreddder-01-1024x749.jpg\" \/>\n<meta name=\"twitter:label1\" content=\"Tiempo de lectura\" \/>\n\t<meta name=\"twitter:data1\" content=\"2 minutes\" \/>\n<script type=\"application\/ld+json\" class=\"yoast-schema-graph\">{\"@context\":\"https:\/\/schema.org\",\"@graph\":[{\"@type\":\"WebPage\",\"@id\":\"https:\/\/neue-herbold.com\/es\/trituradoras-para-tubos-hzr\/\",\"url\":\"https:\/\/neue-herbold.com\/es\/trituradoras-para-tubos-hzr\/\",\"name\":\"Trituradoras para tubos HZR - Neue Herbold GmbH\",\"isPartOf\":{\"@id\":\"https:\/\/neue-herbold.com\/en\/#website\"},\"primaryImageOfPage\":{\"@id\":\"https:\/\/neue-herbold.com\/es\/trituradoras-para-tubos-hzr\/#primaryimage\"},\"image\":{\"@id\":\"https:\/\/neue-herbold.com\/es\/trituradoras-para-tubos-hzr\/#primaryimage\"},\"thumbnailUrl\":\"https:\/\/neue-herbold.com\/wp-content\/uploads\/2014\/11\/Vierwellenschreddder-01-1024x749.jpg\",\"datePublished\":\"2016-06-02T18:17:55+00:00\",\"dateModified\":\"2017-04-30T22:12:56+00:00\",\"description\":\"Der Neue Herbold Rohrschredder Typ HZR 1300\/4 ist speziell konzipiert f\u00fcr die effektive Vorzerkleinerung von dickwandigen, schlagz\u00e4hen Rohren mit grossem\",\"breadcrumb\":{\"@id\":\"https:\/\/neue-herbold.com\/es\/trituradoras-para-tubos-hzr\/#breadcrumb\"},\"inLanguage\":\"es-ES\",\"potentialAction\":[{\"@type\":\"ReadAction\",\"target\":[\"https:\/\/neue-herbold.com\/es\/trituradoras-para-tubos-hzr\/\"]}]},{\"@type\":\"ImageObject\",\"inLanguage\":\"es-ES\",\"@id\":\"https:\/\/neue-herbold.com\/es\/trituradoras-para-tubos-hzr\/#primaryimage\",\"url\":\"https:\/\/neue-herbold.com\/wp-content\/uploads\/2014\/11\/Vierwellenschreddder-01-1024x749.jpg\",\"contentUrl\":\"https:\/\/neue-herbold.com\/wp-content\/uploads\/2014\/11\/Vierwellenschreddder-01-1024x749.jpg\"},{\"@type\":\"BreadcrumbList\",\"@id\":\"https:\/\/neue-herbold.com\/es\/trituradoras-para-tubos-hzr\/#breadcrumb\",\"itemListElement\":[{\"@type\":\"ListItem\",\"position\":1,\"name\":\"Startseite\",\"item\":\"https:\/\/neue-herbold.com\/es\/\"},{\"@type\":\"ListItem\",\"position\":2,\"name\":\"Trituradoras para tubos HZR\"}]},{\"@type\":\"WebSite\",\"@id\":\"https:\/\/neue-herbold.com\/en\/#website\",\"url\":\"https:\/\/neue-herbold.com\/en\/\",\"name\":\"Neue Herbold GmbH\",\"description\":\"\",\"potentialAction\":[{\"@type\":\"SearchAction\",\"target\":{\"@type\":\"EntryPoint\",\"urlTemplate\":\"https:\/\/neue-herbold.com\/en\/?s={search_term_string}\"},\"query-input\":{\"@type\":\"PropertyValueSpecification\",\"valueRequired\":true,\"valueName\":\"search_term_string\"}}],\"inLanguage\":\"es-ES\"}]}<\/script>\n<!-- \/ Yoast SEO plugin. -->","yoast_head_json":{"title":"Trituradoras para tubos HZR - Neue Herbold GmbH","description":"Der Neue Herbold Rohrschredder Typ HZR 1300\/4 ist speziell konzipiert f\u00fcr die effektive Vorzerkleinerung von dickwandigen, schlagz\u00e4hen Rohren mit grossem","robots":{"index":"index","follow":"follow","max-snippet":"max-snippet:-1","max-image-preview":"max-image-preview:large","max-video-preview":"max-video-preview:-1"},"canonical":"https:\/\/neue-herbold.com\/es\/trituradoras-para-tubos-hzr\/","og_locale":"es_ES","og_type":"article","og_title":"Trituradoras para tubos HZR - Neue Herbold GmbH","og_description":"Der Neue Herbold Rohrschredder Typ HZR 1300\/4 ist speziell konzipiert f\u00fcr die effektive Vorzerkleinerung von dickwandigen, schlagz\u00e4hen Rohren mit grossem","og_url":"https:\/\/neue-herbold.com\/es\/trituradoras-para-tubos-hzr\/","og_site_name":"Neue Herbold GmbH","article_modified_time":"2017-04-30T22:12:56+00:00","og_image":[{"url":"https:\/\/neue-herbold.com\/wp-content\/uploads\/2014\/11\/Vierwellenschreddder-01-1024x749.jpg","type":"","width":"","height":""}],"twitter_misc":{"Tiempo de lectura":"2 minutes"},"schema":{"@context":"https:\/\/schema.org","@graph":[{"@type":"WebPage","@id":"https:\/\/neue-herbold.com\/es\/trituradoras-para-tubos-hzr\/","url":"https:\/\/neue-herbold.com\/es\/trituradoras-para-tubos-hzr\/","name":"Trituradoras para tubos HZR - Neue Herbold GmbH","isPartOf":{"@id":"https:\/\/neue-herbold.com\/en\/#website"},"primaryImageOfPage":{"@id":"https:\/\/neue-herbold.com\/es\/trituradoras-para-tubos-hzr\/#primaryimage"},"image":{"@id":"https:\/\/neue-herbold.com\/es\/trituradoras-para-tubos-hzr\/#primaryimage"},"thumbnailUrl":"https:\/\/neue-herbold.com\/wp-content\/uploads\/2014\/11\/Vierwellenschreddder-01-1024x749.jpg","datePublished":"2016-06-02T18:17:55+00:00","dateModified":"2017-04-30T22:12:56+00:00","description":"Der Neue Herbold Rohrschredder Typ HZR 1300\/4 ist speziell konzipiert f\u00fcr die effektive Vorzerkleinerung von dickwandigen, schlagz\u00e4hen Rohren mit grossem","breadcrumb":{"@id":"https:\/\/neue-herbold.com\/es\/trituradoras-para-tubos-hzr\/#breadcrumb"},"inLanguage":"es-ES","potentialAction":[{"@type":"ReadAction","target":["https:\/\/neue-herbold.com\/es\/trituradoras-para-tubos-hzr\/"]}]},{"@type":"ImageObject","inLanguage":"es-ES","@id":"https:\/\/neue-herbold.com\/es\/trituradoras-para-tubos-hzr\/#primaryimage","url":"https:\/\/neue-herbold.com\/wp-content\/uploads\/2014\/11\/Vierwellenschreddder-01-1024x749.jpg","contentUrl":"https:\/\/neue-herbold.com\/wp-content\/uploads\/2014\/11\/Vierwellenschreddder-01-1024x749.jpg"},{"@type":"BreadcrumbList","@id":"https:\/\/neue-herbold.com\/es\/trituradoras-para-tubos-hzr\/#breadcrumb","itemListElement":[{"@type":"ListItem","position":1,"name":"Startseite","item":"https:\/\/neue-herbold.com\/es\/"},{"@type":"ListItem","position":2,"name":"Trituradoras para tubos HZR"}]},{"@type":"WebSite","@id":"https:\/\/neue-herbold.com\/en\/#website","url":"https:\/\/neue-herbold.com\/en\/","name":"Neue Herbold GmbH","description":"","potentialAction":[{"@type":"SearchAction","target":{"@type":"EntryPoint","urlTemplate":"https:\/\/neue-herbold.com\/en\/?s={search_term_string}"},"query-input":{"@type":"PropertyValueSpecification","valueRequired":true,"valueName":"search_term_string"}}],"inLanguage":"es-ES"}]}},"_links":{"self":[{"href":"https:\/\/neue-herbold.com\/es\/wp-json\/wp\/v2\/pages\/7801"}],"collection":[{"href":"https:\/\/neue-herbold.com\/es\/wp-json\/wp\/v2\/pages"}],"about":[{"href":"https:\/\/neue-herbold.com\/es\/wp-json\/wp\/v2\/types\/page"}],"author":[{"embeddable":true,"href":"https:\/\/neue-herbold.com\/es\/wp-json\/wp\/v2\/users\/1"}],"replies":[{"embeddable":true,"href":"https:\/\/neue-herbold.com\/es\/wp-json\/wp\/v2\/comments?post=7801"}],"version-history":[{"count":5,"href":"https:\/\/neue-herbold.com\/es\/wp-json\/wp\/v2\/pages\/7801\/revisions"}],"predecessor-version":[{"id":10973,"href":"https:\/\/neue-herbold.com\/es\/wp-json\/wp\/v2\/pages\/7801\/revisions\/10973"}],"wp:attachment":[{"href":"https:\/\/neue-herbold.com\/es\/wp-json\/wp\/v2\/media?parent=7801"}],"curies":[{"name":"wp","href":"https:\/\/api.w.org\/{rel}","templated":true}]}}