{"id":7777,"date":"2016-06-02T19:40:33","date_gmt":"2016-06-02T17:40:33","guid":{"rendered":"https:\/\/neue-herbold.com\/es\/vorwaschschnecke-einweichschnecke\/"},"modified":"2016-06-02T19:50:26","modified_gmt":"2016-06-02T17:50:26","slug":"tornillo-sinfin-de-prelavado","status":"publish","type":"page","link":"https:\/\/neue-herbold.com\/es\/tornillo-sinfin-de-prelavado\/","title":{"rendered":"Tornillo sinf\u00edn de prelavado \u2013 Tornillo sinf\u00edn de remojado"},"content":{"rendered":"<div id=\"attachment_5291\" style=\"width: 344px\" class=\"wp-caption alignleft\"><a href=\"https:\/\/neue-herbold.com\/wp-content\/uploads\/2015\/01\/Vorwaschschnecke.jpg\" target=\"_blank\"><img loading=\"lazy\" decoding=\"async\" aria-describedby=\"caption-attachment-5291\" class=\"wp-image-5291\" src=\"https:\/\/neue-herbold.com\/wp-content\/uploads\/2015\/01\/Vorwaschschnecke.jpg\" alt=\"Tornillo sinf\u00edn de prelavado\" width=\"334\" height=\"314\" srcset=\"https:\/\/neue-herbold.com\/wp-content\/uploads\/2015\/01\/Vorwaschschnecke.jpg 941w, https:\/\/neue-herbold.com\/wp-content\/uploads\/2015\/01\/Vorwaschschnecke-300x282.jpg 300w, https:\/\/neue-herbold.com\/wp-content\/uploads\/2015\/01\/Vorwaschschnecke-100x94.jpg 100w, https:\/\/neue-herbold.com\/wp-content\/uploads\/2015\/01\/Vorwaschschnecke-150x141.jpg 150w, https:\/\/neue-herbold.com\/wp-content\/uploads\/2015\/01\/Vorwaschschnecke-200x188.jpg 200w, https:\/\/neue-herbold.com\/wp-content\/uploads\/2015\/01\/Vorwaschschnecke-450x424.jpg 450w, https:\/\/neue-herbold.com\/wp-content\/uploads\/2015\/01\/Vorwaschschnecke-600x565.jpg 600w, https:\/\/neue-herbold.com\/wp-content\/uploads\/2015\/01\/Vorwaschschnecke-900x847.jpg 900w\" sizes=\"(max-width: 334px) 100vw, 334px\" \/><\/a><p id=\"caption-attachment-5291\" class=\"wp-caption-text\">Tornillo sinf\u00edn de prelavado &#8211; Tipo ES 300<\/p><\/div>\n<div id=\"gt-res-content\" class=\"almost_half_cell\">\n<div dir=\"ltr\">\n<p class=\"Normal\"><b>Campo de aplicaci\u00f3n <\/b><\/p>\n<p class=\"Normal\" align=\"justify\">El tornillo sinf\u00edn de remojado \/ el tornillo sinf\u00edn de prelavado de <b>NEUE HERBOLD<\/b> de la serie ES fue desarrollado para la descarga de sustancias perturbadoras, estando en el producto, y para la mojadura del material con agua.<\/p>\n<p class=\"Normal\" align=\"justify\">El tornillo sinf\u00edn de remojado \/ el tornillo sinf\u00edn de prelavado se lo emplea principalmente en el sector de reciclaje de l\u00e1minas para el tratamiento preliminar y para la protecci\u00f3n de los grupos postconectados como por ejemplo de los lavadores intensivos.<\/p>\n<\/div>\n<\/div>\n<h3 style=\"text-align: right;\"><strong><a href=\"https:\/\/neue-herbold.com\/wp-content\/uploads\/2015\/01\/Vorwaschschnecke-Detail.jpg\"><img loading=\"lazy\" decoding=\"async\" class=\" size-medium wp-image-5292 alignright\" src=\"https:\/\/neue-herbold.com\/wp-content\/uploads\/2015\/01\/Vorwaschschnecke-Detail-208x300.jpg\" alt=\"Vorwaschschnecke-Detail\" width=\"208\" height=\"300\" srcset=\"https:\/\/neue-herbold.com\/wp-content\/uploads\/2015\/01\/Vorwaschschnecke-Detail-208x300.jpg 208w, https:\/\/neue-herbold.com\/wp-content\/uploads\/2015\/01\/Vorwaschschnecke-Detail-100x144.jpg 100w, https:\/\/neue-herbold.com\/wp-content\/uploads\/2015\/01\/Vorwaschschnecke-Detail-150x217.jpg 150w, https:\/\/neue-herbold.com\/wp-content\/uploads\/2015\/01\/Vorwaschschnecke-Detail-200x289.jpg 200w, https:\/\/neue-herbold.com\/wp-content\/uploads\/2015\/01\/Vorwaschschnecke-Detail-300x433.jpg 300w, https:\/\/neue-herbold.com\/wp-content\/uploads\/2015\/01\/Vorwaschschnecke-Detail-450x650.jpg 450w, https:\/\/neue-herbold.com\/wp-content\/uploads\/2015\/01\/Vorwaschschnecke-Detail.jpg 598w\" sizes=\"(max-width: 208px) 100vw, 208px\" \/><\/a><\/strong><\/h3>\n<h4 class=\"Normal\" style=\"text-align: right;\"><b>Funci\u00f3n: Tornillo sinf\u00edn de prelavado <\/b><\/h4>\n<p class=\"Normal\" style=\"text-align: right;\" align=\"justify\">Despu\u00e9s de su molienda, los productos molidos de l\u00e1minas \/ las part\u00edculas de l\u00e1minas vienen en el pozo de alimentaci\u00f3n y all\u00e1 son mojados con agua.<\/p>\n<p class=\"Normal\" style=\"text-align: right;\" align=\"justify\">Part\u00edculas espec\u00edficamente pesadas, como por ejemplo esquirlas de vidrio, arena y part\u00edculas met\u00e1licas, descienden en la zona de entrada y son descargadas peri\u00f3dicamente a trav\u00e9s de las dos correderas neum\u00e1ticas en el alcance inferior.<\/p>\n<p class=\"Normal\" style=\"text-align: right;\">A base del tiempo de permanencia de los copos de l\u00e1minas \/ de los productos molidos de l\u00e1minas en el ba\u00f1o de agua se obtiene una mojadura bastante.<\/p>\n","protected":false},"excerpt":{"rendered":"<div id=\"gt-res-content\" class=\"almost_half_cell\">\n<div dir=\"ltr\">\n<p class=\"Normal\"><b>Campo de aplicaci\u00f3n <\/b><\/p>\n<p class=\"Normal\" align=\"justify\">El tornillo sinf\u00edn de remojado \/ el tornillo sinf\u00edn de prelavado de <b>NEUE HERBOLD<\/b> de la serie ES fue desarrollado para la descarga de sustancias perturbadoras, estando en el producto,<\/p>\n<\/div>\n<\/div>\n<p><span class=\"ellipsis\">&hellip;<\/span><\/p>\n<div class=\"read-more\"><a href=\"https:\/\/neue-herbold.com\/es\/tornillo-sinfin-de-prelavado\/\">Leer m\u00e1s \u203a<\/a><\/div>\n<p><!-- end of .read-more --><\/p>\n","protected":false},"author":1,"featured_media":0,"parent":0,"menu_order":0,"comment_status":"closed","ping_status":"closed","template":"","meta":{"footnotes":""},"class_list":["post-7777","page","type-page","status-publish","hentry"],"yoast_head":"<!-- This site is optimized with the Yoast SEO plugin v25.4 - https:\/\/yoast.com\/wordpress\/plugins\/seo\/ -->\n<title>Tornillo sinf\u00edn de prelavado \u2013 Tornillo sinf\u00edn de remojado - Neue Herbold GmbH<\/title>\n<meta name=\"description\" content=\"El tornillo sinf\u00edn de prelavado de NEUE HERBOLD de la serie ES fue desarrollado para la descarga de sustancias perturbadoras, estando en el producto,\" \/>\n<meta name=\"robots\" content=\"index, follow, max-snippet:-1, max-image-preview:large, max-video-preview:-1\" \/>\n<link rel=\"canonical\" href=\"https:\/\/neue-herbold.com\/es\/tornillo-sinfin-de-prelavado\/\" \/>\n<meta property=\"og:locale\" content=\"es_ES\" \/>\n<meta property=\"og:type\" content=\"article\" \/>\n<meta property=\"og:title\" content=\"Tornillo sinf\u00edn de prelavado \u2013 Tornillo sinf\u00edn de remojado - Neue Herbold GmbH\" \/>\n<meta property=\"og:description\" content=\"El tornillo sinf\u00edn de prelavado de NEUE HERBOLD de la serie ES fue desarrollado para la descarga de sustancias perturbadoras, estando en el producto,\" \/>\n<meta property=\"og:url\" content=\"https:\/\/neue-herbold.com\/es\/tornillo-sinfin-de-prelavado\/\" \/>\n<meta property=\"og:site_name\" content=\"Neue Herbold GmbH\" \/>\n<meta property=\"article:modified_time\" content=\"2016-06-02T17:50:26+00:00\" \/>\n<meta property=\"og:image\" content=\"https:\/\/neue-herbold.com\/wp-content\/uploads\/2015\/01\/Vorwaschschnecke.jpg\" \/>\n<meta name=\"twitter:label1\" content=\"Tiempo de lectura\" \/>\n\t<meta name=\"twitter:data1\" content=\"1 minute\" \/>\n<script type=\"application\/ld+json\" class=\"yoast-schema-graph\">{\"@context\":\"https:\/\/schema.org\",\"@graph\":[{\"@type\":\"WebPage\",\"@id\":\"https:\/\/neue-herbold.com\/es\/tornillo-sinfin-de-prelavado\/\",\"url\":\"https:\/\/neue-herbold.com\/es\/tornillo-sinfin-de-prelavado\/\",\"name\":\"Tornillo sinf\u00edn de prelavado \u2013 Tornillo sinf\u00edn de remojado - Neue Herbold GmbH\",\"isPartOf\":{\"@id\":\"https:\/\/neue-herbold.com\/en\/#website\"},\"primaryImageOfPage\":{\"@id\":\"https:\/\/neue-herbold.com\/es\/tornillo-sinfin-de-prelavado\/#primaryimage\"},\"image\":{\"@id\":\"https:\/\/neue-herbold.com\/es\/tornillo-sinfin-de-prelavado\/#primaryimage\"},\"thumbnailUrl\":\"https:\/\/neue-herbold.com\/wp-content\/uploads\/2015\/01\/Vorwaschschnecke.jpg\",\"datePublished\":\"2016-06-02T17:40:33+00:00\",\"dateModified\":\"2016-06-02T17:50:26+00:00\",\"description\":\"El tornillo sinf\u00edn de prelavado de NEUE HERBOLD de la serie ES fue desarrollado para la descarga de sustancias perturbadoras, estando en el producto,\",\"breadcrumb\":{\"@id\":\"https:\/\/neue-herbold.com\/es\/tornillo-sinfin-de-prelavado\/#breadcrumb\"},\"inLanguage\":\"es-ES\",\"potentialAction\":[{\"@type\":\"ReadAction\",\"target\":[\"https:\/\/neue-herbold.com\/es\/tornillo-sinfin-de-prelavado\/\"]}]},{\"@type\":\"ImageObject\",\"inLanguage\":\"es-ES\",\"@id\":\"https:\/\/neue-herbold.com\/es\/tornillo-sinfin-de-prelavado\/#primaryimage\",\"url\":\"https:\/\/neue-herbold.com\/wp-content\/uploads\/2015\/01\/Vorwaschschnecke.jpg\",\"contentUrl\":\"https:\/\/neue-herbold.com\/wp-content\/uploads\/2015\/01\/Vorwaschschnecke.jpg\"},{\"@type\":\"BreadcrumbList\",\"@id\":\"https:\/\/neue-herbold.com\/es\/tornillo-sinfin-de-prelavado\/#breadcrumb\",\"itemListElement\":[{\"@type\":\"ListItem\",\"position\":1,\"name\":\"Startseite\",\"item\":\"https:\/\/neue-herbold.com\/es\/\"},{\"@type\":\"ListItem\",\"position\":2,\"name\":\"Tornillo sinf\u00edn de prelavado \u2013 Tornillo sinf\u00edn de remojado\"}]},{\"@type\":\"WebSite\",\"@id\":\"https:\/\/neue-herbold.com\/en\/#website\",\"url\":\"https:\/\/neue-herbold.com\/en\/\",\"name\":\"Neue Herbold GmbH\",\"description\":\"\",\"potentialAction\":[{\"@type\":\"SearchAction\",\"target\":{\"@type\":\"EntryPoint\",\"urlTemplate\":\"https:\/\/neue-herbold.com\/en\/?s={search_term_string}\"},\"query-input\":{\"@type\":\"PropertyValueSpecification\",\"valueRequired\":true,\"valueName\":\"search_term_string\"}}],\"inLanguage\":\"es-ES\"}]}<\/script>\n<!-- \/ Yoast SEO plugin. -->","yoast_head_json":{"title":"Tornillo sinf\u00edn de prelavado \u2013 Tornillo sinf\u00edn de remojado - Neue Herbold GmbH","description":"El tornillo sinf\u00edn de prelavado de NEUE HERBOLD de la serie ES fue desarrollado para la descarga de sustancias perturbadoras, estando en el producto,","robots":{"index":"index","follow":"follow","max-snippet":"max-snippet:-1","max-image-preview":"max-image-preview:large","max-video-preview":"max-video-preview:-1"},"canonical":"https:\/\/neue-herbold.com\/es\/tornillo-sinfin-de-prelavado\/","og_locale":"es_ES","og_type":"article","og_title":"Tornillo sinf\u00edn de prelavado \u2013 Tornillo sinf\u00edn de remojado - Neue Herbold GmbH","og_description":"El tornillo sinf\u00edn de prelavado de NEUE HERBOLD de la serie ES fue desarrollado para la descarga de sustancias perturbadoras, estando en el producto,","og_url":"https:\/\/neue-herbold.com\/es\/tornillo-sinfin-de-prelavado\/","og_site_name":"Neue Herbold GmbH","article_modified_time":"2016-06-02T17:50:26+00:00","og_image":[{"url":"https:\/\/neue-herbold.com\/wp-content\/uploads\/2015\/01\/Vorwaschschnecke.jpg","type":"","width":"","height":""}],"twitter_misc":{"Tiempo de lectura":"1 minute"},"schema":{"@context":"https:\/\/schema.org","@graph":[{"@type":"WebPage","@id":"https:\/\/neue-herbold.com\/es\/tornillo-sinfin-de-prelavado\/","url":"https:\/\/neue-herbold.com\/es\/tornillo-sinfin-de-prelavado\/","name":"Tornillo sinf\u00edn de prelavado \u2013 Tornillo sinf\u00edn de remojado - Neue Herbold GmbH","isPartOf":{"@id":"https:\/\/neue-herbold.com\/en\/#website"},"primaryImageOfPage":{"@id":"https:\/\/neue-herbold.com\/es\/tornillo-sinfin-de-prelavado\/#primaryimage"},"image":{"@id":"https:\/\/neue-herbold.com\/es\/tornillo-sinfin-de-prelavado\/#primaryimage"},"thumbnailUrl":"https:\/\/neue-herbold.com\/wp-content\/uploads\/2015\/01\/Vorwaschschnecke.jpg","datePublished":"2016-06-02T17:40:33+00:00","dateModified":"2016-06-02T17:50:26+00:00","description":"El tornillo sinf\u00edn de prelavado de NEUE HERBOLD de la serie ES fue desarrollado para la descarga de sustancias perturbadoras, estando en el producto,","breadcrumb":{"@id":"https:\/\/neue-herbold.com\/es\/tornillo-sinfin-de-prelavado\/#breadcrumb"},"inLanguage":"es-ES","potentialAction":[{"@type":"ReadAction","target":["https:\/\/neue-herbold.com\/es\/tornillo-sinfin-de-prelavado\/"]}]},{"@type":"ImageObject","inLanguage":"es-ES","@id":"https:\/\/neue-herbold.com\/es\/tornillo-sinfin-de-prelavado\/#primaryimage","url":"https:\/\/neue-herbold.com\/wp-content\/uploads\/2015\/01\/Vorwaschschnecke.jpg","contentUrl":"https:\/\/neue-herbold.com\/wp-content\/uploads\/2015\/01\/Vorwaschschnecke.jpg"},{"@type":"BreadcrumbList","@id":"https:\/\/neue-herbold.com\/es\/tornillo-sinfin-de-prelavado\/#breadcrumb","itemListElement":[{"@type":"ListItem","position":1,"name":"Startseite","item":"https:\/\/neue-herbold.com\/es\/"},{"@type":"ListItem","position":2,"name":"Tornillo sinf\u00edn de prelavado \u2013 Tornillo sinf\u00edn de remojado"}]},{"@type":"WebSite","@id":"https:\/\/neue-herbold.com\/en\/#website","url":"https:\/\/neue-herbold.com\/en\/","name":"Neue Herbold GmbH","description":"","potentialAction":[{"@type":"SearchAction","target":{"@type":"EntryPoint","urlTemplate":"https:\/\/neue-herbold.com\/en\/?s={search_term_string}"},"query-input":{"@type":"PropertyValueSpecification","valueRequired":true,"valueName":"search_term_string"}}],"inLanguage":"es-ES"}]}},"_links":{"self":[{"href":"https:\/\/neue-herbold.com\/es\/wp-json\/wp\/v2\/pages\/7777"}],"collection":[{"href":"https:\/\/neue-herbold.com\/es\/wp-json\/wp\/v2\/pages"}],"about":[{"href":"https:\/\/neue-herbold.com\/es\/wp-json\/wp\/v2\/types\/page"}],"author":[{"embeddable":true,"href":"https:\/\/neue-herbold.com\/es\/wp-json\/wp\/v2\/users\/1"}],"replies":[{"embeddable":true,"href":"https:\/\/neue-herbold.com\/es\/wp-json\/wp\/v2\/comments?post=7777"}],"version-history":[{"count":3,"href":"https:\/\/neue-herbold.com\/es\/wp-json\/wp\/v2\/pages\/7777\/revisions"}],"predecessor-version":[{"id":7789,"href":"https:\/\/neue-herbold.com\/es\/wp-json\/wp\/v2\/pages\/7777\/revisions\/7789"}],"wp:attachment":[{"href":"https:\/\/neue-herbold.com\/es\/wp-json\/wp\/v2\/media?parent=7777"}],"curies":[{"name":"wp","href":"https:\/\/api.w.org\/{rel}","templated":true}]}}