{"id":7763,"date":"2016-06-02T19:31:54","date_gmt":"2016-06-02T17:31:54","guid":{"rendered":"https:\/\/neue-herbold.com\/es\/waschtrommel\/"},"modified":"2017-08-18T18:42:13","modified_gmt":"2017-08-18T16:42:13","slug":"tambor-de-prelavado","status":"publish","type":"page","link":"https:\/\/neue-herbold.com\/es\/tambor-de-prelavado\/","title":{"rendered":"Tambor de prelavado"},"content":{"rendered":"<h4><strong><a href=\"https:\/\/neue-herbold.com\/wp-content\/uploads\/2015\/03\/Waschtrommel.jpg\" target=\"_blank\" rel=\"noopener noreferrer\"><img loading=\"lazy\" decoding=\"async\" class=\"  alignleft wp-image-5258\" title=\"Tambor de prelavado\" src=\"https:\/\/neue-herbold.com\/wp-content\/uploads\/2015\/03\/Waschtrommel-1024x768.jpg\" alt=\"Tambor de prelavado\" width=\"340\" height=\"255\" srcset=\"https:\/\/neue-herbold.com\/wp-content\/uploads\/2015\/03\/Waschtrommel-1024x768.jpg 1024w, https:\/\/neue-herbold.com\/wp-content\/uploads\/2015\/03\/Waschtrommel-300x225.jpg 300w, https:\/\/neue-herbold.com\/wp-content\/uploads\/2015\/03\/Waschtrommel-100x75.jpg 100w, https:\/\/neue-herbold.com\/wp-content\/uploads\/2015\/03\/Waschtrommel-150x113.jpg 150w, https:\/\/neue-herbold.com\/wp-content\/uploads\/2015\/03\/Waschtrommel-200x150.jpg 200w, https:\/\/neue-herbold.com\/wp-content\/uploads\/2015\/03\/Waschtrommel-450x338.jpg 450w, https:\/\/neue-herbold.com\/wp-content\/uploads\/2015\/03\/Waschtrommel-600x450.jpg 600w, https:\/\/neue-herbold.com\/wp-content\/uploads\/2015\/03\/Waschtrommel-900x675.jpg 900w, https:\/\/neue-herbold.com\/wp-content\/uploads\/2015\/03\/Waschtrommel.jpg 1200w\" sizes=\"(max-width: 340px) 100vw, 340px\" \/><\/a><\/strong>Tambor para el lavado previo<\/h4>\n<p>Campo de aplicaci\u00f3n del tambor para el lavado previo<br \/>\n Utilizaci\u00f3n del tambor para el lavado previo en instalaciones de reciclaje de pl\u00e1sticos para poliolefinas en las cuales se requiere una separaci\u00f3n previa de las sustancias perturbadoras gruesas, como por ejemplo piedras, metales, vidrio etc. \u2013 as\u00ed como para la preparaci\u00f3n del material a reciclar para la elaboraci\u00f3n ulterior.<\/p>\n<p>El tambor para el lavado previo puede ser aplicado no s\u00f3lo para l\u00e1minas sino tambi\u00e9n para botellas o para otros pl\u00e1sticos de paredes gruesas estando fuertemente ensuciados.\u00a0 Por regla general, antes de alimentar el material en el tambor para el lavado previo, el mismo es triturado previamente y descompuesto en un tama\u00f1o granular de aproximadamente 50 mm &#8211; 100 mm.<\/p>\n<h3>Ventajas del tambor para el lavado previo<\/h3>\n<p>\u2022 Reducciones de costes a trav\u00e9s de la evitaci\u00f3n de da\u00f1os que puedan presentarse a las instalaciones intercaladas por atr\u00e1s del procedimiento de reciclaje. <br \/>\n \u2022 Montaje sencillo e integraci\u00f3n simple en la instalaci\u00f3n de reciclaje.<\/p>\n<p>Debido a la construcci\u00f3n robusta, el tambor para el lavado previo requiere poco entretenimiento y es m\u00e1s o menos expuesto a perturbaciones. Pero, en caso de que sea necesario de ejecutar un entretenimiento o incluso una reparaci\u00f3n, el tambor es f\u00e1cilmente accesible para el t\u00e9cnico.<\/p>\n<h3>Construcci\u00f3n y modo de funcionamiento del tambor para el lavado previo<\/h3>\n<p>El tambor para el lavado previo se compone de un escal\u00f3n cil\u00edndrico de separaci\u00f3n con descarga de material as\u00ed como de una tolva de carga para el material a reciclar as\u00ed como para el agua. La rotaci\u00f3n del tambor hace circular el material y disuelve conglomerados de materiales alcanzando as\u00ed una separaci\u00f3n efectiva de los productos pesados.<\/p>\n<p>La unidad completa est\u00e1 montada en una posici\u00f3n un poco inclinada de manera que el agua corre hacia abajo. \u00a0<\/p>\n<p>La superficie interior de la unidad de separaci\u00f3n est\u00e1 ejecutada como rosca helicoidal. As\u00ed, las part\u00edculas pesadas son transportadas, contra el flujo de agua, hacia arriba mientras que la rosca helicoidal arroja los pl\u00e1sticos y el agua hacia abajo donde los mismos son descargados.<\/p>\n<h3>T\u00e9cnica del tambor para el lavado previo<\/h3>\n<p>En caso del reciclaje de pl\u00e1sticos, el tambor para el lavado previo se lo utiliza como separador o como etapa de separaci\u00f3n previa. A trav\u00e9s de la aplicaci\u00f3n del tambor para el lavado previo, las trituradas laminillas pl\u00e1sticas se las separan de las sustancias perturbadoras pesadas como, por ejemplo, de piedras, de recortes de neum\u00e1ticos, de metales etc.<\/p>\n<h3>T\u00e9cnica de accionamiento<\/h3>\n<p>El tambor para el lavado previo, se lo acciona por medio de motor trif\u00e1sico. La unidad completa, se la monta en un bastidor estable el cual es accionado por medio de neum\u00e1ticos macizos por lo cual el tambor es puesto en la rotation requerida. Esta construcci\u00f3n robusta y simple del tambor, estando casi sin entretenimiento, es una de las ventajas muy grandes de esta unidad de separaci\u00f3n previa.<\/p>\n<h3>Larga duraci\u00f3n \u00fatil<\/h3>\n<p>El tambor para el lavado previo est\u00e1 construido completamente de acero fino inoxidable. Los instalados neum\u00e1ticos macizos se caracterizan por gran longevidad.\n <\/p>\n","protected":false},"excerpt":{"rendered":"<p><strong><a href=\"https:\/\/neue-herbold.com\/wp-content\/uploads\/2015\/03\/Waschtrommel.jpg\" target=\"_blank\" rel=\"noopener noreferrer\"><img loading=\"lazy\" decoding=\"async\" class=\"  alignleft wp-image-5258\" title=\"Tambor de prelavado\" src=\"https:\/\/neue-herbold.com\/wp-content\/uploads\/2015\/03\/Waschtrommel-1024x768.jpg\" alt=\"Tambor de prelavado\" width=\"340\" height=\"255\" srcset=\"https:\/\/neue-herbold.com\/wp-content\/uploads\/2015\/03\/Waschtrommel-1024x768.jpg 1024w, https:\/\/neue-herbold.com\/wp-content\/uploads\/2015\/03\/Waschtrommel-300x225.jpg 300w, https:\/\/neue-herbold.com\/wp-content\/uploads\/2015\/03\/Waschtrommel-100x75.jpg 100w, https:\/\/neue-herbold.com\/wp-content\/uploads\/2015\/03\/Waschtrommel-150x113.jpg 150w, https:\/\/neue-herbold.com\/wp-content\/uploads\/2015\/03\/Waschtrommel-200x150.jpg 200w, https:\/\/neue-herbold.com\/wp-content\/uploads\/2015\/03\/Waschtrommel-450x338.jpg 450w, https:\/\/neue-herbold.com\/wp-content\/uploads\/2015\/03\/Waschtrommel-600x450.jpg 600w, https:\/\/neue-herbold.com\/wp-content\/uploads\/2015\/03\/Waschtrommel-900x675.jpg 900w, https:\/\/neue-herbold.com\/wp-content\/uploads\/2015\/03\/Waschtrommel.jpg 1200w\" sizes=\"(max-width: 340px) 100vw, 340px\" \/><\/a><\/strong>Tambor para el lavado previo<\/p>\n<p>Campo de aplicaci\u00f3n del tambor para el lavado previo<br \/>\n Utilizaci\u00f3n del tambor para el lavado previo en instalaciones de reciclaje de pl\u00e1sticos para poliolefinas en las cuales se requiere una separaci\u00f3n previa de las sustancias perturbadoras gruesas,<\/p>\n<p><span class=\"ellipsis\">&hellip;<\/span><\/p>\n<div class=\"read-more\"><a href=\"https:\/\/neue-herbold.com\/es\/tambor-de-prelavado\/\">Leer m\u00e1s \u203a<\/a><\/div>\n<p><!-- end of .read-more --><\/p>\n","protected":false},"author":1,"featured_media":0,"parent":0,"menu_order":0,"comment_status":"closed","ping_status":"closed","template":"","meta":{"footnotes":""},"class_list":["post-7763","page","type-page","status-publish","hentry"],"yoast_head":"<!-- This site is optimized with the Yoast SEO plugin v25.4 - https:\/\/yoast.com\/wordpress\/plugins\/seo\/ -->\n<title>Tambor de prelavado - Neue Herbold GmbH<\/title>\n<meta name=\"description\" content=\"Pre-separaci\u00f3n de contaminaci\u00f3n pesada con Tambor de prelavado NEUE HERBOLD ofrece dispositivos de pre-separaci\u00f3n para prevenir danos\" \/>\n<meta name=\"robots\" content=\"index, follow, max-snippet:-1, max-image-preview:large, max-video-preview:-1\" \/>\n<link rel=\"canonical\" href=\"https:\/\/neue-herbold.com\/es\/tambor-de-prelavado\/\" \/>\n<meta property=\"og:locale\" content=\"es_ES\" \/>\n<meta property=\"og:type\" content=\"article\" \/>\n<meta property=\"og:title\" content=\"Tambor de prelavado - Neue Herbold GmbH\" \/>\n<meta property=\"og:description\" content=\"Pre-separaci\u00f3n de contaminaci\u00f3n pesada con Tambor de prelavado NEUE HERBOLD ofrece dispositivos de pre-separaci\u00f3n para prevenir danos\" \/>\n<meta property=\"og:url\" content=\"https:\/\/neue-herbold.com\/es\/tambor-de-prelavado\/\" \/>\n<meta property=\"og:site_name\" content=\"Neue Herbold GmbH\" \/>\n<meta property=\"article:modified_time\" content=\"2017-08-18T16:42:13+00:00\" \/>\n<meta property=\"og:image\" content=\"https:\/\/neue-herbold.com\/wp-content\/uploads\/2015\/03\/Waschtrommel-1024x768.jpg\" \/>\n<meta name=\"twitter:label1\" content=\"Tiempo de lectura\" \/>\n\t<meta name=\"twitter:data1\" content=\"3 minutes\" \/>\n<script type=\"application\/ld+json\" class=\"yoast-schema-graph\">{\"@context\":\"https:\/\/schema.org\",\"@graph\":[{\"@type\":\"WebPage\",\"@id\":\"https:\/\/neue-herbold.com\/es\/tambor-de-prelavado\/\",\"url\":\"https:\/\/neue-herbold.com\/es\/tambor-de-prelavado\/\",\"name\":\"Tambor de prelavado - Neue Herbold GmbH\",\"isPartOf\":{\"@id\":\"https:\/\/neue-herbold.com\/en\/#website\"},\"primaryImageOfPage\":{\"@id\":\"https:\/\/neue-herbold.com\/es\/tambor-de-prelavado\/#primaryimage\"},\"image\":{\"@id\":\"https:\/\/neue-herbold.com\/es\/tambor-de-prelavado\/#primaryimage\"},\"thumbnailUrl\":\"https:\/\/neue-herbold.com\/wp-content\/uploads\/2015\/03\/Waschtrommel-1024x768.jpg\",\"datePublished\":\"2016-06-02T17:31:54+00:00\",\"dateModified\":\"2017-08-18T16:42:13+00:00\",\"description\":\"Pre-separaci\u00f3n de contaminaci\u00f3n pesada con Tambor de prelavado NEUE HERBOLD ofrece dispositivos de pre-separaci\u00f3n para prevenir danos\",\"breadcrumb\":{\"@id\":\"https:\/\/neue-herbold.com\/es\/tambor-de-prelavado\/#breadcrumb\"},\"inLanguage\":\"es-ES\",\"potentialAction\":[{\"@type\":\"ReadAction\",\"target\":[\"https:\/\/neue-herbold.com\/es\/tambor-de-prelavado\/\"]}]},{\"@type\":\"ImageObject\",\"inLanguage\":\"es-ES\",\"@id\":\"https:\/\/neue-herbold.com\/es\/tambor-de-prelavado\/#primaryimage\",\"url\":\"https:\/\/neue-herbold.com\/wp-content\/uploads\/2015\/03\/Waschtrommel-1024x768.jpg\",\"contentUrl\":\"https:\/\/neue-herbold.com\/wp-content\/uploads\/2015\/03\/Waschtrommel-1024x768.jpg\"},{\"@type\":\"BreadcrumbList\",\"@id\":\"https:\/\/neue-herbold.com\/es\/tambor-de-prelavado\/#breadcrumb\",\"itemListElement\":[{\"@type\":\"ListItem\",\"position\":1,\"name\":\"Startseite\",\"item\":\"https:\/\/neue-herbold.com\/es\/\"},{\"@type\":\"ListItem\",\"position\":2,\"name\":\"Tambor de prelavado\"}]},{\"@type\":\"WebSite\",\"@id\":\"https:\/\/neue-herbold.com\/en\/#website\",\"url\":\"https:\/\/neue-herbold.com\/en\/\",\"name\":\"Neue Herbold GmbH\",\"description\":\"\",\"potentialAction\":[{\"@type\":\"SearchAction\",\"target\":{\"@type\":\"EntryPoint\",\"urlTemplate\":\"https:\/\/neue-herbold.com\/en\/?s={search_term_string}\"},\"query-input\":{\"@type\":\"PropertyValueSpecification\",\"valueRequired\":true,\"valueName\":\"search_term_string\"}}],\"inLanguage\":\"es-ES\"}]}<\/script>\n<!-- \/ Yoast SEO plugin. -->","yoast_head_json":{"title":"Tambor de prelavado - Neue Herbold GmbH","description":"Pre-separaci\u00f3n de contaminaci\u00f3n pesada con Tambor de prelavado NEUE HERBOLD ofrece dispositivos de pre-separaci\u00f3n para prevenir danos","robots":{"index":"index","follow":"follow","max-snippet":"max-snippet:-1","max-image-preview":"max-image-preview:large","max-video-preview":"max-video-preview:-1"},"canonical":"https:\/\/neue-herbold.com\/es\/tambor-de-prelavado\/","og_locale":"es_ES","og_type":"article","og_title":"Tambor de prelavado - Neue Herbold GmbH","og_description":"Pre-separaci\u00f3n de contaminaci\u00f3n pesada con Tambor de prelavado NEUE HERBOLD ofrece dispositivos de pre-separaci\u00f3n para prevenir danos","og_url":"https:\/\/neue-herbold.com\/es\/tambor-de-prelavado\/","og_site_name":"Neue Herbold GmbH","article_modified_time":"2017-08-18T16:42:13+00:00","og_image":[{"url":"https:\/\/neue-herbold.com\/wp-content\/uploads\/2015\/03\/Waschtrommel-1024x768.jpg","type":"","width":"","height":""}],"twitter_misc":{"Tiempo de lectura":"3 minutes"},"schema":{"@context":"https:\/\/schema.org","@graph":[{"@type":"WebPage","@id":"https:\/\/neue-herbold.com\/es\/tambor-de-prelavado\/","url":"https:\/\/neue-herbold.com\/es\/tambor-de-prelavado\/","name":"Tambor de prelavado - Neue Herbold GmbH","isPartOf":{"@id":"https:\/\/neue-herbold.com\/en\/#website"},"primaryImageOfPage":{"@id":"https:\/\/neue-herbold.com\/es\/tambor-de-prelavado\/#primaryimage"},"image":{"@id":"https:\/\/neue-herbold.com\/es\/tambor-de-prelavado\/#primaryimage"},"thumbnailUrl":"https:\/\/neue-herbold.com\/wp-content\/uploads\/2015\/03\/Waschtrommel-1024x768.jpg","datePublished":"2016-06-02T17:31:54+00:00","dateModified":"2017-08-18T16:42:13+00:00","description":"Pre-separaci\u00f3n de contaminaci\u00f3n pesada con Tambor de prelavado NEUE HERBOLD ofrece dispositivos de pre-separaci\u00f3n para prevenir danos","breadcrumb":{"@id":"https:\/\/neue-herbold.com\/es\/tambor-de-prelavado\/#breadcrumb"},"inLanguage":"es-ES","potentialAction":[{"@type":"ReadAction","target":["https:\/\/neue-herbold.com\/es\/tambor-de-prelavado\/"]}]},{"@type":"ImageObject","inLanguage":"es-ES","@id":"https:\/\/neue-herbold.com\/es\/tambor-de-prelavado\/#primaryimage","url":"https:\/\/neue-herbold.com\/wp-content\/uploads\/2015\/03\/Waschtrommel-1024x768.jpg","contentUrl":"https:\/\/neue-herbold.com\/wp-content\/uploads\/2015\/03\/Waschtrommel-1024x768.jpg"},{"@type":"BreadcrumbList","@id":"https:\/\/neue-herbold.com\/es\/tambor-de-prelavado\/#breadcrumb","itemListElement":[{"@type":"ListItem","position":1,"name":"Startseite","item":"https:\/\/neue-herbold.com\/es\/"},{"@type":"ListItem","position":2,"name":"Tambor de prelavado"}]},{"@type":"WebSite","@id":"https:\/\/neue-herbold.com\/en\/#website","url":"https:\/\/neue-herbold.com\/en\/","name":"Neue Herbold GmbH","description":"","potentialAction":[{"@type":"SearchAction","target":{"@type":"EntryPoint","urlTemplate":"https:\/\/neue-herbold.com\/en\/?s={search_term_string}"},"query-input":{"@type":"PropertyValueSpecification","valueRequired":true,"valueName":"search_term_string"}}],"inLanguage":"es-ES"}]}},"_links":{"self":[{"href":"https:\/\/neue-herbold.com\/es\/wp-json\/wp\/v2\/pages\/7763"}],"collection":[{"href":"https:\/\/neue-herbold.com\/es\/wp-json\/wp\/v2\/pages"}],"about":[{"href":"https:\/\/neue-herbold.com\/es\/wp-json\/wp\/v2\/types\/page"}],"author":[{"embeddable":true,"href":"https:\/\/neue-herbold.com\/es\/wp-json\/wp\/v2\/users\/1"}],"replies":[{"embeddable":true,"href":"https:\/\/neue-herbold.com\/es\/wp-json\/wp\/v2\/comments?post=7763"}],"version-history":[{"count":7,"href":"https:\/\/neue-herbold.com\/es\/wp-json\/wp\/v2\/pages\/7763\/revisions"}],"predecessor-version":[{"id":11223,"href":"https:\/\/neue-herbold.com\/es\/wp-json\/wp\/v2\/pages\/7763\/revisions\/11223"}],"wp:attachment":[{"href":"https:\/\/neue-herbold.com\/es\/wp-json\/wp\/v2\/media?parent=7763"}],"curies":[{"name":"wp","href":"https:\/\/api.w.org\/{rel}","templated":true}]}}