{"id":7747,"date":"2016-06-02T19:19:04","date_gmt":"2016-06-02T17:19:04","guid":{"rendered":"https:\/\/neue-herbold.com\/es\/feinmuehlen\/"},"modified":"2017-05-02T20:22:13","modified_gmt":"2017-05-02T18:22:13","slug":"pulverizadores-zm","status":"publish","type":"page","link":"https:\/\/neue-herbold.com\/es\/pulverizadores-zm\/","title":{"rendered":"Pulverizadores ZM"},"content":{"rendered":"<div id=\"attachment_2915\" style=\"width: 310px\" class=\"wp-caption alignright\"><a href=\"https:\/\/neue-herbold.com\/wp-content\/uploads\/2014\/11\/ZM-500-01.jpg\" target=\"_blank\" rel=\"noopener noreferrer\"><img loading=\"lazy\" decoding=\"async\" aria-describedby=\"caption-attachment-2915\" class=\"wp-image-2915\" src=\"https:\/\/neue-herbold.com\/wp-content\/uploads\/2014\/11\/ZM-500-01.jpg\" alt=\"\" width=\"300\" height=\"409\" srcset=\"https:\/\/neue-herbold.com\/wp-content\/uploads\/2014\/11\/ZM-500-01.jpg 750w, https:\/\/neue-herbold.com\/wp-content\/uploads\/2014\/11\/ZM-500-01-219x300.jpg 219w, https:\/\/neue-herbold.com\/wp-content\/uploads\/2014\/11\/ZM-500-01-100x136.jpg 100w, https:\/\/neue-herbold.com\/wp-content\/uploads\/2014\/11\/ZM-500-01-150x204.jpg 150w, https:\/\/neue-herbold.com\/wp-content\/uploads\/2014\/11\/ZM-500-01-200x273.jpg 200w, https:\/\/neue-herbold.com\/wp-content\/uploads\/2014\/11\/ZM-500-01-300x409.jpg 300w, https:\/\/neue-herbold.com\/wp-content\/uploads\/2014\/11\/ZM-500-01-450x614.jpg 450w, https:\/\/neue-herbold.com\/wp-content\/uploads\/2014\/11\/ZM-500-01-600x819.jpg 600w\" sizes=\"(max-width: 300px) 100vw, 300px\" \/><\/a><p id=\"caption-attachment-2915\" class=\"wp-caption-text\">ZM 500<\/p><\/div>\n<p><span style=\"color: #000000;\">Los molinos pulverizadores de la gama ZM son unidades de trituraci\u00f3n fina a alta velocidad de materiales semir\u00edgidos, resistentes al impacto y quebradizos.<\/span><\/p>\n<p><span style=\"color: #000000;\"><em><strong>Una aplicati\u00f3n t\u00edpica es la<\/strong> <strong>pulverizaci\u00f3n de PVC, PE, PC<\/strong> <\/em><strong><em> y otros tipos de pl\u00e1sticos.<\/em><br \/>\n <\/strong> <\/span><br \/>\n <span style=\"color: #000000;\"> Algunos ejemplos de materiales que pueden ser reducidos mediante el Pulverizador de <strong>NEUE HERBOLD<\/strong> son:<\/span><\/p>\n<ul>\n<li><span style=\"color: #000000;\">Material triturado proveniente de tubo o perfil extrusionados<\/span><\/li>\n<li><span style=\"color: #000000;\">L\u00e1minas pre-trituradas y refilos<\/span><\/li>\n<li><span style=\"color: #000000;\">Film r\u00edgido<\/span><\/li>\n<\/ul>\n<p><em><span style=\"color: #000000;\">Productos amorfos y quebradizos de los siguientes sectores:<\/span><\/em><\/p>\n<ul>\n<li><span style=\"color: #000000;\">Industria de la alimentaci\u00f3n<\/span><\/li>\n<li><span style=\"color: #000000;\">Industria qu\u00edmica<\/span><\/li>\n<li><span style=\"color: #000000;\">Industria farmac\u00e9utica<\/span><\/li>\n<\/ul>\n<p><span style=\"color: #000000;\">El material a reducir se alimenta en el centro a trav\u00e9s del disco fijo desde donde es expulsado mediante fuerza centrifuga a trav\u00e9s de la ranura entre discos y queda pulverizado al pasar por ellos, tras lo que el material es descargado mediante la unidad de aspiraci\u00f3n. <\/span><\/p>\n<p><span style=\"color: #000000;\"><strong><em>Las ventajas m\u00e1s importantes:<\/em> <\/strong><\/span><\/p>\n<ul>\n<li><span style=\"color: #000000;\">Tiempo muy corto de permanencia del material en la c\u00e1mara de trituraci\u00f3n. <\/span><br \/>\n <span style=\"color: #000000;\">Las partes de desgaste son f\u00e1cilmente reemplazables y el ajuste de la ranura entre los discos se ha simplificado realiz\u00e1ndolo desde fuera<\/span><\/li>\n<li><span style=\"color: #000000;\">Unidad muy efectiva, en cuanto al coste, y de altas prestaciones<\/span><\/li>\n<li><span style=\"color: #000000;\">Degradaci\u00f3n m\u00ednima del material<\/span><\/li>\n<li><span style=\"color: #000000;\">Discos de una sola pieza<\/span><\/li>\n<\/ul>\n<p><span style=\"color: #000000;\">La peque\u00f1a boca de entrada de la c\u00e1mara de pulverizaci\u00f3n y los discos planos montados en disposici\u00f3n casi vertical son ventajas de estas unidades.<\/span><\/p>\n<p><span style=\"color: #000000;\">Esto asegura que el material es destrozado y reducido immediatamente despu\u00e9s de haber entrado en la c\u00e1mara de pulverizaci\u00f3n y elimina cualquier tiempo innecesario de residencia del material, lo que supondr\u00eda un aumento de temperatura. Un disco dentado gira a alta velocidad, paralelo a un disco fijo de impacto.<\/span><\/p>\n<p><span style=\"color: #000000;\">Cojinetes y carcasa dise\u00f1ados especialmente para altas velocidades eliminando la necesidad de un doble motor de accionamiento. <\/span><\/p>\n<p><span style=\"color: #000000;\">La alta velocidad del disco y el extremadamente efectivo proceso por impacto asegura que se puedan obtener altas producciones con un m\u00ednimo coste energ\u00e9tico. Esto simplifica las partes mec\u00e1nicas y de control de la unidad y reduce el trabajo de mantenimiento que de otra forma ser\u00eda necesario.<\/span><\/p>\n<div id=\"attachment_3317\" style=\"width: 229px\" class=\"wp-caption alignleft\"><a href=\"https:\/\/neue-herbold.com\/wp-content\/uploads\/2014\/11\/ZM-500-mit-Schallschutzkabine.jpg\" target=\"_blank\" rel=\"noopener noreferrer\"><img loading=\"lazy\" decoding=\"async\" aria-describedby=\"caption-attachment-3317\" class=\"wp-image-3317 size-medium\" src=\"https:\/\/neue-herbold.com\/wp-content\/uploads\/2014\/11\/ZM-500-mit-Schallschutzkabine-219x300.jpg\" alt=\"\" width=\"219\" height=\"300\" srcset=\"https:\/\/neue-herbold.com\/wp-content\/uploads\/2014\/11\/ZM-500-mit-Schallschutzkabine-219x300.jpg 219w, https:\/\/neue-herbold.com\/wp-content\/uploads\/2014\/11\/ZM-500-mit-Schallschutzkabine-100x136.jpg 100w, https:\/\/neue-herbold.com\/wp-content\/uploads\/2014\/11\/ZM-500-mit-Schallschutzkabine-150x204.jpg 150w, https:\/\/neue-herbold.com\/wp-content\/uploads\/2014\/11\/ZM-500-mit-Schallschutzkabine-200x273.jpg 200w, https:\/\/neue-herbold.com\/wp-content\/uploads\/2014\/11\/ZM-500-mit-Schallschutzkabine-300x409.jpg 300w, https:\/\/neue-herbold.com\/wp-content\/uploads\/2014\/11\/ZM-500-mit-Schallschutzkabine-450x614.jpg 450w, https:\/\/neue-herbold.com\/wp-content\/uploads\/2014\/11\/ZM-500-mit-Schallschutzkabine-600x819.jpg 600w, https:\/\/neue-herbold.com\/wp-content\/uploads\/2014\/11\/ZM-500-mit-Schallschutzkabine.jpg 750w\" sizes=\"(max-width: 219px) 100vw, 219px\" \/><\/a><p id=\"caption-attachment-3317\" class=\"wp-caption-text\">ZM 500 con cerramiento de sonido<\/p><\/div>\n<p><span style=\"color: #000000;\"><strong><em>Ajuste de los discos de pulverizaci\u00f3n<\/em> <\/strong><\/span><br \/>\n <span style=\"color: #000000;\">La fineza del material depender\u00e1 del dise\u00f1o de los utillajes de corte (discos), la velocidad de giro del disco y la ranura entre los dos discos. La ranura entre los discos se regula desde el exterior de la unidad cerrada utilizando los tornillos de ajuste y la galga. <\/span><\/p>\n<p><span style=\"color: #000000;\">Esto da <em>un f\u00e1cil ajuste, lo que le permite a la unidad ser utilizada en una amplia variedad de aplicaciones <\/em><\/span><\/p>\n<p><em><span style=\"color: #000000;\"><strong>Discos de pulverizaci\u00f3n<\/strong> <\/span><\/em><br \/>\n <span style=\"color: #000000;\">La gama de pulverizadores tipo ZM est\u00e1 equipada con discos de pulverizaci\u00f3n de una sola pieza, fabricados en aleaci\u00f3n de acero altamente especial. El dise\u00f1o en una sola pieza reduce los costes de desgaste y asegura un r\u00e1pido cambio sin necesidad de alineamientos especiales o sin necesidad de desmontar otras partes de la m\u00e1quina. <\/span><\/p>\n<p><span style=\"color: #000000;\">Dependiendo de la aplicaci\u00f3n, podemos suministrar otros discos con distinto ratio de superficie dentada. Tambi\u00e9n ofrecemos nuestros discos en versiones de alta resistencia al desgaste para aplicaciones especiales. <\/span><\/p>\n<p><span style=\"color: #000000;\"><strong><em>Nota:<\/em><\/strong> Los discos pueden reafilarse. La frecuencia de reafilado depender\u00e1 del grado de desgaste.<\/span><\/p>\n<p>&nbsp;<\/p>\n<p>&nbsp;<\/p>\n<p>&nbsp;<\/p>\n<p><strong>Video &#8211; Pulverizadores &#8211; Tipo ZM<\/strong><\/p>\n<div id=\"bcoL9bf92w\" data-borlabs-cookie-blocked-content><div class=\"borlabs-cookie-bct bc-bct-video bc-bct-youtube\"> <p class=\"bc-thumbnail\"><img src=\"https:\/\/neue-herbold.com\/wp-content\/plugins\/borlabs-cookie\/images\/bct-no-thumbnail.png\" alt=\"YouTube\"><\/p> <div class=\"bc-text\"> <p>Para proteger sus datos personales, se ha bloqueado su conexi\u00f3n a YouTube. <br> Haga clic en <strong> Cargar video <\/strong> para desbloquear YouTube. <br> Al cargar el video, acepta la pol\u00edtica de privacidad de YouTube. <br> Puede encontrar m\u00e1s informaci\u00f3n sobre la pol\u00edtica de privacidad de YouTube aqu\u00ed. <a href=\"https:\/\/policies.google.com\/privacy?hl=es&gl=es\" target=\"_blank\" rel=\"nofollow\">Google - Declaraci\u00f3n de privacidad<\/a><\/p> <p><label><input type=\"checkbox\" name=\"unblockAll\" value=\"1\" > No bloquees m\u00e1s videos de YouTube en el futuro.<\/label> <a role=\"button\" data-borlabs-cookie-unblock>Cargar video<\/a><\/p> <\/div> <\/div><\/div>\n<p>&nbsp;<\/p>\n<p>&nbsp;<\/p>\n<p><span style=\"color: #000000;\"><strong><em><a href=\"https:\/\/neue-herbold.com\/wp-content\/uploads\/2014\/11\/ZM-Grafik.jpg\" target=\"_blank\" rel=\"noopener noreferrer\"><img loading=\"lazy\" decoding=\"async\" class=\" wp-image-2909 alignnone\" src=\"https:\/\/neue-herbold.com\/wp-content\/uploads\/2014\/11\/ZM-Grafik-1024x405.jpg\" alt=\"ZM Grafik\" width=\"484\" height=\"191\" srcset=\"https:\/\/neue-herbold.com\/wp-content\/uploads\/2014\/11\/ZM-Grafik-1024x405.jpg 1024w, https:\/\/neue-herbold.com\/wp-content\/uploads\/2014\/11\/ZM-Grafik-300x118.jpg 300w, https:\/\/neue-herbold.com\/wp-content\/uploads\/2014\/11\/ZM-Grafik-100x39.jpg 100w, https:\/\/neue-herbold.com\/wp-content\/uploads\/2014\/11\/ZM-Grafik-150x59.jpg 150w, https:\/\/neue-herbold.com\/wp-content\/uploads\/2014\/11\/ZM-Grafik-200x79.jpg 200w, https:\/\/neue-herbold.com\/wp-content\/uploads\/2014\/11\/ZM-Grafik-450x178.jpg 450w, https:\/\/neue-herbold.com\/wp-content\/uploads\/2014\/11\/ZM-Grafik-600x237.jpg 600w, https:\/\/neue-herbold.com\/wp-content\/uploads\/2014\/11\/ZM-Grafik-900x356.jpg 900w\" sizes=\"(max-width: 484px) 100vw, 484px\" \/><\/a><\/em><\/strong><\/span><\/p>\n<table style=\"width: 482.15px;\">\n<tbody>\n<tr>\n<td style=\"text-align: center; width: 198px;\"><span style=\"color: #000000;\"><strong>Tipo<\/strong><\/span><\/td>\n<td style=\"text-align: center; width: 63px;\"><span style=\"color: #000000;\"><strong>A (mm)<\/strong><\/span><\/td>\n<td style=\"text-align: center; width: 62px;\"><span style=\"color: #000000;\"><strong>B (mm)<\/strong><\/span><\/td>\n<td style=\"text-align: center; width: 130.15px;\"><span style=\"color: #000000;\"><strong>C (mm)<\/strong><\/span><\/td>\n<\/tr>\n<tr>\n<td style=\"width: 198px;\"><span style=\"color: #000000;\">Pulverizadoras tipo ZM 300<\/span><\/td>\n<td style=\"text-align: center; width: 63px;\"><span style=\"color: #000000;\">1350<\/span><\/td>\n<td style=\"text-align: center; width: 62px;\"><span style=\"color: #000000;\">1050<\/span><\/td>\n<td style=\"text-align: center; width: 130.15px;\"><span style=\"color: #000000;\">1045<\/span><\/td>\n<\/tr>\n<tr>\n<td style=\"width: 198px;\"><span style=\"color: #000000;\">Pulverizadoras tipo ZM 500<\/span><\/td>\n<td style=\"text-align: center; width: 63px;\"><span style=\"color: #000000;\">1685<\/span><\/td>\n<td style=\"text-align: center; width: 62px;\"><span style=\"color: #000000;\">1430<\/span><\/td>\n<td style=\"text-align: center; width: 130.15px;\"><span style=\"color: #000000;\">1180<\/span><\/td>\n<\/tr>\n<tr>\n<td style=\"width: 198px;\"><span style=\"color: #000000;\">Pulverizadoras tipo ZM 800<\/span><\/td>\n<td style=\"text-align: center; width: 63px;\"><span style=\"color: #000000;\">2260<\/span><\/td>\n<td style=\"text-align: center; width: 62px;\"><span style=\"color: #000000;\">1140<\/span><\/td>\n<td style=\"text-align: center; width: 130.15px;\"><span style=\"color: #000000;\">1760<\/span><\/td>\n<\/tr>\n<\/tbody>\n<\/table>\n<p style=\"text-align: left;\"><span style=\"color: #000000;\"><strong><a href=\"https:\/\/neue-herbold.com\/wp-content\/uploads\/2014\/11\/Masse-ZM.jpg\"><img loading=\"lazy\" decoding=\"async\" class=\"size-large wp-image-3435 alignnone\" src=\"https:\/\/neue-herbold.com\/wp-content\/uploads\/2014\/11\/Masse-ZM-1024x461.jpg\" alt=\"Masse-ZM\" width=\"605\" height=\"272\" srcset=\"https:\/\/neue-herbold.com\/wp-content\/uploads\/2014\/11\/Masse-ZM-1024x461.jpg 1024w, https:\/\/neue-herbold.com\/wp-content\/uploads\/2014\/11\/Masse-ZM-300x135.jpg 300w, https:\/\/neue-herbold.com\/wp-content\/uploads\/2014\/11\/Masse-ZM-100x45.jpg 100w, https:\/\/neue-herbold.com\/wp-content\/uploads\/2014\/11\/Masse-ZM-150x67.jpg 150w, https:\/\/neue-herbold.com\/wp-content\/uploads\/2014\/11\/Masse-ZM-200x90.jpg 200w, https:\/\/neue-herbold.com\/wp-content\/uploads\/2014\/11\/Masse-ZM-450x202.jpg 450w, https:\/\/neue-herbold.com\/wp-content\/uploads\/2014\/11\/Masse-ZM-600x270.jpg 600w, https:\/\/neue-herbold.com\/wp-content\/uploads\/2014\/11\/Masse-ZM-900x405.jpg 900w, https:\/\/neue-herbold.com\/wp-content\/uploads\/2014\/11\/Masse-ZM.jpg 1176w\" sizes=\"(max-width: 605px) 100vw, 605px\" \/><\/a><\/strong><\/span><\/p>\n","protected":false},"excerpt":{"rendered":"<p><span style=\"color: #000000;\">Los molinos pulverizadores de la gama ZM son unidades de trituraci\u00f3n fina a alta velocidad de materiales semir\u00edgidos, resistentes al impacto y quebradizos.<\/span><\/p>\n<p><span style=\"color: #000000;\"><em><strong>Una aplicati\u00f3n t\u00edpica es la<\/strong> <strong>pulverizaci\u00f3n de PVC,<\/strong><\/em><\/span><\/p>\n<p><span class=\"ellipsis\">&hellip;<\/span><\/p>\n<div class=\"read-more\"><a href=\"https:\/\/neue-herbold.com\/es\/pulverizadores-zm\/\">Leer m\u00e1s \u203a<\/a><\/div>\n<p><!-- end of .read-more --><\/p>\n","protected":false},"author":1,"featured_media":0,"parent":0,"menu_order":0,"comment_status":"closed","ping_status":"closed","template":"","meta":{"footnotes":""},"class_list":["post-7747","page","type-page","status-publish","hentry"],"yoast_head":"<!-- This site is optimized with the Yoast SEO plugin v25.4 - https:\/\/yoast.com\/wordpress\/plugins\/seo\/ -->\n<title>Pulverizadores ZM - Neue Herbold GmbH<\/title>\n<meta name=\"description\" content=\"Los molinos pulverizadores ZM son unidades de trituraci\u00f3n fina a alta velocidad de materiales semir\u00edgidos, resistentes al impacto y quebradizos.\" \/>\n<meta name=\"robots\" content=\"index, follow, max-snippet:-1, max-image-preview:large, max-video-preview:-1\" \/>\n<link rel=\"canonical\" href=\"https:\/\/neue-herbold.com\/es\/pulverizadores-zm\/\" \/>\n<meta property=\"og:locale\" content=\"es_ES\" \/>\n<meta property=\"og:type\" content=\"article\" \/>\n<meta property=\"og:title\" content=\"Pulverizadores ZM - Neue Herbold GmbH\" \/>\n<meta property=\"og:description\" content=\"Los molinos pulverizadores ZM son unidades de trituraci\u00f3n fina a alta velocidad de materiales semir\u00edgidos, resistentes al impacto y quebradizos.\" \/>\n<meta property=\"og:url\" content=\"https:\/\/neue-herbold.com\/es\/pulverizadores-zm\/\" \/>\n<meta property=\"og:site_name\" content=\"Neue Herbold GmbH\" \/>\n<meta property=\"article:modified_time\" content=\"2017-05-02T18:22:13+00:00\" \/>\n<meta property=\"og:image\" content=\"https:\/\/neue-herbold.com\/wp-content\/uploads\/2014\/11\/ZM-500-01.jpg\" \/>\n<meta name=\"twitter:label1\" content=\"Tiempo de lectura\" \/>\n\t<meta name=\"twitter:data1\" content=\"3 minutes\" \/>\n<script type=\"application\/ld+json\" class=\"yoast-schema-graph\">{\"@context\":\"https:\/\/schema.org\",\"@graph\":[{\"@type\":\"WebPage\",\"@id\":\"https:\/\/neue-herbold.com\/es\/pulverizadores-zm\/\",\"url\":\"https:\/\/neue-herbold.com\/es\/pulverizadores-zm\/\",\"name\":\"Pulverizadores ZM - Neue Herbold GmbH\",\"isPartOf\":{\"@id\":\"https:\/\/neue-herbold.com\/en\/#website\"},\"primaryImageOfPage\":{\"@id\":\"https:\/\/neue-herbold.com\/es\/pulverizadores-zm\/#primaryimage\"},\"image\":{\"@id\":\"https:\/\/neue-herbold.com\/es\/pulverizadores-zm\/#primaryimage\"},\"thumbnailUrl\":\"https:\/\/neue-herbold.com\/wp-content\/uploads\/2014\/11\/ZM-500-01.jpg\",\"datePublished\":\"2016-06-02T17:19:04+00:00\",\"dateModified\":\"2017-05-02T18:22:13+00:00\",\"description\":\"Los molinos pulverizadores ZM son unidades de trituraci\u00f3n fina a alta velocidad de materiales semir\u00edgidos, resistentes al impacto y quebradizos.\",\"breadcrumb\":{\"@id\":\"https:\/\/neue-herbold.com\/es\/pulverizadores-zm\/#breadcrumb\"},\"inLanguage\":\"es-ES\",\"potentialAction\":[{\"@type\":\"ReadAction\",\"target\":[\"https:\/\/neue-herbold.com\/es\/pulverizadores-zm\/\"]}]},{\"@type\":\"ImageObject\",\"inLanguage\":\"es-ES\",\"@id\":\"https:\/\/neue-herbold.com\/es\/pulverizadores-zm\/#primaryimage\",\"url\":\"https:\/\/neue-herbold.com\/wp-content\/uploads\/2014\/11\/ZM-500-01.jpg\",\"contentUrl\":\"https:\/\/neue-herbold.com\/wp-content\/uploads\/2014\/11\/ZM-500-01.jpg\"},{\"@type\":\"BreadcrumbList\",\"@id\":\"https:\/\/neue-herbold.com\/es\/pulverizadores-zm\/#breadcrumb\",\"itemListElement\":[{\"@type\":\"ListItem\",\"position\":1,\"name\":\"Startseite\",\"item\":\"https:\/\/neue-herbold.com\/es\/\"},{\"@type\":\"ListItem\",\"position\":2,\"name\":\"Pulverizadores ZM\"}]},{\"@type\":\"WebSite\",\"@id\":\"https:\/\/neue-herbold.com\/en\/#website\",\"url\":\"https:\/\/neue-herbold.com\/en\/\",\"name\":\"Neue Herbold GmbH\",\"description\":\"\",\"potentialAction\":[{\"@type\":\"SearchAction\",\"target\":{\"@type\":\"EntryPoint\",\"urlTemplate\":\"https:\/\/neue-herbold.com\/en\/?s={search_term_string}\"},\"query-input\":{\"@type\":\"PropertyValueSpecification\",\"valueRequired\":true,\"valueName\":\"search_term_string\"}}],\"inLanguage\":\"es-ES\"}]}<\/script>\n<!-- \/ Yoast SEO plugin. -->","yoast_head_json":{"title":"Pulverizadores ZM - Neue Herbold GmbH","description":"Los molinos pulverizadores ZM son unidades de trituraci\u00f3n fina a alta velocidad de materiales semir\u00edgidos, resistentes al impacto y quebradizos.","robots":{"index":"index","follow":"follow","max-snippet":"max-snippet:-1","max-image-preview":"max-image-preview:large","max-video-preview":"max-video-preview:-1"},"canonical":"https:\/\/neue-herbold.com\/es\/pulverizadores-zm\/","og_locale":"es_ES","og_type":"article","og_title":"Pulverizadores ZM - Neue Herbold GmbH","og_description":"Los molinos pulverizadores ZM son unidades de trituraci\u00f3n fina a alta velocidad de materiales semir\u00edgidos, resistentes al impacto y quebradizos.","og_url":"https:\/\/neue-herbold.com\/es\/pulverizadores-zm\/","og_site_name":"Neue Herbold GmbH","article_modified_time":"2017-05-02T18:22:13+00:00","og_image":[{"url":"https:\/\/neue-herbold.com\/wp-content\/uploads\/2014\/11\/ZM-500-01.jpg","type":"","width":"","height":""}],"twitter_misc":{"Tiempo de lectura":"3 minutes"},"schema":{"@context":"https:\/\/schema.org","@graph":[{"@type":"WebPage","@id":"https:\/\/neue-herbold.com\/es\/pulverizadores-zm\/","url":"https:\/\/neue-herbold.com\/es\/pulverizadores-zm\/","name":"Pulverizadores ZM - Neue Herbold GmbH","isPartOf":{"@id":"https:\/\/neue-herbold.com\/en\/#website"},"primaryImageOfPage":{"@id":"https:\/\/neue-herbold.com\/es\/pulverizadores-zm\/#primaryimage"},"image":{"@id":"https:\/\/neue-herbold.com\/es\/pulverizadores-zm\/#primaryimage"},"thumbnailUrl":"https:\/\/neue-herbold.com\/wp-content\/uploads\/2014\/11\/ZM-500-01.jpg","datePublished":"2016-06-02T17:19:04+00:00","dateModified":"2017-05-02T18:22:13+00:00","description":"Los molinos pulverizadores ZM son unidades de trituraci\u00f3n fina a alta velocidad de materiales semir\u00edgidos, resistentes al impacto y quebradizos.","breadcrumb":{"@id":"https:\/\/neue-herbold.com\/es\/pulverizadores-zm\/#breadcrumb"},"inLanguage":"es-ES","potentialAction":[{"@type":"ReadAction","target":["https:\/\/neue-herbold.com\/es\/pulverizadores-zm\/"]}]},{"@type":"ImageObject","inLanguage":"es-ES","@id":"https:\/\/neue-herbold.com\/es\/pulverizadores-zm\/#primaryimage","url":"https:\/\/neue-herbold.com\/wp-content\/uploads\/2014\/11\/ZM-500-01.jpg","contentUrl":"https:\/\/neue-herbold.com\/wp-content\/uploads\/2014\/11\/ZM-500-01.jpg"},{"@type":"BreadcrumbList","@id":"https:\/\/neue-herbold.com\/es\/pulverizadores-zm\/#breadcrumb","itemListElement":[{"@type":"ListItem","position":1,"name":"Startseite","item":"https:\/\/neue-herbold.com\/es\/"},{"@type":"ListItem","position":2,"name":"Pulverizadores ZM"}]},{"@type":"WebSite","@id":"https:\/\/neue-herbold.com\/en\/#website","url":"https:\/\/neue-herbold.com\/en\/","name":"Neue Herbold GmbH","description":"","potentialAction":[{"@type":"SearchAction","target":{"@type":"EntryPoint","urlTemplate":"https:\/\/neue-herbold.com\/en\/?s={search_term_string}"},"query-input":{"@type":"PropertyValueSpecification","valueRequired":true,"valueName":"search_term_string"}}],"inLanguage":"es-ES"}]}},"_links":{"self":[{"href":"https:\/\/neue-herbold.com\/es\/wp-json\/wp\/v2\/pages\/7747"}],"collection":[{"href":"https:\/\/neue-herbold.com\/es\/wp-json\/wp\/v2\/pages"}],"about":[{"href":"https:\/\/neue-herbold.com\/es\/wp-json\/wp\/v2\/types\/page"}],"author":[{"embeddable":true,"href":"https:\/\/neue-herbold.com\/es\/wp-json\/wp\/v2\/users\/1"}],"replies":[{"embeddable":true,"href":"https:\/\/neue-herbold.com\/es\/wp-json\/wp\/v2\/comments?post=7747"}],"version-history":[{"count":7,"href":"https:\/\/neue-herbold.com\/es\/wp-json\/wp\/v2\/pages\/7747\/revisions"}],"predecessor-version":[{"id":10985,"href":"https:\/\/neue-herbold.com\/es\/wp-json\/wp\/v2\/pages\/7747\/revisions\/10985"}],"wp:attachment":[{"href":"https:\/\/neue-herbold.com\/es\/wp-json\/wp\/v2\/media?parent=7747"}],"curies":[{"name":"wp","href":"https:\/\/api.w.org\/{rel}","templated":true}]}}