{"id":7732,"date":"2016-06-02T18:51:23","date_gmt":"2016-06-02T16:51:23","guid":{"rendered":"https:\/\/neue-herbold.com\/es\/zweiwellenschredder-zrm\/"},"modified":"2017-05-18T21:59:32","modified_gmt":"2017-05-18T19:59:32","slug":"trituradoras-de-dos-arboles-zrm","status":"publish","type":"page","link":"https:\/\/neue-herbold.com\/es\/trituradoras-de-dos-arboles-zrm\/","title":{"rendered":"Trituradoras de dos \u00e1rboles ZRM"},"content":{"rendered":"<p><span style=\"color: #000000;\"><strong><a href=\"https:\/\/neue-herbold.com\/wp-content\/uploads\/2014\/12\/RM1100-2_3.jpg\" target=\"_blank\" rel=\"noopener noreferrer\"><img loading=\"lazy\" decoding=\"async\" class=\"alignleft wp-image-2983\" src=\"https:\/\/neue-herbold.com\/wp-content\/uploads\/2014\/12\/RM1100-2_3-300x224.jpg\" alt=\"Zweiwellenschredder RM1100-2_3\" width=\"295\" height=\"220\" srcset=\"https:\/\/neue-herbold.com\/wp-content\/uploads\/2014\/12\/RM1100-2_3-300x224.jpg 300w, https:\/\/neue-herbold.com\/wp-content\/uploads\/2014\/12\/RM1100-2_3-100x74.jpg 100w, https:\/\/neue-herbold.com\/wp-content\/uploads\/2014\/12\/RM1100-2_3-150x112.jpg 150w, https:\/\/neue-herbold.com\/wp-content\/uploads\/2014\/12\/RM1100-2_3-200x149.jpg 200w, https:\/\/neue-herbold.com\/wp-content\/uploads\/2014\/12\/RM1100-2_3-450x337.jpg 450w, https:\/\/neue-herbold.com\/wp-content\/uploads\/2014\/12\/RM1100-2_3.jpg 567w\" sizes=\"(max-width: 295px) 100vw, 295px\" \/><\/a><\/strong><\/span><strong><em>Campo de empleo<\/em><\/strong><\/p>\n<p><strong>Trituradoras de dos \u00e1rboles ZRM de <\/strong><strong>NEUE HERBOLD<\/strong> se emplean preferentemente para trituraci\u00f3n previa de grandes cantidades de materiales o partes poco manejables como p.ej. l\u00e1minas, neum\u00e1ticos, desechos plasticos embrollados y cubas.<\/p>\n<p>&nbsp;<\/p>\n<p style=\"text-align: right;\"><span style=\"color: #000000;\"><strong><a href=\"https:\/\/neue-herbold.com\/wp-content\/uploads\/2014\/12\/RM1100-2_2.jpg\" target=\"_blank\" rel=\"noopener noreferrer\"><img loading=\"lazy\" decoding=\"async\" class=\"alignright wp-image-3283 size-medium\" src=\"https:\/\/neue-herbold.com\/wp-content\/uploads\/2014\/12\/RM1100-2_2-300x224.jpg\" alt=\"Trituradoras de dos \u00e1rboles RM1100-2_2\" width=\"300\" height=\"224\" srcset=\"https:\/\/neue-herbold.com\/wp-content\/uploads\/2014\/12\/RM1100-2_2-300x224.jpg 300w, https:\/\/neue-herbold.com\/wp-content\/uploads\/2014\/12\/RM1100-2_2-100x74.jpg 100w, https:\/\/neue-herbold.com\/wp-content\/uploads\/2014\/12\/RM1100-2_2-150x112.jpg 150w, https:\/\/neue-herbold.com\/wp-content\/uploads\/2014\/12\/RM1100-2_2-200x149.jpg 200w, https:\/\/neue-herbold.com\/wp-content\/uploads\/2014\/12\/RM1100-2_2-450x337.jpg 450w, https:\/\/neue-herbold.com\/wp-content\/uploads\/2014\/12\/RM1100-2_2.jpg 567w\" sizes=\"(max-width: 300px) 100vw, 300px\" \/><\/a><\/strong><\/span><\/p>\n<p style=\"text-align: right;\">\u00a0<\/p>\n<p style=\"text-align: right;\">\u00a0<\/p>\n<p style=\"text-align: right;\"><strong><em>T\u00e9cnica<\/em><\/strong><\/p>\n<p style=\"text-align: right;\"><strong>Trituradoras de dos \u00e1rboles de <\/strong><strong>NEUE HERBOLD <\/strong>de la serie ZRM est\u00e1n equipadas con \u00e1rboles trituradores de baja velocidad, accionados el\u00e9ctricamente o hidr\u00e1ulicamente. Los \u00e1rboles trituradores engranan uno en otro garantizando as\u00ed un procedimiento triturador r\u00e1pido. Para una alimentaci\u00f3n \u00f3ptima del producto, la trituradora de dos \u00e1rboles puede equiparse con un dispositivo alimentador hidr\u00e1ulico a presi\u00f3n.<\/p>\n<p><a href=\"https:\/\/neue-herbold.com\/wp-content\/uploads\/2014\/12\/RM1100-2_1.jpg\" target=\"_blank\" rel=\"noopener noreferrer\"><img loading=\"lazy\" decoding=\"async\" class=\"alignleft wp-image-3284 size-medium\" src=\"https:\/\/neue-herbold.com\/wp-content\/uploads\/2014\/12\/RM1100-2_1-300x224.jpg\" alt=\"RM1100-2_1\" width=\"300\" height=\"224\" srcset=\"https:\/\/neue-herbold.com\/wp-content\/uploads\/2014\/12\/RM1100-2_1-300x224.jpg 300w, https:\/\/neue-herbold.com\/wp-content\/uploads\/2014\/12\/RM1100-2_1-100x74.jpg 100w, https:\/\/neue-herbold.com\/wp-content\/uploads\/2014\/12\/RM1100-2_1-150x112.jpg 150w, https:\/\/neue-herbold.com\/wp-content\/uploads\/2014\/12\/RM1100-2_1-200x149.jpg 200w, https:\/\/neue-herbold.com\/wp-content\/uploads\/2014\/12\/RM1100-2_1-450x337.jpg 450w, https:\/\/neue-herbold.com\/wp-content\/uploads\/2014\/12\/RM1100-2_1.jpg 567w\" sizes=\"(max-width: 300px) 100vw, 300px\" \/><\/a><\/p>\n<p>&nbsp;<\/p>\n<p><em><span style=\"color: #000000;\"><strong>Ventajase<\/strong><\/span><\/em><\/p>\n<ul>\n<li>reversi\u00f3n autom\u00e1tica de los \u00e1rboles trituradores en caso de sobrecarga<\/li>\n<li>no expuestos a fallos<\/li>\n<li>modesto coste de desgaste<\/li>\n<\/ul>\n<p>&nbsp;<\/p>\n<table>\n<tbody>\n<tr>\n<td style=\"text-align: center;\"><span style=\"color: #000000;\"><strong><span style=\"font-family: Arial; font-size: small;\">Tipo de m\u00e1quina<\/span><\/strong><\/span><\/td>\n<td style=\"text-align: center;\"><span style=\"color: #000000;\"><strong><span style=\"font-family: Arial; font-size: small;\">Secci\u00f3n transversal <br \/>\nen la c\u00e1mara de molino (mm)<\/span><\/strong><\/span><\/td>\n<\/tr>\n<tr>\n<td style=\"text-align: left;\"><span style=\"font-family: Arial; font-size: small; color: #000000;\">Trituradora de dos \u00e1rboles Tipo ZRM 1100\/2<\/span><\/td>\n<td style=\"text-align: center;\"><span style=\"font-family: Arial; font-size: small; color: #000000;\">1030 x 800<\/span><\/td>\n<\/tr>\n<tr>\n<td style=\"text-align: left;\">\n<p><span style=\"font-family: Arial; font-size: small; color: #000000;\">Trituradora<\/span> <span style=\"font-family: Arial; font-size: small; color: #000000;\">de cuatro<\/span> <span style=\"font-family: Arial; font-size: small; color: #000000;\">\u00e1rboles Tipo<\/span><\/p>\n<p><span style=\"font-family: Arial; font-size: small; color: #000000;\">ZRM 1100\/4<\/span><\/td>\n<td style=\"text-align: center;\"><span style=\"font-family: Arial; font-size: small; color: #000000;\">1030 x 1550<\/span><\/td>\n<\/tr>\n<\/tbody>\n<\/table>\n<p>&nbsp;<\/p>\n","protected":false},"excerpt":{"rendered":"<p><span style=\"color: #000000;\"><strong><a href=\"https:\/\/neue-herbold.com\/wp-content\/uploads\/2014\/12\/RM1100-2_3.jpg\" target=\"_blank\" rel=\"noopener noreferrer\"><img loading=\"lazy\" decoding=\"async\" class=\"alignleft wp-image-2983\" src=\"https:\/\/neue-herbold.com\/wp-content\/uploads\/2014\/12\/RM1100-2_3-300x224.jpg\" alt=\"Zweiwellenschredder RM1100-2_3\" width=\"295\" height=\"220\" srcset=\"https:\/\/neue-herbold.com\/wp-content\/uploads\/2014\/12\/RM1100-2_3-300x224.jpg 300w, https:\/\/neue-herbold.com\/wp-content\/uploads\/2014\/12\/RM1100-2_3-100x74.jpg 100w, https:\/\/neue-herbold.com\/wp-content\/uploads\/2014\/12\/RM1100-2_3-150x112.jpg 150w, https:\/\/neue-herbold.com\/wp-content\/uploads\/2014\/12\/RM1100-2_3-200x149.jpg 200w, https:\/\/neue-herbold.com\/wp-content\/uploads\/2014\/12\/RM1100-2_3-450x337.jpg 450w, https:\/\/neue-herbold.com\/wp-content\/uploads\/2014\/12\/RM1100-2_3.jpg 567w\" sizes=\"(max-width: 295px) 100vw, 295px\" \/><\/a><\/strong><\/span><strong><em>Campo de empleo<\/em><\/strong><\/p>\n<p><strong>Trituradoras de dos \u00e1rboles ZRM de <\/strong><strong>NEUE HERBOLD<\/strong> se emplean preferentemente para trituraci\u00f3n previa de grandes cantidades de materiales o partes poco manejables como p.ej.<\/p>\n<p><span class=\"ellipsis\">&hellip;<\/span><\/p>\n<div class=\"read-more\"><a href=\"https:\/\/neue-herbold.com\/es\/trituradoras-de-dos-arboles-zrm\/\">Leer m\u00e1s \u203a<\/a><\/div>\n<p><!-- end of .read-more --><\/p>\n","protected":false},"author":1,"featured_media":0,"parent":0,"menu_order":0,"comment_status":"closed","ping_status":"closed","template":"","meta":{"footnotes":""},"class_list":["post-7732","page","type-page","status-publish","hentry"],"yoast_head":"<!-- This site is optimized with the Yoast SEO plugin v25.4 - https:\/\/yoast.com\/wordpress\/plugins\/seo\/ -->\n<title>Trituradoras de dos \u00e1rboles ZRM - Neue Herbold GmbH<\/title>\n<meta name=\"description\" content=\"Trituradoras de dos \u00e1rboles ZRM de NEUE HERBOLD se emplean preferentemente para trituraci\u00f3n previa de grandes cantidades de materiales\" \/>\n<meta name=\"robots\" content=\"index, follow, max-snippet:-1, max-image-preview:large, max-video-preview:-1\" \/>\n<link rel=\"canonical\" href=\"https:\/\/neue-herbold.com\/es\/trituradoras-de-dos-arboles-zrm\/\" \/>\n<meta property=\"og:locale\" content=\"es_ES\" \/>\n<meta property=\"og:type\" content=\"article\" \/>\n<meta property=\"og:title\" content=\"Trituradoras de dos \u00e1rboles ZRM - Neue Herbold GmbH\" \/>\n<meta property=\"og:description\" content=\"Trituradoras de dos \u00e1rboles ZRM de NEUE HERBOLD se emplean preferentemente para trituraci\u00f3n previa de grandes cantidades de materiales\" \/>\n<meta property=\"og:url\" content=\"https:\/\/neue-herbold.com\/es\/trituradoras-de-dos-arboles-zrm\/\" \/>\n<meta property=\"og:site_name\" content=\"Neue Herbold GmbH\" \/>\n<meta property=\"article:modified_time\" content=\"2017-05-18T19:59:32+00:00\" \/>\n<meta property=\"og:image\" content=\"https:\/\/neue-herbold.com\/wp-content\/uploads\/2014\/12\/RM1100-2_3-300x224.jpg\" \/>\n<meta name=\"twitter:label1\" content=\"Tiempo de lectura\" \/>\n\t<meta name=\"twitter:data1\" content=\"1 minute\" \/>\n<script type=\"application\/ld+json\" class=\"yoast-schema-graph\">{\"@context\":\"https:\/\/schema.org\",\"@graph\":[{\"@type\":\"WebPage\",\"@id\":\"https:\/\/neue-herbold.com\/es\/trituradoras-de-dos-arboles-zrm\/\",\"url\":\"https:\/\/neue-herbold.com\/es\/trituradoras-de-dos-arboles-zrm\/\",\"name\":\"Trituradoras de dos \u00e1rboles ZRM - Neue Herbold GmbH\",\"isPartOf\":{\"@id\":\"https:\/\/neue-herbold.com\/en\/#website\"},\"primaryImageOfPage\":{\"@id\":\"https:\/\/neue-herbold.com\/es\/trituradoras-de-dos-arboles-zrm\/#primaryimage\"},\"image\":{\"@id\":\"https:\/\/neue-herbold.com\/es\/trituradoras-de-dos-arboles-zrm\/#primaryimage\"},\"thumbnailUrl\":\"https:\/\/neue-herbold.com\/wp-content\/uploads\/2014\/12\/RM1100-2_3-300x224.jpg\",\"datePublished\":\"2016-06-02T16:51:23+00:00\",\"dateModified\":\"2017-05-18T19:59:32+00:00\",\"description\":\"Trituradoras de dos \u00e1rboles ZRM de NEUE HERBOLD se emplean preferentemente para trituraci\u00f3n previa de grandes cantidades de materiales\",\"breadcrumb\":{\"@id\":\"https:\/\/neue-herbold.com\/es\/trituradoras-de-dos-arboles-zrm\/#breadcrumb\"},\"inLanguage\":\"es-ES\",\"potentialAction\":[{\"@type\":\"ReadAction\",\"target\":[\"https:\/\/neue-herbold.com\/es\/trituradoras-de-dos-arboles-zrm\/\"]}]},{\"@type\":\"ImageObject\",\"inLanguage\":\"es-ES\",\"@id\":\"https:\/\/neue-herbold.com\/es\/trituradoras-de-dos-arboles-zrm\/#primaryimage\",\"url\":\"https:\/\/neue-herbold.com\/wp-content\/uploads\/2014\/12\/RM1100-2_3-300x224.jpg\",\"contentUrl\":\"https:\/\/neue-herbold.com\/wp-content\/uploads\/2014\/12\/RM1100-2_3-300x224.jpg\"},{\"@type\":\"BreadcrumbList\",\"@id\":\"https:\/\/neue-herbold.com\/es\/trituradoras-de-dos-arboles-zrm\/#breadcrumb\",\"itemListElement\":[{\"@type\":\"ListItem\",\"position\":1,\"name\":\"Startseite\",\"item\":\"https:\/\/neue-herbold.com\/es\/\"},{\"@type\":\"ListItem\",\"position\":2,\"name\":\"Trituradoras de dos \u00e1rboles ZRM\"}]},{\"@type\":\"WebSite\",\"@id\":\"https:\/\/neue-herbold.com\/en\/#website\",\"url\":\"https:\/\/neue-herbold.com\/en\/\",\"name\":\"Neue Herbold GmbH\",\"description\":\"\",\"potentialAction\":[{\"@type\":\"SearchAction\",\"target\":{\"@type\":\"EntryPoint\",\"urlTemplate\":\"https:\/\/neue-herbold.com\/en\/?s={search_term_string}\"},\"query-input\":{\"@type\":\"PropertyValueSpecification\",\"valueRequired\":true,\"valueName\":\"search_term_string\"}}],\"inLanguage\":\"es-ES\"}]}<\/script>\n<!-- \/ Yoast SEO plugin. -->","yoast_head_json":{"title":"Trituradoras de dos \u00e1rboles ZRM - Neue Herbold GmbH","description":"Trituradoras de dos \u00e1rboles ZRM de NEUE HERBOLD se emplean preferentemente para trituraci\u00f3n previa de grandes cantidades de materiales","robots":{"index":"index","follow":"follow","max-snippet":"max-snippet:-1","max-image-preview":"max-image-preview:large","max-video-preview":"max-video-preview:-1"},"canonical":"https:\/\/neue-herbold.com\/es\/trituradoras-de-dos-arboles-zrm\/","og_locale":"es_ES","og_type":"article","og_title":"Trituradoras de dos \u00e1rboles ZRM - Neue Herbold GmbH","og_description":"Trituradoras de dos \u00e1rboles ZRM de NEUE HERBOLD se emplean preferentemente para trituraci\u00f3n previa de grandes cantidades de materiales","og_url":"https:\/\/neue-herbold.com\/es\/trituradoras-de-dos-arboles-zrm\/","og_site_name":"Neue Herbold GmbH","article_modified_time":"2017-05-18T19:59:32+00:00","og_image":[{"url":"https:\/\/neue-herbold.com\/wp-content\/uploads\/2014\/12\/RM1100-2_3-300x224.jpg","type":"","width":"","height":""}],"twitter_misc":{"Tiempo de lectura":"1 minute"},"schema":{"@context":"https:\/\/schema.org","@graph":[{"@type":"WebPage","@id":"https:\/\/neue-herbold.com\/es\/trituradoras-de-dos-arboles-zrm\/","url":"https:\/\/neue-herbold.com\/es\/trituradoras-de-dos-arboles-zrm\/","name":"Trituradoras de dos \u00e1rboles ZRM - Neue Herbold GmbH","isPartOf":{"@id":"https:\/\/neue-herbold.com\/en\/#website"},"primaryImageOfPage":{"@id":"https:\/\/neue-herbold.com\/es\/trituradoras-de-dos-arboles-zrm\/#primaryimage"},"image":{"@id":"https:\/\/neue-herbold.com\/es\/trituradoras-de-dos-arboles-zrm\/#primaryimage"},"thumbnailUrl":"https:\/\/neue-herbold.com\/wp-content\/uploads\/2014\/12\/RM1100-2_3-300x224.jpg","datePublished":"2016-06-02T16:51:23+00:00","dateModified":"2017-05-18T19:59:32+00:00","description":"Trituradoras de dos \u00e1rboles ZRM de NEUE HERBOLD se emplean preferentemente para trituraci\u00f3n previa de grandes cantidades de materiales","breadcrumb":{"@id":"https:\/\/neue-herbold.com\/es\/trituradoras-de-dos-arboles-zrm\/#breadcrumb"},"inLanguage":"es-ES","potentialAction":[{"@type":"ReadAction","target":["https:\/\/neue-herbold.com\/es\/trituradoras-de-dos-arboles-zrm\/"]}]},{"@type":"ImageObject","inLanguage":"es-ES","@id":"https:\/\/neue-herbold.com\/es\/trituradoras-de-dos-arboles-zrm\/#primaryimage","url":"https:\/\/neue-herbold.com\/wp-content\/uploads\/2014\/12\/RM1100-2_3-300x224.jpg","contentUrl":"https:\/\/neue-herbold.com\/wp-content\/uploads\/2014\/12\/RM1100-2_3-300x224.jpg"},{"@type":"BreadcrumbList","@id":"https:\/\/neue-herbold.com\/es\/trituradoras-de-dos-arboles-zrm\/#breadcrumb","itemListElement":[{"@type":"ListItem","position":1,"name":"Startseite","item":"https:\/\/neue-herbold.com\/es\/"},{"@type":"ListItem","position":2,"name":"Trituradoras de dos \u00e1rboles ZRM"}]},{"@type":"WebSite","@id":"https:\/\/neue-herbold.com\/en\/#website","url":"https:\/\/neue-herbold.com\/en\/","name":"Neue Herbold GmbH","description":"","potentialAction":[{"@type":"SearchAction","target":{"@type":"EntryPoint","urlTemplate":"https:\/\/neue-herbold.com\/en\/?s={search_term_string}"},"query-input":{"@type":"PropertyValueSpecification","valueRequired":true,"valueName":"search_term_string"}}],"inLanguage":"es-ES"}]}},"_links":{"self":[{"href":"https:\/\/neue-herbold.com\/es\/wp-json\/wp\/v2\/pages\/7732"}],"collection":[{"href":"https:\/\/neue-herbold.com\/es\/wp-json\/wp\/v2\/pages"}],"about":[{"href":"https:\/\/neue-herbold.com\/es\/wp-json\/wp\/v2\/types\/page"}],"author":[{"embeddable":true,"href":"https:\/\/neue-herbold.com\/es\/wp-json\/wp\/v2\/users\/1"}],"replies":[{"embeddable":true,"href":"https:\/\/neue-herbold.com\/es\/wp-json\/wp\/v2\/comments?post=7732"}],"version-history":[{"count":4,"href":"https:\/\/neue-herbold.com\/es\/wp-json\/wp\/v2\/pages\/7732\/revisions"}],"predecessor-version":[{"id":11026,"href":"https:\/\/neue-herbold.com\/es\/wp-json\/wp\/v2\/pages\/7732\/revisions\/11026"}],"wp:attachment":[{"href":"https:\/\/neue-herbold.com\/es\/wp-json\/wp\/v2\/media?parent=7732"}],"curies":[{"name":"wp","href":"https:\/\/api.w.org\/{rel}","templated":true}]}}