{"id":7711,"date":"2016-06-02T18:26:13","date_gmt":"2016-06-02T16:26:13","guid":{"rendered":"https:\/\/neue-herbold.com\/es\/seite-dummy-1\/"},"modified":"2016-06-06T03:14:49","modified_gmt":"2016-06-06T01:14:49","slug":"trituradoras-de-un-solo-arbol-hzr","status":"publish","type":"page","link":"https:\/\/neue-herbold.com\/es\/trituradoras-de-un-solo-arbol-hzr\/","title":{"rendered":"Trituradoras de un solo \u00e1rbol HZR"},"content":{"rendered":"<p><span style=\"color: #000000;\"><strong><a href=\"https:\/\/neue-herbold.com\/wp-content\/uploads\/2014\/12\/HZR-1300-1.jpg\" target=\"_blank\"><img loading=\"lazy\" decoding=\"async\" class=\"alignright wp-image-2902\" src=\"https:\/\/neue-herbold.com\/wp-content\/uploads\/2014\/12\/HZR-1300-1-1024x785.jpg\" alt=\"Trituradoras de un solo \u00e1rbol HZR\" width=\"478\" height=\"366\" srcset=\"https:\/\/neue-herbold.com\/wp-content\/uploads\/2014\/12\/HZR-1300-1-1024x785.jpg 1024w, https:\/\/neue-herbold.com\/wp-content\/uploads\/2014\/12\/HZR-1300-1-300x230.jpg 300w, https:\/\/neue-herbold.com\/wp-content\/uploads\/2014\/12\/HZR-1300-1-100x76.jpg 100w, https:\/\/neue-herbold.com\/wp-content\/uploads\/2014\/12\/HZR-1300-1-150x115.jpg 150w, https:\/\/neue-herbold.com\/wp-content\/uploads\/2014\/12\/HZR-1300-1-200x153.jpg 200w, https:\/\/neue-herbold.com\/wp-content\/uploads\/2014\/12\/HZR-1300-1-450x345.jpg 450w, https:\/\/neue-herbold.com\/wp-content\/uploads\/2014\/12\/HZR-1300-1-600x460.jpg 600w, https:\/\/neue-herbold.com\/wp-content\/uploads\/2014\/12\/HZR-1300-1-900x690.jpg 900w, https:\/\/neue-herbold.com\/wp-content\/uploads\/2014\/12\/HZR-1300-1.jpg 1182w\" sizes=\"(max-width: 478px) 100vw, 478px\" \/><\/a><\/strong><\/span><strong><em>Campo de aplicaci\u00f3n<\/em><\/strong><\/p>\n<h4><span style=\"color: #000000;\"><strong>NEUE HERBOLD &#8211; <\/strong><\/span>Trituradoras de un solo \u00e1rbol de la serie HZR se emplean preferentemente para la<\/h4>\n<ul>\n<li>trituraci\u00f3n previa de materiales en balas<\/li>\n<li>trituraci\u00f3n previa de mazacotes<\/li>\n<li>trituraci\u00f3n previa \/ trituraci\u00f3n de <br \/> combustibles de sustituci\u00f3n<\/li>\n<li>trituraci\u00f3n previa \/ trituraci\u00f3n de <br \/> colecciones de desechos<\/li>\n<\/ul>\n<p><em><span style=\"color: #000000;\"><strong>T\u00e9cnica<\/strong><\/span><\/em><\/p>\n<p><span style=\"color: #000000;\"><strong>NEUE HERBOLD &#8211; <\/strong><\/span>Trituradoras de un solo \u00e1rbol de la serie HZR est\u00e1n equipadas con un \u00e1rbol de rotor de baja velocidad. Una corredera mandada hidr\u00e1ulicamente transporta el material de alimentaci\u00f3n a la zona de corte del rotor; si la corredera alcanza su posici\u00f3n final, la misma se mueve autom\u00e1ticamente atr\u00e1s en su posici\u00f3n inicial. Un accionamiento intenso con embrague hidr\u00e1ulico de quita y pon cuida de una fuerza intensa de arrastre.<\/p>\n<p><strong><em>Ventajas<\/em><\/strong><\/p>\n<ul>\n<li><span style=\"color: #000000;\">reversi\u00f3n autom\u00e1tica del rotor en caso de sobrecarga<\/span><\/li>\n<li><span style=\"color: #000000;\">portacuchillas intercambiables<\/span><\/li>\n<li>coronas de corte intercambiables (uni\u00f3n atornillada \/ uni\u00f3n enchufable)<\/li>\n<\/ul>\n<table style=\"height: 123px;\" width=\"397\">\n<tbody>\n<tr>\n<td style=\"text-align: center;\"><span style=\"color: #000000;\"><strong><span style=\"font-family: Arial; font-size: small;\">Tipo de m\u00e1quina<\/span><\/strong><\/span><\/td>\n<td style=\"text-align: center;\"><span style=\"color: #000000;\"><strong><span style=\"font-family: Arial; font-size: small;\">Di\u00e1metro de rotor (mm)<\/span><\/strong><\/span><\/td>\n<td style=\"text-align: center;\"><span style=\"color: #000000;\"><strong><span style=\"font-family: Arial; font-size: small;\">Ancho de trabajo (mm)<\/span><\/strong><\/span><\/td>\n<td style=\"text-align: center;\">\u00a0<\/td>\n<\/tr>\n<tr>\n<td style=\"text-align: left;\"><span style=\"font-family: Arial; font-size: small; color: #000000;\">Tipo HZR 800<\/span><\/td>\n<td style=\"text-align: center;\"><span style=\"color: #000000;\">400<\/span><\/td>\n<td style=\"text-align: center;\"><span style=\"color: #000000;\">800<\/span><\/td>\n<td style=\"text-align: center;\" rowspan=\"3\">\u00a0<\/td>\n<\/tr>\n<tr>\n<td style=\"text-align: left;\"><span style=\"font-family: Arial; font-size: small; color: #000000;\">Tipo HZR 1300<\/span><\/td>\n<td style=\"text-align: center;\"><span style=\"color: #000000;\">400<\/span><\/td>\n<td style=\"text-align: center;\"><span style=\"color: #000000;\">1300<\/span><\/td>\n<\/tr>\n<tr>\n<td style=\"text-align: left;\"><span style=\"font-family: Arial; font-size: small; color: #000000;\">Tipo HZR 1600<\/span><\/td>\n<td style=\"text-align: center;\"><span style=\"color: #000000;\">600<\/span><\/td>\n<td style=\"text-align: center;\"><span style=\"color: #000000;\">1600<\/span><\/td>\n<\/tr>\n<\/tbody>\n<\/table>\n<p>&nbsp;<\/p>\n<p>&nbsp;<\/p>\n","protected":false},"excerpt":{"rendered":"<p><span style=\"color: #000000;\"><strong><a href=\"https:\/\/neue-herbold.com\/wp-content\/uploads\/2014\/12\/HZR-1300-1.jpg\" target=\"_blank\"><img loading=\"lazy\" decoding=\"async\" class=\"alignright wp-image-2902\" src=\"https:\/\/neue-herbold.com\/wp-content\/uploads\/2014\/12\/HZR-1300-1-1024x785.jpg\" alt=\"Trituradoras de un solo \u00e1rbol HZR\" width=\"478\" height=\"366\" srcset=\"https:\/\/neue-herbold.com\/wp-content\/uploads\/2014\/12\/HZR-1300-1-1024x785.jpg 1024w, https:\/\/neue-herbold.com\/wp-content\/uploads\/2014\/12\/HZR-1300-1-300x230.jpg 300w, https:\/\/neue-herbold.com\/wp-content\/uploads\/2014\/12\/HZR-1300-1-100x76.jpg 100w, https:\/\/neue-herbold.com\/wp-content\/uploads\/2014\/12\/HZR-1300-1-150x115.jpg 150w, https:\/\/neue-herbold.com\/wp-content\/uploads\/2014\/12\/HZR-1300-1-200x153.jpg 200w, https:\/\/neue-herbold.com\/wp-content\/uploads\/2014\/12\/HZR-1300-1-450x345.jpg 450w, https:\/\/neue-herbold.com\/wp-content\/uploads\/2014\/12\/HZR-1300-1-600x460.jpg 600w, https:\/\/neue-herbold.com\/wp-content\/uploads\/2014\/12\/HZR-1300-1-900x690.jpg 900w, https:\/\/neue-herbold.com\/wp-content\/uploads\/2014\/12\/HZR-1300-1.jpg 1182w\" sizes=\"(max-width: 478px) 100vw, 478px\" \/><\/a><\/strong><\/span><strong><em>Campo de aplicaci\u00f3n<\/em><\/strong><\/p>\n<p><span style=\"color: #000000;\"><strong>NEUE HERBOLD &#8211; <\/strong><\/span>Trituradoras de un solo \u00e1rbol de la serie HZR se emplean preferentemente para la<\/p>\n<ul>\n<li>trituraci\u00f3n previa de materiales en balas<\/li>\n<li>trituraci\u00f3n previa de mazacotes<\/li>\n<li>trituraci\u00f3n previa \/ trituraci\u00f3n de <br \/> combustibles de sustituci\u00f3n<\/li>\n<li>trituraci\u00f3n previa \/ trituraci\u00f3n de <br \/> colecciones de desechos<\/li>\n<\/ul>\n<p><em><span style=\"color: #000000;\"><strong>T\u00e9cnica<\/strong><\/span><\/em><\/p>\n<p><span style=\"color: #000000;\"><strong>NEUE HERBOLD &#8211;<\/strong><\/span><\/p>\n<p><span class=\"ellipsis\">&hellip;<\/span><\/p>\n<div class=\"read-more\"><a href=\"https:\/\/neue-herbold.com\/es\/trituradoras-de-un-solo-arbol-hzr\/\">Leer m\u00e1s \u203a<\/a><\/div>\n<p><!-- end of .read-more --><\/p>\n","protected":false},"author":1,"featured_media":0,"parent":0,"menu_order":0,"comment_status":"closed","ping_status":"closed","template":"","meta":{"footnotes":""},"class_list":["post-7711","page","type-page","status-publish","hentry"],"yoast_head":"<!-- This site is optimized with the Yoast SEO plugin v25.4 - https:\/\/yoast.com\/wordpress\/plugins\/seo\/ -->\n<title>Trituradoras de un solo \u00e1rbol HZR - Neue Herbold GmbH<\/title>\n<meta name=\"description\" content=\"NEUE HERBOLD - Trituradoras de un solo \u00e1rbol de la serie HZR se emplean preferentemente para la trituraci\u00f3n previa de materiales en balas\" \/>\n<meta name=\"robots\" content=\"index, follow, max-snippet:-1, max-image-preview:large, max-video-preview:-1\" \/>\n<link rel=\"canonical\" href=\"https:\/\/neue-herbold.com\/es\/trituradoras-de-un-solo-arbol-hzr\/\" \/>\n<meta property=\"og:locale\" content=\"es_ES\" \/>\n<meta property=\"og:type\" content=\"article\" \/>\n<meta property=\"og:title\" content=\"Trituradoras de un solo \u00e1rbol HZR - Neue Herbold GmbH\" \/>\n<meta property=\"og:description\" content=\"NEUE HERBOLD - Trituradoras de un solo \u00e1rbol de la serie HZR se emplean preferentemente para la trituraci\u00f3n previa de materiales en balas\" \/>\n<meta property=\"og:url\" content=\"https:\/\/neue-herbold.com\/es\/trituradoras-de-un-solo-arbol-hzr\/\" \/>\n<meta property=\"og:site_name\" content=\"Neue Herbold GmbH\" \/>\n<meta property=\"article:modified_time\" content=\"2016-06-06T01:14:49+00:00\" \/>\n<meta property=\"og:image\" content=\"https:\/\/neue-herbold.com\/wp-content\/uploads\/2014\/12\/HZR-1300-1-1024x785.jpg\" \/>\n<meta name=\"twitter:label1\" content=\"Tiempo de lectura\" \/>\n\t<meta name=\"twitter:data1\" content=\"1 minute\" \/>\n<script type=\"application\/ld+json\" class=\"yoast-schema-graph\">{\"@context\":\"https:\/\/schema.org\",\"@graph\":[{\"@type\":\"WebPage\",\"@id\":\"https:\/\/neue-herbold.com\/es\/trituradoras-de-un-solo-arbol-hzr\/\",\"url\":\"https:\/\/neue-herbold.com\/es\/trituradoras-de-un-solo-arbol-hzr\/\",\"name\":\"Trituradoras de un solo \u00e1rbol HZR - Neue Herbold GmbH\",\"isPartOf\":{\"@id\":\"https:\/\/neue-herbold.com\/en\/#website\"},\"primaryImageOfPage\":{\"@id\":\"https:\/\/neue-herbold.com\/es\/trituradoras-de-un-solo-arbol-hzr\/#primaryimage\"},\"image\":{\"@id\":\"https:\/\/neue-herbold.com\/es\/trituradoras-de-un-solo-arbol-hzr\/#primaryimage\"},\"thumbnailUrl\":\"https:\/\/neue-herbold.com\/wp-content\/uploads\/2014\/12\/HZR-1300-1-1024x785.jpg\",\"datePublished\":\"2016-06-02T16:26:13+00:00\",\"dateModified\":\"2016-06-06T01:14:49+00:00\",\"description\":\"NEUE HERBOLD - Trituradoras de un solo \u00e1rbol de la serie HZR se emplean preferentemente para la trituraci\u00f3n previa de materiales en balas\",\"breadcrumb\":{\"@id\":\"https:\/\/neue-herbold.com\/es\/trituradoras-de-un-solo-arbol-hzr\/#breadcrumb\"},\"inLanguage\":\"es-ES\",\"potentialAction\":[{\"@type\":\"ReadAction\",\"target\":[\"https:\/\/neue-herbold.com\/es\/trituradoras-de-un-solo-arbol-hzr\/\"]}]},{\"@type\":\"ImageObject\",\"inLanguage\":\"es-ES\",\"@id\":\"https:\/\/neue-herbold.com\/es\/trituradoras-de-un-solo-arbol-hzr\/#primaryimage\",\"url\":\"https:\/\/neue-herbold.com\/wp-content\/uploads\/2014\/12\/HZR-1300-1-1024x785.jpg\",\"contentUrl\":\"https:\/\/neue-herbold.com\/wp-content\/uploads\/2014\/12\/HZR-1300-1-1024x785.jpg\"},{\"@type\":\"BreadcrumbList\",\"@id\":\"https:\/\/neue-herbold.com\/es\/trituradoras-de-un-solo-arbol-hzr\/#breadcrumb\",\"itemListElement\":[{\"@type\":\"ListItem\",\"position\":1,\"name\":\"Startseite\",\"item\":\"https:\/\/neue-herbold.com\/es\/\"},{\"@type\":\"ListItem\",\"position\":2,\"name\":\"Trituradoras de un solo \u00e1rbol HZR\"}]},{\"@type\":\"WebSite\",\"@id\":\"https:\/\/neue-herbold.com\/en\/#website\",\"url\":\"https:\/\/neue-herbold.com\/en\/\",\"name\":\"Neue Herbold GmbH\",\"description\":\"\",\"potentialAction\":[{\"@type\":\"SearchAction\",\"target\":{\"@type\":\"EntryPoint\",\"urlTemplate\":\"https:\/\/neue-herbold.com\/en\/?s={search_term_string}\"},\"query-input\":{\"@type\":\"PropertyValueSpecification\",\"valueRequired\":true,\"valueName\":\"search_term_string\"}}],\"inLanguage\":\"es-ES\"}]}<\/script>\n<!-- \/ Yoast SEO plugin. -->","yoast_head_json":{"title":"Trituradoras de un solo \u00e1rbol HZR - Neue Herbold GmbH","description":"NEUE HERBOLD - Trituradoras de un solo \u00e1rbol de la serie HZR se emplean preferentemente para la trituraci\u00f3n previa de materiales en balas","robots":{"index":"index","follow":"follow","max-snippet":"max-snippet:-1","max-image-preview":"max-image-preview:large","max-video-preview":"max-video-preview:-1"},"canonical":"https:\/\/neue-herbold.com\/es\/trituradoras-de-un-solo-arbol-hzr\/","og_locale":"es_ES","og_type":"article","og_title":"Trituradoras de un solo \u00e1rbol HZR - Neue Herbold GmbH","og_description":"NEUE HERBOLD - Trituradoras de un solo \u00e1rbol de la serie HZR se emplean preferentemente para la trituraci\u00f3n previa de materiales en balas","og_url":"https:\/\/neue-herbold.com\/es\/trituradoras-de-un-solo-arbol-hzr\/","og_site_name":"Neue Herbold GmbH","article_modified_time":"2016-06-06T01:14:49+00:00","og_image":[{"url":"https:\/\/neue-herbold.com\/wp-content\/uploads\/2014\/12\/HZR-1300-1-1024x785.jpg","type":"","width":"","height":""}],"twitter_misc":{"Tiempo de lectura":"1 minute"},"schema":{"@context":"https:\/\/schema.org","@graph":[{"@type":"WebPage","@id":"https:\/\/neue-herbold.com\/es\/trituradoras-de-un-solo-arbol-hzr\/","url":"https:\/\/neue-herbold.com\/es\/trituradoras-de-un-solo-arbol-hzr\/","name":"Trituradoras de un solo \u00e1rbol HZR - Neue Herbold GmbH","isPartOf":{"@id":"https:\/\/neue-herbold.com\/en\/#website"},"primaryImageOfPage":{"@id":"https:\/\/neue-herbold.com\/es\/trituradoras-de-un-solo-arbol-hzr\/#primaryimage"},"image":{"@id":"https:\/\/neue-herbold.com\/es\/trituradoras-de-un-solo-arbol-hzr\/#primaryimage"},"thumbnailUrl":"https:\/\/neue-herbold.com\/wp-content\/uploads\/2014\/12\/HZR-1300-1-1024x785.jpg","datePublished":"2016-06-02T16:26:13+00:00","dateModified":"2016-06-06T01:14:49+00:00","description":"NEUE HERBOLD - Trituradoras de un solo \u00e1rbol de la serie HZR se emplean preferentemente para la trituraci\u00f3n previa de materiales en balas","breadcrumb":{"@id":"https:\/\/neue-herbold.com\/es\/trituradoras-de-un-solo-arbol-hzr\/#breadcrumb"},"inLanguage":"es-ES","potentialAction":[{"@type":"ReadAction","target":["https:\/\/neue-herbold.com\/es\/trituradoras-de-un-solo-arbol-hzr\/"]}]},{"@type":"ImageObject","inLanguage":"es-ES","@id":"https:\/\/neue-herbold.com\/es\/trituradoras-de-un-solo-arbol-hzr\/#primaryimage","url":"https:\/\/neue-herbold.com\/wp-content\/uploads\/2014\/12\/HZR-1300-1-1024x785.jpg","contentUrl":"https:\/\/neue-herbold.com\/wp-content\/uploads\/2014\/12\/HZR-1300-1-1024x785.jpg"},{"@type":"BreadcrumbList","@id":"https:\/\/neue-herbold.com\/es\/trituradoras-de-un-solo-arbol-hzr\/#breadcrumb","itemListElement":[{"@type":"ListItem","position":1,"name":"Startseite","item":"https:\/\/neue-herbold.com\/es\/"},{"@type":"ListItem","position":2,"name":"Trituradoras de un solo \u00e1rbol HZR"}]},{"@type":"WebSite","@id":"https:\/\/neue-herbold.com\/en\/#website","url":"https:\/\/neue-herbold.com\/en\/","name":"Neue Herbold GmbH","description":"","potentialAction":[{"@type":"SearchAction","target":{"@type":"EntryPoint","urlTemplate":"https:\/\/neue-herbold.com\/en\/?s={search_term_string}"},"query-input":{"@type":"PropertyValueSpecification","valueRequired":true,"valueName":"search_term_string"}}],"inLanguage":"es-ES"}]}},"_links":{"self":[{"href":"https:\/\/neue-herbold.com\/es\/wp-json\/wp\/v2\/pages\/7711"}],"collection":[{"href":"https:\/\/neue-herbold.com\/es\/wp-json\/wp\/v2\/pages"}],"about":[{"href":"https:\/\/neue-herbold.com\/es\/wp-json\/wp\/v2\/types\/page"}],"author":[{"embeddable":true,"href":"https:\/\/neue-herbold.com\/es\/wp-json\/wp\/v2\/users\/1"}],"replies":[{"embeddable":true,"href":"https:\/\/neue-herbold.com\/es\/wp-json\/wp\/v2\/comments?post=7711"}],"version-history":[{"count":4,"href":"https:\/\/neue-herbold.com\/es\/wp-json\/wp\/v2\/pages\/7711\/revisions"}],"predecessor-version":[{"id":9318,"href":"https:\/\/neue-herbold.com\/es\/wp-json\/wp\/v2\/pages\/7711\/revisions\/9318"}],"wp:attachment":[{"href":"https:\/\/neue-herbold.com\/es\/wp-json\/wp\/v2\/media?parent=7711"}],"curies":[{"name":"wp","href":"https:\/\/api.w.org\/{rel}","templated":true}]}}