{"id":7004,"date":"2014-09-21T19:19:09","date_gmt":"2014-09-21T19:19:09","guid":{"rendered":"https:\/\/neue-herbold.com\/es\/impressum\/"},"modified":"2019-11-18T03:17:31","modified_gmt":"2019-11-18T02:17:31","slug":"aviso-legal","status":"publish","type":"page","link":"https:\/\/neue-herbold.com\/es\/aviso-legal\/","title":{"rendered":"Aviso legal"},"content":{"rendered":"<div id=\"gt-res-c\" class=\"g-unit\">\n<div id=\"gt-res-p\">\n<div id=\"gt-res-data\">\n<div id=\"gt-res-wrap\">\n<div id=\"gt-res-content\" class=\"almost_half_cell\">\n<div dir=\"ltr\">\n<div data-borlabs-cookie-wrap=\"inline\" class=\"left\">\n    <div data-borlabs-cookie>\n        <p class=\"borlabsCookieHeadline\">Configuraci\u00f3n de cookies<\/p>\n        <div data-borlabs-selection>\n            <p class=\"borlabsCookieExplanation\">Por favor haga una selecci\u00f3n. Para obtener m\u00e1s informaci\u00f3n sobre el impacto de su selecci\u00f3n, consulte <span data-borlabs-cookie-help-link>Ayudar<\/span>. <br><a href=\"https:\/\/neue-herbold.com\/es\/privacidad-de-un-vistazo\/\">Privacidad de un vistazo<\/a><br><a href=\"https:\/\/neue-herbold.com\/es\/aviso-legal\/\">Aviso legal<\/a><\/p>\n            <div data-borlabs-selection-list>\n                <ul>\n                    <li class=\"cookieOption1\"><label for=\"borlabsCookieInlineOptionAll\"><input id=\"borlabsCookieInlineOptionAll\" type=\"radio\" name=\"cookieOption\" value=\"all\">Permitir todas las cookies, incluidas las cookies de terceros (como YouTube).<\/label><\/li>\n                                        <li class=\"cookieOption2\"><label for=\"borlabsCookieInlineOptionFirstParty\"><input id=\"borlabsCookieInlineOptionFirstParty\" type=\"radio\" name=\"cookieOption\" value=\"first-party\">Solo permita las cookies de Neue Herbold.<\/label><\/li>\n                                        <li class=\"cookieOption3\"><label for=\"borlabsCookieInlineOptionRejectAll\"><input id=\"borlabsCookieInlineOptionRejectAll\" type=\"radio\" name=\"cookieOption\" value=\"reject-all\">Solo permita cookies t\u00e9cnicamente necesarias.<\/label><\/li>\n                                    <\/ul>\n                <div data-borlabs-selection-success>\n                    <p class=\"borlabsCookieSuccess\">Su selecci\u00f3n ha sido guardada!<\/p>\n                <\/div>\n            <\/div>\n            <p class=\"borlabsCookieText\" data-borlabs-cookie-help-link>Ayudar<\/p>\n        <\/div>\n        <div data-borlabs-help>\n            <p class=\"borlabsCookieSubHeadline\">Ayudar<\/p>\n            <p>Esta opci\u00f3n le permite configurar todas las cookies, incluidas las cookies de terceros, como YouTube. Las cookies de terceros pueden incluir cookies de seguimiento y an\u00e1lisis de estos proveedores sobre los que no tenemos control.<\/p>\n            <ul>\n                <li><span>Permitir todas las cookies, incluidas las cookies de terceros (como YouTube).<\/span>:<br>Esta opci\u00f3n le permite configurar todas las cookies, incluidas las cookies de terceros, como YouTube. Las cookies de terceros pueden incluir cookies de seguimiento y an\u00e1lisis de estos proveedores sobre los que no tenemos control.<\/li>\n                                <li><span>Solo permita las cookies de Neue Herbold.<\/span>:<br>Con esta opci\u00f3n solo permite cookies de nuestro propio sitio web. Con estas cookies, el sitio web recuerda el idioma de visualizaci\u00f3n que ha elegido y las elecciones realizadas durante la selecci\u00f3n de cookies para que no se le vuelva a preguntar cada vez que visite una p\u00e1gina.<\/li>\n                                <li><span>Solo permita cookies t\u00e9cnicamente necesarias.<\/span>:<br>Con esta opci\u00f3n solo permite las cookies t\u00e9cnicamente necesarias. En primer lugar, esta es una cookie que le permite a nuestro sitio saber qu\u00e9 elecciones ha hecho. La cookie en s\u00ed no almacena datos personales, sino solo la selecci\u00f3n realizada por usted para que no se le vuelva a preguntar en cada solicitud de p\u00e1gina.<\/li>\n                            <\/ul>\n            <p>Puede cambiar la configuraci\u00f3n de su cookie aqu\u00ed en cualquier momento: <a href=\"https:\/\/neue-herbold.com\/es\/privacidad-de-un-vistazo\/\">Privacidad de un vistazo<\/a>. <a href=\"https:\/\/neue-herbold.com\/es\/aviso-legal\/\">Aviso legal<\/a><\/p>\n            <p class=\"borlabsCookieText\" data-borlabs-cookie-help-link>Espalda<\/p>\n        <\/div>\n    <\/div>\n<\/div>\n<hr \/>\n<p><span id=\"result_box\" class=\"\" lang=\"es\"><span title=\"Information provided according to Sec.\"><strong>Informaci\u00f3n seg\u00fan \u00a7 5 TMG:<\/strong><br \/>\nNEUE HERBOLD Maschinen und Anlagenbau GmbH<br \/>\nWiesenstrasse 44<br \/>\n74889 Sinsheim<\/span><\/span><\/p>\n<p><span id=\"result_box\" class=\"\" lang=\"es\"><span title=\"Information provided according to Sec.\"><strong>Representado por:<\/strong><br \/>\nNEUE HERBOLD<br \/>\nMaschinen und Anlagenbau engineering GmbH<br \/>\nrepresentado por el director general Arwed-Peter Abraham<br \/>\n<\/span><\/span><\/p>\n<p><span id=\"result_box\" class=\"\" lang=\"es\"><span title=\"Information provided according to Sec.\"><strong>Contacto:<\/strong><br \/>\nTel\u00e9fono: +49 (0) 7261 \/ 9248-0<br \/>\nFax: +49 (0) 7261 \/ 9248-99<br \/>\nE-Mail: info@neue-herbold.de<\/span><\/span><\/p>\n<p><span id=\"result_box\" class=\"\" lang=\"es\"><span title=\"Information provided according to Sec.\"><strong>Register:<\/strong><br \/>\nEntrada en el registro comercial.<br \/>\nTribunal de registro: Mannheim<br \/>\nN\u00famero de registro: 341269<br \/>\n<\/span><\/span><\/p>\n<p><span id=\"result_box\" class=\"\" lang=\"es\"><span title=\"Information provided according to Sec.\"><strong>IVA:<\/strong><br \/>\nN\u00famero de identificaci\u00f3n fiscal de ventas de acuerdo con \u00a727 una ley de impuestos a las ventas:<br \/>\nDE811935715<\/span><\/span><\/p>\n<p><span id=\"result_box\" class=\"\" lang=\"es\"><span title=\"Information provided according to Sec.\"><strong>Responsabilidad por el contenido<\/strong><br \/>\nComo proveedor de servicios somos responsables seg\u00fan \u00a7 7 1 TMG para el propio contenido de estas p\u00e1ginas por la ley general. De acuerdo con \u00a7\u00a7 8 a 10 TMG no estamos obligados como proveedor de servicios para supervisar la informaci\u00f3n transmitida o almacenada, o para investigar las circunstancias que indiquen actividades il\u00edcitas.<br \/>\nLas obligaciones de eliminar o bloquear el uso de informaci\u00f3n bajo la ley general no se ver\u00e1n afectadas. Sin embargo, una responsabilidad en este sentido solo es posible a partir de la fecha de conocimiento de una infracci\u00f3n espec\u00edfica. Tras la notificaci\u00f3n de las infracciones apropiadas, eliminaremos este contenido de inmediato.<\/span><\/span><\/p>\n<p><span id=\"result_box\" class=\"\" lang=\"es\"><span title=\"Information provided according to Sec.\"><strong>Responsabilidad por enlaces<\/strong><br \/>\nNuestra oferta contiene enlaces a sitios web externos de terceros en cuyos contenidos no tenemos influencia. Por lo tanto, no podemos asumir ninguna responsabilidad por estos contenidos externos. El proveedor u operador respectivo de las p\u00e1ginas es siempre responsable de los contenidos de las p\u00e1ginas vinculadas. Las p\u00e1ginas vinculadas fueron revisadas por posibles infracciones legales en el momento de la vinculaci\u00f3n. El contenido ilegal no era reconocible en el momento de la vinculaci\u00f3n.<br \/>\nSin embargo, un control de contenido permanente de las p\u00e1ginas vinculadas no es razonable sin evidencia concreta de una infracci\u00f3n. Tras la notificaci\u00f3n de violaciones, eliminaremos dichos enlaces inmediatamente.<\/span><\/span><\/p>\n<p><span id=\"result_box\" class=\"\" lang=\"es\"><span title=\"Information provided according to Sec.\"><strong>Derechos de autor<\/strong><br \/>\nEl contenido y los trabajos en estas p\u00e1ginas creados por los operadores del sitio est\u00e1n sujetos a la ley alemana de derechos de autor. La reproducci\u00f3n, modificaci\u00f3n, distribuci\u00f3n o cualquier tipo de explotaci\u00f3n fuera de los l\u00edmites del derecho de autor requieren el consentimiento por escrito del autor o creador. Las descargas y copias de este sitio son solo para uso privado y no comercial.<br \/>\nPor lo que el contenido no se crea por el operador del sitio Web, los derechos de autor de terceros. En particular, el contenido de terceros se identifica como tal. Si a\u00fan debe estar al tanto de una infracci\u00f3n de derechos de autor, solicitamos una nota. Tras la notificaci\u00f3n de violaciones, eliminaremos dicho contenido de inmediato.<br \/>\n<\/span><\/span><\/p>\n<\/div>\n<\/div>\n<\/div>\n<\/div>\n<\/div>\n<\/div>\n","protected":false},"excerpt":{"rendered":"<div id=\"gt-res-c\" class=\"g-unit\">\n<div id=\"gt-res-p\">\n<div id=\"gt-res-data\">\n<div id=\"gt-res-wrap\">\n<div id=\"gt-res-content\" class=\"almost_half_cell\">\n<div dir=\"ltr\">\n<p><span id=\"result_box\" class=\"\" lang=\"es\"><span title=\"Information provided according to Sec.\"><strong>Informaci\u00f3n seg\u00fan \u00a7 5 TMG:<\/strong><br \/>\nNEUE HERBOLD Maschinen und Anlagenbau GmbH<br \/>\nWiesenstrasse 44<br \/>\n74889 Sinsheim<\/span><\/span><\/p>\n<p><span id=\"result_box\" class=\"\" lang=\"es\"><span title=\"Information provided according to Sec.\"><strong>Representado por:<\/strong><br \/>\nNEUE HERBOLD<br \/>\nMaschinen und Anlagenbau engineering GmbH<br \/>\nrepresentado por el director general Arwed-Peter Abraham<br \/>\n<\/span><\/span><\/p>\n<p><span id=\"result_box\" class=\"\" lang=\"es\"><span title=\"Information provided according to Sec.\"><strong>Contacto:<\/strong><br \/>\nTel\u00e9fono: +49 (0) 7261 \/ 9248-0<br \/>\nFax: +49 (0) 7261 \/ 9248-99<br \/>\nE-Mail: info@neue-herbold.de<\/span><\/span><\/p>\n<p><span id=\"result_box\" class=\"\" lang=\"es\"><span title=\"Information provided according to Sec.\"><strong>Register:<\/strong><br \/>\nEntrada en el registro comercial.<\/span><\/span><\/p>\n<\/div>\n<\/div>\n<\/div>\n<\/div>\n<\/div>\n<\/div>\n<p><span class=\"ellipsis\">&hellip;<\/span><\/p>\n<div class=\"read-more\"><a href=\"https:\/\/neue-herbold.com\/es\/aviso-legal\/\">Leer m\u00e1s \u203a<\/a><\/div>\n<p><!-- end of .read-more --><\/p>\n","protected":false},"author":1,"featured_media":0,"parent":0,"menu_order":0,"comment_status":"closed","ping_status":"closed","template":"","meta":{"footnotes":""},"class_list":["post-7004","page","type-page","status-publish","hentry"],"yoast_head":"<!-- This site is optimized with the Yoast SEO plugin v25.4 - https:\/\/yoast.com\/wordpress\/plugins\/seo\/ -->\n<title>Impressum<\/title>\n<meta name=\"description\" content=\"Urheberrecht\/Copyright Alle Rechte sind der NEUE HERBOLD vorbehalten. Die Online-Dokumente und Webseiten einschlie\u00dflich ihrer Teile sind urheberrechtlich\" \/>\n<meta name=\"robots\" content=\"index, follow, max-snippet:-1, max-image-preview:large, max-video-preview:-1\" \/>\n<link rel=\"canonical\" href=\"https:\/\/neue-herbold.com\/es\/aviso-legal\/\" \/>\n<meta property=\"og:locale\" content=\"es_ES\" \/>\n<meta property=\"og:type\" content=\"article\" \/>\n<meta property=\"og:title\" content=\"Impressum\" \/>\n<meta property=\"og:description\" content=\"Urheberrecht\/Copyright Alle Rechte sind der NEUE HERBOLD vorbehalten. Die Online-Dokumente und Webseiten einschlie\u00dflich ihrer Teile sind urheberrechtlich\" \/>\n<meta property=\"og:url\" content=\"https:\/\/neue-herbold.com\/es\/aviso-legal\/\" \/>\n<meta property=\"og:site_name\" content=\"Neue Herbold GmbH\" \/>\n<meta property=\"article:modified_time\" content=\"2019-11-18T02:17:31+00:00\" \/>\n<meta name=\"twitter:label1\" content=\"Tiempo de lectura\" \/>\n\t<meta name=\"twitter:data1\" content=\"2 minutes\" \/>\n<script type=\"application\/ld+json\" class=\"yoast-schema-graph\">{\"@context\":\"https:\/\/schema.org\",\"@graph\":[{\"@type\":\"WebPage\",\"@id\":\"https:\/\/neue-herbold.com\/es\/aviso-legal\/\",\"url\":\"https:\/\/neue-herbold.com\/es\/aviso-legal\/\",\"name\":\"Impressum\",\"isPartOf\":{\"@id\":\"https:\/\/neue-herbold.com\/en\/#website\"},\"datePublished\":\"2014-09-21T19:19:09+00:00\",\"dateModified\":\"2019-11-18T02:17:31+00:00\",\"description\":\"Urheberrecht\/Copyright Alle Rechte sind der NEUE HERBOLD vorbehalten. Die Online-Dokumente und Webseiten einschlie\u00dflich ihrer Teile sind urheberrechtlich\",\"breadcrumb\":{\"@id\":\"https:\/\/neue-herbold.com\/es\/aviso-legal\/#breadcrumb\"},\"inLanguage\":\"es-ES\",\"potentialAction\":[{\"@type\":\"ReadAction\",\"target\":[\"https:\/\/neue-herbold.com\/es\/aviso-legal\/\"]}]},{\"@type\":\"BreadcrumbList\",\"@id\":\"https:\/\/neue-herbold.com\/es\/aviso-legal\/#breadcrumb\",\"itemListElement\":[{\"@type\":\"ListItem\",\"position\":1,\"name\":\"Startseite\",\"item\":\"https:\/\/neue-herbold.com\/es\/\"},{\"@type\":\"ListItem\",\"position\":2,\"name\":\"Aviso legal\"}]},{\"@type\":\"WebSite\",\"@id\":\"https:\/\/neue-herbold.com\/en\/#website\",\"url\":\"https:\/\/neue-herbold.com\/en\/\",\"name\":\"Neue Herbold GmbH\",\"description\":\"\",\"potentialAction\":[{\"@type\":\"SearchAction\",\"target\":{\"@type\":\"EntryPoint\",\"urlTemplate\":\"https:\/\/neue-herbold.com\/en\/?s={search_term_string}\"},\"query-input\":{\"@type\":\"PropertyValueSpecification\",\"valueRequired\":true,\"valueName\":\"search_term_string\"}}],\"inLanguage\":\"es-ES\"}]}<\/script>\n<!-- \/ Yoast SEO plugin. -->","yoast_head_json":{"title":"Impressum","description":"Urheberrecht\/Copyright Alle Rechte sind der NEUE HERBOLD vorbehalten. Die Online-Dokumente und Webseiten einschlie\u00dflich ihrer Teile sind urheberrechtlich","robots":{"index":"index","follow":"follow","max-snippet":"max-snippet:-1","max-image-preview":"max-image-preview:large","max-video-preview":"max-video-preview:-1"},"canonical":"https:\/\/neue-herbold.com\/es\/aviso-legal\/","og_locale":"es_ES","og_type":"article","og_title":"Impressum","og_description":"Urheberrecht\/Copyright Alle Rechte sind der NEUE HERBOLD vorbehalten. Die Online-Dokumente und Webseiten einschlie\u00dflich ihrer Teile sind urheberrechtlich","og_url":"https:\/\/neue-herbold.com\/es\/aviso-legal\/","og_site_name":"Neue Herbold GmbH","article_modified_time":"2019-11-18T02:17:31+00:00","twitter_misc":{"Tiempo de lectura":"2 minutes"},"schema":{"@context":"https:\/\/schema.org","@graph":[{"@type":"WebPage","@id":"https:\/\/neue-herbold.com\/es\/aviso-legal\/","url":"https:\/\/neue-herbold.com\/es\/aviso-legal\/","name":"Impressum","isPartOf":{"@id":"https:\/\/neue-herbold.com\/en\/#website"},"datePublished":"2014-09-21T19:19:09+00:00","dateModified":"2019-11-18T02:17:31+00:00","description":"Urheberrecht\/Copyright Alle Rechte sind der NEUE HERBOLD vorbehalten. Die Online-Dokumente und Webseiten einschlie\u00dflich ihrer Teile sind urheberrechtlich","breadcrumb":{"@id":"https:\/\/neue-herbold.com\/es\/aviso-legal\/#breadcrumb"},"inLanguage":"es-ES","potentialAction":[{"@type":"ReadAction","target":["https:\/\/neue-herbold.com\/es\/aviso-legal\/"]}]},{"@type":"BreadcrumbList","@id":"https:\/\/neue-herbold.com\/es\/aviso-legal\/#breadcrumb","itemListElement":[{"@type":"ListItem","position":1,"name":"Startseite","item":"https:\/\/neue-herbold.com\/es\/"},{"@type":"ListItem","position":2,"name":"Aviso legal"}]},{"@type":"WebSite","@id":"https:\/\/neue-herbold.com\/en\/#website","url":"https:\/\/neue-herbold.com\/en\/","name":"Neue Herbold GmbH","description":"","potentialAction":[{"@type":"SearchAction","target":{"@type":"EntryPoint","urlTemplate":"https:\/\/neue-herbold.com\/en\/?s={search_term_string}"},"query-input":{"@type":"PropertyValueSpecification","valueRequired":true,"valueName":"search_term_string"}}],"inLanguage":"es-ES"}]}},"_links":{"self":[{"href":"https:\/\/neue-herbold.com\/es\/wp-json\/wp\/v2\/pages\/7004"}],"collection":[{"href":"https:\/\/neue-herbold.com\/es\/wp-json\/wp\/v2\/pages"}],"about":[{"href":"https:\/\/neue-herbold.com\/es\/wp-json\/wp\/v2\/types\/page"}],"author":[{"embeddable":true,"href":"https:\/\/neue-herbold.com\/es\/wp-json\/wp\/v2\/users\/1"}],"replies":[{"embeddable":true,"href":"https:\/\/neue-herbold.com\/es\/wp-json\/wp\/v2\/comments?post=7004"}],"version-history":[{"count":9,"href":"https:\/\/neue-herbold.com\/es\/wp-json\/wp\/v2\/pages\/7004\/revisions"}],"predecessor-version":[{"id":15595,"href":"https:\/\/neue-herbold.com\/es\/wp-json\/wp\/v2\/pages\/7004\/revisions\/15595"}],"wp:attachment":[{"href":"https:\/\/neue-herbold.com\/es\/wp-json\/wp\/v2\/media?parent=7004"}],"curies":[{"name":"wp","href":"https:\/\/api.w.org\/{rel}","templated":true}]}}