{"id":680,"date":"2014-09-21T20:03:06","date_gmt":"2014-09-21T20:03:06","guid":{"rendered":"https:\/\/neue-herbold.com\/?page_id=680"},"modified":"2023-10-30T15:54:54","modified_gmt":"2023-10-30T14:54:54","slug":"neue-herbold-produccion-de-equipos-de-trituracion","status":"publish","type":"page","link":"https:\/\/neue-herbold.com\/es\/","title":{"rendered":"NEUE HERBOLD &#8211; Producci\u00f3n de equipos de trituraci\u00f3n"},"content":{"rendered":"<p><strong><span style=\"color: #000000;\"><img loading=\"lazy\" decoding=\"async\" class=\"alignright wp-image-1821\" src=\"https:\/\/neue-herbold.com\/wp-content\/Bilder\/Annimation_04t.gif\" alt=\"Producci\u00f3n de equipos de trituraci\u00f3n\" width=\"390\" height=\"410\" \/>Nuestro programa de producci\u00f3n incluye la gama completa de equipos de trituraci\u00f3n (trituradora \/ trituradora, Styrofoam Shredder, Bale Breaker, tornillo de desmenuzado, cizallas de guillotina, corte molinos, molinos de bolas, molinos de perfil, molinos de martillos, pulverizadores, molinos de placas deflectoras \/ molinos de discos, CPL. Lava) y el reciclaje de los residuos pl\u00e1sticos y la t\u00e9cnica de separaci\u00f3n por materiales mixtos .Sistemas de transporte para el suministro de materia prima &#8211; y la eliminaci\u00f3n del material triturado.Ninguna de nuestras construcciones es de m\u00e1s de 4 a\u00f1os en su forma actual.<\/span><\/strong><\/p>\n<p><span style=\"color: #000000;\">Constantemente revisamos nuestro l\u00edder t\u00e9cnico en nuestras concepciones y, si es necesario, los ajustes.<\/span><\/p>\n<p><span style=\"color: #000000;\">Ofrecemos a nuestros clientes la oportunidad de experimentar el alto rendimiento de la <strong>NEUE HERBOLD<\/strong> en nuestra planta piloto.<\/span><\/p>\n<p><span style=\"color: #000000;\">Por \u00faltimo, podemos ofrecer a nuestros clientes un servicio de calidad y, por supuesto, tambi\u00e9n es capaz de su maquinaria y equipos existentes para atender profesionalmente y para incorporar nuevas ideas<\/span><\/p>\n<hr \/>\n<p><strong>NEUE HERBOLD<\/strong> <strong><span class=\"HwtZe\" lang=\"es\"><span class=\"jCAhz ChMk0b\"><span class=\"ryNqvb\">es miembro de<\/span><\/span><\/span>:<\/strong><\/p>\n<table style=\"height: 193px; width: 700px;\" width=\"618\">\n<tbody>\n<tr style=\"height: 72px;\">\n<td style=\"width: 201.3px; height: 72px;\"><a href=\"https:\/\/www.vdma.org\/de\" target=\"_blank\" rel=\"noopener noreferrer\"><img loading=\"lazy\" decoding=\"async\" class=\"alignnone wp-image-10376 \" src=\"https:\/\/neue-herbold.com\/wp-content\/uploads\/2014\/09\/logo_transparent-300x193.png\" alt=\"VDMA\" width=\"102\" height=\"66\" srcset=\"https:\/\/neue-herbold.com\/wp-content\/uploads\/2014\/09\/logo_transparent-300x193.png 300w, https:\/\/neue-herbold.com\/wp-content\/uploads\/2014\/09\/logo_transparent-100x64.png 100w, https:\/\/neue-herbold.com\/wp-content\/uploads\/2014\/09\/logo_transparent-150x97.png 150w, https:\/\/neue-herbold.com\/wp-content\/uploads\/2014\/09\/logo_transparent-200x129.png 200w, https:\/\/neue-herbold.com\/wp-content\/uploads\/2014\/09\/logo_transparent-450x290.png 450w, https:\/\/neue-herbold.com\/wp-content\/uploads\/2014\/09\/logo_transparent.png 463w\" sizes=\"(max-width: 102px) 100vw, 102px\" \/><\/a><\/td>\n<td style=\"width: 482.7px; height: 72px;\"><strong><span id=\"result_box\" class=\"\" lang=\"en\"><span class=\"\">the Association of German <br \/>\nMachinery and Plant Engineering<\/span><\/span><\/strong><\/td>\n<\/tr>\n<tr>\n<td style=\"width: 201.3px;\"><a href=\"https:\/\/www.plasticsrecyclers.eu\/\" target=\"_blank\" rel=\"noopener\"><img loading=\"lazy\" decoding=\"async\" class=\"alignnone size-medium wp-image-16081\" src=\"https:\/\/neue-herbold.com\/wp-content\/uploads\/2023\/03\/PLASTICS-RECYCLERS-EUROPE-300x118.jpg\" alt=\"\" width=\"300\" height=\"118\" srcset=\"https:\/\/neue-herbold.com\/wp-content\/uploads\/2023\/03\/PLASTICS-RECYCLERS-EUROPE-300x118.jpg 300w, https:\/\/neue-herbold.com\/wp-content\/uploads\/2023\/03\/PLASTICS-RECYCLERS-EUROPE-100x39.jpg 100w, https:\/\/neue-herbold.com\/wp-content\/uploads\/2023\/03\/PLASTICS-RECYCLERS-EUROPE-150x59.jpg 150w, https:\/\/neue-herbold.com\/wp-content\/uploads\/2023\/03\/PLASTICS-RECYCLERS-EUROPE-200x78.jpg 200w, https:\/\/neue-herbold.com\/wp-content\/uploads\/2023\/03\/PLASTICS-RECYCLERS-EUROPE-450x176.jpg 450w, https:\/\/neue-herbold.com\/wp-content\/uploads\/2023\/03\/PLASTICS-RECYCLERS-EUROPE-600x235.jpg 600w, https:\/\/neue-herbold.com\/wp-content\/uploads\/2023\/03\/PLASTICS-RECYCLERS-EUROPE.jpg 653w\" sizes=\"(max-width: 300px) 100vw, 300px\" \/><\/a><\/td>\n<td style=\"width: 482.7px;\"><strong>PLASTICS RECYCLERS EUROPE<span id=\"result_box\" class=\"\" lang=\"en\"><span class=\"\"><br \/>\n<\/span><\/span><\/strong><\/td>\n<\/tr>\n<tr style=\"height: 121px;\">\n<td style=\"width: 201.3px; height: 121px;\"><img loading=\"lazy\" decoding=\"async\" class=\"alignnone wp-image-15829 \" src=\"https:\/\/neue-herbold.com\/wp-content\/uploads\/2021\/06\/LOGO_PREVENT_MO_1-247x300.png\" alt=\"\" width=\"121\" height=\"147\" srcset=\"https:\/\/neue-herbold.com\/wp-content\/uploads\/2021\/06\/LOGO_PREVENT_MO_1-247x300.png 247w, https:\/\/neue-herbold.com\/wp-content\/uploads\/2021\/06\/LOGO_PREVENT_MO_1-768x932.png 768w, https:\/\/neue-herbold.com\/wp-content\/uploads\/2021\/06\/LOGO_PREVENT_MO_1-100x121.png 100w, https:\/\/neue-herbold.com\/wp-content\/uploads\/2021\/06\/LOGO_PREVENT_MO_1-150x182.png 150w, https:\/\/neue-herbold.com\/wp-content\/uploads\/2021\/06\/LOGO_PREVENT_MO_1-200x243.png 200w, https:\/\/neue-herbold.com\/wp-content\/uploads\/2021\/06\/LOGO_PREVENT_MO_1-300x364.png 300w, https:\/\/neue-herbold.com\/wp-content\/uploads\/2021\/06\/LOGO_PREVENT_MO_1-450x546.png 450w, https:\/\/neue-herbold.com\/wp-content\/uploads\/2021\/06\/LOGO_PREVENT_MO_1-600x728.png 600w, https:\/\/neue-herbold.com\/wp-content\/uploads\/2021\/06\/LOGO_PREVENT_MO_1.png 805w\" sizes=\"(max-width: 121px) 100vw, 121px\" \/><\/td>\n<td style=\"width: 482.7px; height: 121px;\"><strong>PREVENT Waste Alliance<br \/>\n<\/strong><\/td>\n<\/tr>\n<\/tbody>\n<\/table>\n","protected":false},"excerpt":{"rendered":"<p><strong><span style=\"color: #000000;\"><img loading=\"lazy\" decoding=\"async\" class=\"alignright wp-image-1821\" src=\"https:\/\/neue-herbold.com\/wp-content\/Bilder\/Annimation_04t.gif\" alt=\"Producci\u00f3n de equipos de trituraci\u00f3n\" width=\"390\" height=\"410\" \/>Nuestro programa de producci\u00f3n incluye la gama completa de equipos de trituraci\u00f3n (trituradora \/ trituradora, Styrofoam Shredder, Bale Breaker, tornillo de desmenuzado, cizallas de guillotina, corte molinos, molinos de bolas, molinos de perfil, molinos de martillos, pulverizadores,<\/span><\/strong><\/p>\n<p><span class=\"ellipsis\">&hellip;<\/span><\/p>\n<div class=\"read-more\"><a href=\"https:\/\/neue-herbold.com\/es\/\">Leer m\u00e1s \u203a<\/a><\/div>\n<p><!-- end of .read-more --><\/p>\n","protected":false},"author":1,"featured_media":0,"parent":0,"menu_order":0,"comment_status":"closed","ping_status":"closed","template":"full-width-page.php","meta":{"footnotes":""},"class_list":["post-680","page","type-page","status-publish","hentry"],"yoast_head":"<!-- This site is optimized with the Yoast SEO plugin v25.4 - https:\/\/yoast.com\/wordpress\/plugins\/seo\/ -->\n<title>Producci\u00f3n de equipos de trituraci\u00f3n - Neue Herbold GmbH<\/title>\n<meta name=\"description\" content=\"Fabricante de sistemas de reciclaje de pl\u00e1sticos, molinos, trituraci\u00f3n, molinos finos y sistemas de lavado para procesamiento...\" \/>\n<meta name=\"robots\" content=\"index, follow, max-snippet:-1, max-image-preview:large, max-video-preview:-1\" \/>\n<link rel=\"canonical\" href=\"https:\/\/neue-herbold.com\/es\/\" \/>\n<meta property=\"og:locale\" content=\"es_ES\" \/>\n<meta property=\"og:type\" content=\"article\" \/>\n<meta property=\"og:title\" content=\"Producci\u00f3n de equipos de trituraci\u00f3n - Neue Herbold GmbH\" \/>\n<meta property=\"og:description\" content=\"Fabricante de sistemas de reciclaje de pl\u00e1sticos, molinos, trituraci\u00f3n, molinos finos y sistemas de lavado para procesamiento...\" \/>\n<meta property=\"og:url\" content=\"https:\/\/neue-herbold.com\/es\/\" \/>\n<meta property=\"og:site_name\" content=\"Neue Herbold GmbH\" \/>\n<meta property=\"article:modified_time\" content=\"2023-10-30T14:54:54+00:00\" \/>\n<meta property=\"og:image\" content=\"https:\/\/neue-herbold.com\/wp-content\/Bilder\/Annimation_04t.gif\" \/>\n<meta name=\"twitter:label1\" content=\"Tiempo de lectura\" \/>\n\t<meta name=\"twitter:data1\" content=\"2 minutes\" \/>\n<script type=\"application\/ld+json\" class=\"yoast-schema-graph\">{\"@context\":\"https:\/\/schema.org\",\"@graph\":[{\"@type\":\"WebPage\",\"@id\":\"https:\/\/neue-herbold.com\/es\/\",\"url\":\"https:\/\/neue-herbold.com\/es\/\",\"name\":\"Producci\u00f3n de equipos de trituraci\u00f3n - Neue Herbold GmbH\",\"isPartOf\":{\"@id\":\"https:\/\/neue-herbold.com\/en\/#website\"},\"primaryImageOfPage\":{\"@id\":\"https:\/\/neue-herbold.com\/es\/#primaryimage\"},\"image\":{\"@id\":\"https:\/\/neue-herbold.com\/es\/#primaryimage\"},\"thumbnailUrl\":\"https:\/\/neue-herbold.com\/wp-content\/Bilder\/Annimation_04t.gif\",\"datePublished\":\"2014-09-21T20:03:06+00:00\",\"dateModified\":\"2023-10-30T14:54:54+00:00\",\"description\":\"Fabricante de sistemas de reciclaje de pl\u00e1sticos, molinos, trituraci\u00f3n, molinos finos y sistemas de lavado para procesamiento...\",\"breadcrumb\":{\"@id\":\"https:\/\/neue-herbold.com\/es\/#breadcrumb\"},\"inLanguage\":\"es-ES\",\"potentialAction\":[{\"@type\":\"ReadAction\",\"target\":[\"https:\/\/neue-herbold.com\/es\/\"]}]},{\"@type\":\"ImageObject\",\"inLanguage\":\"es-ES\",\"@id\":\"https:\/\/neue-herbold.com\/es\/#primaryimage\",\"url\":\"https:\/\/neue-herbold.com\/wp-content\/Bilder\/Annimation_04t.gif\",\"contentUrl\":\"https:\/\/neue-herbold.com\/wp-content\/Bilder\/Annimation_04t.gif\"},{\"@type\":\"BreadcrumbList\",\"@id\":\"https:\/\/neue-herbold.com\/es\/#breadcrumb\",\"itemListElement\":[{\"@type\":\"ListItem\",\"position\":1,\"name\":\"Startseite\",\"item\":\"https:\/\/neue-herbold.com\/es\/\"},{\"@type\":\"ListItem\",\"position\":2,\"name\":\"NEUE HERBOLD &#8211; Producci\u00f3n de equipos de trituraci\u00f3n\"}]},{\"@type\":\"WebSite\",\"@id\":\"https:\/\/neue-herbold.com\/en\/#website\",\"url\":\"https:\/\/neue-herbold.com\/en\/\",\"name\":\"Neue Herbold GmbH\",\"description\":\"\",\"potentialAction\":[{\"@type\":\"SearchAction\",\"target\":{\"@type\":\"EntryPoint\",\"urlTemplate\":\"https:\/\/neue-herbold.com\/en\/?s={search_term_string}\"},\"query-input\":{\"@type\":\"PropertyValueSpecification\",\"valueRequired\":true,\"valueName\":\"search_term_string\"}}],\"inLanguage\":\"es-ES\"}]}<\/script>\n<!-- \/ Yoast SEO plugin. -->","yoast_head_json":{"title":"Producci\u00f3n de equipos de trituraci\u00f3n - Neue Herbold GmbH","description":"Fabricante de sistemas de reciclaje de pl\u00e1sticos, molinos, trituraci\u00f3n, molinos finos y sistemas de lavado para procesamiento...","robots":{"index":"index","follow":"follow","max-snippet":"max-snippet:-1","max-image-preview":"max-image-preview:large","max-video-preview":"max-video-preview:-1"},"canonical":"https:\/\/neue-herbold.com\/es\/","og_locale":"es_ES","og_type":"article","og_title":"Producci\u00f3n de equipos de trituraci\u00f3n - Neue Herbold GmbH","og_description":"Fabricante de sistemas de reciclaje de pl\u00e1sticos, molinos, trituraci\u00f3n, molinos finos y sistemas de lavado para procesamiento...","og_url":"https:\/\/neue-herbold.com\/es\/","og_site_name":"Neue Herbold GmbH","article_modified_time":"2023-10-30T14:54:54+00:00","og_image":[{"url":"https:\/\/neue-herbold.com\/wp-content\/Bilder\/Annimation_04t.gif","type":"","width":"","height":""}],"twitter_misc":{"Tiempo de lectura":"2 minutes"},"schema":{"@context":"https:\/\/schema.org","@graph":[{"@type":"WebPage","@id":"https:\/\/neue-herbold.com\/es\/","url":"https:\/\/neue-herbold.com\/es\/","name":"Producci\u00f3n de equipos de trituraci\u00f3n - Neue Herbold GmbH","isPartOf":{"@id":"https:\/\/neue-herbold.com\/en\/#website"},"primaryImageOfPage":{"@id":"https:\/\/neue-herbold.com\/es\/#primaryimage"},"image":{"@id":"https:\/\/neue-herbold.com\/es\/#primaryimage"},"thumbnailUrl":"https:\/\/neue-herbold.com\/wp-content\/Bilder\/Annimation_04t.gif","datePublished":"2014-09-21T20:03:06+00:00","dateModified":"2023-10-30T14:54:54+00:00","description":"Fabricante de sistemas de reciclaje de pl\u00e1sticos, molinos, trituraci\u00f3n, molinos finos y sistemas de lavado para procesamiento...","breadcrumb":{"@id":"https:\/\/neue-herbold.com\/es\/#breadcrumb"},"inLanguage":"es-ES","potentialAction":[{"@type":"ReadAction","target":["https:\/\/neue-herbold.com\/es\/"]}]},{"@type":"ImageObject","inLanguage":"es-ES","@id":"https:\/\/neue-herbold.com\/es\/#primaryimage","url":"https:\/\/neue-herbold.com\/wp-content\/Bilder\/Annimation_04t.gif","contentUrl":"https:\/\/neue-herbold.com\/wp-content\/Bilder\/Annimation_04t.gif"},{"@type":"BreadcrumbList","@id":"https:\/\/neue-herbold.com\/es\/#breadcrumb","itemListElement":[{"@type":"ListItem","position":1,"name":"Startseite","item":"https:\/\/neue-herbold.com\/es\/"},{"@type":"ListItem","position":2,"name":"NEUE HERBOLD &#8211; Producci\u00f3n de equipos de trituraci\u00f3n"}]},{"@type":"WebSite","@id":"https:\/\/neue-herbold.com\/en\/#website","url":"https:\/\/neue-herbold.com\/en\/","name":"Neue Herbold GmbH","description":"","potentialAction":[{"@type":"SearchAction","target":{"@type":"EntryPoint","urlTemplate":"https:\/\/neue-herbold.com\/en\/?s={search_term_string}"},"query-input":{"@type":"PropertyValueSpecification","valueRequired":true,"valueName":"search_term_string"}}],"inLanguage":"es-ES"}]}},"_links":{"self":[{"href":"https:\/\/neue-herbold.com\/es\/wp-json\/wp\/v2\/pages\/680"}],"collection":[{"href":"https:\/\/neue-herbold.com\/es\/wp-json\/wp\/v2\/pages"}],"about":[{"href":"https:\/\/neue-herbold.com\/es\/wp-json\/wp\/v2\/types\/page"}],"author":[{"embeddable":true,"href":"https:\/\/neue-herbold.com\/es\/wp-json\/wp\/v2\/users\/1"}],"replies":[{"embeddable":true,"href":"https:\/\/neue-herbold.com\/es\/wp-json\/wp\/v2\/comments?post=680"}],"version-history":[{"count":16,"href":"https:\/\/neue-herbold.com\/es\/wp-json\/wp\/v2\/pages\/680\/revisions"}],"predecessor-version":[{"id":16091,"href":"https:\/\/neue-herbold.com\/es\/wp-json\/wp\/v2\/pages\/680\/revisions\/16091"}],"wp:attachment":[{"href":"https:\/\/neue-herbold.com\/es\/wp-json\/wp\/v2\/media?parent=680"}],"curies":[{"name":"wp","href":"https:\/\/api.w.org\/{rel}","templated":true}]}}