{"id":15481,"date":"2019-09-09T21:41:16","date_gmt":"2019-09-09T19:41:16","guid":{"rendered":"https:\/\/neue-herbold.com\/datenverarbeitung-email\/"},"modified":"2021-04-02T18:18:34","modified_gmt":"2021-04-02T16:18:34","slug":"procesamiento-de-datos-email","status":"publish","type":"page","link":"https:\/\/neue-herbold.com\/es\/procesamiento-de-datos-email\/","title":{"rendered":"Informaci\u00f3n de privacidad"},"content":{"rendered":"<a href=\"https:\/\/neue-herbold.com\/de\/datenverarbeitung-email\/\" class=\"su-button su-button-style-glass\" style=\"color:#FFFFFF;background-color:#001159;border-color:#000e48;border-radius:5px\" target=\"_self\"><span style=\"color:#FFFFFF;padding:0px 16px;font-size:13px;line-height:26px;border-color:#4d598b;border-radius:5px;text-shadow:none\"> Datenverarbeitung: eMail<\/span><\/a>\n<a href=\"https:\/\/neue-herbold.com\/en\/data-processing-email\/\" class=\"su-button su-button-style-glass\" style=\"color:#FFFFFF;background-color:#001159;border-color:#000e48;border-radius:5px\" target=\"_self\"><span style=\"color:#FFFFFF;padding:0px 16px;font-size:13px;line-height:26px;border-color:#4d598b;border-radius:5px;text-shadow:none\"> Data processing: eMail<\/span><\/a>\n<a href=\"https:\/\/neue-herbold.com\/fr\/traitement-de-donnees-email\/\" class=\"su-button su-button-style-glass\" style=\"color:#FFFFFF;background-color:#001159;border-color:#000e48;border-radius:5px\" target=\"_self\"><span style=\"color:#FFFFFF;padding:0px 16px;font-size:13px;line-height:26px;border-color:#4d598b;border-radius:5px;text-shadow:none\"> Traitement de donn\u00e9es: eMail<\/span><\/a>\n<a href=\"\" class=\"su-button su-button-style-glass\" style=\"color:#FFFFFF;background-color:#006CB7;border-color:#005793;border-radius:5px\" target=\"_self\"><span style=\"color:#FFFFFF;padding:0px 16px;font-size:13px;line-height:26px;border-color:#4d99cd;border-radius:5px;text-shadow:none\"> <span class=\"tlid-translation translation\" lang=\"es\"><span class=\"\" title=\"\">Procesamiento de datos: eMail<\/span><\/span><\/span><\/a>\n<hr \/>\n<hr \/>\n<p><strong>Principios de procesamiento de datos en la Neue Herbold GmbH<\/strong><\/p>\n<p>Lleg\u00f3 a esta p\u00e1gina a trav\u00e9s de un enlace, porque desea informarse sobre nuestro manejo de (sus) datos personales. Para cumplir con nuestros requisitos de informaci\u00f3n de acuerdo con los art\u00edculos 12 y siguientes del Reglamento General de Protecci\u00f3n de Datos (DSGVO), nos gustar\u00eda presentar nuestra informaci\u00f3n sobre protecci\u00f3n de datos a continuaci\u00f3n:<\/p>\n<p><strong>\u00bfQu\u00e9 datos de usted procesamos? \u00bfY para qu\u00e9 fines?<\/strong><\/p>\n<p>Si hemos recibido datos de usted, solo los procesaremos para los fines para los que los recibimos o recopilamos. Nos ha enviado un correo electr\u00f3nico y procesamos los datos que contiene (nombre, direcci\u00f3n de correo electr\u00f3nico, contenido) con el fin de responder a su solicitud.<\/p>\n<p>Tambi\u00e9n consideramos esta solicitud como consentimiento para dicho procesamiento (Art\u00edculo 6 (1) (a) GDPR). Si ya no desea recibir una respuesta de nuestra parte, puede revocar este consentimiento en cualquier momento. En este caso, ya no nos pondremos en contacto con usted.<\/p>\n<p>En caso de cancelaci\u00f3n, sus datos se eliminar\u00e1n en la medida en que no estemos legalmente obligados a conservarlos. Puede solicitarnos estas obligaciones en cualquier momento para su caso individual.<\/p>\n<p>El procesamiento de datos para otros fines solo se puede considerar si se cumplen los requisitos legales en la medida requerida por el Art\u00edculo 6 (4) GDPR. En el caso, por supuesto, observaremos cualquier requisito de informaci\u00f3n de acuerdo con el art\u00edculo 13, p\u00e1rrafo 3 DSGVO y el art\u00edculo 14, p\u00e1rrafo 4 DSGVO.<\/p>\n<p><strong>\u00bfA qu\u00e9 destinatarios se transmitir\u00e1n los datos?<\/strong><\/p>\n<p>La transferencia de sus datos personales a terceros solo tendr\u00e1 lugar si es necesario para la ejecuci\u00f3n del contrato con usted. Esto se refiere a las compa\u00f1\u00edas que nos brindan servicios, p. Nuestro asesor fiscal o abogado. Estos proveedores de servicios utilizar\u00e1n sus datos solo en nuestro nombre y nunca para sus propios fines.<\/p>\n<p><strong>\u00bfD\u00f3nde se procesan los datos?<\/strong><\/p>\n<p>Sus datos personales ser\u00e1n procesados \u200b\u200bexclusivamente por nosotros en centros de datos de la Rep\u00fablica Federal de Alemania.<\/p>\n<p><strong>Comunicaci\u00f3n mediante audioconferencias y videoconferencias en l\u00ednea (herramientas de conferencia)<\/strong><\/p>\n<p>Una de las herramientas que utilizamos para comunicarnos con nuestros clientes es la conferencia en l\u00ednea. A continuaci\u00f3n se enumeran las herramientas individuales que utilizamos. Cuando usted se comunica con nosotros por videoconferencia o audioconferencia a trav\u00e9s de Internet, sus datos personales son recogidos y procesados por nosotros y por el proveedor de la respectiva herramienta de conferencia.<\/p>\n<p>Las herramientas de conferencia recogen todos los datos que usted proporciona\/introduce para utilizar las herramientas (direcci\u00f3n de correo electr\u00f3nico y\/o su n\u00famero de tel\u00e9fono). Adem\u00e1s, las herramientas de conferencia procesan la duraci\u00f3n de la misma, el inicio y el fin (hora) de la participaci\u00f3n en la conferencia, el n\u00famero de participantes y otra &#8220;informaci\u00f3n contextual&#8221; relacionada con el proceso de comunicaci\u00f3n (metadatos).<\/p>\n<p>Adem\u00e1s, el proveedor de la herramienta procesa todos los datos t\u00e9cnicos necesarios para el manejo de la comunicaci\u00f3n en l\u00ednea. Esto incluye, en particular, las direcciones IP, las direcciones MAC, las identificaciones de los dispositivos, el tipo de dispositivo, el tipo y la versi\u00f3n del sistema operativo, la versi\u00f3n del cliente, el tipo de c\u00e1mara, el micr\u00f3fono o el altavoz y el tipo de conexi\u00f3n.<\/p>\n<p>Si se intercambian, cargan o ponen a disposici\u00f3n contenidos dentro de la herramienta, \u00e9stos tambi\u00e9n se almacenan en los servidores de los proveedores de la herramienta. Dicho contenido incluye, entre otros, grabaciones en la nube, mensajes de chat\/instant\u00e1neos, mensajes de voz, fotos y v\u00eddeos subidos, archivos, pizarras y otra informaci\u00f3n compartida durante el uso del Servicio.<\/p>\n<p>Tenga en cuenta que no tenemos un control total sobre las operaciones de procesamiento de datos de las herramientas utilizadas. Nuestras opciones se basan en gran medida en la pol\u00edtica de la empresa del proveedor correspondiente. Para m\u00e1s informaci\u00f3n sobre el tratamiento de datos por parte de las herramientas de la conferencia, consulte las declaraciones de protecci\u00f3n de datos de las respectivas herramientas utilizadas, que hemos enumerado a continuaci\u00f3n de este texto.<\/p>\n<p><strong>Objetivo y base jur\u00eddica<\/strong><br \/>\nLas herramientas de conferencia se utilizan para comunicarse con socios contractuales potenciales o existentes o para ofrecer determinados servicios a nuestros clientes (Art. 6 p\u00e1rrafo 1 p. 1 lit. b DSGVO). Adem\u00e1s, el uso de las herramientas sirve para la simplificaci\u00f3n general y la aceleraci\u00f3n de la comunicaci\u00f3n con nosotros o con nuestra empresa (inter\u00e9s leg\u00edtimo en el sentido del Art. 6 p\u00e1rrafo 1 lit. f DSGVO). En la medida en que se haya solicitado el consentimiento, las herramientas en cuesti\u00f3n se utilizan sobre la base de este consentimiento; el consentimiento puede ser revocado en cualquier momento con efecto para el futuro.<\/p>\n<p><strong>Per\u00edodo de almacenamiento<\/strong><br \/>\nLos datos recogidos directamente por nosotros a trav\u00e9s de las herramientas de v\u00eddeo y conferencia se eliminar\u00e1n de nuestros sistemas en cuanto usted nos pida que los eliminemos, revoque su consentimiento para almacenarlos o deje de ser v\u00e1lida la finalidad del almacenamiento de los datos. Las cookies almacenadas permanecen en su dispositivo terminal hasta que usted las elimina. Los per\u00edodos de conservaci\u00f3n legales obligatorios no se ven afectados.<\/p>\n<p>No tenemos ninguna influencia sobre el per\u00edodo de almacenamiento de sus datos, que son almacenados por los operadores de las herramientas de conferencia para sus propios fines. Para m\u00e1s detalles, p\u00f3ngase en contacto directamente con los operadores de las herramientas de conferencia.<br \/>\nHerramientas de conferencia utilizadas<\/p>\n<p><strong>Utilizamos las siguientes herramientas de conferencia:<\/strong><\/p>\n<p><strong>Microsoft Teams<\/strong><br \/>\nUtilizamos Microsoft Teams. El proveedor es Microsoft Corporation, One Microsoft Way, Redmond, WA 98052-6399, USA. Para m\u00e1s detalles sobre el tratamiento de datos, consulte la pol\u00edtica de privacidad de Microsoft Teams:<br \/>\n<a href=\"https:\/\/privacy.microsoft.com\/de-de\/privacystatement\" target=\"_blank\" rel=\"noopener noreferrer\">https:\/\/privacy.microsoft.com\/de-de\/privacystatement<\/a>.<\/p>\n<p><strong>Celebraci\u00f3n de un contrato de tramitaci\u00f3n de pedidos<\/strong><br \/>\nHemos celebrado un contrato de procesamiento de pedidos con el proveedor de Microsoft Teams y aplicamos plenamente los estrictos requisitos de las autoridades alemanas de protecci\u00f3n de datos al utilizar Microsoft Teams.<\/p>\n<p><strong>Zoom<\/strong><br \/>\nUtilizamos Zoom. El proveedor de este servicio es Zoom Communications Inc, San Jose, 55 Almaden Boulevard, 6th Floor, San Jose, CA 95113, USA. Para m\u00e1s detalles sobre el tratamiento de datos, consulte la pol\u00edtica de privacidad de Zoom: <a href=\"https:\/\/zoom.us\/de-de\/privacy.html\" target=\"_blank\" rel=\"noopener noreferrer\">https:\/\/zoom.us\/de-de\/privacy.html<\/a>. <br \/>\nLa transferencia de datos a Estados Unidos se basa en las cl\u00e1usulas contractuales est\u00e1ndar de la Comisi\u00f3n Europea. Los detalles se pueden encontrar aqu\u00ed: <a href=\"https:\/\/zoom.us\/de-de\/privacy.html.\" target=\"_blank\" rel=\"noopener noreferrer\">https:\/\/zoom.us\/de-de\/privacy.html.<\/a> <\/p>\n<p><strong>Celebraci\u00f3n de un contrato de tramitaci\u00f3n de pedidos<\/strong><br \/>\nHemos celebrado un contrato de procesamiento de pedidos con el proveedor de Zoom y aplicamos plenamente los estrictos requisitos de las autoridades alemanas de protecci\u00f3n de datos al utilizar Zoom.<\/p>\n<p><strong>Sus derechos como &#8220;preocupados&#8221;<\/strong><\/p>\n<p>Tiene derecho a informaci\u00f3n sobre los datos personales que procesamos sobre usted. En el caso de una solicitud de informaci\u00f3n que no se realiza por escrito, le pedimos que comprenda que luego podemos solicitarle una prueba que demuestre que usted es la persona para la que dice ser.<\/p>\n<p>Tambi\u00e9n tiene derecho a corregir, eliminar o limitar el procesamiento en la medida en que tenga el derecho legal de hacerlo.<\/p>\n<p>Adem\u00e1s, tiene derecho a oponerse al procesamiento dentro del alcance de los requisitos legales. Lo mismo se aplica al derecho a la portabilidad de datos.<\/p>\n<p><strong>En particular, tiene derecho a oponerse al procesamiento de sus datos en relaci\u00f3n con la publicidad directa, si esto se hace sobre la base de un equilibrio de intereses, de conformidad con el art\u00edculo 21, p\u00e1rrafo 1 y 2 DSGVO.<\/strong><\/p>\n<p><strong>\u00bfQui\u00e9n es responsable del procesamiento de datos?<\/strong><\/p>\n<p><strong>NEUE Herbold Machinen- und Anlagenbau GmbH<br \/>\n<\/strong>Sr. Arwed-Peter Abraham<br \/>\nWiesenstrasse 44<br \/>\n74889 Sinsheim<\/p>\n<p>Contacto: <a href=\"mailto:info@neue-herbold.de\">info@neue-herbold.de<\/a><br \/>\nTel\u00e9fono: +49 (0) 7261 \/ 9248-0<\/p>\n<p>Encontrar\u00e1 m\u00e1s informaci\u00f3n sobre nuestra empresa, informaci\u00f3n sobre las personas autorizadas para representar y tambi\u00e9n otras opciones de\u00a0contacto en el <a href=\"https:\/\/neue-herbold.com\/es\/aviso-legal\/\">aviso-legal<\/a>.<\/p>\n<p><strong>Nuestro oficial de protecci\u00f3n de datos<\/strong><\/p>\n<p>Hemos nombrado un oficial de protecci\u00f3n de datos. Puede comunicarse con \u00e9l en las siguientes opciones de contacto:<\/p>\n<p>Thomas Stegemann<br \/>\ndacuro GmbH<br \/>\nHeidelberger Strasse 70b<br \/>\n69190 Walldorf<\/p>\n<p>Contacto: <a href=\"mailto:Datenschutz@neue-herbold.de\">Datenschutz@neue-herbold.de<\/a><\/p>\n<p><strong>Derecho de apelaci\u00f3n<\/strong><\/p>\n<p>Tiene derecho a presentar una queja sobre el procesamiento de datos personales por nuestra parte ante una autoridad supervisora \u200b\u200bde protecci\u00f3n de datos.<\/p>\n<p>Nuestra pol\u00edtica de privacidad completa se puede encontrar en: <a href=\"https:\/\/neue-herbold.com\/es\/privacidad-de-un-vistazo\/\"><u>aqu\u00ed &#8230;<\/u><\/a><\/p>\n<p>del 30.05.2018<\/p>\n","protected":false},"excerpt":{"rendered":"<p><strong>Principios de procesamiento de datos en la Neue Herbold GmbH<\/strong><\/p>\n<p>Lleg\u00f3 a esta p\u00e1gina a trav\u00e9s de un enlace, porque desea informarse sobre nuestro manejo de (sus) datos personales. Para cumplir con nuestros requisitos de informaci\u00f3n de acuerdo con los art\u00edculos 12 y siguientes del Reglamento General de Protecci\u00f3n de Datos (DSGVO),<\/p>\n<p><span class=\"ellipsis\">&hellip;<\/span><\/p>\n<div class=\"read-more\"><a href=\"https:\/\/neue-herbold.com\/es\/procesamiento-de-datos-email\/\">Leer m\u00e1s \u203a<\/a><\/div>\n<p><!-- end of .read-more --><\/p>\n","protected":false},"author":1,"featured_media":0,"parent":0,"menu_order":0,"comment_status":"closed","ping_status":"closed","template":"","meta":{"footnotes":""},"class_list":["post-15481","page","type-page","status-publish","hentry"],"yoast_head":"<!-- This site is optimized with the Yoast SEO plugin v25.4 - https:\/\/yoast.com\/wordpress\/plugins\/seo\/ -->\n<title>Informaci\u00f3n de privacidad - Neue Herbold GmbH<\/title>\n<meta name=\"robots\" content=\"index, follow, max-snippet:-1, max-image-preview:large, max-video-preview:-1\" \/>\n<link rel=\"canonical\" href=\"https:\/\/neue-herbold.com\/es\/procesamiento-de-datos-email\/\" \/>\n<meta property=\"og:locale\" content=\"es_ES\" \/>\n<meta property=\"og:type\" content=\"article\" \/>\n<meta property=\"og:title\" content=\"Informaci\u00f3n de privacidad - Neue Herbold GmbH\" \/>\n<meta property=\"og:description\" content=\"Principios de procesamiento de datos en la Neue Herbold GmbH Lleg\u00f3 a esta p\u00e1gina a trav\u00e9s de un enlace, porque desea informarse sobre nuestro manejo de (sus) datos personales. Para cumplir con nuestros requisitos de informaci\u00f3n de acuerdo con los art\u00edculos 12 y siguientes del Reglamento General de Protecci\u00f3n de Datos (DSGVO),&hellip;Leer m\u00e1s \u203a\" \/>\n<meta property=\"og:url\" content=\"https:\/\/neue-herbold.com\/es\/procesamiento-de-datos-email\/\" \/>\n<meta property=\"og:site_name\" content=\"Neue Herbold GmbH\" \/>\n<meta property=\"article:modified_time\" content=\"2021-04-02T16:18:34+00:00\" \/>\n<meta name=\"twitter:label1\" content=\"Tiempo de lectura\" \/>\n\t<meta name=\"twitter:data1\" content=\"6 minutes\" \/>\n<script type=\"application\/ld+json\" class=\"yoast-schema-graph\">{\"@context\":\"https:\/\/schema.org\",\"@graph\":[{\"@type\":\"WebPage\",\"@id\":\"https:\/\/neue-herbold.com\/es\/procesamiento-de-datos-email\/\",\"url\":\"https:\/\/neue-herbold.com\/es\/procesamiento-de-datos-email\/\",\"name\":\"Informaci\u00f3n de privacidad - Neue Herbold GmbH\",\"isPartOf\":{\"@id\":\"https:\/\/neue-herbold.com\/en\/#website\"},\"datePublished\":\"2019-09-09T19:41:16+00:00\",\"dateModified\":\"2021-04-02T16:18:34+00:00\",\"breadcrumb\":{\"@id\":\"https:\/\/neue-herbold.com\/es\/procesamiento-de-datos-email\/#breadcrumb\"},\"inLanguage\":\"es-ES\",\"potentialAction\":[{\"@type\":\"ReadAction\",\"target\":[\"https:\/\/neue-herbold.com\/es\/procesamiento-de-datos-email\/\"]}]},{\"@type\":\"BreadcrumbList\",\"@id\":\"https:\/\/neue-herbold.com\/es\/procesamiento-de-datos-email\/#breadcrumb\",\"itemListElement\":[{\"@type\":\"ListItem\",\"position\":1,\"name\":\"Startseite\",\"item\":\"https:\/\/neue-herbold.com\/es\/\"},{\"@type\":\"ListItem\",\"position\":2,\"name\":\"Informaci\u00f3n de privacidad\"}]},{\"@type\":\"WebSite\",\"@id\":\"https:\/\/neue-herbold.com\/en\/#website\",\"url\":\"https:\/\/neue-herbold.com\/en\/\",\"name\":\"Neue Herbold GmbH\",\"description\":\"\",\"potentialAction\":[{\"@type\":\"SearchAction\",\"target\":{\"@type\":\"EntryPoint\",\"urlTemplate\":\"https:\/\/neue-herbold.com\/en\/?s={search_term_string}\"},\"query-input\":{\"@type\":\"PropertyValueSpecification\",\"valueRequired\":true,\"valueName\":\"search_term_string\"}}],\"inLanguage\":\"es-ES\"}]}<\/script>\n<!-- \/ Yoast SEO plugin. -->","yoast_head_json":{"title":"Informaci\u00f3n de privacidad - Neue Herbold GmbH","robots":{"index":"index","follow":"follow","max-snippet":"max-snippet:-1","max-image-preview":"max-image-preview:large","max-video-preview":"max-video-preview:-1"},"canonical":"https:\/\/neue-herbold.com\/es\/procesamiento-de-datos-email\/","og_locale":"es_ES","og_type":"article","og_title":"Informaci\u00f3n de privacidad - Neue Herbold GmbH","og_description":"Principios de procesamiento de datos en la Neue Herbold GmbH Lleg\u00f3 a esta p\u00e1gina a trav\u00e9s de un enlace, porque desea informarse sobre nuestro manejo de (sus) datos personales. Para cumplir con nuestros requisitos de informaci\u00f3n de acuerdo con los art\u00edculos 12 y siguientes del Reglamento General de Protecci\u00f3n de Datos (DSGVO),&hellip;Leer m\u00e1s \u203a","og_url":"https:\/\/neue-herbold.com\/es\/procesamiento-de-datos-email\/","og_site_name":"Neue Herbold GmbH","article_modified_time":"2021-04-02T16:18:34+00:00","twitter_misc":{"Tiempo de lectura":"6 minutes"},"schema":{"@context":"https:\/\/schema.org","@graph":[{"@type":"WebPage","@id":"https:\/\/neue-herbold.com\/es\/procesamiento-de-datos-email\/","url":"https:\/\/neue-herbold.com\/es\/procesamiento-de-datos-email\/","name":"Informaci\u00f3n de privacidad - Neue Herbold GmbH","isPartOf":{"@id":"https:\/\/neue-herbold.com\/en\/#website"},"datePublished":"2019-09-09T19:41:16+00:00","dateModified":"2021-04-02T16:18:34+00:00","breadcrumb":{"@id":"https:\/\/neue-herbold.com\/es\/procesamiento-de-datos-email\/#breadcrumb"},"inLanguage":"es-ES","potentialAction":[{"@type":"ReadAction","target":["https:\/\/neue-herbold.com\/es\/procesamiento-de-datos-email\/"]}]},{"@type":"BreadcrumbList","@id":"https:\/\/neue-herbold.com\/es\/procesamiento-de-datos-email\/#breadcrumb","itemListElement":[{"@type":"ListItem","position":1,"name":"Startseite","item":"https:\/\/neue-herbold.com\/es\/"},{"@type":"ListItem","position":2,"name":"Informaci\u00f3n de privacidad"}]},{"@type":"WebSite","@id":"https:\/\/neue-herbold.com\/en\/#website","url":"https:\/\/neue-herbold.com\/en\/","name":"Neue Herbold GmbH","description":"","potentialAction":[{"@type":"SearchAction","target":{"@type":"EntryPoint","urlTemplate":"https:\/\/neue-herbold.com\/en\/?s={search_term_string}"},"query-input":{"@type":"PropertyValueSpecification","valueRequired":true,"valueName":"search_term_string"}}],"inLanguage":"es-ES"}]}},"_links":{"self":[{"href":"https:\/\/neue-herbold.com\/es\/wp-json\/wp\/v2\/pages\/15481"}],"collection":[{"href":"https:\/\/neue-herbold.com\/es\/wp-json\/wp\/v2\/pages"}],"about":[{"href":"https:\/\/neue-herbold.com\/es\/wp-json\/wp\/v2\/types\/page"}],"author":[{"embeddable":true,"href":"https:\/\/neue-herbold.com\/es\/wp-json\/wp\/v2\/users\/1"}],"replies":[{"embeddable":true,"href":"https:\/\/neue-herbold.com\/es\/wp-json\/wp\/v2\/comments?post=15481"}],"version-history":[{"count":9,"href":"https:\/\/neue-herbold.com\/es\/wp-json\/wp\/v2\/pages\/15481\/revisions"}],"predecessor-version":[{"id":15776,"href":"https:\/\/neue-herbold.com\/es\/wp-json\/wp\/v2\/pages\/15481\/revisions\/15776"}],"wp:attachment":[{"href":"https:\/\/neue-herbold.com\/es\/wp-json\/wp\/v2\/media?parent=15481"}],"curies":[{"name":"wp","href":"https:\/\/api.w.org\/{rel}","templated":true}]}}