{"id":11825,"date":"2015-05-21T00:23:04","date_gmt":"2015-05-20T22:23:04","guid":{"rendered":"https:\/\/neue-herbold.com\/datenschutz\/"},"modified":"2022-06-01T14:02:23","modified_gmt":"2022-06-01T12:02:23","slug":"privacidad-de-un-vistazo","status":"publish","type":"page","link":"https:\/\/neue-herbold.com\/es\/privacidad-de-un-vistazo\/","title":{"rendered":"Privacidad de un vistazo"},"content":{"rendered":"<div data-borlabs-cookie-wrap=\"inline\" class=\"left\">\n    <div data-borlabs-cookie>\n        <p class=\"borlabsCookieHeadline\">Configuraci\u00f3n de cookies<\/p>\n        <div data-borlabs-selection>\n            <p class=\"borlabsCookieExplanation\">Por favor haga una selecci\u00f3n. Para obtener m\u00e1s informaci\u00f3n sobre el impacto de su selecci\u00f3n, consulte <span data-borlabs-cookie-help-link>Ayudar<\/span>. <br><a href=\"https:\/\/neue-herbold.com\/es\/privacidad-de-un-vistazo\/\">Privacidad de un vistazo<\/a><br><a href=\"https:\/\/neue-herbold.com\/es\/aviso-legal\/\">Aviso legal<\/a><\/p>\n            <div data-borlabs-selection-list>\n                <ul>\n                    <li class=\"cookieOption1\"><label for=\"borlabsCookieInlineOptionAll\"><input id=\"borlabsCookieInlineOptionAll\" type=\"radio\" name=\"cookieOption\" value=\"all\">Permitir todas las cookies, incluidas las cookies de terceros (como YouTube).<\/label><\/li>\n                                        <li class=\"cookieOption2\"><label for=\"borlabsCookieInlineOptionFirstParty\"><input id=\"borlabsCookieInlineOptionFirstParty\" type=\"radio\" name=\"cookieOption\" value=\"first-party\">Solo permita las cookies de Neue Herbold.<\/label><\/li>\n                                        <li class=\"cookieOption3\"><label for=\"borlabsCookieInlineOptionRejectAll\"><input id=\"borlabsCookieInlineOptionRejectAll\" type=\"radio\" name=\"cookieOption\" value=\"reject-all\">Solo permita cookies t\u00e9cnicamente necesarias.<\/label><\/li>\n                                    <\/ul>\n                <div data-borlabs-selection-success>\n                    <p class=\"borlabsCookieSuccess\">Su selecci\u00f3n ha sido guardada!<\/p>\n                <\/div>\n            <\/div>\n            <p class=\"borlabsCookieText\" data-borlabs-cookie-help-link>Ayudar<\/p>\n        <\/div>\n        <div data-borlabs-help>\n            <p class=\"borlabsCookieSubHeadline\">Ayudar<\/p>\n            <p>Esta opci\u00f3n le permite configurar todas las cookies, incluidas las cookies de terceros, como YouTube. Las cookies de terceros pueden incluir cookies de seguimiento y an\u00e1lisis de estos proveedores sobre los que no tenemos control.<\/p>\n            <ul>\n                <li><span>Permitir todas las cookies, incluidas las cookies de terceros (como YouTube).<\/span>:<br>Esta opci\u00f3n le permite configurar todas las cookies, incluidas las cookies de terceros, como YouTube. Las cookies de terceros pueden incluir cookies de seguimiento y an\u00e1lisis de estos proveedores sobre los que no tenemos control.<\/li>\n                                <li><span>Solo permita las cookies de Neue Herbold.<\/span>:<br>Con esta opci\u00f3n solo permite cookies de nuestro propio sitio web. Con estas cookies, el sitio web recuerda el idioma de visualizaci\u00f3n que ha elegido y las elecciones realizadas durante la selecci\u00f3n de cookies para que no se le vuelva a preguntar cada vez que visite una p\u00e1gina.<\/li>\n                                <li><span>Solo permita cookies t\u00e9cnicamente necesarias.<\/span>:<br>Con esta opci\u00f3n solo permite las cookies t\u00e9cnicamente necesarias. En primer lugar, esta es una cookie que le permite a nuestro sitio saber qu\u00e9 elecciones ha hecho. La cookie en s\u00ed no almacena datos personales, sino solo la selecci\u00f3n realizada por usted para que no se le vuelva a preguntar en cada solicitud de p\u00e1gina.<\/li>\n                            <\/ul>\n            <p>Puede cambiar la configuraci\u00f3n de su cookie aqu\u00ed en cualquier momento: <a href=\"https:\/\/neue-herbold.com\/es\/privacidad-de-un-vistazo\/\">Privacidad de un vistazo<\/a>. <a href=\"https:\/\/neue-herbold.com\/es\/aviso-legal\/\">Aviso legal<\/a><\/p>\n            <p class=\"borlabsCookieText\" data-borlabs-cookie-help-link>Espalda<\/p>\n        <\/div>\n    <\/div>\n<\/div>\n<hr \/>\n<h3><strong>1. Informaci\u00f3n general<\/strong><\/h3>\n<p>Las siguientes notas ofrecen una descripci\u00f3n general simple de lo que sucede con su informaci\u00f3n personal cuando visita nuestro sitio web. Los datos personales son todos los datos que lo identifican personalmente. Puede encontrar informaci\u00f3n detallada sobre el tema de la protecci\u00f3n de datos en nuestra pol\u00edtica de privacidad que se incluye en este documento.<\/p>\n<p><strong>Recolecci\u00f3n de datos en nuestro sitio web<\/strong><\/p>\n<p><strong>\u00bfQui\u00e9n es responsable de la recopilaci\u00f3n de datos en este sitio web?<\/strong><\/p>\n<p>El procesamiento de datos en este sitio web se lleva a cabo por el operador del sitio web. Sus detalles de contacto se pueden encontrar en la impronta de este sitio web.<\/p>\n<h3><span class=\"tlid-translation translation\" lang=\"es\"><span class=\"\" title=\"\">\u00bfQu\u00e9 derechos tiene con respecto a sus datos?<\/span><\/span><\/h3>\n<p><span class=\"tlid-translation translation\" lang=\"es\"><span class=\"\" title=\"\">En cualquier momento tiene derecho a obtener informaci\u00f3n gratuita sobre el origen, el destinatario y el prop\u00f3sito de sus datos personales almacenados.<\/span> <span class=\"\" title=\"\">Tambi\u00e9n tiene derecho a solicitar la correcci\u00f3n o eliminaci\u00f3n de estos datos.<\/span> <span title=\"\">Para este prop\u00f3sito, as\u00ed como para otras preguntas sobre la protecci\u00f3n de datos, puede contactarnos en cualquier momento a la direcci\u00f3n indicada en la impresi\u00f3n.<\/span> <span title=\"\">Adem\u00e1s, tiene derecho a apelar ante la autoridad supervisora competente.<\/span><\/p>\n<p><span title=\"\">Adem\u00e1s, tiene derecho a solicitar la restricci\u00f3n del procesamiento de sus datos personales en determinadas circunstancias.<\/span> <span title=\"\">Los detalles se pueden encontrar en la pol\u00edtica de privacidad en &#8220;Derecho a restricci\u00f3n de procesamiento&#8221;.<\/span><\/span><\/p>\n<p><strong>\u00bfPara qu\u00e9 utilizamos sus datos?<\/strong><\/p>\n<p>Parte de los datos se recopilan para garantizar una provisi\u00f3n impecable del sitio web. Se pueden usar otros datos para analizar su comportamiento de usuario.<\/p>\n<p><strong>\u00bfQu\u00e9 derechos tienes con respecto a tus datos?<\/strong><\/p>\n<p>En cualquier momento, tiene derecho a obtener informaci\u00f3n gratuita sobre el origen, el destinatario y el prop\u00f3sito de sus datos personales almacenados. Tambi\u00e9n tiene derecho a solicitar la correcci\u00f3n, el bloqueo o la eliminaci\u00f3n de estos datos. Para este prop\u00f3sito y para m\u00e1s preguntas sobre la protecci\u00f3n de datos, puede contactarnos en cualquier momento a la direcci\u00f3n indicada en el pie de imprenta. Adem\u00e1s, tiene el derecho de apelar ante la autoridad supervisora \u200b\u200bcompetente.<\/p>\n<p><strong>Herramientas de an\u00e1lisis y herramientas de terceros<\/strong><\/p>\n<p>Cuando visita nuestro sitio web, su comportamiento de navegaci\u00f3n puede ser evaluado estad\u00edsticamente. Esto sucede principalmente con cookies y con los llamados programas de an\u00e1lisis. El an\u00e1lisis de tu comportamiento de navegaci\u00f3n suele ser an\u00f3nimo; el comportamiento de navegaci\u00f3n no se puede remontar a usted. Puede oponerse a este an\u00e1lisis o evitarlo al no usar ciertas herramientas. La informaci\u00f3n detallada se puede encontrar en la siguiente pol\u00edtica de privacidad.<\/p>\n<p>Puede oponerse a este an\u00e1lisis. Le informaremos sobre las posibilidades de objeci\u00f3n en esta pol\u00edtica de privacidad.<\/p>\n<h3><strong> 2. Informaci\u00f3n general e informaci\u00f3n obligatoria<\/strong><\/h3>\n<p><strong>pol\u00edtica de privacidad<\/strong><\/p>\n<p>Los operadores de estas p\u00e1ginas toman muy en serio la protecci\u00f3n de sus datos personales. Tratamos sus datos personales de forma confidencial y de acuerdo con las normas legales de protecci\u00f3n de datos y esta pol\u00edtica de privacidad.<\/p>\n<p>Si usa este sitio web, se recopilar\u00e1n diversos datos personales. La informaci\u00f3n personal es informaci\u00f3n que lo identifica personalmente. Esta Pol\u00edtica de privacidad explica qu\u00e9 informaci\u00f3n recopilamos y para qu\u00e9 la utilizamos. Tambi\u00e9n explica c\u00f3mo y con qu\u00e9 prop\u00f3sito sucede esto.<\/p>\n<p>Tenga en cuenta que la transmisi\u00f3n de datos a trav\u00e9s de Internet (por ejemplo, cuando se comunica por correo electr\u00f3nico) puede tener vulnerabilidades de seguridad. Una protecci\u00f3n completa de los datos del acceso por parte de terceros no es posible.<\/p>\n<p><strong>Nota para el organismo responsable<\/strong><\/p>\n<p>La unidad de procesamiento de datos responsable en este sitio web es:<\/p>\n<p><strong>ASYS1 e-consulting<\/strong><br \/>\nAndreas Meier<br \/>\nZu den Breitwiesen 12<br \/>\n69429 Eberbach-Unterdielbach<\/p>\n<p class=\"mcntMsoNormal\">E-Mail: <a class=\"mailto\" title=\"E-Mail an datenschutz@neue-herbold.de senden\" href=\"mailto:datenschutz@neue-herbold.de\" target=\"_blank\" rel=\"noopener noreferrer\"> datenschutz@neue-herbold.de<\/a><\/p>\n<p>La entidad responsable es la persona f\u00edsica o jur\u00eddica que, sola o en conjunto con otras personas, decide sobre los prop\u00f3sitos y los medios de procesamiento de datos personales (como nombres, direcciones de correo electr\u00f3nico, etc.).<\/p>\n<p><strong>Revocaci\u00f3n de su consentimiento para el procesamiento de datos<\/strong><\/p>\n<p>Muchas operaciones de procesamiento de datos solo son posibles con su consentimiento expreso. Puede revocar un consentimiento existente en cualquier momento. Un mensaje informal por correo electr\u00f3nico es suficiente. La legalidad del procesamiento de datos llevada a cabo hasta que la revocaci\u00f3n no se vea afectada por la revocaci\u00f3n.<\/p>\n<p><strong>Derecho de apelaci\u00f3n ante la autoridad supervisora \u200b\u200bcompetente<\/strong><\/p>\n<p>En caso de violaci\u00f3n de la ley de protecci\u00f3n de datos, el interesado tiene derecho a recurrir ante la autoridad supervisora \u200b\u200bcompetente. La autoridad de supervisi\u00f3n competente para cuestiones de protecci\u00f3n de datos es el oficial de protecci\u00f3n de datos del estado federal en el que se encuentra nuestra empresa. Se puede proporcionar una lista de oficiales de protecci\u00f3n de datos, as\u00ed como sus detalles de contacto<\/p>\n<p>siguiente enlace: <a href=\"https:\/\/www.bfdi.bund.de\/DE\/Infothek\/Anschriften_Links\/anschriften_links-node.html\" target=\"_blank\" rel=\"noopener noreferrer\">https:\/\/www.bfdi.bund.de\/DE\/Infothek\/Anschriften_Links\/anschriften_links-node.html<\/a>.<\/p>\n<p><strong>Derecho a la portabilidad de datos<\/strong><\/p>\n<p>Tiene derecho a que los datos que procesamos se basen en su consentimiento o en el cumplimiento de un contrato, en s\u00ed mismo o ante un tercero en un formato est\u00e1ndar legible por m\u00e1quina. Si requiere la transferencia directa de datos a otra persona a cargo, esto solo se har\u00e1 en la medida en que sea t\u00e9cnicamente factible.<\/p>\n<p><strong>Cifrado SSL o TLS<\/strong><\/p>\n<p>Este sitio utiliza, por razones de seguridad y para proteger la transmisi\u00f3n de contenido confidencial, como pedidos o solicitudes que nos env\u00ede como operador de sitio, SSL o. el cifrado TLS. Puede reconocer una conexi\u00f3n cifrada cambiando la l\u00ednea de direcci\u00f3n del navegador de &#8220;http: \/\/&#8221; a &#8220;https: \/\/&#8221; y el s\u00edmbolo de bloqueo en la l\u00ednea de su navegador.<\/p>\n<p>Si el cifrado SSL o TLS est\u00e1 habilitado, los datos que nos env\u00ede no podr\u00e1n ser le\u00eddos por terceros.<\/p>\n<p><strong>Informaci\u00f3n, bloqueo, eliminaci\u00f3n<\/strong><\/p>\n<p>Usted tiene derecho a obtener informaci\u00f3n gratuita sobre sus datos personales almacenados, su origen y destinatario y el prop\u00f3sito del procesamiento de datos y, si es necesario, el derecho a la rectificaci\u00f3n, bloqueo o eliminaci\u00f3n de estos datos. Para obtener m\u00e1s informaci\u00f3n sobre datos personales, puede ponerse en contacto con nosotros en cualquier momento en la direcci\u00f3n que figura en el pie de imprenta.<\/p>\n<p><strong>Contradicci\u00f3n contra correos publicitarios<\/strong><\/p>\n<p>Se rechaza el uso de publicado en el contexto de la informaci\u00f3n de contacto de obligaci\u00f3n de impresi\u00f3n para enviar publicidad no solicitada y materiales de informaci\u00f3n. Los operadores de las p\u00e1ginas se reservan expresamente el derecho de emprender acciones legales en caso de env\u00edo no solicitado de informaci\u00f3n publicitaria, por ejemplo, a trav\u00e9s de correos electr\u00f3nicos no deseados.<\/p>\n<h3><strong> 3. Recopilaci\u00f3n de datos en nuestro sitio web<\/strong><\/h3>\n<p><strong>Cookies<\/strong><\/p>\n<p>Las p\u00e1ginas de internet usan en parte las llamadas cookies. Las cookies no da\u00f1an su computadora y no contienen virus. Las cookies sirven para que nuestra oferta sea m\u00e1s f\u00e1cil de usar, efectiva y segura. Las cookies son peque\u00f1os archivos de texto que se almacenan en su computadora y almacenados en su navegador.<\/p>\n<p>La mayor\u00eda de las cookies que utilizamos son las llamadas &#8220;cookies de sesi\u00f3n&#8221;. Se eliminar\u00e1n autom\u00e1ticamente al final de su visita. Otras cookies permanecen almacenadas en su dispositivo hasta que las elimine. Estas cookies nos permiten reconocer su navegador la pr\u00f3xima vez que lo visite.<\/p>\n<p>Puede configurar su navegador para que est\u00e9 informado sobre la configuraci\u00f3n de las cookies y permitir las cookies solo en casos individuales, la aceptaci\u00f3n de cookies para ciertos casos o, en general, excluir y permitir la eliminaci\u00f3n autom\u00e1tica de cookies al cerrar el navegador. La desactivaci\u00f3n de cookies puede limitar la funcionalidad de este sitio web.<\/p>\n<p>Las cookies que se requieren para llevar a cabo el proceso de comunicaci\u00f3n electr\u00f3nica o para proporcionar ciertas funciones que desea utilizar (por ejemplo, funci\u00f3n de carrito de compras) se procesan en virtud del Art. 6, p\u00e1rrafo 1 lit. f DSGVO guardado. El operador del sitio web tiene un inter\u00e9s leg\u00edtimo en el almacenamiento de cookies para la prestaci\u00f3n optimizada y sin errores de sus servicios. En la medida en que se almacenen otras cookies (como cookies para analizar su comportamiento de navegaci\u00f3n), se tratar\u00e1n por separado en esta pol\u00edtica de privacidad.<\/p>\n<p><strong>los archivos de registro del servidor<\/strong><\/p>\n<p>El proveedor de las p\u00e1ginas recopila y almacena autom\u00e1ticamente la informaci\u00f3n en los llamados archivos de registro del servidor, que su navegador autom\u00e1ticamente nos transmite. Estos son:<\/p>\n<ul>\n<li>Tipo de navegador y versi\u00f3n de navegador<\/li>\n<li>sistema operativo usado<\/li>\n<li>URL de referencia<\/li>\n<li>Nombre de host de la computadora que accede<\/li>\n<li>Hora de la solicitud del servidor<\/li>\n<li>Direcci\u00f3n IP<\/li>\n<\/ul>\n<p>No se realizar\u00e1 una combinaci\u00f3n de estos datos con otras fuentes de datos.<\/p>\n<p>La base para el procesamiento de datos es el Art. 6 p\u00e1rrafo 1 lit. f DSGVO, que permite el procesamiento de datos para la ejecuci\u00f3n de un contrato o medidas precontractuales.<\/p>\n<p><strong>contacto<\/strong><\/p>\n<p>Si nos env\u00eda a trav\u00e9s del formulario de contacto solicita su informaci\u00f3n del formulario de consulta que incluye especificar d\u00f3nde se almacenan los datos de contacto para el procesamiento de la solicitud y en el caso de las preguntas de seguimiento con nosotros. No compartiremos esta informaci\u00f3n sin su consentimiento.<\/p>\n<p>El procesamiento de los datos introducidos en el contacto es por lo tanto el \u00fanico basado en su consentimiento (Art. 6 p\u00e1rr. 1 art DSGVO). Puede revocar este consentimiento en cualquier momento. Un mensaje informal por correo electr\u00f3nico es suficiente. La legalidad de las operaciones de procesamiento de datos llevadas a cabo hasta que la revocaci\u00f3n no se vea afectada por la revocaci\u00f3n.<\/p>\n<p>Los datos ingresados \u200b\u200bpor usted en el formulario de contacto permanecen con nosotros hasta que nos solicite su eliminaci\u00f3n, revoque su consentimiento para el almacenamiento o de r Se omite el prop\u00f3sito del almacenamiento de datos (por ejemplo, despu\u00e9s de completar el procesamiento de su solicitud). Las disposiciones legales obligatorias, especialmente los per\u00edodos de retenci\u00f3n, no se ver\u00e1n afectadas.<\/p>\n<h3><strong>4. Complementos y herramientas<\/strong><\/h3>\n<p><strong>YouTube<\/strong><\/p>\n<p>Nuestro sitio web utiliza complementos de la p\u00e1gina de YouTube con tecnolog\u00eda de Google. El operador del sitio es Google Ireland Limited (\u201eGoogle\u201c), Gordon House, Barrow Street, Dublin 4, Irland.<\/p>\n<p>Cuando visites uno de nuestros sitios habilitados para complementos de YouTube, estar\u00e1s conectado a los servidores de YouTube. Le dice al servidor de YouTube cu\u00e1l de nuestras p\u00e1ginas ha visitado.<\/p>\n<p>Si ha iniciado sesi\u00f3n en su cuenta de YouTube, YouTube le permitir\u00e1 asociar su comportamiento de navegaci\u00f3n directamente con su perfil personal. Puede evitar esto cerrando la sesi\u00f3n de su cuenta de YouTube.<\/p>\n<p>El uso de YouTube es de inter\u00e9s para una presentaci\u00f3n atractiva de nuestras ofertas en l\u00ednea. Esto constituye un inter\u00e9s leg\u00edtimo en el sentido del Art. 6 p\u00e1rrafo 1 lit. f DSGVO.<\/p>\n<p>Para obtener m\u00e1s informaci\u00f3n acerca de c\u00f3mo manejar los datos del usuario, consulte la Pol\u00edtica de privacidad de YouTube en https:\/\/www.google.com\/intl\/en\/policies\/privacy.<\/p>\n","protected":false},"excerpt":{"rendered":"<p><strong>1. Informaci\u00f3n general<\/strong><\/p>\n<p>Las siguientes notas ofrecen una descripci\u00f3n general simple de lo que sucede con su informaci\u00f3n personal cuando visita nuestro sitio web. Los datos personales son todos los datos que lo identifican personalmente. Puede encontrar informaci\u00f3n detallada sobre el tema de la protecci\u00f3n de datos en nuestra pol\u00edtica de privacidad que se incluye en este documento.<\/p>\n<p><span class=\"ellipsis\">&hellip;<\/span><\/p>\n<div class=\"read-more\"><a href=\"https:\/\/neue-herbold.com\/es\/privacidad-de-un-vistazo\/\">Leer m\u00e1s \u203a<\/a><\/div>\n<p><!-- end of .read-more --><\/p>\n","protected":false},"author":1,"featured_media":0,"parent":0,"menu_order":0,"comment_status":"closed","ping_status":"closed","template":"full-width-page.php","meta":{"footnotes":""},"class_list":["post-11825","page","type-page","status-publish","hentry"],"yoast_head":"<!-- This site is optimized with the Yoast SEO plugin v25.4 - https:\/\/yoast.com\/wordpress\/plugins\/seo\/ -->\n<title>Privacidad de un vistazo - Neue Herbold GmbH<\/title>\n<meta name=\"robots\" content=\"index, follow, max-snippet:-1, max-image-preview:large, max-video-preview:-1\" \/>\n<link rel=\"canonical\" href=\"https:\/\/neue-herbold.com\/es\/privacidad-de-un-vistazo\/\" \/>\n<meta property=\"og:locale\" content=\"es_ES\" \/>\n<meta property=\"og:type\" content=\"article\" \/>\n<meta property=\"og:title\" content=\"Privacidad de un vistazo - Neue Herbold GmbH\" \/>\n<meta property=\"og:description\" content=\"1. Informaci\u00f3n general Las siguientes notas ofrecen una descripci\u00f3n general simple de lo que sucede con su informaci\u00f3n personal cuando visita nuestro sitio web. Los datos personales son todos los datos que lo identifican personalmente. Puede encontrar informaci\u00f3n detallada sobre el tema de la protecci\u00f3n de datos en nuestra pol\u00edtica de privacidad que se incluye en este documento.&hellip;Leer m\u00e1s \u203a\" \/>\n<meta property=\"og:url\" content=\"https:\/\/neue-herbold.com\/es\/privacidad-de-un-vistazo\/\" \/>\n<meta property=\"og:site_name\" content=\"Neue Herbold GmbH\" \/>\n<meta property=\"article:modified_time\" content=\"2022-06-01T12:02:23+00:00\" \/>\n<meta name=\"twitter:label1\" content=\"Tiempo de lectura\" \/>\n\t<meta name=\"twitter:data1\" content=\"8 minutes\" \/>\n<script type=\"application\/ld+json\" class=\"yoast-schema-graph\">{\"@context\":\"https:\/\/schema.org\",\"@graph\":[{\"@type\":\"WebPage\",\"@id\":\"https:\/\/neue-herbold.com\/es\/privacidad-de-un-vistazo\/\",\"url\":\"https:\/\/neue-herbold.com\/es\/privacidad-de-un-vistazo\/\",\"name\":\"Privacidad de un vistazo - Neue Herbold GmbH\",\"isPartOf\":{\"@id\":\"https:\/\/neue-herbold.com\/en\/#website\"},\"datePublished\":\"2015-05-20T22:23:04+00:00\",\"dateModified\":\"2022-06-01T12:02:23+00:00\",\"breadcrumb\":{\"@id\":\"https:\/\/neue-herbold.com\/es\/privacidad-de-un-vistazo\/#breadcrumb\"},\"inLanguage\":\"es-ES\",\"potentialAction\":[{\"@type\":\"ReadAction\",\"target\":[\"https:\/\/neue-herbold.com\/es\/privacidad-de-un-vistazo\/\"]}]},{\"@type\":\"BreadcrumbList\",\"@id\":\"https:\/\/neue-herbold.com\/es\/privacidad-de-un-vistazo\/#breadcrumb\",\"itemListElement\":[{\"@type\":\"ListItem\",\"position\":1,\"name\":\"Startseite\",\"item\":\"https:\/\/neue-herbold.com\/es\/\"},{\"@type\":\"ListItem\",\"position\":2,\"name\":\"Privacidad de un vistazo\"}]},{\"@type\":\"WebSite\",\"@id\":\"https:\/\/neue-herbold.com\/en\/#website\",\"url\":\"https:\/\/neue-herbold.com\/en\/\",\"name\":\"Neue Herbold GmbH\",\"description\":\"\",\"potentialAction\":[{\"@type\":\"SearchAction\",\"target\":{\"@type\":\"EntryPoint\",\"urlTemplate\":\"https:\/\/neue-herbold.com\/en\/?s={search_term_string}\"},\"query-input\":{\"@type\":\"PropertyValueSpecification\",\"valueRequired\":true,\"valueName\":\"search_term_string\"}}],\"inLanguage\":\"es-ES\"}]}<\/script>\n<!-- \/ Yoast SEO plugin. -->","yoast_head_json":{"title":"Privacidad de un vistazo - Neue Herbold GmbH","robots":{"index":"index","follow":"follow","max-snippet":"max-snippet:-1","max-image-preview":"max-image-preview:large","max-video-preview":"max-video-preview:-1"},"canonical":"https:\/\/neue-herbold.com\/es\/privacidad-de-un-vistazo\/","og_locale":"es_ES","og_type":"article","og_title":"Privacidad de un vistazo - Neue Herbold GmbH","og_description":"1. Informaci\u00f3n general Las siguientes notas ofrecen una descripci\u00f3n general simple de lo que sucede con su informaci\u00f3n personal cuando visita nuestro sitio web. Los datos personales son todos los datos que lo identifican personalmente. Puede encontrar informaci\u00f3n detallada sobre el tema de la protecci\u00f3n de datos en nuestra pol\u00edtica de privacidad que se incluye en este documento.&hellip;Leer m\u00e1s \u203a","og_url":"https:\/\/neue-herbold.com\/es\/privacidad-de-un-vistazo\/","og_site_name":"Neue Herbold GmbH","article_modified_time":"2022-06-01T12:02:23+00:00","twitter_misc":{"Tiempo de lectura":"8 minutes"},"schema":{"@context":"https:\/\/schema.org","@graph":[{"@type":"WebPage","@id":"https:\/\/neue-herbold.com\/es\/privacidad-de-un-vistazo\/","url":"https:\/\/neue-herbold.com\/es\/privacidad-de-un-vistazo\/","name":"Privacidad de un vistazo - Neue Herbold GmbH","isPartOf":{"@id":"https:\/\/neue-herbold.com\/en\/#website"},"datePublished":"2015-05-20T22:23:04+00:00","dateModified":"2022-06-01T12:02:23+00:00","breadcrumb":{"@id":"https:\/\/neue-herbold.com\/es\/privacidad-de-un-vistazo\/#breadcrumb"},"inLanguage":"es-ES","potentialAction":[{"@type":"ReadAction","target":["https:\/\/neue-herbold.com\/es\/privacidad-de-un-vistazo\/"]}]},{"@type":"BreadcrumbList","@id":"https:\/\/neue-herbold.com\/es\/privacidad-de-un-vistazo\/#breadcrumb","itemListElement":[{"@type":"ListItem","position":1,"name":"Startseite","item":"https:\/\/neue-herbold.com\/es\/"},{"@type":"ListItem","position":2,"name":"Privacidad de un vistazo"}]},{"@type":"WebSite","@id":"https:\/\/neue-herbold.com\/en\/#website","url":"https:\/\/neue-herbold.com\/en\/","name":"Neue Herbold GmbH","description":"","potentialAction":[{"@type":"SearchAction","target":{"@type":"EntryPoint","urlTemplate":"https:\/\/neue-herbold.com\/en\/?s={search_term_string}"},"query-input":{"@type":"PropertyValueSpecification","valueRequired":true,"valueName":"search_term_string"}}],"inLanguage":"es-ES"}]}},"_links":{"self":[{"href":"https:\/\/neue-herbold.com\/es\/wp-json\/wp\/v2\/pages\/11825"}],"collection":[{"href":"https:\/\/neue-herbold.com\/es\/wp-json\/wp\/v2\/pages"}],"about":[{"href":"https:\/\/neue-herbold.com\/es\/wp-json\/wp\/v2\/types\/page"}],"author":[{"embeddable":true,"href":"https:\/\/neue-herbold.com\/es\/wp-json\/wp\/v2\/users\/1"}],"replies":[{"embeddable":true,"href":"https:\/\/neue-herbold.com\/es\/wp-json\/wp\/v2\/comments?post=11825"}],"version-history":[{"count":15,"href":"https:\/\/neue-herbold.com\/es\/wp-json\/wp\/v2\/pages\/11825\/revisions"}],"predecessor-version":[{"id":15997,"href":"https:\/\/neue-herbold.com\/es\/wp-json\/wp\/v2\/pages\/11825\/revisions\/15997"}],"wp:attachment":[{"href":"https:\/\/neue-herbold.com\/es\/wp-json\/wp\/v2\/media?parent=11825"}],"curies":[{"name":"wp","href":"https:\/\/api.w.org\/{rel}","templated":true}]}}