{"id":8345,"date":"2016-06-03T17:08:16","date_gmt":"2016-06-03T15:08:16","guid":{"rendered":"https:\/\/neue-herbold.com\/en\/saf\/"},"modified":"2016-07-13T13:54:38","modified_gmt":"2016-07-13T11:54:38","slug":"available-rotor-types-granulators","status":"publish","type":"page","link":"https:\/\/neue-herbold.com\/en\/available-rotor-types-granulators\/","title":{"rendered":"Available rotor types for our Granulators"},"content":{"rendered":"<p><span id=\"result_box\" class=\"\" lang=\"en\" tabindex=\"-1\">Since not every rotor is ideally suited for every task, the <strong>NEUE HERBOLD<\/strong> offers variants. So it is possible to meet the needs of our customers. The following list gives an overview of types and characteristics of these variants. In our detailed reference\u00a0\u00a0 numbers the design and the blade row number is included &#8211; for example: SM 600\/1000-S5-3.<br \/><\/span><\/p>\n<table>\n<tbody>\n<tr>\n<td><span style=\"color: #000000;\"><strong><em><span style=\"font-family: Arial; font-size: small;\"><span style=\"font-family: Arial; font-size: small;\">Rotor Design<\/span><\/span><\/em><\/strong><\/span><\/td>\n<td><span style=\"color: #000000;\"><em><strong><span style=\"font-family: Arial; font-size: small;\"><span style=\"font-family: Arial; font-size: small;\">Application<\/span><\/span><\/strong><\/em><\/span><\/td>\n<td>\u00a0<\/td>\n<\/tr>\n<tr>\n<td>\n<p><span style=\"font-family: Arial; font-size: small; color: #000000;\"><b><span style=\"font-family: Arial; font-size: small;\">Rotor design <\/span> L<\/b><\/span><\/p>\n<p><span style=\"font-family: Arial; font-size: small; color: #000000;\"><span style=\"font-family: Arial; font-size: small;\">Available rotor designs:<\/span><br \/> Typ L3<br \/> Typ L4<br \/> Typ L6<\/span><\/p>\n<\/td>\n<td>\n<p><span style=\"font-family: Arial; font-size: small; color: #000000;\"><span style=\"font-family: Arial; font-size: small;\">for size reduction of thin walled plastics, <br \/> hollow products, runners and sprues <br \/> as well as thin film<\/span><br \/> <\/span><\/p>\n<\/td>\n<td><span style=\"color: #000000;\"><a style=\"color: #000000;\" href=\"https:\/\/neue-herbold.com\/wp-content\/uploads\/2014\/11\/rotortypen-L.jpg\"><img loading=\"lazy\" decoding=\"async\" class=\"alignnone  wp-image-2197\" src=\"https:\/\/neue-herbold.com\/wp-content\/uploads\/2014\/11\/rotortypen-L.jpg\" alt=\"rotortypen-L\" width=\"270\" height=\"203\" srcset=\"https:\/\/neue-herbold.com\/wp-content\/uploads\/2014\/11\/rotortypen-L.jpg 283w, https:\/\/neue-herbold.com\/wp-content\/uploads\/2014\/11\/rotortypen-L-100x75.jpg 100w, https:\/\/neue-herbold.com\/wp-content\/uploads\/2014\/11\/rotortypen-L-150x112.jpg 150w, https:\/\/neue-herbold.com\/wp-content\/uploads\/2014\/11\/rotortypen-L-200x150.jpg 200w\" sizes=\"(max-width: 270px) 100vw, 270px\" \/><\/a><\/span><\/td>\n<\/tr>\n<tr>\n<td>\n<p><span style=\"font-family: Arial; font-size: small; color: #000000;\"><b><span style=\"font-family: Arial; font-size: small;\">Rotor design<\/span> S<\/b><\/span><\/p>\n<p><span style=\"font-family: Arial; font-size: small; color: #000000;\"><span style=\"font-family: Arial; font-size: small;\">Available rotor designs:<\/span><br \/> Typ S3<br \/> Typ S5<br \/> Typ S7<br \/> Typ S9<\/span><\/p>\n<\/td>\n<td>\n<p><span style=\"font-family: Arial; font-size: small; color: #000000;\"><span style=\"font-family: Arial; font-size: small;\">for size reduction of medium weight <br \/> plastics like canisters, bottle crates, etc.<\/span><br \/> <\/span><\/p>\n<\/td>\n<td><span style=\"color: #000000;\"><a style=\"color: #000000;\" href=\"https:\/\/neue-herbold.com\/wp-content\/uploads\/2014\/11\/rotortypen_S.jpg\"><img loading=\"lazy\" decoding=\"async\" class=\"alignnone  wp-image-2199\" src=\"https:\/\/neue-herbold.com\/wp-content\/uploads\/2014\/11\/rotortypen_S-300x220.jpg\" alt=\"rotortypen_S\" width=\"270\" height=\"198\" srcset=\"https:\/\/neue-herbold.com\/wp-content\/uploads\/2014\/11\/rotortypen_S-300x220.jpg 300w, https:\/\/neue-herbold.com\/wp-content\/uploads\/2014\/11\/rotortypen_S-100x73.jpg 100w, https:\/\/neue-herbold.com\/wp-content\/uploads\/2014\/11\/rotortypen_S-150x110.jpg 150w, https:\/\/neue-herbold.com\/wp-content\/uploads\/2014\/11\/rotortypen_S-200x147.jpg 200w, https:\/\/neue-herbold.com\/wp-content\/uploads\/2014\/11\/rotortypen_S.jpg 310w\" sizes=\"(max-width: 270px) 100vw, 270px\" \/><\/a><\/span><\/td>\n<\/tr>\n<tr>\n<td>\n<p><span style=\"font-family: Arial; font-size: small; color: #000000;\"><b><span style=\"font-family: Arial; font-size: small;\">Rotor design<\/span> SP<\/b><\/span><\/p>\n<p><span style=\"font-family: Arial; font-size: small; color: #000000;\"><span style=\"font-family: Arial; font-size: small;\">Available rotor designs:<\/span><br \/> Typ SP5<br \/> Typ SP7<br \/> Typ SP9<\/span><\/p>\n<\/td>\n<td><span style=\"font-family: Arial; font-size: small; color: #000000;\"><span style=\"font-family: Arial; font-size: small;\">V-shaped design, for size reduction of film<\/span><\/span><\/td>\n<td><span style=\"color: #000000;\"><a style=\"color: #000000;\" href=\"https:\/\/neue-herbold.com\/wp-content\/uploads\/2014\/11\/rotortypen-SP.jpg\"><img loading=\"lazy\" decoding=\"async\" class=\"alignnone  wp-image-2200\" src=\"https:\/\/neue-herbold.com\/wp-content\/uploads\/2014\/11\/rotortypen-SP.jpg\" alt=\"rotortypen-SP\" width=\"270\" height=\"235\" srcset=\"https:\/\/neue-herbold.com\/wp-content\/uploads\/2014\/11\/rotortypen-SP.jpg 292w, https:\/\/neue-herbold.com\/wp-content\/uploads\/2014\/11\/rotortypen-SP-100x86.jpg 100w, https:\/\/neue-herbold.com\/wp-content\/uploads\/2014\/11\/rotortypen-SP-150x130.jpg 150w, https:\/\/neue-herbold.com\/wp-content\/uploads\/2014\/11\/rotortypen-SP-200x173.jpg 200w\" sizes=\"(max-width: 270px) 100vw, 270px\" \/><\/a><\/span><\/td>\n<\/tr>\n<tr>\n<td>\n<p><span style=\"font-family: Arial; font-size: small; color: #000000;\"><b><span style=\"font-family: Arial; font-size: small;\">Rotor design <\/span>SX<\/b><\/span><\/p>\n<\/td>\n<td><span style=\"color: #000000; font-family: Arial; font-size: small;\"><span style=\"color: #000000; font-family: Arial; font-size: small;\">the application field ranges from size <br \/> reduction of film, filaments, PP-big-bags, <br \/> bottle crates or hollow products up to <br \/> the recycling of BOPP\/BOPET\/PP<\/span><\/span><\/td>\n<td><span style=\"color: #000000;\"><a style=\"color: #000000;\" href=\"https:\/\/neue-herbold.com\/wp-content\/uploads\/2014\/11\/rotortypenSX.jpg\"><img loading=\"lazy\" decoding=\"async\" class=\"alignnone  wp-image-2201\" src=\"https:\/\/neue-herbold.com\/wp-content\/uploads\/2014\/11\/rotortypenSX-300x217.jpg\" alt=\"rotortypenSX\" width=\"270\" height=\"195\" srcset=\"https:\/\/neue-herbold.com\/wp-content\/uploads\/2014\/11\/rotortypenSX-300x217.jpg 300w, https:\/\/neue-herbold.com\/wp-content\/uploads\/2014\/11\/rotortypenSX-100x72.jpg 100w, https:\/\/neue-herbold.com\/wp-content\/uploads\/2014\/11\/rotortypenSX-150x108.jpg 150w, https:\/\/neue-herbold.com\/wp-content\/uploads\/2014\/11\/rotortypenSX-200x144.jpg 200w, https:\/\/neue-herbold.com\/wp-content\/uploads\/2014\/11\/rotortypenSX.jpg 312w\" sizes=\"(max-width: 270px) 100vw, 270px\" \/><\/a><\/span><\/td>\n<\/tr>\n<tr>\n<td>\n<p><span style=\"font-family: Arial; font-size: small; color: #000000;\"><b><span style=\"font-family: Arial; font-size: small;\">Rotor design <\/span>H<\/b><\/span><\/p>\n<p><span style=\"font-family: Arial; font-size: small; color: #000000;\"><span style=\"font-family: Arial; font-size: small;\">Available rotor designs:<\/span><br \/> Typ H3<br \/> Typ H5<br \/> Typ H7<br \/> Typ H9<\/span><\/p>\n<\/td>\n<td><span style=\"font-family: Arial; font-size: small; color: #000000;\"><span style=\"font-family: Arial; font-size: small;\">for size reduction of thick walled plates, <br \/> medium thick pipe etc.<\/span><\/span><\/td>\n<td><span style=\"color: #000000;\"><a style=\"color: #000000;\" href=\"https:\/\/neue-herbold.com\/wp-content\/uploads\/2014\/11\/rotortypen-H.jpg\"><img loading=\"lazy\" decoding=\"async\" class=\"alignnone  wp-image-2202\" src=\"https:\/\/neue-herbold.com\/wp-content\/uploads\/2014\/11\/rotortypen-H-300x242.jpg\" alt=\"rotortypen-H\" width=\"270\" height=\"218\" srcset=\"https:\/\/neue-herbold.com\/wp-content\/uploads\/2014\/11\/rotortypen-H-300x242.jpg 300w, https:\/\/neue-herbold.com\/wp-content\/uploads\/2014\/11\/rotortypen-H-100x80.jpg 100w, https:\/\/neue-herbold.com\/wp-content\/uploads\/2014\/11\/rotortypen-H-150x121.jpg 150w, https:\/\/neue-herbold.com\/wp-content\/uploads\/2014\/11\/rotortypen-H-200x161.jpg 200w, https:\/\/neue-herbold.com\/wp-content\/uploads\/2014\/11\/rotortypen-H.jpg 314w\" sizes=\"(max-width: 270px) 100vw, 270px\" \/><\/a><\/span><\/td>\n<\/tr>\n<tr>\n<td>\n<p><span style=\"font-family: Arial; font-size: small; color: #000000;\"><b><span style=\"font-family: Arial; font-size: small;\">Rotor design <\/span>HV<\/b><\/span><\/p>\n<p><span style=\"font-family: Arial; font-size: small; color: #000000;\"><span style=\"font-family: Arial; font-size: small;\">Available rotor designs:<\/span><br \/> Typ N5<br \/> Typ N7<br \/> Typ N9<\/span><\/p>\n<\/td>\n<td><span style=\"font-family: Arial; font-size: small; color: #000000;\"><span style=\"font-family: Arial; font-size: small;\">for size reduction of solid plastics like <br \/> start-up lumps, thick walled plastics etc.<\/span><\/span><\/td>\n<td><span style=\"color: #000000;\"><a style=\"color: #000000;\" href=\"https:\/\/neue-herbold.com\/wp-content\/uploads\/2014\/11\/rotortypen-HV.jpg\"><img loading=\"lazy\" decoding=\"async\" class=\"alignnone  wp-image-2203\" src=\"https:\/\/neue-herbold.com\/wp-content\/uploads\/2014\/11\/rotortypen-HV.jpg\" alt=\"rotortypen-HV\" width=\"272\" height=\"218\" srcset=\"https:\/\/neue-herbold.com\/wp-content\/uploads\/2014\/11\/rotortypen-HV.jpg 283w, https:\/\/neue-herbold.com\/wp-content\/uploads\/2014\/11\/rotortypen-HV-100x80.jpg 100w, https:\/\/neue-herbold.com\/wp-content\/uploads\/2014\/11\/rotortypen-HV-150x120.jpg 150w, https:\/\/neue-herbold.com\/wp-content\/uploads\/2014\/11\/rotortypen-HV-200x160.jpg 200w\" sizes=\"(max-width: 272px) 100vw, 272px\" \/><\/a><\/span><\/td>\n<\/tr>\n<tr>\n<td>\n<p><span style=\"font-family: Arial; font-size: small; color: #000000;\"><b><span style=\"font-family: Arial; font-size: small;\">Rotor design <\/span>N<\/b><\/span><\/p>\n<p><span style=\"font-family: Arial; font-size: small; color: #000000;\"><span style=\"font-family: Arial; font-size: small;\">Available rotor designs:<\/span><br \/> Typ N5<br \/> Typ N7<br \/> Typ N9<\/span><\/p>\n<\/td>\n<td>\n<p><span style=\"font-family: Arial; font-size: small; color: #000000;\"><span style=\"font-family: Arial; font-size: small;\">especially for size reduction of plastics <br \/> with metal components and soiled post <br \/> consumer waste<\/span><br \/> <\/span><\/p>\n<\/td>\n<td><span style=\"color: #000000;\"><a style=\"color: #000000;\" href=\"https:\/\/neue-herbold.com\/wp-content\/uploads\/2014\/11\/rotortypen-N.jpg\"><img loading=\"lazy\" decoding=\"async\" class=\"alignnone  wp-image-2204\" src=\"https:\/\/neue-herbold.com\/wp-content\/uploads\/2014\/11\/rotortypen-N.jpg\" alt=\"rotortypen-N\" width=\"272\" height=\"218\" srcset=\"https:\/\/neue-herbold.com\/wp-content\/uploads\/2014\/11\/rotortypen-N.jpg 283w, https:\/\/neue-herbold.com\/wp-content\/uploads\/2014\/11\/rotortypen-N-100x80.jpg 100w, https:\/\/neue-herbold.com\/wp-content\/uploads\/2014\/11\/rotortypen-N-150x120.jpg 150w, https:\/\/neue-herbold.com\/wp-content\/uploads\/2014\/11\/rotortypen-N-200x160.jpg 200w\" sizes=\"(max-width: 272px) 100vw, 272px\" \/><\/a><\/span><\/td>\n<\/tr>\n<tr>\n<td>\n<p><span style=\"font-family: Arial; font-size: small; color: #000000;\"><b><span style=\"font-family: Arial; font-size: small;\">Rotor design <\/span>F<\/b><\/span><\/p>\n<p><span style=\"font-family: Arial; font-size: small; color: #000000;\"><span style=\"font-family: Arial; font-size: small;\">Available rotor designs:<\/span><br \/> Typ F9<br \/> Typ FP12<\/span><\/p>\n<\/td>\n<td><span style=\"font-family: Arial; font-size: small; color: #000000;\"><span style=\"font-family: Arial; font-size: small;\">especially designed rotor for the <br \/> size reduction of window profile<\/span><\/span><\/td>\n<td><span style=\"color: #000000;\"><a style=\"color: #000000;\" href=\"https:\/\/neue-herbold.com\/wp-content\/uploads\/2014\/11\/rotortypen-F.jpg\"><img loading=\"lazy\" decoding=\"async\" class=\"alignnone  wp-image-2205\" src=\"https:\/\/neue-herbold.com\/wp-content\/uploads\/2014\/11\/rotortypen-F-206x300.jpg\" alt=\"rotortypen-F\" width=\"190\" height=\"277\" srcset=\"https:\/\/neue-herbold.com\/wp-content\/uploads\/2014\/11\/rotortypen-F-206x300.jpg 206w, https:\/\/neue-herbold.com\/wp-content\/uploads\/2014\/11\/rotortypen-F-100x145.jpg 100w, https:\/\/neue-herbold.com\/wp-content\/uploads\/2014\/11\/rotortypen-F-200x290.jpg 200w, https:\/\/neue-herbold.com\/wp-content\/uploads\/2014\/11\/rotortypen-F.jpg 215w\" sizes=\"(max-width: 190px) 100vw, 190px\" \/><\/a><\/span><\/td>\n<\/tr>\n<tr>\n<td>\n<p><span style=\"font-family: Arial; font-size: small; color: #000000;\"><b><span style=\"font-family: Arial; font-size: small;\">Rotor design <\/span>G<br \/> <\/b><\/span><\/p>\n<p><span style=\"font-family: Arial; font-size: small; color: #000000;\"><span style=\"font-family: Arial; font-size: small;\">Available rotor designs:<\/span><br \/> Typ G3<br \/> Typ G4<\/span><\/p>\n<\/td>\n<td><span style=\"font-family: Arial; font-size: small; color: #000000;\"><span style=\"font-family: Arial; font-size: small;\">special rotor for size reduction of fibres <br \/> and temperature susceptible materials <br \/> like rubber, etc.<\/span><\/span><\/td>\n<td><span style=\"color: #000000;\"><a style=\"color: #000000;\" href=\"https:\/\/neue-herbold.com\/wp-content\/uploads\/2014\/11\/rotortypen_G.jpg\"><img loading=\"lazy\" decoding=\"async\" class=\"alignnone  wp-image-2208\" src=\"https:\/\/neue-herbold.com\/wp-content\/uploads\/2014\/11\/rotortypen_G.jpg\" alt=\"rotortypen_G\" width=\"270\" height=\"216\" srcset=\"https:\/\/neue-herbold.com\/wp-content\/uploads\/2014\/11\/rotortypen_G.jpg 292w, https:\/\/neue-herbold.com\/wp-content\/uploads\/2014\/11\/rotortypen_G-100x80.jpg 100w, https:\/\/neue-herbold.com\/wp-content\/uploads\/2014\/11\/rotortypen_G-150x120.jpg 150w, https:\/\/neue-herbold.com\/wp-content\/uploads\/2014\/11\/rotortypen_G-200x160.jpg 200w\" sizes=\"(max-width: 270px) 100vw, 270px\" \/><\/a><\/span><\/td>\n<\/tr>\n<tr>\n<td>\n<p><span style=\"font-family: Arial; font-size: small; color: #000000;\"><b><span style=\"font-family: Arial; font-size: small;\">Rotor design <\/span>A<\/b><\/span><\/p>\n<p><span style=\"font-family: Arial; font-size: small; color: #000000;\"><span style=\"font-family: Arial; font-size: small;\">Available rotor designs:<\/span><br \/> Typ A6<br \/> Typ A8<br \/> Typ A12<\/span><\/p>\n<\/td>\n<td><span style=\"font-family: Arial; font-size: small; color: #000000;\"><span style=\"font-family: Arial; font-size: small;\">for size reduction of thick walled plates and pipes<\/span><\/span><\/td>\n<td><span style=\"color: #000000;\"><a style=\"color: #000000;\" href=\"https:\/\/neue-herbold.com\/wp-content\/uploads\/2014\/11\/rotortypen-A.jpg\"><img loading=\"lazy\" decoding=\"async\" class=\"alignnone  wp-image-2209\" src=\"https:\/\/neue-herbold.com\/wp-content\/uploads\/2014\/11\/rotortypen-A.jpg\" alt=\"rotortypen-A\" width=\"270\" height=\"180\" srcset=\"https:\/\/neue-herbold.com\/wp-content\/uploads\/2014\/11\/rotortypen-A.jpg 283w, https:\/\/neue-herbold.com\/wp-content\/uploads\/2014\/11\/rotortypen-A-100x66.jpg 100w, https:\/\/neue-herbold.com\/wp-content\/uploads\/2014\/11\/rotortypen-A-150x100.jpg 150w, https:\/\/neue-herbold.com\/wp-content\/uploads\/2014\/11\/rotortypen-A-200x133.jpg 200w\" sizes=\"(max-width: 270px) 100vw, 270px\" \/><\/a><\/span><\/td>\n<\/tr>\n<tr>\n<td>\n<p><span style=\"font-family: Arial; font-size: small; color: #000000;\"><b><span style=\"font-family: Arial; font-size: small;\">Rotor design <\/span>M<\/b><\/span><\/p>\n<p><span style=\"font-family: Arial; font-size: small; color: #000000;\"><span style=\"font-family: Arial; font-size: small;\">Available rotor designs:<\/span><br \/> Typ M3<br \/> Typ M5<\/span><\/p>\n<\/td>\n<td><span style=\"font-family: Arial; font-size: small; color: #000000;\"><span style=\"font-family: Arial; font-size: small;\">wrought rotor designed for size reduction of <br \/> extremely hard plastics like pipes and plates<\/span><\/span><\/td>\n<td>\u00a0<\/td>\n<\/tr>\n<tr>\n<td>\n<p><span style=\"font-family: Arial; font-size: small; color: #000000;\"><b><span style=\"font-family: Arial; font-size: small;\"><span style=\"font-family: Arial; font-size: small;\">Rotor design <\/span>HM<\/span><\/b><\/span><\/p>\n<p>&nbsp;<\/p>\n<\/td>\n<td><span style=\"font-family: Arial; font-size: small; color: #000000;\"><span style=\"font-family: Arial; font-size: small;\"><span style=\"font-family: Arial; font-size: small;\">hammer-mill rotor for size reduction of glass <br \/> wool, rock wool and brittle plastics<\/span><\/span><\/span><\/td>\n<td><span style=\"color: #000000;\"><a style=\"color: #000000;\" href=\"https:\/\/neue-herbold.com\/wp-content\/uploads\/2014\/11\/rotortypen-HM.jpg\"><img loading=\"lazy\" decoding=\"async\" class=\"alignnone  wp-image-2210\" src=\"https:\/\/neue-herbold.com\/wp-content\/uploads\/2014\/11\/rotortypen-HM-300x225.jpg\" alt=\"rotortypen-HM\" width=\"271\" height=\"203\" srcset=\"https:\/\/neue-herbold.com\/wp-content\/uploads\/2014\/11\/rotortypen-HM-300x225.jpg 300w, https:\/\/neue-herbold.com\/wp-content\/uploads\/2014\/11\/rotortypen-HM-100x75.jpg 100w, https:\/\/neue-herbold.com\/wp-content\/uploads\/2014\/11\/rotortypen-HM-150x112.jpg 150w, https:\/\/neue-herbold.com\/wp-content\/uploads\/2014\/11\/rotortypen-HM-200x150.jpg 200w, https:\/\/neue-herbold.com\/wp-content\/uploads\/2014\/11\/rotortypen-HM.jpg 334w\" sizes=\"(max-width: 271px) 100vw, 271px\" \/><\/a><\/span><\/td>\n<\/tr>\n<\/tbody>\n<\/table>\n<p>&nbsp;<\/p>\n","protected":false},"excerpt":{"rendered":"<p><span id=\"result_box\" class=\"\" lang=\"en\" tabindex=\"-1\">Since not every rotor is ideally suited for every task, the <strong>NEUE HERBOLD<\/strong> offers variants. So it is possible to meet the needs of our customers. The following list gives an overview of types and characteristics of these variants.<\/span><\/p>\n<p><span class=\"ellipsis\">&hellip;<\/span><\/p>\n<div class=\"read-more\"><a href=\"https:\/\/neue-herbold.com\/en\/available-rotor-types-granulators\/\">Read more &#8250;<\/a><\/div>\n<p><!-- end of .read-more --><\/p>\n","protected":false},"author":1,"featured_media":0,"parent":0,"menu_order":0,"comment_status":"closed","ping_status":"closed","template":"","meta":{"footnotes":""},"class_list":["post-8345","page","type-page","status-publish","hentry"],"yoast_head":"<!-- This site is optimized with the Yoast SEO plugin v25.4 - https:\/\/yoast.com\/wordpress\/plugins\/seo\/ -->\n<title>Available rotor types for our Granulators - Neue Herbold GmbH<\/title>\n<meta name=\"description\" content=\"Nicht jeder Rotor ist f\u00fcr jede Aufgabenstellung geeignet. Nachstehende Auftlistung gibt einen \u00dcberblick \u00fcber Bauformen und Merkmale der Rotorvarianten\" \/>\n<meta name=\"robots\" content=\"index, follow, max-snippet:-1, max-image-preview:large, max-video-preview:-1\" \/>\n<link rel=\"canonical\" href=\"https:\/\/neue-herbold.com\/en\/available-rotor-types-granulators\/\" \/>\n<meta property=\"og:locale\" content=\"en_US\" \/>\n<meta property=\"og:type\" content=\"article\" \/>\n<meta property=\"og:title\" content=\"Available rotor types for our Granulators - Neue Herbold GmbH\" \/>\n<meta property=\"og:description\" content=\"Nicht jeder Rotor ist f\u00fcr jede Aufgabenstellung geeignet. Nachstehende Auftlistung gibt einen \u00dcberblick \u00fcber Bauformen und Merkmale der Rotorvarianten\" \/>\n<meta property=\"og:url\" content=\"https:\/\/neue-herbold.com\/en\/available-rotor-types-granulators\/\" \/>\n<meta property=\"og:site_name\" content=\"Neue Herbold GmbH\" \/>\n<meta property=\"article:modified_time\" content=\"2016-07-13T11:54:38+00:00\" \/>\n<meta property=\"og:image\" content=\"https:\/\/neue-herbold.com\/wp-content\/uploads\/2014\/11\/rotortypen-L.jpg\" \/>\n<meta name=\"twitter:label1\" content=\"Est. reading time\" \/>\n\t<meta name=\"twitter:data1\" content=\"2 minutes\" \/>\n<script type=\"application\/ld+json\" class=\"yoast-schema-graph\">{\"@context\":\"https:\/\/schema.org\",\"@graph\":[{\"@type\":\"WebPage\",\"@id\":\"https:\/\/neue-herbold.com\/en\/available-rotor-types-granulators\/\",\"url\":\"https:\/\/neue-herbold.com\/en\/available-rotor-types-granulators\/\",\"name\":\"Available rotor types for our Granulators - Neue Herbold GmbH\",\"isPartOf\":{\"@id\":\"https:\/\/neue-herbold.com\/en\/#website\"},\"primaryImageOfPage\":{\"@id\":\"https:\/\/neue-herbold.com\/en\/available-rotor-types-granulators\/#primaryimage\"},\"image\":{\"@id\":\"https:\/\/neue-herbold.com\/en\/available-rotor-types-granulators\/#primaryimage\"},\"thumbnailUrl\":\"https:\/\/neue-herbold.com\/wp-content\/uploads\/2014\/11\/rotortypen-L.jpg\",\"datePublished\":\"2016-06-03T15:08:16+00:00\",\"dateModified\":\"2016-07-13T11:54:38+00:00\",\"description\":\"Nicht jeder Rotor ist f\u00fcr jede Aufgabenstellung geeignet. Nachstehende Auftlistung gibt einen \u00dcberblick \u00fcber Bauformen und Merkmale der Rotorvarianten\",\"breadcrumb\":{\"@id\":\"https:\/\/neue-herbold.com\/en\/available-rotor-types-granulators\/#breadcrumb\"},\"inLanguage\":\"en-US\",\"potentialAction\":[{\"@type\":\"ReadAction\",\"target\":[\"https:\/\/neue-herbold.com\/en\/available-rotor-types-granulators\/\"]}]},{\"@type\":\"ImageObject\",\"inLanguage\":\"en-US\",\"@id\":\"https:\/\/neue-herbold.com\/en\/available-rotor-types-granulators\/#primaryimage\",\"url\":\"https:\/\/neue-herbold.com\/wp-content\/uploads\/2014\/11\/rotortypen-L.jpg\",\"contentUrl\":\"https:\/\/neue-herbold.com\/wp-content\/uploads\/2014\/11\/rotortypen-L.jpg\"},{\"@type\":\"BreadcrumbList\",\"@id\":\"https:\/\/neue-herbold.com\/en\/available-rotor-types-granulators\/#breadcrumb\",\"itemListElement\":[{\"@type\":\"ListItem\",\"position\":1,\"name\":\"Startseite\",\"item\":\"https:\/\/neue-herbold.com\/en\/\"},{\"@type\":\"ListItem\",\"position\":2,\"name\":\"Available rotor types for our Granulators\"}]},{\"@type\":\"WebSite\",\"@id\":\"https:\/\/neue-herbold.com\/en\/#website\",\"url\":\"https:\/\/neue-herbold.com\/en\/\",\"name\":\"Neue Herbold GmbH\",\"description\":\"\",\"potentialAction\":[{\"@type\":\"SearchAction\",\"target\":{\"@type\":\"EntryPoint\",\"urlTemplate\":\"https:\/\/neue-herbold.com\/en\/?s={search_term_string}\"},\"query-input\":{\"@type\":\"PropertyValueSpecification\",\"valueRequired\":true,\"valueName\":\"search_term_string\"}}],\"inLanguage\":\"en-US\"}]}<\/script>\n<!-- \/ Yoast SEO plugin. -->","yoast_head_json":{"title":"Available rotor types for our Granulators - Neue Herbold GmbH","description":"Nicht jeder Rotor ist f\u00fcr jede Aufgabenstellung geeignet. Nachstehende Auftlistung gibt einen \u00dcberblick \u00fcber Bauformen und Merkmale der Rotorvarianten","robots":{"index":"index","follow":"follow","max-snippet":"max-snippet:-1","max-image-preview":"max-image-preview:large","max-video-preview":"max-video-preview:-1"},"canonical":"https:\/\/neue-herbold.com\/en\/available-rotor-types-granulators\/","og_locale":"en_US","og_type":"article","og_title":"Available rotor types for our Granulators - Neue Herbold GmbH","og_description":"Nicht jeder Rotor ist f\u00fcr jede Aufgabenstellung geeignet. Nachstehende Auftlistung gibt einen \u00dcberblick \u00fcber Bauformen und Merkmale der Rotorvarianten","og_url":"https:\/\/neue-herbold.com\/en\/available-rotor-types-granulators\/","og_site_name":"Neue Herbold GmbH","article_modified_time":"2016-07-13T11:54:38+00:00","og_image":[{"url":"https:\/\/neue-herbold.com\/wp-content\/uploads\/2014\/11\/rotortypen-L.jpg","type":"","width":"","height":""}],"twitter_misc":{"Est. reading time":"2 minutes"},"schema":{"@context":"https:\/\/schema.org","@graph":[{"@type":"WebPage","@id":"https:\/\/neue-herbold.com\/en\/available-rotor-types-granulators\/","url":"https:\/\/neue-herbold.com\/en\/available-rotor-types-granulators\/","name":"Available rotor types for our Granulators - Neue Herbold GmbH","isPartOf":{"@id":"https:\/\/neue-herbold.com\/en\/#website"},"primaryImageOfPage":{"@id":"https:\/\/neue-herbold.com\/en\/available-rotor-types-granulators\/#primaryimage"},"image":{"@id":"https:\/\/neue-herbold.com\/en\/available-rotor-types-granulators\/#primaryimage"},"thumbnailUrl":"https:\/\/neue-herbold.com\/wp-content\/uploads\/2014\/11\/rotortypen-L.jpg","datePublished":"2016-06-03T15:08:16+00:00","dateModified":"2016-07-13T11:54:38+00:00","description":"Nicht jeder Rotor ist f\u00fcr jede Aufgabenstellung geeignet. Nachstehende Auftlistung gibt einen \u00dcberblick \u00fcber Bauformen und Merkmale der Rotorvarianten","breadcrumb":{"@id":"https:\/\/neue-herbold.com\/en\/available-rotor-types-granulators\/#breadcrumb"},"inLanguage":"en-US","potentialAction":[{"@type":"ReadAction","target":["https:\/\/neue-herbold.com\/en\/available-rotor-types-granulators\/"]}]},{"@type":"ImageObject","inLanguage":"en-US","@id":"https:\/\/neue-herbold.com\/en\/available-rotor-types-granulators\/#primaryimage","url":"https:\/\/neue-herbold.com\/wp-content\/uploads\/2014\/11\/rotortypen-L.jpg","contentUrl":"https:\/\/neue-herbold.com\/wp-content\/uploads\/2014\/11\/rotortypen-L.jpg"},{"@type":"BreadcrumbList","@id":"https:\/\/neue-herbold.com\/en\/available-rotor-types-granulators\/#breadcrumb","itemListElement":[{"@type":"ListItem","position":1,"name":"Startseite","item":"https:\/\/neue-herbold.com\/en\/"},{"@type":"ListItem","position":2,"name":"Available rotor types for our Granulators"}]},{"@type":"WebSite","@id":"https:\/\/neue-herbold.com\/en\/#website","url":"https:\/\/neue-herbold.com\/en\/","name":"Neue Herbold GmbH","description":"","potentialAction":[{"@type":"SearchAction","target":{"@type":"EntryPoint","urlTemplate":"https:\/\/neue-herbold.com\/en\/?s={search_term_string}"},"query-input":{"@type":"PropertyValueSpecification","valueRequired":true,"valueName":"search_term_string"}}],"inLanguage":"en-US"}]}},"_links":{"self":[{"href":"https:\/\/neue-herbold.com\/en\/wp-json\/wp\/v2\/pages\/8345"}],"collection":[{"href":"https:\/\/neue-herbold.com\/en\/wp-json\/wp\/v2\/pages"}],"about":[{"href":"https:\/\/neue-herbold.com\/en\/wp-json\/wp\/v2\/types\/page"}],"author":[{"embeddable":true,"href":"https:\/\/neue-herbold.com\/en\/wp-json\/wp\/v2\/users\/1"}],"replies":[{"embeddable":true,"href":"https:\/\/neue-herbold.com\/en\/wp-json\/wp\/v2\/comments?post=8345"}],"version-history":[{"count":8,"href":"https:\/\/neue-herbold.com\/en\/wp-json\/wp\/v2\/pages\/8345\/revisions"}],"predecessor-version":[{"id":10099,"href":"https:\/\/neue-herbold.com\/en\/wp-json\/wp\/v2\/pages\/8345\/revisions\/10099"}],"wp:attachment":[{"href":"https:\/\/neue-herbold.com\/en\/wp-json\/wp\/v2\/media?parent=8345"}],"curies":[{"name":"wp","href":"https:\/\/api.w.org\/{rel}","templated":true}]}}