{"id":9956,"date":"2016-06-23T13:44:21","date_gmt":"2016-06-23T11:44:21","guid":{"rendered":"https:\/\/neue-herbold.com\/de\/?page_id=9956"},"modified":"2019-10-16T14:44:11","modified_gmt":"2019-10-16T12:44:11","slug":"rohrmuehlen-und-profilmuehlen-sr","status":"publish","type":"page","link":"https:\/\/neue-herbold.com\/de\/rohrmuehlen-und-profilmuehlen-sr\/","title":{"rendered":"Rohrm\u00fchlen und Profilm\u00fchlen SR"},"content":{"rendered":"<p><a href=\"https:\/\/neue-herbold.com\/wp-content\/uploads\/2014\/11\/SR800_600A4_2_98IVF.jpg\" target=\"_blank\" rel=\"noopener noreferrer\"><img loading=\"lazy\" decoding=\"async\" class=\"alignright wp-image-2943\" src=\"https:\/\/neue-herbold.com\/wp-content\/uploads\/2014\/11\/SR800_600A4_2_98IVF-1024x654.jpg\" alt=\"Rohr\u00fchle SR 800\/600\" width=\"517\" height=\"329\" srcset=\"https:\/\/neue-herbold.com\/wp-content\/uploads\/2014\/11\/SR800_600A4_2_98IVF-1024x654.jpg 1024w, https:\/\/neue-herbold.com\/wp-content\/uploads\/2014\/11\/SR800_600A4_2_98IVF-300x191.jpg 300w, https:\/\/neue-herbold.com\/wp-content\/uploads\/2014\/11\/SR800_600A4_2_98IVF-100x63.jpg 100w, https:\/\/neue-herbold.com\/wp-content\/uploads\/2014\/11\/SR800_600A4_2_98IVF-150x95.jpg 150w, https:\/\/neue-herbold.com\/wp-content\/uploads\/2014\/11\/SR800_600A4_2_98IVF-200x127.jpg 200w, https:\/\/neue-herbold.com\/wp-content\/uploads\/2014\/11\/SR800_600A4_2_98IVF-450x287.jpg 450w, https:\/\/neue-herbold.com\/wp-content\/uploads\/2014\/11\/SR800_600A4_2_98IVF-600x383.jpg 600w, https:\/\/neue-herbold.com\/wp-content\/uploads\/2014\/11\/SR800_600A4_2_98IVF-900x575.jpg 900w, https:\/\/neue-herbold.com\/wp-content\/uploads\/2014\/11\/SR800_600A4_2_98IVF.jpg 1419w\" sizes=\"(max-width: 517px) 100vw, 517px\" \/><\/a><em><strong>Einsatzgebiet der NEUE HERBOLD <br \/>\nRohrm\u00fchle Profilm\u00fchle SR<br \/>\n<\/strong><\/em><\/p>\n<p>Mit der <span style=\"color: #000000;\"><strong>NEUE HERBOLD<\/strong><\/span> Schneidm\u00fchlen der Baureihen SR ist es m\u00f6glich, dicke, lange Rohre und Profile zu zerkleinern. Durch die horizontale Beschickung, werden lange Profile oder Rohre ohne Umlenkung und ohne Vors\u00e4gen verarbeitet.<\/p>\n<p>Die Rohrm\u00fchle SR ist konzipiert f\u00fcr l\u00e4rmd\u00e4mmenden Betrieb, beste Durchsatzleistungen und ein H\u00f6chstma\u00df an Sicherheitsanforderungen durch eine vorgeschaltete Aufgabewanne mit einem verschlie\u00dfbaren Wannendeckel.<\/p>\n<blockquote>\n<p>Die Zerkleinerung langer Rohre stellt Schneidm\u00fchlen konventioneller Bauart vor erhebliche Probleme. Gruben oder Podeste sind erforderlich um die Beschickung der langen, sperrigen Rohre zu erm\u00f6glichen.<\/p>\n<\/blockquote>\n<h4><em><strong>Technik der Baureihe SR<\/strong><\/em><\/h4>\n<p>Ausger\u00fcstet sind die <span style=\"color: #000000;\"><strong>NEUE HERBOLD<\/strong><\/span> Schneidm\u00fchlen der Baureihe SR mit einer Doppelschr\u00e4gschnittgeometrie. Im M\u00fchlengeh\u00e4use arbeiten die rotierenden und schr\u00e4g gestellten Messer gegen die schr\u00e4g gestellten Statormesser. Mit dieser Schneidtechnik ist es m\u00f6glich, einen genauen Schnittspalt \u00fcber die ganze Arbeitsbreite und einen kraftg\u00fcnstigen Schnitt bei gleichzeitig ger\u00e4uscharmen Betrieb zu erhalten.<\/p>\n<p>Durch die Trennung der au\u00dfen gelagerten Rotorwelle vom Mahlraum ist eine gefahrlose Abschottung zum Zerkleinerungsgut sicher gestellt. Den extremen Belastungen h\u00e4lt das geschwei\u00dfte und robuste m\u00fchlengeh\u00e4use stand.<\/p>\n<blockquote>\n<div>Alternativ ist diese Baureihe auch in abgedichteter Form als Nassschneidm\u00fchle bzw. Waschm\u00fchle erh\u00e4ltlich.<\/div>\n<\/blockquote>\n<p style=\"text-align: left;\">Diese Baureihe ist mit einem horizontal angebrachten Beschicktrog ausger\u00fcstet. Ein lastabh\u00e4ngig gesteuerter Vorschubwagen f\u00f6rdert das Material zu Schneidm\u00fchle. Das Herausspritzen von Material wird in jeder Schneidphase durch die geschlossene Bauweise verhindert. Das Material wird hier \u00fcber einen Aufgabeschacht oder mittels Kipptrichter aufgegeben.<\/p>\n<blockquote>\n<p style=\"text-align: left;\">Im Bereich der Zerkleinerung von PVC-Profilabf\u00e4llen, wie z.B. Fensterprofilstangen werden Maschinen der <a href=\"https:\/\/neue-herbold.com\/de\/profilmuehle-lp\/\">LP-Baureihe<\/a> eingesetzt.<\/p>\n<\/blockquote>\n<div id=\"attachment_2945\" style=\"width: 215px\" class=\"wp-caption alignright\"><a href=\"https:\/\/neue-herbold.com\/wp-content\/uploads\/2014\/11\/SR800_600A4_2_98IIF.jpg\" target=\"_blank\" rel=\"noopener noreferrer\"><img loading=\"lazy\" decoding=\"async\" aria-describedby=\"caption-attachment-2945\" class=\"wp-image-2945\" src=\"https:\/\/neue-herbold.com\/wp-content\/uploads\/2014\/11\/SR800_600A4_2_98IIF.jpg\" alt=\"\" width=\"205\" height=\"262\" srcset=\"https:\/\/neue-herbold.com\/wp-content\/uploads\/2014\/11\/SR800_600A4_2_98IIF.jpg 708w, https:\/\/neue-herbold.com\/wp-content\/uploads\/2014\/11\/SR800_600A4_2_98IIF-234x300.jpg 234w, https:\/\/neue-herbold.com\/wp-content\/uploads\/2014\/11\/SR800_600A4_2_98IIF-100x128.jpg 100w, https:\/\/neue-herbold.com\/wp-content\/uploads\/2014\/11\/SR800_600A4_2_98IIF-150x192.jpg 150w, https:\/\/neue-herbold.com\/wp-content\/uploads\/2014\/11\/SR800_600A4_2_98IIF-200x256.jpg 200w, https:\/\/neue-herbold.com\/wp-content\/uploads\/2014\/11\/SR800_600A4_2_98IIF-300x384.jpg 300w, https:\/\/neue-herbold.com\/wp-content\/uploads\/2014\/11\/SR800_600A4_2_98IIF-450x576.jpg 450w, https:\/\/neue-herbold.com\/wp-content\/uploads\/2014\/11\/SR800_600A4_2_98IIF-600x768.jpg 600w\" sizes=\"(max-width: 205px) 100vw, 205px\" \/><\/a><p id=\"caption-attachment-2945\" class=\"wp-caption-text\">SR 800\/600 Materialaufgabe wahlweise mit Kipptrichter oder Material-Aufgabeschacht.<\/p><\/div>\n<p><strong><em>Vorteile der NEUE HERBOLD<\/em> <em>Rohr- und Profilm\u00fchlen<\/em><br \/>\n<\/strong><\/p>\n<ul>\n<li>energiesparende Zerkleinerung<\/li>\n<li>h\u00f6chste Durchsatzleistungen<\/li>\n<li>h\u00e4rteste Beanspruchung<\/li>\n<li>geringer Ger\u00e4uschpegel durch <a href=\"https:\/\/neue-herbold.com\/wp-content\/uploads\/2014\/11\/Doppelschraegschnitt.pdf\" target=\"_blank\" rel=\"noopener noreferrer\">Doppelschr\u00e4gschnitt<\/a><\/li>\n<li>geringe Stillstandzeiten bei Messerwechsel durch Messervoreinstellung<\/li>\n<\/ul>\n<p><span style=\"font-family: arial,helvetica,sans-serif; font-size: 10pt;\"><a href=\"https:\/\/neue-herbold.com\/wp-content\/uploads\/2015\/03\/Einstelllehre.jpg\" target=\"_blank\" rel=\"noopener noreferrer\"><img loading=\"lazy\" decoding=\"async\" class=\"wp-image-6007 alignleft\" src=\"https:\/\/neue-herbold.com\/wp-content\/uploads\/2015\/03\/Einstelllehre-300x225.jpg\" alt=\"Einstelllehre\" width=\"280\" height=\"210\" srcset=\"https:\/\/neue-herbold.com\/wp-content\/uploads\/2015\/03\/Einstelllehre-300x225.jpg 300w, https:\/\/neue-herbold.com\/wp-content\/uploads\/2015\/03\/Einstelllehre.jpg 1024w, https:\/\/neue-herbold.com\/wp-content\/uploads\/2015\/03\/Einstelllehre-100x75.jpg 100w, https:\/\/neue-herbold.com\/wp-content\/uploads\/2015\/03\/Einstelllehre-150x113.jpg 150w, https:\/\/neue-herbold.com\/wp-content\/uploads\/2015\/03\/Einstelllehre-200x150.jpg 200w, https:\/\/neue-herbold.com\/wp-content\/uploads\/2015\/03\/Einstelllehre-450x338.jpg 450w, https:\/\/neue-herbold.com\/wp-content\/uploads\/2015\/03\/Einstelllehre-600x450.jpg 600w, https:\/\/neue-herbold.com\/wp-content\/uploads\/2015\/03\/Einstelllehre-900x675.jpg 900w\" sizes=\"(max-width: 280px) 100vw, 280px\" \/><\/a><\/span><\/p>\n<p><em><strong>Messereinstellung der Schneidm\u00fchlen<\/strong><\/em><\/p>\n<p>Die Justierung der Rotor- und Statormesser geschieht au\u00dferhalb der Maschine in einer speziell hierf\u00fcr konstruierten Einstelllehre. Die Justierschrauben im Rotor und im M\u00fchlengeh\u00e4use sind bei Auslieferung fest eingestellt, die Justierschrauben im Schneidmesser werden entsprechend dem Nachschleifzustand nachgestellt. Die Einstellarbeiten an den Schneidmessers k\u00f6nnen w\u00e4hrend des Einsatzes der Schneidm\u00fchle ausgef\u00fchrt werden.<\/p>\n<p>&nbsp;<\/p>\n<blockquote>\n<p>Zur Voreinstellung au\u00dferhalb der Maschine (bei Rotoren mit einstellbaren Messern) wird eine Einstellvorrichtung mitgeliefert, die zur Vereinfachung der Messereinstellung und zur Verk\u00fcrzung der Maschinenstillstandszeit bei Messerwechsel f\u00fchrt. Die korrekte und sorgf\u00e4ltige Einstellung des Schneidspaltes ist entscheidend f\u00fcr die Leistungsf\u00e4higkeit der Schneidm\u00fchle.<\/p>\n<\/blockquote>\n<p style=\"text-align: left;\"><span style=\"color: #000000;\"><a href=\"https:\/\/neue-herbold.com\/wp-content\/uploads\/2014\/11\/mb_07.gif\" target=\"_blank\" rel=\"noopener noreferrer\"><img loading=\"lazy\" decoding=\"async\" class=\"alignleft wp-image-2169\" src=\"https:\/\/neue-herbold.com\/wp-content\/uploads\/2014\/11\/mb_07.gif\" alt=\"\" width=\"347\" height=\"245\" \/><\/a><\/span><\/p>\n<p style=\"text-align: left;\">\u00a0<\/p>\n<p style=\"text-align: left;\"><strong>A<\/strong> &#8211; Schneidm\u00fchle<br \/>\n<strong>B<\/strong> &#8211; Materialverschluss<br \/>\n<strong>C<\/strong> &#8211; Seilumlenkung<br \/>\n<strong>D\/E<\/strong> &#8211; Materialaufgabesch\u00e4chte<br \/>\n<strong>F<\/strong> &#8211; Schacht f\u00fcr Materialschieber<br \/>\n<strong>H<\/strong> &#8211; Seil- Antriebsstation<\/p>\n<p style=\"text-align: left;\">\u00a0<\/p>\n<p style=\"text-align: left;\">\u00a0<\/p>\n<hr \/>\n<p style=\"text-align: left;\"><strong>Produktvideo:<\/strong><\/p>\n<p><iframe loading=\"lazy\" src=\"https:\/\/www.youtube.com\/embed\/-9gOc1TSptk\" width=\"560\" height=\"315\" frameborder=\"0\" allowfullscreen=\"allowfullscreen\"><span style=\"display: inline-block; width: 0px; overflow: hidden; line-height: 0;\" data-mce-type=\"bookmark\" class=\"mce_SELRES_start\">\ufeff<\/span><span style=\"display: inline-block; width: 0px; overflow: hidden; line-height: 0;\" data-mce-type=\"bookmark\" class=\"mce_SELRES_start\">\ufeff<\/span><\/iframe><\/p>\n<p>Zerkleinerung von PVC Rohrabf\u00e4llen aus der Produktion<\/p>\n<hr \/>\n<p><em><span style=\"color: #000000;\"><strong>Technische Angaben der NEUE HERBOLD Schneidm\u00fchlen<\/strong><\/span><\/em><\/p>\n<table>\n<tbody>\n<tr>\n<td style=\"text-align: left;\"><strong><a href=\"https:\/\/neue-herbold.com\/wp-content\/uploads\/2014\/11\/Rohrschneidmuehle-SR.pdf\" target=\"_blank\" rel=\"noopener noreferrer\"><img loading=\"lazy\" decoding=\"async\" class=\"wp-image-5703 alignleft\" src=\"https:\/\/neue-herbold.com\/wp-content\/uploads\/2014\/12\/PDF-ICON.jpg\" alt=\"PDF-ICON\" width=\"50\" height=\"48\" \/><\/a>Maschinentypen Rohrm\u00fchle \/ Rohrschneidm\u00fchle<\/strong><\/td>\n<\/tr>\n<tr>\n<td style=\"text-align: left;\">Rohrm\u00fchle Typ SR 450\/600<\/td>\n<\/tr>\n<tr>\n<td style=\"text-align: left;\">Rohrm\u00fchle Typ SR 600\/600<\/td>\n<\/tr>\n<tr>\n<td style=\"text-align: left;\">Rohrm\u00fchle Typ SR 600\/800<\/td>\n<\/tr>\n<tr>\n<td style=\"text-align: left;\">Rohrm\u00fchle Typ SR 800\/600<\/td>\n<\/tr>\n<tr>\n<td style=\"text-align: left;\">Rohrm\u00fchle Typ SR 1200\/800<\/td>\n<\/tr>\n<tr>\n<td style=\"text-align: left;\">Rohrm\u00fchle Typ SR 1600\/1200<\/td>\n<\/tr>\n<tr>\n<td style=\"text-align: left;\">\u00a0<\/td>\n<\/tr>\n<tr>\n<td style=\"text-align: left;\">\u00a0<\/td>\n<\/tr>\n<\/tbody>\n<\/table>\n","protected":false},"excerpt":{"rendered":"<p><a href=\"https:\/\/neue-herbold.com\/wp-content\/uploads\/2014\/11\/SR800_600A4_2_98IVF.jpg\" target=\"_blank\" rel=\"noopener noreferrer\"><img loading=\"lazy\" decoding=\"async\" class=\"alignright wp-image-2943\" src=\"https:\/\/neue-herbold.com\/wp-content\/uploads\/2014\/11\/SR800_600A4_2_98IVF-1024x654.jpg\" alt=\"Rohr\u00fchle SR 800\/600\" width=\"517\" height=\"329\" srcset=\"https:\/\/neue-herbold.com\/wp-content\/uploads\/2014\/11\/SR800_600A4_2_98IVF-1024x654.jpg 1024w, https:\/\/neue-herbold.com\/wp-content\/uploads\/2014\/11\/SR800_600A4_2_98IVF-300x191.jpg 300w, https:\/\/neue-herbold.com\/wp-content\/uploads\/2014\/11\/SR800_600A4_2_98IVF-100x63.jpg 100w, https:\/\/neue-herbold.com\/wp-content\/uploads\/2014\/11\/SR800_600A4_2_98IVF-150x95.jpg 150w, https:\/\/neue-herbold.com\/wp-content\/uploads\/2014\/11\/SR800_600A4_2_98IVF-200x127.jpg 200w, https:\/\/neue-herbold.com\/wp-content\/uploads\/2014\/11\/SR800_600A4_2_98IVF-450x287.jpg 450w, https:\/\/neue-herbold.com\/wp-content\/uploads\/2014\/11\/SR800_600A4_2_98IVF-600x383.jpg 600w, https:\/\/neue-herbold.com\/wp-content\/uploads\/2014\/11\/SR800_600A4_2_98IVF-900x575.jpg 900w, https:\/\/neue-herbold.com\/wp-content\/uploads\/2014\/11\/SR800_600A4_2_98IVF.jpg 1419w\" sizes=\"(max-width: 517px) 100vw, 517px\" \/><\/a><em><strong>Einsatzgebiet der NEUE HERBOLD <br \/>\nRohrm\u00fchle Profilm\u00fchle SR<br \/>\n<\/strong><\/em><\/p>\n<p>Mit der <span style=\"color: #000000;\"><strong>NEUE HERBOLD<\/strong><\/span> Schneidm\u00fchlen der Baureihen SR ist es m\u00f6glich, dicke, lange Rohre und Profile zu zerkleinern.<\/p>\n<p><span class=\"ellipsis\">&hellip;<\/span><\/p>\n<div class=\"read-more\"><a href=\"https:\/\/neue-herbold.com\/de\/rohrmuehlen-und-profilmuehlen-sr\/\">Weiterlesen \u203a<\/a><\/div>\n<p><!-- end of .read-more --><\/p>\n","protected":false},"author":1,"featured_media":0,"parent":0,"menu_order":0,"comment_status":"closed","ping_status":"closed","template":"","meta":{"footnotes":""},"class_list":["post-9956","page","type-page","status-publish","hentry"],"yoast_head":"<!-- This site is optimized with the Yoast SEO plugin v25.4 - https:\/\/yoast.com\/wordpress\/plugins\/seo\/ -->\n<title>Rohrm\u00fchlen und Profilm\u00fchlen SR - Neue Herbold GmbH<\/title>\n<meta name=\"description\" content=\"Einsatzgebiet der NEUE HERBOLD Rohrm\u00fchle Profilm\u00fchle SR Mit der NEUE HERBOLD Schneidm\u00fchlen der Baureihen SR ist es m\u00f6glich, dicke, lange Rohre und Profile\" \/>\n<meta name=\"robots\" content=\"index, follow, max-snippet:-1, max-image-preview:large, max-video-preview:-1\" \/>\n<link rel=\"canonical\" href=\"https:\/\/neue-herbold.com\/de\/rohrmuehlen-und-profilmuehlen-sr\/\" \/>\n<meta property=\"og:locale\" content=\"de_DE\" \/>\n<meta property=\"og:type\" content=\"article\" \/>\n<meta property=\"og:title\" content=\"Rohrm\u00fchlen und Profilm\u00fchlen SR - Neue Herbold GmbH\" \/>\n<meta property=\"og:description\" content=\"Einsatzgebiet der NEUE HERBOLD Rohrm\u00fchle Profilm\u00fchle SR Mit der NEUE HERBOLD Schneidm\u00fchlen der Baureihen SR ist es m\u00f6glich, dicke, lange Rohre und Profile\" \/>\n<meta property=\"og:url\" content=\"https:\/\/neue-herbold.com\/de\/rohrmuehlen-und-profilmuehlen-sr\/\" \/>\n<meta property=\"og:site_name\" content=\"Neue Herbold GmbH\" \/>\n<meta property=\"article:modified_time\" content=\"2019-10-16T12:44:11+00:00\" \/>\n<meta property=\"og:image\" content=\"https:\/\/neue-herbold.com\/wp-content\/uploads\/2014\/11\/SR800_600A4_2_98IVF-1024x654.jpg\" \/>\n<meta name=\"twitter:label1\" content=\"Gesch\u00e4tzte Lesezeit\" \/>\n\t<meta name=\"twitter:data1\" content=\"2\u00a0Minuten\" \/>\n<script type=\"application\/ld+json\" class=\"yoast-schema-graph\">{\"@context\":\"https:\/\/schema.org\",\"@graph\":[{\"@type\":\"WebPage\",\"@id\":\"https:\/\/neue-herbold.com\/de\/rohrmuehlen-und-profilmuehlen-sr\/\",\"url\":\"https:\/\/neue-herbold.com\/de\/rohrmuehlen-und-profilmuehlen-sr\/\",\"name\":\"Rohrm\u00fchlen und Profilm\u00fchlen SR - Neue Herbold GmbH\",\"isPartOf\":{\"@id\":\"https:\/\/neue-herbold.com\/en\/#website\"},\"primaryImageOfPage\":{\"@id\":\"https:\/\/neue-herbold.com\/de\/rohrmuehlen-und-profilmuehlen-sr\/#primaryimage\"},\"image\":{\"@id\":\"https:\/\/neue-herbold.com\/de\/rohrmuehlen-und-profilmuehlen-sr\/#primaryimage\"},\"thumbnailUrl\":\"https:\/\/neue-herbold.com\/wp-content\/uploads\/2014\/11\/SR800_600A4_2_98IVF-1024x654.jpg\",\"datePublished\":\"2016-06-23T11:44:21+00:00\",\"dateModified\":\"2019-10-16T12:44:11+00:00\",\"description\":\"Einsatzgebiet der NEUE HERBOLD Rohrm\u00fchle Profilm\u00fchle SR Mit der NEUE HERBOLD Schneidm\u00fchlen der Baureihen SR ist es m\u00f6glich, dicke, lange Rohre und Profile\",\"breadcrumb\":{\"@id\":\"https:\/\/neue-herbold.com\/de\/rohrmuehlen-und-profilmuehlen-sr\/#breadcrumb\"},\"inLanguage\":\"de\",\"potentialAction\":[{\"@type\":\"ReadAction\",\"target\":[\"https:\/\/neue-herbold.com\/de\/rohrmuehlen-und-profilmuehlen-sr\/\"]}]},{\"@type\":\"ImageObject\",\"inLanguage\":\"de\",\"@id\":\"https:\/\/neue-herbold.com\/de\/rohrmuehlen-und-profilmuehlen-sr\/#primaryimage\",\"url\":\"https:\/\/neue-herbold.com\/wp-content\/uploads\/2014\/11\/SR800_600A4_2_98IVF-1024x654.jpg\",\"contentUrl\":\"https:\/\/neue-herbold.com\/wp-content\/uploads\/2014\/11\/SR800_600A4_2_98IVF-1024x654.jpg\"},{\"@type\":\"BreadcrumbList\",\"@id\":\"https:\/\/neue-herbold.com\/de\/rohrmuehlen-und-profilmuehlen-sr\/#breadcrumb\",\"itemListElement\":[{\"@type\":\"ListItem\",\"position\":1,\"name\":\"Startseite\",\"item\":\"https:\/\/neue-herbold.com\/de\/\"},{\"@type\":\"ListItem\",\"position\":2,\"name\":\"Rohrm\u00fchlen und Profilm\u00fchlen SR\"}]},{\"@type\":\"WebSite\",\"@id\":\"https:\/\/neue-herbold.com\/en\/#website\",\"url\":\"https:\/\/neue-herbold.com\/en\/\",\"name\":\"Neue Herbold GmbH\",\"description\":\"\",\"potentialAction\":[{\"@type\":\"SearchAction\",\"target\":{\"@type\":\"EntryPoint\",\"urlTemplate\":\"https:\/\/neue-herbold.com\/en\/?s={search_term_string}\"},\"query-input\":{\"@type\":\"PropertyValueSpecification\",\"valueRequired\":true,\"valueName\":\"search_term_string\"}}],\"inLanguage\":\"de\"}]}<\/script>\n<!-- \/ Yoast SEO plugin. -->","yoast_head_json":{"title":"Rohrm\u00fchlen und Profilm\u00fchlen SR - Neue Herbold GmbH","description":"Einsatzgebiet der NEUE HERBOLD Rohrm\u00fchle Profilm\u00fchle SR Mit der NEUE HERBOLD Schneidm\u00fchlen der Baureihen SR ist es m\u00f6glich, dicke, lange Rohre und Profile","robots":{"index":"index","follow":"follow","max-snippet":"max-snippet:-1","max-image-preview":"max-image-preview:large","max-video-preview":"max-video-preview:-1"},"canonical":"https:\/\/neue-herbold.com\/de\/rohrmuehlen-und-profilmuehlen-sr\/","og_locale":"de_DE","og_type":"article","og_title":"Rohrm\u00fchlen und Profilm\u00fchlen SR - Neue Herbold GmbH","og_description":"Einsatzgebiet der NEUE HERBOLD Rohrm\u00fchle Profilm\u00fchle SR Mit der NEUE HERBOLD Schneidm\u00fchlen der Baureihen SR ist es m\u00f6glich, dicke, lange Rohre und Profile","og_url":"https:\/\/neue-herbold.com\/de\/rohrmuehlen-und-profilmuehlen-sr\/","og_site_name":"Neue Herbold GmbH","article_modified_time":"2019-10-16T12:44:11+00:00","og_image":[{"url":"https:\/\/neue-herbold.com\/wp-content\/uploads\/2014\/11\/SR800_600A4_2_98IVF-1024x654.jpg","type":"","width":"","height":""}],"twitter_misc":{"Gesch\u00e4tzte Lesezeit":"2\u00a0Minuten"},"schema":{"@context":"https:\/\/schema.org","@graph":[{"@type":"WebPage","@id":"https:\/\/neue-herbold.com\/de\/rohrmuehlen-und-profilmuehlen-sr\/","url":"https:\/\/neue-herbold.com\/de\/rohrmuehlen-und-profilmuehlen-sr\/","name":"Rohrm\u00fchlen und Profilm\u00fchlen SR - Neue Herbold GmbH","isPartOf":{"@id":"https:\/\/neue-herbold.com\/en\/#website"},"primaryImageOfPage":{"@id":"https:\/\/neue-herbold.com\/de\/rohrmuehlen-und-profilmuehlen-sr\/#primaryimage"},"image":{"@id":"https:\/\/neue-herbold.com\/de\/rohrmuehlen-und-profilmuehlen-sr\/#primaryimage"},"thumbnailUrl":"https:\/\/neue-herbold.com\/wp-content\/uploads\/2014\/11\/SR800_600A4_2_98IVF-1024x654.jpg","datePublished":"2016-06-23T11:44:21+00:00","dateModified":"2019-10-16T12:44:11+00:00","description":"Einsatzgebiet der NEUE HERBOLD Rohrm\u00fchle Profilm\u00fchle SR Mit der NEUE HERBOLD Schneidm\u00fchlen der Baureihen SR ist es m\u00f6glich, dicke, lange Rohre und Profile","breadcrumb":{"@id":"https:\/\/neue-herbold.com\/de\/rohrmuehlen-und-profilmuehlen-sr\/#breadcrumb"},"inLanguage":"de","potentialAction":[{"@type":"ReadAction","target":["https:\/\/neue-herbold.com\/de\/rohrmuehlen-und-profilmuehlen-sr\/"]}]},{"@type":"ImageObject","inLanguage":"de","@id":"https:\/\/neue-herbold.com\/de\/rohrmuehlen-und-profilmuehlen-sr\/#primaryimage","url":"https:\/\/neue-herbold.com\/wp-content\/uploads\/2014\/11\/SR800_600A4_2_98IVF-1024x654.jpg","contentUrl":"https:\/\/neue-herbold.com\/wp-content\/uploads\/2014\/11\/SR800_600A4_2_98IVF-1024x654.jpg"},{"@type":"BreadcrumbList","@id":"https:\/\/neue-herbold.com\/de\/rohrmuehlen-und-profilmuehlen-sr\/#breadcrumb","itemListElement":[{"@type":"ListItem","position":1,"name":"Startseite","item":"https:\/\/neue-herbold.com\/de\/"},{"@type":"ListItem","position":2,"name":"Rohrm\u00fchlen und Profilm\u00fchlen SR"}]},{"@type":"WebSite","@id":"https:\/\/neue-herbold.com\/en\/#website","url":"https:\/\/neue-herbold.com\/en\/","name":"Neue Herbold GmbH","description":"","potentialAction":[{"@type":"SearchAction","target":{"@type":"EntryPoint","urlTemplate":"https:\/\/neue-herbold.com\/en\/?s={search_term_string}"},"query-input":{"@type":"PropertyValueSpecification","valueRequired":true,"valueName":"search_term_string"}}],"inLanguage":"de"}]}},"_links":{"self":[{"href":"https:\/\/neue-herbold.com\/de\/wp-json\/wp\/v2\/pages\/9956"}],"collection":[{"href":"https:\/\/neue-herbold.com\/de\/wp-json\/wp\/v2\/pages"}],"about":[{"href":"https:\/\/neue-herbold.com\/de\/wp-json\/wp\/v2\/types\/page"}],"author":[{"embeddable":true,"href":"https:\/\/neue-herbold.com\/de\/wp-json\/wp\/v2\/users\/1"}],"replies":[{"embeddable":true,"href":"https:\/\/neue-herbold.com\/de\/wp-json\/wp\/v2\/comments?post=9956"}],"version-history":[{"count":19,"href":"https:\/\/neue-herbold.com\/de\/wp-json\/wp\/v2\/pages\/9956\/revisions"}],"predecessor-version":[{"id":15536,"href":"https:\/\/neue-herbold.com\/de\/wp-json\/wp\/v2\/pages\/9956\/revisions\/15536"}],"wp:attachment":[{"href":"https:\/\/neue-herbold.com\/de\/wp-json\/wp\/v2\/media?parent=9956"}],"curies":[{"name":"wp","href":"https:\/\/api.w.org\/{rel}","templated":true}]}}