{"id":9273,"date":"2016-06-06T02:36:56","date_gmt":"2016-06-06T00:36:56","guid":{"rendered":"https:\/\/neue-herbold.com\/de\/?page_id=9273"},"modified":"2016-06-22T18:08:35","modified_gmt":"2016-06-22T16:08:35","slug":"erweiterung-der-schneidmuehlen-baureihe-sm","status":"publish","type":"page","link":"https:\/\/neue-herbold.com\/de\/erweiterung-der-schneidmuehlen-baureihe-sm\/","title":{"rendered":"Erweiterung der Schneidm\u00fchlen-Baureihe SM"},"content":{"rendered":"<p><span style=\"color: #000000;\"><a href=\"https:\/\/neue-herbold.com\/wp-content\/uploads\/2014\/12\/SM1000-1200-DSCF2350.jpg\" target=\"_blank\"><img loading=\"lazy\" decoding=\"async\" class=\"alignright wp-image-3531\" src=\"https:\/\/neue-herbold.com\/wp-content\/uploads\/2014\/12\/SM1000-1200-DSCF2350.jpg\" alt=\"Gro\u00dfschneidm\u00fchlen SM1000-1200\" width=\"258\" height=\"488\" srcset=\"https:\/\/neue-herbold.com\/wp-content\/uploads\/2014\/12\/SM1000-1200-DSCF2350.jpg 476w, https:\/\/neue-herbold.com\/wp-content\/uploads\/2014\/12\/SM1000-1200-DSCF2350-158x300.jpg 158w, https:\/\/neue-herbold.com\/wp-content\/uploads\/2014\/12\/SM1000-1200-DSCF2350-100x189.jpg 100w, https:\/\/neue-herbold.com\/wp-content\/uploads\/2014\/12\/SM1000-1200-DSCF2350-150x283.jpg 150w, https:\/\/neue-herbold.com\/wp-content\/uploads\/2014\/12\/SM1000-1200-DSCF2350-200x378.jpg 200w, https:\/\/neue-herbold.com\/wp-content\/uploads\/2014\/12\/SM1000-1200-DSCF2350-300x567.jpg 300w, https:\/\/neue-herbold.com\/wp-content\/uploads\/2014\/12\/SM1000-1200-DSCF2350-450x850.jpg 450w\" sizes=\"(max-width: 258px) 100vw, 258px\" \/><\/a><\/span>Firma <strong>NEUE HERBOLD<\/strong> Maschinen-und Anlagenbau GmbH aus Sinsheim, erweitert ihre Schneidm\u00fchlen-Baureihe SM um eine weitere Baugr\u00f6\u00dfe.<\/p>\n<p>Mit der neuen Baugr\u00f6\u00dfe SM 1000\/\u2026 wird das <strong>NEUE HERBOLD<\/strong> Maschinenprogramm nach oben hin erweitert. Die SM 1000\/\u2026 besitzt einen Rotor mit einem Durchmesser von 1000 mm und wird in verschiedenen Rotorbreiten angeboten.<\/p>\n<p>Die SM 1000\/\u2026 Gro\u00dfschneidm\u00fchlen eignen sich speziell f\u00fcr Anwendungen, bei denen sehr gro\u00dfe Durchsatzleistungen gefordert werden oder sehr gro\u00dfe und Volumin\u00f6se Produkte zerkleinert werden m\u00fcssen.<\/p>\n<p>Optional werden f\u00fcr diesen Typ Gro\u00dfschneidm\u00fchlen verschiedenartigen Rotortypen und unterschiedlichen Zuf\u00fchreinrichtungen angeboten. Dadurch l\u00e4sst sich diese Schneidm\u00fchle sehr universell einsetzen, wie z.B. zum Zerkleinern von Kunststoff-Folien, massiven Klumpen, Anfahrbrocken, Vollprofile, Rohre und Kunststoffabf\u00e4llen mit dicker Wandst\u00e4rke sowie sperrige Teile wie K\u00e4sten oder Hohlk\u00f6rper. F\u00fcr den Einsatz in Recyclinganlagen kann die SM 1000\/\u2026 Schneidm\u00fchle auch in Nassausf\u00fchrung oder mit Komplettverschlei\u00dfschutz geliefert werden.<\/p>\n<p>Alle Schneidm\u00fchlen der Baureihe SM sind mit der \u201eDoppelschr\u00e4gschnitt-Geometrie\u201c ausger\u00fcstet. Die Schr\u00e4g gestellten, rotierenden Messer arbeiten gegen ebenfalls schr\u00e4g stehenden Statormesser im M\u00fchlengeh\u00e4use. Diese Schneidgeometrie erm\u00f6glicht einen pr\u00e4zisen Schnittspalt \u00fcber die gesamte Arbeitsbreite und sorgt zudem f\u00fcr einen \u00e4u\u00dferst kraftg\u00fcnstigen Schnitt bei deutlich reduziertem Ger\u00e4uschpegel.<\/p>\n<p>Wie alle Schneidm\u00fchlen der Firma <strong>NEUE HERBOLD<\/strong> Maschinen- und Anlagenbau GmbH wird auch diese Baureihe im Werk Sinsheim selbst gefertigt und in gewohnter Qualit\u00e4t \u201eMade In Germany\u201c ausgeliefert.<\/p>\n<p><a href=\"https:\/\/neue-herbold.com\/wp-content\/uploads\/2014\/11\/Doppelschraegschnitt.pdf\" target=\"_blank\"><img loading=\"lazy\" decoding=\"async\" class=\"alignnone wp-image-5703\" src=\"https:\/\/neue-herbold.com\/wp-content\/uploads\/2014\/12\/PDF-ICON.jpg\" alt=\"PDF\" width=\"50\" height=\"48\" \/>Doppelschr\u00e4gschnitt<\/a><\/p>\n","protected":false},"excerpt":{"rendered":"<p><span style=\"color: #000000;\"><a href=\"https:\/\/neue-herbold.com\/wp-content\/uploads\/2014\/12\/SM1000-1200-DSCF2350.jpg\" target=\"_blank\"><img loading=\"lazy\" decoding=\"async\" class=\"alignright wp-image-3531\" src=\"https:\/\/neue-herbold.com\/wp-content\/uploads\/2014\/12\/SM1000-1200-DSCF2350.jpg\" alt=\"Gro\u00dfschneidm\u00fchlen SM1000-1200\" width=\"258\" height=\"488\" srcset=\"https:\/\/neue-herbold.com\/wp-content\/uploads\/2014\/12\/SM1000-1200-DSCF2350.jpg 476w, https:\/\/neue-herbold.com\/wp-content\/uploads\/2014\/12\/SM1000-1200-DSCF2350-158x300.jpg 158w, https:\/\/neue-herbold.com\/wp-content\/uploads\/2014\/12\/SM1000-1200-DSCF2350-100x189.jpg 100w, https:\/\/neue-herbold.com\/wp-content\/uploads\/2014\/12\/SM1000-1200-DSCF2350-150x283.jpg 150w, https:\/\/neue-herbold.com\/wp-content\/uploads\/2014\/12\/SM1000-1200-DSCF2350-200x378.jpg 200w, https:\/\/neue-herbold.com\/wp-content\/uploads\/2014\/12\/SM1000-1200-DSCF2350-300x567.jpg 300w, https:\/\/neue-herbold.com\/wp-content\/uploads\/2014\/12\/SM1000-1200-DSCF2350-450x850.jpg 450w\" sizes=\"(max-width: 258px) 100vw, 258px\" \/><\/a><\/span>Firma <strong>NEUE HERBOLD<\/strong> Maschinen-und Anlagenbau GmbH aus Sinsheim, erweitert ihre Schneidm\u00fchlen-Baureihe SM um eine weitere Baugr\u00f6\u00dfe.<\/p>\n<p>Mit der neuen Baugr\u00f6\u00dfe SM 1000\/\u2026 wird das <strong>NEUE HERBOLD<\/strong> Maschinenprogramm nach oben hin erweitert.<\/p>\n<p><span class=\"ellipsis\">&hellip;<\/span><\/p>\n<div class=\"read-more\"><a href=\"https:\/\/neue-herbold.com\/de\/erweiterung-der-schneidmuehlen-baureihe-sm\/\">Weiterlesen \u203a<\/a><\/div>\n<p><!-- end of .read-more --><\/p>\n","protected":false},"author":1,"featured_media":0,"parent":0,"menu_order":0,"comment_status":"closed","ping_status":"closed","template":"","meta":{"footnotes":""},"class_list":["post-9273","page","type-page","status-publish","hentry"],"yoast_head":"<!-- This site is optimized with the Yoast SEO plugin v25.4 - https:\/\/yoast.com\/wordpress\/plugins\/seo\/ -->\n<title>Gro\u00dfschneidm\u00fchlen der Baureihe SM - Neue Herbold GmbH<\/title>\n<meta name=\"description\" content=\"NEUE HERBOLD - Gro\u00dfschneidm\u00fchlen mit Rotordurchmesser bis 1000 mm Mit der neuen Baugr\u00f6\u00dfe SM 1000\/\u2026 wird das Maschinenprogramm nach oben hin erweitert.\" \/>\n<meta name=\"robots\" content=\"index, follow, max-snippet:-1, max-image-preview:large, max-video-preview:-1\" \/>\n<link rel=\"canonical\" href=\"https:\/\/neue-herbold.com\/de\/erweiterung-der-schneidmuehlen-baureihe-sm\/\" \/>\n<meta property=\"og:locale\" content=\"de_DE\" \/>\n<meta property=\"og:type\" content=\"article\" \/>\n<meta property=\"og:title\" content=\"Gro\u00dfschneidm\u00fchlen der Baureihe SM - Neue Herbold GmbH\" \/>\n<meta property=\"og:description\" content=\"NEUE HERBOLD - Gro\u00dfschneidm\u00fchlen mit Rotordurchmesser bis 1000 mm Mit der neuen Baugr\u00f6\u00dfe SM 1000\/\u2026 wird das Maschinenprogramm nach oben hin erweitert.\" \/>\n<meta property=\"og:url\" content=\"https:\/\/neue-herbold.com\/de\/erweiterung-der-schneidmuehlen-baureihe-sm\/\" \/>\n<meta property=\"og:site_name\" content=\"Neue Herbold GmbH\" \/>\n<meta property=\"article:modified_time\" content=\"2016-06-22T16:08:35+00:00\" \/>\n<meta property=\"og:image\" content=\"https:\/\/neue-herbold.com\/wp-content\/uploads\/2014\/12\/SM1000-1200-DSCF2350.jpg\" \/>\n<meta name=\"twitter:label1\" content=\"Gesch\u00e4tzte Lesezeit\" \/>\n\t<meta name=\"twitter:data1\" content=\"1\u00a0Minute\" \/>\n<script type=\"application\/ld+json\" class=\"yoast-schema-graph\">{\"@context\":\"https:\/\/schema.org\",\"@graph\":[{\"@type\":\"WebPage\",\"@id\":\"https:\/\/neue-herbold.com\/de\/erweiterung-der-schneidmuehlen-baureihe-sm\/\",\"url\":\"https:\/\/neue-herbold.com\/de\/erweiterung-der-schneidmuehlen-baureihe-sm\/\",\"name\":\"Gro\u00dfschneidm\u00fchlen der Baureihe SM - Neue Herbold GmbH\",\"isPartOf\":{\"@id\":\"https:\/\/neue-herbold.com\/en\/#website\"},\"primaryImageOfPage\":{\"@id\":\"https:\/\/neue-herbold.com\/de\/erweiterung-der-schneidmuehlen-baureihe-sm\/#primaryimage\"},\"image\":{\"@id\":\"https:\/\/neue-herbold.com\/de\/erweiterung-der-schneidmuehlen-baureihe-sm\/#primaryimage\"},\"thumbnailUrl\":\"https:\/\/neue-herbold.com\/wp-content\/uploads\/2014\/12\/SM1000-1200-DSCF2350.jpg\",\"datePublished\":\"2016-06-06T00:36:56+00:00\",\"dateModified\":\"2016-06-22T16:08:35+00:00\",\"description\":\"NEUE HERBOLD - Gro\u00dfschneidm\u00fchlen mit Rotordurchmesser bis 1000 mm Mit der neuen Baugr\u00f6\u00dfe SM 1000\/\u2026 wird das Maschinenprogramm nach oben hin erweitert.\",\"breadcrumb\":{\"@id\":\"https:\/\/neue-herbold.com\/de\/erweiterung-der-schneidmuehlen-baureihe-sm\/#breadcrumb\"},\"inLanguage\":\"de\",\"potentialAction\":[{\"@type\":\"ReadAction\",\"target\":[\"https:\/\/neue-herbold.com\/de\/erweiterung-der-schneidmuehlen-baureihe-sm\/\"]}]},{\"@type\":\"ImageObject\",\"inLanguage\":\"de\",\"@id\":\"https:\/\/neue-herbold.com\/de\/erweiterung-der-schneidmuehlen-baureihe-sm\/#primaryimage\",\"url\":\"https:\/\/neue-herbold.com\/wp-content\/uploads\/2014\/12\/SM1000-1200-DSCF2350.jpg\",\"contentUrl\":\"https:\/\/neue-herbold.com\/wp-content\/uploads\/2014\/12\/SM1000-1200-DSCF2350.jpg\"},{\"@type\":\"BreadcrumbList\",\"@id\":\"https:\/\/neue-herbold.com\/de\/erweiterung-der-schneidmuehlen-baureihe-sm\/#breadcrumb\",\"itemListElement\":[{\"@type\":\"ListItem\",\"position\":1,\"name\":\"Startseite\",\"item\":\"https:\/\/neue-herbold.com\/de\/\"},{\"@type\":\"ListItem\",\"position\":2,\"name\":\"Erweiterung der Schneidm\u00fchlen-Baureihe SM\"}]},{\"@type\":\"WebSite\",\"@id\":\"https:\/\/neue-herbold.com\/en\/#website\",\"url\":\"https:\/\/neue-herbold.com\/en\/\",\"name\":\"Neue Herbold GmbH\",\"description\":\"\",\"potentialAction\":[{\"@type\":\"SearchAction\",\"target\":{\"@type\":\"EntryPoint\",\"urlTemplate\":\"https:\/\/neue-herbold.com\/en\/?s={search_term_string}\"},\"query-input\":{\"@type\":\"PropertyValueSpecification\",\"valueRequired\":true,\"valueName\":\"search_term_string\"}}],\"inLanguage\":\"de\"}]}<\/script>\n<!-- \/ Yoast SEO plugin. -->","yoast_head_json":{"title":"Gro\u00dfschneidm\u00fchlen der Baureihe SM - Neue Herbold GmbH","description":"NEUE HERBOLD - Gro\u00dfschneidm\u00fchlen mit Rotordurchmesser bis 1000 mm Mit der neuen Baugr\u00f6\u00dfe SM 1000\/\u2026 wird das Maschinenprogramm nach oben hin erweitert.","robots":{"index":"index","follow":"follow","max-snippet":"max-snippet:-1","max-image-preview":"max-image-preview:large","max-video-preview":"max-video-preview:-1"},"canonical":"https:\/\/neue-herbold.com\/de\/erweiterung-der-schneidmuehlen-baureihe-sm\/","og_locale":"de_DE","og_type":"article","og_title":"Gro\u00dfschneidm\u00fchlen der Baureihe SM - Neue Herbold GmbH","og_description":"NEUE HERBOLD - Gro\u00dfschneidm\u00fchlen mit Rotordurchmesser bis 1000 mm Mit der neuen Baugr\u00f6\u00dfe SM 1000\/\u2026 wird das Maschinenprogramm nach oben hin erweitert.","og_url":"https:\/\/neue-herbold.com\/de\/erweiterung-der-schneidmuehlen-baureihe-sm\/","og_site_name":"Neue Herbold GmbH","article_modified_time":"2016-06-22T16:08:35+00:00","og_image":[{"url":"https:\/\/neue-herbold.com\/wp-content\/uploads\/2014\/12\/SM1000-1200-DSCF2350.jpg","type":"","width":"","height":""}],"twitter_misc":{"Gesch\u00e4tzte Lesezeit":"1\u00a0Minute"},"schema":{"@context":"https:\/\/schema.org","@graph":[{"@type":"WebPage","@id":"https:\/\/neue-herbold.com\/de\/erweiterung-der-schneidmuehlen-baureihe-sm\/","url":"https:\/\/neue-herbold.com\/de\/erweiterung-der-schneidmuehlen-baureihe-sm\/","name":"Gro\u00dfschneidm\u00fchlen der Baureihe SM - Neue Herbold GmbH","isPartOf":{"@id":"https:\/\/neue-herbold.com\/en\/#website"},"primaryImageOfPage":{"@id":"https:\/\/neue-herbold.com\/de\/erweiterung-der-schneidmuehlen-baureihe-sm\/#primaryimage"},"image":{"@id":"https:\/\/neue-herbold.com\/de\/erweiterung-der-schneidmuehlen-baureihe-sm\/#primaryimage"},"thumbnailUrl":"https:\/\/neue-herbold.com\/wp-content\/uploads\/2014\/12\/SM1000-1200-DSCF2350.jpg","datePublished":"2016-06-06T00:36:56+00:00","dateModified":"2016-06-22T16:08:35+00:00","description":"NEUE HERBOLD - Gro\u00dfschneidm\u00fchlen mit Rotordurchmesser bis 1000 mm Mit der neuen Baugr\u00f6\u00dfe SM 1000\/\u2026 wird das Maschinenprogramm nach oben hin erweitert.","breadcrumb":{"@id":"https:\/\/neue-herbold.com\/de\/erweiterung-der-schneidmuehlen-baureihe-sm\/#breadcrumb"},"inLanguage":"de","potentialAction":[{"@type":"ReadAction","target":["https:\/\/neue-herbold.com\/de\/erweiterung-der-schneidmuehlen-baureihe-sm\/"]}]},{"@type":"ImageObject","inLanguage":"de","@id":"https:\/\/neue-herbold.com\/de\/erweiterung-der-schneidmuehlen-baureihe-sm\/#primaryimage","url":"https:\/\/neue-herbold.com\/wp-content\/uploads\/2014\/12\/SM1000-1200-DSCF2350.jpg","contentUrl":"https:\/\/neue-herbold.com\/wp-content\/uploads\/2014\/12\/SM1000-1200-DSCF2350.jpg"},{"@type":"BreadcrumbList","@id":"https:\/\/neue-herbold.com\/de\/erweiterung-der-schneidmuehlen-baureihe-sm\/#breadcrumb","itemListElement":[{"@type":"ListItem","position":1,"name":"Startseite","item":"https:\/\/neue-herbold.com\/de\/"},{"@type":"ListItem","position":2,"name":"Erweiterung der Schneidm\u00fchlen-Baureihe SM"}]},{"@type":"WebSite","@id":"https:\/\/neue-herbold.com\/en\/#website","url":"https:\/\/neue-herbold.com\/en\/","name":"Neue Herbold GmbH","description":"","potentialAction":[{"@type":"SearchAction","target":{"@type":"EntryPoint","urlTemplate":"https:\/\/neue-herbold.com\/en\/?s={search_term_string}"},"query-input":{"@type":"PropertyValueSpecification","valueRequired":true,"valueName":"search_term_string"}}],"inLanguage":"de"}]}},"_links":{"self":[{"href":"https:\/\/neue-herbold.com\/de\/wp-json\/wp\/v2\/pages\/9273"}],"collection":[{"href":"https:\/\/neue-herbold.com\/de\/wp-json\/wp\/v2\/pages"}],"about":[{"href":"https:\/\/neue-herbold.com\/de\/wp-json\/wp\/v2\/types\/page"}],"author":[{"embeddable":true,"href":"https:\/\/neue-herbold.com\/de\/wp-json\/wp\/v2\/users\/1"}],"replies":[{"embeddable":true,"href":"https:\/\/neue-herbold.com\/de\/wp-json\/wp\/v2\/comments?post=9273"}],"version-history":[{"count":4,"href":"https:\/\/neue-herbold.com\/de\/wp-json\/wp\/v2\/pages\/9273\/revisions"}],"predecessor-version":[{"id":9900,"href":"https:\/\/neue-herbold.com\/de\/wp-json\/wp\/v2\/pages\/9273\/revisions\/9900"}],"wp:attachment":[{"href":"https:\/\/neue-herbold.com\/de\/wp-json\/wp\/v2\/media?parent=9273"}],"curies":[{"name":"wp","href":"https:\/\/api.w.org\/{rel}","templated":true}]}}