{"id":9200,"date":"2016-06-06T01:18:20","date_gmt":"2016-06-05T23:18:20","guid":{"rendered":"https:\/\/neue-herbold.com\/de\/?page_id=9200"},"modified":"2016-06-09T00:26:03","modified_gmt":"2016-06-08T22:26:03","slug":"lieferprogramm","status":"publish","type":"page","link":"https:\/\/neue-herbold.com\/de\/lieferprogramm\/","title":{"rendered":"Lieferprogramm"},"content":{"rendered":"<h1><span style=\"color: #000000;\"><strong>Shredder \/ Vorzerkleinerung<\/strong><\/span><\/h1>\n<p>Unser Lieferprogramm umfasst folgende Maschinen und Anlagen<\/p>\n<p><span style=\"color: #000000;\"><strong>Einwellenshredder der Baureihe <a style=\"color: #0000ff;\" href=\"https:\/\/neue-herbold.com\/de\/einwellenschredder-hzr\/\">HZR<\/a><\/strong><\/span><\/p>\n<ul>\n<li><span style=\"color: #000000;\"> zur Vorzerkleinerung<\/span><\/li>\n<li><span style=\"color: #000000;\">zur Vorzerkleinerung von Ballenwaren <\/span><\/li>\n<li><span style=\"color: #000000;\">zur Vorzerkleinerung <\/span><span style=\"color: #000000;\">von Altreifen<\/span><\/li>\n<li><span style=\"color: #000000;\">zur Vorzerkleinerung von Ersatzbrennstoffen<\/span><\/li>\n<li><span style=\"color: #000000;\">zur Vorzerkleinerung von DSD-Abf\u00e4llen<\/span><\/li>\n<\/ul>\n<p><strong>Zweiwellenshredder der Baureihe <a href=\"https:\/\/neue-herbold.com\/de\/zweiwellenschredder-zrm\/\">ZRM<\/a><\/strong><\/p>\n<ul>\n<li><span style=\"color: #000000;\"> zur Vorzerkleinerung von gro\u00dfen bzw. sperrigen Materialmengen<\/span><\/li>\n<li><span style=\"color: #000000;\">zur Vorzerkleinerung von Folienpaketen<\/span><\/li>\n<li><span style=\"color: #000000;\">zur Vorzerkleinerung fon F\u00e4ssern<\/span><span style=\"color: #000000;\"><strong><br \/> <\/strong><\/span><\/li>\n<\/ul>\n<p><span style=\"color: #000000;\"><strong>Styroporshredder der Baureihe <a style=\"color: #0000ff;\" href=\"https:\/\/neue-herbold.com\/de\/styroporschredder-rl\/\">RL<\/a><\/strong><\/span><\/p>\n<ul>\n<li><span style=\"color: #000000;\">zur Zerkleinerung von expandierendem Polystyrol (EPS)<\/span><\/li>\n<li><span style=\"color: #000000;\">zur Zerkleinerung von PUR-Sch\u00e4umen<\/span><\/li>\n<\/ul>\n<p><span style=\"color: #000000;\"> <strong>Schneckenbrecher der Baureihe <a style=\"color: #0000ff;\" href=\"https:\/\/neue-herbold.com\/de\/schneckenbrecher\/\">SB<\/a><\/strong><\/span><\/p>\n<ul>\n<li><span style=\"color: #000000;\">Vorzerkleinerung von Holzpaletten<\/span><\/li>\n<li><span style=\"color: #000000;\">Vorzerkleinerung von Kabeltrommeln<\/span><\/li>\n<li><span style=\"color: #000000;\">Vorzerkleinerung von D\u00e4mmstoffmatten<\/span><\/li>\n<li><span style=\"color: #000000;\">Vorzerkleinerung von Pyroton-Steinen<\/span><\/li>\n<li><span style=\"color: #000000;\">Vorzerkleinerung von bzw. Aufl\u00f6sung und Dosierung von Ballen gepresster Abf\u00e4lle<\/span><\/li>\n<\/ul>\n<p><span style=\"color: #000000;\"><strong> Guillotinescheren der Baureihe <a style=\"color: #0000ff;\" href=\"https:\/\/neue-herbold.com\/de\/guillotinescheren\/\">GS<\/a><\/strong><\/span><\/p>\n<ul>\n<li><span style=\"color: #000000;\">Vorportionierung von Fasern<\/span><\/li>\n<li><span style=\"color: #000000;\">Vorportionierung von B\u00e4ndchen<\/span><\/li>\n<li><span style=\"color: #000000;\">Vorportionierung von aneinanderhaftenden Folien<\/span><\/li>\n<li><span style=\"color: #000000;\">Vorportionierung von gro\u00dfen Klumpen<\/span><\/li>\n<li><span style=\"color: #000000;\">Vorportionierung von Kautschukballen<\/span><span style=\"color: #000000;\"><strong><br \/> <\/strong><\/span><\/li>\n<\/ul>\n<h2><span style=\"color: #000000;\"><strong>Schneidm\u00fchlen<\/strong><\/span><\/h2>\n<p><span style=\"color: #000000;\"><strong>Schneidm\u00fchlen der Baureihe <a href=\"https:\/\/neue-herbold.com\/de\/schneidmuehle-lm\/\">LM<\/a><\/strong><\/span><\/p>\n<ul>\n<li><span style=\"color: #000000;\">Zerkleinerung von losen Folien (z.B. in-line)<\/span><\/li>\n<li><span style=\"color: #000000;\">Zerkleinerung von Kanistern<\/span><\/li>\n<li><span style=\"color: #000000;\">Zerkleinerung von PVC-Rohren<\/span><\/li>\n<li><span style=\"color: #000000;\">Zerkleinerung von d\u00fcnnwandigen PE-Rohren<\/span><\/li>\n<li><span style=\"color: #000000;\">Zerkleinerung von d\u00fcnnwandigen PP-Rohre<\/span><\/li>\n<li><span style=\"color: #000000;\">Zerkleinerung von Profilen<\/span><\/li>\n<li><span style=\"color: #000000;\">Zerkleinerung von Kfz-Sto\u00dfstangen<\/span><\/li>\n<li><span style=\"color: #000000;\">Zerkleinerung von Stanzgitter<\/span><\/li>\n<li><span style=\"color: #000000;\">Zerkleinerung von Spritzgussabf\u00e4llen<\/span><\/li>\n<li><span style=\"color: #000000;\">Zerkleinerung von Tiefziehteilen<\/span><span style=\"color: #000000;\"><strong><br \/> <\/strong><\/span><\/li>\n<\/ul>\n<p><span style=\"color: #000000;\"><strong>Schneidm\u00fchlen der Baureihe <\/strong> <a style=\"color: #0000ff;\" href=\"https:\/\/neue-herbold.com\/de\/schneidmuehle-sm\/\"><strong>SM<\/strong><\/a><\/span><\/p>\n<ul>\n<li><span style=\"color: #000000;\">Zerkleinerung von massiven Klumpen<\/span><\/li>\n<li><span style=\"color: #000000;\">Zerkleinerung von Anfahrbrocken<\/span><\/li>\n<li><span style=\"color: #000000;\">Zerkleinerung von Kautschukballen<\/span><\/li>\n<li><span style=\"color: #000000;\">Zerkleinerung von Vollprofilen<\/span><\/li>\n<li><span style=\"color: #000000;\">Zerkleinerung von dickwandige Platten<\/span><\/li>\n<li><span style=\"color: #000000;\">Zerkleinerung von Flaschenk\u00e4sten<\/span><\/li>\n<li><span style=\"color: #000000;\">Zerkleinerung von PA-Fasern<\/span><\/li>\n<li><span style=\"color: #000000;\">Zerkleinerung von Folienpaketen<\/span><\/li>\n<\/ul>\n<p><span style=\"color: #000000;\"><strong>Schneidm\u00fchlen der Baureihe <a style=\"color: #0000ff;\" href=\"https:\/\/neue-herbold.com\/de\/schneidmuehle-smv\/\">SMV<\/a> \/ <a style=\"color: #0000ff;\" href=\"https:\/\/neue-herbold.com\/de\/schneidmuehlen-sx\/\">SX<\/a><\/strong><\/span><\/p>\n<ul>\n<li><span style=\"color: #000000;\">Zerkleinerung von D\u00fcnnfolien (z.B. BOPP Folien \/ BOPET Folien \/ PP Folien)<\/span><\/li>\n<li><span style=\"color: #000000;\">Zerkleinerung von B\u00e4ndchengew\u00f6llen<\/span><\/li>\n<li><span style=\"color: #000000;\">Zerkleinerung von PP-Bigbags<\/span><\/li>\n<li><span style=\"color: #000000;\">Zerkleinerung von Folienpaketen<\/span><\/li>\n<\/ul>\n<p><span style=\"color: #000000;\"><strong>Schneidm\u00fchlen der Baureihe <a href=\"https:\/\/neue-herbold.com\/de\/rohr-profilmuehle-sr-lp\/\">SR<\/a><\/strong> + <strong><a style=\"color: #0000ff;\" href=\"https:\/\/neue-herbold.com\/de\/rohr-profilmuehle-sr-lp\/\">LP<\/a><\/strong><\/span><\/p>\n<ul>\n<li><span style=\"color: #000000;\">Zerkleinerung von langen Rohren und Profilen<\/span><\/li>\n<\/ul>\n<h2><span style=\"color: #000000;\"><strong>Feinm\u00fchlen \/ Feinmahlanlagen \/ Prallscheibenm\u00fchlen<\/strong><\/span><\/h2>\n<p><span style=\"color: #000000;\"><strong>Feinm\u00fchlen \/ Prallscheibenm\u00fchlen der Baureihe <a style=\"color: #0000ff;\" href=\"https:\/\/neue-herbold.com\/de\/feinmuehlen\/\">ZM<\/a><\/strong><\/span><\/p>\n<ul>\n<li><span style=\"color: #000000;\">Feinmahlung von PE Granulat<\/span><\/li>\n<li><span style=\"color: #000000;\">Feinmahlung von PVC Granulat<\/span><\/li>\n<li><span style=\"color: #000000;\">Feinmahlung von PC Granulat<\/span><\/li>\n<li><span style=\"color: #000000;\">Feinmahlung von sonstigen Kunststoffgranulaten<\/span><\/li>\n<\/ul>\n<h2><span style=\"color: #000000;\"><strong>Hammerm\u00fchlen<\/strong><\/span><\/h2>\n<p><span style=\"color: #000000;\"><strong>Hammerm\u00fchlen der Baureihe <a style=\"color: #0000ff;\" href=\"https:\/\/neue-herbold.com\/de\/hammermuehlen\/\">HM<\/a><\/strong><\/span><\/p>\n<ul>\n<li><span style=\"color: #000000;\">Zerkleinerung von schlag-br\u00fcchigen Kunststoffen<\/span><\/li>\n<li><span style=\"color: #000000;\">Zerkleinerung von Elektroschrotten<\/span><\/li>\n<li><span style=\"color: #000000;\">Zerkleinerung von Holz<\/span><\/li>\n<li><span style=\"color: #000000;\">Zerkleinerung von D\u00e4mmstoffen<\/span><\/li>\n<li><span style=\"color: #000000;\">Zerkleinerung von sonstigen schlagbr\u00fcchigen Stoffen<\/span><\/li>\n<\/ul>\n<h2><span style=\"color: #000000;\"><strong>Waschanlagen, Trennanlagen und Recyclinganlagen<br \/> f\u00fcr verunreinigte Kunststoffe \/ Kunststoffabf\u00e4lle<br \/> <\/strong><\/span><\/h2>\n<p><span style=\"color: #000000;\">F\u00fcr die Aufbereitung von verschmutzten Kunststoffabf\u00e4llen konzipiert, fertigt und liefert die Neue Herbold in modularer Bauweise je nach Aufgabenstellung speziell an den Anwendungsfall zugeschnittene Anlagentechnik von der Zerkleinerung (Na\u00dfzerkleinerung \/ Trockenzerkleinerung) \u00fcber die Trennung \/ Abscheidung von Fremdstoffen und der Reinigung der Kunststoffflakes \/ Kunststoffgranulate bis zur mechanischen Trocknung bzw. wenn n\u00f6tig thermischen Trocknung der entstandenen Kunststoffgranulate \/ Kunststoffflakes.<\/span><\/p>\n<p><span style=\"color: #000000;\"><strong>Nachfolgend einige Anwendungsbeispiele f\u00fcr Waschanlagen:<\/strong><\/span><\/p>\n<p><span style=\"color: #000000;\">Nassaufbereitung (Waschm\u00fchlen, Schwimm-Sink Tank \/ Trennbeh\u00e4lter, Friktionsabscheider, Trocknungszentrifugen, Thermische Trocknung f\u00fcr die Kunststoffaufbereitung)<\/span><\/p>\n<ul>\n<li><span style=\"color: #000000;\"><strong>PE \/ PP &#8211; Flaschenabf\u00e4lle<\/strong> f\u00fcr Durchsatzleistungen von 250 bis 2000 kg\/h<\/span><\/li>\n<li><span style=\"color: #000000;\"><strong>PE \/ PP &#8211; Getr\u00e4nkek\u00e4sten<\/strong> f\u00fcr Durchsatzleistungen von 250 bis 2000 kg\/h<\/span><\/li>\n<li><span style=\"color: #000000;\"><strong>PE \/ PP &#8211; Folienabf\u00e4lle<\/strong> (Agrarfolie bzw. Folienabf\u00e4lle aus Sortieranlagen) <\/span><br \/> <span style=\"color: #000000;\"> f\u00fcr Durchsatzleistungen von 250 bis 2000 kg\/h<\/span><\/li>\n<li><span style=\"color: #000000;\"><strong>PET &#8211; Flaschenaufbereitung<\/strong> f\u00fcr Durchsatzleistungen von 250 bis 1000 kg\/h<\/span><\/li>\n<li><span style=\"color: #000000;\"><strong>Anlagen zum Recycling von technischen Kunststoffen<\/strong><\/span><\/li>\n<li><span style=\"color: #000000;\"><strong>Waschanlagen f\u00fcr die Aufbereitung von Kunststoffabfall<br \/> <\/strong>(Zerkleinerung, Waschen, Trennen, Trocknen &#8211; in modularer Bauweise)<\/span><\/li>\n<\/ul>\n<p><span style=\"color: #000000;\"><strong>Nachfolgend weitere Maschinen, welche sowohl einzeln zur Verbesserung der kundenseitig installierten Systeme als auch im Rahmen einer kompletten Waschanlage \/ Aufbereitungsanlage angeboten werden:<\/strong><\/span><\/p>\n<p><span style=\"color: #000000;\"><strong>Puffersilos der Baureihe<\/strong> <strong><a style=\"color: #0000ff;\" href=\"https:\/\/neue-herbold.com\/de\/foliensilos-fs\/\">FS<\/a><br \/> <\/strong>zur Bevorratung und Erm\u00f6glichung einer gleichm\u00e4\u00dfigen Beschickung des Wasch- bzw. Trennteils der Anlage<\/span><\/p>\n<p><span style=\"color: #000000;\"><strong>Trennbeh\u00e4lter der Baureihe<\/strong> <strong><a style=\"color: #0000ff;\" href=\"https:\/\/neue-herbold.com\/de\/trennbehaelter-tb\/\">TB<\/a><br \/> <\/strong>zur Trennung des Mahlgutes von Schwer- bzw. Leichtfraktion<\/span><br \/> <span style=\"color: #000000;\"> <strong><br \/> Friktionsw\u00e4scher der Baureihe <a style=\"color: #0000ff;\" href=\"https:\/\/neue-herbold.com\/de\/friktionswaescher\/\">FW<\/a><br \/> <\/strong>zum Waschen von Mahlgutfraktionen, vorzugsweise Folienschnitzel, Granulat<\/span><br \/> <span style=\"color: #000000;\"> aus PET-Flaschenware und sonstigen Hartkunststoffwaren<\/span><br \/> <span style=\"color: #000000;\"> <strong><br \/> Intensivw\u00e4scher der Baureihe <a style=\"color: #0000ff;\" href=\"https:\/\/neue-herbold.com\/de\/intensivwaescher-iw\/\">IW<\/a><br \/> <\/strong>zur Oberfl\u00e4chenreinigung des Mahlgutes<\/span><br \/> <span style=\"color: #000000;\"> <strong><br \/> Mechanische Trockner der Baureihe <\/strong> <a style=\"color: #0000ff;\" href=\"https:\/\/neue-herbold.com\/de\/mechanische-trockner-tm\/\"><strong>TM<br \/> <\/strong><\/a>zur mechanischen Oberfl\u00e4chentrocknung des Mahlgutes<\/span><br \/> <span style=\"color: #000000;\"> <strong><br \/> Thermische Trockner der Baureihe <\/strong> <a style=\"color: #0000ff;\" href=\"https:\/\/neue-herbold.com\/de\/thermische-trockner-tt\/\"><strong>TT<br \/> <\/strong><\/a>zur Nachtrocknung des Materials auf eine Restfeuchte kleiner 1 Gew. %<\/span><br \/> <span style=\"color: #000000;\"> <strong><br \/> Feingutabscheider der Baureihe <a style=\"color: #0000ff;\" href=\"https:\/\/neue-herbold.com\/de\/feingutabscheider-hs\/\">HS<\/a><br \/> <\/strong>zur Abtrennung von restlichen Staub- und Feingutanteilen<\/span><\/p>\n<p><span style=\"color: #000000;\"><strong>Siebmaschinnen der Baureihe<\/strong> <strong><a style=\"color: #0000ff;\" href=\"https:\/\/neue-herbold.com\/de\/taumelsiebmaschine-tsm\/\">TSM<\/a><br \/> <\/strong>zur Absiebung von Schwebeteilen und Materialresten<\/span><\/p>\n<p><span style=\"color: #000000;\"><strong>Wertstoffaufbereitung<\/strong><\/span><\/p>\n<ul>\n<li><span style=\"color: #000000;\">Altkabelaufbereitung (Zerkleinerung, Trennen von Kunststoffen und Metallen)<\/span><\/li>\n<li><span style=\"color: #000000;\">Anlagen zur Zerkleinerung von Glaswolle \/ Mineralwolle<\/span><\/li>\n<li><span style=\"color: #000000;\">Anlagen zur Zerkleinerung von Porenbetonsteinen \/ Kalksandsteinen<\/span><\/li>\n<li><span style=\"color: #000000;\">Anlagen zur Zerkleinerung von Altholz \/ Holzpaletten<\/span><\/li>\n<\/ul>\n<p><strong><a href=\"https:\/\/neue-herbold.com\/de\/service-uebersicht\/\">Service<\/a> \/ <a href=\"https:\/\/neue-herbold.com\/de\/zubehoer\/\">Zubeh\u00f6r<\/a><\/strong> \/<strong> <a href=\"https:\/\/neue-herbold.com\/de\/reparaturen-von-recyclinganlagen-und-schneidmuehlen\/\">Reparaturen<\/a> \/ <a href=\"https:\/\/neue-herbold.com\/de\/ersatzteile\/\">Ersatzteile<\/a><\/strong><\/p>\n<p><span style=\"color: #000000;\">Selbstverst\u00e4ndlich enth\u00e4lt unser Lieferprogramm auch die notwendigen vor- und nachgeschalteten Komponenten, wie z.B. <\/span><span style=\"color: #000000;\">F\u00f6rderb\u00e4nder, Rolleneinz\u00fcge, Metalldetektoren , <a style=\"color: #0000ff;\" href=\"https:\/\/neue-herbold.com\/de\/metallsuchspulen\/\">Metallsuchspulen<\/a> , \u00dcberbandmagnete, Kippger\u00e4te, F\u00f6rderschnecken, Transportschnecken, Zellenradschleusen, R\u00fctteltische, Trenntische, Trenntechnik, <a style=\"color: #0000ff;\" href=\"https:\/\/neue-herbold.com\/de\/absauganlagen\/\">Absauganlagen<\/a>, <a style=\"color: #0000ff;\" href=\"https:\/\/neue-herbold.com\/de\/zick-zack-sichter-zs\/\">Zick-Zack-Sichter<\/a>, Zyklone, <a style=\"color: #0000ff;\" href=\"https:\/\/neue-herbold.com\/de\/feingutabscheider-hs\/\">Feingutabscheider<\/a>, Metallseparierung, Abluftfiltersysteme, Materialf\u00f6rdergebl\u00e4se (Baureihe MFT), <\/span><span style=\"color: #000000;\">Big-Bag-Stationen usw.<\/span><\/p>\n<p><span style=\"color: #000000;\">Gerne f\u00fchren wir f\u00fcr Sie auch den Service, Reparaturen und Ersatzteilversorgung f\u00fcr Ihre bestehenden Maschinen durch; egal ob es sich um ein Produkt von uns &#8211; oder um ein g\u00e4ngiges Wettbewerbsprodukt handelt.<\/span><\/p>\n<p><a href=\"https:\/\/neue-herbold.com\/wp-content\/uploads\/2014\/12\/Neue-Herbold-Lieferprogramm.pdf\" target=\"_blank\">Unser Lieferprogramm<img loading=\"lazy\" decoding=\"async\" class=\"wp-image-5703 alignleft\" src=\"https:\/\/neue-herbold.com\/wp-content\/uploads\/2014\/12\/PDF-ICON.jpg\" alt=\"Lieferprogramm\" width=\"50\" height=\"48\" \/><\/a><\/p>\n<p>&nbsp;<\/p>\n<p><a href=\"https:\/\/de.wikipedia.org\/wiki\/Elektronikschrott\" target=\"_blank\"><img loading=\"lazy\" decoding=\"async\" class=\"wp-image-6978 alignleft\" src=\"https:\/\/neue-herbold.com\/wp-content\/uploads\/2014\/11\/Wikipedia.jpg\" alt=\"Wikipedia\" width=\"48\" height=\"48\" srcset=\"https:\/\/neue-herbold.com\/wp-content\/uploads\/2014\/11\/Wikipedia.jpg 265w, https:\/\/neue-herbold.com\/wp-content\/uploads\/2014\/11\/Wikipedia-100x100.jpg 100w, https:\/\/neue-herbold.com\/wp-content\/uploads\/2014\/11\/Wikipedia-150x150.jpg 150w, https:\/\/neue-herbold.com\/wp-content\/uploads\/2014\/11\/Wikipedia-200x200.jpg 200w\" sizes=\"(max-width: 48px) 100vw, 48px\" \/>Kunststoffgranulat<\/a> \/ <a href=\"https:\/\/de.wikipedia.org\/wiki\/Elektronikschrott\" target=\"_blank\">Elektronikschrott<\/a> \/ <a href=\"https:\/\/de.wikipedia.org\/wiki\/D%C3%A4mmstoff\" target=\"_blank\">D\u00e4mmstoff<\/a> \/ <a href=\"https:\/\/de.wikipedia.org\/wiki\/Recycling\" target=\"_blank\">Tiefziehen<\/a><\/p>\n","protected":false},"excerpt":{"rendered":"<p><span style=\"color: #000000;\"><strong>Shredder \/ Vorzerkleinerung<\/strong><\/span><\/p>\n<p>Unser Lieferprogramm umfasst folgende Maschinen und Anlagen<\/p>\n<p><span style=\"color: #000000;\"><strong>Einwellenshredder der Baureihe <a style=\"color: #0000ff;\" href=\"https:\/\/neue-herbold.com\/de\/einwellenschredder-hzr\/\">HZR<\/a><\/strong><\/span><\/p>\n<ul>\n<li><span style=\"color: #000000;\"> zur Vorzerkleinerung<\/span><\/li>\n<li><span style=\"color: #000000;\">zur Vorzerkleinerung von Ballenwaren <\/span><\/li>\n<li><span style=\"color: #000000;\">zur Vorzerkleinerung <\/span><span style=\"color: #000000;\">von Altreifen<\/span><\/li>\n<li><span style=\"color: #000000;\">zur Vorzerkleinerung von Ersatzbrennstoffen<\/span><\/li>\n<li><span style=\"color: #000000;\">zur Vorzerkleinerung von DSD-Abf\u00e4llen<\/span><\/li>\n<\/ul>\n<p><strong>Zweiwellenshredder der Baureihe <a href=\"https:\/\/neue-herbold.com\/de\/zweiwellenschredder-zrm\/\">ZRM<\/a><\/strong><\/p>\n<ul>\n<li><span style=\"color: #000000;\"> zur Vorzerkleinerung von gro\u00dfen bzw.<\/span><\/li>\n<\/ul>\n<p><span class=\"ellipsis\">&hellip;<\/span><\/p>\n<div class=\"read-more\"><a href=\"https:\/\/neue-herbold.com\/de\/lieferprogramm\/\">Weiterlesen \u203a<\/a><\/div>\n<p><!-- end of .read-more --><\/p>\n","protected":false},"author":1,"featured_media":0,"parent":0,"menu_order":0,"comment_status":"closed","ping_status":"closed","template":"","meta":{"footnotes":""},"class_list":["post-9200","page","type-page","status-publish","hentry"],"yoast_head":"<!-- This site is optimized with the Yoast SEO plugin v25.4 - https:\/\/yoast.com\/wordpress\/plugins\/seo\/ -->\n<title>Lieferprogramm - Neue Herbold GmbH - Sinsheim<\/title>\n<meta name=\"description\" content=\"Unser Lieferprogramm: Einwellenshredder der Baureihe HZR zur Vorzerkleinerung, zur Vorzerkleinerung von Ballenwaren, zur Vorzerkleinerung von Altreifen, zur\" \/>\n<meta name=\"robots\" content=\"index, follow, max-snippet:-1, max-image-preview:large, max-video-preview:-1\" \/>\n<link rel=\"canonical\" href=\"https:\/\/neue-herbold.com\/de\/lieferprogramm\/\" \/>\n<meta property=\"og:locale\" content=\"de_DE\" \/>\n<meta property=\"og:type\" content=\"article\" \/>\n<meta property=\"og:title\" content=\"Lieferprogramm - Neue Herbold GmbH - Sinsheim\" \/>\n<meta property=\"og:description\" content=\"Unser Lieferprogramm: Einwellenshredder der Baureihe HZR zur Vorzerkleinerung, zur Vorzerkleinerung von Ballenwaren, zur Vorzerkleinerung von Altreifen, zur\" \/>\n<meta property=\"og:url\" content=\"https:\/\/neue-herbold.com\/de\/lieferprogramm\/\" \/>\n<meta property=\"og:site_name\" content=\"Neue Herbold GmbH\" \/>\n<meta property=\"article:modified_time\" content=\"2016-06-08T22:26:03+00:00\" \/>\n<meta property=\"og:image\" content=\"https:\/\/neue-herbold.com\/wp-content\/uploads\/2014\/12\/PDF-ICON.jpg\" \/>\n<meta name=\"twitter:label1\" content=\"Gesch\u00e4tzte Lesezeit\" \/>\n\t<meta name=\"twitter:data1\" content=\"3\u00a0Minuten\" \/>\n<script type=\"application\/ld+json\" class=\"yoast-schema-graph\">{\"@context\":\"https:\/\/schema.org\",\"@graph\":[{\"@type\":\"WebPage\",\"@id\":\"https:\/\/neue-herbold.com\/de\/lieferprogramm\/\",\"url\":\"https:\/\/neue-herbold.com\/de\/lieferprogramm\/\",\"name\":\"Lieferprogramm - Neue Herbold GmbH - Sinsheim\",\"isPartOf\":{\"@id\":\"https:\/\/neue-herbold.com\/en\/#website\"},\"primaryImageOfPage\":{\"@id\":\"https:\/\/neue-herbold.com\/de\/lieferprogramm\/#primaryimage\"},\"image\":{\"@id\":\"https:\/\/neue-herbold.com\/de\/lieferprogramm\/#primaryimage\"},\"thumbnailUrl\":\"https:\/\/neue-herbold.com\/wp-content\/uploads\/2014\/12\/PDF-ICON.jpg\",\"datePublished\":\"2016-06-05T23:18:20+00:00\",\"dateModified\":\"2016-06-08T22:26:03+00:00\",\"description\":\"Unser Lieferprogramm: Einwellenshredder der Baureihe HZR zur Vorzerkleinerung, zur Vorzerkleinerung von Ballenwaren, zur Vorzerkleinerung von Altreifen, zur\",\"breadcrumb\":{\"@id\":\"https:\/\/neue-herbold.com\/de\/lieferprogramm\/#breadcrumb\"},\"inLanguage\":\"de\",\"potentialAction\":[{\"@type\":\"ReadAction\",\"target\":[\"https:\/\/neue-herbold.com\/de\/lieferprogramm\/\"]}]},{\"@type\":\"ImageObject\",\"inLanguage\":\"de\",\"@id\":\"https:\/\/neue-herbold.com\/de\/lieferprogramm\/#primaryimage\",\"url\":\"https:\/\/neue-herbold.com\/wp-content\/uploads\/2014\/12\/PDF-ICON.jpg\",\"contentUrl\":\"https:\/\/neue-herbold.com\/wp-content\/uploads\/2014\/12\/PDF-ICON.jpg\"},{\"@type\":\"BreadcrumbList\",\"@id\":\"https:\/\/neue-herbold.com\/de\/lieferprogramm\/#breadcrumb\",\"itemListElement\":[{\"@type\":\"ListItem\",\"position\":1,\"name\":\"Startseite\",\"item\":\"https:\/\/neue-herbold.com\/de\/\"},{\"@type\":\"ListItem\",\"position\":2,\"name\":\"Lieferprogramm\"}]},{\"@type\":\"WebSite\",\"@id\":\"https:\/\/neue-herbold.com\/en\/#website\",\"url\":\"https:\/\/neue-herbold.com\/en\/\",\"name\":\"Neue Herbold GmbH\",\"description\":\"\",\"potentialAction\":[{\"@type\":\"SearchAction\",\"target\":{\"@type\":\"EntryPoint\",\"urlTemplate\":\"https:\/\/neue-herbold.com\/en\/?s={search_term_string}\"},\"query-input\":{\"@type\":\"PropertyValueSpecification\",\"valueRequired\":true,\"valueName\":\"search_term_string\"}}],\"inLanguage\":\"de\"}]}<\/script>\n<!-- \/ Yoast SEO plugin. -->","yoast_head_json":{"title":"Lieferprogramm - Neue Herbold GmbH - Sinsheim","description":"Unser Lieferprogramm: Einwellenshredder der Baureihe HZR zur Vorzerkleinerung, zur Vorzerkleinerung von Ballenwaren, zur Vorzerkleinerung von Altreifen, zur","robots":{"index":"index","follow":"follow","max-snippet":"max-snippet:-1","max-image-preview":"max-image-preview:large","max-video-preview":"max-video-preview:-1"},"canonical":"https:\/\/neue-herbold.com\/de\/lieferprogramm\/","og_locale":"de_DE","og_type":"article","og_title":"Lieferprogramm - Neue Herbold GmbH - Sinsheim","og_description":"Unser Lieferprogramm: Einwellenshredder der Baureihe HZR zur Vorzerkleinerung, zur Vorzerkleinerung von Ballenwaren, zur Vorzerkleinerung von Altreifen, zur","og_url":"https:\/\/neue-herbold.com\/de\/lieferprogramm\/","og_site_name":"Neue Herbold GmbH","article_modified_time":"2016-06-08T22:26:03+00:00","og_image":[{"url":"https:\/\/neue-herbold.com\/wp-content\/uploads\/2014\/12\/PDF-ICON.jpg","type":"","width":"","height":""}],"twitter_misc":{"Gesch\u00e4tzte Lesezeit":"3\u00a0Minuten"},"schema":{"@context":"https:\/\/schema.org","@graph":[{"@type":"WebPage","@id":"https:\/\/neue-herbold.com\/de\/lieferprogramm\/","url":"https:\/\/neue-herbold.com\/de\/lieferprogramm\/","name":"Lieferprogramm - Neue Herbold GmbH - Sinsheim","isPartOf":{"@id":"https:\/\/neue-herbold.com\/en\/#website"},"primaryImageOfPage":{"@id":"https:\/\/neue-herbold.com\/de\/lieferprogramm\/#primaryimage"},"image":{"@id":"https:\/\/neue-herbold.com\/de\/lieferprogramm\/#primaryimage"},"thumbnailUrl":"https:\/\/neue-herbold.com\/wp-content\/uploads\/2014\/12\/PDF-ICON.jpg","datePublished":"2016-06-05T23:18:20+00:00","dateModified":"2016-06-08T22:26:03+00:00","description":"Unser Lieferprogramm: Einwellenshredder der Baureihe HZR zur Vorzerkleinerung, zur Vorzerkleinerung von Ballenwaren, zur Vorzerkleinerung von Altreifen, zur","breadcrumb":{"@id":"https:\/\/neue-herbold.com\/de\/lieferprogramm\/#breadcrumb"},"inLanguage":"de","potentialAction":[{"@type":"ReadAction","target":["https:\/\/neue-herbold.com\/de\/lieferprogramm\/"]}]},{"@type":"ImageObject","inLanguage":"de","@id":"https:\/\/neue-herbold.com\/de\/lieferprogramm\/#primaryimage","url":"https:\/\/neue-herbold.com\/wp-content\/uploads\/2014\/12\/PDF-ICON.jpg","contentUrl":"https:\/\/neue-herbold.com\/wp-content\/uploads\/2014\/12\/PDF-ICON.jpg"},{"@type":"BreadcrumbList","@id":"https:\/\/neue-herbold.com\/de\/lieferprogramm\/#breadcrumb","itemListElement":[{"@type":"ListItem","position":1,"name":"Startseite","item":"https:\/\/neue-herbold.com\/de\/"},{"@type":"ListItem","position":2,"name":"Lieferprogramm"}]},{"@type":"WebSite","@id":"https:\/\/neue-herbold.com\/en\/#website","url":"https:\/\/neue-herbold.com\/en\/","name":"Neue Herbold GmbH","description":"","potentialAction":[{"@type":"SearchAction","target":{"@type":"EntryPoint","urlTemplate":"https:\/\/neue-herbold.com\/en\/?s={search_term_string}"},"query-input":{"@type":"PropertyValueSpecification","valueRequired":true,"valueName":"search_term_string"}}],"inLanguage":"de"}]}},"_links":{"self":[{"href":"https:\/\/neue-herbold.com\/de\/wp-json\/wp\/v2\/pages\/9200"}],"collection":[{"href":"https:\/\/neue-herbold.com\/de\/wp-json\/wp\/v2\/pages"}],"about":[{"href":"https:\/\/neue-herbold.com\/de\/wp-json\/wp\/v2\/types\/page"}],"author":[{"embeddable":true,"href":"https:\/\/neue-herbold.com\/de\/wp-json\/wp\/v2\/users\/1"}],"replies":[{"embeddable":true,"href":"https:\/\/neue-herbold.com\/de\/wp-json\/wp\/v2\/comments?post=9200"}],"version-history":[{"count":6,"href":"https:\/\/neue-herbold.com\/de\/wp-json\/wp\/v2\/pages\/9200\/revisions"}],"predecessor-version":[{"id":9730,"href":"https:\/\/neue-herbold.com\/de\/wp-json\/wp\/v2\/pages\/9200\/revisions\/9730"}],"wp:attachment":[{"href":"https:\/\/neue-herbold.com\/de\/wp-json\/wp\/v2\/media?parent=9200"}],"curies":[{"name":"wp","href":"https:\/\/api.w.org\/{rel}","templated":true}]}}