{"id":9178,"date":"2016-06-06T00:42:45","date_gmt":"2016-06-05T22:42:45","guid":{"rendered":"https:\/\/neue-herbold.com\/en\/?page_id=9178"},"modified":"2016-06-06T03:00:29","modified_gmt":"2016-06-06T01:00:29","slug":"neuigkeiten-schneidmuehlen-mit-zwangsbeschickung","status":"publish","type":"page","link":"https:\/\/neue-herbold.com\/de\/neuigkeiten-schneidmuehlen-mit-zwangsbeschickung\/","title":{"rendered":"Schneidm\u00fchlen mit Zwangsbeschickung"},"content":{"rendered":"<p><a href=\"https:\/\/neue-herbold.com\/wp-content\/uploads\/2015\/03\/SM800_2000-ZB_NEU.jpg\" target=\"_blank\"><img loading=\"lazy\" decoding=\"async\" class=\"  alignright wp-image-4789\" src=\"https:\/\/neue-herbold.com\/wp-content\/uploads\/2015\/03\/SM800_2000-ZB_NEU.jpg\" alt=\"\" width=\"420\" height=\"603\" srcset=\"https:\/\/neue-herbold.com\/wp-content\/uploads\/2015\/03\/SM800_2000-ZB_NEU.jpg 626w, https:\/\/neue-herbold.com\/wp-content\/uploads\/2015\/03\/SM800_2000-ZB_NEU-209x300.jpg 209w, https:\/\/neue-herbold.com\/wp-content\/uploads\/2015\/03\/SM800_2000-ZB_NEU-100x144.jpg 100w, https:\/\/neue-herbold.com\/wp-content\/uploads\/2015\/03\/SM800_2000-ZB_NEU-150x216.jpg 150w, https:\/\/neue-herbold.com\/wp-content\/uploads\/2015\/03\/SM800_2000-ZB_NEU-200x288.jpg 200w, https:\/\/neue-herbold.com\/wp-content\/uploads\/2015\/03\/SM800_2000-ZB_NEU-300x431.jpg 300w, https:\/\/neue-herbold.com\/wp-content\/uploads\/2015\/03\/SM800_2000-ZB_NEU-450x647.jpg 450w, https:\/\/neue-herbold.com\/wp-content\/uploads\/2015\/03\/SM800_2000-ZB_NEU-600x863.jpg 600w\" sizes=\"(max-width: 420px) 100vw, 420px\" \/><\/a><strong>Um die Durchsatzleistung der bestehenden Schneidm\u00fchlenbaureihen im Bereich der Aufbereitung loser nicht verpresster Abf\u00e4lle zu steigern, wurde nun durch Entwicklung einer Zwangszuf\u00fchrung mittels F\u00f6rderschnecke\/n die gezielte Materialbeschickung von Schneidm\u00fchlen technisch optimiert.<\/strong><\/p>\n<p>Nach Aufgabe des Materials in den Einlauftrichter mittels F\u00f6rderband folgt die Zuf\u00fchrung in den Mahlraum nicht mehr ausschlie\u00dflich gem\u00e4\u00df dem Schwerkraftprinzip &#8211; vielmehr wird das Material durch eine\/mehrere vertikal angeordnete Schneckenwelle\/n in die Mahlkammer transportiert. Je nach M\u00fchlengr\u00f6\u00dfe, welche durch den jeweiligen Leistungsbedarf ermittelt wird, variiert die Anzahl der Schnecken, die Rotationsgeschwindigkeit der Wellen oder deren Antriebsleistung. Eine lastabh\u00e4ngige Steuerung sowie per Frequenzumformer gesteuerte F\u00f6rderschnecken verhindern ein Blockieren des Rotors infolge Materialstaus und erlauben gleichzeitig eine dem Material optimal entsprechende Durchsatzleistung. Durch die verschlei\u00dfgesch\u00fctzte Ausf\u00fchrung der F\u00f6rderschneckenwelle\/n wird zudem der Abrieb reduziert und somit die Nutzungsdauer optimiert.<\/p>\n<p>Die Eigenschaften dieser Beschickungsmethode er\u00f6ffnen dem Kunden vielversprechende Vorteile:<\/p>\n<p><em><strong>Umfassender Anwendungsbereich<\/strong> <\/em><\/p>\n<p>Pr\u00e4destiniert f\u00fcr Kunststoffflaschen, Kanisterware, leichte Verpackungsmaterialien aus der Nahrungsmittelindustrie, sowie s\u00e4mtliche d\u00fcnnwandigen Hohlk\u00f6rper Beispiele potentieller Eintragsmaterialien dar.<\/p>\n<p><em><strong>Erh\u00f6hte Durchsatzleistung<\/strong><\/em><\/p>\n<p>Die im Einlauftrichter montierten Schneckenwellen bewirken eine kontinuierliche Materialzuf\u00fchrung des Rotors und verhindern gleichzeitig ein \u201eAusweichen\u201c des Materials. Hieraus resultieren Leistungssteigerungen um bis zu 30%.<\/p>\n<p><em><strong>Erh\u00f6hte Maschineneffizienz<\/strong><\/em><\/p>\n<p>Die pr\u00e4zise und konstante Beschickung des Rotors mit Eintragsmaterial nutzt die Rotorleistung optimal aus und unterst\u00fctzt so einen effektiven Anlagenbetrieb. Au\u00dferdem wird ein Herausspritzen des Materials aus dem Trichter reduziert, wodurch das Inputmaterial vollst\u00e4ndig verarbeitet wird.<\/p>\n<p><em><strong>Gesteigerte Materialzufuhr<\/strong><\/em><\/p>\n<p>Hervorgerufen durch die stetige Zerkleinerung des Materials kann der Einlauftrichter fortlaufend und in gro\u00dfen Mengen beschickt werden. Gegen\u00fcber einer herk\u00f6mmlichen Schneidm\u00fchle ist ein Materialstau im Trichter nahezu unm\u00f6glich, was folglich zu einer Maximierung der Inputkapazit\u00e4t f\u00fchrt.<\/p>\n<p><em><strong>Verminderung von Schall- und Stromspitzen<\/strong><\/em><\/p>\n<p>Die kontrollierte Materialzuf\u00fchrung des Rotors generiert einen gleichm\u00e4\u00dfigen, ruhigen Rotorlauf und reduziert damit Schallspitzen, die aufgrund von \u00dcberf\u00fctterung in Standardmaschinen gelegentlich auftreten k\u00f6nnen. Gleichzeitig verhindert die konstante Materialzufuhr Stromspitzen w\u00e4hrend des Maschinenbetriebs.<\/p>\n<p>Schneidm\u00fchlen, die mit einer Zwangsbeschickung ausgestattet werden k\u00f6nnen, bietet die <strong>NEUE HERBOLD<\/strong> Maschinen- und Anlagenbau GmbH in vielen verschiedenen Baugr\u00f6\u00dfen und Ausf\u00fchrungen an.<\/p>\n","protected":false},"excerpt":{"rendered":"<p><a href=\"https:\/\/neue-herbold.com\/wp-content\/uploads\/2015\/03\/SM800_2000-ZB_NEU.jpg\" target=\"_blank\"><img loading=\"lazy\" decoding=\"async\" class=\"  alignright wp-image-4789\" src=\"https:\/\/neue-herbold.com\/wp-content\/uploads\/2015\/03\/SM800_2000-ZB_NEU.jpg\" alt=\"\" width=\"420\" height=\"603\" srcset=\"https:\/\/neue-herbold.com\/wp-content\/uploads\/2015\/03\/SM800_2000-ZB_NEU.jpg 626w, https:\/\/neue-herbold.com\/wp-content\/uploads\/2015\/03\/SM800_2000-ZB_NEU-209x300.jpg 209w, https:\/\/neue-herbold.com\/wp-content\/uploads\/2015\/03\/SM800_2000-ZB_NEU-100x144.jpg 100w, https:\/\/neue-herbold.com\/wp-content\/uploads\/2015\/03\/SM800_2000-ZB_NEU-150x216.jpg 150w, https:\/\/neue-herbold.com\/wp-content\/uploads\/2015\/03\/SM800_2000-ZB_NEU-200x288.jpg 200w, https:\/\/neue-herbold.com\/wp-content\/uploads\/2015\/03\/SM800_2000-ZB_NEU-300x431.jpg 300w, https:\/\/neue-herbold.com\/wp-content\/uploads\/2015\/03\/SM800_2000-ZB_NEU-450x647.jpg 450w, https:\/\/neue-herbold.com\/wp-content\/uploads\/2015\/03\/SM800_2000-ZB_NEU-600x863.jpg 600w\" sizes=\"(max-width: 420px) 100vw, 420px\" \/><\/a><strong>Um die Durchsatzleistung der bestehenden Schneidm\u00fchlenbaureihen im Bereich der Aufbereitung loser nicht verpresster Abf\u00e4lle zu steigern, wurde nun durch Entwicklung einer Zwangszuf\u00fchrung mittels F\u00f6rderschnecke\/n die gezielte Materialbeschickung von Schneidm\u00fchlen technisch optimiert.<\/strong><\/p>\n<p>Nach Aufgabe des Materials in den Einlauftrichter mittels F\u00f6rderband folgt die Zuf\u00fchrung in den Mahlraum nicht mehr ausschlie\u00dflich gem\u00e4\u00df dem Schwerkraftprinzip &#8211;<\/p>\n<p><span class=\"ellipsis\">&hellip;<\/span><\/p>\n<div class=\"read-more\"><a href=\"https:\/\/neue-herbold.com\/de\/neuigkeiten-schneidmuehlen-mit-zwangsbeschickung\/\">Weiterlesen \u203a<\/a><\/div>\n<p><!-- end of .read-more --><\/p>\n","protected":false},"author":1,"featured_media":0,"parent":0,"menu_order":0,"comment_status":"closed","ping_status":"closed","template":"","meta":{"footnotes":""},"class_list":["post-9178","page","type-page","status-publish","hentry"],"yoast_head":"<!-- This site is optimized with the Yoast SEO plugin v25.4 - https:\/\/yoast.com\/wordpress\/plugins\/seo\/ -->\n<title>Schneidm\u00fchlen mit Zwangsbeschickung - Neue Herbold GmbH<\/title>\n<meta name=\"description\" content=\"Die Firma NEUE HERBOLD Maschinen- und Anlagenbau GmbH, D-74889 Sinsheim-Reihen bietet ein - Schneidm\u00fchlen mit Zwangsbeschickung\" \/>\n<meta name=\"robots\" content=\"index, follow, max-snippet:-1, max-image-preview:large, max-video-preview:-1\" \/>\n<link rel=\"canonical\" href=\"https:\/\/neue-herbold.com\/de\/neuigkeiten-schneidmuehlen-mit-zwangsbeschickung\/\" \/>\n<meta property=\"og:locale\" content=\"de_DE\" \/>\n<meta property=\"og:type\" content=\"article\" \/>\n<meta property=\"og:title\" content=\"Schneidm\u00fchlen mit Zwangsbeschickung - Neue Herbold GmbH\" \/>\n<meta property=\"og:description\" content=\"Die Firma NEUE HERBOLD Maschinen- und Anlagenbau GmbH, D-74889 Sinsheim-Reihen bietet ein - Schneidm\u00fchlen mit Zwangsbeschickung\" \/>\n<meta property=\"og:url\" content=\"https:\/\/neue-herbold.com\/de\/neuigkeiten-schneidmuehlen-mit-zwangsbeschickung\/\" \/>\n<meta property=\"og:site_name\" content=\"Neue Herbold GmbH\" \/>\n<meta property=\"article:modified_time\" content=\"2016-06-06T01:00:29+00:00\" \/>\n<meta property=\"og:image\" content=\"https:\/\/neue-herbold.com\/wp-content\/uploads\/2015\/03\/SM800_2000-ZB_NEU.jpg\" \/>\n<meta name=\"twitter:label1\" content=\"Gesch\u00e4tzte Lesezeit\" \/>\n\t<meta name=\"twitter:data1\" content=\"2\u00a0Minuten\" \/>\n<script type=\"application\/ld+json\" class=\"yoast-schema-graph\">{\"@context\":\"https:\/\/schema.org\",\"@graph\":[{\"@type\":\"WebPage\",\"@id\":\"https:\/\/neue-herbold.com\/de\/neuigkeiten-schneidmuehlen-mit-zwangsbeschickung\/\",\"url\":\"https:\/\/neue-herbold.com\/de\/neuigkeiten-schneidmuehlen-mit-zwangsbeschickung\/\",\"name\":\"Schneidm\u00fchlen mit Zwangsbeschickung - Neue Herbold GmbH\",\"isPartOf\":{\"@id\":\"https:\/\/neue-herbold.com\/en\/#website\"},\"primaryImageOfPage\":{\"@id\":\"https:\/\/neue-herbold.com\/de\/neuigkeiten-schneidmuehlen-mit-zwangsbeschickung\/#primaryimage\"},\"image\":{\"@id\":\"https:\/\/neue-herbold.com\/de\/neuigkeiten-schneidmuehlen-mit-zwangsbeschickung\/#primaryimage\"},\"thumbnailUrl\":\"https:\/\/neue-herbold.com\/wp-content\/uploads\/2015\/03\/SM800_2000-ZB_NEU.jpg\",\"datePublished\":\"2016-06-05T22:42:45+00:00\",\"dateModified\":\"2016-06-06T01:00:29+00:00\",\"description\":\"Die Firma NEUE HERBOLD Maschinen- und Anlagenbau GmbH, D-74889 Sinsheim-Reihen bietet ein - Schneidm\u00fchlen mit Zwangsbeschickung\",\"breadcrumb\":{\"@id\":\"https:\/\/neue-herbold.com\/de\/neuigkeiten-schneidmuehlen-mit-zwangsbeschickung\/#breadcrumb\"},\"inLanguage\":\"de\",\"potentialAction\":[{\"@type\":\"ReadAction\",\"target\":[\"https:\/\/neue-herbold.com\/de\/neuigkeiten-schneidmuehlen-mit-zwangsbeschickung\/\"]}]},{\"@type\":\"ImageObject\",\"inLanguage\":\"de\",\"@id\":\"https:\/\/neue-herbold.com\/de\/neuigkeiten-schneidmuehlen-mit-zwangsbeschickung\/#primaryimage\",\"url\":\"https:\/\/neue-herbold.com\/wp-content\/uploads\/2015\/03\/SM800_2000-ZB_NEU.jpg\",\"contentUrl\":\"https:\/\/neue-herbold.com\/wp-content\/uploads\/2015\/03\/SM800_2000-ZB_NEU.jpg\"},{\"@type\":\"BreadcrumbList\",\"@id\":\"https:\/\/neue-herbold.com\/de\/neuigkeiten-schneidmuehlen-mit-zwangsbeschickung\/#breadcrumb\",\"itemListElement\":[{\"@type\":\"ListItem\",\"position\":1,\"name\":\"Startseite\",\"item\":\"https:\/\/neue-herbold.com\/de\/\"},{\"@type\":\"ListItem\",\"position\":2,\"name\":\"Schneidm\u00fchlen mit Zwangsbeschickung\"}]},{\"@type\":\"WebSite\",\"@id\":\"https:\/\/neue-herbold.com\/en\/#website\",\"url\":\"https:\/\/neue-herbold.com\/en\/\",\"name\":\"Neue Herbold GmbH\",\"description\":\"\",\"potentialAction\":[{\"@type\":\"SearchAction\",\"target\":{\"@type\":\"EntryPoint\",\"urlTemplate\":\"https:\/\/neue-herbold.com\/en\/?s={search_term_string}\"},\"query-input\":{\"@type\":\"PropertyValueSpecification\",\"valueRequired\":true,\"valueName\":\"search_term_string\"}}],\"inLanguage\":\"de\"}]}<\/script>\n<!-- \/ Yoast SEO plugin. -->","yoast_head_json":{"title":"Schneidm\u00fchlen mit Zwangsbeschickung - Neue Herbold GmbH","description":"Die Firma NEUE HERBOLD Maschinen- und Anlagenbau GmbH, D-74889 Sinsheim-Reihen bietet ein - Schneidm\u00fchlen mit Zwangsbeschickung","robots":{"index":"index","follow":"follow","max-snippet":"max-snippet:-1","max-image-preview":"max-image-preview:large","max-video-preview":"max-video-preview:-1"},"canonical":"https:\/\/neue-herbold.com\/de\/neuigkeiten-schneidmuehlen-mit-zwangsbeschickung\/","og_locale":"de_DE","og_type":"article","og_title":"Schneidm\u00fchlen mit Zwangsbeschickung - Neue Herbold GmbH","og_description":"Die Firma NEUE HERBOLD Maschinen- und Anlagenbau GmbH, D-74889 Sinsheim-Reihen bietet ein - Schneidm\u00fchlen mit Zwangsbeschickung","og_url":"https:\/\/neue-herbold.com\/de\/neuigkeiten-schneidmuehlen-mit-zwangsbeschickung\/","og_site_name":"Neue Herbold GmbH","article_modified_time":"2016-06-06T01:00:29+00:00","og_image":[{"url":"https:\/\/neue-herbold.com\/wp-content\/uploads\/2015\/03\/SM800_2000-ZB_NEU.jpg","type":"","width":"","height":""}],"twitter_misc":{"Gesch\u00e4tzte Lesezeit":"2\u00a0Minuten"},"schema":{"@context":"https:\/\/schema.org","@graph":[{"@type":"WebPage","@id":"https:\/\/neue-herbold.com\/de\/neuigkeiten-schneidmuehlen-mit-zwangsbeschickung\/","url":"https:\/\/neue-herbold.com\/de\/neuigkeiten-schneidmuehlen-mit-zwangsbeschickung\/","name":"Schneidm\u00fchlen mit Zwangsbeschickung - Neue Herbold GmbH","isPartOf":{"@id":"https:\/\/neue-herbold.com\/en\/#website"},"primaryImageOfPage":{"@id":"https:\/\/neue-herbold.com\/de\/neuigkeiten-schneidmuehlen-mit-zwangsbeschickung\/#primaryimage"},"image":{"@id":"https:\/\/neue-herbold.com\/de\/neuigkeiten-schneidmuehlen-mit-zwangsbeschickung\/#primaryimage"},"thumbnailUrl":"https:\/\/neue-herbold.com\/wp-content\/uploads\/2015\/03\/SM800_2000-ZB_NEU.jpg","datePublished":"2016-06-05T22:42:45+00:00","dateModified":"2016-06-06T01:00:29+00:00","description":"Die Firma NEUE HERBOLD Maschinen- und Anlagenbau GmbH, D-74889 Sinsheim-Reihen bietet ein - Schneidm\u00fchlen mit Zwangsbeschickung","breadcrumb":{"@id":"https:\/\/neue-herbold.com\/de\/neuigkeiten-schneidmuehlen-mit-zwangsbeschickung\/#breadcrumb"},"inLanguage":"de","potentialAction":[{"@type":"ReadAction","target":["https:\/\/neue-herbold.com\/de\/neuigkeiten-schneidmuehlen-mit-zwangsbeschickung\/"]}]},{"@type":"ImageObject","inLanguage":"de","@id":"https:\/\/neue-herbold.com\/de\/neuigkeiten-schneidmuehlen-mit-zwangsbeschickung\/#primaryimage","url":"https:\/\/neue-herbold.com\/wp-content\/uploads\/2015\/03\/SM800_2000-ZB_NEU.jpg","contentUrl":"https:\/\/neue-herbold.com\/wp-content\/uploads\/2015\/03\/SM800_2000-ZB_NEU.jpg"},{"@type":"BreadcrumbList","@id":"https:\/\/neue-herbold.com\/de\/neuigkeiten-schneidmuehlen-mit-zwangsbeschickung\/#breadcrumb","itemListElement":[{"@type":"ListItem","position":1,"name":"Startseite","item":"https:\/\/neue-herbold.com\/de\/"},{"@type":"ListItem","position":2,"name":"Schneidm\u00fchlen mit Zwangsbeschickung"}]},{"@type":"WebSite","@id":"https:\/\/neue-herbold.com\/en\/#website","url":"https:\/\/neue-herbold.com\/en\/","name":"Neue Herbold GmbH","description":"","potentialAction":[{"@type":"SearchAction","target":{"@type":"EntryPoint","urlTemplate":"https:\/\/neue-herbold.com\/en\/?s={search_term_string}"},"query-input":{"@type":"PropertyValueSpecification","valueRequired":true,"valueName":"search_term_string"}}],"inLanguage":"de"}]}},"_links":{"self":[{"href":"https:\/\/neue-herbold.com\/de\/wp-json\/wp\/v2\/pages\/9178"}],"collection":[{"href":"https:\/\/neue-herbold.com\/de\/wp-json\/wp\/v2\/pages"}],"about":[{"href":"https:\/\/neue-herbold.com\/de\/wp-json\/wp\/v2\/types\/page"}],"author":[{"embeddable":true,"href":"https:\/\/neue-herbold.com\/de\/wp-json\/wp\/v2\/users\/1"}],"replies":[{"embeddable":true,"href":"https:\/\/neue-herbold.com\/de\/wp-json\/wp\/v2\/comments?post=9178"}],"version-history":[{"count":3,"href":"https:\/\/neue-herbold.com\/de\/wp-json\/wp\/v2\/pages\/9178\/revisions"}],"predecessor-version":[{"id":9299,"href":"https:\/\/neue-herbold.com\/de\/wp-json\/wp\/v2\/pages\/9178\/revisions\/9299"}],"wp:attachment":[{"href":"https:\/\/neue-herbold.com\/de\/wp-json\/wp\/v2\/media?parent=9178"}],"curies":[{"name":"wp","href":"https:\/\/api.w.org\/{rel}","templated":true}]}}