{"id":9156,"date":"2016-06-06T00:13:59","date_gmt":"2016-06-05T22:13:59","guid":{"rendered":"https:\/\/neue-herbold.com\/de\/?page_id=9156"},"modified":"2016-06-06T00:15:21","modified_gmt":"2016-06-05T22:15:21","slug":"ueber-uns","status":"publish","type":"page","link":"https:\/\/neue-herbold.com\/de\/ueber-uns\/","title":{"rendered":"\u00dcber Uns"},"content":{"rendered":"<p><span style=\"color: #000000;\"><strong>NEUE HERBOLD<\/strong><\/span><br \/> <span style=\"color: #000000;\"><strong>Maschinen- und Anlagenbau GmbH<\/strong><\/span><\/p>\n<p><span style=\"color: #000000;\">F\u00fcr die Zerkleinerung und Aufarbeitung von Kunststoffabf\u00e4llen aller Art aus Produktion, Verarbeitung und Altkunststoffsammlung bietet die Fa. Neue Herbold ein umfassendes, je nach Aufgabenstellung speziell (individuell) zugeschnittenes Maschinen- und Anlagenprogramm. Angeschlossen an dieses Kernprogramm (Schneidm\u00fchlen, Rohrm\u00fchlen, Profilm\u00fchlen, Shredder, Feinmahlanlagen, Waschanlagen, Hei\u00dfwaschanlagen, Trockner, Friktionsw\u00e4scher, Intensivw\u00e4scher, Trennbeh\u00e4lter, &#8230;) ist ein Spezialmaschinenbau (Hammerm\u00fchlen, Guillotinescheren, Schneckenbrecher, Ballenaufl\u00f6ser), der die Aufarbeitung von Wertstoffen z.B. Computerschrott, D\u00e4mmstoffe, Porenbetonsteine, Altholz u.a. umsetzt.<\/span><\/p>\n<p><span style=\"color: #000000;\"><a href=\"https:\/\/neue-herbold.com\/de\/neue-herbold-in-sinsheim-reihen\/\" target=\"_blank\"><img loading=\"lazy\" decoding=\"async\" class=\"aligncenter wp-image-5097 size-large\" src=\"https:\/\/neue-herbold.com\/wp-content\/uploads\/2014\/12\/Imagevideo-1024x435.jpg\" alt=\"Neue Herbold\" width=\"605\" height=\"257\" srcset=\"https:\/\/neue-herbold.com\/wp-content\/uploads\/2014\/12\/Imagevideo-1024x435.jpg 1024w, https:\/\/neue-herbold.com\/wp-content\/uploads\/2014\/12\/Imagevideo-300x127.jpg 300w, https:\/\/neue-herbold.com\/wp-content\/uploads\/2014\/12\/Imagevideo-100x42.jpg 100w, https:\/\/neue-herbold.com\/wp-content\/uploads\/2014\/12\/Imagevideo-150x64.jpg 150w, https:\/\/neue-herbold.com\/wp-content\/uploads\/2014\/12\/Imagevideo-200x85.jpg 200w, https:\/\/neue-herbold.com\/wp-content\/uploads\/2014\/12\/Imagevideo-450x191.jpg 450w, https:\/\/neue-herbold.com\/wp-content\/uploads\/2014\/12\/Imagevideo-600x255.jpg 600w, https:\/\/neue-herbold.com\/wp-content\/uploads\/2014\/12\/Imagevideo-900x382.jpg 900w, https:\/\/neue-herbold.com\/wp-content\/uploads\/2014\/12\/Imagevideo.jpg 1198w\" sizes=\"(max-width: 605px) 100vw, 605px\" \/><\/a><\/span><\/p>\n<p><span style=\"color: #000000;\">Die 1995 gegr\u00fcndete Gesellschaft besch\u00e4ftigt an ihrem Standort in Sinsheim-Reihen ca. 70 Mitarbeiter, die in Entwicklung, Engineering, Produktion, Verwaltung und Vertrieb ein erfahrenes, innovatives Team bilden. Der technische Vertrieb ist Ansprechpartner in Zusammenarbeit mit mehr als 40 Vertretungen weltweit.<\/span><\/p>\n<p><span style=\"color: #000000;\">Einer exakten, an Wirtschaftlichkeit orientierter Planung ist eine nach hohem technologischen Stand folgende Fertigung angeschlossen, die von einer st\u00e4ndig begleiteten Qualit\u00e4tssicherung ein Produkt erstellt, welches h\u00f6chsten Anforderungen der Zerkleinerungstechnik standh\u00e4lt.<\/span><\/p>\n","protected":false},"excerpt":{"rendered":"<p><span style=\"color: #000000;\"><strong>NEUE HERBOLD<\/strong><\/span><br \/> <span style=\"color: #000000;\"><strong>Maschinen- und Anlagenbau GmbH<\/strong><\/span><\/p>\n<p><span style=\"color: #000000;\">F\u00fcr die Zerkleinerung und Aufarbeitung von Kunststoffabf\u00e4llen aller Art aus Produktion, Verarbeitung und Altkunststoffsammlung bietet die Fa. Neue Herbold ein umfassendes, je nach Aufgabenstellung speziell (individuell) zugeschnittenes Maschinen- und Anlagenprogramm.<\/span><\/p>\n<p><span class=\"ellipsis\">&hellip;<\/span><\/p>\n<div class=\"read-more\"><a href=\"https:\/\/neue-herbold.com\/de\/ueber-uns\/\">Weiterlesen \u203a<\/a><\/div>\n<p><!-- end of .read-more --><\/p>\n","protected":false},"author":1,"featured_media":0,"parent":0,"menu_order":0,"comment_status":"closed","ping_status":"closed","template":"","meta":{"footnotes":""},"class_list":["post-9156","page","type-page","status-publish","hentry"],"yoast_head":"<!-- This site is optimized with the Yoast SEO plugin v25.4 - https:\/\/yoast.com\/wordpress\/plugins\/seo\/ -->\n<title>Neue Herbold - Maschinen- und Anlagenbau GmbH<\/title>\n<meta name=\"description\" content=\"F\u00fcr die Zerkleinerung und Aufarbeitung von Kunststoffabf\u00e4llen aller Art aus Produktion, Verarbeitung und Altkunststoffsammlung bietet die Fa. Neue Herbold\" \/>\n<meta name=\"robots\" content=\"index, follow, max-snippet:-1, max-image-preview:large, max-video-preview:-1\" \/>\n<link rel=\"canonical\" href=\"https:\/\/neue-herbold.com\/de\/ueber-uns\/\" \/>\n<meta property=\"og:locale\" content=\"de_DE\" \/>\n<meta property=\"og:type\" content=\"article\" \/>\n<meta property=\"og:title\" content=\"Neue Herbold - Maschinen- und Anlagenbau GmbH\" \/>\n<meta property=\"og:description\" content=\"F\u00fcr die Zerkleinerung und Aufarbeitung von Kunststoffabf\u00e4llen aller Art aus Produktion, Verarbeitung und Altkunststoffsammlung bietet die Fa. Neue Herbold\" \/>\n<meta property=\"og:url\" content=\"https:\/\/neue-herbold.com\/de\/ueber-uns\/\" \/>\n<meta property=\"og:site_name\" content=\"Neue Herbold GmbH\" \/>\n<meta property=\"article:modified_time\" content=\"2016-06-05T22:15:21+00:00\" \/>\n<meta property=\"og:image\" content=\"https:\/\/neue-herbold.com\/wp-content\/uploads\/2014\/12\/Imagevideo-1024x435.jpg\" \/>\n<meta name=\"twitter:label1\" content=\"Gesch\u00e4tzte Lesezeit\" \/>\n\t<meta name=\"twitter:data1\" content=\"1\u00a0Minute\" \/>\n<script type=\"application\/ld+json\" class=\"yoast-schema-graph\">{\"@context\":\"https:\/\/schema.org\",\"@graph\":[{\"@type\":\"WebPage\",\"@id\":\"https:\/\/neue-herbold.com\/de\/ueber-uns\/\",\"url\":\"https:\/\/neue-herbold.com\/de\/ueber-uns\/\",\"name\":\"Neue Herbold - Maschinen- und Anlagenbau GmbH\",\"isPartOf\":{\"@id\":\"https:\/\/neue-herbold.com\/en\/#website\"},\"primaryImageOfPage\":{\"@id\":\"https:\/\/neue-herbold.com\/de\/ueber-uns\/#primaryimage\"},\"image\":{\"@id\":\"https:\/\/neue-herbold.com\/de\/ueber-uns\/#primaryimage\"},\"thumbnailUrl\":\"https:\/\/neue-herbold.com\/wp-content\/uploads\/2014\/12\/Imagevideo-1024x435.jpg\",\"datePublished\":\"2016-06-05T22:13:59+00:00\",\"dateModified\":\"2016-06-05T22:15:21+00:00\",\"description\":\"F\u00fcr die Zerkleinerung und Aufarbeitung von Kunststoffabf\u00e4llen aller Art aus Produktion, Verarbeitung und Altkunststoffsammlung bietet die Fa. Neue Herbold\",\"breadcrumb\":{\"@id\":\"https:\/\/neue-herbold.com\/de\/ueber-uns\/#breadcrumb\"},\"inLanguage\":\"de\",\"potentialAction\":[{\"@type\":\"ReadAction\",\"target\":[\"https:\/\/neue-herbold.com\/de\/ueber-uns\/\"]}]},{\"@type\":\"ImageObject\",\"inLanguage\":\"de\",\"@id\":\"https:\/\/neue-herbold.com\/de\/ueber-uns\/#primaryimage\",\"url\":\"https:\/\/neue-herbold.com\/wp-content\/uploads\/2014\/12\/Imagevideo-1024x435.jpg\",\"contentUrl\":\"https:\/\/neue-herbold.com\/wp-content\/uploads\/2014\/12\/Imagevideo-1024x435.jpg\"},{\"@type\":\"BreadcrumbList\",\"@id\":\"https:\/\/neue-herbold.com\/de\/ueber-uns\/#breadcrumb\",\"itemListElement\":[{\"@type\":\"ListItem\",\"position\":1,\"name\":\"Startseite\",\"item\":\"https:\/\/neue-herbold.com\/de\/\"},{\"@type\":\"ListItem\",\"position\":2,\"name\":\"\u00dcber Uns\"}]},{\"@type\":\"WebSite\",\"@id\":\"https:\/\/neue-herbold.com\/en\/#website\",\"url\":\"https:\/\/neue-herbold.com\/en\/\",\"name\":\"Neue Herbold GmbH\",\"description\":\"\",\"potentialAction\":[{\"@type\":\"SearchAction\",\"target\":{\"@type\":\"EntryPoint\",\"urlTemplate\":\"https:\/\/neue-herbold.com\/en\/?s={search_term_string}\"},\"query-input\":{\"@type\":\"PropertyValueSpecification\",\"valueRequired\":true,\"valueName\":\"search_term_string\"}}],\"inLanguage\":\"de\"}]}<\/script>\n<!-- \/ Yoast SEO plugin. -->","yoast_head_json":{"title":"Neue Herbold - Maschinen- und Anlagenbau GmbH","description":"F\u00fcr die Zerkleinerung und Aufarbeitung von Kunststoffabf\u00e4llen aller Art aus Produktion, Verarbeitung und Altkunststoffsammlung bietet die Fa. Neue Herbold","robots":{"index":"index","follow":"follow","max-snippet":"max-snippet:-1","max-image-preview":"max-image-preview:large","max-video-preview":"max-video-preview:-1"},"canonical":"https:\/\/neue-herbold.com\/de\/ueber-uns\/","og_locale":"de_DE","og_type":"article","og_title":"Neue Herbold - Maschinen- und Anlagenbau GmbH","og_description":"F\u00fcr die Zerkleinerung und Aufarbeitung von Kunststoffabf\u00e4llen aller Art aus Produktion, Verarbeitung und Altkunststoffsammlung bietet die Fa. Neue Herbold","og_url":"https:\/\/neue-herbold.com\/de\/ueber-uns\/","og_site_name":"Neue Herbold GmbH","article_modified_time":"2016-06-05T22:15:21+00:00","og_image":[{"url":"https:\/\/neue-herbold.com\/wp-content\/uploads\/2014\/12\/Imagevideo-1024x435.jpg","type":"","width":"","height":""}],"twitter_misc":{"Gesch\u00e4tzte Lesezeit":"1\u00a0Minute"},"schema":{"@context":"https:\/\/schema.org","@graph":[{"@type":"WebPage","@id":"https:\/\/neue-herbold.com\/de\/ueber-uns\/","url":"https:\/\/neue-herbold.com\/de\/ueber-uns\/","name":"Neue Herbold - Maschinen- und Anlagenbau GmbH","isPartOf":{"@id":"https:\/\/neue-herbold.com\/en\/#website"},"primaryImageOfPage":{"@id":"https:\/\/neue-herbold.com\/de\/ueber-uns\/#primaryimage"},"image":{"@id":"https:\/\/neue-herbold.com\/de\/ueber-uns\/#primaryimage"},"thumbnailUrl":"https:\/\/neue-herbold.com\/wp-content\/uploads\/2014\/12\/Imagevideo-1024x435.jpg","datePublished":"2016-06-05T22:13:59+00:00","dateModified":"2016-06-05T22:15:21+00:00","description":"F\u00fcr die Zerkleinerung und Aufarbeitung von Kunststoffabf\u00e4llen aller Art aus Produktion, Verarbeitung und Altkunststoffsammlung bietet die Fa. Neue Herbold","breadcrumb":{"@id":"https:\/\/neue-herbold.com\/de\/ueber-uns\/#breadcrumb"},"inLanguage":"de","potentialAction":[{"@type":"ReadAction","target":["https:\/\/neue-herbold.com\/de\/ueber-uns\/"]}]},{"@type":"ImageObject","inLanguage":"de","@id":"https:\/\/neue-herbold.com\/de\/ueber-uns\/#primaryimage","url":"https:\/\/neue-herbold.com\/wp-content\/uploads\/2014\/12\/Imagevideo-1024x435.jpg","contentUrl":"https:\/\/neue-herbold.com\/wp-content\/uploads\/2014\/12\/Imagevideo-1024x435.jpg"},{"@type":"BreadcrumbList","@id":"https:\/\/neue-herbold.com\/de\/ueber-uns\/#breadcrumb","itemListElement":[{"@type":"ListItem","position":1,"name":"Startseite","item":"https:\/\/neue-herbold.com\/de\/"},{"@type":"ListItem","position":2,"name":"\u00dcber Uns"}]},{"@type":"WebSite","@id":"https:\/\/neue-herbold.com\/en\/#website","url":"https:\/\/neue-herbold.com\/en\/","name":"Neue Herbold GmbH","description":"","potentialAction":[{"@type":"SearchAction","target":{"@type":"EntryPoint","urlTemplate":"https:\/\/neue-herbold.com\/en\/?s={search_term_string}"},"query-input":{"@type":"PropertyValueSpecification","valueRequired":true,"valueName":"search_term_string"}}],"inLanguage":"de"}]}},"_links":{"self":[{"href":"https:\/\/neue-herbold.com\/de\/wp-json\/wp\/v2\/pages\/9156"}],"collection":[{"href":"https:\/\/neue-herbold.com\/de\/wp-json\/wp\/v2\/pages"}],"about":[{"href":"https:\/\/neue-herbold.com\/de\/wp-json\/wp\/v2\/types\/page"}],"author":[{"embeddable":true,"href":"https:\/\/neue-herbold.com\/de\/wp-json\/wp\/v2\/users\/1"}],"replies":[{"embeddable":true,"href":"https:\/\/neue-herbold.com\/de\/wp-json\/wp\/v2\/comments?post=9156"}],"version-history":[{"count":1,"href":"https:\/\/neue-herbold.com\/de\/wp-json\/wp\/v2\/pages\/9156\/revisions"}],"predecessor-version":[{"id":9157,"href":"https:\/\/neue-herbold.com\/de\/wp-json\/wp\/v2\/pages\/9156\/revisions\/9157"}],"wp:attachment":[{"href":"https:\/\/neue-herbold.com\/de\/wp-json\/wp\/v2\/media?parent=9156"}],"curies":[{"name":"wp","href":"https:\/\/api.w.org\/{rel}","templated":true}]}}