{"id":8990,"date":"2016-06-05T20:23:48","date_gmt":"2016-06-05T18:23:48","guid":{"rendered":"https:\/\/neue-herbold.com\/de\/?page_id=8990"},"modified":"2018-07-16T22:52:16","modified_gmt":"2018-07-16T20:52:16","slug":"taumelsiebmaschine-tsm","status":"publish","type":"page","link":"https:\/\/neue-herbold.com\/de\/taumelsiebmaschine-tsm\/","title":{"rendered":"Taumelsiebmaschine TSM"},"content":{"rendered":"<p><span style=\"color: #000000;\"><strong><a href=\"https:\/\/neue-herbold.com\/wp-content\/uploads\/2014\/12\/Taumelsiebmaschine.jpg\" target=\"_blank\" rel=\"noopener\"><img loading=\"lazy\" decoding=\"async\" class=\"alignright wp-image-3067\" src=\"https:\/\/neue-herbold.com\/wp-content\/uploads\/2014\/12\/Taumelsiebmaschine.jpg\" alt=\"Neue Herbold Taumelsiebmaschine\" width=\"299\" height=\"219\" srcset=\"https:\/\/neue-herbold.com\/wp-content\/uploads\/2014\/12\/Taumelsiebmaschine.jpg 255w, https:\/\/neue-herbold.com\/wp-content\/uploads\/2014\/12\/Taumelsiebmaschine-100x73.jpg 100w, https:\/\/neue-herbold.com\/wp-content\/uploads\/2014\/12\/Taumelsiebmaschine-150x110.jpg 150w, https:\/\/neue-herbold.com\/wp-content\/uploads\/2014\/12\/Taumelsiebmaschine-200x146.jpg 200w\" sizes=\"(max-width: 299px) 100vw, 299px\" \/><\/a><em>Einsatzgebiet<\/em><\/strong><\/span> <span style=\"color: #000000;\"><strong>NEUE HERBOLD<\/strong> &#8211; die als Zubeh\u00f6r erh\u00e4ltlichen Taumelsiebmaschinen der Baureihe TSM werden f\u00fcr die Absiebung pulverf\u00f6rmiger Sch\u00fcttg\u00fcter, wobei der Haupteinsatz im Bereich Fein- und Feinstsiebung liegt, eingesetzt.<\/span><\/p>\n<ul>\n<li><span style=\"color: #000000;\">integriert in Feinmahlanlagen zur Absiebung des \u00dcberkorns<\/span><\/li>\n<li><span style=\"color: #000000;\">Chemie<\/span><\/li>\n<li><span style=\"color: #000000;\">Nahrungsmittel und Gew\u00fcrze<\/span><\/li>\n<\/ul>\n<p><em><span style=\"color: #000000;\"><strong>Technik<\/strong><\/span><\/em> <span style=\"color: #000000;\">Der Materialeintrag erfolgt auf die Mitte des Siebes. Durch einen Vibrationsmotor wird das Sieb in Taumelschwingungen versetzt. In Folge der kreisf\u00f6rmigen Schwingungen wird das Siebgut spiralf\u00f6rmig nach au\u00dfen bewegt und das Feingut durch das Sieb nach unten ausgetragen.<\/span><\/p>\n<p><span style=\"color: #000000;\">Die variable Taumelbewegung l\u00e4sst sich einfach auf das zu siebende Material verstellen. Dies erlaubt eine Steuerung der Verweilzeiten des Aufgabematerials im Sieb.<\/span><\/p>\n<h4>\u00dcbersicht Neue Herbold Taumelsiebmaschine<\/h4>\n<p><span style=\"color: #000000;\">Ausf\u00fchrungen als Ein- oder Mehrdecker in Normalstahl oder Edelstahlausf\u00fchrung.<\/span><\/p>\n<table>\n<tbody>\n<tr>\n<td style=\"text-align: center;\"><span style=\"color: #000000;\"><strong>Maschinentyp<\/strong><\/span><\/td>\n<td style=\"text-align: center;\"><span style=\"color: #000000;\"><strong><a href=\"https:\/\/neue-herbold.com\/wp-content\/uploads\/2014\/12\/Taumelsiebmaschine.pdf\" target=\"_blank\" rel=\"noopener\"><img loading=\"lazy\" decoding=\"async\" class=\"alignnone wp-image-5703\" src=\"https:\/\/neue-herbold.com\/wp-content\/uploads\/2014\/12\/PDF-ICON.jpg\" alt=\"PDF-ICON\" width=\"50\" height=\"48\" \/><\/a><\/strong><\/span><\/td>\n<\/tr>\n<tr>\n<td style=\"text-align: left;\"><span style=\"color: #000000;\">Taumelsiebmaschinen Typ TSM 900<\/span><\/td>\n<td style=\"text-align: left;\">\u00a0<\/td>\n<\/tr>\n<tr>\n<td style=\"text-align: left;\"><span style=\"color: #000000;\">Taumelsiebmaschinen Typ TSM 1200<\/span><\/td>\n<td style=\"text-align: left;\">\u00a0<\/td>\n<\/tr>\n<tr>\n<td style=\"text-align: left;\"><span style=\"color: #000000;\">Taumelsiebmaschinen Typ TSM 1600<\/span><\/td>\n<td style=\"text-align: left;\">\u00a0<\/td>\n<\/tr>\n<tr>\n<td style=\"text-align: center;\"><span style=\"color: #000000;\">Taumelsiebmaschinen Typ TSM 2000<\/span><\/td>\n<td style=\"text-align: center;\">\u00a0<\/td>\n<\/tr>\n<\/tbody>\n<\/table>\n<p><a href=\"https:\/\/neue-herbold.com\/wp-content\/uploads\/2014\/12\/Siebmaschine.jpg\" target=\"_blank\" rel=\"noopener\"><img loading=\"lazy\" decoding=\"async\" class=\"aligncenter wp-image-3068 size-full\" src=\"https:\/\/neue-herbold.com\/wp-content\/uploads\/2014\/12\/Siebmaschine.jpg\" alt=\"\" width=\"648\" height=\"102\" srcset=\"https:\/\/neue-herbold.com\/wp-content\/uploads\/2014\/12\/Siebmaschine.jpg 648w, https:\/\/neue-herbold.com\/wp-content\/uploads\/2014\/12\/Siebmaschine-300x47.jpg 300w, https:\/\/neue-herbold.com\/wp-content\/uploads\/2014\/12\/Siebmaschine-100x15.jpg 100w, https:\/\/neue-herbold.com\/wp-content\/uploads\/2014\/12\/Siebmaschine-150x23.jpg 150w, https:\/\/neue-herbold.com\/wp-content\/uploads\/2014\/12\/Siebmaschine-200x31.jpg 200w, https:\/\/neue-herbold.com\/wp-content\/uploads\/2014\/12\/Siebmaschine-450x70.jpg 450w, https:\/\/neue-herbold.com\/wp-content\/uploads\/2014\/12\/Siebmaschine-600x94.jpg 600w\" sizes=\"(max-width: 648px) 100vw, 648px\" \/><\/a><\/p>\n<hr \/>\n<p><strong>NEUE HERBOLD<\/strong> fertigt und vertreibt Maschinen und Anlagen f\u00fcr Zerkleinerung, Trennung, Reinigung und Trocknung verschiedener Sekund\u00e4rrohstoffe.<\/p>\n","protected":false},"excerpt":{"rendered":"<p><span style=\"color: #000000;\"><strong><a href=\"https:\/\/neue-herbold.com\/wp-content\/uploads\/2014\/12\/Taumelsiebmaschine.jpg\" target=\"_blank\" rel=\"noopener\"><img loading=\"lazy\" decoding=\"async\" class=\"alignright wp-image-3067\" src=\"https:\/\/neue-herbold.com\/wp-content\/uploads\/2014\/12\/Taumelsiebmaschine.jpg\" alt=\"Neue Herbold Taumelsiebmaschine\" width=\"299\" height=\"219\" srcset=\"https:\/\/neue-herbold.com\/wp-content\/uploads\/2014\/12\/Taumelsiebmaschine.jpg 255w, https:\/\/neue-herbold.com\/wp-content\/uploads\/2014\/12\/Taumelsiebmaschine-100x73.jpg 100w, https:\/\/neue-herbold.com\/wp-content\/uploads\/2014\/12\/Taumelsiebmaschine-150x110.jpg 150w, https:\/\/neue-herbold.com\/wp-content\/uploads\/2014\/12\/Taumelsiebmaschine-200x146.jpg 200w\" sizes=\"(max-width: 299px) 100vw, 299px\" \/><\/a><em>Einsatzgebiet<\/em><\/strong><\/span> <span style=\"color: #000000;\"><strong>NEUE HERBOLD<\/strong> &#8211; die als Zubeh\u00f6r erh\u00e4ltlichen Taumelsiebmaschinen der Baureihe TSM werden f\u00fcr die Absiebung pulverf\u00f6rmiger Sch\u00fcttg\u00fcter, wobei der Haupteinsatz im Bereich Fein- und Feinstsiebung liegt, eingesetzt.<\/span><\/p>\n<p><span class=\"ellipsis\">&hellip;<\/span><\/p>\n<div class=\"read-more\"><a href=\"https:\/\/neue-herbold.com\/de\/taumelsiebmaschine-tsm\/\">Weiterlesen \u203a<\/a><\/div>\n<p><!-- end of .read-more --><\/p>\n","protected":false},"author":1,"featured_media":0,"parent":0,"menu_order":0,"comment_status":"closed","ping_status":"closed","template":"","meta":{"footnotes":""},"class_list":["post-8990","page","type-page","status-publish","hentry"],"yoast_head":"<!-- This site is optimized with the Yoast SEO plugin v25.4 - https:\/\/yoast.com\/wordpress\/plugins\/seo\/ -->\n<title>Taumelsiebmaschine TSM - Neue Herbold GmbH<\/title>\n<meta name=\"description\" content=\"Die Neue Herbold - Taumelsiebmaschine der Baureihe TSM wird f\u00fcr die Absiebung pulverf\u00f6rmiger Sch\u00fcttg\u00fcter, wobei der Haupteinsatz im Bereich Fein- und\" \/>\n<meta name=\"robots\" content=\"index, follow, max-snippet:-1, max-image-preview:large, max-video-preview:-1\" \/>\n<link rel=\"canonical\" href=\"https:\/\/neue-herbold.com\/de\/taumelsiebmaschine-tsm\/\" \/>\n<meta property=\"og:locale\" content=\"de_DE\" \/>\n<meta property=\"og:type\" content=\"article\" \/>\n<meta property=\"og:title\" content=\"Taumelsiebmaschine TSM - Neue Herbold GmbH\" \/>\n<meta property=\"og:description\" content=\"Die Neue Herbold - Taumelsiebmaschine der Baureihe TSM wird f\u00fcr die Absiebung pulverf\u00f6rmiger Sch\u00fcttg\u00fcter, wobei der Haupteinsatz im Bereich Fein- und\" \/>\n<meta property=\"og:url\" content=\"https:\/\/neue-herbold.com\/de\/taumelsiebmaschine-tsm\/\" \/>\n<meta property=\"og:site_name\" content=\"Neue Herbold GmbH\" \/>\n<meta property=\"article:modified_time\" content=\"2018-07-16T20:52:16+00:00\" \/>\n<meta property=\"og:image\" content=\"https:\/\/neue-herbold.com\/wp-content\/uploads\/2014\/12\/Taumelsiebmaschine.jpg\" \/>\n<meta name=\"twitter:label1\" content=\"Gesch\u00e4tzte Lesezeit\" \/>\n\t<meta name=\"twitter:data1\" content=\"1\u00a0Minute\" \/>\n<script type=\"application\/ld+json\" class=\"yoast-schema-graph\">{\"@context\":\"https:\/\/schema.org\",\"@graph\":[{\"@type\":\"WebPage\",\"@id\":\"https:\/\/neue-herbold.com\/de\/taumelsiebmaschine-tsm\/\",\"url\":\"https:\/\/neue-herbold.com\/de\/taumelsiebmaschine-tsm\/\",\"name\":\"Taumelsiebmaschine TSM - Neue Herbold GmbH\",\"isPartOf\":{\"@id\":\"https:\/\/neue-herbold.com\/en\/#website\"},\"primaryImageOfPage\":{\"@id\":\"https:\/\/neue-herbold.com\/de\/taumelsiebmaschine-tsm\/#primaryimage\"},\"image\":{\"@id\":\"https:\/\/neue-herbold.com\/de\/taumelsiebmaschine-tsm\/#primaryimage\"},\"thumbnailUrl\":\"https:\/\/neue-herbold.com\/wp-content\/uploads\/2014\/12\/Taumelsiebmaschine.jpg\",\"datePublished\":\"2016-06-05T18:23:48+00:00\",\"dateModified\":\"2018-07-16T20:52:16+00:00\",\"description\":\"Die Neue Herbold - Taumelsiebmaschine der Baureihe TSM wird f\u00fcr die Absiebung pulverf\u00f6rmiger Sch\u00fcttg\u00fcter, wobei der Haupteinsatz im Bereich Fein- und\",\"breadcrumb\":{\"@id\":\"https:\/\/neue-herbold.com\/de\/taumelsiebmaschine-tsm\/#breadcrumb\"},\"inLanguage\":\"de\",\"potentialAction\":[{\"@type\":\"ReadAction\",\"target\":[\"https:\/\/neue-herbold.com\/de\/taumelsiebmaschine-tsm\/\"]}]},{\"@type\":\"ImageObject\",\"inLanguage\":\"de\",\"@id\":\"https:\/\/neue-herbold.com\/de\/taumelsiebmaschine-tsm\/#primaryimage\",\"url\":\"https:\/\/neue-herbold.com\/wp-content\/uploads\/2014\/12\/Taumelsiebmaschine.jpg\",\"contentUrl\":\"https:\/\/neue-herbold.com\/wp-content\/uploads\/2014\/12\/Taumelsiebmaschine.jpg\"},{\"@type\":\"BreadcrumbList\",\"@id\":\"https:\/\/neue-herbold.com\/de\/taumelsiebmaschine-tsm\/#breadcrumb\",\"itemListElement\":[{\"@type\":\"ListItem\",\"position\":1,\"name\":\"Startseite\",\"item\":\"https:\/\/neue-herbold.com\/de\/\"},{\"@type\":\"ListItem\",\"position\":2,\"name\":\"Taumelsiebmaschine TSM\"}]},{\"@type\":\"WebSite\",\"@id\":\"https:\/\/neue-herbold.com\/en\/#website\",\"url\":\"https:\/\/neue-herbold.com\/en\/\",\"name\":\"Neue Herbold GmbH\",\"description\":\"\",\"potentialAction\":[{\"@type\":\"SearchAction\",\"target\":{\"@type\":\"EntryPoint\",\"urlTemplate\":\"https:\/\/neue-herbold.com\/en\/?s={search_term_string}\"},\"query-input\":{\"@type\":\"PropertyValueSpecification\",\"valueRequired\":true,\"valueName\":\"search_term_string\"}}],\"inLanguage\":\"de\"}]}<\/script>\n<!-- \/ Yoast SEO plugin. -->","yoast_head_json":{"title":"Taumelsiebmaschine TSM - Neue Herbold GmbH","description":"Die Neue Herbold - Taumelsiebmaschine der Baureihe TSM wird f\u00fcr die Absiebung pulverf\u00f6rmiger Sch\u00fcttg\u00fcter, wobei der Haupteinsatz im Bereich Fein- und","robots":{"index":"index","follow":"follow","max-snippet":"max-snippet:-1","max-image-preview":"max-image-preview:large","max-video-preview":"max-video-preview:-1"},"canonical":"https:\/\/neue-herbold.com\/de\/taumelsiebmaschine-tsm\/","og_locale":"de_DE","og_type":"article","og_title":"Taumelsiebmaschine TSM - Neue Herbold GmbH","og_description":"Die Neue Herbold - Taumelsiebmaschine der Baureihe TSM wird f\u00fcr die Absiebung pulverf\u00f6rmiger Sch\u00fcttg\u00fcter, wobei der Haupteinsatz im Bereich Fein- und","og_url":"https:\/\/neue-herbold.com\/de\/taumelsiebmaschine-tsm\/","og_site_name":"Neue Herbold GmbH","article_modified_time":"2018-07-16T20:52:16+00:00","og_image":[{"url":"https:\/\/neue-herbold.com\/wp-content\/uploads\/2014\/12\/Taumelsiebmaschine.jpg","type":"","width":"","height":""}],"twitter_misc":{"Gesch\u00e4tzte Lesezeit":"1\u00a0Minute"},"schema":{"@context":"https:\/\/schema.org","@graph":[{"@type":"WebPage","@id":"https:\/\/neue-herbold.com\/de\/taumelsiebmaschine-tsm\/","url":"https:\/\/neue-herbold.com\/de\/taumelsiebmaschine-tsm\/","name":"Taumelsiebmaschine TSM - Neue Herbold GmbH","isPartOf":{"@id":"https:\/\/neue-herbold.com\/en\/#website"},"primaryImageOfPage":{"@id":"https:\/\/neue-herbold.com\/de\/taumelsiebmaschine-tsm\/#primaryimage"},"image":{"@id":"https:\/\/neue-herbold.com\/de\/taumelsiebmaschine-tsm\/#primaryimage"},"thumbnailUrl":"https:\/\/neue-herbold.com\/wp-content\/uploads\/2014\/12\/Taumelsiebmaschine.jpg","datePublished":"2016-06-05T18:23:48+00:00","dateModified":"2018-07-16T20:52:16+00:00","description":"Die Neue Herbold - Taumelsiebmaschine der Baureihe TSM wird f\u00fcr die Absiebung pulverf\u00f6rmiger Sch\u00fcttg\u00fcter, wobei der Haupteinsatz im Bereich Fein- und","breadcrumb":{"@id":"https:\/\/neue-herbold.com\/de\/taumelsiebmaschine-tsm\/#breadcrumb"},"inLanguage":"de","potentialAction":[{"@type":"ReadAction","target":["https:\/\/neue-herbold.com\/de\/taumelsiebmaschine-tsm\/"]}]},{"@type":"ImageObject","inLanguage":"de","@id":"https:\/\/neue-herbold.com\/de\/taumelsiebmaschine-tsm\/#primaryimage","url":"https:\/\/neue-herbold.com\/wp-content\/uploads\/2014\/12\/Taumelsiebmaschine.jpg","contentUrl":"https:\/\/neue-herbold.com\/wp-content\/uploads\/2014\/12\/Taumelsiebmaschine.jpg"},{"@type":"BreadcrumbList","@id":"https:\/\/neue-herbold.com\/de\/taumelsiebmaschine-tsm\/#breadcrumb","itemListElement":[{"@type":"ListItem","position":1,"name":"Startseite","item":"https:\/\/neue-herbold.com\/de\/"},{"@type":"ListItem","position":2,"name":"Taumelsiebmaschine TSM"}]},{"@type":"WebSite","@id":"https:\/\/neue-herbold.com\/en\/#website","url":"https:\/\/neue-herbold.com\/en\/","name":"Neue Herbold GmbH","description":"","potentialAction":[{"@type":"SearchAction","target":{"@type":"EntryPoint","urlTemplate":"https:\/\/neue-herbold.com\/en\/?s={search_term_string}"},"query-input":{"@type":"PropertyValueSpecification","valueRequired":true,"valueName":"search_term_string"}}],"inLanguage":"de"}]}},"_links":{"self":[{"href":"https:\/\/neue-herbold.com\/de\/wp-json\/wp\/v2\/pages\/8990"}],"collection":[{"href":"https:\/\/neue-herbold.com\/de\/wp-json\/wp\/v2\/pages"}],"about":[{"href":"https:\/\/neue-herbold.com\/de\/wp-json\/wp\/v2\/types\/page"}],"author":[{"embeddable":true,"href":"https:\/\/neue-herbold.com\/de\/wp-json\/wp\/v2\/users\/1"}],"replies":[{"embeddable":true,"href":"https:\/\/neue-herbold.com\/de\/wp-json\/wp\/v2\/comments?post=8990"}],"version-history":[{"count":10,"href":"https:\/\/neue-herbold.com\/de\/wp-json\/wp\/v2\/pages\/8990\/revisions"}],"predecessor-version":[{"id":11990,"href":"https:\/\/neue-herbold.com\/de\/wp-json\/wp\/v2\/pages\/8990\/revisions\/11990"}],"wp:attachment":[{"href":"https:\/\/neue-herbold.com\/de\/wp-json\/wp\/v2\/media?parent=8990"}],"curies":[{"name":"wp","href":"https:\/\/api.w.org\/{rel}","templated":true}]}}