{"id":8953,"date":"2016-06-05T19:59:15","date_gmt":"2016-06-05T17:59:15","guid":{"rendered":"https:\/\/neue-herbold.com\/de\/?page_id=8953"},"modified":"2016-06-05T20:15:02","modified_gmt":"2016-06-05T18:15:02","slug":"metallsuchspulen","status":"publish","type":"page","link":"https:\/\/neue-herbold.com\/de\/metallsuchspulen\/","title":{"rendered":"Metallsuchspulen \/ Metallsuchbr\u00fccken"},"content":{"rendered":"<p><span style=\"color: #000000;\"><strong><a href=\"https:\/\/neue-herbold.com\/wp-content\/uploads\/2014\/12\/Metallsuchspule-01.jpg\" target=\"_blank\"><img loading=\"lazy\" decoding=\"async\" class=\"alignleft wp-image-3072 size-full\" src=\"https:\/\/neue-herbold.com\/wp-content\/uploads\/2014\/12\/Metallsuchspule-01.jpg\" alt=\"Metallsuchspulen\" width=\"321\" height=\"203\" srcset=\"https:\/\/neue-herbold.com\/wp-content\/uploads\/2014\/12\/Metallsuchspule-01.jpg 321w, https:\/\/neue-herbold.com\/wp-content\/uploads\/2014\/12\/Metallsuchspule-01-300x189.jpg 300w, https:\/\/neue-herbold.com\/wp-content\/uploads\/2014\/12\/Metallsuchspule-01-100x63.jpg 100w, https:\/\/neue-herbold.com\/wp-content\/uploads\/2014\/12\/Metallsuchspule-01-150x94.jpg 150w, https:\/\/neue-herbold.com\/wp-content\/uploads\/2014\/12\/Metallsuchspule-01-200x126.jpg 200w\" sizes=\"(max-width: 321px) 100vw, 321px\" \/><\/a><em>Einsatzgebiet<\/em><\/strong><\/span><br \/> <span style=\"color: #000000;\">Metallsuchspulen dienen der Erkennung und zum Schutz von Zerkleinerungs- und Produktionsanlagen vor Besch\u00e4digung oder Zerst\u00f6rung durch metallische Verunreinigung, die im Aufgabeprodukt enthalten sind.<\/span><\/p>\n<div data-canvas-width=\"315.4125399966666\"><span style=\"color: #000000;\">In der Regel werden elektronische Metallsuchbr\u00fccken in die F\u00f6rderb\u00e4nder<\/span><\/div>\n<div data-canvas-width=\"276.14603667000006\"><span style=\"color: #000000;\">eingebaut, die der Zerkleinerungsanlage vorgeschaltet sind.<\/span><\/div>\n<h4><em><span style=\"color: #000000;\"><strong>Technik \/ Funktionsprinzip der Metallsuchspulen<\/strong><\/span><\/em><\/h4>\n<p><span style=\"color: #000000;\">Im Inneren der Suchspulen wird das F\u00f6rdergut von einem hochfequenten elektromagnetischen Feld durchsetzt. Das von der Senderspule ausgestrahlte elektromagnetische Feld induziert zwei gleich gro\u00dfe Spannungen in den Empf\u00e4ngerspulen.<\/span><\/p>\n<p><strong>Der M\u00fchle vorgeschaltet:<\/strong><br \/> Um Metalle aller Art, d.h. auch Edelst\u00e4hle und Buntmetalle sicher zu erkennen, eignen sich<br \/> elektronische Metallsuchbr\u00fccken, die nicht auf dem magnetischen, sondern dem induktiven<br \/> Prinzip aufgebaut sind. Diese Bauart l\u00e4sst alle elektrischen Leiter erkennen. Suchbr\u00fccken<br \/> werden in der Regel eingebaut in F\u00f6rderb\u00e4nder, die der M\u00fchle vorgeschaltet werden.<\/p>\n<p><strong>Funktionsprinzip:<\/strong><\/p>\n<p><span style=\"color: #000000;\"><a href=\"https:\/\/neue-herbold.com\/wp-content\/uploads\/2014\/12\/Metallsuchspule-03.jpg\" target=\"_blank\"><img loading=\"lazy\" decoding=\"async\" class=\" wp-image-5876 size-medium alignleft\" src=\"https:\/\/neue-herbold.com\/wp-content\/uploads\/2014\/12\/Metallsuchspule-03-300x259.jpg\" alt=\"\" width=\"300\" height=\"259\" srcset=\"https:\/\/neue-herbold.com\/wp-content\/uploads\/2014\/12\/Metallsuchspule-03-300x259.jpg 300w, https:\/\/neue-herbold.com\/wp-content\/uploads\/2014\/12\/Metallsuchspule-03-100x86.jpg 100w, https:\/\/neue-herbold.com\/wp-content\/uploads\/2014\/12\/Metallsuchspule-03-150x130.jpg 150w, https:\/\/neue-herbold.com\/wp-content\/uploads\/2014\/12\/Metallsuchspule-03-200x173.jpg 200w, https:\/\/neue-herbold.com\/wp-content\/uploads\/2014\/12\/Metallsuchspule-03.jpg 323w\" sizes=\"(max-width: 300px) 100vw, 300px\" \/><\/a><\/span><\/p>\n<h5><em><span style=\"color: #000000;\">Eine Metallverunreinigung st\u00f6rt das <br \/> Gleichgewicht innerhalb der <br \/> Suchspulen, die dadurch <br \/> entstehende Spannungs-<br \/> differenz wird ausgewertet und in <br \/> einen Schaltimpuls umgewandelt.<\/span><\/em><\/h5>\n<p>&nbsp;<\/p>\n<p>&nbsp;<\/p>\n<p>&nbsp;<\/p>\n<table style=\"height: 92px;\" width=\"220\">\n<tbody>\n<tr>\n<td>\n<p><a href=\"https:\/\/neue-herbold.com\/wp-content\/uploads\/2014\/12\/Metallsuchspulen.pdf\" target=\"_blank\"><img loading=\"lazy\" decoding=\"async\" class=\" wp-image-5703 alignleft\" src=\"https:\/\/neue-herbold.com\/wp-content\/uploads\/2014\/12\/PDF-ICON.jpg\" alt=\"PDF-ICON\" width=\"50\" height=\"48\" \/> Metallsuchbr\u00fccken<\/a><\/p>\n<\/td>\n<\/tr>\n<tr>\n<td>\n<p><a href=\"https:\/\/neue-herbold.com\/wp-content\/uploads\/2014\/12\/Eisenabscheider.pdf\" target=\"_blank\"><img loading=\"lazy\" decoding=\"async\" class=\"alignleft wp-image-5703\" src=\"https:\/\/neue-herbold.com\/wp-content\/uploads\/2014\/12\/PDF-ICON.jpg\" alt=\"PDF-ICON\" width=\"50\" height=\"48\" \/>Eisenabscheider<\/a><\/p>\n<\/td>\n<\/tr>\n<tr>\n<td><a href=\"https:\/\/neue-herbold.com\/wp-content\/uploads\/2014\/12\/Ueberbandmagnet.pdf\" target=\"_blank\">\u00dcberbandmagnet<\/a><a href=\"https:\/\/neue-herbold.com\/wp-content\/uploads\/2014\/12\/Ueberbandmagnet.pdf\" target=\"_blank\"><img loading=\"lazy\" decoding=\"async\" class=\"alignleft wp-image-5703\" src=\"https:\/\/neue-herbold.com\/wp-content\/uploads\/2014\/12\/PDF-ICON.jpg\" alt=\"PDF-ICON\" width=\"50\" height=\"48\" \/><\/a><\/td>\n<\/tr>\n<\/tbody>\n<\/table>\n","protected":false},"excerpt":{"rendered":"<p><span style=\"color: #000000;\"><strong><a href=\"https:\/\/neue-herbold.com\/wp-content\/uploads\/2014\/12\/Metallsuchspule-01.jpg\" target=\"_blank\"><img loading=\"lazy\" decoding=\"async\" class=\"alignleft wp-image-3072 size-full\" src=\"https:\/\/neue-herbold.com\/wp-content\/uploads\/2014\/12\/Metallsuchspule-01.jpg\" alt=\"Metallsuchspulen\" width=\"321\" height=\"203\" srcset=\"https:\/\/neue-herbold.com\/wp-content\/uploads\/2014\/12\/Metallsuchspule-01.jpg 321w, https:\/\/neue-herbold.com\/wp-content\/uploads\/2014\/12\/Metallsuchspule-01-300x189.jpg 300w, https:\/\/neue-herbold.com\/wp-content\/uploads\/2014\/12\/Metallsuchspule-01-100x63.jpg 100w, https:\/\/neue-herbold.com\/wp-content\/uploads\/2014\/12\/Metallsuchspule-01-150x94.jpg 150w, https:\/\/neue-herbold.com\/wp-content\/uploads\/2014\/12\/Metallsuchspule-01-200x126.jpg 200w\" sizes=\"(max-width: 321px) 100vw, 321px\" \/><\/a><em>Einsatzgebiet<\/em><\/strong><\/span><br \/> <span style=\"color: #000000;\">Metallsuchspulen dienen der Erkennung und zum Schutz von Zerkleinerungs- und Produktionsanlagen vor Besch\u00e4digung oder Zerst\u00f6rung durch metallische Verunreinigung, die im Aufgabeprodukt enthalten sind.<\/span><\/p>\n<div data-canvas-width=\"315.4125399966666\"><span style=\"color: #000000;\">In der Regel werden elektronische Metallsuchbr\u00fccken in die F\u00f6rderb\u00e4nder<\/span><\/div>\n<div data-canvas-width=\"276.14603667000006\"><span style=\"color: #000000;\">eingebaut,<\/span><\/div>\n<p><span class=\"ellipsis\">&hellip;<\/span><\/p>\n<div class=\"read-more\"><a href=\"https:\/\/neue-herbold.com\/de\/metallsuchspulen\/\">Weiterlesen \u203a<\/a><\/div>\n<p><!-- end of .read-more --><\/p>\n","protected":false},"author":1,"featured_media":0,"parent":0,"menu_order":0,"comment_status":"closed","ping_status":"closed","template":"","meta":{"footnotes":""},"class_list":["post-8953","page","type-page","status-publish","hentry"],"yoast_head":"<!-- This site is optimized with the Yoast SEO plugin v25.4 - https:\/\/yoast.com\/wordpress\/plugins\/seo\/ -->\n<title>Metallsuchspulen \/ Metallsuchbr\u00fccken - Neue Herbold GmbH<\/title>\n<meta name=\"description\" content=\"Metallsuchspulen dienen der Erkennung und zum Schutz von Zerkleinerungs- und Produktionsanlagen vor Besch\u00e4digung oder Zerst\u00f6rung durch metallische\" \/>\n<meta name=\"robots\" content=\"index, follow, max-snippet:-1, max-image-preview:large, max-video-preview:-1\" \/>\n<link rel=\"canonical\" href=\"https:\/\/neue-herbold.com\/de\/metallsuchspulen\/\" \/>\n<meta property=\"og:locale\" content=\"de_DE\" \/>\n<meta property=\"og:type\" content=\"article\" \/>\n<meta property=\"og:title\" content=\"Metallsuchspulen \/ Metallsuchbr\u00fccken - Neue Herbold GmbH\" \/>\n<meta property=\"og:description\" content=\"Metallsuchspulen dienen der Erkennung und zum Schutz von Zerkleinerungs- und Produktionsanlagen vor Besch\u00e4digung oder Zerst\u00f6rung durch metallische\" \/>\n<meta property=\"og:url\" content=\"https:\/\/neue-herbold.com\/de\/metallsuchspulen\/\" \/>\n<meta property=\"og:site_name\" content=\"Neue Herbold GmbH\" \/>\n<meta property=\"article:modified_time\" content=\"2016-06-05T18:15:02+00:00\" \/>\n<meta property=\"og:image\" content=\"https:\/\/neue-herbold.com\/wp-content\/uploads\/2014\/12\/Metallsuchspule-01.jpg\" \/>\n<meta name=\"twitter:label1\" content=\"Gesch\u00e4tzte Lesezeit\" \/>\n\t<meta name=\"twitter:data1\" content=\"1\u00a0Minute\" \/>\n<script type=\"application\/ld+json\" class=\"yoast-schema-graph\">{\"@context\":\"https:\/\/schema.org\",\"@graph\":[{\"@type\":\"WebPage\",\"@id\":\"https:\/\/neue-herbold.com\/de\/metallsuchspulen\/\",\"url\":\"https:\/\/neue-herbold.com\/de\/metallsuchspulen\/\",\"name\":\"Metallsuchspulen \/ Metallsuchbr\u00fccken - Neue Herbold GmbH\",\"isPartOf\":{\"@id\":\"https:\/\/neue-herbold.com\/en\/#website\"},\"primaryImageOfPage\":{\"@id\":\"https:\/\/neue-herbold.com\/de\/metallsuchspulen\/#primaryimage\"},\"image\":{\"@id\":\"https:\/\/neue-herbold.com\/de\/metallsuchspulen\/#primaryimage\"},\"thumbnailUrl\":\"https:\/\/neue-herbold.com\/wp-content\/uploads\/2014\/12\/Metallsuchspule-01.jpg\",\"datePublished\":\"2016-06-05T17:59:15+00:00\",\"dateModified\":\"2016-06-05T18:15:02+00:00\",\"description\":\"Metallsuchspulen dienen der Erkennung und zum Schutz von Zerkleinerungs- und Produktionsanlagen vor Besch\u00e4digung oder Zerst\u00f6rung durch metallische\",\"breadcrumb\":{\"@id\":\"https:\/\/neue-herbold.com\/de\/metallsuchspulen\/#breadcrumb\"},\"inLanguage\":\"de\",\"potentialAction\":[{\"@type\":\"ReadAction\",\"target\":[\"https:\/\/neue-herbold.com\/de\/metallsuchspulen\/\"]}]},{\"@type\":\"ImageObject\",\"inLanguage\":\"de\",\"@id\":\"https:\/\/neue-herbold.com\/de\/metallsuchspulen\/#primaryimage\",\"url\":\"https:\/\/neue-herbold.com\/wp-content\/uploads\/2014\/12\/Metallsuchspule-01.jpg\",\"contentUrl\":\"https:\/\/neue-herbold.com\/wp-content\/uploads\/2014\/12\/Metallsuchspule-01.jpg\"},{\"@type\":\"BreadcrumbList\",\"@id\":\"https:\/\/neue-herbold.com\/de\/metallsuchspulen\/#breadcrumb\",\"itemListElement\":[{\"@type\":\"ListItem\",\"position\":1,\"name\":\"Startseite\",\"item\":\"https:\/\/neue-herbold.com\/de\/\"},{\"@type\":\"ListItem\",\"position\":2,\"name\":\"Metallsuchspulen \/ Metallsuchbr\u00fccken\"}]},{\"@type\":\"WebSite\",\"@id\":\"https:\/\/neue-herbold.com\/en\/#website\",\"url\":\"https:\/\/neue-herbold.com\/en\/\",\"name\":\"Neue Herbold GmbH\",\"description\":\"\",\"potentialAction\":[{\"@type\":\"SearchAction\",\"target\":{\"@type\":\"EntryPoint\",\"urlTemplate\":\"https:\/\/neue-herbold.com\/en\/?s={search_term_string}\"},\"query-input\":{\"@type\":\"PropertyValueSpecification\",\"valueRequired\":true,\"valueName\":\"search_term_string\"}}],\"inLanguage\":\"de\"}]}<\/script>\n<!-- \/ Yoast SEO plugin. -->","yoast_head_json":{"title":"Metallsuchspulen \/ Metallsuchbr\u00fccken - Neue Herbold GmbH","description":"Metallsuchspulen dienen der Erkennung und zum Schutz von Zerkleinerungs- und Produktionsanlagen vor Besch\u00e4digung oder Zerst\u00f6rung durch metallische","robots":{"index":"index","follow":"follow","max-snippet":"max-snippet:-1","max-image-preview":"max-image-preview:large","max-video-preview":"max-video-preview:-1"},"canonical":"https:\/\/neue-herbold.com\/de\/metallsuchspulen\/","og_locale":"de_DE","og_type":"article","og_title":"Metallsuchspulen \/ Metallsuchbr\u00fccken - Neue Herbold GmbH","og_description":"Metallsuchspulen dienen der Erkennung und zum Schutz von Zerkleinerungs- und Produktionsanlagen vor Besch\u00e4digung oder Zerst\u00f6rung durch metallische","og_url":"https:\/\/neue-herbold.com\/de\/metallsuchspulen\/","og_site_name":"Neue Herbold GmbH","article_modified_time":"2016-06-05T18:15:02+00:00","og_image":[{"url":"https:\/\/neue-herbold.com\/wp-content\/uploads\/2014\/12\/Metallsuchspule-01.jpg","type":"","width":"","height":""}],"twitter_misc":{"Gesch\u00e4tzte Lesezeit":"1\u00a0Minute"},"schema":{"@context":"https:\/\/schema.org","@graph":[{"@type":"WebPage","@id":"https:\/\/neue-herbold.com\/de\/metallsuchspulen\/","url":"https:\/\/neue-herbold.com\/de\/metallsuchspulen\/","name":"Metallsuchspulen \/ Metallsuchbr\u00fccken - Neue Herbold GmbH","isPartOf":{"@id":"https:\/\/neue-herbold.com\/en\/#website"},"primaryImageOfPage":{"@id":"https:\/\/neue-herbold.com\/de\/metallsuchspulen\/#primaryimage"},"image":{"@id":"https:\/\/neue-herbold.com\/de\/metallsuchspulen\/#primaryimage"},"thumbnailUrl":"https:\/\/neue-herbold.com\/wp-content\/uploads\/2014\/12\/Metallsuchspule-01.jpg","datePublished":"2016-06-05T17:59:15+00:00","dateModified":"2016-06-05T18:15:02+00:00","description":"Metallsuchspulen dienen der Erkennung und zum Schutz von Zerkleinerungs- und Produktionsanlagen vor Besch\u00e4digung oder Zerst\u00f6rung durch metallische","breadcrumb":{"@id":"https:\/\/neue-herbold.com\/de\/metallsuchspulen\/#breadcrumb"},"inLanguage":"de","potentialAction":[{"@type":"ReadAction","target":["https:\/\/neue-herbold.com\/de\/metallsuchspulen\/"]}]},{"@type":"ImageObject","inLanguage":"de","@id":"https:\/\/neue-herbold.com\/de\/metallsuchspulen\/#primaryimage","url":"https:\/\/neue-herbold.com\/wp-content\/uploads\/2014\/12\/Metallsuchspule-01.jpg","contentUrl":"https:\/\/neue-herbold.com\/wp-content\/uploads\/2014\/12\/Metallsuchspule-01.jpg"},{"@type":"BreadcrumbList","@id":"https:\/\/neue-herbold.com\/de\/metallsuchspulen\/#breadcrumb","itemListElement":[{"@type":"ListItem","position":1,"name":"Startseite","item":"https:\/\/neue-herbold.com\/de\/"},{"@type":"ListItem","position":2,"name":"Metallsuchspulen \/ Metallsuchbr\u00fccken"}]},{"@type":"WebSite","@id":"https:\/\/neue-herbold.com\/en\/#website","url":"https:\/\/neue-herbold.com\/en\/","name":"Neue Herbold GmbH","description":"","potentialAction":[{"@type":"SearchAction","target":{"@type":"EntryPoint","urlTemplate":"https:\/\/neue-herbold.com\/en\/?s={search_term_string}"},"query-input":{"@type":"PropertyValueSpecification","valueRequired":true,"valueName":"search_term_string"}}],"inLanguage":"de"}]}},"_links":{"self":[{"href":"https:\/\/neue-herbold.com\/de\/wp-json\/wp\/v2\/pages\/8953"}],"collection":[{"href":"https:\/\/neue-herbold.com\/de\/wp-json\/wp\/v2\/pages"}],"about":[{"href":"https:\/\/neue-herbold.com\/de\/wp-json\/wp\/v2\/types\/page"}],"author":[{"embeddable":true,"href":"https:\/\/neue-herbold.com\/de\/wp-json\/wp\/v2\/users\/1"}],"replies":[{"embeddable":true,"href":"https:\/\/neue-herbold.com\/de\/wp-json\/wp\/v2\/comments?post=8953"}],"version-history":[{"count":7,"href":"https:\/\/neue-herbold.com\/de\/wp-json\/wp\/v2\/pages\/8953\/revisions"}],"predecessor-version":[{"id":8982,"href":"https:\/\/neue-herbold.com\/de\/wp-json\/wp\/v2\/pages\/8953\/revisions\/8982"}],"wp:attachment":[{"href":"https:\/\/neue-herbold.com\/de\/wp-json\/wp\/v2\/media?parent=8953"}],"curies":[{"name":"wp","href":"https:\/\/api.w.org\/{rel}","templated":true}]}}