{"id":8922,"date":"2016-06-05T19:34:44","date_gmt":"2016-06-05T17:34:44","guid":{"rendered":"https:\/\/neue-herbold.com\/de\/absauganlagen\/"},"modified":"2023-06-22T02:47:20","modified_gmt":"2023-06-22T00:47:20","slug":"absauganlagen","status":"publish","type":"page","link":"https:\/\/neue-herbold.com\/de\/absauganlagen\/","title":{"rendered":"Absauganlagen \/ Materialf\u00f6rdergebl\u00e4se"},"content":{"rendered":"<h5><strong><span style=\"color: #000000;\"><a href=\"https:\/\/neue-herbold.com\/wp-content\/uploads\/2014\/12\/Absauganlage-DK.jpg\" target=\"_blank\" rel=\"noopener noreferrer\"><img loading=\"lazy\" decoding=\"async\" class=\"alignleft wp-image-3103\" src=\"https:\/\/neue-herbold.com\/wp-content\/uploads\/2014\/12\/Absauganlage-DK-300x224.jpg\" alt=\"Absauganlagen\" width=\"280\" height=\"209\" srcset=\"https:\/\/neue-herbold.com\/wp-content\/uploads\/2014\/12\/Absauganlage-DK-300x224.jpg 300w, https:\/\/neue-herbold.com\/wp-content\/uploads\/2014\/12\/Absauganlage-DK-1024x764.jpg 1024w, https:\/\/neue-herbold.com\/wp-content\/uploads\/2014\/12\/Absauganlage-DK-100x74.jpg 100w, https:\/\/neue-herbold.com\/wp-content\/uploads\/2014\/12\/Absauganlage-DK-150x112.jpg 150w, https:\/\/neue-herbold.com\/wp-content\/uploads\/2014\/12\/Absauganlage-DK-200x149.jpg 200w, https:\/\/neue-herbold.com\/wp-content\/uploads\/2014\/12\/Absauganlage-DK-450x336.jpg 450w, https:\/\/neue-herbold.com\/wp-content\/uploads\/2014\/12\/Absauganlage-DK-600x448.jpg 600w, https:\/\/neue-herbold.com\/wp-content\/uploads\/2014\/12\/Absauganlage-DK-900x672.jpg 900w, https:\/\/neue-herbold.com\/wp-content\/uploads\/2014\/12\/Absauganlage-DK.jpg 1200w\" sizes=\"(max-width: 280px) 100vw, 280px\" \/><\/a><\/span><\/strong><\/h5>\n<h5>\u00a0<\/h5>\n<h3><strong><span style=\"color: #000000;\"><em>NEUE HERBOLD<\/em> <em>projektiert <\/em><em>und <\/em><\/span><\/strong><strong><span style=\"color: #000000;\"><em>liefert speziell f\u00fcr <\/em><em>kundenspezifische <\/em><em>Aufgabenstellungen <\/em><em>zugeschnittene <\/em><\/span><\/strong><strong><span style=\"color: #000000;\"><em>Absauganlagen und Materialf\u00f6rdergebl\u00e4se.<\/em><\/span><\/strong><\/h3>\n<p>Rohre und Leitungen verbinden die Komponenten der Recyclinganlage und werden, je nach Aufgabenstellung, auch zur Reinigung und Filterung der zu transportierenden Stoffe eingesetzt. Dies erfolgt indem zwischen den Rohrleitungen entsprechene Vorrichtungen zum Einsatz kommen.<\/p>\n<p><strong> <span style=\"color: #000000;\">Das Lieferprogramm umfasst verschiedenste Ausf\u00fchrungen von:<\/span><\/strong><\/p>\n<ul>\n<li><span style=\"color: #000000;\">Materialf\u00f6rdergebl\u00e4sen (Baureihe MFT)<\/span><\/li>\n<li><span style=\"color: #000000;\">Injektorgebl\u00e4sen<\/span><\/li>\n<li><span style=\"color: #000000;\">Rohrleitungselementen <\/span><\/li>\n<li><span style=\"color: #000000;\">Zyklonabscheider<\/span><\/li>\n<li><span style=\"color: #000000;\">Fallstromsichter (Baureihe HS, zum Abscheiden von Flusen und Feinanteilen etc.)<\/span><\/li>\n<li><span style=\"color: #000000;\">Abluftfilter<\/span><\/li>\n<li><span style=\"color: #000000;\">Zellenradschleusen<\/span><\/li>\n<li><span style=\"color: #000000;\">FE\/NE-Metallabscheider<\/span><\/li>\n<li><span style=\"color: #000000;\">Dosiervorrichtungen<\/span><\/li>\n<li><span style=\"color: #000000;\">Siebvorrichtungen<\/span><\/li>\n<\/ul>\n<p><em><span style=\"color: #000000;\"><strong>Absauganlagen \/ Materialf\u00f6rdergebl\u00e4se der Baureihe MFT:<\/strong><\/span><\/em><\/p>\n<table>\n<tbody>\n<tr>\n<td style=\"text-align: center;\"><span style=\"color: #000000;\"><strong>verf\u00fcgbare Modelle \/ Typen<\/strong><\/span><\/td>\n<td style=\"text-align: center;\"><span style=\"color: #000000;\"><strong>Antrieb kW<\/strong><\/span><\/td>\n<td style=\"text-align: center;\"><span style=\"color: #000000;\"><strong>Luftmenge m\u00b3\/min<\/strong><\/span><\/td>\n<td style=\"text-align: center;\"><span style=\"color: #000000;\"><strong>Pressung mm (Wassers\u00e4ule)<\/strong><\/span><\/td>\n<\/tr>\n<tr>\n<td style=\"text-align: left;\"><span style=\"color: #000000;\">MFT 20\/250<\/span><\/td>\n<td style=\"text-align: center;\"><span style=\"color: #000000;\">2,2<\/span><\/td>\n<td style=\"text-align: center;\"><span style=\"color: #000000;\">20<\/span><\/td>\n<td style=\"text-align: center;\"><span style=\"color: #000000;\">250<\/span><\/td>\n<\/tr>\n<tr>\n<td style=\"text-align: left;\"><span style=\"color: #000000;\">MFT 30\/300<\/span><\/td>\n<td style=\"text-align: center;\"><span style=\"color: #000000;\">4<\/span><\/td>\n<td style=\"text-align: center;\"><span style=\"color: #000000;\">30<\/span><\/td>\n<td style=\"text-align: center;\"><span style=\"color: #000000;\">300<\/span><\/td>\n<\/tr>\n<tr>\n<td style=\"text-align: left;\"><span style=\"color: #000000;\">MFT 35\/600<\/span><\/td>\n<td style=\"text-align: center;\"><span style=\"color: #000000;\">11<\/span><\/td>\n<td style=\"text-align: center;\"><span style=\"color: #000000;\">35<\/span><\/td>\n<td style=\"text-align: center;\"><span style=\"color: #000000;\">600<\/span><\/td>\n<\/tr>\n<tr>\n<td style=\"text-align: left;\"><span style=\"color: #000000;\">MFT 45\/350<\/span><\/td>\n<td style=\"text-align: center;\"><span style=\"color: #000000;\">7,5<\/span><\/td>\n<td style=\"text-align: center;\"><span style=\"color: #000000;\">45<\/span><\/td>\n<td style=\"text-align: center;\"><span style=\"color: #000000;\">350<\/span><\/td>\n<\/tr>\n<tr>\n<td style=\"text-align: left;\"><span style=\"color: #000000;\">MFT 45\/800<\/span><\/td>\n<td style=\"text-align: center;\"><span style=\"color: #000000;\">15<\/span><\/td>\n<td style=\"text-align: center;\"><span style=\"color: #000000;\">45<\/span><\/td>\n<td style=\"text-align: center;\"><span style=\"color: #000000;\">800<\/span><\/td>\n<\/tr>\n<tr>\n<td style=\"text-align: left;\"><span style=\"color: #000000;\">MFT 55\/500<\/span><\/td>\n<td style=\"text-align: center;\"><span style=\"color: #000000;\">11<\/span><\/td>\n<td style=\"text-align: center;\"><span style=\"color: #000000;\">55<\/span><\/td>\n<td style=\"text-align: center;\"><span style=\"color: #000000;\">500<\/span><\/td>\n<\/tr>\n<tr>\n<td style=\"text-align: left;\"><span style=\"color: #000000;\">MFT 75\/500<\/span><\/td>\n<td style=\"text-align: center;\"><span style=\"color: #000000;\">15<\/span><\/td>\n<td style=\"text-align: center;\"><span style=\"color: #000000;\">75<\/span><\/td>\n<td style=\"text-align: center;\"><span style=\"color: #000000;\">500<\/span><\/td>\n<\/tr>\n<tr>\n<td style=\"text-align: left;\"><span style=\"color: #000000;\">MFT 100\/1000<\/span><\/td>\n<td style=\"text-align: center;\"><span style=\"color: #000000;\">22<\/span><\/td>\n<td style=\"text-align: center;\"><span style=\"color: #000000;\">100<\/span><\/td>\n<td style=\"text-align: center;\"><span style=\"color: #000000;\">1000<\/span><\/td>\n<\/tr>\n<\/tbody>\n<\/table>\n<p><strong>Weitere Allgemeine Informationen:<\/strong><\/p>\n<p><span style=\"color: #000000;\">Absauganlagen und Gebl\u00e4se dienen der Bef\u00f6rderung von zerkleinerten Materialien wie z.b. von Granulat, Folienschnipsel, pulvverisierem Material usw. von A nach B. unter der Zuhilfenahme von Luft als Tr\u00e4germedium. Das zum Beispiel in der <a href=\"https:\/\/neue-herbold.com\/de\/feinmuehlen\" target=\"_blank\" rel=\"noopener noreferrer\">Feinm\u00fchle ZM<\/a> feingemahlene Material, beispielsweise Granulat, wird pneumatisch abgesaugt und so sehr effektiv \u00fcber Rohrleitungen abtransportiert. Dies erfolgt mit einer kontrollierbaren Dosierung, so da\u00df ein optimaler Materialdurchfluss gew\u00e4hrleistet ist.<\/span><\/p>\n<p><span style=\"color: #000000;\">Meist werden dabei auch Filter f\u00fcr die Abluft und Siebe dazwischen gesetzt sowie auch weitere zus\u00e4tzliche Anbauelemente, wie z.B. ein FE\/NE-Metallabscheider, um ungew\u00fcnschte St\u00f6rstoffe zu entfernen. Durch das Gebl\u00e4se beziehungsweise die Absaugunganlage gelangt das RE-Material letztendlich zu einem Silo oder direkt in Transportbeh\u00e4lter (z.B. Big-Bags).<\/span><\/p>\n<p><strong><em>Video: Sehen Sie das Materialf\u00f6rdergebl\u00e4se im Einsatz:<\/em><br \/>\n<\/strong>Ab Position\u00a0 1:15 min sehen Sie\u00a0 das F\u00f6rdergebl\u00e4se integriert in eine NEUE HERBOLD &#8211; <a href=\"https:\/\/neue-herbold.com\/de\/schneidmuehle-sm\/\">Grossschneidm\u00fchle der Baureihe SM800<\/a><strong><br \/>\n<\/strong><\/p>\n<div id=\"bc4tF7TPkt\" data-borlabs-cookie-blocked-content><div class=\"borlabs-cookie-bct bc-bct-video bc-bct-youtube\"> <p class=\"bc-thumbnail\"><img src=\"https:\/\/neue-herbold.com\/wp-content\/cache\/borlabs_cookie\/v2rnYFtglgw_sddefault.jpg\" alt=\"YouTube\"><\/p> <div class=\"bc-text\"> <p>Zum Schutz Ihrer pers\u00f6nlichen Daten wurde Ihre Verbindung zu YouTube blockiert. <br> Klicken Sie auf <strong> Video laden<\/strong>, um die Blockierung von YouTube aufzuheben. <br> Durch das Laden des Videos akzeptieren Sie die Datenschutzbestimmungen von YouTube. <br>Weitere Informationen zu den Datenschutzbestimmungen von YouTube finden Sie hier: <br><a href=\"https:\/\/policies.google.com\/privacy\" target=\"_blank\" rel=\"nofollow\">Google - Datenschutzerkl\u00e4rung<\/a><\/p> <p><label><input type=\"checkbox\" name=\"unblockAll\" value=\"1\" > K\u00fcnftig keine Videos von YouTube blockieren <\/label> <a role=\"button\" data-borlabs-cookie-unblock>Video laden<\/a><\/p> <\/div> <\/div><\/div>\n","protected":false},"excerpt":{"rendered":"<p><strong><span style=\"color: #000000;\"><a href=\"https:\/\/neue-herbold.com\/wp-content\/uploads\/2014\/12\/Absauganlage-DK.jpg\" target=\"_blank\" rel=\"noopener noreferrer\"><img loading=\"lazy\" decoding=\"async\" class=\"alignleft wp-image-3103\" src=\"https:\/\/neue-herbold.com\/wp-content\/uploads\/2014\/12\/Absauganlage-DK-300x224.jpg\" alt=\"Absauganlagen\" width=\"280\" height=\"209\" srcset=\"https:\/\/neue-herbold.com\/wp-content\/uploads\/2014\/12\/Absauganlage-DK-300x224.jpg 300w, https:\/\/neue-herbold.com\/wp-content\/uploads\/2014\/12\/Absauganlage-DK-1024x764.jpg 1024w, https:\/\/neue-herbold.com\/wp-content\/uploads\/2014\/12\/Absauganlage-DK-100x74.jpg 100w, https:\/\/neue-herbold.com\/wp-content\/uploads\/2014\/12\/Absauganlage-DK-150x112.jpg 150w, https:\/\/neue-herbold.com\/wp-content\/uploads\/2014\/12\/Absauganlage-DK-200x149.jpg 200w, https:\/\/neue-herbold.com\/wp-content\/uploads\/2014\/12\/Absauganlage-DK-450x336.jpg 450w, https:\/\/neue-herbold.com\/wp-content\/uploads\/2014\/12\/Absauganlage-DK-600x448.jpg 600w, https:\/\/neue-herbold.com\/wp-content\/uploads\/2014\/12\/Absauganlage-DK-900x672.jpg 900w, https:\/\/neue-herbold.com\/wp-content\/uploads\/2014\/12\/Absauganlage-DK.jpg 1200w\" sizes=\"(max-width: 280px) 100vw, 280px\" \/><\/a><\/span><\/strong><br \/>\n\u00a0<br \/>\n<strong><span style=\"color: #000000;\"><em>NEUE HERBOLD<\/em> <em>projektiert <\/em><em>und <\/em><\/span><\/strong><strong><span style=\"color: #000000;\"><em>liefert speziell f\u00fcr <\/em><em>kundenspezifische <\/em><em>Aufgabenstellungen <\/em><em>zugeschnittene <\/em><\/span><\/strong><strong><span style=\"color: #000000;\"><em>Absauganlagen und Materialf\u00f6rdergebl\u00e4se.<\/em><\/span><\/strong><span class=\"ellipsis\">&hellip;<\/span><\/p>\n<div class=\"read-more\"><a href=\"https:\/\/neue-herbold.com\/de\/absauganlagen\/\">Weiterlesen \u203a<\/a><\/div>\n<p><!-- end of .read-more --><\/p>\n","protected":false},"author":1,"featured_media":0,"parent":0,"menu_order":0,"comment_status":"closed","ping_status":"closed","template":"","meta":{"footnotes":""},"class_list":["post-8922","page","type-page","status-publish","hentry"],"yoast_head":"<!-- This site is optimized with the Yoast SEO plugin v25.4 - https:\/\/yoast.com\/wordpress\/plugins\/seo\/ -->\n<title>Absauganlagen \/ Materialf\u00f6rdergebl\u00e4se - Neue Herbold GmbH<\/title>\n<meta name=\"description\" content=\"Neue Herbold projektiert und liefert speziell f\u00fcr kundenspezifische Aufgabenstellungen zugeschnittene Absauganlagen. Das Lieferprogramm umfasst\" \/>\n<meta name=\"robots\" content=\"index, follow, max-snippet:-1, max-image-preview:large, max-video-preview:-1\" \/>\n<link rel=\"canonical\" href=\"https:\/\/neue-herbold.com\/de\/absauganlagen\/\" \/>\n<meta property=\"og:locale\" content=\"de_DE\" \/>\n<meta property=\"og:type\" content=\"article\" \/>\n<meta property=\"og:title\" content=\"Absauganlagen \/ Materialf\u00f6rdergebl\u00e4se - Neue Herbold GmbH\" \/>\n<meta property=\"og:description\" content=\"Neue Herbold projektiert und liefert speziell f\u00fcr kundenspezifische Aufgabenstellungen zugeschnittene Absauganlagen. Das Lieferprogramm umfasst\" \/>\n<meta property=\"og:url\" content=\"https:\/\/neue-herbold.com\/de\/absauganlagen\/\" \/>\n<meta property=\"og:site_name\" content=\"Neue Herbold GmbH\" \/>\n<meta property=\"article:modified_time\" content=\"2023-06-22T00:47:20+00:00\" \/>\n<meta property=\"og:image\" content=\"https:\/\/neue-herbold.com\/wp-content\/uploads\/2014\/12\/Absauganlage-DK-300x224.jpg\" \/>\n<meta name=\"twitter:label1\" content=\"Gesch\u00e4tzte Lesezeit\" \/>\n\t<meta name=\"twitter:data1\" content=\"2\u00a0Minuten\" \/>\n<script type=\"application\/ld+json\" class=\"yoast-schema-graph\">{\"@context\":\"https:\/\/schema.org\",\"@graph\":[{\"@type\":\"WebPage\",\"@id\":\"https:\/\/neue-herbold.com\/de\/absauganlagen\/\",\"url\":\"https:\/\/neue-herbold.com\/de\/absauganlagen\/\",\"name\":\"Absauganlagen \/ Materialf\u00f6rdergebl\u00e4se - Neue Herbold GmbH\",\"isPartOf\":{\"@id\":\"https:\/\/neue-herbold.com\/en\/#website\"},\"primaryImageOfPage\":{\"@id\":\"https:\/\/neue-herbold.com\/de\/absauganlagen\/#primaryimage\"},\"image\":{\"@id\":\"https:\/\/neue-herbold.com\/de\/absauganlagen\/#primaryimage\"},\"thumbnailUrl\":\"https:\/\/neue-herbold.com\/wp-content\/uploads\/2014\/12\/Absauganlage-DK-300x224.jpg\",\"datePublished\":\"2016-06-05T17:34:44+00:00\",\"dateModified\":\"2023-06-22T00:47:20+00:00\",\"description\":\"Neue Herbold projektiert und liefert speziell f\u00fcr kundenspezifische Aufgabenstellungen zugeschnittene Absauganlagen. Das Lieferprogramm umfasst\",\"breadcrumb\":{\"@id\":\"https:\/\/neue-herbold.com\/de\/absauganlagen\/#breadcrumb\"},\"inLanguage\":\"de\",\"potentialAction\":[{\"@type\":\"ReadAction\",\"target\":[\"https:\/\/neue-herbold.com\/de\/absauganlagen\/\"]}]},{\"@type\":\"ImageObject\",\"inLanguage\":\"de\",\"@id\":\"https:\/\/neue-herbold.com\/de\/absauganlagen\/#primaryimage\",\"url\":\"https:\/\/neue-herbold.com\/wp-content\/uploads\/2014\/12\/Absauganlage-DK-300x224.jpg\",\"contentUrl\":\"https:\/\/neue-herbold.com\/wp-content\/uploads\/2014\/12\/Absauganlage-DK-300x224.jpg\"},{\"@type\":\"BreadcrumbList\",\"@id\":\"https:\/\/neue-herbold.com\/de\/absauganlagen\/#breadcrumb\",\"itemListElement\":[{\"@type\":\"ListItem\",\"position\":1,\"name\":\"Startseite\",\"item\":\"https:\/\/neue-herbold.com\/de\/\"},{\"@type\":\"ListItem\",\"position\":2,\"name\":\"Absauganlagen \/ Materialf\u00f6rdergebl\u00e4se\"}]},{\"@type\":\"WebSite\",\"@id\":\"https:\/\/neue-herbold.com\/en\/#website\",\"url\":\"https:\/\/neue-herbold.com\/en\/\",\"name\":\"Neue Herbold GmbH\",\"description\":\"\",\"potentialAction\":[{\"@type\":\"SearchAction\",\"target\":{\"@type\":\"EntryPoint\",\"urlTemplate\":\"https:\/\/neue-herbold.com\/en\/?s={search_term_string}\"},\"query-input\":{\"@type\":\"PropertyValueSpecification\",\"valueRequired\":true,\"valueName\":\"search_term_string\"}}],\"inLanguage\":\"de\"}]}<\/script>\n<!-- \/ Yoast SEO plugin. -->","yoast_head_json":{"title":"Absauganlagen \/ Materialf\u00f6rdergebl\u00e4se - Neue Herbold GmbH","description":"Neue Herbold projektiert und liefert speziell f\u00fcr kundenspezifische Aufgabenstellungen zugeschnittene Absauganlagen. Das Lieferprogramm umfasst","robots":{"index":"index","follow":"follow","max-snippet":"max-snippet:-1","max-image-preview":"max-image-preview:large","max-video-preview":"max-video-preview:-1"},"canonical":"https:\/\/neue-herbold.com\/de\/absauganlagen\/","og_locale":"de_DE","og_type":"article","og_title":"Absauganlagen \/ Materialf\u00f6rdergebl\u00e4se - Neue Herbold GmbH","og_description":"Neue Herbold projektiert und liefert speziell f\u00fcr kundenspezifische Aufgabenstellungen zugeschnittene Absauganlagen. Das Lieferprogramm umfasst","og_url":"https:\/\/neue-herbold.com\/de\/absauganlagen\/","og_site_name":"Neue Herbold GmbH","article_modified_time":"2023-06-22T00:47:20+00:00","og_image":[{"url":"https:\/\/neue-herbold.com\/wp-content\/uploads\/2014\/12\/Absauganlage-DK-300x224.jpg","type":"","width":"","height":""}],"twitter_misc":{"Gesch\u00e4tzte Lesezeit":"2\u00a0Minuten"},"schema":{"@context":"https:\/\/schema.org","@graph":[{"@type":"WebPage","@id":"https:\/\/neue-herbold.com\/de\/absauganlagen\/","url":"https:\/\/neue-herbold.com\/de\/absauganlagen\/","name":"Absauganlagen \/ Materialf\u00f6rdergebl\u00e4se - Neue Herbold GmbH","isPartOf":{"@id":"https:\/\/neue-herbold.com\/en\/#website"},"primaryImageOfPage":{"@id":"https:\/\/neue-herbold.com\/de\/absauganlagen\/#primaryimage"},"image":{"@id":"https:\/\/neue-herbold.com\/de\/absauganlagen\/#primaryimage"},"thumbnailUrl":"https:\/\/neue-herbold.com\/wp-content\/uploads\/2014\/12\/Absauganlage-DK-300x224.jpg","datePublished":"2016-06-05T17:34:44+00:00","dateModified":"2023-06-22T00:47:20+00:00","description":"Neue Herbold projektiert und liefert speziell f\u00fcr kundenspezifische Aufgabenstellungen zugeschnittene Absauganlagen. Das Lieferprogramm umfasst","breadcrumb":{"@id":"https:\/\/neue-herbold.com\/de\/absauganlagen\/#breadcrumb"},"inLanguage":"de","potentialAction":[{"@type":"ReadAction","target":["https:\/\/neue-herbold.com\/de\/absauganlagen\/"]}]},{"@type":"ImageObject","inLanguage":"de","@id":"https:\/\/neue-herbold.com\/de\/absauganlagen\/#primaryimage","url":"https:\/\/neue-herbold.com\/wp-content\/uploads\/2014\/12\/Absauganlage-DK-300x224.jpg","contentUrl":"https:\/\/neue-herbold.com\/wp-content\/uploads\/2014\/12\/Absauganlage-DK-300x224.jpg"},{"@type":"BreadcrumbList","@id":"https:\/\/neue-herbold.com\/de\/absauganlagen\/#breadcrumb","itemListElement":[{"@type":"ListItem","position":1,"name":"Startseite","item":"https:\/\/neue-herbold.com\/de\/"},{"@type":"ListItem","position":2,"name":"Absauganlagen \/ Materialf\u00f6rdergebl\u00e4se"}]},{"@type":"WebSite","@id":"https:\/\/neue-herbold.com\/en\/#website","url":"https:\/\/neue-herbold.com\/en\/","name":"Neue Herbold GmbH","description":"","potentialAction":[{"@type":"SearchAction","target":{"@type":"EntryPoint","urlTemplate":"https:\/\/neue-herbold.com\/en\/?s={search_term_string}"},"query-input":{"@type":"PropertyValueSpecification","valueRequired":true,"valueName":"search_term_string"}}],"inLanguage":"de"}]}},"_links":{"self":[{"href":"https:\/\/neue-herbold.com\/de\/wp-json\/wp\/v2\/pages\/8922"}],"collection":[{"href":"https:\/\/neue-herbold.com\/de\/wp-json\/wp\/v2\/pages"}],"about":[{"href":"https:\/\/neue-herbold.com\/de\/wp-json\/wp\/v2\/types\/page"}],"author":[{"embeddable":true,"href":"https:\/\/neue-herbold.com\/de\/wp-json\/wp\/v2\/users\/1"}],"replies":[{"embeddable":true,"href":"https:\/\/neue-herbold.com\/de\/wp-json\/wp\/v2\/comments?post=8922"}],"version-history":[{"count":24,"href":"https:\/\/neue-herbold.com\/de\/wp-json\/wp\/v2\/pages\/8922\/revisions"}],"predecessor-version":[{"id":16121,"href":"https:\/\/neue-herbold.com\/de\/wp-json\/wp\/v2\/pages\/8922\/revisions\/16121"}],"wp:attachment":[{"href":"https:\/\/neue-herbold.com\/de\/wp-json\/wp\/v2\/media?parent=8922"}],"curies":[{"name":"wp","href":"https:\/\/api.w.org\/{rel}","templated":true}]}}