{"id":8831,"date":"2016-06-05T18:10:29","date_gmt":"2016-06-05T16:10:29","guid":{"rendered":"https:\/\/neue-herbold.com\/de\/?page_id=8831"},"modified":"2017-03-29T19:16:31","modified_gmt":"2017-03-29T17:16:31","slug":"service-uebersicht","status":"publish","type":"page","link":"https:\/\/neue-herbold.com\/de\/service-uebersicht\/","title":{"rendered":"Service"},"content":{"rendered":"<h4><strong><span style=\"color: #000000;\">Service der NEUE HERBOLD &#8211; auf uns k\u00f6nnen Sie z\u00e4hlen! <br \/>\n <\/span><\/strong><\/h4>\n<p><span style=\"color: #000000;\">Bew\u00e4hrte Standardausf\u00fchrungen oder individuelle Probleml\u00f6sungen und umfangreiche Service &#8211; Leistungen\u00a0 &#8211; f\u00fcr nahezu jeden Bedarf im Recycling von Kunststoffen bieten wir effiziente, wirtschaftliche Zerkleinerungstechnik und Aufbereitungstechnik.<\/span><\/p>\n<p><em><strong><span style=\"color: #000000;\">Unsere Voraussetzungen daf\u00fcr:<\/span><\/strong><\/em><\/p>\n<div class=\"su-row\">\n <div class=\"su-column su-column-size-1-2\"><div class=\"su-column-inner su-u-clearfix su-u-trim\">\n<ul>\n<li><span style=\"color: #000000;\">Vertrautheit mit Verfahren und Produkten der Anwender<\/span><\/li>\n<li><span style=\"color: #000000;\">Modernste Technik und Konstruktionsmethoden<\/span><\/li>\n<li><span style=\"color: #000000;\">Flexible Fertigungsinstrumente<\/span><\/li>\n<\/ul>\n<\/div><\/div>\n <div class=\"su-column su-column-size-1-2\"><div class=\"su-column-inner su-u-clearfix su-u-trim\">\n<ul>\n<li><span style=\"color: #000000;\">Gewissenhafte Qualit\u00e4tskontrollen<\/span><\/li>\n<li><span style=\"color: #000000;\">Kompetenz, Innovationsf\u00e4higkeit und Flexibilit\u00e4t<\/span><\/li>\n<li><span style=\"color: #000000;\">Zuverl\u00e4ssige Kundenbetreuung <\/span><\/li>\n<\/ul>\n<\/div><\/div>\n <\/div>\n<p><span style=\"color: #000000;\"><em><strong>Denn: <br \/>\n <\/strong><\/em>Je h\u00f6her die Beanspruchung von Maschinen und Anlagen, desto wichtiger der Service. Bei Maschinen, die im betrieblichen Alltag so extremen Belastungen ausgesetzt sind wie unsere Schneidm\u00fchlen und Aufbereitungsanlagen, ist Verschlei\u00df unvermeidbar, sind St\u00f6rungen nie <\/span><span style=\"color: #000000;\">v\u00f6llig auszuschlie\u00dfen.<\/span><\/p>\n<p><em><strong><span style=\"color: #000000;\">Es ist, wie es ist&#8230; <br \/>\n <\/span><\/strong><\/em><span style=\"color: #000000;\">zu technischen Unterbrechungen kommt<\/span> <span style=\"color: #000000;\">es h\u00e4ufig im ungeeignetsten Moment. <\/span><span style=\"color: #000000;\">Und weil wir das wissen, legen wir gr\u00f6\u00dften Wert auf promptes, flexibles Reagieren. Um den Anwendern unserer Maschinen jederzeit schnell und wirksam helfen zu k\u00f6nnen und sie vor langen Stillstandszeiten zu bewahren ist unser <\/span><span style=\"color: #000000;\">Bereich Service mit besonders qualifizierten Mitarbeitern besetzt.<\/span><\/p>\n<hr \/>\n<p style=\"text-align: left;\"><a href=\"https:\/\/neue-herbold.com\/wp-content\/uploads\/2015\/03\/service_bild_messer.jpg\" target=\"_blank\"><img loading=\"lazy\" decoding=\"async\" class=\"alignleft wp-image-4925\" src=\"https:\/\/neue-herbold.com\/wp-content\/uploads\/2015\/03\/service_bild_messer-269x300.jpg\" alt=\"Service - Messer\" width=\"180\" height=\"201\" srcset=\"https:\/\/neue-herbold.com\/wp-content\/uploads\/2015\/03\/service_bild_messer-269x300.jpg 269w, https:\/\/neue-herbold.com\/wp-content\/uploads\/2015\/03\/service_bild_messer-100x112.jpg 100w, https:\/\/neue-herbold.com\/wp-content\/uploads\/2015\/03\/service_bild_messer-150x168.jpg 150w, https:\/\/neue-herbold.com\/wp-content\/uploads\/2015\/03\/service_bild_messer-200x223.jpg 200w, https:\/\/neue-herbold.com\/wp-content\/uploads\/2015\/03\/service_bild_messer-300x335.jpg 300w, https:\/\/neue-herbold.com\/wp-content\/uploads\/2015\/03\/service_bild_messer.jpg 325w\" sizes=\"(max-width: 180px) 100vw, 180px\" \/><\/a><em><strong><span style=\"color: #000000;\"><br \/>\n Die wichtigsten Aufgaben unserer Kundendienstmitarbeiter:<\/span><\/strong><\/em><\/p>\n<p style=\"text-align: left;\"><span style=\"color: #000000;\">\u25baBereitstellen von Ersatz-und <\/span><span style=\"color: #000000;\">Verschlei\u00dfteilen <br \/>\n \u00a0 (Rotormesser, <\/span><span style=\"color: #000000;\">Statormesser, Blockmesser,<\/span> <span style=\"color: #000000;\">Ersatzsiebe, &#8230;)<\/span><\/p>\n<p style=\"text-align: left;\"><span style=\"color: #000000;\">\u25ba Eine stets fachgerechte und freundliche Beratung<\/span><\/p>\n<p style=\"text-align: left;\"><span style=\"color: #000000;\">\u25ba Reparaturdienst \/ Service \/ <\/span><span style=\"color: #000000;\">Wartungsarbeiten<\/span><\/p>\n<p style=\"text-align: left;\"><span style=\"color: #000000;\">\u25ba Montagen und Inbetriebnahmen<\/span><\/p>\n<hr \/>\n<h4>Unsere Serviceleistungen:<\/h4>\n<div class=\"su-row\">\n <div class=\"su-column su-column-size-1-3\"><div class=\"su-column-inner su-u-clearfix su-u-trim\">\n<p><strong>Ersatzteile<\/strong><\/p>\n<p><img loading=\"lazy\" decoding=\"async\" class=\"alignnone wp-image-10288 size-medium\" title=\"NEUE HERBOLD Ersatzteile\" src=\"https:\/\/neue-herbold.com\/wp-content\/uploads\/2016\/09\/Schneidmuehlen-300x200.jpg\" alt=\"NEUE HERBOLD Ersatzteile\" width=\"300\" height=\"200\" srcset=\"https:\/\/neue-herbold.com\/wp-content\/uploads\/2016\/09\/Schneidmuehlen.jpg 300w, https:\/\/neue-herbold.com\/wp-content\/uploads\/2016\/09\/Schneidmuehlen-100x67.jpg 100w, https:\/\/neue-herbold.com\/wp-content\/uploads\/2016\/09\/Schneidmuehlen-150x100.jpg 150w, https:\/\/neue-herbold.com\/wp-content\/uploads\/2016\/09\/Schneidmuehlen-200x133.jpg 200w\" sizes=\"(max-width: 300px) 100vw, 300px\" \/><br \/>\n <strong>NEUE HERBOLD<\/strong> Ersatzteile<\/p>\n<a href=\"https:\/\/neue-herbold.com\/de\/ersatzteile\" class=\"su-button su-button-style-glass\" style=\"color:#FFFFFF;background-color:#001159;border-color:#000e48;border-radius:5px\" target=\"_self\"><span style=\"color:#FFFFFF;padding:0px 16px;font-size:13px;line-height:26px;border-color:#4d598b;border-radius:5px;text-shadow:none\"> Weiter&#8230;<\/span><\/a>\n<\/div><\/div>\n <div class=\"su-column su-column-size-1-3\"><div class=\"su-column-inner su-u-clearfix su-u-trim\">\n<p><strong>Zubeh\u00f6r<\/strong><\/p>\n<p><img loading=\"lazy\" decoding=\"async\" class=\"alignnone\" title=\"NEUE HERBOLD Zubeh\u00f6r\" src=\"https:\/\/neue-herbold.com\/wp-content\/uploads\/2014\/12\/Metallsuchspule-01-300x189.jpg\" alt=\"NEUE HERBOLD Zubeh\u00f6r\" width=\"300\" height=\"189\" \/><br \/>\n <strong>NEUE HERBOLD<\/strong> Zubeh\u00f6r<\/p>\n<a href=\"https:\/\/neue-herbold.com\/de\/zubehoer\/\" class=\"su-button su-button-style-glass\" style=\"color:#FFFFFF;background-color:#001159;border-color:#000e48;border-radius:5px\" target=\"_self\"><span style=\"color:#FFFFFF;padding:0px 16px;font-size:13px;line-height:26px;border-color:#4d598b;border-radius:5px;text-shadow:none\"> Weiter&#8230;<\/span><\/a>\n<\/div><\/div>\n <div class=\"su-column su-column-size-1-3\"><div class=\"su-column-inner su-u-clearfix su-u-trim\">\n<p><strong>Reparaturen<\/strong><\/p>\n<p><img loading=\"lazy\" decoding=\"async\" class=\"alignnone\" title=\"NEUE HERBOLD Reparaturen\" src=\"https:\/\/neue-herbold.com\/wp-content\/uploads\/2015\/03\/Werkzeug-wechsel-300x200.jpg\" alt=\"NEUE HERBOLD Reparaturen\" width=\"300\" height=\"200\" \/><br \/>\n <strong>NEUE HERBOLD<\/strong> Reparaturen<\/p>\n<a href=\"https:\/\/neue-herbold.com\/de\/reparaturen-von-recyclinganlagen-und-schneidmuehlen\/\" class=\"su-button su-button-style-glass\" style=\"color:#FFFFFF;background-color:#001159;border-color:#000e48;border-radius:5px\" target=\"_self\"><span style=\"color:#FFFFFF;padding:0px 16px;font-size:13px;line-height:26px;border-color:#4d598b;border-radius:5px;text-shadow:none\"> Weiter&#8230;<\/span><\/a>\n<\/div><\/div>\n <\/div>\n<hr \/>\n<h3 style=\"text-align: center;\"><strong><span style=\"color: #000000;\"><span style=\"color: #ff0000;\">UNSERE SERVICE-HOTLINE <\/span><br \/>\n <\/span><\/strong><\/h3>\n<h3 style=\"text-align: center;\"><strong><span style=\"color: #000000;\">Telefon: 07261 \/ 9248-19<\/span><\/strong><br \/>\n <strong> Telefax<span style=\"color: #000000;\">: 07261 \/ 9248-98 <\/span><\/strong><\/h3>\n<h4 style=\"text-align: center;\">oder nutzen Sie unsere Online Frageb\u00f6gen:<\/h4>\n<p style=\"text-align: center;\"><a href=\"https:\/\/neue-herbold.com\/de\/technischer-fragebogen\" class=\"su-button su-button-style-glass\" style=\"color:#FFFFFF;background-color:#001159;border-color:#000e48;border-radius:5px\" target=\"__blank\"><span style=\"color:#FFFFFF;padding:0px 16px;font-size:13px;line-height:26px;border-color:#4d598b;border-radius:5px;text-shadow:none\"> Technik<\/span><\/a> <a href=\"https:\/\/neue-herbold.com\/de\/anfragen\" class=\"su-button su-button-style-glass\" style=\"color:#FFFFFF;background-color:#001159;border-color:#000e48;border-radius:5px\" target=\"__blank\"><span style=\"color:#FFFFFF;padding:0px 16px;font-size:13px;line-height:26px;border-color:#4d598b;border-radius:5px;text-shadow:none\"> Ersatzteile<\/span><\/a>\n<p style=\"text-align: center;\">\u00a0<\/p>\n<hr \/>\n<p><span style=\"color: #000000;\"><strong>Allgemeine Informationen:<\/strong> Wenn Sie mit unserer Service-Abteilung Kontakt aufnehmen, sind Sie direkt mit einem Gespr\u00e4chspartner verbunden, der sich Ihrer Belange annimmt. Er hat Online-Zugriff auf unsere Materialwirtschaft und ist damit in der Lage, Ersatzteilbestellungen z\u00fcgig abzuwickeln. Er verf\u00fcgt \u00fcber die Kompetenz, sie in allen Fragen zu beraten, die beim Betrieb Ihrer Maschine oder Anlage auftreten k\u00f6nnen. <\/span><\/p>\n<p>Nicht alle Sch\u00e4den lassen sich vor Ort beheben. Manche Reparaturen k\u00f6nnen wir nur in unserer Service-Werkstatt durchf\u00fchren.Auf Wunsch entsenden wir Ihnen umgehend einen Monteur, der nach Untersuchung des Problems den Reparaturumfang festlegt und in Absprache mit Ihnen die geeigneten Ma\u00dfnahmen abstimmt.<\/p>\n<p><span style=\"color: #000000;\">Weitere Informationen zu diesem Thema finden Sie auch in folgendem PDF-Dokument:<br \/>\n <\/span><\/p>\n<p><a href=\"https:\/\/neue-herbold.com\/wp-content\/uploads\/2014\/12\/Neue-Herbold-Service.pdf\" target=\"_blank\"><img loading=\"lazy\" decoding=\"async\" class=\"alignnone wp-image-5703\" src=\"https:\/\/neue-herbold.com\/wp-content\/uploads\/2014\/12\/PDF-ICON.jpg\" alt=\"PDF-ICON\" width=\"50\" height=\"48\" \/><\/a><\/p>\n","protected":false},"excerpt":{"rendered":"<p><strong><span style=\"color: #000000;\">Service der NEUE HERBOLD &#8211; auf uns k\u00f6nnen Sie z\u00e4hlen! <br \/>\n <\/span><\/strong><\/p>\n<p><span style=\"color: #000000;\">Bew\u00e4hrte Standardausf\u00fchrungen oder individuelle Probleml\u00f6sungen und umfangreiche Service &#8211; Leistungen\u00a0 &#8211; f\u00fcr nahezu jeden Bedarf im Recycling von Kunststoffen bieten wir effiziente, wirtschaftliche Zerkleinerungstechnik und Aufbereitungstechnik.<\/span><\/p>\n<p><span class=\"ellipsis\">&hellip;<\/span><\/p>\n<div class=\"read-more\"><a href=\"https:\/\/neue-herbold.com\/de\/service-uebersicht\/\">Weiterlesen \u203a<\/a><\/div>\n<p><!-- end of .read-more --><\/p>\n","protected":false},"author":1,"featured_media":0,"parent":0,"menu_order":0,"comment_status":"closed","ping_status":"closed","template":"","meta":{"footnotes":""},"class_list":["post-8831","page","type-page","status-publish","hentry"],"yoast_head":"<!-- This site is optimized with the Yoast SEO plugin v25.4 - https:\/\/yoast.com\/wordpress\/plugins\/seo\/ -->\n<title>Service bei Neue Herbold GMBH Sinsheim - Deutschland<\/title>\n<meta name=\"description\" content=\"Bew\u00e4hrte Standardausf\u00fchrungen oder individuelle Probleml\u00f6sungen - f\u00fcr nahezu jeden Service Bedarf im Recycling von Kunststoffen bieten wir effiziente,\" \/>\n<meta name=\"robots\" content=\"index, follow, max-snippet:-1, max-image-preview:large, max-video-preview:-1\" \/>\n<link rel=\"canonical\" href=\"https:\/\/neue-herbold.com\/de\/service-uebersicht\/\" \/>\n<meta property=\"og:locale\" content=\"de_DE\" \/>\n<meta property=\"og:type\" content=\"article\" \/>\n<meta property=\"og:title\" content=\"Service bei Neue Herbold GMBH Sinsheim - Deutschland\" \/>\n<meta property=\"og:description\" content=\"Bew\u00e4hrte Standardausf\u00fchrungen oder individuelle Probleml\u00f6sungen - f\u00fcr nahezu jeden Service Bedarf im Recycling von Kunststoffen bieten wir effiziente,\" \/>\n<meta property=\"og:url\" content=\"https:\/\/neue-herbold.com\/de\/service-uebersicht\/\" \/>\n<meta property=\"og:site_name\" content=\"Neue Herbold GmbH\" \/>\n<meta property=\"article:modified_time\" content=\"2017-03-29T17:16:31+00:00\" \/>\n<meta property=\"og:image\" content=\"https:\/\/neue-herbold.com\/wp-content\/uploads\/2015\/03\/service_bild_messer-269x300.jpg\" \/>\n<meta name=\"twitter:label1\" content=\"Gesch\u00e4tzte Lesezeit\" \/>\n\t<meta name=\"twitter:data1\" content=\"2\u00a0Minuten\" \/>\n<script type=\"application\/ld+json\" class=\"yoast-schema-graph\">{\"@context\":\"https:\/\/schema.org\",\"@graph\":[{\"@type\":\"WebPage\",\"@id\":\"https:\/\/neue-herbold.com\/de\/service-uebersicht\/\",\"url\":\"https:\/\/neue-herbold.com\/de\/service-uebersicht\/\",\"name\":\"Service bei Neue Herbold GMBH Sinsheim - Deutschland\",\"isPartOf\":{\"@id\":\"https:\/\/neue-herbold.com\/en\/#website\"},\"primaryImageOfPage\":{\"@id\":\"https:\/\/neue-herbold.com\/de\/service-uebersicht\/#primaryimage\"},\"image\":{\"@id\":\"https:\/\/neue-herbold.com\/de\/service-uebersicht\/#primaryimage\"},\"thumbnailUrl\":\"https:\/\/neue-herbold.com\/wp-content\/uploads\/2015\/03\/service_bild_messer-269x300.jpg\",\"datePublished\":\"2016-06-05T16:10:29+00:00\",\"dateModified\":\"2017-03-29T17:16:31+00:00\",\"description\":\"Bew\u00e4hrte Standardausf\u00fchrungen oder individuelle Probleml\u00f6sungen - f\u00fcr nahezu jeden Service Bedarf im Recycling von Kunststoffen bieten wir effiziente,\",\"breadcrumb\":{\"@id\":\"https:\/\/neue-herbold.com\/de\/service-uebersicht\/#breadcrumb\"},\"inLanguage\":\"de\",\"potentialAction\":[{\"@type\":\"ReadAction\",\"target\":[\"https:\/\/neue-herbold.com\/de\/service-uebersicht\/\"]}]},{\"@type\":\"ImageObject\",\"inLanguage\":\"de\",\"@id\":\"https:\/\/neue-herbold.com\/de\/service-uebersicht\/#primaryimage\",\"url\":\"https:\/\/neue-herbold.com\/wp-content\/uploads\/2015\/03\/service_bild_messer-269x300.jpg\",\"contentUrl\":\"https:\/\/neue-herbold.com\/wp-content\/uploads\/2015\/03\/service_bild_messer-269x300.jpg\"},{\"@type\":\"BreadcrumbList\",\"@id\":\"https:\/\/neue-herbold.com\/de\/service-uebersicht\/#breadcrumb\",\"itemListElement\":[{\"@type\":\"ListItem\",\"position\":1,\"name\":\"Startseite\",\"item\":\"https:\/\/neue-herbold.com\/de\/\"},{\"@type\":\"ListItem\",\"position\":2,\"name\":\"Service\"}]},{\"@type\":\"WebSite\",\"@id\":\"https:\/\/neue-herbold.com\/en\/#website\",\"url\":\"https:\/\/neue-herbold.com\/en\/\",\"name\":\"Neue Herbold GmbH\",\"description\":\"\",\"potentialAction\":[{\"@type\":\"SearchAction\",\"target\":{\"@type\":\"EntryPoint\",\"urlTemplate\":\"https:\/\/neue-herbold.com\/en\/?s={search_term_string}\"},\"query-input\":{\"@type\":\"PropertyValueSpecification\",\"valueRequired\":true,\"valueName\":\"search_term_string\"}}],\"inLanguage\":\"de\"}]}<\/script>\n<!-- \/ Yoast SEO plugin. -->","yoast_head_json":{"title":"Service bei Neue Herbold GMBH Sinsheim - Deutschland","description":"Bew\u00e4hrte Standardausf\u00fchrungen oder individuelle Probleml\u00f6sungen - f\u00fcr nahezu jeden Service Bedarf im Recycling von Kunststoffen bieten wir effiziente,","robots":{"index":"index","follow":"follow","max-snippet":"max-snippet:-1","max-image-preview":"max-image-preview:large","max-video-preview":"max-video-preview:-1"},"canonical":"https:\/\/neue-herbold.com\/de\/service-uebersicht\/","og_locale":"de_DE","og_type":"article","og_title":"Service bei Neue Herbold GMBH Sinsheim - Deutschland","og_description":"Bew\u00e4hrte Standardausf\u00fchrungen oder individuelle Probleml\u00f6sungen - f\u00fcr nahezu jeden Service Bedarf im Recycling von Kunststoffen bieten wir effiziente,","og_url":"https:\/\/neue-herbold.com\/de\/service-uebersicht\/","og_site_name":"Neue Herbold GmbH","article_modified_time":"2017-03-29T17:16:31+00:00","og_image":[{"url":"https:\/\/neue-herbold.com\/wp-content\/uploads\/2015\/03\/service_bild_messer-269x300.jpg","type":"","width":"","height":""}],"twitter_misc":{"Gesch\u00e4tzte Lesezeit":"2\u00a0Minuten"},"schema":{"@context":"https:\/\/schema.org","@graph":[{"@type":"WebPage","@id":"https:\/\/neue-herbold.com\/de\/service-uebersicht\/","url":"https:\/\/neue-herbold.com\/de\/service-uebersicht\/","name":"Service bei Neue Herbold GMBH Sinsheim - Deutschland","isPartOf":{"@id":"https:\/\/neue-herbold.com\/en\/#website"},"primaryImageOfPage":{"@id":"https:\/\/neue-herbold.com\/de\/service-uebersicht\/#primaryimage"},"image":{"@id":"https:\/\/neue-herbold.com\/de\/service-uebersicht\/#primaryimage"},"thumbnailUrl":"https:\/\/neue-herbold.com\/wp-content\/uploads\/2015\/03\/service_bild_messer-269x300.jpg","datePublished":"2016-06-05T16:10:29+00:00","dateModified":"2017-03-29T17:16:31+00:00","description":"Bew\u00e4hrte Standardausf\u00fchrungen oder individuelle Probleml\u00f6sungen - f\u00fcr nahezu jeden Service Bedarf im Recycling von Kunststoffen bieten wir effiziente,","breadcrumb":{"@id":"https:\/\/neue-herbold.com\/de\/service-uebersicht\/#breadcrumb"},"inLanguage":"de","potentialAction":[{"@type":"ReadAction","target":["https:\/\/neue-herbold.com\/de\/service-uebersicht\/"]}]},{"@type":"ImageObject","inLanguage":"de","@id":"https:\/\/neue-herbold.com\/de\/service-uebersicht\/#primaryimage","url":"https:\/\/neue-herbold.com\/wp-content\/uploads\/2015\/03\/service_bild_messer-269x300.jpg","contentUrl":"https:\/\/neue-herbold.com\/wp-content\/uploads\/2015\/03\/service_bild_messer-269x300.jpg"},{"@type":"BreadcrumbList","@id":"https:\/\/neue-herbold.com\/de\/service-uebersicht\/#breadcrumb","itemListElement":[{"@type":"ListItem","position":1,"name":"Startseite","item":"https:\/\/neue-herbold.com\/de\/"},{"@type":"ListItem","position":2,"name":"Service"}]},{"@type":"WebSite","@id":"https:\/\/neue-herbold.com\/en\/#website","url":"https:\/\/neue-herbold.com\/en\/","name":"Neue Herbold GmbH","description":"","potentialAction":[{"@type":"SearchAction","target":{"@type":"EntryPoint","urlTemplate":"https:\/\/neue-herbold.com\/en\/?s={search_term_string}"},"query-input":{"@type":"PropertyValueSpecification","valueRequired":true,"valueName":"search_term_string"}}],"inLanguage":"de"}]}},"_links":{"self":[{"href":"https:\/\/neue-herbold.com\/de\/wp-json\/wp\/v2\/pages\/8831"}],"collection":[{"href":"https:\/\/neue-herbold.com\/de\/wp-json\/wp\/v2\/pages"}],"about":[{"href":"https:\/\/neue-herbold.com\/de\/wp-json\/wp\/v2\/types\/page"}],"author":[{"embeddable":true,"href":"https:\/\/neue-herbold.com\/de\/wp-json\/wp\/v2\/users\/1"}],"replies":[{"embeddable":true,"href":"https:\/\/neue-herbold.com\/de\/wp-json\/wp\/v2\/comments?post=8831"}],"version-history":[{"count":55,"href":"https:\/\/neue-herbold.com\/de\/wp-json\/wp\/v2\/pages\/8831\/revisions"}],"predecessor-version":[{"id":10815,"href":"https:\/\/neue-herbold.com\/de\/wp-json\/wp\/v2\/pages\/8831\/revisions\/10815"}],"wp:attachment":[{"href":"https:\/\/neue-herbold.com\/de\/wp-json\/wp\/v2\/media?parent=8831"}],"curies":[{"name":"wp","href":"https:\/\/api.w.org\/{rel}","templated":true}]}}