{"id":8774,"date":"2016-06-05T16:14:49","date_gmt":"2016-06-05T14:14:49","guid":{"rendered":"https:\/\/neue-herbold.com\/de\/?page_id=8774"},"modified":"2018-07-11T17:25:01","modified_gmt":"2018-07-11T15:25:01","slug":"reparaturen-von-recyclinganlagen-und-schneidmuehlen","status":"publish","type":"page","link":"https:\/\/neue-herbold.com\/de\/reparaturen-von-recyclinganlagen-und-schneidmuehlen\/","title":{"rendered":"Reparaturen von Recyclinganlagen und Schneidm\u00fchlen"},"content":{"rendered":"<p><span class=\"st\"><strong><a href=\"https:\/\/neue-herbold.com\/wp-content\/uploads\/2015\/03\/Werkzeug-wechsel.jpg\" target=\"_blank\" rel=\"noopener\"><img loading=\"lazy\" decoding=\"async\" class=\"alignleft wp-image-5772 size-medium\" src=\"https:\/\/neue-herbold.com\/wp-content\/uploads\/2015\/03\/Werkzeug-wechsel-300x200.jpg\" alt=\"Reparaturen von Recyclinganlagen und Schneidm\u00fchlen\" width=\"300\" height=\"200\" srcset=\"https:\/\/neue-herbold.com\/wp-content\/uploads\/2015\/03\/Werkzeug-wechsel-300x200.jpg 300w, https:\/\/neue-herbold.com\/wp-content\/uploads\/2015\/03\/Werkzeug-wechsel-1024x683.jpg 1024w, https:\/\/neue-herbold.com\/wp-content\/uploads\/2015\/03\/Werkzeug-wechsel-100x67.jpg 100w, https:\/\/neue-herbold.com\/wp-content\/uploads\/2015\/03\/Werkzeug-wechsel-150x100.jpg 150w, https:\/\/neue-herbold.com\/wp-content\/uploads\/2015\/03\/Werkzeug-wechsel-200x133.jpg 200w, https:\/\/neue-herbold.com\/wp-content\/uploads\/2015\/03\/Werkzeug-wechsel-450x300.jpg 450w, https:\/\/neue-herbold.com\/wp-content\/uploads\/2015\/03\/Werkzeug-wechsel-600x400.jpg 600w, https:\/\/neue-herbold.com\/wp-content\/uploads\/2015\/03\/Werkzeug-wechsel-900x600.jpg 900w, https:\/\/neue-herbold.com\/wp-content\/uploads\/2015\/03\/Werkzeug-wechsel.jpg 1200w\" sizes=\"(max-width: 300px) 100vw, 300px\" \/><\/a><\/strong><\/span><span style=\"color: #000000;\">Falls Ihre Maschinen Reparaturen ben\u00f6tigen sind wir kurzfristig und flexibel vor Ort um Schaden zu beheben. Ziel ist, durch umgehnde Reparaturen die Maschinenstillstand-Zeiten veringern.<br \/>\n<\/span><\/p>\n<h5><span style=\"color: #000000;\">Unser Service: Qualifizierte Reparaturen von Recyclinganlagen und Schneidm\u00fchlen<br \/>\n<\/span><\/h5>\n<p><span style=\"color: #000000;\">Je h\u00f6her die Beanspruchung von Maschinen und Anlagen, desto wichtiger der Service. Bei Maschinen, die im betrieblichen Alltag so extremen Belastungen ausgesetzt sind wie unsere Schneidm\u00fchlen und Aufbereitungsanlagen, ist Verschlei\u00df unvermeidbar, und St\u00f6rungen sind nie v\u00f6llig auszuschlie\u00dfen.<\/span><\/p>\n<p><span style=\"color: #000000;\">Unser Reparatur-Service umfasst die Nachbearbeitung sowie Umbau von mechanischen, elektrischen und hydraulischen Bestandteilen bis zu kompletten \u00dcberholung von Maschinen und Anlagen.<\/span><\/p>\n<p><span style=\"color: #000000;\">Nicht alle Sch\u00e4den lassen sich vor Ort beheben. Manche Reparaturen k\u00f6nnen daher nur in unserer Service-Werkstatt durchf\u00fchren.<\/span><\/p>\n<p><span style=\"color: #000000;\">Auf Wunsch entsenden wir Ihnen umgehend einen qualifizierten Service-Monteur, der nach Untersuchung des Problems den Reparaturumfang festlegt und in Absprache mit Ihnen die geeigneten Ma\u00dfnahmen abstimmt. Unsere Servicettechniker sind weltweit im Einsatz und sind mit allen notwendigen Werkzeugen und Ersatzteilen ausger\u00fcstet.<br \/>\n<\/span><\/p>\n<p><span style=\"color: #000000;\"><em><strong>Bitte beachten Sie:<\/strong><\/em><\/span><br \/>\n<span style=\"color: #000000;\"> Aufgrund unserer jahrelangen Erfahrung im Sektor Zerkleinerungstechnik sind wir selbstverst\u00e4ndlich auch in der Lage Service \u2013 und Reparaturen von Schneidm\u00fchlen und Recyclinganlagen auch f\u00fcr Fabrikate anderer Hersteller durchzuf\u00fchren.<\/span><\/p>\n<p><strong>Wenden Sie sich an unseren Ansprechpartner f\u00fcr den Bereich:<\/strong> <br \/>\n<a href=\"https:\/\/neue-herbold.com\/de\/kontakt\/\"><em><strong>Service, Ersatzteile, Reparatur, Montage<\/strong><\/em><\/a><\/p>\n<p><em><strong>oder nutzen Sie unseren Fragebogen: <br \/>\n<a href=\"https:\/\/neue-herbold.com\/de\/anfragen\/\">Ersatzteil, Reparatur, Wartung<\/a><\/strong><\/em><\/p>\n","protected":false},"excerpt":{"rendered":"<p><span class=\"st\"><strong><a href=\"https:\/\/neue-herbold.com\/wp-content\/uploads\/2015\/03\/Werkzeug-wechsel.jpg\" target=\"_blank\" rel=\"noopener\"><img loading=\"lazy\" decoding=\"async\" class=\"alignleft wp-image-5772 size-medium\" src=\"https:\/\/neue-herbold.com\/wp-content\/uploads\/2015\/03\/Werkzeug-wechsel-300x200.jpg\" alt=\"Reparaturen von Recyclinganlagen und Schneidm\u00fchlen\" width=\"300\" height=\"200\" srcset=\"https:\/\/neue-herbold.com\/wp-content\/uploads\/2015\/03\/Werkzeug-wechsel-300x200.jpg 300w, https:\/\/neue-herbold.com\/wp-content\/uploads\/2015\/03\/Werkzeug-wechsel-1024x683.jpg 1024w, https:\/\/neue-herbold.com\/wp-content\/uploads\/2015\/03\/Werkzeug-wechsel-100x67.jpg 100w, https:\/\/neue-herbold.com\/wp-content\/uploads\/2015\/03\/Werkzeug-wechsel-150x100.jpg 150w, https:\/\/neue-herbold.com\/wp-content\/uploads\/2015\/03\/Werkzeug-wechsel-200x133.jpg 200w, https:\/\/neue-herbold.com\/wp-content\/uploads\/2015\/03\/Werkzeug-wechsel-450x300.jpg 450w, https:\/\/neue-herbold.com\/wp-content\/uploads\/2015\/03\/Werkzeug-wechsel-600x400.jpg 600w, https:\/\/neue-herbold.com\/wp-content\/uploads\/2015\/03\/Werkzeug-wechsel-900x600.jpg 900w, https:\/\/neue-herbold.com\/wp-content\/uploads\/2015\/03\/Werkzeug-wechsel.jpg 1200w\" sizes=\"(max-width: 300px) 100vw, 300px\" \/><\/a><\/strong><\/span><span style=\"color: #000000;\">Falls Ihre Maschinen Reparaturen ben\u00f6tigen sind wir kurzfristig und flexibel vor Ort um Schaden zu beheben. Ziel ist, durch umgehnde Reparaturen die Maschinenstillstand-Zeiten veringern.<br \/>\n<\/span><\/p>\n<p><span style=\"color: #000000;\">Unser Service: Qualifizierte Reparaturen von Recyclinganlagen und Schneidm\u00fchlen<br \/>\n<\/span><\/p>\n<p><span style=\"color: #000000;\">Je h\u00f6her die Beanspruchung von Maschinen und Anlagen,<\/span><\/p>\n<p><span class=\"ellipsis\">&hellip;<\/span><\/p>\n<div class=\"read-more\"><a href=\"https:\/\/neue-herbold.com\/de\/reparaturen-von-recyclinganlagen-und-schneidmuehlen\/\">Weiterlesen \u203a<\/a><\/div>\n<p><!-- end of .read-more --><\/p>\n","protected":false},"author":1,"featured_media":0,"parent":0,"menu_order":0,"comment_status":"closed","ping_status":"closed","template":"","meta":{"footnotes":""},"class_list":["post-8774","page","type-page","status-publish","hentry"],"yoast_head":"<!-- This site is optimized with the Yoast SEO plugin v25.4 - https:\/\/yoast.com\/wordpress\/plugins\/seo\/ -->\n<title>Reparaturen von Schneidm\u00fchlen und Recyclinganlagen<\/title>\n<meta name=\"description\" content=\"Aufgrund unserer jahrelangen Erfahrung sind wir selbstverst\u00e4ndlich in der Lage Service \u2013 &amp; Reparaturen von Recyclinganlagen und Schneidm\u00fchlen auch\" \/>\n<meta name=\"robots\" content=\"index, follow, max-snippet:-1, max-image-preview:large, max-video-preview:-1\" \/>\n<link rel=\"canonical\" href=\"https:\/\/neue-herbold.com\/de\/reparaturen-von-recyclinganlagen-und-schneidmuehlen\/\" \/>\n<meta property=\"og:locale\" content=\"de_DE\" \/>\n<meta property=\"og:type\" content=\"article\" \/>\n<meta property=\"og:title\" content=\"Reparaturen von Schneidm\u00fchlen und Recyclinganlagen\" \/>\n<meta property=\"og:description\" content=\"Aufgrund unserer jahrelangen Erfahrung sind wir selbstverst\u00e4ndlich in der Lage Service \u2013 &amp; Reparaturen von Recyclinganlagen und Schneidm\u00fchlen auch\" \/>\n<meta property=\"og:url\" content=\"https:\/\/neue-herbold.com\/de\/reparaturen-von-recyclinganlagen-und-schneidmuehlen\/\" \/>\n<meta property=\"og:site_name\" content=\"Neue Herbold GmbH\" \/>\n<meta property=\"article:modified_time\" content=\"2018-07-11T15:25:01+00:00\" \/>\n<meta property=\"og:image\" content=\"https:\/\/neue-herbold.com\/wp-content\/uploads\/2015\/03\/Werkzeug-wechsel-300x200.jpg\" \/>\n<meta name=\"twitter:label1\" content=\"Gesch\u00e4tzte Lesezeit\" \/>\n\t<meta name=\"twitter:data1\" content=\"1\u00a0Minute\" \/>\n<script type=\"application\/ld+json\" class=\"yoast-schema-graph\">{\"@context\":\"https:\/\/schema.org\",\"@graph\":[{\"@type\":\"WebPage\",\"@id\":\"https:\/\/neue-herbold.com\/de\/reparaturen-von-recyclinganlagen-und-schneidmuehlen\/\",\"url\":\"https:\/\/neue-herbold.com\/de\/reparaturen-von-recyclinganlagen-und-schneidmuehlen\/\",\"name\":\"Reparaturen von Schneidm\u00fchlen und Recyclinganlagen\",\"isPartOf\":{\"@id\":\"https:\/\/neue-herbold.com\/en\/#website\"},\"primaryImageOfPage\":{\"@id\":\"https:\/\/neue-herbold.com\/de\/reparaturen-von-recyclinganlagen-und-schneidmuehlen\/#primaryimage\"},\"image\":{\"@id\":\"https:\/\/neue-herbold.com\/de\/reparaturen-von-recyclinganlagen-und-schneidmuehlen\/#primaryimage\"},\"thumbnailUrl\":\"https:\/\/neue-herbold.com\/wp-content\/uploads\/2015\/03\/Werkzeug-wechsel-300x200.jpg\",\"datePublished\":\"2016-06-05T14:14:49+00:00\",\"dateModified\":\"2018-07-11T15:25:01+00:00\",\"description\":\"Aufgrund unserer jahrelangen Erfahrung sind wir selbstverst\u00e4ndlich in der Lage Service \u2013 & Reparaturen von Recyclinganlagen und Schneidm\u00fchlen auch\",\"breadcrumb\":{\"@id\":\"https:\/\/neue-herbold.com\/de\/reparaturen-von-recyclinganlagen-und-schneidmuehlen\/#breadcrumb\"},\"inLanguage\":\"de\",\"potentialAction\":[{\"@type\":\"ReadAction\",\"target\":[\"https:\/\/neue-herbold.com\/de\/reparaturen-von-recyclinganlagen-und-schneidmuehlen\/\"]}]},{\"@type\":\"ImageObject\",\"inLanguage\":\"de\",\"@id\":\"https:\/\/neue-herbold.com\/de\/reparaturen-von-recyclinganlagen-und-schneidmuehlen\/#primaryimage\",\"url\":\"https:\/\/neue-herbold.com\/wp-content\/uploads\/2015\/03\/Werkzeug-wechsel-300x200.jpg\",\"contentUrl\":\"https:\/\/neue-herbold.com\/wp-content\/uploads\/2015\/03\/Werkzeug-wechsel-300x200.jpg\"},{\"@type\":\"BreadcrumbList\",\"@id\":\"https:\/\/neue-herbold.com\/de\/reparaturen-von-recyclinganlagen-und-schneidmuehlen\/#breadcrumb\",\"itemListElement\":[{\"@type\":\"ListItem\",\"position\":1,\"name\":\"Startseite\",\"item\":\"https:\/\/neue-herbold.com\/de\/\"},{\"@type\":\"ListItem\",\"position\":2,\"name\":\"Reparaturen von Recyclinganlagen und Schneidm\u00fchlen\"}]},{\"@type\":\"WebSite\",\"@id\":\"https:\/\/neue-herbold.com\/en\/#website\",\"url\":\"https:\/\/neue-herbold.com\/en\/\",\"name\":\"Neue Herbold GmbH\",\"description\":\"\",\"potentialAction\":[{\"@type\":\"SearchAction\",\"target\":{\"@type\":\"EntryPoint\",\"urlTemplate\":\"https:\/\/neue-herbold.com\/en\/?s={search_term_string}\"},\"query-input\":{\"@type\":\"PropertyValueSpecification\",\"valueRequired\":true,\"valueName\":\"search_term_string\"}}],\"inLanguage\":\"de\"}]}<\/script>\n<!-- \/ Yoast SEO plugin. -->","yoast_head_json":{"title":"Reparaturen von Schneidm\u00fchlen und Recyclinganlagen","description":"Aufgrund unserer jahrelangen Erfahrung sind wir selbstverst\u00e4ndlich in der Lage Service \u2013 & Reparaturen von Recyclinganlagen und Schneidm\u00fchlen auch","robots":{"index":"index","follow":"follow","max-snippet":"max-snippet:-1","max-image-preview":"max-image-preview:large","max-video-preview":"max-video-preview:-1"},"canonical":"https:\/\/neue-herbold.com\/de\/reparaturen-von-recyclinganlagen-und-schneidmuehlen\/","og_locale":"de_DE","og_type":"article","og_title":"Reparaturen von Schneidm\u00fchlen und Recyclinganlagen","og_description":"Aufgrund unserer jahrelangen Erfahrung sind wir selbstverst\u00e4ndlich in der Lage Service \u2013 & Reparaturen von Recyclinganlagen und Schneidm\u00fchlen auch","og_url":"https:\/\/neue-herbold.com\/de\/reparaturen-von-recyclinganlagen-und-schneidmuehlen\/","og_site_name":"Neue Herbold GmbH","article_modified_time":"2018-07-11T15:25:01+00:00","og_image":[{"url":"https:\/\/neue-herbold.com\/wp-content\/uploads\/2015\/03\/Werkzeug-wechsel-300x200.jpg","type":"","width":"","height":""}],"twitter_misc":{"Gesch\u00e4tzte Lesezeit":"1\u00a0Minute"},"schema":{"@context":"https:\/\/schema.org","@graph":[{"@type":"WebPage","@id":"https:\/\/neue-herbold.com\/de\/reparaturen-von-recyclinganlagen-und-schneidmuehlen\/","url":"https:\/\/neue-herbold.com\/de\/reparaturen-von-recyclinganlagen-und-schneidmuehlen\/","name":"Reparaturen von Schneidm\u00fchlen und Recyclinganlagen","isPartOf":{"@id":"https:\/\/neue-herbold.com\/en\/#website"},"primaryImageOfPage":{"@id":"https:\/\/neue-herbold.com\/de\/reparaturen-von-recyclinganlagen-und-schneidmuehlen\/#primaryimage"},"image":{"@id":"https:\/\/neue-herbold.com\/de\/reparaturen-von-recyclinganlagen-und-schneidmuehlen\/#primaryimage"},"thumbnailUrl":"https:\/\/neue-herbold.com\/wp-content\/uploads\/2015\/03\/Werkzeug-wechsel-300x200.jpg","datePublished":"2016-06-05T14:14:49+00:00","dateModified":"2018-07-11T15:25:01+00:00","description":"Aufgrund unserer jahrelangen Erfahrung sind wir selbstverst\u00e4ndlich in der Lage Service \u2013 & Reparaturen von Recyclinganlagen und Schneidm\u00fchlen auch","breadcrumb":{"@id":"https:\/\/neue-herbold.com\/de\/reparaturen-von-recyclinganlagen-und-schneidmuehlen\/#breadcrumb"},"inLanguage":"de","potentialAction":[{"@type":"ReadAction","target":["https:\/\/neue-herbold.com\/de\/reparaturen-von-recyclinganlagen-und-schneidmuehlen\/"]}]},{"@type":"ImageObject","inLanguage":"de","@id":"https:\/\/neue-herbold.com\/de\/reparaturen-von-recyclinganlagen-und-schneidmuehlen\/#primaryimage","url":"https:\/\/neue-herbold.com\/wp-content\/uploads\/2015\/03\/Werkzeug-wechsel-300x200.jpg","contentUrl":"https:\/\/neue-herbold.com\/wp-content\/uploads\/2015\/03\/Werkzeug-wechsel-300x200.jpg"},{"@type":"BreadcrumbList","@id":"https:\/\/neue-herbold.com\/de\/reparaturen-von-recyclinganlagen-und-schneidmuehlen\/#breadcrumb","itemListElement":[{"@type":"ListItem","position":1,"name":"Startseite","item":"https:\/\/neue-herbold.com\/de\/"},{"@type":"ListItem","position":2,"name":"Reparaturen von Recyclinganlagen und Schneidm\u00fchlen"}]},{"@type":"WebSite","@id":"https:\/\/neue-herbold.com\/en\/#website","url":"https:\/\/neue-herbold.com\/en\/","name":"Neue Herbold GmbH","description":"","potentialAction":[{"@type":"SearchAction","target":{"@type":"EntryPoint","urlTemplate":"https:\/\/neue-herbold.com\/en\/?s={search_term_string}"},"query-input":{"@type":"PropertyValueSpecification","valueRequired":true,"valueName":"search_term_string"}}],"inLanguage":"de"}]}},"_links":{"self":[{"href":"https:\/\/neue-herbold.com\/de\/wp-json\/wp\/v2\/pages\/8774"}],"collection":[{"href":"https:\/\/neue-herbold.com\/de\/wp-json\/wp\/v2\/pages"}],"about":[{"href":"https:\/\/neue-herbold.com\/de\/wp-json\/wp\/v2\/types\/page"}],"author":[{"embeddable":true,"href":"https:\/\/neue-herbold.com\/de\/wp-json\/wp\/v2\/users\/1"}],"replies":[{"embeddable":true,"href":"https:\/\/neue-herbold.com\/de\/wp-json\/wp\/v2\/comments?post=8774"}],"version-history":[{"count":10,"href":"https:\/\/neue-herbold.com\/de\/wp-json\/wp\/v2\/pages\/8774\/revisions"}],"predecessor-version":[{"id":11989,"href":"https:\/\/neue-herbold.com\/de\/wp-json\/wp\/v2\/pages\/8774\/revisions\/11989"}],"wp:attachment":[{"href":"https:\/\/neue-herbold.com\/de\/wp-json\/wp\/v2\/media?parent=8774"}],"curies":[{"name":"wp","href":"https:\/\/api.w.org\/{rel}","templated":true}]}}