{"id":8748,"date":"2016-06-05T15:36:45","date_gmt":"2016-06-05T13:36:45","guid":{"rendered":"https:\/\/neue-herbold.com\/de\/?page_id=8748"},"modified":"2024-10-17T17:19:41","modified_gmt":"2024-10-17T15:19:41","slug":"ersatzteile","status":"publish","type":"page","link":"https:\/\/neue-herbold.com\/de\/ersatzteile\/","title":{"rendered":"Ersatzteile"},"content":{"rendered":"<p><strong><span style=\"color: #000000;\"> Unser EDV-verwaltetes Ersatzteile- und Verschlei\u00dfteillager garantiert eine schnelle <\/span><span style=\"color: #000000;\">Abwicklung der eingehenden Kundenauftr\u00e4ge.<\/span><\/strong><\/p>\n<p><span style=\"color: #000000;\">Regelm\u00e4\u00dfig untersuchen wir den Bestand<\/span> <span style=\"color: #000000;\">auf seine G\u00e4ngigkeit, um unsere Vorr\u00e4te<\/span> <span style=\"color: #000000;\">entsprechend zu disponieren.<\/span><\/p>\n<p>F\u00fcr unsere Schneidm\u00fchlen \/ Zerkleinerungsanlagen haben wir die g\u00e4ngigsten Ersatz- und Verschlei\u00dfteile \u2013 wie z.B. Rotormesser, Statormesser, Messerdruckleisten, Siebe, Siebeinlagen, Keilriemen, Kugellager, Mahlscheiben, Zahnringe,<\/p>\n<p>Schlagh\u00e4mmer, etc. auf Lager. Sollten die ben\u00f6tigten Ersatzteile nicht auf Lager sein, bem\u00fchen wir uns, diese so kurzfristig wie m\u00f6glich f\u00fcr Sie produzieren.<\/p>\n<p><span style=\"color: #000000;\">Ersatzteile die wir am Lager haben,<\/span> <span style=\"color: #000000;\">liefern wir in der Regel noch am Tag<\/span> <span style=\"color: #000000;\">der Bestellung aus &#8211; mit Express, <\/span><span style=\"color: #000000;\">mit Luftfracht oder auf Wunsch auch<\/span> <span style=\"color: #000000;\">mit &#8222;desk-to-desk&#8220;-Kurierdiensten.<\/span><\/p>\n<table style=\"border-collapse: collapse; width: 100%;\">\n<tbody>\n<tr>\n<td style=\"width: 50%;\"><a href=\"https:\/\/neue-herbold.com\/wp-content\/uploads\/2015\/03\/service_bild_lagerhaltung.jpg\" target=\"_blank\" rel=\"noopener\"><img loading=\"lazy\" decoding=\"async\" class=\"alignleft wp-image-4924 size-medium\" src=\"https:\/\/neue-herbold.com\/wp-content\/uploads\/2015\/03\/service_bild_lagerhaltung-300x271.jpg\" alt=\"Ersatzteile - Lager\" width=\"300\" height=\"271\" srcset=\"https:\/\/neue-herbold.com\/wp-content\/uploads\/2015\/03\/service_bild_lagerhaltung-300x271.jpg 300w, https:\/\/neue-herbold.com\/wp-content\/uploads\/2015\/03\/service_bild_lagerhaltung-100x90.jpg 100w, https:\/\/neue-herbold.com\/wp-content\/uploads\/2015\/03\/service_bild_lagerhaltung-150x135.jpg 150w, https:\/\/neue-herbold.com\/wp-content\/uploads\/2015\/03\/service_bild_lagerhaltung-200x180.jpg 200w, https:\/\/neue-herbold.com\/wp-content\/uploads\/2015\/03\/service_bild_lagerhaltung.jpg 316w\" sizes=\"(max-width: 300px) 100vw, 300px\" \/><\/a><\/td>\n<td style=\"width: 50%;\">Ersatzteilelager &#8211; lagernde Rotore<\/td>\n<\/tr>\n<tr>\n<td style=\"width: 50%;\"><img loading=\"lazy\" decoding=\"async\" class=\"alignnone wp-image-13851 size-medium\" src=\"https:\/\/neue-herbold.com\/wp-content\/uploads\/2015\/03\/zahnringe_pulverizer-discs-300x225.jpg\" alt=\"\" width=\"300\" height=\"225\" srcset=\"https:\/\/neue-herbold.com\/wp-content\/uploads\/2015\/03\/zahnringe_pulverizer-discs-300x225.jpg 300w, https:\/\/neue-herbold.com\/wp-content\/uploads\/2015\/03\/zahnringe_pulverizer-discs-100x75.jpg 100w, https:\/\/neue-herbold.com\/wp-content\/uploads\/2015\/03\/zahnringe_pulverizer-discs-150x113.jpg 150w, https:\/\/neue-herbold.com\/wp-content\/uploads\/2015\/03\/zahnringe_pulverizer-discs-200x150.jpg 200w, https:\/\/neue-herbold.com\/wp-content\/uploads\/2015\/03\/zahnringe_pulverizer-discs.jpg 312w\" sizes=\"(max-width: 300px) 100vw, 300px\" \/><\/td>\n<td style=\"width: 50%;\">Mahlscheiben \/ Zahnscheiben<\/td>\n<\/tr>\n<tr>\n<td style=\"width: 50%;\"><img loading=\"lazy\" decoding=\"async\" class=\"alignnone size-medium wp-image-4926\" src=\"https:\/\/neue-herbold.com\/wp-content\/uploads\/2015\/03\/service_bild_siebe-297x300.jpg\" alt=\"\" width=\"297\" height=\"300\" srcset=\"https:\/\/neue-herbold.com\/wp-content\/uploads\/2015\/03\/service_bild_siebe-297x300.jpg 297w, https:\/\/neue-herbold.com\/wp-content\/uploads\/2015\/03\/service_bild_siebe-100x101.jpg 100w, https:\/\/neue-herbold.com\/wp-content\/uploads\/2015\/03\/service_bild_siebe-150x151.jpg 150w, https:\/\/neue-herbold.com\/wp-content\/uploads\/2015\/03\/service_bild_siebe-200x202.jpg 200w, https:\/\/neue-herbold.com\/wp-content\/uploads\/2015\/03\/service_bild_siebe-300x303.jpg 300w, https:\/\/neue-herbold.com\/wp-content\/uploads\/2015\/03\/service_bild_siebe.jpg 301w\" sizes=\"(max-width: 297px) 100vw, 297px\" \/><\/td>\n<td style=\"width: 50%;\">M\u00fchlensiebe \/ Siebeinlagen<\/td>\n<\/tr>\n<tr>\n<td style=\"width: 50%;\">\n<p><img loading=\"lazy\" decoding=\"async\" class=\"alignnone wp-image-4925 size-medium\" src=\"https:\/\/neue-herbold.com\/wp-content\/uploads\/2015\/03\/service_bild_messer-269x300.jpg\" alt=\"\" width=\"269\" height=\"300\" srcset=\"https:\/\/neue-herbold.com\/wp-content\/uploads\/2015\/03\/service_bild_messer-269x300.jpg 269w, https:\/\/neue-herbold.com\/wp-content\/uploads\/2015\/03\/service_bild_messer-100x112.jpg 100w, https:\/\/neue-herbold.com\/wp-content\/uploads\/2015\/03\/service_bild_messer-150x168.jpg 150w, https:\/\/neue-herbold.com\/wp-content\/uploads\/2015\/03\/service_bild_messer-200x223.jpg 200w, https:\/\/neue-herbold.com\/wp-content\/uploads\/2015\/03\/service_bild_messer-300x335.jpg 300w, https:\/\/neue-herbold.com\/wp-content\/uploads\/2015\/03\/service_bild_messer.jpg 325w\" sizes=\"(max-width: 269px) 100vw, 269px\" \/><\/p>\n<\/td>\n<td style=\"width: 50%;\">Messer \/ Rotormesser \/ Statormesser<\/td>\n<\/tr>\n<\/tbody>\n<\/table>\n<p><span style=\"color: #000000;\">Wenn Sie mit unserer Service-Abteilung Kontakt aufnehmen, sind Sie direkt mit einem Gespr\u00e4chspartner verbunden, der sich Ihrer Belange annimmt. Er hat Online-Zugriff auf unsere Materialwirtschaft und ist damit in der Lage, Ersatzteilbestellungen z\u00fcgig abzuwickeln. Ebenso verf\u00fcgt er \u00fcber die Kompetenz, sie in allen Fragen zu beraten, die beim Betrieb Ihrer Maschine oder Anlage auftreten k\u00f6nnen.<\/span><\/p>\n<p><strong><a href=\"https:\/\/neue-herbold.com\/de\/kontakt\/\">Liste aller Ansprechpartner bei NEUE HERBOLD<\/a><\/strong><\/p>\n<p><strong><a href=\"https:\/\/neue-herbold.com\/de\/anfragen\/\">Fragebogen: Ersatzteil \/ Reparatur \/ Wartung<\/a><\/strong><\/p>\n","protected":false},"excerpt":{"rendered":"<p><strong><span style=\"color: #000000;\"> Unser EDV-verwaltetes Ersatzteile- und Verschlei\u00dfteillager garantiert eine schnelle <\/span><span style=\"color: #000000;\">Abwicklung der eingehenden Kundenauftr\u00e4ge.<\/span><\/strong><\/p>\n<p><span style=\"color: #000000;\">Regelm\u00e4\u00dfig untersuchen wir den Bestand<\/span> <span style=\"color: #000000;\">auf seine G\u00e4ngigkeit, um unsere Vorr\u00e4te<\/span> <span style=\"color: #000000;\">entsprechend zu disponieren.<\/span><\/p>\n<p>F\u00fcr unsere Schneidm\u00fchlen \/ Zerkleinerungsanlagen haben wir die g\u00e4ngigsten Ersatz- und Verschlei\u00dfteile \u2013 wie z.B.<\/p>\n<p><span class=\"ellipsis\">&hellip;<\/span><\/p>\n<div class=\"read-more\"><a href=\"https:\/\/neue-herbold.com\/de\/ersatzteile\/\">Weiterlesen \u203a<\/a><\/div>\n<p><!-- end of .read-more --><\/p>\n","protected":false},"author":1,"featured_media":0,"parent":0,"menu_order":0,"comment_status":"closed","ping_status":"closed","template":"","meta":{"footnotes":""},"class_list":["post-8748","page","type-page","status-publish","hentry"],"yoast_head":"<!-- This site is optimized with the Yoast SEO plugin v25.4 - https:\/\/yoast.com\/wordpress\/plugins\/seo\/ -->\n<title>Ersatzteile - Neue Herbold GmbH<\/title>\n<meta name=\"description\" content=\"Ersatzteile die wir am Lager haben, liefern wir in der Regel noch am Tag der Bestellung aus - mit Express, mit Luftfracht oder auf Wunsch auch mit\" \/>\n<meta name=\"robots\" content=\"index, follow, max-snippet:-1, max-image-preview:large, max-video-preview:-1\" \/>\n<link rel=\"canonical\" href=\"https:\/\/neue-herbold.com\/de\/ersatzteile\/\" \/>\n<meta property=\"og:locale\" content=\"de_DE\" \/>\n<meta property=\"og:type\" content=\"article\" \/>\n<meta property=\"og:title\" content=\"Ersatzteile - Neue Herbold GmbH\" \/>\n<meta property=\"og:description\" content=\"Ersatzteile die wir am Lager haben, liefern wir in der Regel noch am Tag der Bestellung aus - mit Express, mit Luftfracht oder auf Wunsch auch mit\" \/>\n<meta property=\"og:url\" content=\"https:\/\/neue-herbold.com\/de\/ersatzteile\/\" \/>\n<meta property=\"og:site_name\" content=\"Neue Herbold GmbH\" \/>\n<meta property=\"article:modified_time\" content=\"2024-10-17T15:19:41+00:00\" \/>\n<meta property=\"og:image\" content=\"https:\/\/neue-herbold.com\/wp-content\/uploads\/2015\/03\/service_bild_lagerhaltung-300x271.jpg\" \/>\n<meta name=\"twitter:label1\" content=\"Gesch\u00e4tzte Lesezeit\" \/>\n\t<meta name=\"twitter:data1\" content=\"2\u00a0Minuten\" \/>\n<script type=\"application\/ld+json\" class=\"yoast-schema-graph\">{\"@context\":\"https:\/\/schema.org\",\"@graph\":[{\"@type\":\"WebPage\",\"@id\":\"https:\/\/neue-herbold.com\/de\/ersatzteile\/\",\"url\":\"https:\/\/neue-herbold.com\/de\/ersatzteile\/\",\"name\":\"Ersatzteile - Neue Herbold GmbH\",\"isPartOf\":{\"@id\":\"https:\/\/neue-herbold.com\/en\/#website\"},\"primaryImageOfPage\":{\"@id\":\"https:\/\/neue-herbold.com\/de\/ersatzteile\/#primaryimage\"},\"image\":{\"@id\":\"https:\/\/neue-herbold.com\/de\/ersatzteile\/#primaryimage\"},\"thumbnailUrl\":\"https:\/\/neue-herbold.com\/wp-content\/uploads\/2015\/03\/service_bild_lagerhaltung-300x271.jpg\",\"datePublished\":\"2016-06-05T13:36:45+00:00\",\"dateModified\":\"2024-10-17T15:19:41+00:00\",\"description\":\"Ersatzteile die wir am Lager haben, liefern wir in der Regel noch am Tag der Bestellung aus - mit Express, mit Luftfracht oder auf Wunsch auch mit\",\"breadcrumb\":{\"@id\":\"https:\/\/neue-herbold.com\/de\/ersatzteile\/#breadcrumb\"},\"inLanguage\":\"de\",\"potentialAction\":[{\"@type\":\"ReadAction\",\"target\":[\"https:\/\/neue-herbold.com\/de\/ersatzteile\/\"]}]},{\"@type\":\"ImageObject\",\"inLanguage\":\"de\",\"@id\":\"https:\/\/neue-herbold.com\/de\/ersatzteile\/#primaryimage\",\"url\":\"https:\/\/neue-herbold.com\/wp-content\/uploads\/2015\/03\/service_bild_lagerhaltung-300x271.jpg\",\"contentUrl\":\"https:\/\/neue-herbold.com\/wp-content\/uploads\/2015\/03\/service_bild_lagerhaltung-300x271.jpg\"},{\"@type\":\"BreadcrumbList\",\"@id\":\"https:\/\/neue-herbold.com\/de\/ersatzteile\/#breadcrumb\",\"itemListElement\":[{\"@type\":\"ListItem\",\"position\":1,\"name\":\"Startseite\",\"item\":\"https:\/\/neue-herbold.com\/de\/\"},{\"@type\":\"ListItem\",\"position\":2,\"name\":\"Ersatzteile\"}]},{\"@type\":\"WebSite\",\"@id\":\"https:\/\/neue-herbold.com\/en\/#website\",\"url\":\"https:\/\/neue-herbold.com\/en\/\",\"name\":\"Neue Herbold GmbH\",\"description\":\"\",\"potentialAction\":[{\"@type\":\"SearchAction\",\"target\":{\"@type\":\"EntryPoint\",\"urlTemplate\":\"https:\/\/neue-herbold.com\/en\/?s={search_term_string}\"},\"query-input\":{\"@type\":\"PropertyValueSpecification\",\"valueRequired\":true,\"valueName\":\"search_term_string\"}}],\"inLanguage\":\"de\"}]}<\/script>\n<!-- \/ Yoast SEO plugin. -->","yoast_head_json":{"title":"Ersatzteile - Neue Herbold GmbH","description":"Ersatzteile die wir am Lager haben, liefern wir in der Regel noch am Tag der Bestellung aus - mit Express, mit Luftfracht oder auf Wunsch auch mit","robots":{"index":"index","follow":"follow","max-snippet":"max-snippet:-1","max-image-preview":"max-image-preview:large","max-video-preview":"max-video-preview:-1"},"canonical":"https:\/\/neue-herbold.com\/de\/ersatzteile\/","og_locale":"de_DE","og_type":"article","og_title":"Ersatzteile - Neue Herbold GmbH","og_description":"Ersatzteile die wir am Lager haben, liefern wir in der Regel noch am Tag der Bestellung aus - mit Express, mit Luftfracht oder auf Wunsch auch mit","og_url":"https:\/\/neue-herbold.com\/de\/ersatzteile\/","og_site_name":"Neue Herbold GmbH","article_modified_time":"2024-10-17T15:19:41+00:00","og_image":[{"url":"https:\/\/neue-herbold.com\/wp-content\/uploads\/2015\/03\/service_bild_lagerhaltung-300x271.jpg","type":"","width":"","height":""}],"twitter_misc":{"Gesch\u00e4tzte Lesezeit":"2\u00a0Minuten"},"schema":{"@context":"https:\/\/schema.org","@graph":[{"@type":"WebPage","@id":"https:\/\/neue-herbold.com\/de\/ersatzteile\/","url":"https:\/\/neue-herbold.com\/de\/ersatzteile\/","name":"Ersatzteile - Neue Herbold GmbH","isPartOf":{"@id":"https:\/\/neue-herbold.com\/en\/#website"},"primaryImageOfPage":{"@id":"https:\/\/neue-herbold.com\/de\/ersatzteile\/#primaryimage"},"image":{"@id":"https:\/\/neue-herbold.com\/de\/ersatzteile\/#primaryimage"},"thumbnailUrl":"https:\/\/neue-herbold.com\/wp-content\/uploads\/2015\/03\/service_bild_lagerhaltung-300x271.jpg","datePublished":"2016-06-05T13:36:45+00:00","dateModified":"2024-10-17T15:19:41+00:00","description":"Ersatzteile die wir am Lager haben, liefern wir in der Regel noch am Tag der Bestellung aus - mit Express, mit Luftfracht oder auf Wunsch auch mit","breadcrumb":{"@id":"https:\/\/neue-herbold.com\/de\/ersatzteile\/#breadcrumb"},"inLanguage":"de","potentialAction":[{"@type":"ReadAction","target":["https:\/\/neue-herbold.com\/de\/ersatzteile\/"]}]},{"@type":"ImageObject","inLanguage":"de","@id":"https:\/\/neue-herbold.com\/de\/ersatzteile\/#primaryimage","url":"https:\/\/neue-herbold.com\/wp-content\/uploads\/2015\/03\/service_bild_lagerhaltung-300x271.jpg","contentUrl":"https:\/\/neue-herbold.com\/wp-content\/uploads\/2015\/03\/service_bild_lagerhaltung-300x271.jpg"},{"@type":"BreadcrumbList","@id":"https:\/\/neue-herbold.com\/de\/ersatzteile\/#breadcrumb","itemListElement":[{"@type":"ListItem","position":1,"name":"Startseite","item":"https:\/\/neue-herbold.com\/de\/"},{"@type":"ListItem","position":2,"name":"Ersatzteile"}]},{"@type":"WebSite","@id":"https:\/\/neue-herbold.com\/en\/#website","url":"https:\/\/neue-herbold.com\/en\/","name":"Neue Herbold GmbH","description":"","potentialAction":[{"@type":"SearchAction","target":{"@type":"EntryPoint","urlTemplate":"https:\/\/neue-herbold.com\/en\/?s={search_term_string}"},"query-input":{"@type":"PropertyValueSpecification","valueRequired":true,"valueName":"search_term_string"}}],"inLanguage":"de"}]}},"_links":{"self":[{"href":"https:\/\/neue-herbold.com\/de\/wp-json\/wp\/v2\/pages\/8748"}],"collection":[{"href":"https:\/\/neue-herbold.com\/de\/wp-json\/wp\/v2\/pages"}],"about":[{"href":"https:\/\/neue-herbold.com\/de\/wp-json\/wp\/v2\/types\/page"}],"author":[{"embeddable":true,"href":"https:\/\/neue-herbold.com\/de\/wp-json\/wp\/v2\/users\/1"}],"replies":[{"embeddable":true,"href":"https:\/\/neue-herbold.com\/de\/wp-json\/wp\/v2\/comments?post=8748"}],"version-history":[{"count":5,"href":"https:\/\/neue-herbold.com\/de\/wp-json\/wp\/v2\/pages\/8748\/revisions"}],"predecessor-version":[{"id":16444,"href":"https:\/\/neue-herbold.com\/de\/wp-json\/wp\/v2\/pages\/8748\/revisions\/16444"}],"wp:attachment":[{"href":"https:\/\/neue-herbold.com\/de\/wp-json\/wp\/v2\/media?parent=8748"}],"curies":[{"name":"wp","href":"https:\/\/api.w.org\/{rel}","templated":true}]}}