{"id":8506,"date":"2016-06-03T19:29:25","date_gmt":"2016-06-03T17:29:25","guid":{"rendered":"https:\/\/neue-herbold.com\/de\/?page_id=8506"},"modified":"2017-03-22T18:41:11","modified_gmt":"2017-03-22T17:41:11","slug":"uebersicht-baureihen-schneidmuehlen","status":"publish","type":"page","link":"https:\/\/neue-herbold.com\/de\/uebersicht-baureihen-schneidmuehlen\/","title":{"rendered":"Schneidm\u00fchlen \u00dcbersicht"},"content":{"rendered":"<h3>NEUE HERBOLD Schneidm\u00fchlen \u00dcbersicht<\/h3>\n<div class=\"textLayer\">\n<div data-canvas-width=\"771.9557933366666\"><span style=\"color: #000000;\"><strong><em>Eigenschaften und Vorteile der NEUE HERBOLD Schneidm\u00fchlen<\/em><\/strong><\/span><\/div>\n<div data-canvas-width=\"467.5679667350001\">\u00a0<\/div>\n<div data-canvas-width=\"791.632449743333\"><span style=\"color: #000000;\">Zus\u00e4tzlich zu der massiven Konstruktion sind die Aufschlagzonen unserer Schneidm\u00fchlen durch solide Stahlkonstruktionen verst\u00e4rkt. Zur Vermeidung von Br\u00fcchen bei erheblichen Belastungen werden keine Gussteile verwendet.<\/span><\/div>\n<div data-canvas-width=\"791.632449743333\">\u00a0<\/div>\n<div data-canvas-width=\"791.632449743333\"><span style=\"color: #000000;\"><em><strong>Einfacher Zugang f\u00fcr Reinigungs- und Wartungsarbeiten<\/strong><\/em><\/span><\/div>\n<\/div>\n<div data-canvas-width=\"791.632449743333\">\u00a0<\/div>\n<div data-canvas-width=\"791.632449743333\"><span style=\"color: #000000;\">Der obere Teil des Mahlraums und der Einlauftrichter sind \u00fcber eine \u00d6ffnungsvorrichtung nach hinten kippbar. Dadurch wird ein leichter Zugang zum unteren Teil des Mahlraumes geschaffen. Dort befinden sich der Rotor, die rotierenden Messer sowie die vorderen und hinteren Statormesser. Auch die einfache Zug\u00e4nglichkeit des Siebes ist dadurch gew\u00e4hrleistet.<\/span><\/div>\n<div data-canvas-width=\"791.632449743333\">\u00a0<\/div>\n<div data-canvas-width=\"791.632449743333\"><strong><a href=\"https:\/\/neue-herbold.com\/de\/schneidmuehle-lm\/\">Schneidm\u00fchlen \/ Granulatoren der Baureihe LM<\/a><\/strong><\/div>\n<ul>\n<li><span style=\"color: #000000;\">Zerkleinerung von losen Folien (z.B. in-line)<\/span><\/li>\n<li><span style=\"color: #000000;\">Zerkleinerung von Tiefziehteilen<\/span><\/li>\n<li><span style=\"color: #000000;\">Zerkleinerung von PVC-Rohren, (d\u00fcnnwandige PE-, PP-Rohre)<\/span><\/li>\n<li><span style=\"color: #000000;\">Zerkleinerung von Profilen<\/span><\/li>\n<li><span style=\"color: #000000;\">Zerkleinerung von KFZ-Sto\u00dfstangen<\/span><\/li>\n<li><span style=\"color: #000000;\">Zerkleinerung von Stanzgitterabfall<\/span><\/li>\n<li><span style=\"color: #000000;\">Zerkleinerung von Spritzgussabf\u00e4llen<\/span><\/li>\n<li><span style=\"color: #000000;\">Zerkleinerung von Kanistern<\/span><\/li>\n<\/ul>\n<div id=\"attachment_3467\" style=\"width: 290px\" class=\"wp-caption alignnone\"><a style=\"color: #0000ff;\" href=\"https:\/\/neue-herbold.com\/wp-content\/uploads\/2014\/11\/LMV-450-1000_1.jpg\" target=\"_blank\"><img loading=\"lazy\" decoding=\"async\" aria-describedby=\"caption-attachment-3467\" class=\"wp-image-3467\" src=\"https:\/\/neue-herbold.com\/wp-content\/uploads\/2014\/11\/LMV-450-1000_1-1024x965.jpg\" alt=\"Schneidm\u00fchlen \u00dcbersicht\" width=\"280\" height=\"264\" srcset=\"https:\/\/neue-herbold.com\/wp-content\/uploads\/2014\/11\/LMV-450-1000_1-1024x965.jpg 1024w, https:\/\/neue-herbold.com\/wp-content\/uploads\/2014\/11\/LMV-450-1000_1-300x283.jpg 300w, https:\/\/neue-herbold.com\/wp-content\/uploads\/2014\/11\/LMV-450-1000_1-100x94.jpg 100w, https:\/\/neue-herbold.com\/wp-content\/uploads\/2014\/11\/LMV-450-1000_1-150x141.jpg 150w, https:\/\/neue-herbold.com\/wp-content\/uploads\/2014\/11\/LMV-450-1000_1-200x188.jpg 200w, https:\/\/neue-herbold.com\/wp-content\/uploads\/2014\/11\/LMV-450-1000_1-450x424.jpg 450w, https:\/\/neue-herbold.com\/wp-content\/uploads\/2014\/11\/LMV-450-1000_1-600x566.jpg 600w, https:\/\/neue-herbold.com\/wp-content\/uploads\/2014\/11\/LMV-450-1000_1-900x849.jpg 900w, https:\/\/neue-herbold.com\/wp-content\/uploads\/2014\/11\/LMV-450-1000_1.jpg 1200w\" sizes=\"(max-width: 280px) 100vw, 280px\" \/><\/a><p id=\"caption-attachment-3467\" class=\"wp-caption-text\">LM 450 \/ 1000<\/p><\/div>\n<p><strong><a href=\"https:\/\/neue-herbold.com\/de\/schneidmuehle-sm\/\">Schneidm\u00fchlen \/ Granulatoren der Baureihe SM<\/a><\/strong><\/p>\n<ul>\n<li><span style=\"color: #000000;\">Zerkleinerung von massiven Klumpen<\/span><\/li>\n<li><span style=\"color: #000000;\">Zerkleinerung von Anfahrbrocken<\/span><\/li>\n<li><span style=\"color: #000000;\">Zerkleinerung von Kautschukballen<\/span><\/li>\n<li><span style=\"color: #000000;\">Zerkleinerung von Vollprofilen<\/span><\/li>\n<li><span style=\"color: #000000;\">Zerkleinerung von dickwandigen Platten<\/span><\/li>\n<li><span style=\"color: #000000;\">Zerkleinerung von Flaschenk\u00e4sten \/ Getr\u00e4nkek\u00e4sten<\/span><\/li>\n<li><span style=\"color: #000000;\">Zerkleinerung von PA-Fasern<\/span><\/li>\n<li><span style=\"color: #000000;\">Zerkleinerung von Folienpaketen<\/span><\/li>\n<\/ul>\n<p><span style=\"color: #000000;\">Optional erh\u00e4ltlich auch in Nassausf\u00fchrung (Nassschneidm\u00fchle \/ Waschm\u00fchle).<br \/>\n <\/span><\/p>\n<div id=\"attachment_3085\" style=\"width: 290px\" class=\"wp-caption alignnone\"><a style=\"color: #0000ff;\" href=\"https:\/\/neue-herbold.com\/wp-content\/uploads\/2014\/12\/SM1200-800-wei\u00df.jpg\" target=\"_blank\"><img loading=\"lazy\" decoding=\"async\" aria-describedby=\"caption-attachment-3085\" class=\"wp-image-3085\" src=\"https:\/\/neue-herbold.com\/wp-content\/uploads\/2014\/12\/SM1200-800-wei\u00df.jpg\" alt=\"\" width=\"280\" height=\"432\" srcset=\"https:\/\/neue-herbold.com\/wp-content\/uploads\/2014\/12\/SM1200-800-wei\u00df.jpg 583w, https:\/\/neue-herbold.com\/wp-content\/uploads\/2014\/12\/SM1200-800-wei\u00df-194x300.jpg 194w, https:\/\/neue-herbold.com\/wp-content\/uploads\/2014\/12\/SM1200-800-wei\u00df-100x154.jpg 100w, https:\/\/neue-herbold.com\/wp-content\/uploads\/2014\/12\/SM1200-800-wei\u00df-150x231.jpg 150w, https:\/\/neue-herbold.com\/wp-content\/uploads\/2014\/12\/SM1200-800-wei\u00df-200x308.jpg 200w, https:\/\/neue-herbold.com\/wp-content\/uploads\/2014\/12\/SM1200-800-wei\u00df-300x463.jpg 300w, https:\/\/neue-herbold.com\/wp-content\/uploads\/2014\/12\/SM1200-800-wei\u00df-450x694.jpg 450w\" sizes=\"(max-width: 280px) 100vw, 280px\" \/><\/a><p id=\"caption-attachment-3085\" class=\"wp-caption-text\">SM 800 \/ 1200<\/p><\/div>\n<p><strong><a href=\"https:\/\/neue-herbold.com\/de\/schneidmuehle-smv\/\">Schneidm\u00fchlen \/ Granulatoren der Baureihe SMV<\/a><\/strong><\/p>\n<ul>\n<li><span style=\"color: #000000;\">Zerkleinerung von D\u00fcnnfolien (z.B. BOPP \/ BOPET \/ PP)<\/span><\/li>\n<li><span style=\"color: #000000;\">Zerkleinerung von B\u00e4ndchengew\u00f6llen<\/span><\/li>\n<li><span style=\"color: #000000;\">Zerkleinerung von PP-Big Bag\u00b4s<\/span><\/li>\n<li><span style=\"color: #000000;\">Zerkleinerung von Folienpaketen<\/span><\/li>\n<\/ul>\n<div id=\"attachment_3469\" style=\"width: 290px\" class=\"wp-caption alignnone\"><a style=\"color: #0000ff;\" href=\"https:\/\/neue-herbold.com\/wp-content\/uploads\/2014\/11\/SMV600_1000S5_3_98IIF.jpg\" target=\"_blank\"><img loading=\"lazy\" decoding=\"async\" aria-describedby=\"caption-attachment-3469\" class=\"wp-image-3469\" src=\"https:\/\/neue-herbold.com\/wp-content\/uploads\/2014\/11\/SMV600_1000S5_3_98IIF-1024x724.jpg\" alt=\"\" width=\"280\" height=\"198\" srcset=\"https:\/\/neue-herbold.com\/wp-content\/uploads\/2014\/11\/SMV600_1000S5_3_98IIF-1024x724.jpg 1024w, https:\/\/neue-herbold.com\/wp-content\/uploads\/2014\/11\/SMV600_1000S5_3_98IIF-300x212.jpg 300w, https:\/\/neue-herbold.com\/wp-content\/uploads\/2014\/11\/SMV600_1000S5_3_98IIF-100x70.jpg 100w, https:\/\/neue-herbold.com\/wp-content\/uploads\/2014\/11\/SMV600_1000S5_3_98IIF-150x106.jpg 150w, https:\/\/neue-herbold.com\/wp-content\/uploads\/2014\/11\/SMV600_1000S5_3_98IIF-200x141.jpg 200w, https:\/\/neue-herbold.com\/wp-content\/uploads\/2014\/11\/SMV600_1000S5_3_98IIF-450x318.jpg 450w, https:\/\/neue-herbold.com\/wp-content\/uploads\/2014\/11\/SMV600_1000S5_3_98IIF-600x424.jpg 600w, https:\/\/neue-herbold.com\/wp-content\/uploads\/2014\/11\/SMV600_1000S5_3_98IIF-900x636.jpg 900w, https:\/\/neue-herbold.com\/wp-content\/uploads\/2014\/11\/SMV600_1000S5_3_98IIF.jpg 1200w\" sizes=\"(max-width: 280px) 100vw, 280px\" \/><\/a><p id=\"caption-attachment-3469\" class=\"wp-caption-text\">SMV 600 \/ 1000<\/p><\/div>\n<p><strong><a href=\"https:\/\/neue-herbold.com\/de\/schneidmuehlen-sx\/\">Schneidm\u00fchlen \/ Granulatoren der Baureihe SX<\/a><\/strong><\/p>\n<ul>\n<li><span style=\"color: #000000;\">Zerkleinerung von gro\u00dfen Mengen D\u00fcnnfolien (z.B. BOPP \/ BOPET \/ PP)<\/span><\/li>\n<li><span style=\"color: #000000;\">Zerkleinerung von B\u00e4ndchengew\u00f6llen<\/span><\/li>\n<li><span style=\"color: #000000;\">Zerkleinerung von PP-Big Bag\u00b4s<\/span><\/li>\n<li><span style=\"color: #000000;\">Zerkleinerung von Folienpaketen<\/span><\/li>\n<\/ul>\n<div id=\"attachment_3470\" style=\"width: 290px\" class=\"wp-caption alignnone\"><a style=\"color: #0000ff;\" href=\"https:\/\/neue-herbold.com\/wp-content\/uploads\/2014\/11\/SX800_1200S7_3_97IF.jpg\" target=\"_blank\"><img loading=\"lazy\" decoding=\"async\" aria-describedby=\"caption-attachment-3470\" class=\"wp-image-3470\" src=\"https:\/\/neue-herbold.com\/wp-content\/uploads\/2014\/11\/SX800_1200S7_3_97IF-722x1024.jpg\" alt=\"\" width=\"280\" height=\"397\" srcset=\"https:\/\/neue-herbold.com\/wp-content\/uploads\/2014\/11\/SX800_1200S7_3_97IF-722x1024.jpg 722w, https:\/\/neue-herbold.com\/wp-content\/uploads\/2014\/11\/SX800_1200S7_3_97IF-211x300.jpg 211w, https:\/\/neue-herbold.com\/wp-content\/uploads\/2014\/11\/SX800_1200S7_3_97IF-100x141.jpg 100w, https:\/\/neue-herbold.com\/wp-content\/uploads\/2014\/11\/SX800_1200S7_3_97IF-150x212.jpg 150w, https:\/\/neue-herbold.com\/wp-content\/uploads\/2014\/11\/SX800_1200S7_3_97IF-200x283.jpg 200w, https:\/\/neue-herbold.com\/wp-content\/uploads\/2014\/11\/SX800_1200S7_3_97IF-300x424.jpg 300w, https:\/\/neue-herbold.com\/wp-content\/uploads\/2014\/11\/SX800_1200S7_3_97IF-450x637.jpg 450w, https:\/\/neue-herbold.com\/wp-content\/uploads\/2014\/11\/SX800_1200S7_3_97IF-600x849.jpg 600w, https:\/\/neue-herbold.com\/wp-content\/uploads\/2014\/11\/SX800_1200S7_3_97IF-900x1274.jpg 900w, https:\/\/neue-herbold.com\/wp-content\/uploads\/2014\/11\/SX800_1200S7_3_97IF.jpg 1138w\" sizes=\"(max-width: 280px) 100vw, 280px\" \/><\/a><p id=\"caption-attachment-3470\" class=\"wp-caption-text\">SX 800 \/ 1200<\/p><\/div>\n<p><strong><a href=\"https:\/\/neue-herbold.com\/de\/rohr-profilmuehle-sr-lp\/\">Schneidm\u00fchlen \/ Granulatoren der Baureihe SR<\/a><\/strong><\/p>\n<ul>\n<li><span style=\"color: #000000;\">Zerkleinerung von langen Rohren <\/span><\/li>\n<li><span style=\"color: #000000;\">Zerkleinerung von langen Profilen<\/span><\/li>\n<\/ul>\n<p><span style=\"color: #000000;\">Zur Materialaufgabe k\u00f6nnen diese mit Kipptrichter oder Materialaufgabeschacht ausgestattet werden.<br \/>\n <\/span><\/p>\n<div id=\"attachment_2943\" style=\"width: 360px\" class=\"wp-caption alignnone\"><a style=\"color: #0000ff;\" href=\"https:\/\/neue-herbold.com\/wp-content\/uploads\/2014\/11\/SR800_600A4_2_98IVF.jpg\" target=\"_blank\"><img loading=\"lazy\" decoding=\"async\" aria-describedby=\"caption-attachment-2943\" class=\"wp-image-2943\" src=\"https:\/\/neue-herbold.com\/wp-content\/uploads\/2014\/11\/SR800_600A4_2_98IVF-1024x654.jpg\" alt=\"\" width=\"350\" height=\"224\" srcset=\"https:\/\/neue-herbold.com\/wp-content\/uploads\/2014\/11\/SR800_600A4_2_98IVF-1024x654.jpg 1024w, https:\/\/neue-herbold.com\/wp-content\/uploads\/2014\/11\/SR800_600A4_2_98IVF-300x191.jpg 300w, https:\/\/neue-herbold.com\/wp-content\/uploads\/2014\/11\/SR800_600A4_2_98IVF-100x63.jpg 100w, https:\/\/neue-herbold.com\/wp-content\/uploads\/2014\/11\/SR800_600A4_2_98IVF-150x95.jpg 150w, https:\/\/neue-herbold.com\/wp-content\/uploads\/2014\/11\/SR800_600A4_2_98IVF-200x127.jpg 200w, https:\/\/neue-herbold.com\/wp-content\/uploads\/2014\/11\/SR800_600A4_2_98IVF-450x287.jpg 450w, https:\/\/neue-herbold.com\/wp-content\/uploads\/2014\/11\/SR800_600A4_2_98IVF-600x383.jpg 600w, https:\/\/neue-herbold.com\/wp-content\/uploads\/2014\/11\/SR800_600A4_2_98IVF-900x575.jpg 900w, https:\/\/neue-herbold.com\/wp-content\/uploads\/2014\/11\/SR800_600A4_2_98IVF.jpg 1419w\" sizes=\"(max-width: 350px) 100vw, 350px\" \/><\/a><p id=\"caption-attachment-2943\" class=\"wp-caption-text\">SR 800 \/ 600<\/p><\/div>\n<p><strong><a href=\"https:\/\/neue-herbold.com\/de\/rohr-profilmuehle-sr-lp\/\">Schneidm\u00fchlen \/ Granulatoren der Baureihe LP\/ SP<\/a><\/strong><\/p>\n<ul>\n<li><span style=\"color: #000000;\">Zerkleinerung von Langen Profilen <\/span><\/li>\n<li><span style=\"color: #000000;\">Zerkleinerung von Fensterprofilen, etc.<\/span><\/li>\n<\/ul>\n<p><span style=\"color: #000000;\">Die Materialaufgabe ist wahlweise manuell oder mit zwangsweiser Zuf\u00fchrung \u00fcber einen Rolleneinzug lieferbar.<br \/>\n <\/span><\/p>\n<div id=\"attachment_3471\" style=\"width: 290px\" class=\"wp-caption alignnone\"><a style=\"color: #0000ff;\" href=\"https:\/\/neue-herbold.com\/wp-content\/uploads\/2014\/11\/SP450_1000F9_2_98IF1.jpg\" target=\"_blank\"><img loading=\"lazy\" decoding=\"async\" aria-describedby=\"caption-attachment-3471\" class=\"wp-image-3471\" src=\"https:\/\/neue-herbold.com\/wp-content\/uploads\/2014\/11\/SP450_1000F9_2_98IF1-999x1024.jpg\" alt=\"\" width=\"280\" height=\"287\" srcset=\"https:\/\/neue-herbold.com\/wp-content\/uploads\/2014\/11\/SP450_1000F9_2_98IF1-999x1024.jpg 999w, https:\/\/neue-herbold.com\/wp-content\/uploads\/2014\/11\/SP450_1000F9_2_98IF1-292x300.jpg 292w, https:\/\/neue-herbold.com\/wp-content\/uploads\/2014\/11\/SP450_1000F9_2_98IF1-100x102.jpg 100w, https:\/\/neue-herbold.com\/wp-content\/uploads\/2014\/11\/SP450_1000F9_2_98IF1-150x153.jpg 150w, https:\/\/neue-herbold.com\/wp-content\/uploads\/2014\/11\/SP450_1000F9_2_98IF1-200x204.jpg 200w, https:\/\/neue-herbold.com\/wp-content\/uploads\/2014\/11\/SP450_1000F9_2_98IF1-300x307.jpg 300w, https:\/\/neue-herbold.com\/wp-content\/uploads\/2014\/11\/SP450_1000F9_2_98IF1-450x460.jpg 450w, https:\/\/neue-herbold.com\/wp-content\/uploads\/2014\/11\/SP450_1000F9_2_98IF1-600x614.jpg 600w, https:\/\/neue-herbold.com\/wp-content\/uploads\/2014\/11\/SP450_1000F9_2_98IF1-900x921.jpg 900w, https:\/\/neue-herbold.com\/wp-content\/uploads\/2014\/11\/SP450_1000F9_2_98IF1.jpg 1200w\" sizes=\"(max-width: 280px) 100vw, 280px\" \/><\/a><p id=\"caption-attachment-3471\" class=\"wp-caption-text\">LP 450 \/ 1000<\/p><\/div>\n<p><a href=\"https:\/\/neue-herbold.com\/de\/mobile-zerkleinerungs-und-recyclinganlagen\/\"><strong>Mobile Zerkleinerungsanlagen und Recyclinganlagen<\/strong><\/a><\/p>\n<div id=\"attachment_2940\" style=\"width: 360px\" class=\"wp-caption alignnone\"><a style=\"color: #0000ff;\" href=\"https:\/\/neue-herbold.com\/wp-content\/uploads\/2014\/11\/mobile-anlage-2.gif\" target=\"_blank\"><img loading=\"lazy\" decoding=\"async\" aria-describedby=\"caption-attachment-2940\" class=\"wp-image-2940\" src=\"https:\/\/neue-herbold.com\/wp-content\/uploads\/2014\/11\/mobile-anlage-2.gif\" alt=\"\" width=\"350\" height=\"126\" \/><\/a><p id=\"caption-attachment-2940\" class=\"wp-caption-text\">Mobile Zerkleinerungsanlage<\/p><\/div>\n<p><a href=\"https:\/\/neue-herbold.com\/de\/verfuegbare-rotorvarianten-fuer-unsere-schneidmuehlen\/\"><strong>Rotorvarianten zu unseren Schneidm\u00fchlen \/ Granulatoren<\/strong><\/a><\/p>\n<p><a style=\"color: #0000ff;\" href=\"https:\/\/neue-herbold.com\/wp-content\/uploads\/2014\/11\/SX800_2000S9_3_97IIIF.jpg\" target=\"_blank\"><img loading=\"lazy\" decoding=\"async\" class=\"alignnone wp-image-3472\" src=\"https:\/\/neue-herbold.com\/wp-content\/uploads\/2014\/11\/SX800_2000S9_3_97IIIF-1024x740.jpg\" alt=\"\" width=\"350\" height=\"253\" srcset=\"https:\/\/neue-herbold.com\/wp-content\/uploads\/2014\/11\/SX800_2000S9_3_97IIIF-1024x740.jpg 1024w, https:\/\/neue-herbold.com\/wp-content\/uploads\/2014\/11\/SX800_2000S9_3_97IIIF-300x217.jpg 300w, https:\/\/neue-herbold.com\/wp-content\/uploads\/2014\/11\/SX800_2000S9_3_97IIIF-100x72.jpg 100w, https:\/\/neue-herbold.com\/wp-content\/uploads\/2014\/11\/SX800_2000S9_3_97IIIF-150x108.jpg 150w, https:\/\/neue-herbold.com\/wp-content\/uploads\/2014\/11\/SX800_2000S9_3_97IIIF-200x144.jpg 200w, https:\/\/neue-herbold.com\/wp-content\/uploads\/2014\/11\/SX800_2000S9_3_97IIIF-450x325.jpg 450w, https:\/\/neue-herbold.com\/wp-content\/uploads\/2014\/11\/SX800_2000S9_3_97IIIF-600x434.jpg 600w, https:\/\/neue-herbold.com\/wp-content\/uploads\/2014\/11\/SX800_2000S9_3_97IIIF-900x651.jpg 900w, https:\/\/neue-herbold.com\/wp-content\/uploads\/2014\/11\/SX800_2000S9_3_97IIIF.jpg 1200w\" sizes=\"(max-width: 350px) 100vw, 350px\" \/><\/a><\/p>\n<div data-canvas-width=\"714.2789093166663\"><em><strong>Optimierte Rotorkonstruktion<\/strong><\/em><\/div>\n<p>Je nach Aufgabestellung sind 4 unterschiedliche Rotortypen erh\u00e4ltlich. Bei anspruchsvoller Belastung wird dadurch ein Anheben oder ein Verstellen der Rotormesser vermieden.<\/p>\n<div data-canvas-width=\"801.4662084016668\">In einer austauschbaren Messerbefestigungsplatte befinden sich die Gewinde der Messerbefestigungsschrauben. Weder die Rotorsterne noch die Messerauflagen haben Gewinde.<\/div>\n<p>&nbsp;<\/p>\n<p><a href=\"https:\/\/neue-herbold.com\/wp-content\/uploads\/2014\/11\/Vorteile-NEUE-HERBOLD-Schneidmuehlen.pdf\" target=\"_blank\" rel=\"nofollow\"><img loading=\"lazy\" decoding=\"async\" class=\"alignnone wp-image-5703\" src=\"https:\/\/neue-herbold.com\/wp-content\/uploads\/2014\/12\/PDF-ICON.jpg\" alt=\"PDF-ICON\" width=\"50\" height=\"48\" \/>Vorteile der Neue Herbold Schneidm\u00fchlen<\/a><\/p>\n","protected":false},"excerpt":{"rendered":"<p>NEUE HERBOLD Schneidm\u00fchlen \u00dcbersicht<\/p>\n<div class=\"textLayer\">\n<div data-canvas-width=\"771.9557933366666\"><span style=\"color: #000000;\"><strong><em>Eigenschaften und Vorteile der NEUE HERBOLD Schneidm\u00fchlen<\/em><\/strong><\/span><\/div>\n<div data-canvas-width=\"467.5679667350001\">\u00a0<\/div>\n<div data-canvas-width=\"791.632449743333\"><span style=\"color: #000000;\">Zus\u00e4tzlich zu der massiven Konstruktion sind die Aufschlagzonen unserer Schneidm\u00fchlen durch solide Stahlkonstruktionen verst\u00e4rkt. Zur Vermeidung von Br\u00fcchen bei erheblichen Belastungen werden keine Gussteile verwendet.<\/span><\/div>\n<\/div>\n<p><span class=\"ellipsis\">&hellip;<\/span><\/p>\n<div class=\"read-more\"><a href=\"https:\/\/neue-herbold.com\/de\/uebersicht-baureihen-schneidmuehlen\/\">Weiterlesen \u203a<\/a><\/div>\n<p><!-- end of .read-more --><\/p>\n","protected":false},"author":1,"featured_media":0,"parent":0,"menu_order":0,"comment_status":"closed","ping_status":"closed","template":"","meta":{"footnotes":""},"class_list":["post-8506","page","type-page","status-publish","hentry"],"yoast_head":"<!-- This site is optimized with the Yoast SEO plugin v25.4 - https:\/\/yoast.com\/wordpress\/plugins\/seo\/ -->\n<title>Schneidm\u00fchlen \u00dcbersicht - Neue Herbold GmbH<\/title>\n<meta name=\"robots\" content=\"index, follow, max-snippet:-1, max-image-preview:large, max-video-preview:-1\" \/>\n<link rel=\"canonical\" href=\"https:\/\/neue-herbold.com\/de\/uebersicht-baureihen-schneidmuehlen\/\" \/>\n<meta property=\"og:locale\" content=\"de_DE\" \/>\n<meta property=\"og:type\" content=\"article\" \/>\n<meta property=\"og:title\" content=\"Schneidm\u00fchlen \u00dcbersicht - Neue Herbold GmbH\" \/>\n<meta property=\"og:description\" content=\"NEUE HERBOLD Schneidm\u00fchlen \u00dcbersicht Eigenschaften und Vorteile der NEUE HERBOLD Schneidm\u00fchlen \u00a0 Zus\u00e4tzlich zu der massiven Konstruktion sind die Aufschlagzonen unserer Schneidm\u00fchlen durch solide Stahlkonstruktionen verst\u00e4rkt. Zur Vermeidung von Br\u00fcchen bei erheblichen Belastungen werden keine Gussteile verwendet.&hellip;Weiterlesen \u203a\" \/>\n<meta property=\"og:url\" content=\"https:\/\/neue-herbold.com\/de\/uebersicht-baureihen-schneidmuehlen\/\" \/>\n<meta property=\"og:site_name\" content=\"Neue Herbold GmbH\" \/>\n<meta property=\"article:modified_time\" content=\"2017-03-22T17:41:11+00:00\" \/>\n<meta property=\"og:image\" content=\"https:\/\/neue-herbold.com\/wp-content\/uploads\/2014\/11\/LMV-450-1000_1-1024x965.jpg\" \/>\n<meta name=\"twitter:label1\" content=\"Gesch\u00e4tzte Lesezeit\" \/>\n\t<meta name=\"twitter:data1\" content=\"2\u00a0Minuten\" \/>\n<script type=\"application\/ld+json\" class=\"yoast-schema-graph\">{\"@context\":\"https:\/\/schema.org\",\"@graph\":[{\"@type\":\"WebPage\",\"@id\":\"https:\/\/neue-herbold.com\/de\/uebersicht-baureihen-schneidmuehlen\/\",\"url\":\"https:\/\/neue-herbold.com\/de\/uebersicht-baureihen-schneidmuehlen\/\",\"name\":\"Schneidm\u00fchlen \u00dcbersicht - Neue Herbold GmbH\",\"isPartOf\":{\"@id\":\"https:\/\/neue-herbold.com\/en\/#website\"},\"primaryImageOfPage\":{\"@id\":\"https:\/\/neue-herbold.com\/de\/uebersicht-baureihen-schneidmuehlen\/#primaryimage\"},\"image\":{\"@id\":\"https:\/\/neue-herbold.com\/de\/uebersicht-baureihen-schneidmuehlen\/#primaryimage\"},\"thumbnailUrl\":\"https:\/\/neue-herbold.com\/wp-content\/uploads\/2014\/11\/LMV-450-1000_1-1024x965.jpg\",\"datePublished\":\"2016-06-03T17:29:25+00:00\",\"dateModified\":\"2017-03-22T17:41:11+00:00\",\"breadcrumb\":{\"@id\":\"https:\/\/neue-herbold.com\/de\/uebersicht-baureihen-schneidmuehlen\/#breadcrumb\"},\"inLanguage\":\"de\",\"potentialAction\":[{\"@type\":\"ReadAction\",\"target\":[\"https:\/\/neue-herbold.com\/de\/uebersicht-baureihen-schneidmuehlen\/\"]}]},{\"@type\":\"ImageObject\",\"inLanguage\":\"de\",\"@id\":\"https:\/\/neue-herbold.com\/de\/uebersicht-baureihen-schneidmuehlen\/#primaryimage\",\"url\":\"https:\/\/neue-herbold.com\/wp-content\/uploads\/2014\/11\/LMV-450-1000_1-1024x965.jpg\",\"contentUrl\":\"https:\/\/neue-herbold.com\/wp-content\/uploads\/2014\/11\/LMV-450-1000_1-1024x965.jpg\"},{\"@type\":\"BreadcrumbList\",\"@id\":\"https:\/\/neue-herbold.com\/de\/uebersicht-baureihen-schneidmuehlen\/#breadcrumb\",\"itemListElement\":[{\"@type\":\"ListItem\",\"position\":1,\"name\":\"Startseite\",\"item\":\"https:\/\/neue-herbold.com\/de\/\"},{\"@type\":\"ListItem\",\"position\":2,\"name\":\"Schneidm\u00fchlen \u00dcbersicht\"}]},{\"@type\":\"WebSite\",\"@id\":\"https:\/\/neue-herbold.com\/en\/#website\",\"url\":\"https:\/\/neue-herbold.com\/en\/\",\"name\":\"Neue Herbold GmbH\",\"description\":\"\",\"potentialAction\":[{\"@type\":\"SearchAction\",\"target\":{\"@type\":\"EntryPoint\",\"urlTemplate\":\"https:\/\/neue-herbold.com\/en\/?s={search_term_string}\"},\"query-input\":{\"@type\":\"PropertyValueSpecification\",\"valueRequired\":true,\"valueName\":\"search_term_string\"}}],\"inLanguage\":\"de\"}]}<\/script>\n<!-- \/ Yoast SEO plugin. -->","yoast_head_json":{"title":"Schneidm\u00fchlen \u00dcbersicht - Neue Herbold GmbH","robots":{"index":"index","follow":"follow","max-snippet":"max-snippet:-1","max-image-preview":"max-image-preview:large","max-video-preview":"max-video-preview:-1"},"canonical":"https:\/\/neue-herbold.com\/de\/uebersicht-baureihen-schneidmuehlen\/","og_locale":"de_DE","og_type":"article","og_title":"Schneidm\u00fchlen \u00dcbersicht - Neue Herbold GmbH","og_description":"NEUE HERBOLD Schneidm\u00fchlen \u00dcbersicht Eigenschaften und Vorteile der NEUE HERBOLD Schneidm\u00fchlen \u00a0 Zus\u00e4tzlich zu der massiven Konstruktion sind die Aufschlagzonen unserer Schneidm\u00fchlen durch solide Stahlkonstruktionen verst\u00e4rkt. Zur Vermeidung von Br\u00fcchen bei erheblichen Belastungen werden keine Gussteile verwendet.&hellip;Weiterlesen \u203a","og_url":"https:\/\/neue-herbold.com\/de\/uebersicht-baureihen-schneidmuehlen\/","og_site_name":"Neue Herbold GmbH","article_modified_time":"2017-03-22T17:41:11+00:00","og_image":[{"url":"https:\/\/neue-herbold.com\/wp-content\/uploads\/2014\/11\/LMV-450-1000_1-1024x965.jpg","type":"","width":"","height":""}],"twitter_misc":{"Gesch\u00e4tzte Lesezeit":"2\u00a0Minuten"},"schema":{"@context":"https:\/\/schema.org","@graph":[{"@type":"WebPage","@id":"https:\/\/neue-herbold.com\/de\/uebersicht-baureihen-schneidmuehlen\/","url":"https:\/\/neue-herbold.com\/de\/uebersicht-baureihen-schneidmuehlen\/","name":"Schneidm\u00fchlen \u00dcbersicht - Neue Herbold GmbH","isPartOf":{"@id":"https:\/\/neue-herbold.com\/en\/#website"},"primaryImageOfPage":{"@id":"https:\/\/neue-herbold.com\/de\/uebersicht-baureihen-schneidmuehlen\/#primaryimage"},"image":{"@id":"https:\/\/neue-herbold.com\/de\/uebersicht-baureihen-schneidmuehlen\/#primaryimage"},"thumbnailUrl":"https:\/\/neue-herbold.com\/wp-content\/uploads\/2014\/11\/LMV-450-1000_1-1024x965.jpg","datePublished":"2016-06-03T17:29:25+00:00","dateModified":"2017-03-22T17:41:11+00:00","breadcrumb":{"@id":"https:\/\/neue-herbold.com\/de\/uebersicht-baureihen-schneidmuehlen\/#breadcrumb"},"inLanguage":"de","potentialAction":[{"@type":"ReadAction","target":["https:\/\/neue-herbold.com\/de\/uebersicht-baureihen-schneidmuehlen\/"]}]},{"@type":"ImageObject","inLanguage":"de","@id":"https:\/\/neue-herbold.com\/de\/uebersicht-baureihen-schneidmuehlen\/#primaryimage","url":"https:\/\/neue-herbold.com\/wp-content\/uploads\/2014\/11\/LMV-450-1000_1-1024x965.jpg","contentUrl":"https:\/\/neue-herbold.com\/wp-content\/uploads\/2014\/11\/LMV-450-1000_1-1024x965.jpg"},{"@type":"BreadcrumbList","@id":"https:\/\/neue-herbold.com\/de\/uebersicht-baureihen-schneidmuehlen\/#breadcrumb","itemListElement":[{"@type":"ListItem","position":1,"name":"Startseite","item":"https:\/\/neue-herbold.com\/de\/"},{"@type":"ListItem","position":2,"name":"Schneidm\u00fchlen \u00dcbersicht"}]},{"@type":"WebSite","@id":"https:\/\/neue-herbold.com\/en\/#website","url":"https:\/\/neue-herbold.com\/en\/","name":"Neue Herbold GmbH","description":"","potentialAction":[{"@type":"SearchAction","target":{"@type":"EntryPoint","urlTemplate":"https:\/\/neue-herbold.com\/en\/?s={search_term_string}"},"query-input":{"@type":"PropertyValueSpecification","valueRequired":true,"valueName":"search_term_string"}}],"inLanguage":"de"}]}},"_links":{"self":[{"href":"https:\/\/neue-herbold.com\/de\/wp-json\/wp\/v2\/pages\/8506"}],"collection":[{"href":"https:\/\/neue-herbold.com\/de\/wp-json\/wp\/v2\/pages"}],"about":[{"href":"https:\/\/neue-herbold.com\/de\/wp-json\/wp\/v2\/types\/page"}],"author":[{"embeddable":true,"href":"https:\/\/neue-herbold.com\/de\/wp-json\/wp\/v2\/users\/1"}],"replies":[{"embeddable":true,"href":"https:\/\/neue-herbold.com\/de\/wp-json\/wp\/v2\/comments?post=8506"}],"version-history":[{"count":9,"href":"https:\/\/neue-herbold.com\/de\/wp-json\/wp\/v2\/pages\/8506\/revisions"}],"predecessor-version":[{"id":10707,"href":"https:\/\/neue-herbold.com\/de\/wp-json\/wp\/v2\/pages\/8506\/revisions\/10707"}],"wp:attachment":[{"href":"https:\/\/neue-herbold.com\/de\/wp-json\/wp\/v2\/media?parent=8506"}],"curies":[{"name":"wp","href":"https:\/\/api.w.org\/{rel}","templated":true}]}}